{"id":14266,"date":"2023-10-25T16:22:27","date_gmt":"2023-10-25T14:22:27","guid":{"rendered":"https:\/\/9staedte.de\/konferenser-och-kongresser-i-celle\/"},"modified":"2025-05-08T15:35:28","modified_gmt":"2025-05-08T13:35:28","slug":"konferenser-och-kongresser-i-celle","status":"publish","type":"page","link":"https:\/\/9staedte.de\/sv\/celle-vacker-residensstad\/konferenser-och-kongresser-i-celle\/","title":{"rendered":"Konferenser och kongresser i Celle"},"content":{"rendered":"\n<h2 class=\"wp-block-heading\">Dina n\u00e4sta m\u00f6ten och kongresser i Celle<\/h2>\n\n\n\n<p>Vi inbjuder dig hj\u00e4rtligt att uppleva dina n\u00e4sta konferenser och kongresser i Celle, centrum f\u00f6r ditt evenemang. Celle med sin unika gamla korsvirkesstad och sitt slott, regionen med sitt imponerande landskap av hedar, \u00e4ngar, skogar och floder.<\/p>\n\n\n\n<p>Congress Union \u00e4r en modern och m\u00e5ngsidig konferensanl\u00e4ggning med plats f\u00f6r upp till 3.000 personer. Den perfekta platsen f\u00f6r internationella kongresser, f\u00f6retagsm\u00f6ten, st\u00e5tliga banketter eller imponerande baler. Men m\u00e5nga hotell har ocks\u00e5 konferens- och m\u00f6tesrum i olika storlekar, s\u00e5 att det finns r\u00e4tt kapacitet f\u00f6r varje aff\u00e4rsm\u00f6te.<\/p>\n\n\n\n<p>Vi hj\u00e4lper ocks\u00e5 g\u00e4rna till med planeringen av det individuella evenemangsprogrammet och boende och catering f\u00f6r g\u00e4sterna samt fritidsaktiviteterna. Oavsett om det \u00e4r p\u00e5 jobbet eller p\u00e5 fritiden, vi vill&nbsp; att ditt evenemang ska bli en framg\u00e5ng och att dina g\u00e4ster helt enkelt ska k\u00e4nna sig som hemma i Celle.<\/p>\n\n\n\n\n<div class=\"banner-wrapper\">\n  <div class=\"banner-inner \">\n      <div class=\"img-container\">\n      <div class=\"img-wrapper\">\n        <img decoding=\"async\" src=\"https:\/\/9staedte.de\/wp-content\/smush-webp\/2023\/02\/Ralves-Hof-Celle-c-Ralves-Hof.jpg.webp\" alt=\"M\u00e5nga m\u00e4nniskor sitter ute p\u00e5 vita stolar. De tittar p\u00e5 en gammal bondg\u00e5rd med r\u00f6tt tak. Det \u00e4r sommar och solen skiner. Det \u00e4r en fest, kanske ett br\u00f6llop.\" \/>\n                  <div class=\"thumbnail-label\">\n            <span>Ralves Hof Celle c) Ralves Hof<\/span>\n          <\/div>\n              <\/div>\n    <\/div>\n        <div class=\"text-container\">\n      <div class=\"content\">\n        <h3>Unsere 9 Tipps f\u00fcr Tagungen und Kongresse in Celle<\/h3>\n<p>Congress Union Celle I Thaerplatz 1 I 29221 Celle<br \/>\nDas gr\u00f6\u00dfte Tagungs- und Congresshaus in Celle mit 11 Tagungsr\u00e4umen von 18 \u2013 3000 Personen. Unmittelbar  am Rande der Altstadt gelegen  mit guten Parkm\u00f6glichkeiten und zentral zu allen Hotels.<\/p>\n<p>Ralves Hof<br \/>\nTagen und feiern im historischen Bauernhaus aus dem Jahre 1589. Den besonderen Charme des romantischen Hofes macht seine idyllische l\u00e4ndliche Lage nur 2 km entfernt von der Celler Altstadt aus.<\/p>\n<p>Der Rittersaal im Celler Schloss<br \/>\nEdler und hochherrschaftlicher geht es kaum. Der Rittersaal im Celler Schloss in sowohl f\u00fcr eine Tagung wie auch f\u00fcr eine begleitende Veranstaltung wie einen Ball bis 300 Personen ein stilvolle R\u00e4umlichkeit.<\/p>\n<p>Stadtpalais Celle<br \/>\n1 Tagungsraum f\u00fcr 2-120 Personen. Stilvoll tagen und feiern im Ambiente eines ehemaligen Offizierskasinos mit angeschlossenem Biergarten.<\/p>\n<p>Hotel F\u00fcrstenhof*****<br \/>\n72 Zimmer und Suiten, 7 Tagungsr\u00e4umen f\u00fcr 2-200 Personen. Das  Hotel der Luxus Klasse im Ambiente eines ehemaligen Barockpalais liegt zentrumsnah am Altstadtrand.<\/p>\n<p>Ringhotel Celler Tor****s<br \/>\n73 Zimmer unterschiedlicher Kategorie, 14 behinderten freundliche Zimmer, 1 behinderten gerechtes Zimmer, 15 Tagungsr\u00e4umen f\u00fcr 4-350 Personen. Das familiengef\u00fchrte First Class superior Hotel liegt im n\u00f6rdlichen Stadtteil Gro\u00df Hehlen und verf\u00fcgt auch \u00fcber behinderten- und rollstuhlgerechte Zimmer.<\/p>\n<p>Hotel Caroline Mathilde****<br \/>\n53 Zimmer, 3 Tagungsr\u00e4ume f\u00fcr 2-30 Personen. Idyllisch am Celler Weinberg gelegen, befindet sich das Hotel nur wenige Gehminuten entfernt zur Altstadt.<\/p>\n<p>InterCity Hotel***<br \/>\n121 Zimmer, 4 Tagungsr\u00e4ume f\u00fcr 2 bis 55 Personen. Mit Blick auf die Fachwerkkulisse der Celler Altstadt liegt das Komforthotel nur ein paar Minuten Fu\u00dfweg entfernt von allen Sehensw\u00fcrdigkeiten.<\/p>\n<p>Tryp Hotel Celle***<br \/>\n126 Zimmer, 3 Tagungsr\u00e4ume von 2-100 Personen. Ruhig gelegen nur ca. 2 km entfernt von der Celler Altstadt.<\/p>\n      <\/div>\n    <\/div>\n    <\/div>\n<\/div>\n\n\n\n\n<p><\/p>\n","protected":false},"excerpt":{"rendered":"<p>Dina n\u00e4sta m\u00f6ten och kongresser i Celle Vi inbjuder dig hj\u00e4rtligt att uppleva dina n\u00e4sta konferenser och kongresser i Celle, centrum f\u00f6r ditt evenemang. Celle med sin unika gamla korsvirkesstad och sitt slott, regionen med sitt imponerande landskap av hedar, \u00e4ngar, skogar och floder. Congress Union \u00e4r en modern och m\u00e5ngsidig konferensanl\u00e4ggning med plats f\u00f6r [&hellip;]<\/p>\n","protected":false},"author":1,"featured_media":14270,"parent":14588,"menu_order":0,"comment_status":"closed","ping_status":"closed","template":"pagetemplates\/template-stadtthema.php","meta":{"_acf_changed":false,"footnotes":""},"categories":[],"tags":[],"ncap_cities_tax":[428,1135],"class_list":["post-14266","page","type-page","status-publish","has-post-thumbnail","hentry","ncap_cities_tax-celle-sv","ncap_cities_tax-tagungen-und-kongresse-celle-sv"],"acf":[],"yoast_head":"<!-- This site is optimized with the Yoast SEO plugin v27.4 - https:\/\/yoast.com\/product\/yoast-seo-wordpress\/ -->\n<title>Konferenser och kongresser i Celle - 9 St\u00e4dte in Niedersachsen<\/title>\n<meta name=\"robots\" content=\"index, follow, max-snippet:-1, max-image-preview:large, max-video-preview:-1\" \/>\n<link rel=\"canonical\" href=\"https:\/\/9staedte.de\/sv\/celle-vacker-residensstad\/konferenser-och-kongresser-i-celle\/\" \/>\n<meta property=\"og:locale\" content=\"sv_SE\" \/>\n<meta property=\"og:type\" content=\"article\" \/>\n<meta property=\"og:title\" content=\"Konferenser och kongresser i Celle - 9 St\u00e4dte in Niedersachsen\" \/>\n<meta property=\"og:description\" content=\"Dina n\u00e4sta m\u00f6ten och kongresser i Celle Vi inbjuder dig hj\u00e4rtligt att uppleva dina n\u00e4sta konferenser och kongresser i Celle, centrum f\u00f6r ditt evenemang. Celle med sin unika gamla korsvirkesstad och sitt slott, regionen med sitt imponerande landskap av hedar, \u00e4ngar, skogar och floder. Congress Union \u00e4r en modern och m\u00e5ngsidig konferensanl\u00e4ggning med plats f\u00f6r [&hellip;]\" \/>\n<meta property=\"og:url\" content=\"https:\/\/9staedte.de\/sv\/celle-vacker-residensstad\/konferenser-och-kongresser-i-celle\/\" \/>\n<meta property=\"og:site_name\" content=\"9 St\u00e4dte in Niedersachsen\" \/>\n<meta property=\"article:modified_time\" content=\"2025-05-08T13:35:28+00:00\" \/>\n<meta property=\"og:image\" content=\"https:\/\/9staedte.de\/wp-content\/uploads\/2023\/02\/Congress-Union-Celle-c-Congress-Union.jpg\" \/>\n\t<meta property=\"og:image:width\" content=\"1020\" \/>\n\t<meta property=\"og:image:height\" content=\"561\" \/>\n\t<meta property=\"og:image:type\" content=\"image\/jpeg\" \/>\n<meta name=\"twitter:card\" content=\"summary_large_image\" \/>\n<meta name=\"twitter:label1\" content=\"Ber\u00e4knad l\u00e4stid\" \/>\n\t<meta name=\"twitter:data1\" content=\"1 minut\" \/>\n<script type=\"application\/ld+json\" class=\"yoast-schema-graph\">{\"@context\":\"https:\\\/\\\/schema.org\",\"@graph\":[{\"@type\":\"WebPage\",\"@id\":\"https:\\\/\\\/9staedte.de\\\/sv\\\/celle-vacker-residensstad\\\/konferenser-och-kongresser-i-celle\\\/\",\"url\":\"https:\\\/\\\/9staedte.de\\\/sv\\\/celle-vacker-residensstad\\\/konferenser-och-kongresser-i-celle\\\/\",\"name\":\"Konferenser och kongresser i Celle - 9 St\u00e4dte in Niedersachsen\",\"isPartOf\":{\"@id\":\"https:\\\/\\\/9staedte.de\\\/sv\\\/#website\"},\"primaryImageOfPage\":{\"@id\":\"https:\\\/\\\/9staedte.de\\\/sv\\\/celle-vacker-residensstad\\\/konferenser-och-kongresser-i-celle\\\/#primaryimage\"},\"image\":{\"@id\":\"https:\\\/\\\/9staedte.de\\\/sv\\\/celle-vacker-residensstad\\\/konferenser-och-kongresser-i-celle\\\/#primaryimage\"},\"thumbnailUrl\":\"https:\\\/\\\/9staedte.de\\\/wp-content\\\/uploads\\\/2023\\\/02\\\/Congress-Union-Celle-c-Congress-Union.jpg\",\"datePublished\":\"2023-10-25T14:22:27+00:00\",\"dateModified\":\"2025-05-08T13:35:28+00:00\",\"breadcrumb\":{\"@id\":\"https:\\\/\\\/9staedte.de\\\/sv\\\/celle-vacker-residensstad\\\/konferenser-och-kongresser-i-celle\\\/#breadcrumb\"},\"inLanguage\":\"sv-SE\",\"potentialAction\":[{\"@type\":\"ReadAction\",\"target\":[\"https:\\\/\\\/9staedte.de\\\/sv\\\/celle-vacker-residensstad\\\/konferenser-och-kongresser-i-celle\\\/\"]}]},{\"@type\":\"ImageObject\",\"inLanguage\":\"sv-SE\",\"@id\":\"https:\\\/\\\/9staedte.de\\\/sv\\\/celle-vacker-residensstad\\\/konferenser-och-kongresser-i-celle\\\/#primaryimage\",\"url\":\"https:\\\/\\\/9staedte.de\\\/wp-content\\\/uploads\\\/2023\\\/02\\\/Congress-Union-Celle-c-Congress-Union.jpg\",\"contentUrl\":\"https:\\\/\\\/9staedte.de\\\/wp-content\\\/uploads\\\/2023\\\/02\\\/Congress-Union-Celle-c-Congress-Union.jpg\",\"width\":1020,\"height\":561,\"caption\":\"Congress Union Celle c) Congress Union\"},{\"@type\":\"BreadcrumbList\",\"@id\":\"https:\\\/\\\/9staedte.de\\\/sv\\\/celle-vacker-residensstad\\\/konferenser-och-kongresser-i-celle\\\/#breadcrumb\",\"itemListElement\":[{\"@type\":\"ListItem\",\"position\":1,\"name\":\"Startseite\",\"item\":\"https:\\\/\\\/9staedte.de\\\/sv\\\/\"},{\"@type\":\"ListItem\",\"position\":2,\"name\":\"Celle &#8211; Vacker residensstad\",\"item\":\"https:\\\/\\\/9staedte.de\\\/sv\\\/celle-vacker-residensstad\\\/\"},{\"@type\":\"ListItem\",\"position\":3,\"name\":\"Konferenser och kongresser i Celle\"}]},{\"@type\":\"WebSite\",\"@id\":\"https:\\\/\\\/9staedte.de\\\/sv\\\/#website\",\"url\":\"https:\\\/\\\/9staedte.de\\\/sv\\\/\",\"name\":\"9 St\u00e4dte in Niedersachsen\",\"description\":\"\",\"publisher\":{\"@id\":\"https:\\\/\\\/9staedte.de\\\/sv\\\/#organization\"},\"potentialAction\":[{\"@type\":\"SearchAction\",\"target\":{\"@type\":\"EntryPoint\",\"urlTemplate\":\"https:\\\/\\\/9staedte.de\\\/sv\\\/?s={search_term_string}\"},\"query-input\":{\"@type\":\"PropertyValueSpecification\",\"valueRequired\":true,\"valueName\":\"search_term_string\"}}],\"inLanguage\":\"sv-SE\"},{\"@type\":\"Organization\",\"@id\":\"https:\\\/\\\/9staedte.de\\\/sv\\\/#organization\",\"name\":\"9 St\u00e4dte in Niedersachsen\",\"url\":\"https:\\\/\\\/9staedte.de\\\/sv\\\/\",\"logo\":{\"@type\":\"ImageObject\",\"inLanguage\":\"sv-SE\",\"@id\":\"https:\\\/\\\/9staedte.de\\\/sv\\\/#\\\/schema\\\/logo\\\/image\\\/\",\"url\":\"https:\\\/\\\/9staedte.de\\\/wp-content\\\/uploads\\\/2025\\\/01\\\/9-neg-deutsch-2-1.png\",\"contentUrl\":\"https:\\\/\\\/9staedte.de\\\/wp-content\\\/uploads\\\/2025\\\/01\\\/9-neg-deutsch-2-1.png\",\"width\":190,\"height\":114,\"caption\":\"9 St\u00e4dte in Niedersachsen\"},\"image\":{\"@id\":\"https:\\\/\\\/9staedte.de\\\/sv\\\/#\\\/schema\\\/logo\\\/image\\\/\"}}]}<\/script>\n<!-- \/ Yoast SEO plugin. -->","yoast_head_json":{"title":"Konferenser och kongresser i Celle - 9 St\u00e4dte in Niedersachsen","robots":{"index":"index","follow":"follow","max-snippet":"max-snippet:-1","max-image-preview":"max-image-preview:large","max-video-preview":"max-video-preview:-1"},"canonical":"https:\/\/9staedte.de\/sv\/celle-vacker-residensstad\/konferenser-och-kongresser-i-celle\/","og_locale":"sv_SE","og_type":"article","og_title":"Konferenser och kongresser i Celle - 9 St\u00e4dte in Niedersachsen","og_description":"Dina n\u00e4sta m\u00f6ten och kongresser i Celle Vi inbjuder dig hj\u00e4rtligt att uppleva dina n\u00e4sta konferenser och kongresser i Celle, centrum f\u00f6r ditt evenemang. Celle med sin unika gamla korsvirkesstad och sitt slott, regionen med sitt imponerande landskap av hedar, \u00e4ngar, skogar och floder. Congress Union \u00e4r en modern och m\u00e5ngsidig konferensanl\u00e4ggning med plats f\u00f6r [&hellip;]","og_url":"https:\/\/9staedte.de\/sv\/celle-vacker-residensstad\/konferenser-och-kongresser-i-celle\/","og_site_name":"9 St\u00e4dte in Niedersachsen","article_modified_time":"2025-05-08T13:35:28+00:00","og_image":[{"width":1020,"height":561,"url":"https:\/\/9staedte.de\/wp-content\/uploads\/2023\/02\/Congress-Union-Celle-c-Congress-Union.jpg","type":"image\/jpeg"}],"twitter_card":"summary_large_image","twitter_misc":{"Ber\u00e4knad l\u00e4stid":"1 minut"},"schema":{"@context":"https:\/\/schema.org","@graph":[{"@type":"WebPage","@id":"https:\/\/9staedte.de\/sv\/celle-vacker-residensstad\/konferenser-och-kongresser-i-celle\/","url":"https:\/\/9staedte.de\/sv\/celle-vacker-residensstad\/konferenser-och-kongresser-i-celle\/","name":"Konferenser och kongresser i Celle - 9 St\u00e4dte in Niedersachsen","isPartOf":{"@id":"https:\/\/9staedte.de\/sv\/#website"},"primaryImageOfPage":{"@id":"https:\/\/9staedte.de\/sv\/celle-vacker-residensstad\/konferenser-och-kongresser-i-celle\/#primaryimage"},"image":{"@id":"https:\/\/9staedte.de\/sv\/celle-vacker-residensstad\/konferenser-och-kongresser-i-celle\/#primaryimage"},"thumbnailUrl":"https:\/\/9staedte.de\/wp-content\/uploads\/2023\/02\/Congress-Union-Celle-c-Congress-Union.jpg","datePublished":"2023-10-25T14:22:27+00:00","dateModified":"2025-05-08T13:35:28+00:00","breadcrumb":{"@id":"https:\/\/9staedte.de\/sv\/celle-vacker-residensstad\/konferenser-och-kongresser-i-celle\/#breadcrumb"},"inLanguage":"sv-SE","potentialAction":[{"@type":"ReadAction","target":["https:\/\/9staedte.de\/sv\/celle-vacker-residensstad\/konferenser-och-kongresser-i-celle\/"]}]},{"@type":"ImageObject","inLanguage":"sv-SE","@id":"https:\/\/9staedte.de\/sv\/celle-vacker-residensstad\/konferenser-och-kongresser-i-celle\/#primaryimage","url":"https:\/\/9staedte.de\/wp-content\/uploads\/2023\/02\/Congress-Union-Celle-c-Congress-Union.jpg","contentUrl":"https:\/\/9staedte.de\/wp-content\/uploads\/2023\/02\/Congress-Union-Celle-c-Congress-Union.jpg","width":1020,"height":561,"caption":"Congress Union Celle c) Congress Union"},{"@type":"BreadcrumbList","@id":"https:\/\/9staedte.de\/sv\/celle-vacker-residensstad\/konferenser-och-kongresser-i-celle\/#breadcrumb","itemListElement":[{"@type":"ListItem","position":1,"name":"Startseite","item":"https:\/\/9staedte.de\/sv\/"},{"@type":"ListItem","position":2,"name":"Celle &#8211; Vacker residensstad","item":"https:\/\/9staedte.de\/sv\/celle-vacker-residensstad\/"},{"@type":"ListItem","position":3,"name":"Konferenser och kongresser i Celle"}]},{"@type":"WebSite","@id":"https:\/\/9staedte.de\/sv\/#website","url":"https:\/\/9staedte.de\/sv\/","name":"9 St\u00e4dte in Niedersachsen","description":"","publisher":{"@id":"https:\/\/9staedte.de\/sv\/#organization"},"potentialAction":[{"@type":"SearchAction","target":{"@type":"EntryPoint","urlTemplate":"https:\/\/9staedte.de\/sv\/?s={search_term_string}"},"query-input":{"@type":"PropertyValueSpecification","valueRequired":true,"valueName":"search_term_string"}}],"inLanguage":"sv-SE"},{"@type":"Organization","@id":"https:\/\/9staedte.de\/sv\/#organization","name":"9 St\u00e4dte in Niedersachsen","url":"https:\/\/9staedte.de\/sv\/","logo":{"@type":"ImageObject","inLanguage":"sv-SE","@id":"https:\/\/9staedte.de\/sv\/#\/schema\/logo\/image\/","url":"https:\/\/9staedte.de\/wp-content\/uploads\/2025\/01\/9-neg-deutsch-2-1.png","contentUrl":"https:\/\/9staedte.de\/wp-content\/uploads\/2025\/01\/9-neg-deutsch-2-1.png","width":190,"height":114,"caption":"9 St\u00e4dte in Niedersachsen"},"image":{"@id":"https:\/\/9staedte.de\/sv\/#\/schema\/logo\/image\/"}}]}},"_links":{"self":[{"href":"https:\/\/9staedte.de\/sv\/wp-json\/wp\/v2\/pages\/14266","targetHints":{"allow":["GET"]}}],"collection":[{"href":"https:\/\/9staedte.de\/sv\/wp-json\/wp\/v2\/pages"}],"about":[{"href":"https:\/\/9staedte.de\/sv\/wp-json\/wp\/v2\/types\/page"}],"author":[{"embeddable":true,"href":"https:\/\/9staedte.de\/sv\/wp-json\/wp\/v2\/users\/1"}],"replies":[{"embeddable":true,"href":"https:\/\/9staedte.de\/sv\/wp-json\/wp\/v2\/comments?post=14266"}],"version-history":[{"count":2,"href":"https:\/\/9staedte.de\/sv\/wp-json\/wp\/v2\/pages\/14266\/revisions"}],"predecessor-version":[{"id":25450,"href":"https:\/\/9staedte.de\/sv\/wp-json\/wp\/v2\/pages\/14266\/revisions\/25450"}],"up":[{"embeddable":true,"href":"https:\/\/9staedte.de\/sv\/wp-json\/wp\/v2\/pages\/14588"}],"wp:featuredmedia":[{"embeddable":true,"href":"https:\/\/9staedte.de\/sv\/wp-json\/wp\/v2\/media\/14270"}],"wp:attachment":[{"href":"https:\/\/9staedte.de\/sv\/wp-json\/wp\/v2\/media?parent=14266"}],"wp:term":[{"taxonomy":"category","embeddable":true,"href":"https:\/\/9staedte.de\/sv\/wp-json\/wp\/v2\/categories?post=14266"},{"taxonomy":"post_tag","embeddable":true,"href":"https:\/\/9staedte.de\/sv\/wp-json\/wp\/v2\/tags?post=14266"},{"taxonomy":"ncap_cities_tax","embeddable":true,"href":"https:\/\/9staedte.de\/sv\/wp-json\/wp\/v2\/ncap_cities_tax?post=14266"}],"curies":[{"name":"wp","href":"https:\/\/api.w.org\/{rel}","templated":true}]}}