{"id":14263,"date":"2023-10-25T16:23:14","date_gmt":"2023-10-25T14:23:14","guid":{"rendered":"https:\/\/9staedte.de\/goettingen-upptaeck-haallbart\/"},"modified":"2025-05-15T16:59:31","modified_gmt":"2025-05-15T14:59:31","slug":"goettingen-upptaeck-haallbart","status":"publish","type":"page","link":"https:\/\/9staedte.de\/sv\/goettingen-staden-som-skapar-kunskap\/goettingen-upptaeck-haallbart\/","title":{"rendered":"G\u00f6ttingen &#8211; uppt\u00e4ck h\u00e5llbart"},"content":{"rendered":"\n<h2 class=\"wp-block-heading\">Naturupplevelser och h\u00e5llbarhet i G\u00f6ttingen<\/h2>\n\n\n\n<p>Som en modern vetenskapsplats har G\u00f6ttingen alltid fingret p\u00e5 pulsen. Tre universitet, fem Max Planck-institut och m\u00e5nga andra forskningsinstitutioner \u00e4r st\u00e4ndigt sysselsatta med att g\u00f6ra v\u00e5ra liv mer beboeliga. Och h\u00e4r spelar naturligtvis fr\u00e5gan om h\u00e5llbarhet en alltmer avg\u00f6rande roll. Men \u00e4ven utanf\u00f6r dessa institutioner har regionen G\u00f6ttingen gjort stora framsteg under de senaste \u00e5ren. Projekt som klimatskyddsdagarna med m\u00e5nga aktiviteter p\u00e5 temat h\u00e5llbarhet har varit en del av den fasta dagboken f\u00f6r G\u00f6ttingens medborgare och deras bes\u00f6kare i flera \u00e5r. Klimatv\u00e4nlig shopping \u00e4r en sj\u00e4lvklarhet i m\u00e5nga butiker och fr\u00e4mjas av staden genom G\u00f6ttingens klimatkort.<\/p>\n\n\n\n\n<div class=\"banner-wrapper\">\n  <div class=\"banner-inner \">\n      <div class=\"img-container\">\n      <div class=\"img-wrapper\">\n        <img decoding=\"async\" src=\"https:\/\/9staedte.de\/wp-content\/smush-webp\/2023\/02\/Fair-Trade-shopping-in-Goettingen-c-Goettingen-Tourismus-und-Marketing.jpg.webp\" alt=\"Bilden visar ett gammalt korsvirkeshus med r\u00f6d fasad. P\u00e5 bottenv\u00e5ningen finns en Fair Trade-butik. Vid ing\u00e5ngen h\u00e4nger en f\u00e4rgglad korg. I skyltf\u00f6nstret finns m\u00e5nga varor.\" \/>\n                  <div class=\"thumbnail-label\">\n            <span>Fair Trade shopping in G\u00f6ttingen c) G\u00f6ttingen Marketing GmbH<\/span>\n          <\/div>\n              <\/div>\n    <\/div>\n        <div class=\"text-container\">\n      <div class=\"content\">\n        <h2>Upplev G\u00f6ttingen p\u00e5 ett h\u00e5llbart s\u00e4tt: 9 tips<\/h2>\n<p>&#8211; B\u00f6rja dagen med en vegansk frukost p\u00e5 P-Caf\u00e9<\/p>\n<p>&#8211; Shoppa p\u00e5 Contigo &#8211; FairTrade och h\u00e5llbart &#8211; en id\u00e9 fr\u00e5n G\u00f6ttingen<\/p>\n<p>&#8211; Med Recup-systemet f\u00f6r en god kaffe-to-go<\/p>\n<p>&#8211; Hyr en elcykel i G\u00f6ttingens cykelstad<\/p>\n<p>&#8211; Testa den snabba cykelv\u00e4gen fr\u00e5n j\u00e4rnv\u00e4gsstationen till stadens norra utkanter<\/p>\n<p>&#8211; Klimatv\u00e4nlig shopping i m\u00e5nga butiker med G\u00f6ttingens klimatkort<\/p>\n<p>&#8211; Njut av en uts\u00f6kt middag p\u00e5 Chay Vegan Kitchen<\/p>\n<p>&#8211; Njut av veckomarknaden med sin sydliga k\u00e4nsla och regionala produkter<\/p>\n<p>&#8211; Bes\u00f6k i den naturliga simbass\u00e4ngen i Grone<\/p>\n      <\/div>\n    <\/div>\n    <\/div>\n<\/div>\n\n\n\n\n<h2 class=\"wp-block-heading\">Upplev G\u00f6ttingen &#8211; stadsrundtur med cykel<\/h2>\n\n\n\n<p>Efter att ha rundat stadsk\u00e4rnan f\u00f6ljer rutten cykelv\u00e4gen genom gr\u00f6nomr\u00e5den och wilhelminska kvarter till m\u00e5nga G\u00f6ttingen-personligheter, med ett kort stopp vid varje. Det finns knappast n\u00e5gra stigningar p\u00e5 den rutt som erbjuds och d\u00e4rf\u00f6r \u00e4r turen l\u00e4mplig f\u00f6r alla intresserade.<\/p>\n\n\n\n<p>Varaktighet: 2 timmar, Pris: 105,- \u20ac, max. 10 deltagare per grupp<\/p>\n","protected":false},"excerpt":{"rendered":"<p>Naturupplevelser och h\u00e5llbarhet i G\u00f6ttingen Som en modern vetenskapsplats har G\u00f6ttingen alltid fingret p\u00e5 pulsen. Tre universitet, fem Max Planck-institut och m\u00e5nga andra forskningsinstitutioner \u00e4r st\u00e4ndigt sysselsatta med att g\u00f6ra v\u00e5ra liv mer beboeliga. Och h\u00e4r spelar naturligtvis fr\u00e5gan om h\u00e5llbarhet en alltmer avg\u00f6rande roll. Men \u00e4ven utanf\u00f6r dessa institutioner har regionen G\u00f6ttingen gjort stora [&hellip;]<\/p>\n","protected":false},"author":1,"featured_media":14271,"parent":14552,"menu_order":0,"comment_status":"closed","ping_status":"closed","template":"pagetemplates\/template-stadtthema.php","meta":{"_acf_changed":false,"footnotes":""},"categories":[],"tags":[],"ncap_cities_tax":[435,953],"class_list":["post-14263","page","type-page","status-publish","has-post-thumbnail","hentry","ncap_cities_tax-goettingen-sv","ncap_cities_tax-naturerlebnisse-und-nachhaltigkeit-goettingen-sv"],"acf":[],"yoast_head":"<!-- This site is optimized with the Yoast SEO plugin v27.4 - https:\/\/yoast.com\/product\/yoast-seo-wordpress\/ -->\n<title>G\u00f6ttingen - uppt\u00e4ck h\u00e5llbart - 9 St\u00e4dte in Niedersachsen<\/title>\n<meta name=\"robots\" content=\"index, follow, max-snippet:-1, max-image-preview:large, max-video-preview:-1\" \/>\n<link rel=\"canonical\" href=\"https:\/\/9staedte.de\/sv\/goettingen-staden-som-skapar-kunskap\/goettingen-upptaeck-haallbart\/\" \/>\n<meta property=\"og:locale\" content=\"sv_SE\" \/>\n<meta property=\"og:type\" content=\"article\" \/>\n<meta property=\"og:title\" content=\"G\u00f6ttingen - uppt\u00e4ck h\u00e5llbart - 9 St\u00e4dte in Niedersachsen\" \/>\n<meta property=\"og:description\" content=\"Naturupplevelser och h\u00e5llbarhet i G\u00f6ttingen Som en modern vetenskapsplats har G\u00f6ttingen alltid fingret p\u00e5 pulsen. Tre universitet, fem Max Planck-institut och m\u00e5nga andra forskningsinstitutioner \u00e4r st\u00e4ndigt sysselsatta med att g\u00f6ra v\u00e5ra liv mer beboeliga. Och h\u00e4r spelar naturligtvis fr\u00e5gan om h\u00e5llbarhet en alltmer avg\u00f6rande roll. Men \u00e4ven utanf\u00f6r dessa institutioner har regionen G\u00f6ttingen gjort stora [&hellip;]\" \/>\n<meta property=\"og:url\" content=\"https:\/\/9staedte.de\/sv\/goettingen-staden-som-skapar-kunskap\/goettingen-upptaeck-haallbart\/\" \/>\n<meta property=\"og:site_name\" content=\"9 St\u00e4dte in Niedersachsen\" \/>\n<meta property=\"article:modified_time\" content=\"2025-05-15T14:59:31+00:00\" \/>\n<meta property=\"og:image\" content=\"https:\/\/9staedte.de\/wp-content\/uploads\/2023\/02\/Goettingen_Alter_Bot._GartencChristoph_Mischke.jpg\" \/>\n\t<meta property=\"og:image:width\" content=\"1020\" \/>\n\t<meta property=\"og:image:height\" content=\"558\" \/>\n\t<meta property=\"og:image:type\" content=\"image\/jpeg\" \/>\n<meta name=\"twitter:card\" content=\"summary_large_image\" \/>\n<meta name=\"twitter:label1\" content=\"Ber\u00e4knad l\u00e4stid\" \/>\n\t<meta name=\"twitter:data1\" content=\"2 minuter\" \/>\n<script type=\"application\/ld+json\" class=\"yoast-schema-graph\">{\"@context\":\"https:\\\/\\\/schema.org\",\"@graph\":[{\"@type\":\"WebPage\",\"@id\":\"https:\\\/\\\/9staedte.de\\\/sv\\\/goettingen-staden-som-skapar-kunskap\\\/goettingen-upptaeck-haallbart\\\/\",\"url\":\"https:\\\/\\\/9staedte.de\\\/sv\\\/goettingen-staden-som-skapar-kunskap\\\/goettingen-upptaeck-haallbart\\\/\",\"name\":\"G\u00f6ttingen - uppt\u00e4ck h\u00e5llbart - 9 St\u00e4dte in Niedersachsen\",\"isPartOf\":{\"@id\":\"https:\\\/\\\/9staedte.de\\\/sv\\\/#website\"},\"primaryImageOfPage\":{\"@id\":\"https:\\\/\\\/9staedte.de\\\/sv\\\/goettingen-staden-som-skapar-kunskap\\\/goettingen-upptaeck-haallbart\\\/#primaryimage\"},\"image\":{\"@id\":\"https:\\\/\\\/9staedte.de\\\/sv\\\/goettingen-staden-som-skapar-kunskap\\\/goettingen-upptaeck-haallbart\\\/#primaryimage\"},\"thumbnailUrl\":\"https:\\\/\\\/9staedte.de\\\/wp-content\\\/uploads\\\/2023\\\/02\\\/Goettingen_Alter_Bot._GartencChristoph_Mischke.jpg\",\"datePublished\":\"2023-10-25T14:23:14+00:00\",\"dateModified\":\"2025-05-15T14:59:31+00:00\",\"breadcrumb\":{\"@id\":\"https:\\\/\\\/9staedte.de\\\/sv\\\/goettingen-staden-som-skapar-kunskap\\\/goettingen-upptaeck-haallbart\\\/#breadcrumb\"},\"inLanguage\":\"sv-SE\",\"potentialAction\":[{\"@type\":\"ReadAction\",\"target\":[\"https:\\\/\\\/9staedte.de\\\/sv\\\/goettingen-staden-som-skapar-kunskap\\\/goettingen-upptaeck-haallbart\\\/\"]}]},{\"@type\":\"ImageObject\",\"inLanguage\":\"sv-SE\",\"@id\":\"https:\\\/\\\/9staedte.de\\\/sv\\\/goettingen-staden-som-skapar-kunskap\\\/goettingen-upptaeck-haallbart\\\/#primaryimage\",\"url\":\"https:\\\/\\\/9staedte.de\\\/wp-content\\\/uploads\\\/2023\\\/02\\\/Goettingen_Alter_Bot._GartencChristoph_Mischke.jpg\",\"contentUrl\":\"https:\\\/\\\/9staedte.de\\\/wp-content\\\/uploads\\\/2023\\\/02\\\/Goettingen_Alter_Bot._GartencChristoph_Mischke.jpg\",\"width\":1020,\"height\":558,\"caption\":\"G\u00f6ttingen_Alter_Bot._Garten(c)Christoph_Mischke\"},{\"@type\":\"BreadcrumbList\",\"@id\":\"https:\\\/\\\/9staedte.de\\\/sv\\\/goettingen-staden-som-skapar-kunskap\\\/goettingen-upptaeck-haallbart\\\/#breadcrumb\",\"itemListElement\":[{\"@type\":\"ListItem\",\"position\":1,\"name\":\"Startseite\",\"item\":\"https:\\\/\\\/9staedte.de\\\/sv\\\/\"},{\"@type\":\"ListItem\",\"position\":2,\"name\":\"G\u00f6ttingen &#8211; Staden som skapar kunskap\",\"item\":\"https:\\\/\\\/9staedte.de\\\/sv\\\/goettingen-staden-som-skapar-kunskap\\\/\"},{\"@type\":\"ListItem\",\"position\":3,\"name\":\"G\u00f6ttingen &#8211; uppt\u00e4ck h\u00e5llbart\"}]},{\"@type\":\"WebSite\",\"@id\":\"https:\\\/\\\/9staedte.de\\\/sv\\\/#website\",\"url\":\"https:\\\/\\\/9staedte.de\\\/sv\\\/\",\"name\":\"9 St\u00e4dte in Niedersachsen\",\"description\":\"\",\"publisher\":{\"@id\":\"https:\\\/\\\/9staedte.de\\\/sv\\\/#organization\"},\"potentialAction\":[{\"@type\":\"SearchAction\",\"target\":{\"@type\":\"EntryPoint\",\"urlTemplate\":\"https:\\\/\\\/9staedte.de\\\/sv\\\/?s={search_term_string}\"},\"query-input\":{\"@type\":\"PropertyValueSpecification\",\"valueRequired\":true,\"valueName\":\"search_term_string\"}}],\"inLanguage\":\"sv-SE\"},{\"@type\":\"Organization\",\"@id\":\"https:\\\/\\\/9staedte.de\\\/sv\\\/#organization\",\"name\":\"9 St\u00e4dte in Niedersachsen\",\"url\":\"https:\\\/\\\/9staedte.de\\\/sv\\\/\",\"logo\":{\"@type\":\"ImageObject\",\"inLanguage\":\"sv-SE\",\"@id\":\"https:\\\/\\\/9staedte.de\\\/sv\\\/#\\\/schema\\\/logo\\\/image\\\/\",\"url\":\"https:\\\/\\\/9staedte.de\\\/wp-content\\\/uploads\\\/2025\\\/01\\\/9-neg-deutsch-2-1.png\",\"contentUrl\":\"https:\\\/\\\/9staedte.de\\\/wp-content\\\/uploads\\\/2025\\\/01\\\/9-neg-deutsch-2-1.png\",\"width\":190,\"height\":114,\"caption\":\"9 St\u00e4dte in Niedersachsen\"},\"image\":{\"@id\":\"https:\\\/\\\/9staedte.de\\\/sv\\\/#\\\/schema\\\/logo\\\/image\\\/\"}}]}<\/script>\n<!-- \/ Yoast SEO plugin. -->","yoast_head_json":{"title":"G\u00f6ttingen - uppt\u00e4ck h\u00e5llbart - 9 St\u00e4dte in Niedersachsen","robots":{"index":"index","follow":"follow","max-snippet":"max-snippet:-1","max-image-preview":"max-image-preview:large","max-video-preview":"max-video-preview:-1"},"canonical":"https:\/\/9staedte.de\/sv\/goettingen-staden-som-skapar-kunskap\/goettingen-upptaeck-haallbart\/","og_locale":"sv_SE","og_type":"article","og_title":"G\u00f6ttingen - uppt\u00e4ck h\u00e5llbart - 9 St\u00e4dte in Niedersachsen","og_description":"Naturupplevelser och h\u00e5llbarhet i G\u00f6ttingen Som en modern vetenskapsplats har G\u00f6ttingen alltid fingret p\u00e5 pulsen. Tre universitet, fem Max Planck-institut och m\u00e5nga andra forskningsinstitutioner \u00e4r st\u00e4ndigt sysselsatta med att g\u00f6ra v\u00e5ra liv mer beboeliga. Och h\u00e4r spelar naturligtvis fr\u00e5gan om h\u00e5llbarhet en alltmer avg\u00f6rande roll. Men \u00e4ven utanf\u00f6r dessa institutioner har regionen G\u00f6ttingen gjort stora [&hellip;]","og_url":"https:\/\/9staedte.de\/sv\/goettingen-staden-som-skapar-kunskap\/goettingen-upptaeck-haallbart\/","og_site_name":"9 St\u00e4dte in Niedersachsen","article_modified_time":"2025-05-15T14:59:31+00:00","og_image":[{"width":1020,"height":558,"url":"https:\/\/9staedte.de\/wp-content\/uploads\/2023\/02\/Goettingen_Alter_Bot._GartencChristoph_Mischke.jpg","type":"image\/jpeg"}],"twitter_card":"summary_large_image","twitter_misc":{"Ber\u00e4knad l\u00e4stid":"2 minuter"},"schema":{"@context":"https:\/\/schema.org","@graph":[{"@type":"WebPage","@id":"https:\/\/9staedte.de\/sv\/goettingen-staden-som-skapar-kunskap\/goettingen-upptaeck-haallbart\/","url":"https:\/\/9staedte.de\/sv\/goettingen-staden-som-skapar-kunskap\/goettingen-upptaeck-haallbart\/","name":"G\u00f6ttingen - uppt\u00e4ck h\u00e5llbart - 9 St\u00e4dte in Niedersachsen","isPartOf":{"@id":"https:\/\/9staedte.de\/sv\/#website"},"primaryImageOfPage":{"@id":"https:\/\/9staedte.de\/sv\/goettingen-staden-som-skapar-kunskap\/goettingen-upptaeck-haallbart\/#primaryimage"},"image":{"@id":"https:\/\/9staedte.de\/sv\/goettingen-staden-som-skapar-kunskap\/goettingen-upptaeck-haallbart\/#primaryimage"},"thumbnailUrl":"https:\/\/9staedte.de\/wp-content\/uploads\/2023\/02\/Goettingen_Alter_Bot._GartencChristoph_Mischke.jpg","datePublished":"2023-10-25T14:23:14+00:00","dateModified":"2025-05-15T14:59:31+00:00","breadcrumb":{"@id":"https:\/\/9staedte.de\/sv\/goettingen-staden-som-skapar-kunskap\/goettingen-upptaeck-haallbart\/#breadcrumb"},"inLanguage":"sv-SE","potentialAction":[{"@type":"ReadAction","target":["https:\/\/9staedte.de\/sv\/goettingen-staden-som-skapar-kunskap\/goettingen-upptaeck-haallbart\/"]}]},{"@type":"ImageObject","inLanguage":"sv-SE","@id":"https:\/\/9staedte.de\/sv\/goettingen-staden-som-skapar-kunskap\/goettingen-upptaeck-haallbart\/#primaryimage","url":"https:\/\/9staedte.de\/wp-content\/uploads\/2023\/02\/Goettingen_Alter_Bot._GartencChristoph_Mischke.jpg","contentUrl":"https:\/\/9staedte.de\/wp-content\/uploads\/2023\/02\/Goettingen_Alter_Bot._GartencChristoph_Mischke.jpg","width":1020,"height":558,"caption":"G\u00f6ttingen_Alter_Bot._Garten(c)Christoph_Mischke"},{"@type":"BreadcrumbList","@id":"https:\/\/9staedte.de\/sv\/goettingen-staden-som-skapar-kunskap\/goettingen-upptaeck-haallbart\/#breadcrumb","itemListElement":[{"@type":"ListItem","position":1,"name":"Startseite","item":"https:\/\/9staedte.de\/sv\/"},{"@type":"ListItem","position":2,"name":"G\u00f6ttingen &#8211; Staden som skapar kunskap","item":"https:\/\/9staedte.de\/sv\/goettingen-staden-som-skapar-kunskap\/"},{"@type":"ListItem","position":3,"name":"G\u00f6ttingen &#8211; uppt\u00e4ck h\u00e5llbart"}]},{"@type":"WebSite","@id":"https:\/\/9staedte.de\/sv\/#website","url":"https:\/\/9staedte.de\/sv\/","name":"9 St\u00e4dte in Niedersachsen","description":"","publisher":{"@id":"https:\/\/9staedte.de\/sv\/#organization"},"potentialAction":[{"@type":"SearchAction","target":{"@type":"EntryPoint","urlTemplate":"https:\/\/9staedte.de\/sv\/?s={search_term_string}"},"query-input":{"@type":"PropertyValueSpecification","valueRequired":true,"valueName":"search_term_string"}}],"inLanguage":"sv-SE"},{"@type":"Organization","@id":"https:\/\/9staedte.de\/sv\/#organization","name":"9 St\u00e4dte in Niedersachsen","url":"https:\/\/9staedte.de\/sv\/","logo":{"@type":"ImageObject","inLanguage":"sv-SE","@id":"https:\/\/9staedte.de\/sv\/#\/schema\/logo\/image\/","url":"https:\/\/9staedte.de\/wp-content\/uploads\/2025\/01\/9-neg-deutsch-2-1.png","contentUrl":"https:\/\/9staedte.de\/wp-content\/uploads\/2025\/01\/9-neg-deutsch-2-1.png","width":190,"height":114,"caption":"9 St\u00e4dte in Niedersachsen"},"image":{"@id":"https:\/\/9staedte.de\/sv\/#\/schema\/logo\/image\/"}}]}},"_links":{"self":[{"href":"https:\/\/9staedte.de\/sv\/wp-json\/wp\/v2\/pages\/14263","targetHints":{"allow":["GET"]}}],"collection":[{"href":"https:\/\/9staedte.de\/sv\/wp-json\/wp\/v2\/pages"}],"about":[{"href":"https:\/\/9staedte.de\/sv\/wp-json\/wp\/v2\/types\/page"}],"author":[{"embeddable":true,"href":"https:\/\/9staedte.de\/sv\/wp-json\/wp\/v2\/users\/1"}],"replies":[{"embeddable":true,"href":"https:\/\/9staedte.de\/sv\/wp-json\/wp\/v2\/comments?post=14263"}],"version-history":[{"count":5,"href":"https:\/\/9staedte.de\/sv\/wp-json\/wp\/v2\/pages\/14263\/revisions"}],"predecessor-version":[{"id":25877,"href":"https:\/\/9staedte.de\/sv\/wp-json\/wp\/v2\/pages\/14263\/revisions\/25877"}],"up":[{"embeddable":true,"href":"https:\/\/9staedte.de\/sv\/wp-json\/wp\/v2\/pages\/14552"}],"wp:featuredmedia":[{"embeddable":true,"href":"https:\/\/9staedte.de\/sv\/wp-json\/wp\/v2\/media\/14271"}],"wp:attachment":[{"href":"https:\/\/9staedte.de\/sv\/wp-json\/wp\/v2\/media?parent=14263"}],"wp:term":[{"taxonomy":"category","embeddable":true,"href":"https:\/\/9staedte.de\/sv\/wp-json\/wp\/v2\/categories?post=14263"},{"taxonomy":"post_tag","embeddable":true,"href":"https:\/\/9staedte.de\/sv\/wp-json\/wp\/v2\/tags?post=14263"},{"taxonomy":"ncap_cities_tax","embeddable":true,"href":"https:\/\/9staedte.de\/sv\/wp-json\/wp\/v2\/ncap_cities_tax?post=14263"}],"curies":[{"name":"wp","href":"https:\/\/api.w.org\/{rel}","templated":true}]}}