{"id":14261,"date":"2023-10-25T16:23:14","date_gmt":"2023-10-25T14:23:14","guid":{"rendered":"https:\/\/9staedte.de\/information-om-reseledare-och-utflykter-i-goettingen\/"},"modified":"2025-05-15T17:30:41","modified_gmt":"2025-05-15T15:30:41","slug":"information-om-reseledare-och-utflykter-i-goettingen","status":"publish","type":"page","link":"https:\/\/9staedte.de\/sv\/goettingen-staden-som-skapar-kunskap\/information-om-reseledare-och-utflykter-i-goettingen\/","title":{"rendered":"Information om reseledare och utflykter i G\u00f6ttingen"},"content":{"rendered":"\n<h2 class=\"wp-block-heading\">Kontakt reseledare och utflykter G\u00f6ttingen:<\/h2>\n\n\n\n<h3 class=\"wp-block-heading\">Dagsturer<\/h3>\n\n\n\n<h4 class=\"wp-block-heading\">Rundresa i Weserbergland<\/h4>\n\n\n\n<p>V\u00e4ster om G\u00f6ttingen str\u00e4cker sig regionen Weserbergland med sina m\u00e5nga sev\u00e4rdheter. Bes\u00f6k treflodsstaden Hann. M\u00fcnden, klostret Bursfelde och porslinsfabriken F\u00fcrstenberg eller njut av en avkopplande flodkryssning p\u00e5 Weser!<\/p>\n\n\n\n<h4 class=\"wp-block-heading\">P\u00e5 v\u00e4g i Eichsfeld<\/h4>\n\n\n\n<p>En bilresa genom Eichsfelds historiska landskap \u00e4r en perfekt kombination av natur- och kulturupplevelser. Uppt\u00e4ck det europeiska br\u00f6dmuseet och Wilhelm Buschs kvarn i Eberg\u00f6tzen, Seeburgsj\u00f6n, korsvirkeshusen i Duderstadt eller gr\u00e4nslandsmuseet i Teistungen.<\/p>\n\n\n\n<h4 class=\"wp-block-heading\">Resa till Harz<\/h4>\n\n\n\n<p>En panoramaf\u00e4rd tar dig till de legendariska bergen och skogarna i nationalparken Harz. Andra stopp inkluderar Ockertal Dam och gruvst\u00e4derna St. Andreasberg och Clausthal-Zellerfeld.<\/p>\n\n\n\n<h4 class=\"wp-block-heading\">Priser f\u00f6r alla turer:<\/h4>\n\n\n\n<p>Expert reseledare, halvdag\/4 timmar:<br>140,00 \u20ac (tyska) och 180,00 \u20ac (fr\u00e4mmande spr\u00e5k)<br>Dagsutflykt\/8 timmar:<br>p\u00e5 beg\u00e4ran<br>Bussar p\u00e5 beg\u00e4ran.<\/p>\n\n\n\n<h4 class=\"wp-block-heading\">Bokningar med:<\/h4>\n\n\n\n<p>Tourist-Information<br>Markt 8<br>37073 G\u00f6ttingen<br>Tel.: +49 (0)551 49980-0<br><a href=\"mailto:info@goettingen-tourismus.de\">info@goettingen-tourismus.de<\/a><br><a href=\"http:\/\/www.goettingen-tourismus.de\">www.goettingen-tourismus.de<\/a><\/p>\n\n\n\n<p><\/p>\n","protected":false},"excerpt":{"rendered":"<p>Kontakt reseledare och utflykter G\u00f6ttingen: Dagsturer Rundresa i Weserbergland V\u00e4ster om G\u00f6ttingen str\u00e4cker sig regionen Weserbergland med sina m\u00e5nga sev\u00e4rdheter. Bes\u00f6k treflodsstaden Hann. M\u00fcnden, klostret Bursfelde och porslinsfabriken F\u00fcrstenberg eller njut av en avkopplande flodkryssning p\u00e5 Weser! P\u00e5 v\u00e4g i Eichsfeld En bilresa genom Eichsfelds historiska landskap \u00e4r en perfekt kombination av natur- och kulturupplevelser. [&hellip;]<\/p>\n","protected":false},"author":1,"featured_media":14265,"parent":14552,"menu_order":0,"comment_status":"closed","ping_status":"closed","template":"pagetemplates\/template-stadtthema.php","meta":{"_acf_changed":false,"footnotes":""},"categories":[],"tags":[],"ncap_cities_tax":[435,1275],"class_list":["post-14261","page","type-page","status-publish","has-post-thumbnail","hentry","ncap_cities_tax-goettingen-sv","ncap_cities_tax-reiseleitung-und-ausflugen-goettingen-sv"],"acf":[],"yoast_head":"<!-- This site is optimized with the Yoast SEO plugin v26.8 - https:\/\/yoast.com\/product\/yoast-seo-wordpress\/ -->\n<title>Information om reseledare och utflykter i G\u00f6ttingen - 9 St\u00e4dte in Niedersachsen<\/title>\n<meta name=\"robots\" content=\"index, follow, max-snippet:-1, max-image-preview:large, max-video-preview:-1\" \/>\n<link rel=\"canonical\" href=\"https:\/\/9staedte.de\/sv\/goettingen-staden-som-skapar-kunskap\/information-om-reseledare-och-utflykter-i-goettingen\/\" \/>\n<meta property=\"og:locale\" content=\"sv_SE\" \/>\n<meta property=\"og:type\" content=\"article\" \/>\n<meta property=\"og:title\" content=\"Information om reseledare och utflykter i G\u00f6ttingen - 9 St\u00e4dte in Niedersachsen\" \/>\n<meta property=\"og:description\" content=\"Kontakt reseledare och utflykter G\u00f6ttingen: Dagsturer Rundresa i Weserbergland V\u00e4ster om G\u00f6ttingen str\u00e4cker sig regionen Weserbergland med sina m\u00e5nga sev\u00e4rdheter. Bes\u00f6k treflodsstaden Hann. M\u00fcnden, klostret Bursfelde och porslinsfabriken F\u00fcrstenberg eller njut av en avkopplande flodkryssning p\u00e5 Weser! P\u00e5 v\u00e4g i Eichsfeld En bilresa genom Eichsfelds historiska landskap \u00e4r en perfekt kombination av natur- och kulturupplevelser. [&hellip;]\" \/>\n<meta property=\"og:url\" content=\"https:\/\/9staedte.de\/sv\/goettingen-staden-som-skapar-kunskap\/information-om-reseledare-och-utflykter-i-goettingen\/\" \/>\n<meta property=\"og:site_name\" content=\"9 St\u00e4dte in Niedersachsen\" \/>\n<meta property=\"article:modified_time\" content=\"2025-05-15T15:30:41+00:00\" \/>\n<meta property=\"og:image\" content=\"https:\/\/9staedte.de\/wp-content\/uploads\/2023\/02\/Werrabruecke-CC0-Lizenz_c_Max-Wiesenbach_Hann.-Muenden-Marketing-GmbH.jpg\" \/>\n\t<meta property=\"og:image:width\" content=\"1020\" \/>\n\t<meta property=\"og:image:height\" content=\"560\" \/>\n\t<meta property=\"og:image:type\" content=\"image\/jpeg\" \/>\n<meta name=\"twitter:card\" content=\"summary_large_image\" \/>\n<meta name=\"twitter:label1\" content=\"Ber\u00e4knad l\u00e4stid\" \/>\n\t<meta name=\"twitter:data1\" content=\"1 minut\" \/>\n<script type=\"application\/ld+json\" class=\"yoast-schema-graph\">{\"@context\":\"https:\/\/schema.org\",\"@graph\":[{\"@type\":\"WebPage\",\"@id\":\"https:\/\/9staedte.de\/sv\/goettingen-staden-som-skapar-kunskap\/information-om-reseledare-och-utflykter-i-goettingen\/\",\"url\":\"https:\/\/9staedte.de\/sv\/goettingen-staden-som-skapar-kunskap\/information-om-reseledare-och-utflykter-i-goettingen\/\",\"name\":\"Information om reseledare och utflykter i G\u00f6ttingen - 9 St\u00e4dte in Niedersachsen\",\"isPartOf\":{\"@id\":\"https:\/\/9staedte.de\/sv\/#website\"},\"primaryImageOfPage\":{\"@id\":\"https:\/\/9staedte.de\/sv\/goettingen-staden-som-skapar-kunskap\/information-om-reseledare-och-utflykter-i-goettingen\/#primaryimage\"},\"image\":{\"@id\":\"https:\/\/9staedte.de\/sv\/goettingen-staden-som-skapar-kunskap\/information-om-reseledare-och-utflykter-i-goettingen\/#primaryimage\"},\"thumbnailUrl\":\"https:\/\/9staedte.de\/wp-content\/uploads\/2023\/02\/Werrabruecke-CC0-Lizenz_c_Max-Wiesenbach_Hann.-Muenden-Marketing-GmbH.jpg\",\"datePublished\":\"2023-10-25T14:23:14+00:00\",\"dateModified\":\"2025-05-15T15:30:41+00:00\",\"breadcrumb\":{\"@id\":\"https:\/\/9staedte.de\/sv\/goettingen-staden-som-skapar-kunskap\/information-om-reseledare-och-utflykter-i-goettingen\/#breadcrumb\"},\"inLanguage\":\"sv-SE\",\"potentialAction\":[{\"@type\":\"ReadAction\",\"target\":[\"https:\/\/9staedte.de\/sv\/goettingen-staden-som-skapar-kunskap\/information-om-reseledare-och-utflykter-i-goettingen\/\"]}]},{\"@type\":\"ImageObject\",\"inLanguage\":\"sv-SE\",\"@id\":\"https:\/\/9staedte.de\/sv\/goettingen-staden-som-skapar-kunskap\/information-om-reseledare-och-utflykter-i-goettingen\/#primaryimage\",\"url\":\"https:\/\/9staedte.de\/wp-content\/uploads\/2023\/02\/Werrabruecke-CC0-Lizenz_c_Max-Wiesenbach_Hann.-Muenden-Marketing-GmbH.jpg\",\"contentUrl\":\"https:\/\/9staedte.de\/wp-content\/uploads\/2023\/02\/Werrabruecke-CC0-Lizenz_c_Max-Wiesenbach_Hann.-Muenden-Marketing-GmbH.jpg\",\"width\":1020,\"height\":560,\"caption\":\"Hann. M\u00fcnden Werrabr\u00fccke CC0-Lizenz_(c)_Max Wiesenbach_Hann. M\u00fcnden Marketing GmbH\"},{\"@type\":\"BreadcrumbList\",\"@id\":\"https:\/\/9staedte.de\/sv\/goettingen-staden-som-skapar-kunskap\/information-om-reseledare-och-utflykter-i-goettingen\/#breadcrumb\",\"itemListElement\":[{\"@type\":\"ListItem\",\"position\":1,\"name\":\"Startseite\",\"item\":\"https:\/\/9staedte.de\/sv\/\"},{\"@type\":\"ListItem\",\"position\":2,\"name\":\"G\u00f6ttingen &#8211; Staden som skapar kunskap\",\"item\":\"https:\/\/9staedte.de\/sv\/goettingen-staden-som-skapar-kunskap\/\"},{\"@type\":\"ListItem\",\"position\":3,\"name\":\"Information om reseledare och utflykter i G\u00f6ttingen\"}]},{\"@type\":\"WebSite\",\"@id\":\"https:\/\/9staedte.de\/sv\/#website\",\"url\":\"https:\/\/9staedte.de\/sv\/\",\"name\":\"9 St\u00e4dte in Niedersachsen\",\"description\":\"\",\"publisher\":{\"@id\":\"https:\/\/9staedte.de\/sv\/#organization\"},\"potentialAction\":[{\"@type\":\"SearchAction\",\"target\":{\"@type\":\"EntryPoint\",\"urlTemplate\":\"https:\/\/9staedte.de\/sv\/?s={search_term_string}\"},\"query-input\":{\"@type\":\"PropertyValueSpecification\",\"valueRequired\":true,\"valueName\":\"search_term_string\"}}],\"inLanguage\":\"sv-SE\"},{\"@type\":\"Organization\",\"@id\":\"https:\/\/9staedte.de\/sv\/#organization\",\"name\":\"9 St\u00e4dte in Niedersachsen\",\"url\":\"https:\/\/9staedte.de\/sv\/\",\"logo\":{\"@type\":\"ImageObject\",\"inLanguage\":\"sv-SE\",\"@id\":\"https:\/\/9staedte.de\/sv\/#\/schema\/logo\/image\/\",\"url\":\"https:\/\/9staedte.de\/wp-content\/uploads\/2025\/01\/9-neg-deutsch-2-1.png\",\"contentUrl\":\"https:\/\/9staedte.de\/wp-content\/uploads\/2025\/01\/9-neg-deutsch-2-1.png\",\"width\":190,\"height\":114,\"caption\":\"9 St\u00e4dte in Niedersachsen\"},\"image\":{\"@id\":\"https:\/\/9staedte.de\/sv\/#\/schema\/logo\/image\/\"}}]}<\/script>\n<!-- \/ Yoast SEO plugin. -->","yoast_head_json":{"title":"Information om reseledare och utflykter i G\u00f6ttingen - 9 St\u00e4dte in Niedersachsen","robots":{"index":"index","follow":"follow","max-snippet":"max-snippet:-1","max-image-preview":"max-image-preview:large","max-video-preview":"max-video-preview:-1"},"canonical":"https:\/\/9staedte.de\/sv\/goettingen-staden-som-skapar-kunskap\/information-om-reseledare-och-utflykter-i-goettingen\/","og_locale":"sv_SE","og_type":"article","og_title":"Information om reseledare och utflykter i G\u00f6ttingen - 9 St\u00e4dte in Niedersachsen","og_description":"Kontakt reseledare och utflykter G\u00f6ttingen: Dagsturer Rundresa i Weserbergland V\u00e4ster om G\u00f6ttingen str\u00e4cker sig regionen Weserbergland med sina m\u00e5nga sev\u00e4rdheter. Bes\u00f6k treflodsstaden Hann. M\u00fcnden, klostret Bursfelde och porslinsfabriken F\u00fcrstenberg eller njut av en avkopplande flodkryssning p\u00e5 Weser! P\u00e5 v\u00e4g i Eichsfeld En bilresa genom Eichsfelds historiska landskap \u00e4r en perfekt kombination av natur- och kulturupplevelser. [&hellip;]","og_url":"https:\/\/9staedte.de\/sv\/goettingen-staden-som-skapar-kunskap\/information-om-reseledare-och-utflykter-i-goettingen\/","og_site_name":"9 St\u00e4dte in Niedersachsen","article_modified_time":"2025-05-15T15:30:41+00:00","og_image":[{"width":1020,"height":560,"url":"https:\/\/9staedte.de\/wp-content\/uploads\/2023\/02\/Werrabruecke-CC0-Lizenz_c_Max-Wiesenbach_Hann.-Muenden-Marketing-GmbH.jpg","type":"image\/jpeg"}],"twitter_card":"summary_large_image","twitter_misc":{"Ber\u00e4knad l\u00e4stid":"1 minut"},"schema":{"@context":"https:\/\/schema.org","@graph":[{"@type":"WebPage","@id":"https:\/\/9staedte.de\/sv\/goettingen-staden-som-skapar-kunskap\/information-om-reseledare-och-utflykter-i-goettingen\/","url":"https:\/\/9staedte.de\/sv\/goettingen-staden-som-skapar-kunskap\/information-om-reseledare-och-utflykter-i-goettingen\/","name":"Information om reseledare och utflykter i G\u00f6ttingen - 9 St\u00e4dte in Niedersachsen","isPartOf":{"@id":"https:\/\/9staedte.de\/sv\/#website"},"primaryImageOfPage":{"@id":"https:\/\/9staedte.de\/sv\/goettingen-staden-som-skapar-kunskap\/information-om-reseledare-och-utflykter-i-goettingen\/#primaryimage"},"image":{"@id":"https:\/\/9staedte.de\/sv\/goettingen-staden-som-skapar-kunskap\/information-om-reseledare-och-utflykter-i-goettingen\/#primaryimage"},"thumbnailUrl":"https:\/\/9staedte.de\/wp-content\/uploads\/2023\/02\/Werrabruecke-CC0-Lizenz_c_Max-Wiesenbach_Hann.-Muenden-Marketing-GmbH.jpg","datePublished":"2023-10-25T14:23:14+00:00","dateModified":"2025-05-15T15:30:41+00:00","breadcrumb":{"@id":"https:\/\/9staedte.de\/sv\/goettingen-staden-som-skapar-kunskap\/information-om-reseledare-och-utflykter-i-goettingen\/#breadcrumb"},"inLanguage":"sv-SE","potentialAction":[{"@type":"ReadAction","target":["https:\/\/9staedte.de\/sv\/goettingen-staden-som-skapar-kunskap\/information-om-reseledare-och-utflykter-i-goettingen\/"]}]},{"@type":"ImageObject","inLanguage":"sv-SE","@id":"https:\/\/9staedte.de\/sv\/goettingen-staden-som-skapar-kunskap\/information-om-reseledare-och-utflykter-i-goettingen\/#primaryimage","url":"https:\/\/9staedte.de\/wp-content\/uploads\/2023\/02\/Werrabruecke-CC0-Lizenz_c_Max-Wiesenbach_Hann.-Muenden-Marketing-GmbH.jpg","contentUrl":"https:\/\/9staedte.de\/wp-content\/uploads\/2023\/02\/Werrabruecke-CC0-Lizenz_c_Max-Wiesenbach_Hann.-Muenden-Marketing-GmbH.jpg","width":1020,"height":560,"caption":"Hann. M\u00fcnden Werrabr\u00fccke CC0-Lizenz_(c)_Max Wiesenbach_Hann. M\u00fcnden Marketing GmbH"},{"@type":"BreadcrumbList","@id":"https:\/\/9staedte.de\/sv\/goettingen-staden-som-skapar-kunskap\/information-om-reseledare-och-utflykter-i-goettingen\/#breadcrumb","itemListElement":[{"@type":"ListItem","position":1,"name":"Startseite","item":"https:\/\/9staedte.de\/sv\/"},{"@type":"ListItem","position":2,"name":"G\u00f6ttingen &#8211; Staden som skapar kunskap","item":"https:\/\/9staedte.de\/sv\/goettingen-staden-som-skapar-kunskap\/"},{"@type":"ListItem","position":3,"name":"Information om reseledare och utflykter i G\u00f6ttingen"}]},{"@type":"WebSite","@id":"https:\/\/9staedte.de\/sv\/#website","url":"https:\/\/9staedte.de\/sv\/","name":"9 St\u00e4dte in Niedersachsen","description":"","publisher":{"@id":"https:\/\/9staedte.de\/sv\/#organization"},"potentialAction":[{"@type":"SearchAction","target":{"@type":"EntryPoint","urlTemplate":"https:\/\/9staedte.de\/sv\/?s={search_term_string}"},"query-input":{"@type":"PropertyValueSpecification","valueRequired":true,"valueName":"search_term_string"}}],"inLanguage":"sv-SE"},{"@type":"Organization","@id":"https:\/\/9staedte.de\/sv\/#organization","name":"9 St\u00e4dte in Niedersachsen","url":"https:\/\/9staedte.de\/sv\/","logo":{"@type":"ImageObject","inLanguage":"sv-SE","@id":"https:\/\/9staedte.de\/sv\/#\/schema\/logo\/image\/","url":"https:\/\/9staedte.de\/wp-content\/uploads\/2025\/01\/9-neg-deutsch-2-1.png","contentUrl":"https:\/\/9staedte.de\/wp-content\/uploads\/2025\/01\/9-neg-deutsch-2-1.png","width":190,"height":114,"caption":"9 St\u00e4dte in Niedersachsen"},"image":{"@id":"https:\/\/9staedte.de\/sv\/#\/schema\/logo\/image\/"}}]}},"_links":{"self":[{"href":"https:\/\/9staedte.de\/sv\/wp-json\/wp\/v2\/pages\/14261","targetHints":{"allow":["GET"]}}],"collection":[{"href":"https:\/\/9staedte.de\/sv\/wp-json\/wp\/v2\/pages"}],"about":[{"href":"https:\/\/9staedte.de\/sv\/wp-json\/wp\/v2\/types\/page"}],"author":[{"embeddable":true,"href":"https:\/\/9staedte.de\/sv\/wp-json\/wp\/v2\/users\/1"}],"replies":[{"embeddable":true,"href":"https:\/\/9staedte.de\/sv\/wp-json\/wp\/v2\/comments?post=14261"}],"version-history":[{"count":2,"href":"https:\/\/9staedte.de\/sv\/wp-json\/wp\/v2\/pages\/14261\/revisions"}],"predecessor-version":[{"id":25926,"href":"https:\/\/9staedte.de\/sv\/wp-json\/wp\/v2\/pages\/14261\/revisions\/25926"}],"up":[{"embeddable":true,"href":"https:\/\/9staedte.de\/sv\/wp-json\/wp\/v2\/pages\/14552"}],"wp:featuredmedia":[{"embeddable":true,"href":"https:\/\/9staedte.de\/sv\/wp-json\/wp\/v2\/media\/14265"}],"wp:attachment":[{"href":"https:\/\/9staedte.de\/sv\/wp-json\/wp\/v2\/media?parent=14261"}],"wp:term":[{"taxonomy":"category","embeddable":true,"href":"https:\/\/9staedte.de\/sv\/wp-json\/wp\/v2\/categories?post=14261"},{"taxonomy":"post_tag","embeddable":true,"href":"https:\/\/9staedte.de\/sv\/wp-json\/wp\/v2\/tags?post=14261"},{"taxonomy":"ncap_cities_tax","embeddable":true,"href":"https:\/\/9staedte.de\/sv\/wp-json\/wp\/v2\/ncap_cities_tax?post=14261"}],"curies":[{"name":"wp","href":"https:\/\/api.w.org\/{rel}","templated":true}]}}