{"id":14259,"date":"2023-10-25T16:22:25","date_gmt":"2023-10-25T14:22:25","guid":{"rendered":"https:\/\/9staedte.de\/dagsprogram-i-celle\/"},"modified":"2025-05-08T15:28:16","modified_gmt":"2025-05-08T13:28:16","slug":"dagsprogram-i-celle","status":"publish","type":"page","link":"https:\/\/9staedte.de\/sv\/celle-vacker-residensstad\/dagsprogram-i-celle\/","title":{"rendered":"Dagsprogram i Celle"},"content":{"rendered":"\n<p>Turistinformationen i Celle hj\u00e4lper dig g\u00e4rna att s\u00e4tta ihop ett individuellt dagsprogram f\u00f6r dig eller din grupp och erbjuder sp\u00e4nnande och h\u00e4ndelserika uppt\u00e4cktsf\u00e4rder genom Celle. Gamla stan, residenspalatset eller L\u00fcneburger Heide &#8211; i Celle finns det ett program f\u00f6r alla smaker.<\/p>\n\n\n\n<p>Din kontakt f\u00f6r dagsprogram i Celle:<\/p>\n","protected":false},"excerpt":{"rendered":"<p>Turistinformationen i Celle hj\u00e4lper dig g\u00e4rna att s\u00e4tta ihop ett individuellt dagsprogram f\u00f6r dig eller din grupp och erbjuder sp\u00e4nnande och h\u00e4ndelserika uppt\u00e4cktsf\u00e4rder genom Celle. Gamla stan, residenspalatset eller L\u00fcneburger Heide &#8211; i Celle finns det ett program f\u00f6r alla smaker. Din kontakt f\u00f6r dagsprogram i Celle:<\/p>\n","protected":false},"author":1,"featured_media":14262,"parent":14588,"menu_order":0,"comment_status":"closed","ping_status":"closed","template":"pagetemplates\/template-stadtthema.php","meta":{"_acf_changed":false,"footnotes":""},"categories":[],"tags":[],"ncap_cities_tax":[428,918],"class_list":["post-14259","page","type-page","status-publish","has-post-thumbnail","hentry","ncap_cities_tax-celle-sv","ncap_cities_tax-tagesprogramme-celle-sv"],"acf":[],"yoast_head":"<!-- This site is optimized with the Yoast SEO plugin v27.4 - https:\/\/yoast.com\/product\/yoast-seo-wordpress\/ -->\n<title>Dagsprogram i Celle - 9 St\u00e4dte in Niedersachsen<\/title>\n<meta name=\"robots\" content=\"index, follow, max-snippet:-1, max-image-preview:large, max-video-preview:-1\" \/>\n<link rel=\"canonical\" href=\"https:\/\/9staedte.de\/sv\/celle-vacker-residensstad\/dagsprogram-i-celle\/\" \/>\n<meta property=\"og:locale\" content=\"sv_SE\" \/>\n<meta property=\"og:type\" content=\"article\" \/>\n<meta property=\"og:title\" content=\"Dagsprogram i Celle - 9 St\u00e4dte in Niedersachsen\" \/>\n<meta property=\"og:description\" content=\"Turistinformationen i Celle hj\u00e4lper dig g\u00e4rna att s\u00e4tta ihop ett individuellt dagsprogram f\u00f6r dig eller din grupp och erbjuder sp\u00e4nnande och h\u00e4ndelserika uppt\u00e4cktsf\u00e4rder genom Celle. Gamla stan, residenspalatset eller L\u00fcneburger Heide &#8211; i Celle finns det ett program f\u00f6r alla smaker. Din kontakt f\u00f6r dagsprogram i Celle:\" \/>\n<meta property=\"og:url\" content=\"https:\/\/9staedte.de\/sv\/celle-vacker-residensstad\/dagsprogram-i-celle\/\" \/>\n<meta property=\"og:site_name\" content=\"9 St\u00e4dte in Niedersachsen\" \/>\n<meta property=\"article:modified_time\" content=\"2025-05-08T13:28:16+00:00\" \/>\n<meta property=\"og:image\" content=\"https:\/\/9staedte.de\/wp-content\/uploads\/2023\/02\/celle-kalandgasse-alte-lateinschule-c-Celle-Tourismus.jpg\" \/>\n\t<meta property=\"og:image:width\" content=\"1020\" \/>\n\t<meta property=\"og:image:height\" content=\"560\" \/>\n\t<meta property=\"og:image:type\" content=\"image\/jpeg\" \/>\n<meta name=\"twitter:card\" content=\"summary_large_image\" \/>\n<meta name=\"twitter:label1\" content=\"Ber\u00e4knad l\u00e4stid\" \/>\n\t<meta name=\"twitter:data1\" content=\"1 minut\" \/>\n<script type=\"application\/ld+json\" class=\"yoast-schema-graph\">{\"@context\":\"https:\\\/\\\/schema.org\",\"@graph\":[{\"@type\":\"WebPage\",\"@id\":\"https:\\\/\\\/9staedte.de\\\/sv\\\/celle-vacker-residensstad\\\/dagsprogram-i-celle\\\/\",\"url\":\"https:\\\/\\\/9staedte.de\\\/sv\\\/celle-vacker-residensstad\\\/dagsprogram-i-celle\\\/\",\"name\":\"Dagsprogram i Celle - 9 St\u00e4dte in Niedersachsen\",\"isPartOf\":{\"@id\":\"https:\\\/\\\/9staedte.de\\\/sv\\\/#website\"},\"primaryImageOfPage\":{\"@id\":\"https:\\\/\\\/9staedte.de\\\/sv\\\/celle-vacker-residensstad\\\/dagsprogram-i-celle\\\/#primaryimage\"},\"image\":{\"@id\":\"https:\\\/\\\/9staedte.de\\\/sv\\\/celle-vacker-residensstad\\\/dagsprogram-i-celle\\\/#primaryimage\"},\"thumbnailUrl\":\"https:\\\/\\\/9staedte.de\\\/wp-content\\\/uploads\\\/2023\\\/02\\\/celle-kalandgasse-alte-lateinschule-c-Celle-Tourismus.jpg\",\"datePublished\":\"2023-10-25T14:22:25+00:00\",\"dateModified\":\"2025-05-08T13:28:16+00:00\",\"breadcrumb\":{\"@id\":\"https:\\\/\\\/9staedte.de\\\/sv\\\/celle-vacker-residensstad\\\/dagsprogram-i-celle\\\/#breadcrumb\"},\"inLanguage\":\"sv-SE\",\"potentialAction\":[{\"@type\":\"ReadAction\",\"target\":[\"https:\\\/\\\/9staedte.de\\\/sv\\\/celle-vacker-residensstad\\\/dagsprogram-i-celle\\\/\"]}]},{\"@type\":\"ImageObject\",\"inLanguage\":\"sv-SE\",\"@id\":\"https:\\\/\\\/9staedte.de\\\/sv\\\/celle-vacker-residensstad\\\/dagsprogram-i-celle\\\/#primaryimage\",\"url\":\"https:\\\/\\\/9staedte.de\\\/wp-content\\\/uploads\\\/2023\\\/02\\\/celle-kalandgasse-alte-lateinschule-c-Celle-Tourismus.jpg\",\"contentUrl\":\"https:\\\/\\\/9staedte.de\\\/wp-content\\\/uploads\\\/2023\\\/02\\\/celle-kalandgasse-alte-lateinschule-c-Celle-Tourismus.jpg\",\"width\":1020,\"height\":560,\"caption\":\"celle-kalandgasse-alte-lateinschule c) Celle Tourismus\"},{\"@type\":\"BreadcrumbList\",\"@id\":\"https:\\\/\\\/9staedte.de\\\/sv\\\/celle-vacker-residensstad\\\/dagsprogram-i-celle\\\/#breadcrumb\",\"itemListElement\":[{\"@type\":\"ListItem\",\"position\":1,\"name\":\"Startseite\",\"item\":\"https:\\\/\\\/9staedte.de\\\/sv\\\/\"},{\"@type\":\"ListItem\",\"position\":2,\"name\":\"Celle &#8211; Vacker residensstad\",\"item\":\"https:\\\/\\\/9staedte.de\\\/sv\\\/celle-vacker-residensstad\\\/\"},{\"@type\":\"ListItem\",\"position\":3,\"name\":\"Dagsprogram i Celle\"}]},{\"@type\":\"WebSite\",\"@id\":\"https:\\\/\\\/9staedte.de\\\/sv\\\/#website\",\"url\":\"https:\\\/\\\/9staedte.de\\\/sv\\\/\",\"name\":\"9 St\u00e4dte in Niedersachsen\",\"description\":\"\",\"publisher\":{\"@id\":\"https:\\\/\\\/9staedte.de\\\/sv\\\/#organization\"},\"potentialAction\":[{\"@type\":\"SearchAction\",\"target\":{\"@type\":\"EntryPoint\",\"urlTemplate\":\"https:\\\/\\\/9staedte.de\\\/sv\\\/?s={search_term_string}\"},\"query-input\":{\"@type\":\"PropertyValueSpecification\",\"valueRequired\":true,\"valueName\":\"search_term_string\"}}],\"inLanguage\":\"sv-SE\"},{\"@type\":\"Organization\",\"@id\":\"https:\\\/\\\/9staedte.de\\\/sv\\\/#organization\",\"name\":\"9 St\u00e4dte in Niedersachsen\",\"url\":\"https:\\\/\\\/9staedte.de\\\/sv\\\/\",\"logo\":{\"@type\":\"ImageObject\",\"inLanguage\":\"sv-SE\",\"@id\":\"https:\\\/\\\/9staedte.de\\\/sv\\\/#\\\/schema\\\/logo\\\/image\\\/\",\"url\":\"https:\\\/\\\/9staedte.de\\\/wp-content\\\/uploads\\\/2025\\\/01\\\/9-neg-deutsch-2-1.png\",\"contentUrl\":\"https:\\\/\\\/9staedte.de\\\/wp-content\\\/uploads\\\/2025\\\/01\\\/9-neg-deutsch-2-1.png\",\"width\":190,\"height\":114,\"caption\":\"9 St\u00e4dte in Niedersachsen\"},\"image\":{\"@id\":\"https:\\\/\\\/9staedte.de\\\/sv\\\/#\\\/schema\\\/logo\\\/image\\\/\"}}]}<\/script>\n<!-- \/ Yoast SEO plugin. -->","yoast_head_json":{"title":"Dagsprogram i Celle - 9 St\u00e4dte in Niedersachsen","robots":{"index":"index","follow":"follow","max-snippet":"max-snippet:-1","max-image-preview":"max-image-preview:large","max-video-preview":"max-video-preview:-1"},"canonical":"https:\/\/9staedte.de\/sv\/celle-vacker-residensstad\/dagsprogram-i-celle\/","og_locale":"sv_SE","og_type":"article","og_title":"Dagsprogram i Celle - 9 St\u00e4dte in Niedersachsen","og_description":"Turistinformationen i Celle hj\u00e4lper dig g\u00e4rna att s\u00e4tta ihop ett individuellt dagsprogram f\u00f6r dig eller din grupp och erbjuder sp\u00e4nnande och h\u00e4ndelserika uppt\u00e4cktsf\u00e4rder genom Celle. Gamla stan, residenspalatset eller L\u00fcneburger Heide &#8211; i Celle finns det ett program f\u00f6r alla smaker. Din kontakt f\u00f6r dagsprogram i Celle:","og_url":"https:\/\/9staedte.de\/sv\/celle-vacker-residensstad\/dagsprogram-i-celle\/","og_site_name":"9 St\u00e4dte in Niedersachsen","article_modified_time":"2025-05-08T13:28:16+00:00","og_image":[{"width":1020,"height":560,"url":"https:\/\/9staedte.de\/wp-content\/uploads\/2023\/02\/celle-kalandgasse-alte-lateinschule-c-Celle-Tourismus.jpg","type":"image\/jpeg"}],"twitter_card":"summary_large_image","twitter_misc":{"Ber\u00e4knad l\u00e4stid":"1 minut"},"schema":{"@context":"https:\/\/schema.org","@graph":[{"@type":"WebPage","@id":"https:\/\/9staedte.de\/sv\/celle-vacker-residensstad\/dagsprogram-i-celle\/","url":"https:\/\/9staedte.de\/sv\/celle-vacker-residensstad\/dagsprogram-i-celle\/","name":"Dagsprogram i Celle - 9 St\u00e4dte in Niedersachsen","isPartOf":{"@id":"https:\/\/9staedte.de\/sv\/#website"},"primaryImageOfPage":{"@id":"https:\/\/9staedte.de\/sv\/celle-vacker-residensstad\/dagsprogram-i-celle\/#primaryimage"},"image":{"@id":"https:\/\/9staedte.de\/sv\/celle-vacker-residensstad\/dagsprogram-i-celle\/#primaryimage"},"thumbnailUrl":"https:\/\/9staedte.de\/wp-content\/uploads\/2023\/02\/celle-kalandgasse-alte-lateinschule-c-Celle-Tourismus.jpg","datePublished":"2023-10-25T14:22:25+00:00","dateModified":"2025-05-08T13:28:16+00:00","breadcrumb":{"@id":"https:\/\/9staedte.de\/sv\/celle-vacker-residensstad\/dagsprogram-i-celle\/#breadcrumb"},"inLanguage":"sv-SE","potentialAction":[{"@type":"ReadAction","target":["https:\/\/9staedte.de\/sv\/celle-vacker-residensstad\/dagsprogram-i-celle\/"]}]},{"@type":"ImageObject","inLanguage":"sv-SE","@id":"https:\/\/9staedte.de\/sv\/celle-vacker-residensstad\/dagsprogram-i-celle\/#primaryimage","url":"https:\/\/9staedte.de\/wp-content\/uploads\/2023\/02\/celle-kalandgasse-alte-lateinschule-c-Celle-Tourismus.jpg","contentUrl":"https:\/\/9staedte.de\/wp-content\/uploads\/2023\/02\/celle-kalandgasse-alte-lateinschule-c-Celle-Tourismus.jpg","width":1020,"height":560,"caption":"celle-kalandgasse-alte-lateinschule c) Celle Tourismus"},{"@type":"BreadcrumbList","@id":"https:\/\/9staedte.de\/sv\/celle-vacker-residensstad\/dagsprogram-i-celle\/#breadcrumb","itemListElement":[{"@type":"ListItem","position":1,"name":"Startseite","item":"https:\/\/9staedte.de\/sv\/"},{"@type":"ListItem","position":2,"name":"Celle &#8211; Vacker residensstad","item":"https:\/\/9staedte.de\/sv\/celle-vacker-residensstad\/"},{"@type":"ListItem","position":3,"name":"Dagsprogram i Celle"}]},{"@type":"WebSite","@id":"https:\/\/9staedte.de\/sv\/#website","url":"https:\/\/9staedte.de\/sv\/","name":"9 St\u00e4dte in Niedersachsen","description":"","publisher":{"@id":"https:\/\/9staedte.de\/sv\/#organization"},"potentialAction":[{"@type":"SearchAction","target":{"@type":"EntryPoint","urlTemplate":"https:\/\/9staedte.de\/sv\/?s={search_term_string}"},"query-input":{"@type":"PropertyValueSpecification","valueRequired":true,"valueName":"search_term_string"}}],"inLanguage":"sv-SE"},{"@type":"Organization","@id":"https:\/\/9staedte.de\/sv\/#organization","name":"9 St\u00e4dte in Niedersachsen","url":"https:\/\/9staedte.de\/sv\/","logo":{"@type":"ImageObject","inLanguage":"sv-SE","@id":"https:\/\/9staedte.de\/sv\/#\/schema\/logo\/image\/","url":"https:\/\/9staedte.de\/wp-content\/uploads\/2025\/01\/9-neg-deutsch-2-1.png","contentUrl":"https:\/\/9staedte.de\/wp-content\/uploads\/2025\/01\/9-neg-deutsch-2-1.png","width":190,"height":114,"caption":"9 St\u00e4dte in Niedersachsen"},"image":{"@id":"https:\/\/9staedte.de\/sv\/#\/schema\/logo\/image\/"}}]}},"_links":{"self":[{"href":"https:\/\/9staedte.de\/sv\/wp-json\/wp\/v2\/pages\/14259","targetHints":{"allow":["GET"]}}],"collection":[{"href":"https:\/\/9staedte.de\/sv\/wp-json\/wp\/v2\/pages"}],"about":[{"href":"https:\/\/9staedte.de\/sv\/wp-json\/wp\/v2\/types\/page"}],"author":[{"embeddable":true,"href":"https:\/\/9staedte.de\/sv\/wp-json\/wp\/v2\/users\/1"}],"replies":[{"embeddable":true,"href":"https:\/\/9staedte.de\/sv\/wp-json\/wp\/v2\/comments?post=14259"}],"version-history":[{"count":2,"href":"https:\/\/9staedte.de\/sv\/wp-json\/wp\/v2\/pages\/14259\/revisions"}],"predecessor-version":[{"id":25442,"href":"https:\/\/9staedte.de\/sv\/wp-json\/wp\/v2\/pages\/14259\/revisions\/25442"}],"up":[{"embeddable":true,"href":"https:\/\/9staedte.de\/sv\/wp-json\/wp\/v2\/pages\/14588"}],"wp:featuredmedia":[{"embeddable":true,"href":"https:\/\/9staedte.de\/sv\/wp-json\/wp\/v2\/media\/14262"}],"wp:attachment":[{"href":"https:\/\/9staedte.de\/sv\/wp-json\/wp\/v2\/media?parent=14259"}],"wp:term":[{"taxonomy":"category","embeddable":true,"href":"https:\/\/9staedte.de\/sv\/wp-json\/wp\/v2\/categories?post=14259"},{"taxonomy":"post_tag","embeddable":true,"href":"https:\/\/9staedte.de\/sv\/wp-json\/wp\/v2\/tags?post=14259"},{"taxonomy":"ncap_cities_tax","embeddable":true,"href":"https:\/\/9staedte.de\/sv\/wp-json\/wp\/v2\/ncap_cities_tax?post=14259"}],"curies":[{"name":"wp","href":"https:\/\/api.w.org\/{rel}","templated":true}]}}