{"id":14254,"date":"2023-10-25T16:22:29","date_gmt":"2023-10-25T14:22:29","guid":{"rendered":"https:\/\/9staedte.de\/stadsrundturer-i-celle\/"},"modified":"2023-10-25T17:42:58","modified_gmt":"2023-10-25T15:42:58","slug":"stadsrundturer-i-celle","status":"publish","type":"page","link":"https:\/\/9staedte.de\/sv\/celle-vacker-residensstad\/stadsrundturer-i-celle\/","title":{"rendered":"Stadsrundturer i Celle"},"content":{"rendered":"\n<p>P\u00e5 stads- och slottsrundturerna i Celle f\u00e5r du inblick i lokala ber\u00e4ttelser och vackra platser i staden. V\u00e5ra kunniga och kvalificerade guider f\u00f6rmedlar charmen i en ung stad med en historisk stadsbild, ber\u00e4ttar om landet och dess m\u00e4nniskor och visar dig stadens avskilda gr\u00e4nder och innerg\u00e5rdar.<\/p>\n\n\n\n<p><\/p>\n\n\n\n<p><\/p>\n\n\n\n<p><\/p>\n\n\n\r\n\r\n    <div class=\"filter-posts\">\r\n            <div  id=\"filterContent\">\r\n                                                        \n<div class=\"contentKachel filtr-item\" data-category=\"celle-sv\">\n    <a href=\"https:\/\/9staedte.de\/sv\/stadsrundturer-i-celle\/\">\n        <div class=\"contentKachel-inner\">\n                            <div class=\"contentKachel-thumbnail\">\n                    <img loading=\"lazy\" decoding=\"async\" width=\"300\" height=\"165\" src=\"https:\/\/9staedte.de\/wp-content\/smush-webp\/2023\/01\/Museum-Gruppe_058-300x165.jpg.webp\" class=\"objectfitcover withfilters wp-post-image\" alt=\"Bilden visar en guidad tur i Celle. En kvinna med en r\u00f6d scarf f\u00f6rklarar n\u00e5got. \u00c5tta vuxna st\u00e5r framf\u00f6r henne. Alla skrattar eller ler. I bakgrunden syns b\u00e5de moderna och gamla byggnader. Turen sker utomhus.\" srcset=\"https:\/\/9staedte.de\/wp-content\/smush-webp\/2023\/01\/Museum-Gruppe_058-300x165.jpg.webp 300w, https:\/\/9staedte.de\/wp-content\/smush-webp\/2023\/01\/Museum-Gruppe_058-768x422.jpg.webp 768w, https:\/\/9staedte.de\/wp-content\/smush-webp\/2023\/01\/Museum-Gruppe_058.jpg.webp 1019w\" sizes=\"auto, (max-width: 300px) 100vw, 300px\" \/>                    <img loading=\"lazy\" decoding=\"async\" width=\"300\" height=\"165\" src=\"https:\/\/9staedte.de\/wp-content\/smush-webp\/2023\/01\/Museum-Gruppe_058-300x165.jpg.webp\" class=\"objectfitcontain wp-post-image\" alt=\"Bilden visar en guidad tur i Celle. En kvinna med en r\u00f6d scarf f\u00f6rklarar n\u00e5got. \u00c5tta vuxna st\u00e5r framf\u00f6r henne. Alla skrattar eller ler. I bakgrunden syns b\u00e5de moderna och gamla byggnader. Turen sker utomhus.\" srcset=\"https:\/\/9staedte.de\/wp-content\/smush-webp\/2023\/01\/Museum-Gruppe_058-300x165.jpg.webp 300w, https:\/\/9staedte.de\/wp-content\/smush-webp\/2023\/01\/Museum-Gruppe_058-768x422.jpg.webp 768w, https:\/\/9staedte.de\/wp-content\/smush-webp\/2023\/01\/Museum-Gruppe_058.jpg.webp 1019w\" sizes=\"auto, (max-width: 300px) 100vw, 300px\" \/>                        <div class=\"thumbnail-label\">\n    <span>Stadtf\u00fchrung in Celle c) Celle Tourismus<\/span>\n    <\/div>\n                <\/div>\n                        <div class=\"contentKachel-content\">\n                                    <div class=\"city-tag bg-celle\">\n                        Celle                    <\/div>\n                \n                <div class=\"title\">\n\n                    Stadsrundturer i Celle                    \n                <\/div>\n\n                            <\/div>\n\n        <\/div>\n    <\/a>\n<\/div>                                                        \n<div class=\"contentKachel filtr-item\" data-category=\"celle-sv\">\n    <a href=\"https:\/\/9staedte.de\/sv\/bauhaus-arkitektur-spaaren-efter-otto-haesler-i-celle\/\">\n        <div class=\"contentKachel-inner\">\n                            <div class=\"contentKachel-thumbnail\">\n                    <img loading=\"lazy\" decoding=\"async\" width=\"300\" height=\"165\" src=\"https:\/\/9staedte.de\/wp-content\/smush-webp\/2022\/06\/Celle-Bauhaus-c-Stadt-Celle-300x165.jpg.webp\" class=\"objectfitcover withfilters wp-post-image\" alt=\"P\u00e5 bilden finns f\u00e4rgglada hus. Husen \u00e4r r\u00f6da, bl\u00e5 och vita. De har en enkel form. F\u00f6nstren \u00e4r raka. Detta \u00e4r ett exempel p\u00e5 Bauhaus. Husen ligger i Celle.\" srcset=\"https:\/\/9staedte.de\/wp-content\/smush-webp\/2022\/06\/Celle-Bauhaus-c-Stadt-Celle-300x165.jpg.webp 300w, https:\/\/9staedte.de\/wp-content\/smush-webp\/2022\/06\/Celle-Bauhaus-c-Stadt-Celle-768x422.jpg.webp 768w, https:\/\/9staedte.de\/wp-content\/smush-webp\/2022\/06\/Celle-Bauhaus-c-Stadt-Celle.jpg.webp 1020w\" sizes=\"auto, (max-width: 300px) 100vw, 300px\" \/>                    <img loading=\"lazy\" decoding=\"async\" width=\"300\" height=\"165\" src=\"https:\/\/9staedte.de\/wp-content\/smush-webp\/2022\/06\/Celle-Bauhaus-c-Stadt-Celle-300x165.jpg.webp\" class=\"objectfitcontain wp-post-image\" alt=\"P\u00e5 bilden finns f\u00e4rgglada hus. Husen \u00e4r r\u00f6da, bl\u00e5 och vita. De har en enkel form. F\u00f6nstren \u00e4r raka. Detta \u00e4r ett exempel p\u00e5 Bauhaus. Husen ligger i Celle.\" srcset=\"https:\/\/9staedte.de\/wp-content\/smush-webp\/2022\/06\/Celle-Bauhaus-c-Stadt-Celle-300x165.jpg.webp 300w, https:\/\/9staedte.de\/wp-content\/smush-webp\/2022\/06\/Celle-Bauhaus-c-Stadt-Celle-768x422.jpg.webp 768w, https:\/\/9staedte.de\/wp-content\/smush-webp\/2022\/06\/Celle-Bauhaus-c-Stadt-Celle.jpg.webp 1020w\" sizes=\"auto, (max-width: 300px) 100vw, 300px\" \/>                        <div class=\"thumbnail-label\">\n    <span>Bauhaus in Celle c) Stadt Celle<\/span>\n    <\/div>\n                <\/div>\n                        <div class=\"contentKachel-content\">\n                                    <div class=\"city-tag bg-celle\">\n                        Celle                    <\/div>\n                \n                <div class=\"title\">\n\n                    Bauhaus-arkitektur &#8211; sp\u00e5ren efter Otto Haesler i Celle                    \n                <\/div>\n\n                            <\/div>\n\n        <\/div>\n    <\/a>\n<\/div>                                                        \n<div class=\"contentKachel filtr-item\" data-category=\"celle-sv\">\n    <a href=\"https:\/\/9staedte.de\/sv\/paa-haexornas-spaar-guidad-rundtur-i-staden-celle\/\">\n        <div class=\"contentKachel-inner\">\n                            <div class=\"contentKachel-thumbnail\">\n                    <img loading=\"lazy\" decoding=\"async\" width=\"300\" height=\"133\" src=\"https:\/\/9staedte.de\/wp-content\/smush-webp\/2022\/06\/Petronella-und-Begina-Hexenfuehrung-c-Celle-Tourismus-300x133.jpg.webp\" class=\"objectfitcover withfilters wp-post-image\" alt=\"Bilden visar tv\u00e5 kvinnor framf\u00f6r slottet i Celle. Kvinnorna har medeltida kl\u00e4der p\u00e5 sig. En kvinna har en vit kl\u00e4nning med ett bl\u00e5tt b\u00e4lte. Den andra har en r\u00f6d korsett och en vit blus. B\u00e5da h\u00e5ller i en korg. I bakgrunden syns slottet och ett tr\u00e4d.\" srcset=\"https:\/\/9staedte.de\/wp-content\/smush-webp\/2022\/06\/Petronella-und-Begina-Hexenfuehrung-c-Celle-Tourismus-300x133.jpg.webp 300w, https:\/\/9staedte.de\/wp-content\/smush-webp\/2022\/06\/Petronella-und-Begina-Hexenfuehrung-c-Celle-Tourismus.jpg.webp 719w\" sizes=\"auto, (max-width: 300px) 100vw, 300px\" \/>                    <img loading=\"lazy\" decoding=\"async\" width=\"300\" height=\"133\" src=\"https:\/\/9staedte.de\/wp-content\/smush-webp\/2022\/06\/Petronella-und-Begina-Hexenfuehrung-c-Celle-Tourismus-300x133.jpg.webp\" class=\"objectfitcontain wp-post-image\" alt=\"Bilden visar tv\u00e5 kvinnor framf\u00f6r slottet i Celle. Kvinnorna har medeltida kl\u00e4der p\u00e5 sig. En kvinna har en vit kl\u00e4nning med ett bl\u00e5tt b\u00e4lte. Den andra har en r\u00f6d korsett och en vit blus. B\u00e5da h\u00e5ller i en korg. I bakgrunden syns slottet och ett tr\u00e4d.\" srcset=\"https:\/\/9staedte.de\/wp-content\/smush-webp\/2022\/06\/Petronella-und-Begina-Hexenfuehrung-c-Celle-Tourismus-300x133.jpg.webp 300w, https:\/\/9staedte.de\/wp-content\/smush-webp\/2022\/06\/Petronella-und-Begina-Hexenfuehrung-c-Celle-Tourismus.jpg.webp 719w\" sizes=\"auto, (max-width: 300px) 100vw, 300px\" \/>                        <div class=\"thumbnail-label\">\n    <span>Petronella und Begina &#8211; Hexenf\u00fchrung<\/span>\n    <\/div>\n                <\/div>\n                        <div class=\"contentKachel-content\">\n                                    <div class=\"city-tag bg-celle\">\n                        Celle                    <\/div>\n                \n                <div class=\"title\">\n\n                    P\u00e5 h\u00e4xornas sp\u00e5r &#8211; guidad rundtur i staden Celle                    \n                <\/div>\n\n                            <\/div>\n\n        <\/div>\n    <\/a>\n<\/div>                                                        \n<div class=\"contentKachel filtr-item\" data-category=\"celle-sv\">\n    <a href=\"https:\/\/9staedte.de\/sv\/slottsrundturer-i-celle\/\">\n        <div class=\"contentKachel-inner\">\n                            <div class=\"contentKachel-thumbnail\">\n                    <img loading=\"lazy\" decoding=\"async\" width=\"300\" height=\"164\" src=\"https:\/\/9staedte.de\/wp-content\/smush-webp\/2022\/07\/Stadtfuehrung-in-Celle-vor-dem-Schloss-c-Celle-Tourismus-300x164.jpg.webp\" class=\"objectfitcover withfilters wp-post-image\" alt=\"Bilden visar en guidad tur i Celle. En kvinna med vita byxor f\u00f6rklarar n\u00e5got. Nio vuxna st\u00e5r framf\u00f6r henne. Gruppen st\u00e5r bredvid ett slott. Slottet \u00e4r vitt och har m\u00e5nga f\u00f6nster. I bakgrunden finns tr\u00e4d och en stig.\" srcset=\"https:\/\/9staedte.de\/wp-content\/smush-webp\/2022\/07\/Stadtfuehrung-in-Celle-vor-dem-Schloss-c-Celle-Tourismus-300x164.jpg.webp 300w, https:\/\/9staedte.de\/wp-content\/smush-webp\/2022\/07\/Stadtfuehrung-in-Celle-vor-dem-Schloss-c-Celle-Tourismus-768x421.jpg.webp 768w, https:\/\/9staedte.de\/wp-content\/smush-webp\/2022\/07\/Stadtfuehrung-in-Celle-vor-dem-Schloss-c-Celle-Tourismus.jpg.webp 1020w\" sizes=\"auto, (max-width: 300px) 100vw, 300px\" \/>                    <img loading=\"lazy\" decoding=\"async\" width=\"300\" height=\"164\" src=\"https:\/\/9staedte.de\/wp-content\/smush-webp\/2022\/07\/Stadtfuehrung-in-Celle-vor-dem-Schloss-c-Celle-Tourismus-300x164.jpg.webp\" class=\"objectfitcontain wp-post-image\" alt=\"Bilden visar en guidad tur i Celle. En kvinna med vita byxor f\u00f6rklarar n\u00e5got. Nio vuxna st\u00e5r framf\u00f6r henne. Gruppen st\u00e5r bredvid ett slott. Slottet \u00e4r vitt och har m\u00e5nga f\u00f6nster. I bakgrunden finns tr\u00e4d och en stig.\" srcset=\"https:\/\/9staedte.de\/wp-content\/smush-webp\/2022\/07\/Stadtfuehrung-in-Celle-vor-dem-Schloss-c-Celle-Tourismus-300x164.jpg.webp 300w, https:\/\/9staedte.de\/wp-content\/smush-webp\/2022\/07\/Stadtfuehrung-in-Celle-vor-dem-Schloss-c-Celle-Tourismus-768x421.jpg.webp 768w, https:\/\/9staedte.de\/wp-content\/smush-webp\/2022\/07\/Stadtfuehrung-in-Celle-vor-dem-Schloss-c-Celle-Tourismus.jpg.webp 1020w\" sizes=\"auto, (max-width: 300px) 100vw, 300px\" \/>                        <div class=\"thumbnail-label\">\n    <span>Stadtf\u00fchrung in Celle vor dem Schloss c) Celle Tourismus<\/span>\n    <\/div>\n                <\/div>\n                        <div class=\"contentKachel-content\">\n                                    <div class=\"city-tag bg-celle\">\n                        Celle                    <\/div>\n                \n                <div class=\"title\">\n\n                    Slottsrundturer i Celle                    \n                <\/div>\n\n                            <\/div>\n\n        <\/div>\n    <\/a>\n<\/div>                                            <\/div>\r\n    <\/div>\r\n","protected":false},"excerpt":{"rendered":"<p>P\u00e5 stads- och slottsrundturerna i Celle f\u00e5r du inblick i lokala ber\u00e4ttelser och vackra platser i staden. V\u00e5ra kunniga och kvalificerade guider f\u00f6rmedlar charmen i en ung stad med en historisk stadsbild, ber\u00e4ttar om landet och dess m\u00e4nniskor och visar dig stadens avskilda gr\u00e4nder och innerg\u00e5rdar.<\/p>\n","protected":false},"author":1,"featured_media":14258,"parent":14588,"menu_order":0,"comment_status":"closed","ping_status":"closed","template":"pagetemplates\/template-stadtthema.php","meta":{"_acf_changed":false,"footnotes":""},"categories":[],"tags":[],"ncap_cities_tax":[428,1205],"class_list":["post-14254","page","type-page","status-publish","has-post-thumbnail","hentry","ncap_cities_tax-celle-sv","ncap_cities_tax-stadtfuhrungen-celle-sv"],"acf":[],"yoast_head":"<!-- This site is optimized with the Yoast SEO plugin v26.8 - https:\/\/yoast.com\/product\/yoast-seo-wordpress\/ -->\n<title>Stadsrundturer i Celle - 9 St\u00e4dte in Niedersachsen<\/title>\n<meta name=\"robots\" content=\"index, follow, max-snippet:-1, max-image-preview:large, max-video-preview:-1\" \/>\n<link rel=\"canonical\" href=\"https:\/\/9staedte.de\/sv\/celle-vacker-residensstad\/stadsrundturer-i-celle\/\" \/>\n<meta property=\"og:locale\" content=\"sv_SE\" \/>\n<meta property=\"og:type\" content=\"article\" \/>\n<meta property=\"og:title\" content=\"Stadsrundturer i Celle - 9 St\u00e4dte in Niedersachsen\" \/>\n<meta property=\"og:description\" content=\"P\u00e5 stads- och slottsrundturerna i Celle f\u00e5r du inblick i lokala ber\u00e4ttelser och vackra platser i staden. V\u00e5ra kunniga och kvalificerade guider f\u00f6rmedlar charmen i en ung stad med en historisk stadsbild, ber\u00e4ttar om landet och dess m\u00e4nniskor och visar dig stadens avskilda gr\u00e4nder och innerg\u00e5rdar.\" \/>\n<meta property=\"og:url\" content=\"https:\/\/9staedte.de\/sv\/celle-vacker-residensstad\/stadsrundturer-i-celle\/\" \/>\n<meta property=\"og:site_name\" content=\"9 St\u00e4dte in Niedersachsen\" \/>\n<meta property=\"article:modified_time\" content=\"2023-10-25T15:42:58+00:00\" \/>\n<meta property=\"og:image\" content=\"https:\/\/9staedte.de\/wp-content\/uploads\/2023\/01\/Rundgang-durch-Celle-c-Stadt-Celle.jpg\" \/>\n\t<meta property=\"og:image:width\" content=\"1020\" \/>\n\t<meta property=\"og:image:height\" content=\"560\" \/>\n\t<meta property=\"og:image:type\" content=\"image\/jpeg\" \/>\n<meta name=\"twitter:card\" content=\"summary_large_image\" \/>\n<meta name=\"twitter:label1\" content=\"Ber\u00e4knad l\u00e4stid\" \/>\n\t<meta name=\"twitter:data1\" content=\"1 minut\" \/>\n<script type=\"application\/ld+json\" class=\"yoast-schema-graph\">{\"@context\":\"https:\/\/schema.org\",\"@graph\":[{\"@type\":\"WebPage\",\"@id\":\"https:\/\/9staedte.de\/sv\/celle-vacker-residensstad\/stadsrundturer-i-celle\/\",\"url\":\"https:\/\/9staedte.de\/sv\/celle-vacker-residensstad\/stadsrundturer-i-celle\/\",\"name\":\"Stadsrundturer i Celle - 9 St\u00e4dte in Niedersachsen\",\"isPartOf\":{\"@id\":\"https:\/\/9staedte.de\/sv\/#website\"},\"primaryImageOfPage\":{\"@id\":\"https:\/\/9staedte.de\/sv\/celle-vacker-residensstad\/stadsrundturer-i-celle\/#primaryimage\"},\"image\":{\"@id\":\"https:\/\/9staedte.de\/sv\/celle-vacker-residensstad\/stadsrundturer-i-celle\/#primaryimage\"},\"thumbnailUrl\":\"https:\/\/9staedte.de\/wp-content\/uploads\/2023\/01\/Rundgang-durch-Celle-c-Stadt-Celle.jpg\",\"datePublished\":\"2023-10-25T14:22:29+00:00\",\"dateModified\":\"2023-10-25T15:42:58+00:00\",\"breadcrumb\":{\"@id\":\"https:\/\/9staedte.de\/sv\/celle-vacker-residensstad\/stadsrundturer-i-celle\/#breadcrumb\"},\"inLanguage\":\"sv-SE\",\"potentialAction\":[{\"@type\":\"ReadAction\",\"target\":[\"https:\/\/9staedte.de\/sv\/celle-vacker-residensstad\/stadsrundturer-i-celle\/\"]}]},{\"@type\":\"ImageObject\",\"inLanguage\":\"sv-SE\",\"@id\":\"https:\/\/9staedte.de\/sv\/celle-vacker-residensstad\/stadsrundturer-i-celle\/#primaryimage\",\"url\":\"https:\/\/9staedte.de\/wp-content\/uploads\/2023\/01\/Rundgang-durch-Celle-c-Stadt-Celle.jpg\",\"contentUrl\":\"https:\/\/9staedte.de\/wp-content\/uploads\/2023\/01\/Rundgang-durch-Celle-c-Stadt-Celle.jpg\",\"width\":1020,\"height\":560,\"caption\":\"Rundgang durch Celle c) Stadt Celle\"},{\"@type\":\"BreadcrumbList\",\"@id\":\"https:\/\/9staedte.de\/sv\/celle-vacker-residensstad\/stadsrundturer-i-celle\/#breadcrumb\",\"itemListElement\":[{\"@type\":\"ListItem\",\"position\":1,\"name\":\"Startseite\",\"item\":\"https:\/\/9staedte.de\/sv\/\"},{\"@type\":\"ListItem\",\"position\":2,\"name\":\"Celle &#8211; Vacker residensstad\",\"item\":\"https:\/\/9staedte.de\/sv\/celle-vacker-residensstad\/\"},{\"@type\":\"ListItem\",\"position\":3,\"name\":\"Stadsrundturer i Celle\"}]},{\"@type\":\"WebSite\",\"@id\":\"https:\/\/9staedte.de\/sv\/#website\",\"url\":\"https:\/\/9staedte.de\/sv\/\",\"name\":\"9 St\u00e4dte in Niedersachsen\",\"description\":\"\",\"publisher\":{\"@id\":\"https:\/\/9staedte.de\/sv\/#organization\"},\"potentialAction\":[{\"@type\":\"SearchAction\",\"target\":{\"@type\":\"EntryPoint\",\"urlTemplate\":\"https:\/\/9staedte.de\/sv\/?s={search_term_string}\"},\"query-input\":{\"@type\":\"PropertyValueSpecification\",\"valueRequired\":true,\"valueName\":\"search_term_string\"}}],\"inLanguage\":\"sv-SE\"},{\"@type\":\"Organization\",\"@id\":\"https:\/\/9staedte.de\/sv\/#organization\",\"name\":\"9 St\u00e4dte in Niedersachsen\",\"url\":\"https:\/\/9staedte.de\/sv\/\",\"logo\":{\"@type\":\"ImageObject\",\"inLanguage\":\"sv-SE\",\"@id\":\"https:\/\/9staedte.de\/sv\/#\/schema\/logo\/image\/\",\"url\":\"https:\/\/9staedte.de\/wp-content\/uploads\/2025\/01\/9-neg-deutsch-2-1.png\",\"contentUrl\":\"https:\/\/9staedte.de\/wp-content\/uploads\/2025\/01\/9-neg-deutsch-2-1.png\",\"width\":190,\"height\":114,\"caption\":\"9 St\u00e4dte in Niedersachsen\"},\"image\":{\"@id\":\"https:\/\/9staedte.de\/sv\/#\/schema\/logo\/image\/\"}}]}<\/script>\n<!-- \/ Yoast SEO plugin. -->","yoast_head_json":{"title":"Stadsrundturer i Celle - 9 St\u00e4dte in Niedersachsen","robots":{"index":"index","follow":"follow","max-snippet":"max-snippet:-1","max-image-preview":"max-image-preview:large","max-video-preview":"max-video-preview:-1"},"canonical":"https:\/\/9staedte.de\/sv\/celle-vacker-residensstad\/stadsrundturer-i-celle\/","og_locale":"sv_SE","og_type":"article","og_title":"Stadsrundturer i Celle - 9 St\u00e4dte in Niedersachsen","og_description":"P\u00e5 stads- och slottsrundturerna i Celle f\u00e5r du inblick i lokala ber\u00e4ttelser och vackra platser i staden. V\u00e5ra kunniga och kvalificerade guider f\u00f6rmedlar charmen i en ung stad med en historisk stadsbild, ber\u00e4ttar om landet och dess m\u00e4nniskor och visar dig stadens avskilda gr\u00e4nder och innerg\u00e5rdar.","og_url":"https:\/\/9staedte.de\/sv\/celle-vacker-residensstad\/stadsrundturer-i-celle\/","og_site_name":"9 St\u00e4dte in Niedersachsen","article_modified_time":"2023-10-25T15:42:58+00:00","og_image":[{"width":1020,"height":560,"url":"https:\/\/9staedte.de\/wp-content\/uploads\/2023\/01\/Rundgang-durch-Celle-c-Stadt-Celle.jpg","type":"image\/jpeg"}],"twitter_card":"summary_large_image","twitter_misc":{"Ber\u00e4knad l\u00e4stid":"1 minut"},"schema":{"@context":"https:\/\/schema.org","@graph":[{"@type":"WebPage","@id":"https:\/\/9staedte.de\/sv\/celle-vacker-residensstad\/stadsrundturer-i-celle\/","url":"https:\/\/9staedte.de\/sv\/celle-vacker-residensstad\/stadsrundturer-i-celle\/","name":"Stadsrundturer i Celle - 9 St\u00e4dte in Niedersachsen","isPartOf":{"@id":"https:\/\/9staedte.de\/sv\/#website"},"primaryImageOfPage":{"@id":"https:\/\/9staedte.de\/sv\/celle-vacker-residensstad\/stadsrundturer-i-celle\/#primaryimage"},"image":{"@id":"https:\/\/9staedte.de\/sv\/celle-vacker-residensstad\/stadsrundturer-i-celle\/#primaryimage"},"thumbnailUrl":"https:\/\/9staedte.de\/wp-content\/uploads\/2023\/01\/Rundgang-durch-Celle-c-Stadt-Celle.jpg","datePublished":"2023-10-25T14:22:29+00:00","dateModified":"2023-10-25T15:42:58+00:00","breadcrumb":{"@id":"https:\/\/9staedte.de\/sv\/celle-vacker-residensstad\/stadsrundturer-i-celle\/#breadcrumb"},"inLanguage":"sv-SE","potentialAction":[{"@type":"ReadAction","target":["https:\/\/9staedte.de\/sv\/celle-vacker-residensstad\/stadsrundturer-i-celle\/"]}]},{"@type":"ImageObject","inLanguage":"sv-SE","@id":"https:\/\/9staedte.de\/sv\/celle-vacker-residensstad\/stadsrundturer-i-celle\/#primaryimage","url":"https:\/\/9staedte.de\/wp-content\/uploads\/2023\/01\/Rundgang-durch-Celle-c-Stadt-Celle.jpg","contentUrl":"https:\/\/9staedte.de\/wp-content\/uploads\/2023\/01\/Rundgang-durch-Celle-c-Stadt-Celle.jpg","width":1020,"height":560,"caption":"Rundgang durch Celle c) Stadt Celle"},{"@type":"BreadcrumbList","@id":"https:\/\/9staedte.de\/sv\/celle-vacker-residensstad\/stadsrundturer-i-celle\/#breadcrumb","itemListElement":[{"@type":"ListItem","position":1,"name":"Startseite","item":"https:\/\/9staedte.de\/sv\/"},{"@type":"ListItem","position":2,"name":"Celle &#8211; Vacker residensstad","item":"https:\/\/9staedte.de\/sv\/celle-vacker-residensstad\/"},{"@type":"ListItem","position":3,"name":"Stadsrundturer i Celle"}]},{"@type":"WebSite","@id":"https:\/\/9staedte.de\/sv\/#website","url":"https:\/\/9staedte.de\/sv\/","name":"9 St\u00e4dte in Niedersachsen","description":"","publisher":{"@id":"https:\/\/9staedte.de\/sv\/#organization"},"potentialAction":[{"@type":"SearchAction","target":{"@type":"EntryPoint","urlTemplate":"https:\/\/9staedte.de\/sv\/?s={search_term_string}"},"query-input":{"@type":"PropertyValueSpecification","valueRequired":true,"valueName":"search_term_string"}}],"inLanguage":"sv-SE"},{"@type":"Organization","@id":"https:\/\/9staedte.de\/sv\/#organization","name":"9 St\u00e4dte in Niedersachsen","url":"https:\/\/9staedte.de\/sv\/","logo":{"@type":"ImageObject","inLanguage":"sv-SE","@id":"https:\/\/9staedte.de\/sv\/#\/schema\/logo\/image\/","url":"https:\/\/9staedte.de\/wp-content\/uploads\/2025\/01\/9-neg-deutsch-2-1.png","contentUrl":"https:\/\/9staedte.de\/wp-content\/uploads\/2025\/01\/9-neg-deutsch-2-1.png","width":190,"height":114,"caption":"9 St\u00e4dte in Niedersachsen"},"image":{"@id":"https:\/\/9staedte.de\/sv\/#\/schema\/logo\/image\/"}}]}},"_links":{"self":[{"href":"https:\/\/9staedte.de\/sv\/wp-json\/wp\/v2\/pages\/14254","targetHints":{"allow":["GET"]}}],"collection":[{"href":"https:\/\/9staedte.de\/sv\/wp-json\/wp\/v2\/pages"}],"about":[{"href":"https:\/\/9staedte.de\/sv\/wp-json\/wp\/v2\/types\/page"}],"author":[{"embeddable":true,"href":"https:\/\/9staedte.de\/sv\/wp-json\/wp\/v2\/users\/1"}],"replies":[{"embeddable":true,"href":"https:\/\/9staedte.de\/sv\/wp-json\/wp\/v2\/comments?post=14254"}],"version-history":[{"count":1,"href":"https:\/\/9staedte.de\/sv\/wp-json\/wp\/v2\/pages\/14254\/revisions"}],"predecessor-version":[{"id":14260,"href":"https:\/\/9staedte.de\/sv\/wp-json\/wp\/v2\/pages\/14254\/revisions\/14260"}],"up":[{"embeddable":true,"href":"https:\/\/9staedte.de\/sv\/wp-json\/wp\/v2\/pages\/14588"}],"wp:featuredmedia":[{"embeddable":true,"href":"https:\/\/9staedte.de\/sv\/wp-json\/wp\/v2\/media\/14258"}],"wp:attachment":[{"href":"https:\/\/9staedte.de\/sv\/wp-json\/wp\/v2\/media?parent=14254"}],"wp:term":[{"taxonomy":"category","embeddable":true,"href":"https:\/\/9staedte.de\/sv\/wp-json\/wp\/v2\/categories?post=14254"},{"taxonomy":"post_tag","embeddable":true,"href":"https:\/\/9staedte.de\/sv\/wp-json\/wp\/v2\/tags?post=14254"},{"taxonomy":"ncap_cities_tax","embeddable":true,"href":"https:\/\/9staedte.de\/sv\/wp-json\/wp\/v2\/ncap_cities_tax?post=14254"}],"curies":[{"name":"wp","href":"https:\/\/api.w.org\/{rel}","templated":true}]}}