{"id":14245,"date":"2023-10-25T16:22:28","date_gmt":"2023-10-25T14:22:28","guid":{"rendered":"https:\/\/9staedte.de\/naturupplevelser-och-haallbarhet-i-celle\/"},"modified":"2025-05-08T15:08:57","modified_gmt":"2025-05-08T13:08:57","slug":"naturupplevelser-och-haallbarhet-i-celle","status":"publish","type":"page","link":"https:\/\/9staedte.de\/sv\/celle-vacker-residensstad\/naturupplevelser-och-haallbarhet-i-celle\/","title":{"rendered":"Naturupplevelser och h\u00e5llbarhet i Celle"},"content":{"rendered":"\n<h2 class=\"wp-block-heading\">Celle &#8211; uppt\u00e4ck h\u00e5llbart<\/h2>\n\n\n\n<p>Celle har sedan 2017 certifierats med TourCerts utm\u00e4rkelse &#8221;h\u00e5llbart resm\u00e5l&#8221; och \u00e4r d\u00e4rmed den f\u00f6rsta h\u00e5llbara staden i hela norra Tyskland. Vi \u00e4r engagerade i h\u00e5llbarhet och arbetar tillsammans med v\u00e5ra h\u00e5llbara partners fr\u00e5n omr\u00e5dena boende, gastronomi, konferensindustri, turistattraktioner, detaljhandel, leverant\u00f6rer och transportf\u00f6retag f\u00f6r att g\u00f6ra h\u00e5llbarhet till en p\u00e5taglig upplevelse f\u00f6r v\u00e5ra g\u00e4ster l\u00e4ngs hela servicekedjan. Vi har \u00e5tagit oss att bevara Celles unika och typiska kulturminnesm\u00e4rkta korsvirkeshus och byggnader, uppr\u00e4tth\u00e5lla traditioner, fr\u00e4mja regionalism och skydda naturlandskap f\u00f6r att bevara identiteten och karakt\u00e4ren hos v\u00e5r region. Vi vill vara en multiplikator f\u00f6r id\u00e9n om h\u00e5llbarhet i v\u00e5r stad och d\u00e4rmed gradvis inspirera fler och fler g\u00e4ster, inv\u00e5nare och \u00e4ven lokala tj\u00e4nsteleverant\u00f6rer med \u00e4mnet och involvera dem i processen f\u00f6r v\u00e5r utveckling. Ett s\u00e4tt som alla kan bidra p\u00e5 \u00e4r att resa med buss och t\u00e5g. Det \u00e4r inget problem i Celle tack vare v\u00e5rt v\u00e4l utbyggda linjen\u00e4t. Vi ser fram emot ditt bes\u00f6k!<\/p>\n\n\n\n\n<div class=\"banner-wrapper\">\n  <div class=\"banner-inner \">\n      <div class=\"img-container\">\n      <div class=\"img-wrapper\">\n        <img decoding=\"async\" src=\"https:\/\/9staedte.de\/wp-content\/smush-webp\/2023\/02\/celle-radfahren-familie-c-Stadt-Celle.jpg.webp\" alt=\"Bilden visar en familj som cyklar i Celle. Ett barn cyklar f\u00f6rst p\u00e5 en liten cykel. Tv\u00e5 vuxna cyklar bakom barnet. Familjen cyklar p\u00e5 en v\u00e4g i gr\u00f6n natur. Solen skiner. Alla har roligt.\" \/>\n                  <div class=\"thumbnail-label\">\n            <span>celle-radfahren-familie c) Stadt Celle<\/span>\n          <\/div>\n              <\/div>\n    <\/div>\n        <div class=\"text-container\">\n      <div class=\"content\">\n        <h2>Upplev Celle p\u00e5 ett h\u00e5llbart s\u00e4tt: 9 tips<\/h2>\n<p>&#8211; <a href=\"https:\/\/www.allerradweg.de\/region-celle0.html\"><b>En cykeltur p\u00e5 Allerradweg<\/b><\/a> &#8211; precis det r\u00e4tta f\u00f6r att koppla av i naturen<\/p>\n<p>&#8211; <a href=\"https:\/\/www.heidschnuckenweg.de\/etappe\/8751\/heidschnuckeweg-etappe-13.html\"><b>Heidschnuckenweg<\/b><\/a> &#8211; Vad s\u00e4gs om en vandring genom hedlandskapet p\u00e5 norra Tysklands vackraste vandringsled?<\/p>\n<p>&#8211; <a href=\"https:\/\/www.reiseland-niedersachsen.de\/erleben\/urlaub-am-wasser\/kanutouren\/kanutour-aller\"><b>Kanotpaddling p\u00e5 Aller<\/b><\/a> &#8211; Upplev v\u00e5r region och dess natur fr\u00e5n ett annat perspektiv<\/p>\n<p>&#8211; <a href=\"https:\/\/www.laves.niedersachsen.de\/tiere\/bienenkunde\/bienenkunde-73177.html\"><b>Bi-institut<\/b><\/a> &#8211; Uppt\u00e4ck binas v\u00e4rld p\u00e5 en guidad tur i v\u00e5rt bi-institut<\/p>\n<p>&#8211; <a href=\"https:\/\/cafe-kraeuthaer.de\/heilpflanzengarten.html\"><b>Medicinalv\u00e4xttr\u00e4dg\u00e5rd<\/b><\/a> &#8211; Bes\u00f6k en av de st\u00f6rsta medicinalv\u00e4xttr\u00e4dg\u00e5rdarna i Europa<\/p>\n<p>&#8211; <a href=\"https:\/\/www.celle.de\/Leben\/Einkaufen\/Wochenm%C3%A4rkte\/\"><b>Veckomarknad<\/b><\/a>&#8211; H\u00e4r kan du uppleva regionala f\u00e4rskvaror varje onsdag och l\u00f6rdag<\/p>\n<p>&#8211; <a href=\"https:\/\/celler-badeland.de\/\"><b>Celle Badeland<\/b><\/a> &#8211; Ta reda p\u00e5 h\u00e4r innan ditt bes\u00f6k varf\u00f6r Celle Badeland \u00e4r h\u00e5llbart<\/p>\n<p>&#8211; <a href=\"https:\/\/www.alterprovisor-celle.de\/\"><b>Alter Provisor<\/b><\/a> &#8211; Tradition och hantverk fr\u00e5n svunna tider &#8211; det \u00e4r vad du hittar i v\u00e5r \u00f6rtlik\u00f6r fr\u00e5n Celle.<\/p>\n<p>&#8211; <a href=\"https:\/\/bauhaus.celle-tourismus.de\/\"><b>Bauhaus-tur<\/b><\/a> &#8211; Uppt\u00e4ck arkitektur i den v\u00e4rldsber\u00f6mda Bauhaus-stilen av Otto Haesler, f\u00f6rmodligen den viktigaste arkitekten p\u00e5 sin tid<\/p>\n      <\/div>\n    <\/div>\n    <\/div>\n<\/div>\n\n\n\n\n<h2 class=\"wp-block-heading\">Hotell Blumenlage<\/h2>\n\n\n\n<p>H\u00e5llbarhet har m\u00e5nga aspekter i Celle. Hoeft ger ett ansikte \u00e5t en av dessa med sitt integrativa Hotel Blumlage. P\u00e5 detta unika hotell arbetar man med stort hj\u00e4rta och sj\u00e4l f\u00f6r att inkludera personer med funktionsneds\u00e4ttning, och social h\u00e5llbarhet \u00e4r ett viktigt ledord. Hotel Blumlage \u00e4r en av v\u00e5ra h\u00e5llbara partners och erbjuder ett h\u00e5llbart paket.<\/p>\n\n\n\n<p><a href=\"https:\/\/www.blumlage.com\/\">H\u00e4r<\/a> kan du se hur h\u00e5llbarhetsarbetet bedrivs p\u00e5 Hotel Blumlage:<\/p>\n","protected":false},"excerpt":{"rendered":"<p>Celle &#8211; uppt\u00e4ck h\u00e5llbart Celle har sedan 2017 certifierats med TourCerts utm\u00e4rkelse &#8221;h\u00e5llbart resm\u00e5l&#8221; och \u00e4r d\u00e4rmed den f\u00f6rsta h\u00e5llbara staden i hela norra Tyskland. Vi \u00e4r engagerade i h\u00e5llbarhet och arbetar tillsammans med v\u00e5ra h\u00e5llbara partners fr\u00e5n omr\u00e5dena boende, gastronomi, konferensindustri, turistattraktioner, detaljhandel, leverant\u00f6rer och transportf\u00f6retag f\u00f6r att g\u00f6ra h\u00e5llbarhet till en p\u00e5taglig upplevelse [&hellip;]<\/p>\n","protected":false},"author":1,"featured_media":13704,"parent":14588,"menu_order":0,"comment_status":"closed","ping_status":"closed","template":"pagetemplates\/template-stadtthema.php","meta":{"_acf_changed":false,"footnotes":""},"categories":[],"tags":[],"ncap_cities_tax":[428,925],"class_list":["post-14245","page","type-page","status-publish","has-post-thumbnail","hentry","ncap_cities_tax-celle-sv","ncap_cities_tax-naturerlebnisse-und-nachhaltigkeit-celle-sv"],"acf":[],"yoast_head":"<!-- This site is optimized with the Yoast SEO plugin v26.8 - https:\/\/yoast.com\/product\/yoast-seo-wordpress\/ -->\n<title>Naturupplevelser och h\u00e5llbarhet i Celle - 9 St\u00e4dte in Niedersachsen<\/title>\n<meta name=\"robots\" content=\"index, follow, max-snippet:-1, max-image-preview:large, max-video-preview:-1\" \/>\n<link rel=\"canonical\" href=\"https:\/\/9staedte.de\/sv\/celle-vacker-residensstad\/naturupplevelser-och-haallbarhet-i-celle\/\" \/>\n<meta property=\"og:locale\" content=\"sv_SE\" \/>\n<meta property=\"og:type\" content=\"article\" \/>\n<meta property=\"og:title\" content=\"Naturupplevelser och h\u00e5llbarhet i Celle - 9 St\u00e4dte in Niedersachsen\" \/>\n<meta property=\"og:description\" content=\"Celle &#8211; uppt\u00e4ck h\u00e5llbart Celle har sedan 2017 certifierats med TourCerts utm\u00e4rkelse &#8221;h\u00e5llbart resm\u00e5l&#8221; och \u00e4r d\u00e4rmed den f\u00f6rsta h\u00e5llbara staden i hela norra Tyskland. Vi \u00e4r engagerade i h\u00e5llbarhet och arbetar tillsammans med v\u00e5ra h\u00e5llbara partners fr\u00e5n omr\u00e5dena boende, gastronomi, konferensindustri, turistattraktioner, detaljhandel, leverant\u00f6rer och transportf\u00f6retag f\u00f6r att g\u00f6ra h\u00e5llbarhet till en p\u00e5taglig upplevelse [&hellip;]\" \/>\n<meta property=\"og:url\" content=\"https:\/\/9staedte.de\/sv\/celle-vacker-residensstad\/naturupplevelser-och-haallbarhet-i-celle\/\" \/>\n<meta property=\"og:site_name\" content=\"9 St\u00e4dte in Niedersachsen\" \/>\n<meta property=\"article:modified_time\" content=\"2025-05-08T13:08:57+00:00\" \/>\n<meta property=\"og:image\" content=\"https:\/\/9staedte.de\/wp-content\/uploads\/2023\/02\/celle-franzoeischer-garten-fruehling-c-Stadt-Celle.jpg\" \/>\n\t<meta property=\"og:image:width\" content=\"1020\" \/>\n\t<meta property=\"og:image:height\" content=\"587\" \/>\n\t<meta property=\"og:image:type\" content=\"image\/jpeg\" \/>\n<meta name=\"twitter:card\" content=\"summary_large_image\" \/>\n<meta name=\"twitter:label1\" content=\"Ber\u00e4knad l\u00e4stid\" \/>\n\t<meta name=\"twitter:data1\" content=\"2 minuter\" \/>\n<script type=\"application\/ld+json\" class=\"yoast-schema-graph\">{\"@context\":\"https:\/\/schema.org\",\"@graph\":[{\"@type\":\"WebPage\",\"@id\":\"https:\/\/9staedte.de\/sv\/celle-vacker-residensstad\/naturupplevelser-och-haallbarhet-i-celle\/\",\"url\":\"https:\/\/9staedte.de\/sv\/celle-vacker-residensstad\/naturupplevelser-och-haallbarhet-i-celle\/\",\"name\":\"Naturupplevelser och h\u00e5llbarhet i Celle - 9 St\u00e4dte in Niedersachsen\",\"isPartOf\":{\"@id\":\"https:\/\/9staedte.de\/sv\/#website\"},\"primaryImageOfPage\":{\"@id\":\"https:\/\/9staedte.de\/sv\/celle-vacker-residensstad\/naturupplevelser-och-haallbarhet-i-celle\/#primaryimage\"},\"image\":{\"@id\":\"https:\/\/9staedte.de\/sv\/celle-vacker-residensstad\/naturupplevelser-och-haallbarhet-i-celle\/#primaryimage\"},\"thumbnailUrl\":\"https:\/\/9staedte.de\/wp-content\/uploads\/2023\/02\/celle-franzoeischer-garten-fruehling-c-Stadt-Celle.jpg\",\"datePublished\":\"2023-10-25T14:22:28+00:00\",\"dateModified\":\"2025-05-08T13:08:57+00:00\",\"breadcrumb\":{\"@id\":\"https:\/\/9staedte.de\/sv\/celle-vacker-residensstad\/naturupplevelser-och-haallbarhet-i-celle\/#breadcrumb\"},\"inLanguage\":\"sv-SE\",\"potentialAction\":[{\"@type\":\"ReadAction\",\"target\":[\"https:\/\/9staedte.de\/sv\/celle-vacker-residensstad\/naturupplevelser-och-haallbarhet-i-celle\/\"]}]},{\"@type\":\"ImageObject\",\"inLanguage\":\"sv-SE\",\"@id\":\"https:\/\/9staedte.de\/sv\/celle-vacker-residensstad\/naturupplevelser-och-haallbarhet-i-celle\/#primaryimage\",\"url\":\"https:\/\/9staedte.de\/wp-content\/uploads\/2023\/02\/celle-franzoeischer-garten-fruehling-c-Stadt-Celle.jpg\",\"contentUrl\":\"https:\/\/9staedte.de\/wp-content\/uploads\/2023\/02\/celle-franzoeischer-garten-fruehling-c-Stadt-Celle.jpg\",\"width\":1020,\"height\":587,\"caption\":\"celle-franzoeischer-garten-fruehling c) Stadt Celle\"},{\"@type\":\"BreadcrumbList\",\"@id\":\"https:\/\/9staedte.de\/sv\/celle-vacker-residensstad\/naturupplevelser-och-haallbarhet-i-celle\/#breadcrumb\",\"itemListElement\":[{\"@type\":\"ListItem\",\"position\":1,\"name\":\"Startseite\",\"item\":\"https:\/\/9staedte.de\/sv\/\"},{\"@type\":\"ListItem\",\"position\":2,\"name\":\"Celle &#8211; Vacker residensstad\",\"item\":\"https:\/\/9staedte.de\/sv\/celle-vacker-residensstad\/\"},{\"@type\":\"ListItem\",\"position\":3,\"name\":\"Naturupplevelser och h\u00e5llbarhet i Celle\"}]},{\"@type\":\"WebSite\",\"@id\":\"https:\/\/9staedte.de\/sv\/#website\",\"url\":\"https:\/\/9staedte.de\/sv\/\",\"name\":\"9 St\u00e4dte in Niedersachsen\",\"description\":\"\",\"publisher\":{\"@id\":\"https:\/\/9staedte.de\/sv\/#organization\"},\"potentialAction\":[{\"@type\":\"SearchAction\",\"target\":{\"@type\":\"EntryPoint\",\"urlTemplate\":\"https:\/\/9staedte.de\/sv\/?s={search_term_string}\"},\"query-input\":{\"@type\":\"PropertyValueSpecification\",\"valueRequired\":true,\"valueName\":\"search_term_string\"}}],\"inLanguage\":\"sv-SE\"},{\"@type\":\"Organization\",\"@id\":\"https:\/\/9staedte.de\/sv\/#organization\",\"name\":\"9 St\u00e4dte in Niedersachsen\",\"url\":\"https:\/\/9staedte.de\/sv\/\",\"logo\":{\"@type\":\"ImageObject\",\"inLanguage\":\"sv-SE\",\"@id\":\"https:\/\/9staedte.de\/sv\/#\/schema\/logo\/image\/\",\"url\":\"https:\/\/9staedte.de\/wp-content\/uploads\/2025\/01\/9-neg-deutsch-2-1.png\",\"contentUrl\":\"https:\/\/9staedte.de\/wp-content\/uploads\/2025\/01\/9-neg-deutsch-2-1.png\",\"width\":190,\"height\":114,\"caption\":\"9 St\u00e4dte in Niedersachsen\"},\"image\":{\"@id\":\"https:\/\/9staedte.de\/sv\/#\/schema\/logo\/image\/\"}}]}<\/script>\n<!-- \/ Yoast SEO plugin. -->","yoast_head_json":{"title":"Naturupplevelser och h\u00e5llbarhet i Celle - 9 St\u00e4dte in Niedersachsen","robots":{"index":"index","follow":"follow","max-snippet":"max-snippet:-1","max-image-preview":"max-image-preview:large","max-video-preview":"max-video-preview:-1"},"canonical":"https:\/\/9staedte.de\/sv\/celle-vacker-residensstad\/naturupplevelser-och-haallbarhet-i-celle\/","og_locale":"sv_SE","og_type":"article","og_title":"Naturupplevelser och h\u00e5llbarhet i Celle - 9 St\u00e4dte in Niedersachsen","og_description":"Celle &#8211; uppt\u00e4ck h\u00e5llbart Celle har sedan 2017 certifierats med TourCerts utm\u00e4rkelse &#8221;h\u00e5llbart resm\u00e5l&#8221; och \u00e4r d\u00e4rmed den f\u00f6rsta h\u00e5llbara staden i hela norra Tyskland. Vi \u00e4r engagerade i h\u00e5llbarhet och arbetar tillsammans med v\u00e5ra h\u00e5llbara partners fr\u00e5n omr\u00e5dena boende, gastronomi, konferensindustri, turistattraktioner, detaljhandel, leverant\u00f6rer och transportf\u00f6retag f\u00f6r att g\u00f6ra h\u00e5llbarhet till en p\u00e5taglig upplevelse [&hellip;]","og_url":"https:\/\/9staedte.de\/sv\/celle-vacker-residensstad\/naturupplevelser-och-haallbarhet-i-celle\/","og_site_name":"9 St\u00e4dte in Niedersachsen","article_modified_time":"2025-05-08T13:08:57+00:00","og_image":[{"width":1020,"height":587,"url":"https:\/\/9staedte.de\/wp-content\/uploads\/2023\/02\/celle-franzoeischer-garten-fruehling-c-Stadt-Celle.jpg","type":"image\/jpeg"}],"twitter_card":"summary_large_image","twitter_misc":{"Ber\u00e4knad l\u00e4stid":"2 minuter"},"schema":{"@context":"https:\/\/schema.org","@graph":[{"@type":"WebPage","@id":"https:\/\/9staedte.de\/sv\/celle-vacker-residensstad\/naturupplevelser-och-haallbarhet-i-celle\/","url":"https:\/\/9staedte.de\/sv\/celle-vacker-residensstad\/naturupplevelser-och-haallbarhet-i-celle\/","name":"Naturupplevelser och h\u00e5llbarhet i Celle - 9 St\u00e4dte in Niedersachsen","isPartOf":{"@id":"https:\/\/9staedte.de\/sv\/#website"},"primaryImageOfPage":{"@id":"https:\/\/9staedte.de\/sv\/celle-vacker-residensstad\/naturupplevelser-och-haallbarhet-i-celle\/#primaryimage"},"image":{"@id":"https:\/\/9staedte.de\/sv\/celle-vacker-residensstad\/naturupplevelser-och-haallbarhet-i-celle\/#primaryimage"},"thumbnailUrl":"https:\/\/9staedte.de\/wp-content\/uploads\/2023\/02\/celle-franzoeischer-garten-fruehling-c-Stadt-Celle.jpg","datePublished":"2023-10-25T14:22:28+00:00","dateModified":"2025-05-08T13:08:57+00:00","breadcrumb":{"@id":"https:\/\/9staedte.de\/sv\/celle-vacker-residensstad\/naturupplevelser-och-haallbarhet-i-celle\/#breadcrumb"},"inLanguage":"sv-SE","potentialAction":[{"@type":"ReadAction","target":["https:\/\/9staedte.de\/sv\/celle-vacker-residensstad\/naturupplevelser-och-haallbarhet-i-celle\/"]}]},{"@type":"ImageObject","inLanguage":"sv-SE","@id":"https:\/\/9staedte.de\/sv\/celle-vacker-residensstad\/naturupplevelser-och-haallbarhet-i-celle\/#primaryimage","url":"https:\/\/9staedte.de\/wp-content\/uploads\/2023\/02\/celle-franzoeischer-garten-fruehling-c-Stadt-Celle.jpg","contentUrl":"https:\/\/9staedte.de\/wp-content\/uploads\/2023\/02\/celle-franzoeischer-garten-fruehling-c-Stadt-Celle.jpg","width":1020,"height":587,"caption":"celle-franzoeischer-garten-fruehling c) Stadt Celle"},{"@type":"BreadcrumbList","@id":"https:\/\/9staedte.de\/sv\/celle-vacker-residensstad\/naturupplevelser-och-haallbarhet-i-celle\/#breadcrumb","itemListElement":[{"@type":"ListItem","position":1,"name":"Startseite","item":"https:\/\/9staedte.de\/sv\/"},{"@type":"ListItem","position":2,"name":"Celle &#8211; Vacker residensstad","item":"https:\/\/9staedte.de\/sv\/celle-vacker-residensstad\/"},{"@type":"ListItem","position":3,"name":"Naturupplevelser och h\u00e5llbarhet i Celle"}]},{"@type":"WebSite","@id":"https:\/\/9staedte.de\/sv\/#website","url":"https:\/\/9staedte.de\/sv\/","name":"9 St\u00e4dte in Niedersachsen","description":"","publisher":{"@id":"https:\/\/9staedte.de\/sv\/#organization"},"potentialAction":[{"@type":"SearchAction","target":{"@type":"EntryPoint","urlTemplate":"https:\/\/9staedte.de\/sv\/?s={search_term_string}"},"query-input":{"@type":"PropertyValueSpecification","valueRequired":true,"valueName":"search_term_string"}}],"inLanguage":"sv-SE"},{"@type":"Organization","@id":"https:\/\/9staedte.de\/sv\/#organization","name":"9 St\u00e4dte in Niedersachsen","url":"https:\/\/9staedte.de\/sv\/","logo":{"@type":"ImageObject","inLanguage":"sv-SE","@id":"https:\/\/9staedte.de\/sv\/#\/schema\/logo\/image\/","url":"https:\/\/9staedte.de\/wp-content\/uploads\/2025\/01\/9-neg-deutsch-2-1.png","contentUrl":"https:\/\/9staedte.de\/wp-content\/uploads\/2025\/01\/9-neg-deutsch-2-1.png","width":190,"height":114,"caption":"9 St\u00e4dte in Niedersachsen"},"image":{"@id":"https:\/\/9staedte.de\/sv\/#\/schema\/logo\/image\/"}}]}},"_links":{"self":[{"href":"https:\/\/9staedte.de\/sv\/wp-json\/wp\/v2\/pages\/14245","targetHints":{"allow":["GET"]}}],"collection":[{"href":"https:\/\/9staedte.de\/sv\/wp-json\/wp\/v2\/pages"}],"about":[{"href":"https:\/\/9staedte.de\/sv\/wp-json\/wp\/v2\/types\/page"}],"author":[{"embeddable":true,"href":"https:\/\/9staedte.de\/sv\/wp-json\/wp\/v2\/users\/1"}],"replies":[{"embeddable":true,"href":"https:\/\/9staedte.de\/sv\/wp-json\/wp\/v2\/comments?post=14245"}],"version-history":[{"count":4,"href":"https:\/\/9staedte.de\/sv\/wp-json\/wp\/v2\/pages\/14245\/revisions"}],"predecessor-version":[{"id":25418,"href":"https:\/\/9staedte.de\/sv\/wp-json\/wp\/v2\/pages\/14245\/revisions\/25418"}],"up":[{"embeddable":true,"href":"https:\/\/9staedte.de\/sv\/wp-json\/wp\/v2\/pages\/14588"}],"wp:featuredmedia":[{"embeddable":true,"href":"https:\/\/9staedte.de\/sv\/wp-json\/wp\/v2\/media\/13704"}],"wp:attachment":[{"href":"https:\/\/9staedte.de\/sv\/wp-json\/wp\/v2\/media?parent=14245"}],"wp:term":[{"taxonomy":"category","embeddable":true,"href":"https:\/\/9staedte.de\/sv\/wp-json\/wp\/v2\/categories?post=14245"},{"taxonomy":"post_tag","embeddable":true,"href":"https:\/\/9staedte.de\/sv\/wp-json\/wp\/v2\/tags?post=14245"},{"taxonomy":"ncap_cities_tax","embeddable":true,"href":"https:\/\/9staedte.de\/sv\/wp-json\/wp\/v2\/ncap_cities_tax?post=14245"}],"curies":[{"name":"wp","href":"https:\/\/api.w.org\/{rel}","templated":true}]}}