{"id":14241,"date":"2023-10-25T16:23:11","date_gmt":"2023-10-25T14:23:11","guid":{"rendered":"https:\/\/9staedte.de\/julmarknad-i-goslar\/"},"modified":"2026-03-23T13:13:33","modified_gmt":"2026-03-23T12:13:33","slug":"julmarknad-i-goslar","status":"publish","type":"page","link":"https:\/\/9staedte.de\/sv\/goslar-vaerldsarv-i-harzbergen\/julmarknad-i-goslar\/","title":{"rendered":"Julmarknad i Goslar"},"content":{"rendered":"\n<h2 class=\"wp-block-heading\">Julmarknad och julskog<\/h2>\n\n<p>Varje \u00e5r str\u00e5lar Goslar i julskrud: p\u00e5 julmarknaden sprider sig en f\u00f6rf\u00f6risk doft av kanel, bakade \u00e4pplen, rostade mandlar &#8211; det \u00e4r jul i luften! I en romantisk inramning av marknadstorget ligger 80 k\u00e4rleksfullt inredda tr\u00e4hyddor som inbjuder till promenader och festm\u00e5ltider. En s\u00e4rskild h\u00f6jdpunkt \u00e4r julskogen. Omgiven av 60 upplysta barrtr\u00e4d kan man njuta av en varm dryck. Den st\u00e4mningsfulla belysningen och det livliga folklivet g\u00f6r adventstiden till en upplevelse ut\u00f6ver det vanliga.<br\/>Sedan i \u00e5r \u00e4r julmarknaden i Goslar officiellt en av de vackraste i Europa och har f\u00e5tt utm\u00e4rkelsen &#8221;Excellent European Christmas Market 2025&#8221;.    <\/p>\n\n<p><a href=\"https:\/\/www.weihnachtswald.de\/\" target=\"_blank\" rel=\"noreferrer noopener\">Ytterligare information<\/a><\/p>\n\n\n<div class=\"banner-wrapper\">\n  <div class=\"banner-inner \">\n      <div class=\"img-container\">\n      <div class=\"img-wrapper\">\n        <img decoding=\"async\" src=\"https:\/\/9staedte.de\/wp-content\/smush-webp\/2025\/09\/Goslar_Weihnachtswald_GOSLAR_marketing_gmbh_Michael_Abid.jpg.webp\" alt=\"Bilden visar en julmarknad i Goslar. M\u00e5nga granar st\u00e5r p\u00e5 torget. Tr\u00e4den lyser med m\u00e5nga sm\u00e5 ljus. Husen runt torget \u00e4r byggda i korsvirkesstil.\" \/>\n                  <div class=\"thumbnail-label\">\n            <span>Goslar Weihnachtswald c) GOSLAR marketing gmbh Michael_Abid<\/span>\n          <\/div>\n              <\/div>\n    <\/div>\n        <div class=\"text-container\">\n      <div class=\"content\">\n        <p class=\"h3\"><strong>9 tips f\u00f6r att bes\u00f6ka julmarknaden i Goslar<\/strong><\/p>\n<ul>\n<li>Upplev en romantisk atmosf\u00e4r i julskogen bland 160.000 ljus<\/li>\n<li>Njut av en fantastisk utsikt fr\u00e5n Marktkirchens skylift<\/li>\n<li>Julverkstad f\u00f6r barn<\/li>\n<li>Jul p\u00e5 Rammelsberg b\u00e5de ovan och under jord<\/li>\n<li>Advent med konst och hantverk i Stora Heliga Korset<\/li>\n<li>Familjeeftermiddag den 10 december<\/li>\n<li>X-MAS-fester i helgen<\/li>\n<li>St\u00f6dprogram f\u00f6re jul<\/li>\n<li>Julshopping l\u00e4ngs festligt upplysta shoppinggator<\/li>\n<\/ul>\n      <\/div>\n    <\/div>\n    <\/div>\n<\/div>\n\n\n<div class=\"wp-block-columns is-layout-flex wp-container-core-columns-is-layout-9d6595d7 wp-block-columns-is-layout-flex\">\n<div class=\"wp-block-column is-layout-flow wp-block-column-is-layout-flow\" style=\"flex-basis:66.66%\">\n <div class=\"brlbs-cmpnt-container brlbs-cmpnt-content-blocker brlbs-cmpnt-with-individual-styles\" data-borlabs-cookie-content-blocker-id=\"google-maps\" data-borlabs-cookie-content=\"PGlmcmFtZSBzcmM9Imh0dHBzOi8vd3d3Lmdvb2dsZS5jb20vbWFwcy9kL3UvMC9lbWJlZD9taWQ9MVFvdXdCT2xzZGs4VlVBQ0JqYVBSNV9GVkdoT01SWkkmZWhiYz0yRTMxMkYiIHdpZHRoPSI2NDAiIGhlaWdodD0iNDgwIj48L2lmcmFtZT4=\"><div class=\"brlbs-cmpnt-cb-preset-b brlbs-cmpnt-cb-google-maps\"> <div class=\"brlbs-cmpnt-cb-thumbnail\" style=\"background-image: url('https:\/\/9staedte.de\/wp-content\/uploads\/borlabs-cookie\/1\/brlbs-cb-google-maps-main.png')\"><\/div> <div class=\"brlbs-cmpnt-cb-main\"> <div class=\"brlbs-cmpnt-cb-content\"> <p class=\"brlbs-cmpnt-cb-description\">You are currently viewing a placeholder content from <strong>Google Maps<\/strong>. To access the actual content, click the button below. Please note that doing so will share data with third-party providers.<\/p> <a class=\"brlbs-cmpnt-cb-provider-toggle\" href=\"#\" data-borlabs-cookie-show-provider-information role=\"button\">More Information<\/a> <\/div> <div class=\"brlbs-cmpnt-cb-buttons\"> <a class=\"brlbs-cmpnt-cb-btn\" href=\"#\" data-borlabs-cookie-unblock role=\"button\">Unblock content<\/a> <a class=\"brlbs-cmpnt-cb-btn\" href=\"#\" data-borlabs-cookie-accept-service role=\"button\" style=\"display: inherit\">Accept required service and unblock content<\/a> <\/div> <\/div> <\/div><\/div>\n<\/div>\n\n\n\n<div class=\"wp-block-column is-layout-flow wp-block-column-is-layout-flow\" style=\"flex-basis:33.33%\">\n<h4 class=\"wp-block-heading\">Julmarknader i Goslar<\/h4>\n\n\n\n<ul class=\"wp-block-list map-legend main-legend\">\n<li>Julmarknad (Marknadstorget)<\/li>\n\n\n\n<li>Julskog (Shoe Yard)<\/li>\n\n\n\n<li>Jul i Rammelsberg<\/li>\n<\/ul>\n<\/div>\n<\/div>\n\n<p><\/p>\n","protected":false},"excerpt":{"rendered":"<p>Julmarknad och julskog Varje \u00e5r str\u00e5lar Goslar i julskrud: p\u00e5 julmarknaden sprider sig en f\u00f6rf\u00f6risk doft av kanel, bakade \u00e4pplen, rostade mandlar &#8211; det \u00e4r jul i luften! I en romantisk inramning av marknadstorget ligger 80 k\u00e4rleksfullt inredda tr\u00e4hyddor som inbjuder till promenader och festm\u00e5ltider. En s\u00e4rskild h\u00f6jdpunkt \u00e4r julskogen. Omgiven av 60 upplysta barrtr\u00e4d [&hellip;]<\/p>\n","protected":false},"author":1,"featured_media":24574,"parent":14563,"menu_order":0,"comment_status":"closed","ping_status":"closed","template":"pagetemplates\/template-stadtthema.php","meta":{"_acf_changed":false,"footnotes":""},"categories":[],"tags":[],"ncap_cities_tax":[442,512],"class_list":["post-14241","page","type-page","status-publish","has-post-thumbnail","hentry","ncap_cities_tax-goslar-sv","ncap_cities_tax-weihnachtsmarkte-goslar-sv"],"acf":[],"yoast_head":"<!-- This site is optimized with the Yoast SEO plugin v27.4 - https:\/\/yoast.com\/product\/yoast-seo-wordpress\/ -->\n<title>Julmarknad i Goslar - 9 St\u00e4dte in Niedersachsen<\/title>\n<meta name=\"description\" content=\"Mot bakgrund av marknadstorget bjuder k\u00e4rleksfullt dekorerade tr\u00e4hyddor in till fest. En s\u00e4rskild h\u00f6jdpunkt \u00e4r julskogen.\" \/>\n<meta name=\"robots\" content=\"index, follow, max-snippet:-1, max-image-preview:large, max-video-preview:-1\" \/>\n<link rel=\"canonical\" href=\"https:\/\/9staedte.de\/sv\/goslar-vaerldsarv-i-harzbergen\/julmarknad-i-goslar\/\" \/>\n<meta property=\"og:locale\" content=\"sv_SE\" \/>\n<meta property=\"og:type\" content=\"article\" \/>\n<meta property=\"og:title\" content=\"Julmarknad i Goslar - 9 St\u00e4dte in Niedersachsen\" \/>\n<meta property=\"og:description\" content=\"Mot bakgrund av marknadstorget bjuder k\u00e4rleksfullt dekorerade tr\u00e4hyddor in till fest. En s\u00e4rskild h\u00f6jdpunkt \u00e4r julskogen.\" \/>\n<meta property=\"og:url\" content=\"https:\/\/9staedte.de\/sv\/goslar-vaerldsarv-i-harzbergen\/julmarknad-i-goslar\/\" \/>\n<meta property=\"og:site_name\" content=\"9 St\u00e4dte in Niedersachsen\" \/>\n<meta property=\"article:modified_time\" content=\"2026-03-23T12:13:33+00:00\" \/>\n<meta property=\"og:image\" content=\"https:\/\/9staedte.de\/wp-content\/uploads\/2025\/02\/Goslar-Christmas-Market-Blue-hour-c-GOSLAR-marketing-Michael-Abid.jpg\" \/>\n\t<meta property=\"og:image:width\" content=\"1020\" \/>\n\t<meta property=\"og:image:height\" content=\"560\" \/>\n\t<meta property=\"og:image:type\" content=\"image\/jpeg\" \/>\n<meta name=\"twitter:card\" content=\"summary_large_image\" \/>\n<meta name=\"twitter:label1\" content=\"Ber\u00e4knad l\u00e4stid\" \/>\n\t<meta name=\"twitter:data1\" content=\"1 minut\" \/>\n<script type=\"application\/ld+json\" class=\"yoast-schema-graph\">{\"@context\":\"https:\\\/\\\/schema.org\",\"@graph\":[{\"@type\":\"WebPage\",\"@id\":\"https:\\\/\\\/9staedte.de\\\/sv\\\/goslar-vaerldsarv-i-harzbergen\\\/julmarknad-i-goslar\\\/\",\"url\":\"https:\\\/\\\/9staedte.de\\\/sv\\\/goslar-vaerldsarv-i-harzbergen\\\/julmarknad-i-goslar\\\/\",\"name\":\"Julmarknad i Goslar - 9 St\u00e4dte in Niedersachsen\",\"isPartOf\":{\"@id\":\"https:\\\/\\\/9staedte.de\\\/sv\\\/#website\"},\"primaryImageOfPage\":{\"@id\":\"https:\\\/\\\/9staedte.de\\\/sv\\\/goslar-vaerldsarv-i-harzbergen\\\/julmarknad-i-goslar\\\/#primaryimage\"},\"image\":{\"@id\":\"https:\\\/\\\/9staedte.de\\\/sv\\\/goslar-vaerldsarv-i-harzbergen\\\/julmarknad-i-goslar\\\/#primaryimage\"},\"thumbnailUrl\":\"https:\\\/\\\/9staedte.de\\\/wp-content\\\/uploads\\\/2025\\\/02\\\/Goslar-Christmas-Market-Blue-hour-c-GOSLAR-marketing-Michael-Abid.jpg\",\"datePublished\":\"2023-10-25T14:23:11+00:00\",\"dateModified\":\"2026-03-23T12:13:33+00:00\",\"description\":\"Mot bakgrund av marknadstorget bjuder k\u00e4rleksfullt dekorerade tr\u00e4hyddor in till fest. En s\u00e4rskild h\u00f6jdpunkt \u00e4r julskogen.\",\"breadcrumb\":{\"@id\":\"https:\\\/\\\/9staedte.de\\\/sv\\\/goslar-vaerldsarv-i-harzbergen\\\/julmarknad-i-goslar\\\/#breadcrumb\"},\"inLanguage\":\"sv-SE\",\"potentialAction\":[{\"@type\":\"ReadAction\",\"target\":[\"https:\\\/\\\/9staedte.de\\\/sv\\\/goslar-vaerldsarv-i-harzbergen\\\/julmarknad-i-goslar\\\/\"]}]},{\"@type\":\"ImageObject\",\"inLanguage\":\"sv-SE\",\"@id\":\"https:\\\/\\\/9staedte.de\\\/sv\\\/goslar-vaerldsarv-i-harzbergen\\\/julmarknad-i-goslar\\\/#primaryimage\",\"url\":\"https:\\\/\\\/9staedte.de\\\/wp-content\\\/uploads\\\/2025\\\/02\\\/Goslar-Christmas-Market-Blue-hour-c-GOSLAR-marketing-Michael-Abid.jpg\",\"contentUrl\":\"https:\\\/\\\/9staedte.de\\\/wp-content\\\/uploads\\\/2025\\\/02\\\/Goslar-Christmas-Market-Blue-hour-c-GOSLAR-marketing-Michael-Abid.jpg\",\"width\":1020,\"height\":560,\"caption\":\"Goslar Christmas Market Blue hour c) GOSLAR marketing Michael Abid\"},{\"@type\":\"BreadcrumbList\",\"@id\":\"https:\\\/\\\/9staedte.de\\\/sv\\\/goslar-vaerldsarv-i-harzbergen\\\/julmarknad-i-goslar\\\/#breadcrumb\",\"itemListElement\":[{\"@type\":\"ListItem\",\"position\":1,\"name\":\"Startseite\",\"item\":\"https:\\\/\\\/9staedte.de\\\/sv\\\/\"},{\"@type\":\"ListItem\",\"position\":2,\"name\":\"Goslar &#8211; v\u00e4rldsarv i Harzbergen\",\"item\":\"https:\\\/\\\/9staedte.de\\\/sv\\\/goslar-vaerldsarv-i-harzbergen\\\/\"},{\"@type\":\"ListItem\",\"position\":3,\"name\":\"Julmarknad i Goslar\"}]},{\"@type\":\"WebSite\",\"@id\":\"https:\\\/\\\/9staedte.de\\\/sv\\\/#website\",\"url\":\"https:\\\/\\\/9staedte.de\\\/sv\\\/\",\"name\":\"9 St\u00e4dte in Niedersachsen\",\"description\":\"\",\"publisher\":{\"@id\":\"https:\\\/\\\/9staedte.de\\\/sv\\\/#organization\"},\"potentialAction\":[{\"@type\":\"SearchAction\",\"target\":{\"@type\":\"EntryPoint\",\"urlTemplate\":\"https:\\\/\\\/9staedte.de\\\/sv\\\/?s={search_term_string}\"},\"query-input\":{\"@type\":\"PropertyValueSpecification\",\"valueRequired\":true,\"valueName\":\"search_term_string\"}}],\"inLanguage\":\"sv-SE\"},{\"@type\":\"Organization\",\"@id\":\"https:\\\/\\\/9staedte.de\\\/sv\\\/#organization\",\"name\":\"9 St\u00e4dte in Niedersachsen\",\"url\":\"https:\\\/\\\/9staedte.de\\\/sv\\\/\",\"logo\":{\"@type\":\"ImageObject\",\"inLanguage\":\"sv-SE\",\"@id\":\"https:\\\/\\\/9staedte.de\\\/sv\\\/#\\\/schema\\\/logo\\\/image\\\/\",\"url\":\"https:\\\/\\\/9staedte.de\\\/wp-content\\\/uploads\\\/2025\\\/01\\\/9-neg-deutsch-2-1.png\",\"contentUrl\":\"https:\\\/\\\/9staedte.de\\\/wp-content\\\/uploads\\\/2025\\\/01\\\/9-neg-deutsch-2-1.png\",\"width\":190,\"height\":114,\"caption\":\"9 St\u00e4dte in Niedersachsen\"},\"image\":{\"@id\":\"https:\\\/\\\/9staedte.de\\\/sv\\\/#\\\/schema\\\/logo\\\/image\\\/\"}}]}<\/script>\n<!-- \/ Yoast SEO plugin. -->","yoast_head_json":{"title":"Julmarknad i Goslar - 9 St\u00e4dte in Niedersachsen","description":"Mot bakgrund av marknadstorget bjuder k\u00e4rleksfullt dekorerade tr\u00e4hyddor in till fest. En s\u00e4rskild h\u00f6jdpunkt \u00e4r julskogen.","robots":{"index":"index","follow":"follow","max-snippet":"max-snippet:-1","max-image-preview":"max-image-preview:large","max-video-preview":"max-video-preview:-1"},"canonical":"https:\/\/9staedte.de\/sv\/goslar-vaerldsarv-i-harzbergen\/julmarknad-i-goslar\/","og_locale":"sv_SE","og_type":"article","og_title":"Julmarknad i Goslar - 9 St\u00e4dte in Niedersachsen","og_description":"Mot bakgrund av marknadstorget bjuder k\u00e4rleksfullt dekorerade tr\u00e4hyddor in till fest. En s\u00e4rskild h\u00f6jdpunkt \u00e4r julskogen.","og_url":"https:\/\/9staedte.de\/sv\/goslar-vaerldsarv-i-harzbergen\/julmarknad-i-goslar\/","og_site_name":"9 St\u00e4dte in Niedersachsen","article_modified_time":"2026-03-23T12:13:33+00:00","og_image":[{"width":1020,"height":560,"url":"https:\/\/9staedte.de\/wp-content\/uploads\/2025\/02\/Goslar-Christmas-Market-Blue-hour-c-GOSLAR-marketing-Michael-Abid.jpg","type":"image\/jpeg"}],"twitter_card":"summary_large_image","twitter_misc":{"Ber\u00e4knad l\u00e4stid":"1 minut"},"schema":{"@context":"https:\/\/schema.org","@graph":[{"@type":"WebPage","@id":"https:\/\/9staedte.de\/sv\/goslar-vaerldsarv-i-harzbergen\/julmarknad-i-goslar\/","url":"https:\/\/9staedte.de\/sv\/goslar-vaerldsarv-i-harzbergen\/julmarknad-i-goslar\/","name":"Julmarknad i Goslar - 9 St\u00e4dte in Niedersachsen","isPartOf":{"@id":"https:\/\/9staedte.de\/sv\/#website"},"primaryImageOfPage":{"@id":"https:\/\/9staedte.de\/sv\/goslar-vaerldsarv-i-harzbergen\/julmarknad-i-goslar\/#primaryimage"},"image":{"@id":"https:\/\/9staedte.de\/sv\/goslar-vaerldsarv-i-harzbergen\/julmarknad-i-goslar\/#primaryimage"},"thumbnailUrl":"https:\/\/9staedte.de\/wp-content\/uploads\/2025\/02\/Goslar-Christmas-Market-Blue-hour-c-GOSLAR-marketing-Michael-Abid.jpg","datePublished":"2023-10-25T14:23:11+00:00","dateModified":"2026-03-23T12:13:33+00:00","description":"Mot bakgrund av marknadstorget bjuder k\u00e4rleksfullt dekorerade tr\u00e4hyddor in till fest. En s\u00e4rskild h\u00f6jdpunkt \u00e4r julskogen.","breadcrumb":{"@id":"https:\/\/9staedte.de\/sv\/goslar-vaerldsarv-i-harzbergen\/julmarknad-i-goslar\/#breadcrumb"},"inLanguage":"sv-SE","potentialAction":[{"@type":"ReadAction","target":["https:\/\/9staedte.de\/sv\/goslar-vaerldsarv-i-harzbergen\/julmarknad-i-goslar\/"]}]},{"@type":"ImageObject","inLanguage":"sv-SE","@id":"https:\/\/9staedte.de\/sv\/goslar-vaerldsarv-i-harzbergen\/julmarknad-i-goslar\/#primaryimage","url":"https:\/\/9staedte.de\/wp-content\/uploads\/2025\/02\/Goslar-Christmas-Market-Blue-hour-c-GOSLAR-marketing-Michael-Abid.jpg","contentUrl":"https:\/\/9staedte.de\/wp-content\/uploads\/2025\/02\/Goslar-Christmas-Market-Blue-hour-c-GOSLAR-marketing-Michael-Abid.jpg","width":1020,"height":560,"caption":"Goslar Christmas Market Blue hour c) GOSLAR marketing Michael Abid"},{"@type":"BreadcrumbList","@id":"https:\/\/9staedte.de\/sv\/goslar-vaerldsarv-i-harzbergen\/julmarknad-i-goslar\/#breadcrumb","itemListElement":[{"@type":"ListItem","position":1,"name":"Startseite","item":"https:\/\/9staedte.de\/sv\/"},{"@type":"ListItem","position":2,"name":"Goslar &#8211; v\u00e4rldsarv i Harzbergen","item":"https:\/\/9staedte.de\/sv\/goslar-vaerldsarv-i-harzbergen\/"},{"@type":"ListItem","position":3,"name":"Julmarknad i Goslar"}]},{"@type":"WebSite","@id":"https:\/\/9staedte.de\/sv\/#website","url":"https:\/\/9staedte.de\/sv\/","name":"9 St\u00e4dte in Niedersachsen","description":"","publisher":{"@id":"https:\/\/9staedte.de\/sv\/#organization"},"potentialAction":[{"@type":"SearchAction","target":{"@type":"EntryPoint","urlTemplate":"https:\/\/9staedte.de\/sv\/?s={search_term_string}"},"query-input":{"@type":"PropertyValueSpecification","valueRequired":true,"valueName":"search_term_string"}}],"inLanguage":"sv-SE"},{"@type":"Organization","@id":"https:\/\/9staedte.de\/sv\/#organization","name":"9 St\u00e4dte in Niedersachsen","url":"https:\/\/9staedte.de\/sv\/","logo":{"@type":"ImageObject","inLanguage":"sv-SE","@id":"https:\/\/9staedte.de\/sv\/#\/schema\/logo\/image\/","url":"https:\/\/9staedte.de\/wp-content\/uploads\/2025\/01\/9-neg-deutsch-2-1.png","contentUrl":"https:\/\/9staedte.de\/wp-content\/uploads\/2025\/01\/9-neg-deutsch-2-1.png","width":190,"height":114,"caption":"9 St\u00e4dte in Niedersachsen"},"image":{"@id":"https:\/\/9staedte.de\/sv\/#\/schema\/logo\/image\/"}}]}},"_links":{"self":[{"href":"https:\/\/9staedte.de\/sv\/wp-json\/wp\/v2\/pages\/14241","targetHints":{"allow":["GET"]}}],"collection":[{"href":"https:\/\/9staedte.de\/sv\/wp-json\/wp\/v2\/pages"}],"about":[{"href":"https:\/\/9staedte.de\/sv\/wp-json\/wp\/v2\/types\/page"}],"author":[{"embeddable":true,"href":"https:\/\/9staedte.de\/sv\/wp-json\/wp\/v2\/users\/1"}],"replies":[{"embeddable":true,"href":"https:\/\/9staedte.de\/sv\/wp-json\/wp\/v2\/comments?post=14241"}],"version-history":[{"count":9,"href":"https:\/\/9staedte.de\/sv\/wp-json\/wp\/v2\/pages\/14241\/revisions"}],"predecessor-version":[{"id":27668,"href":"https:\/\/9staedte.de\/sv\/wp-json\/wp\/v2\/pages\/14241\/revisions\/27668"}],"up":[{"embeddable":true,"href":"https:\/\/9staedte.de\/sv\/wp-json\/wp\/v2\/pages\/14563"}],"wp:featuredmedia":[{"embeddable":true,"href":"https:\/\/9staedte.de\/sv\/wp-json\/wp\/v2\/media\/24574"}],"wp:attachment":[{"href":"https:\/\/9staedte.de\/sv\/wp-json\/wp\/v2\/media?parent=14241"}],"wp:term":[{"taxonomy":"category","embeddable":true,"href":"https:\/\/9staedte.de\/sv\/wp-json\/wp\/v2\/categories?post=14241"},{"taxonomy":"post_tag","embeddable":true,"href":"https:\/\/9staedte.de\/sv\/wp-json\/wp\/v2\/tags?post=14241"},{"taxonomy":"ncap_cities_tax","embeddable":true,"href":"https:\/\/9staedte.de\/sv\/wp-json\/wp\/v2\/ncap_cities_tax?post=14241"}],"curies":[{"name":"wp","href":"https:\/\/api.w.org\/{rel}","templated":true}]}}