{"id":14223,"date":"2023-10-25T16:23:15","date_gmt":"2023-10-25T14:23:15","guid":{"rendered":"https:\/\/9staedte.de\/konferenser-och-kongresser-i-goettingen\/"},"modified":"2025-05-05T16:24:57","modified_gmt":"2025-05-05T14:24:57","slug":"konferenser-och-kongresser-i-goettingen","status":"publish","type":"page","link":"https:\/\/9staedte.de\/sv\/goettingen-staden-som-skapar-kunskap\/konferenser-och-kongresser-i-goettingen\/","title":{"rendered":"Konferenser och kongresser i G\u00f6ttingen"},"content":{"rendered":"\n<h2 class=\"wp-block-heading\">Konferenser och kongresser i G\u00f6ttingen &#8211; en bra id\u00e9!<\/h2>\n\n\n\n<p>Konferens- och kongressregionen G\u00f6ttingen ligger centralt mitt i Tyskland och \u00e4r l\u00e4tt att n\u00e5 med t\u00e5g och bil fr\u00e5n alla h\u00e5ll. Det spelar ingen roll om du kommer fr\u00e5n Hamburg, K\u00f6ln, M\u00fcnchen, Stuttgart, Dresden eller Berlin: G\u00f6ttingen kan n\u00e5s p\u00e5 h\u00f6gst fyra timmar med bil. P\u00e5 plats kan du f\u00f6rv\u00e4nta dig imponerande evenemangsplatser, utm\u00e4rkta konferenshotell, totalt 1 600 rum med ca 2 800 b\u00e4ddar, en stad med korta avst\u00e5nd, en varierad omgivning med ett brett utbud av m\u00f6jligheter till incitament och sociala program samt en stark service fr\u00e5n n\u00e4ra knutna partners. Med bil n\u00e5r du enkelt G\u00f6ttingen via Tysklands viktigaste nord-sydliga tangent, A 7, och den nya \u00f6st-v\u00e4stliga f\u00f6rbindelsen, A 38. Varje dag g\u00f6r mer \u00e4n 100 ICE-f\u00f6rbindelser att du kan resa bekv\u00e4mt med t\u00e5g, \u00e4ven fr\u00e5n m\u00e5nga flygplatser. M\u00f6ten i G\u00f6ttingen &#8211; alltid en bra id\u00e9!<\/p>\n\n\n\n<figure class=\"wp-block-image size-full\"><img loading=\"lazy\" decoding=\"async\" width=\"580\" height=\"535\" src=\"https:\/\/9staedte.de\/wp-content\/smush-webp\/2023\/02\/Goettingen-Entfernungsgrafik-D.jpg.webp\" alt=\"\" class=\"wp-image-3979\" srcset=\"https:\/\/9staedte.de\/wp-content\/smush-webp\/2023\/02\/Goettingen-Entfernungsgrafik-D.jpg.webp 580w, https:\/\/9staedte.de\/wp-content\/smush-webp\/2023\/02\/Goettingen-Entfernungsgrafik-D-300x277.jpg.webp 300w\" sizes=\"auto, (max-width: 580px) 100vw, 580px\" \/><\/figure>\n\n\n\n\n<div class=\"banner-wrapper\">\n  <div class=\"banner-inner \">\n      <div class=\"img-container\">\n      <div class=\"img-wrapper\">\n        <img decoding=\"async\" src=\"https:\/\/9staedte.de\/wp-content\/smush-webp\/2023\/02\/Lokhalle-Abenveranstaltung-c-Goettingen-Tourismus.jpg.webp\" alt=\"Bilden visar ett stort kv\u00e4llsevenemang. M\u00e5nga m\u00e4nniskor sitter i solstolar p\u00e5 sand. Ett stort runt tak t\u00e4cker platsen. Bl\u00e5tt ljus lyser uppifr\u00e5n. I bakgrunden finns en stor byggnad med m\u00e5nga f\u00f6nster.\" \/>\n                  <div class=\"thumbnail-label\">\n            <span>G\u00f6ttingen Lokhalle &#8211; Abendveranstaltung c) G\u00f6ttingen Marketing GmbH<\/span>\n          <\/div>\n              <\/div>\n    <\/div>\n        <div class=\"text-container\">\n      <div class=\"content\">\n        <h3>Unsere 9 Tipps f\u00fcr Tagungen und Kongresse in G\u00f6ttingen<\/h3>\n<p>1) Tagen im Industriedenkmal Lokhalle  \u2013 mit \u00fcber 8.400 m\u00b2 Ausstellungsfl\u00e4che<br \/>\n2) G\u00f6ttingen ist die Stadt der kurzen Wege \u2013 alles da, alles nah<br \/>\n3) XL Oriental Lounge \u2013 feuriges Rahmenprogramm im Hotel Freizeit In<br \/>\n4) Eine ganz besondere Location \u2013 der historische Saal in der Paulinerkirche<br \/>\n5) Veranstaltungen in gr\u00e4flichem Ambiente \u2013 auf dem Landsitz derer zu Hardenberg<br \/>\n6) Stadt, die Wissen schafft \u2013 Symposien und Kongresse im Umfeld von drei Universit\u00e4ten und 5 Max-Planck-Instituten<br \/>\n7) Ein Gang durch G\u00f6ttingens Unterwelt \u2013 Rahmenprogramme, die Spa\u00df machen<br \/>\n8) Bistro \u2013 dinieren bei einer der besten K\u00f6chinnen Deutschlands<br \/>\n9) Tagungs- und Kongress-Service beim G\u00f6ttingen Tourismus e.V. \u2013 kompetent und bestens vernetzt in der Region<\/p>\n      <\/div>\n    <\/div>\n    <\/div>\n<\/div>\n\n\n\n\n<h2 class=\"wp-block-heading\">V\u00e5ra tj\u00e4nster f\u00f6r konferenser och kongresser i G\u00f6ttingen<\/h2>\n\n\n\n<p>&#8211; Starthj\u00e4lp<br>Att hitta r\u00e4tt datum och plats \u00e4r avg\u00f6rande f\u00f6r ett lyckat genomf\u00f6rande av ditt evenemang. Vi kommer att informera dig om vid vilka tidpunkter det fortfarande finns tillr\u00e4cklig kapacitet och ge f\u00f6rslag p\u00e5 vilka platser som mest sannolikt kommer att \u00f6verv\u00e4gas f\u00f6r dina evenemang.<br>&#8211; Sightseeings<br>Det b\u00e4sta intrycket f\u00e5r man alltid direkt p\u00e5 plats. Vi uppr\u00e4ttar g\u00e4rna ett inspektionsprogram f\u00f6r dig och ordnar m\u00f6ten med de viktigaste partnerna och kontakterna.<br>&#8211; Bokningar av hotell<br>I individuellt samr\u00e5d med dig skapar vi rumstilldelningar p\u00e5 de \u00f6nskade hotellen. Via en exklusiv bokningsl\u00e4nk kan deltagarna i ditt evenemang h\u00e4mta all information om boendet och boka rummen p\u00e5 egen hand. Det kompetenta teamet p\u00e5 inkvarteringsservicen hj\u00e4lper till med f\u00f6rfr\u00e5gningar via fax, e-post eller telefon.<br>&#8211; onlinetj\u00e4nster<br>F\u00f6rutom att skapa rumstilldelningar erbjuder vi ocks\u00e5 online-registrering av deltagare, workshopregistreringar och avr\u00e4kning av konferensavgifter som en f\u00f6rl\u00e4ngning.<br>&#8211; Ramprogram<br>Oavsett om det \u00e4r guidade turer runt G\u00e4nseliesel, i historiska kostymer eller i G\u00f6ttingens undre v\u00e4rld &#8211; l\u00e4r k\u00e4nna din v\u00e4rdstad p\u00e5 en av de \u00f6ver 30 underh\u00e5llande och informativa turerna. Uppt\u00e4ck G\u00f6ttingen p\u00e5 en rundtur med Londonbussen eller er\u00f6vra Eichsfeld, Harz eller Weserbergland p\u00e5 en dagsutflykt. Om du letar efter idrottsliga utmaningar eller teambuilding-aktiviteter kan vi f\u00f6rmedla kontakt med h\u00f6gh\u00f6jdsbanor, leverant\u00f6rer av kanotturer, GPS mountainbike-turer, golfbanor&#8230;<br>&#8211; V\u00e4lkomstdisk<br>Konferens- och kongresservice G\u00f6ttingen kommer att s\u00e4tta upp en v\u00e4lkomstdisk vid ditt evenemang. En av v\u00e5ra medarbetare delar ut informationsmaterial som stadskartor och bildbroschyrer, hj\u00e4lper till att s\u00f6ka efter boende och ger tips p\u00e5 restauranger och en underh\u00e5llande kv\u00e4ll ute.<\/p>\n","protected":false},"excerpt":{"rendered":"<p>Konferenser och kongresser i G\u00f6ttingen &#8211; en bra id\u00e9! Konferens- och kongressregionen G\u00f6ttingen ligger centralt mitt i Tyskland och \u00e4r l\u00e4tt att n\u00e5 med t\u00e5g och bil fr\u00e5n alla h\u00e5ll. Det spelar ingen roll om du kommer fr\u00e5n Hamburg, K\u00f6ln, M\u00fcnchen, Stuttgart, Dresden eller Berlin: G\u00f6ttingen kan n\u00e5s p\u00e5 h\u00f6gst fyra timmar med bil. P\u00e5 [&hellip;]<\/p>\n","protected":false},"author":1,"featured_media":14228,"parent":14552,"menu_order":0,"comment_status":"closed","ping_status":"closed","template":"pagetemplates\/template-stadtthema.php","meta":{"_acf_changed":false,"footnotes":""},"categories":[],"tags":[],"ncap_cities_tax":[435,1142],"class_list":["post-14223","page","type-page","status-publish","has-post-thumbnail","hentry","ncap_cities_tax-goettingen-sv","ncap_cities_tax-tagungen-und-kongresse-goettingen-sv"],"acf":[],"yoast_head":"<!-- This site is optimized with the Yoast SEO plugin v27.4 - https:\/\/yoast.com\/product\/yoast-seo-wordpress\/ -->\n<title>Konferenser och kongresser i G\u00f6ttingen - 9 St\u00e4dte in Niedersachsen<\/title>\n<meta name=\"robots\" content=\"index, follow, max-snippet:-1, max-image-preview:large, max-video-preview:-1\" \/>\n<link rel=\"canonical\" href=\"https:\/\/9staedte.de\/sv\/goettingen-staden-som-skapar-kunskap\/konferenser-och-kongresser-i-goettingen\/\" \/>\n<meta property=\"og:locale\" content=\"sv_SE\" \/>\n<meta property=\"og:type\" content=\"article\" \/>\n<meta property=\"og:title\" content=\"Konferenser och kongresser i G\u00f6ttingen - 9 St\u00e4dte in Niedersachsen\" \/>\n<meta property=\"og:description\" content=\"Konferenser och kongresser i G\u00f6ttingen &#8211; en bra id\u00e9! Konferens- och kongressregionen G\u00f6ttingen ligger centralt mitt i Tyskland och \u00e4r l\u00e4tt att n\u00e5 med t\u00e5g och bil fr\u00e5n alla h\u00e5ll. Det spelar ingen roll om du kommer fr\u00e5n Hamburg, K\u00f6ln, M\u00fcnchen, Stuttgart, Dresden eller Berlin: G\u00f6ttingen kan n\u00e5s p\u00e5 h\u00f6gst fyra timmar med bil. P\u00e5 [&hellip;]\" \/>\n<meta property=\"og:url\" content=\"https:\/\/9staedte.de\/sv\/goettingen-staden-som-skapar-kunskap\/konferenser-och-kongresser-i-goettingen\/\" \/>\n<meta property=\"og:site_name\" content=\"9 St\u00e4dte in Niedersachsen\" \/>\n<meta property=\"article:modified_time\" content=\"2025-05-05T14:24:57+00:00\" \/>\n<meta property=\"og:image\" content=\"https:\/\/9staedte.de\/wp-content\/uploads\/2023\/02\/Goettingen_Altes-Rathaus-Abendstimmung-c-Lars-Gerhadts.jpg\" \/>\n\t<meta property=\"og:image:width\" content=\"1020\" \/>\n\t<meta property=\"og:image:height\" content=\"560\" \/>\n\t<meta property=\"og:image:type\" content=\"image\/jpeg\" \/>\n<meta name=\"twitter:card\" content=\"summary_large_image\" \/>\n<meta name=\"twitter:label1\" content=\"Ber\u00e4knad l\u00e4stid\" \/>\n\t<meta name=\"twitter:data1\" content=\"3 minuter\" \/>\n<script type=\"application\/ld+json\" class=\"yoast-schema-graph\">{\"@context\":\"https:\\\/\\\/schema.org\",\"@graph\":[{\"@type\":\"WebPage\",\"@id\":\"https:\\\/\\\/9staedte.de\\\/sv\\\/goettingen-staden-som-skapar-kunskap\\\/konferenser-och-kongresser-i-goettingen\\\/\",\"url\":\"https:\\\/\\\/9staedte.de\\\/sv\\\/goettingen-staden-som-skapar-kunskap\\\/konferenser-och-kongresser-i-goettingen\\\/\",\"name\":\"Konferenser och kongresser i G\u00f6ttingen - 9 St\u00e4dte in Niedersachsen\",\"isPartOf\":{\"@id\":\"https:\\\/\\\/9staedte.de\\\/sv\\\/#website\"},\"primaryImageOfPage\":{\"@id\":\"https:\\\/\\\/9staedte.de\\\/sv\\\/goettingen-staden-som-skapar-kunskap\\\/konferenser-och-kongresser-i-goettingen\\\/#primaryimage\"},\"image\":{\"@id\":\"https:\\\/\\\/9staedte.de\\\/sv\\\/goettingen-staden-som-skapar-kunskap\\\/konferenser-och-kongresser-i-goettingen\\\/#primaryimage\"},\"thumbnailUrl\":\"https:\\\/\\\/9staedte.de\\\/wp-content\\\/uploads\\\/2023\\\/02\\\/Goettingen_Altes-Rathaus-Abendstimmung-c-Lars-Gerhadts.jpg\",\"datePublished\":\"2023-10-25T14:23:15+00:00\",\"dateModified\":\"2025-05-05T14:24:57+00:00\",\"breadcrumb\":{\"@id\":\"https:\\\/\\\/9staedte.de\\\/sv\\\/goettingen-staden-som-skapar-kunskap\\\/konferenser-och-kongresser-i-goettingen\\\/#breadcrumb\"},\"inLanguage\":\"sv-SE\",\"potentialAction\":[{\"@type\":\"ReadAction\",\"target\":[\"https:\\\/\\\/9staedte.de\\\/sv\\\/goettingen-staden-som-skapar-kunskap\\\/konferenser-och-kongresser-i-goettingen\\\/\"]}]},{\"@type\":\"ImageObject\",\"inLanguage\":\"sv-SE\",\"@id\":\"https:\\\/\\\/9staedte.de\\\/sv\\\/goettingen-staden-som-skapar-kunskap\\\/konferenser-och-kongresser-i-goettingen\\\/#primaryimage\",\"url\":\"https:\\\/\\\/9staedte.de\\\/wp-content\\\/uploads\\\/2023\\\/02\\\/Goettingen_Altes-Rathaus-Abendstimmung-c-Lars-Gerhadts.jpg\",\"contentUrl\":\"https:\\\/\\\/9staedte.de\\\/wp-content\\\/uploads\\\/2023\\\/02\\\/Goettingen_Altes-Rathaus-Abendstimmung-c-Lars-Gerhadts.jpg\",\"width\":1020,\"height\":560,\"caption\":\"G\u00f6ttingen_Altes Rathaus - Abendstimmung c) Lars Gerhadts\"},{\"@type\":\"BreadcrumbList\",\"@id\":\"https:\\\/\\\/9staedte.de\\\/sv\\\/goettingen-staden-som-skapar-kunskap\\\/konferenser-och-kongresser-i-goettingen\\\/#breadcrumb\",\"itemListElement\":[{\"@type\":\"ListItem\",\"position\":1,\"name\":\"Startseite\",\"item\":\"https:\\\/\\\/9staedte.de\\\/sv\\\/\"},{\"@type\":\"ListItem\",\"position\":2,\"name\":\"G\u00f6ttingen &#8211; Staden som skapar kunskap\",\"item\":\"https:\\\/\\\/9staedte.de\\\/sv\\\/goettingen-staden-som-skapar-kunskap\\\/\"},{\"@type\":\"ListItem\",\"position\":3,\"name\":\"Konferenser och kongresser i G\u00f6ttingen\"}]},{\"@type\":\"WebSite\",\"@id\":\"https:\\\/\\\/9staedte.de\\\/sv\\\/#website\",\"url\":\"https:\\\/\\\/9staedte.de\\\/sv\\\/\",\"name\":\"9 St\u00e4dte in Niedersachsen\",\"description\":\"\",\"publisher\":{\"@id\":\"https:\\\/\\\/9staedte.de\\\/sv\\\/#organization\"},\"potentialAction\":[{\"@type\":\"SearchAction\",\"target\":{\"@type\":\"EntryPoint\",\"urlTemplate\":\"https:\\\/\\\/9staedte.de\\\/sv\\\/?s={search_term_string}\"},\"query-input\":{\"@type\":\"PropertyValueSpecification\",\"valueRequired\":true,\"valueName\":\"search_term_string\"}}],\"inLanguage\":\"sv-SE\"},{\"@type\":\"Organization\",\"@id\":\"https:\\\/\\\/9staedte.de\\\/sv\\\/#organization\",\"name\":\"9 St\u00e4dte in Niedersachsen\",\"url\":\"https:\\\/\\\/9staedte.de\\\/sv\\\/\",\"logo\":{\"@type\":\"ImageObject\",\"inLanguage\":\"sv-SE\",\"@id\":\"https:\\\/\\\/9staedte.de\\\/sv\\\/#\\\/schema\\\/logo\\\/image\\\/\",\"url\":\"https:\\\/\\\/9staedte.de\\\/wp-content\\\/uploads\\\/2025\\\/01\\\/9-neg-deutsch-2-1.png\",\"contentUrl\":\"https:\\\/\\\/9staedte.de\\\/wp-content\\\/uploads\\\/2025\\\/01\\\/9-neg-deutsch-2-1.png\",\"width\":190,\"height\":114,\"caption\":\"9 St\u00e4dte in Niedersachsen\"},\"image\":{\"@id\":\"https:\\\/\\\/9staedte.de\\\/sv\\\/#\\\/schema\\\/logo\\\/image\\\/\"}}]}<\/script>\n<!-- \/ Yoast SEO plugin. -->","yoast_head_json":{"title":"Konferenser och kongresser i G\u00f6ttingen - 9 St\u00e4dte in Niedersachsen","robots":{"index":"index","follow":"follow","max-snippet":"max-snippet:-1","max-image-preview":"max-image-preview:large","max-video-preview":"max-video-preview:-1"},"canonical":"https:\/\/9staedte.de\/sv\/goettingen-staden-som-skapar-kunskap\/konferenser-och-kongresser-i-goettingen\/","og_locale":"sv_SE","og_type":"article","og_title":"Konferenser och kongresser i G\u00f6ttingen - 9 St\u00e4dte in Niedersachsen","og_description":"Konferenser och kongresser i G\u00f6ttingen &#8211; en bra id\u00e9! Konferens- och kongressregionen G\u00f6ttingen ligger centralt mitt i Tyskland och \u00e4r l\u00e4tt att n\u00e5 med t\u00e5g och bil fr\u00e5n alla h\u00e5ll. Det spelar ingen roll om du kommer fr\u00e5n Hamburg, K\u00f6ln, M\u00fcnchen, Stuttgart, Dresden eller Berlin: G\u00f6ttingen kan n\u00e5s p\u00e5 h\u00f6gst fyra timmar med bil. P\u00e5 [&hellip;]","og_url":"https:\/\/9staedte.de\/sv\/goettingen-staden-som-skapar-kunskap\/konferenser-och-kongresser-i-goettingen\/","og_site_name":"9 St\u00e4dte in Niedersachsen","article_modified_time":"2025-05-05T14:24:57+00:00","og_image":[{"width":1020,"height":560,"url":"https:\/\/9staedte.de\/wp-content\/uploads\/2023\/02\/Goettingen_Altes-Rathaus-Abendstimmung-c-Lars-Gerhadts.jpg","type":"image\/jpeg"}],"twitter_card":"summary_large_image","twitter_misc":{"Ber\u00e4knad l\u00e4stid":"3 minuter"},"schema":{"@context":"https:\/\/schema.org","@graph":[{"@type":"WebPage","@id":"https:\/\/9staedte.de\/sv\/goettingen-staden-som-skapar-kunskap\/konferenser-och-kongresser-i-goettingen\/","url":"https:\/\/9staedte.de\/sv\/goettingen-staden-som-skapar-kunskap\/konferenser-och-kongresser-i-goettingen\/","name":"Konferenser och kongresser i G\u00f6ttingen - 9 St\u00e4dte in Niedersachsen","isPartOf":{"@id":"https:\/\/9staedte.de\/sv\/#website"},"primaryImageOfPage":{"@id":"https:\/\/9staedte.de\/sv\/goettingen-staden-som-skapar-kunskap\/konferenser-och-kongresser-i-goettingen\/#primaryimage"},"image":{"@id":"https:\/\/9staedte.de\/sv\/goettingen-staden-som-skapar-kunskap\/konferenser-och-kongresser-i-goettingen\/#primaryimage"},"thumbnailUrl":"https:\/\/9staedte.de\/wp-content\/uploads\/2023\/02\/Goettingen_Altes-Rathaus-Abendstimmung-c-Lars-Gerhadts.jpg","datePublished":"2023-10-25T14:23:15+00:00","dateModified":"2025-05-05T14:24:57+00:00","breadcrumb":{"@id":"https:\/\/9staedte.de\/sv\/goettingen-staden-som-skapar-kunskap\/konferenser-och-kongresser-i-goettingen\/#breadcrumb"},"inLanguage":"sv-SE","potentialAction":[{"@type":"ReadAction","target":["https:\/\/9staedte.de\/sv\/goettingen-staden-som-skapar-kunskap\/konferenser-och-kongresser-i-goettingen\/"]}]},{"@type":"ImageObject","inLanguage":"sv-SE","@id":"https:\/\/9staedte.de\/sv\/goettingen-staden-som-skapar-kunskap\/konferenser-och-kongresser-i-goettingen\/#primaryimage","url":"https:\/\/9staedte.de\/wp-content\/uploads\/2023\/02\/Goettingen_Altes-Rathaus-Abendstimmung-c-Lars-Gerhadts.jpg","contentUrl":"https:\/\/9staedte.de\/wp-content\/uploads\/2023\/02\/Goettingen_Altes-Rathaus-Abendstimmung-c-Lars-Gerhadts.jpg","width":1020,"height":560,"caption":"G\u00f6ttingen_Altes Rathaus - Abendstimmung c) Lars Gerhadts"},{"@type":"BreadcrumbList","@id":"https:\/\/9staedte.de\/sv\/goettingen-staden-som-skapar-kunskap\/konferenser-och-kongresser-i-goettingen\/#breadcrumb","itemListElement":[{"@type":"ListItem","position":1,"name":"Startseite","item":"https:\/\/9staedte.de\/sv\/"},{"@type":"ListItem","position":2,"name":"G\u00f6ttingen &#8211; Staden som skapar kunskap","item":"https:\/\/9staedte.de\/sv\/goettingen-staden-som-skapar-kunskap\/"},{"@type":"ListItem","position":3,"name":"Konferenser och kongresser i G\u00f6ttingen"}]},{"@type":"WebSite","@id":"https:\/\/9staedte.de\/sv\/#website","url":"https:\/\/9staedte.de\/sv\/","name":"9 St\u00e4dte in Niedersachsen","description":"","publisher":{"@id":"https:\/\/9staedte.de\/sv\/#organization"},"potentialAction":[{"@type":"SearchAction","target":{"@type":"EntryPoint","urlTemplate":"https:\/\/9staedte.de\/sv\/?s={search_term_string}"},"query-input":{"@type":"PropertyValueSpecification","valueRequired":true,"valueName":"search_term_string"}}],"inLanguage":"sv-SE"},{"@type":"Organization","@id":"https:\/\/9staedte.de\/sv\/#organization","name":"9 St\u00e4dte in Niedersachsen","url":"https:\/\/9staedte.de\/sv\/","logo":{"@type":"ImageObject","inLanguage":"sv-SE","@id":"https:\/\/9staedte.de\/sv\/#\/schema\/logo\/image\/","url":"https:\/\/9staedte.de\/wp-content\/uploads\/2025\/01\/9-neg-deutsch-2-1.png","contentUrl":"https:\/\/9staedte.de\/wp-content\/uploads\/2025\/01\/9-neg-deutsch-2-1.png","width":190,"height":114,"caption":"9 St\u00e4dte in Niedersachsen"},"image":{"@id":"https:\/\/9staedte.de\/sv\/#\/schema\/logo\/image\/"}}]}},"_links":{"self":[{"href":"https:\/\/9staedte.de\/sv\/wp-json\/wp\/v2\/pages\/14223","targetHints":{"allow":["GET"]}}],"collection":[{"href":"https:\/\/9staedte.de\/sv\/wp-json\/wp\/v2\/pages"}],"about":[{"href":"https:\/\/9staedte.de\/sv\/wp-json\/wp\/v2\/types\/page"}],"author":[{"embeddable":true,"href":"https:\/\/9staedte.de\/sv\/wp-json\/wp\/v2\/users\/1"}],"replies":[{"embeddable":true,"href":"https:\/\/9staedte.de\/sv\/wp-json\/wp\/v2\/comments?post=14223"}],"version-history":[{"count":3,"href":"https:\/\/9staedte.de\/sv\/wp-json\/wp\/v2\/pages\/14223\/revisions"}],"predecessor-version":[{"id":25362,"href":"https:\/\/9staedte.de\/sv\/wp-json\/wp\/v2\/pages\/14223\/revisions\/25362"}],"up":[{"embeddable":true,"href":"https:\/\/9staedte.de\/sv\/wp-json\/wp\/v2\/pages\/14552"}],"wp:featuredmedia":[{"embeddable":true,"href":"https:\/\/9staedte.de\/sv\/wp-json\/wp\/v2\/media\/14228"}],"wp:attachment":[{"href":"https:\/\/9staedte.de\/sv\/wp-json\/wp\/v2\/media?parent=14223"}],"wp:term":[{"taxonomy":"category","embeddable":true,"href":"https:\/\/9staedte.de\/sv\/wp-json\/wp\/v2\/categories?post=14223"},{"taxonomy":"post_tag","embeddable":true,"href":"https:\/\/9staedte.de\/sv\/wp-json\/wp\/v2\/tags?post=14223"},{"taxonomy":"ncap_cities_tax","embeddable":true,"href":"https:\/\/9staedte.de\/sv\/wp-json\/wp\/v2\/ncap_cities_tax?post=14223"}],"curies":[{"name":"wp","href":"https:\/\/api.w.org\/{rel}","templated":true}]}}