{"id":14220,"date":"2023-10-25T16:23:57","date_gmt":"2023-10-25T14:23:57","guid":{"rendered":"https:\/\/9staedte.de\/julmarknader-i-hannover\/"},"modified":"2026-03-23T17:18:08","modified_gmt":"2026-03-23T16:18:08","slug":"julmarknader-i-hannover","status":"publish","type":"page","link":"https:\/\/9staedte.de\/sv\/hannover-huvudstad-i-niedersachsen\/julmarknader-i-hannover\/","title":{"rendered":"Julmarknader i Hannover"},"content":{"rendered":"\n<h2 class=\"wp-block-heading\">Julmarknad i gamla stan<\/h2>\n\n<p>L\u00e5t dig f\u00f6rtrollas av den romantiska milj\u00f6n p\u00e5 julmarknaden i gamla stan.<br\/>Julgransdekorationer, hantverk och julspecialiteter erbjuds i mer \u00e4n 190 st\u00e5nd framf\u00f6r vackert upplysta historiska byggnader.  I den historiska julbyn ber\u00e4ttar hantverkare om sina kunskaper. Jongl\u00f6rer och artister bjuder p\u00e5 sp\u00e4nnande shower. P\u00e5 Ballhofplatz lockar en finsk julby med flamberad lax och gl\u00f6gi. Mitt i &#8221;\u00f6nskebrunnskogen&#8221; hittar du en gyllene ring vid Oskar Winter-font\u00e4nen.   \u00d6nskningar g\u00e5r i uppfyllelse n\u00e4r denna ring v\u00e4nds&#8230;.<\/p>\n\n<h2 class=\"wp-block-heading\">Roncalli Christmas Village vid centralstationen<\/h2>\n\n<p>Med Hannovers centralstation som fond bjuder Roncalli Christmas Village in till en festlig upplevelse fram till den 30 december. Inspirerad av Niedersachsens korsvirkesarkitektur skapar k\u00e4rleksfullt dekorerade hyddor en sagolik atmosf\u00e4r. Bland h\u00f6jdpunkterna finns det historiska pariserhjulet och ljusprojektioner tre g\u00e5nger om dagen, som lyser upp stationen i ett festligt sken.    <\/p>\n\n<h2 class=\"wp-block-heading\">Jultr\u00e4dg\u00e5rd p\u00e5 Hannovers \u00e4ventyrszoo  <\/h2>\n\n<p>Christmas Garden Hanover skapar en magisk atmosf\u00e4r i \u00e4ventyrszoot med str\u00e5lande ljusinstallationer. En nyupplyst, cirka tv\u00e5 kilometer l\u00e5ng rundslinga utlovar magiska timmar i det juldekorerade \u00e4ventyrszoot. <br\/><a href=\"https:\/\/www.hannover.de\/Veranstaltungskalender\/Weihnachten\/Weihnachtsmarkt-Hannover\">Ytterligare information<\/a><\/p>\n\n<h2 class=\"wp-block-heading\"><\/h2>\n\n\n<div class=\"banner-wrapper\">\n  <div class=\"banner-inner \">\n      <div class=\"img-container\">\n      <div class=\"img-wrapper\">\n        <img decoding=\"async\" src=\"https:\/\/9staedte.de\/wp-content\/smush-webp\/2025\/02\/Hannover-Christmas-Market-Old-Town-c-HMTG-Christian-Wyrwa.jpg.webp\" alt=\"M\u00e5nga m\u00e4nniskor bes\u00f6ker den historiska julbyn i Hannover vid floden Leine. Det \u00e4r kv\u00e4ll, ljusen lyser, och ett stort tr\u00e4d \u00e4r upplyst i lila.\" \/>\n                  <div class=\"thumbnail-label\">\n            <span>Hannover, DEU,\r\nWeihnachtsmarkt\r\nHannover Christmas Market Old Town medieval village c) HMTG Christian Wyrwa<\/span>\n          <\/div>\n              <\/div>\n    <\/div>\n        <div class=\"text-container\">\n      <div class=\"content\">\n        <h2>9 tips f\u00f6r att bes\u00f6ka julmarknaden i Hannover<\/h2>\n<p>Njut av f\u00f6rjuls\u00e4songen i julstaden Hannover.<\/p>\n<ul>\n<li>Julmarknad p\u00e5 Lister Meile<\/li>\n<li>Vintervariet\u00e9 i Orangeriet i Herrenhausens tr\u00e4dg\u00e5rdar<\/li>\n<li>Barnmusikal p\u00e5 GOP Variet\u00e9<\/li>\n<li>Stadsrundtur &#8221;Upplysande Hannover<\/li>\n<li>Julshopping p\u00e5 en av de st\u00f6rsta g\u00e5gatorna i Tyskland<\/li>\n<li>Julby p\u00e5 Lindener Berg under alla adventshelger<\/li>\n<li>Programmet med mer \u00e4n 50 scener i Hannover: <a href=\"http:\/\/www.hannover.de\/buehnen\" target=\"_blank\" rel=\"noopener noreferrer\">www.hannover.de\/buehnen<\/a><\/li>\n<li>Hannovers museum landskap<\/li>\n<li>Julcirkus p\u00e5 Sch\u00fctzenplatz<\/li>\n<\/ul>\n      <\/div>\n    <\/div>\n    <\/div>\n<\/div>\n\n\n<div class=\"wp-block-columns is-layout-flex wp-container-core-columns-is-layout-9d6595d7 wp-block-columns-is-layout-flex\">\n<div class=\"wp-block-column is-layout-flow wp-block-column-is-layout-flow\" style=\"flex-basis:66.66%\">\n <div class=\"brlbs-cmpnt-container brlbs-cmpnt-content-blocker brlbs-cmpnt-with-individual-styles\" data-borlabs-cookie-content-blocker-id=\"google-maps\" data-borlabs-cookie-content=\"PGlmcmFtZSBzcmM9Imh0dHBzOi8vd3d3Lmdvb2dsZS5jb20vbWFwcy9kL2VtYmVkP21pZD0xVDQtMGI5RHFNcTlDdGE2bC04anVGUm9EZnNMaXRIWSZlaGJjPTJFMzEyRiIgd2lkdGg9IjY0MCIgaGVpZ2h0PSI0ODAiPjwvaWZyYW1lPg==\"><div class=\"brlbs-cmpnt-cb-preset-b brlbs-cmpnt-cb-google-maps\"> <div class=\"brlbs-cmpnt-cb-thumbnail\" style=\"background-image: url('https:\/\/9staedte.de\/wp-content\/uploads\/borlabs-cookie\/1\/brlbs-cb-google-maps-main.png')\"><\/div> <div class=\"brlbs-cmpnt-cb-main\"> <div class=\"brlbs-cmpnt-cb-content\"> <p class=\"brlbs-cmpnt-cb-description\">You are currently viewing a placeholder content from <strong>Google Maps<\/strong>. To access the actual content, click the button below. Please note that doing so will share data with third-party providers.<\/p> <a class=\"brlbs-cmpnt-cb-provider-toggle\" href=\"#\" data-borlabs-cookie-show-provider-information role=\"button\">More Information<\/a> <\/div> <div class=\"brlbs-cmpnt-cb-buttons\"> <a class=\"brlbs-cmpnt-cb-btn\" href=\"#\" data-borlabs-cookie-unblock role=\"button\">Unblock content<\/a> <a class=\"brlbs-cmpnt-cb-btn\" href=\"#\" data-borlabs-cookie-accept-service role=\"button\" style=\"display: inherit\">Accept required service and unblock content<\/a> <\/div> <\/div> <\/div><\/div>\n<\/div>\n\n\n\n<div class=\"wp-block-column is-layout-flow wp-block-column-is-layout-flow\" style=\"flex-basis:33.33%\">\n<h4 class=\"wp-block-heading\"><strong>Julmarknader i Hannover<\/strong><\/h4>\n\n\n\n<ul class=\"wp-block-list map-legend main-legend\">\n<li>Julmarknad framf\u00f6r centralstationen<\/li>\n\n\n\n<li>Julpyramid p\u00e5 Kr\u00f6pcke<\/li>\n\n\n\n<li>Julmarknad i gamla stan<\/li>\n\n\n\n<li>&#8221;\u00d6nskebrunnens skog&#8221;<\/li>\n\n\n\n<li>Historisk by vid stranden av floden Leine<\/li>\n\n\n\n<li>Finsk julby<\/li>\n\n\n\n<li>Julmarknad p\u00e5 Lister Meile<\/li>\n\n\n\n<li>Jultr\u00e4dg\u00e5rd p\u00e5 Hannovers \u00e4ventyrszoo<\/li>\n\n\n\n<li>Vintervariation i Herrenhausens orangeri<\/li>\n<\/ul>\n<\/div>\n<\/div>\n\n<p><\/p>\n","protected":false},"excerpt":{"rendered":"<p>Julmarknad i gamla stan L\u00e5t dig f\u00f6rtrollas av den romantiska milj\u00f6n p\u00e5 julmarknaden i gamla stan.Julgransdekorationer, hantverk och julspecialiteter erbjuds i mer \u00e4n 190 st\u00e5nd framf\u00f6r vackert upplysta historiska byggnader. I den historiska julbyn ber\u00e4ttar hantverkare om sina kunskaper. Jongl\u00f6rer och artister bjuder p\u00e5 sp\u00e4nnande shower. P\u00e5 Ballhofplatz lockar en finsk julby med flamberad lax [&hellip;]<\/p>\n","protected":false},"author":1,"featured_media":27239,"parent":14577,"menu_order":0,"comment_status":"closed","ping_status":"closed","template":"pagetemplates\/template-stadtthema.php","meta":{"_acf_changed":false,"footnotes":""},"categories":[],"tags":[],"ncap_cities_tax":[456,526],"class_list":["post-14220","page","type-page","status-publish","has-post-thumbnail","hentry","ncap_cities_tax-hannover-sv","ncap_cities_tax-weihnachtsmarkte-hannover-sv"],"acf":[],"yoast_head":"<!-- This site is optimized with the Yoast SEO plugin v26.8 - https:\/\/yoast.com\/product\/yoast-seo-wordpress\/ -->\n<title>Julmarknader i Hannover - 9 St\u00e4dte in Niedersachsen<\/title>\n<meta name=\"description\" content=\"Tre julmarknader s\u00e4tter hela staden i julst\u00e4mning. Julmarknaden i den historiska gamla stadsdelen \u00e4r traditionsrik.\" \/>\n<meta name=\"robots\" content=\"index, follow, max-snippet:-1, max-image-preview:large, max-video-preview:-1\" \/>\n<link rel=\"canonical\" href=\"https:\/\/9staedte.de\/sv\/hannover-huvudstad-i-niedersachsen\/julmarknader-i-hannover\/\" \/>\n<meta property=\"og:locale\" content=\"sv_SE\" \/>\n<meta property=\"og:type\" content=\"article\" \/>\n<meta property=\"og:title\" content=\"Julmarknader i Hannover - 9 St\u00e4dte in Niedersachsen\" \/>\n<meta property=\"og:description\" content=\"Tre julmarknader s\u00e4tter hela staden i julst\u00e4mning. Julmarknaden i den historiska gamla stadsdelen \u00e4r traditionsrik.\" \/>\n<meta property=\"og:url\" content=\"https:\/\/9staedte.de\/sv\/hannover-huvudstad-i-niedersachsen\/julmarknader-i-hannover\/\" \/>\n<meta property=\"og:site_name\" content=\"9 St\u00e4dte in Niedersachsen\" \/>\n<meta property=\"article:modified_time\" content=\"2026-03-23T16:18:08+00:00\" \/>\n<meta property=\"og:image\" content=\"https:\/\/9staedte.de\/wp-content\/uploads\/2025\/10\/Hannover-Roncalli-Christmas-Market-Main-Station-c-HMTG-Christian-Wyrwa-.jpg\" \/>\n\t<meta property=\"og:image:width\" content=\"1020\" \/>\n\t<meta property=\"og:image:height\" content=\"560\" \/>\n\t<meta property=\"og:image:type\" content=\"image\/jpeg\" \/>\n<meta name=\"twitter:card\" content=\"summary_large_image\" \/>\n<meta name=\"twitter:label1\" content=\"Ber\u00e4knad l\u00e4stid\" \/>\n\t<meta name=\"twitter:data1\" content=\"2 minuter\" \/>\n<script type=\"application\/ld+json\" class=\"yoast-schema-graph\">{\"@context\":\"https:\/\/schema.org\",\"@graph\":[{\"@type\":\"WebPage\",\"@id\":\"https:\/\/9staedte.de\/sv\/hannover-huvudstad-i-niedersachsen\/julmarknader-i-hannover\/\",\"url\":\"https:\/\/9staedte.de\/sv\/hannover-huvudstad-i-niedersachsen\/julmarknader-i-hannover\/\",\"name\":\"Julmarknader i Hannover - 9 St\u00e4dte in Niedersachsen\",\"isPartOf\":{\"@id\":\"https:\/\/9staedte.de\/sv\/#website\"},\"primaryImageOfPage\":{\"@id\":\"https:\/\/9staedte.de\/sv\/hannover-huvudstad-i-niedersachsen\/julmarknader-i-hannover\/#primaryimage\"},\"image\":{\"@id\":\"https:\/\/9staedte.de\/sv\/hannover-huvudstad-i-niedersachsen\/julmarknader-i-hannover\/#primaryimage\"},\"thumbnailUrl\":\"https:\/\/9staedte.de\/wp-content\/uploads\/2025\/10\/Hannover-Roncalli-Christmas-Market-Main-Station-c-HMTG-Christian-Wyrwa-.jpg\",\"datePublished\":\"2023-10-25T14:23:57+00:00\",\"dateModified\":\"2026-03-23T16:18:08+00:00\",\"description\":\"Tre julmarknader s\u00e4tter hela staden i julst\u00e4mning. Julmarknaden i den historiska gamla stadsdelen \u00e4r traditionsrik.\",\"breadcrumb\":{\"@id\":\"https:\/\/9staedte.de\/sv\/hannover-huvudstad-i-niedersachsen\/julmarknader-i-hannover\/#breadcrumb\"},\"inLanguage\":\"sv-SE\",\"potentialAction\":[{\"@type\":\"ReadAction\",\"target\":[\"https:\/\/9staedte.de\/sv\/hannover-huvudstad-i-niedersachsen\/julmarknader-i-hannover\/\"]}]},{\"@type\":\"ImageObject\",\"inLanguage\":\"sv-SE\",\"@id\":\"https:\/\/9staedte.de\/sv\/hannover-huvudstad-i-niedersachsen\/julmarknader-i-hannover\/#primaryimage\",\"url\":\"https:\/\/9staedte.de\/wp-content\/uploads\/2025\/10\/Hannover-Roncalli-Christmas-Market-Main-Station-c-HMTG-Christian-Wyrwa-.jpg\",\"contentUrl\":\"https:\/\/9staedte.de\/wp-content\/uploads\/2025\/10\/Hannover-Roncalli-Christmas-Market-Main-Station-c-HMTG-Christian-Wyrwa-.jpg\",\"width\":1020,\"height\":560,\"caption\":\"Hannover Roncalli Weihnachtsdorf vor dem Hauptbahnhof c) HMTG Christian Wyrwa\"},{\"@type\":\"BreadcrumbList\",\"@id\":\"https:\/\/9staedte.de\/sv\/hannover-huvudstad-i-niedersachsen\/julmarknader-i-hannover\/#breadcrumb\",\"itemListElement\":[{\"@type\":\"ListItem\",\"position\":1,\"name\":\"Startseite\",\"item\":\"https:\/\/9staedte.de\/sv\/\"},{\"@type\":\"ListItem\",\"position\":2,\"name\":\"Hannover &#8211; huvudstad i Niedersachsen\",\"item\":\"https:\/\/9staedte.de\/sv\/hannover-huvudstad-i-niedersachsen\/\"},{\"@type\":\"ListItem\",\"position\":3,\"name\":\"Julmarknader i Hannover\"}]},{\"@type\":\"WebSite\",\"@id\":\"https:\/\/9staedte.de\/sv\/#website\",\"url\":\"https:\/\/9staedte.de\/sv\/\",\"name\":\"9 St\u00e4dte in Niedersachsen\",\"description\":\"\",\"publisher\":{\"@id\":\"https:\/\/9staedte.de\/sv\/#organization\"},\"potentialAction\":[{\"@type\":\"SearchAction\",\"target\":{\"@type\":\"EntryPoint\",\"urlTemplate\":\"https:\/\/9staedte.de\/sv\/?s={search_term_string}\"},\"query-input\":{\"@type\":\"PropertyValueSpecification\",\"valueRequired\":true,\"valueName\":\"search_term_string\"}}],\"inLanguage\":\"sv-SE\"},{\"@type\":\"Organization\",\"@id\":\"https:\/\/9staedte.de\/sv\/#organization\",\"name\":\"9 St\u00e4dte in Niedersachsen\",\"url\":\"https:\/\/9staedte.de\/sv\/\",\"logo\":{\"@type\":\"ImageObject\",\"inLanguage\":\"sv-SE\",\"@id\":\"https:\/\/9staedte.de\/sv\/#\/schema\/logo\/image\/\",\"url\":\"https:\/\/9staedte.de\/wp-content\/uploads\/2025\/01\/9-neg-deutsch-2-1.png\",\"contentUrl\":\"https:\/\/9staedte.de\/wp-content\/uploads\/2025\/01\/9-neg-deutsch-2-1.png\",\"width\":190,\"height\":114,\"caption\":\"9 St\u00e4dte in Niedersachsen\"},\"image\":{\"@id\":\"https:\/\/9staedte.de\/sv\/#\/schema\/logo\/image\/\"}}]}<\/script>\n<!-- \/ Yoast SEO plugin. -->","yoast_head_json":{"title":"Julmarknader i Hannover - 9 St\u00e4dte in Niedersachsen","description":"Tre julmarknader s\u00e4tter hela staden i julst\u00e4mning. Julmarknaden i den historiska gamla stadsdelen \u00e4r traditionsrik.","robots":{"index":"index","follow":"follow","max-snippet":"max-snippet:-1","max-image-preview":"max-image-preview:large","max-video-preview":"max-video-preview:-1"},"canonical":"https:\/\/9staedte.de\/sv\/hannover-huvudstad-i-niedersachsen\/julmarknader-i-hannover\/","og_locale":"sv_SE","og_type":"article","og_title":"Julmarknader i Hannover - 9 St\u00e4dte in Niedersachsen","og_description":"Tre julmarknader s\u00e4tter hela staden i julst\u00e4mning. Julmarknaden i den historiska gamla stadsdelen \u00e4r traditionsrik.","og_url":"https:\/\/9staedte.de\/sv\/hannover-huvudstad-i-niedersachsen\/julmarknader-i-hannover\/","og_site_name":"9 St\u00e4dte in Niedersachsen","article_modified_time":"2026-03-23T16:18:08+00:00","og_image":[{"width":1020,"height":560,"url":"https:\/\/9staedte.de\/wp-content\/uploads\/2025\/10\/Hannover-Roncalli-Christmas-Market-Main-Station-c-HMTG-Christian-Wyrwa-.jpg","type":"image\/jpeg"}],"twitter_card":"summary_large_image","twitter_misc":{"Ber\u00e4knad l\u00e4stid":"2 minuter"},"schema":{"@context":"https:\/\/schema.org","@graph":[{"@type":"WebPage","@id":"https:\/\/9staedte.de\/sv\/hannover-huvudstad-i-niedersachsen\/julmarknader-i-hannover\/","url":"https:\/\/9staedte.de\/sv\/hannover-huvudstad-i-niedersachsen\/julmarknader-i-hannover\/","name":"Julmarknader i Hannover - 9 St\u00e4dte in Niedersachsen","isPartOf":{"@id":"https:\/\/9staedte.de\/sv\/#website"},"primaryImageOfPage":{"@id":"https:\/\/9staedte.de\/sv\/hannover-huvudstad-i-niedersachsen\/julmarknader-i-hannover\/#primaryimage"},"image":{"@id":"https:\/\/9staedte.de\/sv\/hannover-huvudstad-i-niedersachsen\/julmarknader-i-hannover\/#primaryimage"},"thumbnailUrl":"https:\/\/9staedte.de\/wp-content\/uploads\/2025\/10\/Hannover-Roncalli-Christmas-Market-Main-Station-c-HMTG-Christian-Wyrwa-.jpg","datePublished":"2023-10-25T14:23:57+00:00","dateModified":"2026-03-23T16:18:08+00:00","description":"Tre julmarknader s\u00e4tter hela staden i julst\u00e4mning. Julmarknaden i den historiska gamla stadsdelen \u00e4r traditionsrik.","breadcrumb":{"@id":"https:\/\/9staedte.de\/sv\/hannover-huvudstad-i-niedersachsen\/julmarknader-i-hannover\/#breadcrumb"},"inLanguage":"sv-SE","potentialAction":[{"@type":"ReadAction","target":["https:\/\/9staedte.de\/sv\/hannover-huvudstad-i-niedersachsen\/julmarknader-i-hannover\/"]}]},{"@type":"ImageObject","inLanguage":"sv-SE","@id":"https:\/\/9staedte.de\/sv\/hannover-huvudstad-i-niedersachsen\/julmarknader-i-hannover\/#primaryimage","url":"https:\/\/9staedte.de\/wp-content\/uploads\/2025\/10\/Hannover-Roncalli-Christmas-Market-Main-Station-c-HMTG-Christian-Wyrwa-.jpg","contentUrl":"https:\/\/9staedte.de\/wp-content\/uploads\/2025\/10\/Hannover-Roncalli-Christmas-Market-Main-Station-c-HMTG-Christian-Wyrwa-.jpg","width":1020,"height":560,"caption":"Hannover Roncalli Weihnachtsdorf vor dem Hauptbahnhof c) HMTG Christian Wyrwa"},{"@type":"BreadcrumbList","@id":"https:\/\/9staedte.de\/sv\/hannover-huvudstad-i-niedersachsen\/julmarknader-i-hannover\/#breadcrumb","itemListElement":[{"@type":"ListItem","position":1,"name":"Startseite","item":"https:\/\/9staedte.de\/sv\/"},{"@type":"ListItem","position":2,"name":"Hannover &#8211; huvudstad i Niedersachsen","item":"https:\/\/9staedte.de\/sv\/hannover-huvudstad-i-niedersachsen\/"},{"@type":"ListItem","position":3,"name":"Julmarknader i Hannover"}]},{"@type":"WebSite","@id":"https:\/\/9staedte.de\/sv\/#website","url":"https:\/\/9staedte.de\/sv\/","name":"9 St\u00e4dte in Niedersachsen","description":"","publisher":{"@id":"https:\/\/9staedte.de\/sv\/#organization"},"potentialAction":[{"@type":"SearchAction","target":{"@type":"EntryPoint","urlTemplate":"https:\/\/9staedte.de\/sv\/?s={search_term_string}"},"query-input":{"@type":"PropertyValueSpecification","valueRequired":true,"valueName":"search_term_string"}}],"inLanguage":"sv-SE"},{"@type":"Organization","@id":"https:\/\/9staedte.de\/sv\/#organization","name":"9 St\u00e4dte in Niedersachsen","url":"https:\/\/9staedte.de\/sv\/","logo":{"@type":"ImageObject","inLanguage":"sv-SE","@id":"https:\/\/9staedte.de\/sv\/#\/schema\/logo\/image\/","url":"https:\/\/9staedte.de\/wp-content\/uploads\/2025\/01\/9-neg-deutsch-2-1.png","contentUrl":"https:\/\/9staedte.de\/wp-content\/uploads\/2025\/01\/9-neg-deutsch-2-1.png","width":190,"height":114,"caption":"9 St\u00e4dte in Niedersachsen"},"image":{"@id":"https:\/\/9staedte.de\/sv\/#\/schema\/logo\/image\/"}}]}},"_links":{"self":[{"href":"https:\/\/9staedte.de\/sv\/wp-json\/wp\/v2\/pages\/14220","targetHints":{"allow":["GET"]}}],"collection":[{"href":"https:\/\/9staedte.de\/sv\/wp-json\/wp\/v2\/pages"}],"about":[{"href":"https:\/\/9staedte.de\/sv\/wp-json\/wp\/v2\/types\/page"}],"author":[{"embeddable":true,"href":"https:\/\/9staedte.de\/sv\/wp-json\/wp\/v2\/users\/1"}],"replies":[{"embeddable":true,"href":"https:\/\/9staedte.de\/sv\/wp-json\/wp\/v2\/comments?post=14220"}],"version-history":[{"count":14,"href":"https:\/\/9staedte.de\/sv\/wp-json\/wp\/v2\/pages\/14220\/revisions"}],"predecessor-version":[{"id":27943,"href":"https:\/\/9staedte.de\/sv\/wp-json\/wp\/v2\/pages\/14220\/revisions\/27943"}],"up":[{"embeddable":true,"href":"https:\/\/9staedte.de\/sv\/wp-json\/wp\/v2\/pages\/14577"}],"wp:featuredmedia":[{"embeddable":true,"href":"https:\/\/9staedte.de\/sv\/wp-json\/wp\/v2\/media\/27239"}],"wp:attachment":[{"href":"https:\/\/9staedte.de\/sv\/wp-json\/wp\/v2\/media?parent=14220"}],"wp:term":[{"taxonomy":"category","embeddable":true,"href":"https:\/\/9staedte.de\/sv\/wp-json\/wp\/v2\/categories?post=14220"},{"taxonomy":"post_tag","embeddable":true,"href":"https:\/\/9staedte.de\/sv\/wp-json\/wp\/v2\/tags?post=14220"},{"taxonomy":"ncap_cities_tax","embeddable":true,"href":"https:\/\/9staedte.de\/sv\/wp-json\/wp\/v2\/ncap_cities_tax?post=14220"}],"curies":[{"name":"wp","href":"https:\/\/api.w.org\/{rel}","templated":true}]}}