{"id":14199,"date":"2023-10-25T16:23:58","date_gmt":"2023-10-25T14:23:58","guid":{"rendered":"https:\/\/9staedte.de\/shopping-och-uteliv-i-hannover\/"},"modified":"2023-10-25T17:54:56","modified_gmt":"2023-10-25T15:54:56","slug":"shopping-och-uteliv-i-hannover","status":"publish","type":"page","link":"https:\/\/9staedte.de\/sv\/hannover-huvudstad-i-niedersachsen\/shopping-och-uteliv-i-hannover\/","title":{"rendered":"Shopping och uteliv i Hannover"},"content":{"rendered":"\n<p>P\u00e5 en av Tysklands st\u00f6rsta g\u00e5gator finns det n\u00e5got f\u00f6r alla smaker &#8211; och pl\u00e5nb\u00f6cker! H\u00e4r hittar du inte bara de stora varuhusen med sitt omfattande utbud, exklusiva shoppinggator och arkader, utan ocks\u00e5 butikerna och boutiquerna i gamla stan med sin lugna atmosf\u00e4r. Att g\u00e5 ut i Hanover \u00e4r ocks\u00e5 en upplevelse. Mysiga barer och restauranger, idylliska \u00f6ltr\u00e4dg\u00e5rdar, trendiga klubbar, diskotek, variet\u00e9er, jazz, teater, kabar\u00e9, opera &#8230;: Se fram emot all den variation som en storstad har att erbjuda.<\/p>\n\n\n\n\n<div class=\"banner-wrapper\">\n  <div class=\"banner-inner \">\n      <div class=\"img-container\">\n      <div class=\"img-wrapper\">\n        <img decoding=\"async\" src=\"https:\/\/9staedte.de\/wp-content\/smush-webp\/2023\/02\/Hannover-Altstadt-Ballhof-c-HMTG-Patrick-Graf.jpg.webp\" alt=\"Bilden visar Ballhof i Hannover p\u00e5 kv\u00e4llen. Fackverks\u00adhusen \u00e4r upplysta. M\u00e5nga m\u00e4nniskor sitter ute vid en restaurang. Det finns stora parasoller \u00f6ver borden. Tr\u00e4d och v\u00e4xter finns runtomkring.\" \/>\n                  <div class=\"thumbnail-label\">\n            <span>Hannover Altstadt Ballhofplatz c) HMTG Patrick Graf<\/span>\n          <\/div>\n              <\/div>\n    <\/div>\n        <div class=\"text-container\">\n      <div class=\"content\">\n        <p><strong>9 Tipps rund ums Einkaufen und Ausgehen in Hannover:<\/strong><\/p>\n<ul>\n<li>Ernst-August-Galerie mit mehr als 150 Shops direkt am Hauptbahnhof sowie exklusive Passagen und Galerien rund um Kr\u00f6pcke und Oper<\/li>\n<li>Die Markthalle, der \u201eBauch von Hannover\u201c, mit internationalen kulinarischen K\u00f6stlichkeiten.<\/li>\n<li>Der Hauptbahnhof: Einkaufs- und Schlemmerparadies auch am Sonntag<\/li>\n<li>Flohmarkt am Hohen Ufer, jeden Samstag<\/li>\n<li>Die Altstadt mit kleinen L\u00e4den, Kneipen, Stra\u00dfencaf\u00e9s und Restaurants am Leineufer.<\/li>\n<li>Vielf\u00e4ltige Szene mit trendigen L\u00e4den, Bars und Restaurants in den Stadtteilen Linden, Nordstadt und List<\/li>\n<li>Jazz-Club Hannover<\/li>\n<li>International pr\u00e4miert: Oper und Schauspielhaus<\/li>\n<li>Im Sommer: Mediterranes Flair in den Bierg\u00e4rten und Restaurants rund den Maschsee<\/li>\n<\/ul>\n      <\/div>\n    <\/div>\n    <\/div>\n<\/div>\n\n","protected":false},"excerpt":{"rendered":"<p>P\u00e5 en av Tysklands st\u00f6rsta g\u00e5gator finns det n\u00e5got f\u00f6r alla smaker &#8211; och pl\u00e5nb\u00f6cker! H\u00e4r hittar du inte bara de stora varuhusen med sitt omfattande utbud, exklusiva shoppinggator och arkader, utan ocks\u00e5 butikerna och boutiquerna i gamla stan med sin lugna atmosf\u00e4r. Att g\u00e5 ut i Hanover \u00e4r ocks\u00e5 en upplevelse. Mysiga barer och [&hellip;]<\/p>\n","protected":false},"author":1,"featured_media":14203,"parent":14577,"menu_order":0,"comment_status":"closed","ping_status":"closed","template":"pagetemplates\/template-stadtthema.php","meta":{"_acf_changed":false,"footnotes":""},"categories":[],"tags":[],"ncap_cities_tax":[456,792],"class_list":["post-14199","page","type-page","status-publish","has-post-thumbnail","hentry","ncap_cities_tax-hannover-sv","ncap_cities_tax-shopping-und-ausgehen-hannover-sv"],"acf":[],"yoast_head":"<!-- This site is optimized with the Yoast SEO plugin v26.8 - https:\/\/yoast.com\/product\/yoast-seo-wordpress\/ -->\n<title>Shopping och uteliv i Hannover - 9 St\u00e4dte in Niedersachsen<\/title>\n<meta name=\"robots\" content=\"index, follow, max-snippet:-1, max-image-preview:large, max-video-preview:-1\" \/>\n<link rel=\"canonical\" href=\"https:\/\/9staedte.de\/sv\/hannover-huvudstad-i-niedersachsen\/shopping-och-uteliv-i-hannover\/\" \/>\n<meta property=\"og:locale\" content=\"sv_SE\" \/>\n<meta property=\"og:type\" content=\"article\" \/>\n<meta property=\"og:title\" content=\"Shopping och uteliv i Hannover - 9 St\u00e4dte in Niedersachsen\" \/>\n<meta property=\"og:description\" content=\"P\u00e5 en av Tysklands st\u00f6rsta g\u00e5gator finns det n\u00e5got f\u00f6r alla smaker &#8211; och pl\u00e5nb\u00f6cker! H\u00e4r hittar du inte bara de stora varuhusen med sitt omfattande utbud, exklusiva shoppinggator och arkader, utan ocks\u00e5 butikerna och boutiquerna i gamla stan med sin lugna atmosf\u00e4r. Att g\u00e5 ut i Hanover \u00e4r ocks\u00e5 en upplevelse. Mysiga barer och [&hellip;]\" \/>\n<meta property=\"og:url\" content=\"https:\/\/9staedte.de\/sv\/hannover-huvudstad-i-niedersachsen\/shopping-och-uteliv-i-hannover\/\" \/>\n<meta property=\"og:site_name\" content=\"9 St\u00e4dte in Niedersachsen\" \/>\n<meta property=\"article:modified_time\" content=\"2023-10-25T15:54:56+00:00\" \/>\n<meta property=\"og:image\" content=\"https:\/\/9staedte.de\/wp-content\/uploads\/2023\/02\/Hannover-Hauptbahnhof-c-HMTG-Christian-Wyrwa.jpg\" \/>\n\t<meta property=\"og:image:width\" content=\"1020\" \/>\n\t<meta property=\"og:image:height\" content=\"560\" \/>\n\t<meta property=\"og:image:type\" content=\"image\/jpeg\" \/>\n<meta name=\"twitter:card\" content=\"summary_large_image\" \/>\n<meta name=\"twitter:label1\" content=\"Ber\u00e4knad l\u00e4stid\" \/>\n\t<meta name=\"twitter:data1\" content=\"1 minut\" \/>\n<script type=\"application\/ld+json\" class=\"yoast-schema-graph\">{\"@context\":\"https:\/\/schema.org\",\"@graph\":[{\"@type\":\"WebPage\",\"@id\":\"https:\/\/9staedte.de\/sv\/hannover-huvudstad-i-niedersachsen\/shopping-och-uteliv-i-hannover\/\",\"url\":\"https:\/\/9staedte.de\/sv\/hannover-huvudstad-i-niedersachsen\/shopping-och-uteliv-i-hannover\/\",\"name\":\"Shopping och uteliv i Hannover - 9 St\u00e4dte in Niedersachsen\",\"isPartOf\":{\"@id\":\"https:\/\/9staedte.de\/sv\/#website\"},\"primaryImageOfPage\":{\"@id\":\"https:\/\/9staedte.de\/sv\/hannover-huvudstad-i-niedersachsen\/shopping-och-uteliv-i-hannover\/#primaryimage\"},\"image\":{\"@id\":\"https:\/\/9staedte.de\/sv\/hannover-huvudstad-i-niedersachsen\/shopping-och-uteliv-i-hannover\/#primaryimage\"},\"thumbnailUrl\":\"https:\/\/9staedte.de\/wp-content\/uploads\/2023\/02\/Hannover-Hauptbahnhof-c-HMTG-Christian-Wyrwa.jpg\",\"datePublished\":\"2023-10-25T14:23:58+00:00\",\"dateModified\":\"2023-10-25T15:54:56+00:00\",\"breadcrumb\":{\"@id\":\"https:\/\/9staedte.de\/sv\/hannover-huvudstad-i-niedersachsen\/shopping-och-uteliv-i-hannover\/#breadcrumb\"},\"inLanguage\":\"sv-SE\",\"potentialAction\":[{\"@type\":\"ReadAction\",\"target\":[\"https:\/\/9staedte.de\/sv\/hannover-huvudstad-i-niedersachsen\/shopping-och-uteliv-i-hannover\/\"]}]},{\"@type\":\"ImageObject\",\"inLanguage\":\"sv-SE\",\"@id\":\"https:\/\/9staedte.de\/sv\/hannover-huvudstad-i-niedersachsen\/shopping-och-uteliv-i-hannover\/#primaryimage\",\"url\":\"https:\/\/9staedte.de\/wp-content\/uploads\/2023\/02\/Hannover-Hauptbahnhof-c-HMTG-Christian-Wyrwa.jpg\",\"contentUrl\":\"https:\/\/9staedte.de\/wp-content\/uploads\/2023\/02\/Hannover-Hauptbahnhof-c-HMTG-Christian-Wyrwa.jpg\",\"width\":1020,\"height\":560,\"caption\":\"Hannover Hauptbahnhof c) HMTG Chrisitan Wyrwa\"},{\"@type\":\"BreadcrumbList\",\"@id\":\"https:\/\/9staedte.de\/sv\/hannover-huvudstad-i-niedersachsen\/shopping-och-uteliv-i-hannover\/#breadcrumb\",\"itemListElement\":[{\"@type\":\"ListItem\",\"position\":1,\"name\":\"Startseite\",\"item\":\"https:\/\/9staedte.de\/sv\/\"},{\"@type\":\"ListItem\",\"position\":2,\"name\":\"Hannover &#8211; huvudstad i Niedersachsen\",\"item\":\"https:\/\/9staedte.de\/sv\/hannover-huvudstad-i-niedersachsen\/\"},{\"@type\":\"ListItem\",\"position\":3,\"name\":\"Shopping och uteliv i Hannover\"}]},{\"@type\":\"WebSite\",\"@id\":\"https:\/\/9staedte.de\/sv\/#website\",\"url\":\"https:\/\/9staedte.de\/sv\/\",\"name\":\"9 St\u00e4dte in Niedersachsen\",\"description\":\"\",\"publisher\":{\"@id\":\"https:\/\/9staedte.de\/sv\/#organization\"},\"potentialAction\":[{\"@type\":\"SearchAction\",\"target\":{\"@type\":\"EntryPoint\",\"urlTemplate\":\"https:\/\/9staedte.de\/sv\/?s={search_term_string}\"},\"query-input\":{\"@type\":\"PropertyValueSpecification\",\"valueRequired\":true,\"valueName\":\"search_term_string\"}}],\"inLanguage\":\"sv-SE\"},{\"@type\":\"Organization\",\"@id\":\"https:\/\/9staedte.de\/sv\/#organization\",\"name\":\"9 St\u00e4dte in Niedersachsen\",\"url\":\"https:\/\/9staedte.de\/sv\/\",\"logo\":{\"@type\":\"ImageObject\",\"inLanguage\":\"sv-SE\",\"@id\":\"https:\/\/9staedte.de\/sv\/#\/schema\/logo\/image\/\",\"url\":\"https:\/\/9staedte.de\/wp-content\/uploads\/2025\/01\/9-neg-deutsch-2-1.png\",\"contentUrl\":\"https:\/\/9staedte.de\/wp-content\/uploads\/2025\/01\/9-neg-deutsch-2-1.png\",\"width\":190,\"height\":114,\"caption\":\"9 St\u00e4dte in Niedersachsen\"},\"image\":{\"@id\":\"https:\/\/9staedte.de\/sv\/#\/schema\/logo\/image\/\"}}]}<\/script>\n<!-- \/ Yoast SEO plugin. -->","yoast_head_json":{"title":"Shopping och uteliv i Hannover - 9 St\u00e4dte in Niedersachsen","robots":{"index":"index","follow":"follow","max-snippet":"max-snippet:-1","max-image-preview":"max-image-preview:large","max-video-preview":"max-video-preview:-1"},"canonical":"https:\/\/9staedte.de\/sv\/hannover-huvudstad-i-niedersachsen\/shopping-och-uteliv-i-hannover\/","og_locale":"sv_SE","og_type":"article","og_title":"Shopping och uteliv i Hannover - 9 St\u00e4dte in Niedersachsen","og_description":"P\u00e5 en av Tysklands st\u00f6rsta g\u00e5gator finns det n\u00e5got f\u00f6r alla smaker &#8211; och pl\u00e5nb\u00f6cker! H\u00e4r hittar du inte bara de stora varuhusen med sitt omfattande utbud, exklusiva shoppinggator och arkader, utan ocks\u00e5 butikerna och boutiquerna i gamla stan med sin lugna atmosf\u00e4r. Att g\u00e5 ut i Hanover \u00e4r ocks\u00e5 en upplevelse. Mysiga barer och [&hellip;]","og_url":"https:\/\/9staedte.de\/sv\/hannover-huvudstad-i-niedersachsen\/shopping-och-uteliv-i-hannover\/","og_site_name":"9 St\u00e4dte in Niedersachsen","article_modified_time":"2023-10-25T15:54:56+00:00","og_image":[{"width":1020,"height":560,"url":"https:\/\/9staedte.de\/wp-content\/uploads\/2023\/02\/Hannover-Hauptbahnhof-c-HMTG-Christian-Wyrwa.jpg","type":"image\/jpeg"}],"twitter_card":"summary_large_image","twitter_misc":{"Ber\u00e4knad l\u00e4stid":"1 minut"},"schema":{"@context":"https:\/\/schema.org","@graph":[{"@type":"WebPage","@id":"https:\/\/9staedte.de\/sv\/hannover-huvudstad-i-niedersachsen\/shopping-och-uteliv-i-hannover\/","url":"https:\/\/9staedte.de\/sv\/hannover-huvudstad-i-niedersachsen\/shopping-och-uteliv-i-hannover\/","name":"Shopping och uteliv i Hannover - 9 St\u00e4dte in Niedersachsen","isPartOf":{"@id":"https:\/\/9staedte.de\/sv\/#website"},"primaryImageOfPage":{"@id":"https:\/\/9staedte.de\/sv\/hannover-huvudstad-i-niedersachsen\/shopping-och-uteliv-i-hannover\/#primaryimage"},"image":{"@id":"https:\/\/9staedte.de\/sv\/hannover-huvudstad-i-niedersachsen\/shopping-och-uteliv-i-hannover\/#primaryimage"},"thumbnailUrl":"https:\/\/9staedte.de\/wp-content\/uploads\/2023\/02\/Hannover-Hauptbahnhof-c-HMTG-Christian-Wyrwa.jpg","datePublished":"2023-10-25T14:23:58+00:00","dateModified":"2023-10-25T15:54:56+00:00","breadcrumb":{"@id":"https:\/\/9staedte.de\/sv\/hannover-huvudstad-i-niedersachsen\/shopping-och-uteliv-i-hannover\/#breadcrumb"},"inLanguage":"sv-SE","potentialAction":[{"@type":"ReadAction","target":["https:\/\/9staedte.de\/sv\/hannover-huvudstad-i-niedersachsen\/shopping-och-uteliv-i-hannover\/"]}]},{"@type":"ImageObject","inLanguage":"sv-SE","@id":"https:\/\/9staedte.de\/sv\/hannover-huvudstad-i-niedersachsen\/shopping-och-uteliv-i-hannover\/#primaryimage","url":"https:\/\/9staedte.de\/wp-content\/uploads\/2023\/02\/Hannover-Hauptbahnhof-c-HMTG-Christian-Wyrwa.jpg","contentUrl":"https:\/\/9staedte.de\/wp-content\/uploads\/2023\/02\/Hannover-Hauptbahnhof-c-HMTG-Christian-Wyrwa.jpg","width":1020,"height":560,"caption":"Hannover Hauptbahnhof c) HMTG Chrisitan Wyrwa"},{"@type":"BreadcrumbList","@id":"https:\/\/9staedte.de\/sv\/hannover-huvudstad-i-niedersachsen\/shopping-och-uteliv-i-hannover\/#breadcrumb","itemListElement":[{"@type":"ListItem","position":1,"name":"Startseite","item":"https:\/\/9staedte.de\/sv\/"},{"@type":"ListItem","position":2,"name":"Hannover &#8211; huvudstad i Niedersachsen","item":"https:\/\/9staedte.de\/sv\/hannover-huvudstad-i-niedersachsen\/"},{"@type":"ListItem","position":3,"name":"Shopping och uteliv i Hannover"}]},{"@type":"WebSite","@id":"https:\/\/9staedte.de\/sv\/#website","url":"https:\/\/9staedte.de\/sv\/","name":"9 St\u00e4dte in Niedersachsen","description":"","publisher":{"@id":"https:\/\/9staedte.de\/sv\/#organization"},"potentialAction":[{"@type":"SearchAction","target":{"@type":"EntryPoint","urlTemplate":"https:\/\/9staedte.de\/sv\/?s={search_term_string}"},"query-input":{"@type":"PropertyValueSpecification","valueRequired":true,"valueName":"search_term_string"}}],"inLanguage":"sv-SE"},{"@type":"Organization","@id":"https:\/\/9staedte.de\/sv\/#organization","name":"9 St\u00e4dte in Niedersachsen","url":"https:\/\/9staedte.de\/sv\/","logo":{"@type":"ImageObject","inLanguage":"sv-SE","@id":"https:\/\/9staedte.de\/sv\/#\/schema\/logo\/image\/","url":"https:\/\/9staedte.de\/wp-content\/uploads\/2025\/01\/9-neg-deutsch-2-1.png","contentUrl":"https:\/\/9staedte.de\/wp-content\/uploads\/2025\/01\/9-neg-deutsch-2-1.png","width":190,"height":114,"caption":"9 St\u00e4dte in Niedersachsen"},"image":{"@id":"https:\/\/9staedte.de\/sv\/#\/schema\/logo\/image\/"}}]}},"_links":{"self":[{"href":"https:\/\/9staedte.de\/sv\/wp-json\/wp\/v2\/pages\/14199","targetHints":{"allow":["GET"]}}],"collection":[{"href":"https:\/\/9staedte.de\/sv\/wp-json\/wp\/v2\/pages"}],"about":[{"href":"https:\/\/9staedte.de\/sv\/wp-json\/wp\/v2\/types\/page"}],"author":[{"embeddable":true,"href":"https:\/\/9staedte.de\/sv\/wp-json\/wp\/v2\/users\/1"}],"replies":[{"embeddable":true,"href":"https:\/\/9staedte.de\/sv\/wp-json\/wp\/v2\/comments?post=14199"}],"version-history":[{"count":1,"href":"https:\/\/9staedte.de\/sv\/wp-json\/wp\/v2\/pages\/14199\/revisions"}],"predecessor-version":[{"id":14212,"href":"https:\/\/9staedte.de\/sv\/wp-json\/wp\/v2\/pages\/14199\/revisions\/14212"}],"up":[{"embeddable":true,"href":"https:\/\/9staedte.de\/sv\/wp-json\/wp\/v2\/pages\/14577"}],"wp:featuredmedia":[{"embeddable":true,"href":"https:\/\/9staedte.de\/sv\/wp-json\/wp\/v2\/media\/14203"}],"wp:attachment":[{"href":"https:\/\/9staedte.de\/sv\/wp-json\/wp\/v2\/media?parent=14199"}],"wp:term":[{"taxonomy":"category","embeddable":true,"href":"https:\/\/9staedte.de\/sv\/wp-json\/wp\/v2\/categories?post=14199"},{"taxonomy":"post_tag","embeddable":true,"href":"https:\/\/9staedte.de\/sv\/wp-json\/wp\/v2\/tags?post=14199"},{"taxonomy":"ncap_cities_tax","embeddable":true,"href":"https:\/\/9staedte.de\/sv\/wp-json\/wp\/v2\/ncap_cities_tax?post=14199"}],"curies":[{"name":"wp","href":"https:\/\/api.w.org\/{rel}","templated":true}]}}