{"id":14193,"date":"2023-10-25T16:23:36","date_gmt":"2023-10-25T14:23:36","guid":{"rendered":"https:\/\/9staedte.de\/konferenser-och-kongresser-i-hameln\/"},"modified":"2023-10-25T17:53:06","modified_gmt":"2023-10-25T15:53:06","slug":"konferenser-och-kongresser-i-hameln","status":"publish","type":"page","link":"https:\/\/9staedte.de\/sv\/hameln-legendarisk-raattfaangarstad\/konferenser-och-kongresser-i-hameln\/","title":{"rendered":"Konferenser och kongresser i Hameln"},"content":{"rendered":"\n<h2 class=\"wp-block-heading\">Ditt evenemang i Pied Piper City<\/h2>\n\n\n\n<p>Hamelns betydelse som konferensort har \u00f6kat markant under de senaste \u00e5ren. En bidragande orsak till detta var f\u00e4rdigst\u00e4llandet av det moderna och centralt bel\u00e4gna Weserbergland-Zentrum (WB-Z) 1996. Husets tekniska utrustning uppfyller de modernaste kraven och m\u00f6jligg\u00f6r konferensm\u00f6jligheter f\u00f6r grupper fr\u00e5n 17 till 700 personer p\u00e5 ca 1.500 m\u00b2 genom en flexibel rumsindelning. Tack vare den direkta f\u00f6rbindelsen fr\u00e5n Weserbergland Centre till Hameln-teatern kan ytterligare 700 platser (fasta sittplatser) och en komplett teaterscen anv\u00e4ndas. P\u00e5 s\u00e5 s\u00e4tt har du ett stort auditorium samtidigt som du kan anv\u00e4nda rummen i konferenscentret f\u00f6r workshops eller utst\u00e4llningar. En annan konferensanl\u00e4ggning i Hameln \u00e4r den multifunktionella hallen Rattenf\u00e4nger-Halle. H\u00e4r finns plats f\u00f6r olika storskaliga ekonomiska, kulturella och idrottsliga evenemang med upp till 2 200 sittplatser och m\u00e4ssor.<\/p>\n\n\n\r\n\r\n    <div class=\"filter-posts\">\r\n            <div  id=\"filterContent\">\r\n                                                        \n<div class=\"contentKachel filtr-item\" data-category=\"hameln-sv\">\n    <a href=\"https:\/\/9staedte.de\/sv\/hameln-marketing-und-tourismus-gmbh-vaar-tjaenst\/\">\n        <div class=\"contentKachel-inner\">\n                            <div class=\"contentKachel-thumbnail\">\n                    <img loading=\"lazy\" decoding=\"async\" width=\"300\" height=\"165\" src=\"https:\/\/9staedte.de\/wp-content\/smush-webp\/2023\/02\/Hameln-Theater-und-Weserberglandzentrum-bei-Nacht-c-HMT-300x165.jpg.webp\" class=\"objectfitcover withfilters wp-post-image\" alt=\"Bilden visar en stor byggnad p\u00e5 natten. Byggnaden har stark belysning. Till v\u00e4nster \u00e4r teatern. Till h\u00f6ger \u00e4r Weserbergland-centret. Det finns m\u00e5nga f\u00f6nster. N\u00e5gra personer st\u00e5r vid ing\u00e5ngen. Det \u00e4r m\u00f6rkt, men lamporna lyser upp allt.\" srcset=\"https:\/\/9staedte.de\/wp-content\/smush-webp\/2023\/02\/Hameln-Theater-und-Weserberglandzentrum-bei-Nacht-c-HMT-300x165.jpg.webp 300w, https:\/\/9staedte.de\/wp-content\/smush-webp\/2023\/02\/Hameln-Theater-und-Weserberglandzentrum-bei-Nacht-c-HMT-768x422.jpg.webp 768w, https:\/\/9staedte.de\/wp-content\/smush-webp\/2023\/02\/Hameln-Theater-und-Weserberglandzentrum-bei-Nacht-c-HMT.jpg.webp 1020w\" sizes=\"auto, (max-width: 300px) 100vw, 300px\" \/>                    <img loading=\"lazy\" decoding=\"async\" width=\"300\" height=\"165\" src=\"https:\/\/9staedte.de\/wp-content\/smush-webp\/2023\/02\/Hameln-Theater-und-Weserberglandzentrum-bei-Nacht-c-HMT-300x165.jpg.webp\" class=\"objectfitcontain wp-post-image\" alt=\"Bilden visar en stor byggnad p\u00e5 natten. Byggnaden har stark belysning. Till v\u00e4nster \u00e4r teatern. Till h\u00f6ger \u00e4r Weserbergland-centret. Det finns m\u00e5nga f\u00f6nster. N\u00e5gra personer st\u00e5r vid ing\u00e5ngen. Det \u00e4r m\u00f6rkt, men lamporna lyser upp allt.\" srcset=\"https:\/\/9staedte.de\/wp-content\/smush-webp\/2023\/02\/Hameln-Theater-und-Weserberglandzentrum-bei-Nacht-c-HMT-300x165.jpg.webp 300w, https:\/\/9staedte.de\/wp-content\/smush-webp\/2023\/02\/Hameln-Theater-und-Weserberglandzentrum-bei-Nacht-c-HMT-768x422.jpg.webp 768w, https:\/\/9staedte.de\/wp-content\/smush-webp\/2023\/02\/Hameln-Theater-und-Weserberglandzentrum-bei-Nacht-c-HMT.jpg.webp 1020w\" sizes=\"auto, (max-width: 300px) 100vw, 300px\" \/>                        <div class=\"thumbnail-label\">\n    <span>Hameln Theater und Weserberglandzentrum bei Nacht c) HMT<\/span>\n    <\/div>\n                <\/div>\n                        <div class=\"contentKachel-content\">\n                                    <div class=\"city-tag bg-hameln\">\n                        Hameln                    <\/div>\n                \n                <div class=\"title\">\n\n                    Hameln Marketing und Tourismus GmbH: V\u00e5r tj\u00e4nst:                    \n                <\/div>\n\n                            <\/div>\n\n        <\/div>\n    <\/a>\n<\/div>                                                        \n<div class=\"contentKachel filtr-item\" data-category=\"hameln-sv\">\n    <a href=\"https:\/\/9staedte.de\/sv\/9-skael-foer-ditt-evenemang-i-hameln\/\">\n        <div class=\"contentKachel-inner\">\n                            <div class=\"contentKachel-thumbnail\">\n                    <img loading=\"lazy\" decoding=\"async\" width=\"300\" height=\"200\" src=\"https:\/\/9staedte.de\/wp-content\/smush-webp\/2023\/02\/Hameln-herbstempfang-c-HMT-300x200.jpg.webp\" class=\"objectfitcover withfilters wp-post-image\" alt=\"Bilden visar en stor sal. M\u00e5nga stolar st\u00e5r i rader. Framf\u00f6r finns en stor sk\u00e4rm och ett talarpodium. Scenen har bl\u00e5tt ljus. Salen \u00e4r tom. Ett evenemang ska vara h\u00e4r. Det \u00e4r h\u00f6stmottagningen i Hameln.\" srcset=\"https:\/\/9staedte.de\/wp-content\/smush-webp\/2023\/02\/Hameln-herbstempfang-c-HMT-300x200.jpg.webp 300w, https:\/\/9staedte.de\/wp-content\/smush-webp\/2023\/02\/Hameln-herbstempfang-c-HMT-768x511.jpg.webp 768w, https:\/\/9staedte.de\/wp-content\/smush-webp\/2023\/02\/Hameln-herbstempfang-c-HMT.jpg.webp 850w\" sizes=\"auto, (max-width: 300px) 100vw, 300px\" \/>                    <img loading=\"lazy\" decoding=\"async\" width=\"300\" height=\"200\" src=\"https:\/\/9staedte.de\/wp-content\/smush-webp\/2023\/02\/Hameln-herbstempfang-c-HMT-300x200.jpg.webp\" class=\"objectfitcontain wp-post-image\" alt=\"Bilden visar en stor sal. M\u00e5nga stolar st\u00e5r i rader. Framf\u00f6r finns en stor sk\u00e4rm och ett talarpodium. Scenen har bl\u00e5tt ljus. Salen \u00e4r tom. Ett evenemang ska vara h\u00e4r. Det \u00e4r h\u00f6stmottagningen i Hameln.\" srcset=\"https:\/\/9staedte.de\/wp-content\/smush-webp\/2023\/02\/Hameln-herbstempfang-c-HMT-300x200.jpg.webp 300w, https:\/\/9staedte.de\/wp-content\/smush-webp\/2023\/02\/Hameln-herbstempfang-c-HMT-768x511.jpg.webp 768w, https:\/\/9staedte.de\/wp-content\/smush-webp\/2023\/02\/Hameln-herbstempfang-c-HMT.jpg.webp 850w\" sizes=\"auto, (max-width: 300px) 100vw, 300px\" \/>                        <div class=\"thumbnail-label\">\n    <span>Hameln herbstempfang c) HMT<\/span>\n    <\/div>\n                <\/div>\n                        <div class=\"contentKachel-content\">\n                                    <div class=\"city-tag bg-hameln\">\n                        Hameln                    <\/div>\n                \n                <div class=\"title\">\n\n                    9 sk\u00e4l f\u00f6r ditt evenemang i Hameln                    \n                <\/div>\n\n                            <\/div>\n\n        <\/div>\n    <\/a>\n<\/div>                                            <\/div>\r\n    <\/div>\r\n","protected":false},"excerpt":{"rendered":"<p>Ditt evenemang i Pied Piper City Hamelns betydelse som konferensort har \u00f6kat markant under de senaste \u00e5ren. En bidragande orsak till detta var f\u00e4rdigst\u00e4llandet av det moderna och centralt bel\u00e4gna Weserbergland-Zentrum (WB-Z) 1996. Husets tekniska utrustning uppfyller de modernaste kraven och m\u00f6jligg\u00f6r konferensm\u00f6jligheter f\u00f6r grupper fr\u00e5n 17 till 700 personer p\u00e5 ca 1.500 m\u00b2 genom [&hellip;]<\/p>\n","protected":false},"author":1,"featured_media":14197,"parent":14554,"menu_order":0,"comment_status":"closed","ping_status":"closed","template":"pagetemplates\/template-stadtthema.php","meta":{"_acf_changed":false,"footnotes":""},"categories":[],"tags":[],"ncap_cities_tax":[449,1156],"class_list":["post-14193","page","type-page","status-publish","has-post-thumbnail","hentry","ncap_cities_tax-hameln-sv","ncap_cities_tax-tagungen-und-kongresse-hameln-sv"],"acf":[],"yoast_head":"<!-- This site is optimized with the Yoast SEO plugin v26.8 - https:\/\/yoast.com\/product\/yoast-seo-wordpress\/ -->\n<title>Konferenser och kongresser i Hameln - 9 St\u00e4dte in Niedersachsen<\/title>\n<meta name=\"robots\" content=\"index, follow, max-snippet:-1, max-image-preview:large, max-video-preview:-1\" \/>\n<link rel=\"canonical\" href=\"https:\/\/9staedte.de\/sv\/hameln-legendarisk-raattfaangarstad\/konferenser-och-kongresser-i-hameln\/\" \/>\n<meta property=\"og:locale\" content=\"sv_SE\" \/>\n<meta property=\"og:type\" content=\"article\" \/>\n<meta property=\"og:title\" content=\"Konferenser och kongresser i Hameln - 9 St\u00e4dte in Niedersachsen\" \/>\n<meta property=\"og:description\" content=\"Ditt evenemang i Pied Piper City Hamelns betydelse som konferensort har \u00f6kat markant under de senaste \u00e5ren. En bidragande orsak till detta var f\u00e4rdigst\u00e4llandet av det moderna och centralt bel\u00e4gna Weserbergland-Zentrum (WB-Z) 1996. Husets tekniska utrustning uppfyller de modernaste kraven och m\u00f6jligg\u00f6r konferensm\u00f6jligheter f\u00f6r grupper fr\u00e5n 17 till 700 personer p\u00e5 ca 1.500 m\u00b2 genom [&hellip;]\" \/>\n<meta property=\"og:url\" content=\"https:\/\/9staedte.de\/sv\/hameln-legendarisk-raattfaangarstad\/konferenser-och-kongresser-i-hameln\/\" \/>\n<meta property=\"og:site_name\" content=\"9 St\u00e4dte in Niedersachsen\" \/>\n<meta property=\"article:modified_time\" content=\"2023-10-25T15:53:06+00:00\" \/>\n<meta property=\"og:image\" content=\"https:\/\/9staedte.de\/wp-content\/uploads\/2023\/07\/Weserbergland-Zentrum_-_Herzlich_Willkommen-1.jpg\" \/>\n\t<meta property=\"og:image:width\" content=\"1020\" \/>\n\t<meta property=\"og:image:height\" content=\"560\" \/>\n\t<meta property=\"og:image:type\" content=\"image\/jpeg\" \/>\n<meta name=\"twitter:card\" content=\"summary_large_image\" \/>\n<meta name=\"twitter:label1\" content=\"Ber\u00e4knad l\u00e4stid\" \/>\n\t<meta name=\"twitter:data1\" content=\"1 minut\" \/>\n<script type=\"application\/ld+json\" class=\"yoast-schema-graph\">{\"@context\":\"https:\/\/schema.org\",\"@graph\":[{\"@type\":\"WebPage\",\"@id\":\"https:\/\/9staedte.de\/sv\/hameln-legendarisk-raattfaangarstad\/konferenser-och-kongresser-i-hameln\/\",\"url\":\"https:\/\/9staedte.de\/sv\/hameln-legendarisk-raattfaangarstad\/konferenser-och-kongresser-i-hameln\/\",\"name\":\"Konferenser och kongresser i Hameln - 9 St\u00e4dte in Niedersachsen\",\"isPartOf\":{\"@id\":\"https:\/\/9staedte.de\/sv\/#website\"},\"primaryImageOfPage\":{\"@id\":\"https:\/\/9staedte.de\/sv\/hameln-legendarisk-raattfaangarstad\/konferenser-och-kongresser-i-hameln\/#primaryimage\"},\"image\":{\"@id\":\"https:\/\/9staedte.de\/sv\/hameln-legendarisk-raattfaangarstad\/konferenser-och-kongresser-i-hameln\/#primaryimage\"},\"thumbnailUrl\":\"https:\/\/9staedte.de\/wp-content\/uploads\/2023\/07\/Weserbergland-Zentrum_-_Herzlich_Willkommen-1.jpg\",\"datePublished\":\"2023-10-25T14:23:36+00:00\",\"dateModified\":\"2023-10-25T15:53:06+00:00\",\"breadcrumb\":{\"@id\":\"https:\/\/9staedte.de\/sv\/hameln-legendarisk-raattfaangarstad\/konferenser-och-kongresser-i-hameln\/#breadcrumb\"},\"inLanguage\":\"sv-SE\",\"potentialAction\":[{\"@type\":\"ReadAction\",\"target\":[\"https:\/\/9staedte.de\/sv\/hameln-legendarisk-raattfaangarstad\/konferenser-och-kongresser-i-hameln\/\"]}]},{\"@type\":\"ImageObject\",\"inLanguage\":\"sv-SE\",\"@id\":\"https:\/\/9staedte.de\/sv\/hameln-legendarisk-raattfaangarstad\/konferenser-och-kongresser-i-hameln\/#primaryimage\",\"url\":\"https:\/\/9staedte.de\/wp-content\/uploads\/2023\/07\/Weserbergland-Zentrum_-_Herzlich_Willkommen-1.jpg\",\"contentUrl\":\"https:\/\/9staedte.de\/wp-content\/uploads\/2023\/07\/Weserbergland-Zentrum_-_Herzlich_Willkommen-1.jpg\",\"width\":1020,\"height\":560,\"caption\":\"Tagen in Hameln - Weserbergland-Zentrum Herzlich Willkommen\"},{\"@type\":\"BreadcrumbList\",\"@id\":\"https:\/\/9staedte.de\/sv\/hameln-legendarisk-raattfaangarstad\/konferenser-och-kongresser-i-hameln\/#breadcrumb\",\"itemListElement\":[{\"@type\":\"ListItem\",\"position\":1,\"name\":\"Startseite\",\"item\":\"https:\/\/9staedte.de\/sv\/\"},{\"@type\":\"ListItem\",\"position\":2,\"name\":\"Hameln &#8211; Legendarisk R\u00e5ttf\u00e5ngarstad\",\"item\":\"https:\/\/9staedte.de\/sv\/hameln-legendarisk-raattfaangarstad\/\"},{\"@type\":\"ListItem\",\"position\":3,\"name\":\"Konferenser och kongresser i Hameln\"}]},{\"@type\":\"WebSite\",\"@id\":\"https:\/\/9staedte.de\/sv\/#website\",\"url\":\"https:\/\/9staedte.de\/sv\/\",\"name\":\"9 St\u00e4dte in Niedersachsen\",\"description\":\"\",\"publisher\":{\"@id\":\"https:\/\/9staedte.de\/sv\/#organization\"},\"potentialAction\":[{\"@type\":\"SearchAction\",\"target\":{\"@type\":\"EntryPoint\",\"urlTemplate\":\"https:\/\/9staedte.de\/sv\/?s={search_term_string}\"},\"query-input\":{\"@type\":\"PropertyValueSpecification\",\"valueRequired\":true,\"valueName\":\"search_term_string\"}}],\"inLanguage\":\"sv-SE\"},{\"@type\":\"Organization\",\"@id\":\"https:\/\/9staedte.de\/sv\/#organization\",\"name\":\"9 St\u00e4dte in Niedersachsen\",\"url\":\"https:\/\/9staedte.de\/sv\/\",\"logo\":{\"@type\":\"ImageObject\",\"inLanguage\":\"sv-SE\",\"@id\":\"https:\/\/9staedte.de\/sv\/#\/schema\/logo\/image\/\",\"url\":\"https:\/\/9staedte.de\/wp-content\/uploads\/2025\/01\/9-neg-deutsch-2-1.png\",\"contentUrl\":\"https:\/\/9staedte.de\/wp-content\/uploads\/2025\/01\/9-neg-deutsch-2-1.png\",\"width\":190,\"height\":114,\"caption\":\"9 St\u00e4dte in Niedersachsen\"},\"image\":{\"@id\":\"https:\/\/9staedte.de\/sv\/#\/schema\/logo\/image\/\"}}]}<\/script>\n<!-- \/ Yoast SEO plugin. -->","yoast_head_json":{"title":"Konferenser och kongresser i Hameln - 9 St\u00e4dte in Niedersachsen","robots":{"index":"index","follow":"follow","max-snippet":"max-snippet:-1","max-image-preview":"max-image-preview:large","max-video-preview":"max-video-preview:-1"},"canonical":"https:\/\/9staedte.de\/sv\/hameln-legendarisk-raattfaangarstad\/konferenser-och-kongresser-i-hameln\/","og_locale":"sv_SE","og_type":"article","og_title":"Konferenser och kongresser i Hameln - 9 St\u00e4dte in Niedersachsen","og_description":"Ditt evenemang i Pied Piper City Hamelns betydelse som konferensort har \u00f6kat markant under de senaste \u00e5ren. En bidragande orsak till detta var f\u00e4rdigst\u00e4llandet av det moderna och centralt bel\u00e4gna Weserbergland-Zentrum (WB-Z) 1996. Husets tekniska utrustning uppfyller de modernaste kraven och m\u00f6jligg\u00f6r konferensm\u00f6jligheter f\u00f6r grupper fr\u00e5n 17 till 700 personer p\u00e5 ca 1.500 m\u00b2 genom [&hellip;]","og_url":"https:\/\/9staedte.de\/sv\/hameln-legendarisk-raattfaangarstad\/konferenser-och-kongresser-i-hameln\/","og_site_name":"9 St\u00e4dte in Niedersachsen","article_modified_time":"2023-10-25T15:53:06+00:00","og_image":[{"width":1020,"height":560,"url":"https:\/\/9staedte.de\/wp-content\/uploads\/2023\/07\/Weserbergland-Zentrum_-_Herzlich_Willkommen-1.jpg","type":"image\/jpeg"}],"twitter_card":"summary_large_image","twitter_misc":{"Ber\u00e4knad l\u00e4stid":"1 minut"},"schema":{"@context":"https:\/\/schema.org","@graph":[{"@type":"WebPage","@id":"https:\/\/9staedte.de\/sv\/hameln-legendarisk-raattfaangarstad\/konferenser-och-kongresser-i-hameln\/","url":"https:\/\/9staedte.de\/sv\/hameln-legendarisk-raattfaangarstad\/konferenser-och-kongresser-i-hameln\/","name":"Konferenser och kongresser i Hameln - 9 St\u00e4dte in Niedersachsen","isPartOf":{"@id":"https:\/\/9staedte.de\/sv\/#website"},"primaryImageOfPage":{"@id":"https:\/\/9staedte.de\/sv\/hameln-legendarisk-raattfaangarstad\/konferenser-och-kongresser-i-hameln\/#primaryimage"},"image":{"@id":"https:\/\/9staedte.de\/sv\/hameln-legendarisk-raattfaangarstad\/konferenser-och-kongresser-i-hameln\/#primaryimage"},"thumbnailUrl":"https:\/\/9staedte.de\/wp-content\/uploads\/2023\/07\/Weserbergland-Zentrum_-_Herzlich_Willkommen-1.jpg","datePublished":"2023-10-25T14:23:36+00:00","dateModified":"2023-10-25T15:53:06+00:00","breadcrumb":{"@id":"https:\/\/9staedte.de\/sv\/hameln-legendarisk-raattfaangarstad\/konferenser-och-kongresser-i-hameln\/#breadcrumb"},"inLanguage":"sv-SE","potentialAction":[{"@type":"ReadAction","target":["https:\/\/9staedte.de\/sv\/hameln-legendarisk-raattfaangarstad\/konferenser-och-kongresser-i-hameln\/"]}]},{"@type":"ImageObject","inLanguage":"sv-SE","@id":"https:\/\/9staedte.de\/sv\/hameln-legendarisk-raattfaangarstad\/konferenser-och-kongresser-i-hameln\/#primaryimage","url":"https:\/\/9staedte.de\/wp-content\/uploads\/2023\/07\/Weserbergland-Zentrum_-_Herzlich_Willkommen-1.jpg","contentUrl":"https:\/\/9staedte.de\/wp-content\/uploads\/2023\/07\/Weserbergland-Zentrum_-_Herzlich_Willkommen-1.jpg","width":1020,"height":560,"caption":"Tagen in Hameln - Weserbergland-Zentrum Herzlich Willkommen"},{"@type":"BreadcrumbList","@id":"https:\/\/9staedte.de\/sv\/hameln-legendarisk-raattfaangarstad\/konferenser-och-kongresser-i-hameln\/#breadcrumb","itemListElement":[{"@type":"ListItem","position":1,"name":"Startseite","item":"https:\/\/9staedte.de\/sv\/"},{"@type":"ListItem","position":2,"name":"Hameln &#8211; Legendarisk R\u00e5ttf\u00e5ngarstad","item":"https:\/\/9staedte.de\/sv\/hameln-legendarisk-raattfaangarstad\/"},{"@type":"ListItem","position":3,"name":"Konferenser och kongresser i Hameln"}]},{"@type":"WebSite","@id":"https:\/\/9staedte.de\/sv\/#website","url":"https:\/\/9staedte.de\/sv\/","name":"9 St\u00e4dte in Niedersachsen","description":"","publisher":{"@id":"https:\/\/9staedte.de\/sv\/#organization"},"potentialAction":[{"@type":"SearchAction","target":{"@type":"EntryPoint","urlTemplate":"https:\/\/9staedte.de\/sv\/?s={search_term_string}"},"query-input":{"@type":"PropertyValueSpecification","valueRequired":true,"valueName":"search_term_string"}}],"inLanguage":"sv-SE"},{"@type":"Organization","@id":"https:\/\/9staedte.de\/sv\/#organization","name":"9 St\u00e4dte in Niedersachsen","url":"https:\/\/9staedte.de\/sv\/","logo":{"@type":"ImageObject","inLanguage":"sv-SE","@id":"https:\/\/9staedte.de\/sv\/#\/schema\/logo\/image\/","url":"https:\/\/9staedte.de\/wp-content\/uploads\/2025\/01\/9-neg-deutsch-2-1.png","contentUrl":"https:\/\/9staedte.de\/wp-content\/uploads\/2025\/01\/9-neg-deutsch-2-1.png","width":190,"height":114,"caption":"9 St\u00e4dte in Niedersachsen"},"image":{"@id":"https:\/\/9staedte.de\/sv\/#\/schema\/logo\/image\/"}}]}},"_links":{"self":[{"href":"https:\/\/9staedte.de\/sv\/wp-json\/wp\/v2\/pages\/14193","targetHints":{"allow":["GET"]}}],"collection":[{"href":"https:\/\/9staedte.de\/sv\/wp-json\/wp\/v2\/pages"}],"about":[{"href":"https:\/\/9staedte.de\/sv\/wp-json\/wp\/v2\/types\/page"}],"author":[{"embeddable":true,"href":"https:\/\/9staedte.de\/sv\/wp-json\/wp\/v2\/users\/1"}],"replies":[{"embeddable":true,"href":"https:\/\/9staedte.de\/sv\/wp-json\/wp\/v2\/comments?post=14193"}],"version-history":[{"count":1,"href":"https:\/\/9staedte.de\/sv\/wp-json\/wp\/v2\/pages\/14193\/revisions"}],"predecessor-version":[{"id":14201,"href":"https:\/\/9staedte.de\/sv\/wp-json\/wp\/v2\/pages\/14193\/revisions\/14201"}],"up":[{"embeddable":true,"href":"https:\/\/9staedte.de\/sv\/wp-json\/wp\/v2\/pages\/14554"}],"wp:featuredmedia":[{"embeddable":true,"href":"https:\/\/9staedte.de\/sv\/wp-json\/wp\/v2\/media\/14197"}],"wp:attachment":[{"href":"https:\/\/9staedte.de\/sv\/wp-json\/wp\/v2\/media?parent=14193"}],"wp:term":[{"taxonomy":"category","embeddable":true,"href":"https:\/\/9staedte.de\/sv\/wp-json\/wp\/v2\/categories?post=14193"},{"taxonomy":"post_tag","embeddable":true,"href":"https:\/\/9staedte.de\/sv\/wp-json\/wp\/v2\/tags?post=14193"},{"taxonomy":"ncap_cities_tax","embeddable":true,"href":"https:\/\/9staedte.de\/sv\/wp-json\/wp\/v2\/ncap_cities_tax?post=14193"}],"curies":[{"name":"wp","href":"https:\/\/api.w.org\/{rel}","templated":true}]}}