{"id":14181,"date":"2023-10-25T16:23:36","date_gmt":"2023-10-25T14:23:36","guid":{"rendered":"https:\/\/9staedte.de\/julmarknad-i-hameln\/"},"modified":"2026-03-23T13:21:59","modified_gmt":"2026-03-23T12:21:59","slug":"julmarknad-i-hameln","status":"publish","type":"page","link":"https:\/\/9staedte.de\/sv\/hameln-legendarisk-raattfaangarstad\/julmarknad-i-hameln\/","title":{"rendered":"Julmarknad i Hameln"},"content":{"rendered":"\n<h2 class=\"wp-block-heading\">Julmagi i R\u00e5ttf\u00e5ngarens stad<\/h2>\n\n<p>Hameln lockar &#8230; s\u00e4rskilt i juletid! Varje \u00e5r utg\u00f6r de magnifikt dekorerade Weserren\u00e4ssansbyggnaderna och charmiga korsvirkeshusen med k\u00e4rleksfullt dekorerade butiker den unika bakgrunden till Hamelns julmarknad.<br\/>60 individuellt utformade hyddor och den enorma pyramiden \u00e4r placerade i en julig scen. Den f\u00e4rgglada och glada R\u00e5ttf\u00e5ngaren paraderar genom gatorna med bes\u00f6karna och &#8221;MusicalWinter Hameln&#8221; lockar bes\u00f6kare till teatern med en spektakul\u00e4r scenshow. L\u00e5t dig f\u00f6rtrollas av Hameln och dess fantastiska utbud.   <\/p>\n\n<p><a href=\"https:\/\/www.hameln.de\/de\/veranstaltungen\/weihnachtsmarkt\/\" target=\"_blank\" rel=\"noreferrer noopener\">Ytterligare information<\/a><\/p>\n\n\n<div class=\"banner-wrapper\">\n  <div class=\"banner-inner \">\n      <div class=\"img-container\">\n      <div class=\"img-wrapper\">\n        <img decoding=\"async\" src=\"https:\/\/9staedte.de\/wp-content\/smush-webp\/2022\/03\/Hameln_Weihnachtsmarkt-1.jpg.webp\" alt=\"Bilden visar julmarknaden i Hameln. Det \u00e4r kv\u00e4ll och himlen \u00e4r m\u00f6rk. En stor julgran \u00e4r dekorerad med ljus. M\u00e5nga m\u00e4nniskor g\u00e5r mellan st\u00e5nden. I bakgrunden syns en gammal kyrka. Det ligger sn\u00f6 p\u00e5 marken och p\u00e5 taken. Allt ser mycket festligt ut.\" \/>\n                  <div class=\"thumbnail-label\">\n            <span>Hamelner Weihnachtsmarkt c) HMT<\/span>\n          <\/div>\n              <\/div>\n    <\/div>\n        <div class=\"text-container\">\n      <div class=\"content\">\n        <h2>9 tips f\u00f6r att bes\u00f6ka julmarknaden i Hameln<\/h2>\n<p>&#8211; Bes\u00f6k p\u00e5 vintermusikalen &#8221;Der Schimmelreiter&#8221;<br \/>\n&#8211; Jularrangemang med eller utan \u00f6vernattning<br \/>\n&#8211; enorm pyramid<br \/>\n&#8211; Adventskryssningar med b\u00e5t p\u00e5 Weser<br \/>\n&#8211; Stadstur i juletid<br \/>\n&#8211; historiskt pariserhjul<br \/>\n&#8211; Hamelns museum med Pied Piper Theatre<br \/>\n&#8211; Attraktiva shoppingm\u00f6jligheter<br \/>\n&#8211; Uppstigning av kyrktornet<\/p>\n      <\/div>\n    <\/div>\n    <\/div>\n<\/div>\n\n\n<p class=\"h3\"><strong>Julmarknad i Hameln<\/strong><\/p>\n\n <div class=\"brlbs-cmpnt-container brlbs-cmpnt-content-blocker brlbs-cmpnt-with-individual-styles\" data-borlabs-cookie-content-blocker-id=\"google-maps\" data-borlabs-cookie-content=\"PGlmcmFtZSBzcmM9Imh0dHBzOi8vd3d3Lmdvb2dsZS5jb20vbWFwcy9lbWJlZD9wYj0hMW0xOCExbTEyITFtMyExZDcyOC41NjkyNTMxODk0MjUxITJkOS4zNTYzODk2OTI5OTY4NDQhM2Q1Mi4xMDUxMjAxNTc3MzQxMiEybTMhMWYwITJmMCEzZjAhM20yITFpMTAyNCEyaTc2OCE0ZjEzLjEhM20zITFtMiExczB4NDdiYThmMmVhYzU1OGMwNyUzQTB4NzVmYWNiMTI2MmE5MDBmNCEyc1dlaWhhY2h0c21hcmt0JTIwSGFtZWxuITVlMCEzbTIhMXNkZSEyc2RlITR2MTY5MjE4MzMzNTMzOCE1bTIhMXNkZSEyc2RlIiB3aWR0aD0iNjAwIiBoZWlnaHQ9IjQ1MCIgc3R5bGU9ImJvcmRlcjowOyIgYWxsb3dmdWxsc2NyZWVuPSIiIGxvYWRpbmc9ImxhenkiIHJlZmVycmVycG9saWN5PSJuby1yZWZlcnJlci13aGVuLWRvd25ncmFkZSI+PC9pZnJhbWU+\"><div class=\"brlbs-cmpnt-cb-preset-b brlbs-cmpnt-cb-google-maps\"> <div class=\"brlbs-cmpnt-cb-thumbnail\" style=\"background-image: url('https:\/\/9staedte.de\/wp-content\/uploads\/borlabs-cookie\/1\/brlbs-cb-google-maps-main.png')\"><\/div> <div class=\"brlbs-cmpnt-cb-main\"> <div class=\"brlbs-cmpnt-cb-content\"> <p class=\"brlbs-cmpnt-cb-description\">You are currently viewing a placeholder content from <strong>Google Maps<\/strong>. To access the actual content, click the button below. Please note that doing so will share data with third-party providers.<\/p> <a class=\"brlbs-cmpnt-cb-provider-toggle\" href=\"#\" data-borlabs-cookie-show-provider-information role=\"button\">More Information<\/a> <\/div> <div class=\"brlbs-cmpnt-cb-buttons\"> <a class=\"brlbs-cmpnt-cb-btn\" href=\"#\" data-borlabs-cookie-unblock role=\"button\">Unblock content<\/a> <a class=\"brlbs-cmpnt-cb-btn\" href=\"#\" data-borlabs-cookie-accept-service role=\"button\" style=\"display: inherit\">Accept required service and unblock content<\/a> <\/div> <\/div> <\/div><\/div>\n\n<div style=\"height:43px\" aria-hidden=\"true\" class=\"wp-block-spacer\"><\/div>\n","protected":false},"excerpt":{"rendered":"<p>Julmagi i R\u00e5ttf\u00e5ngarens stad Hameln lockar &#8230; s\u00e4rskilt i juletid! Varje \u00e5r utg\u00f6r de magnifikt dekorerade Weserren\u00e4ssansbyggnaderna och charmiga korsvirkeshusen med k\u00e4rleksfullt dekorerade butiker den unika bakgrunden till Hamelns julmarknad.60 individuellt utformade hyddor och den enorma pyramiden \u00e4r placerade i en julig scen. Den f\u00e4rgglada och glada R\u00e5ttf\u00e5ngaren paraderar genom gatorna med bes\u00f6karna och &#8221;MusicalWinter [&hellip;]<\/p>\n","protected":false},"author":1,"featured_media":13359,"parent":14554,"menu_order":0,"comment_status":"closed","ping_status":"closed","template":"pagetemplates\/template-stadtthema.php","meta":{"_acf_changed":false,"footnotes":""},"categories":[],"tags":[],"ncap_cities_tax":[449,519],"class_list":["post-14181","page","type-page","status-publish","has-post-thumbnail","hentry","ncap_cities_tax-hameln-sv","ncap_cities_tax-weihnachtsmarkte-hameln-sv"],"acf":[],"yoast_head":"<!-- This site is optimized with the Yoast SEO plugin v26.8 - https:\/\/yoast.com\/product\/yoast-seo-wordpress\/ -->\n<title>Julmarknad i Hameln - 9 St\u00e4dte in Niedersachsen<\/title>\n<meta name=\"description\" content=\"Upplev Hamelns julmarknad mitt i den historiska gamla stadsdelen med sina unika byggnader fr\u00e5n Weserren\u00e4ssansen.\" \/>\n<meta name=\"robots\" content=\"index, follow, max-snippet:-1, max-image-preview:large, max-video-preview:-1\" \/>\n<link rel=\"canonical\" href=\"https:\/\/9staedte.de\/sv\/hameln-legendarisk-raattfaangarstad\/julmarknad-i-hameln\/\" \/>\n<meta property=\"og:locale\" content=\"sv_SE\" \/>\n<meta property=\"og:type\" content=\"article\" \/>\n<meta property=\"og:title\" content=\"Julmarknad i Hameln - 9 St\u00e4dte in Niedersachsen\" \/>\n<meta property=\"og:description\" content=\"Upplev Hamelns julmarknad mitt i den historiska gamla stadsdelen med sina unika byggnader fr\u00e5n Weserren\u00e4ssansen.\" \/>\n<meta property=\"og:url\" content=\"https:\/\/9staedte.de\/sv\/hameln-legendarisk-raattfaangarstad\/julmarknad-i-hameln\/\" \/>\n<meta property=\"og:site_name\" content=\"9 St\u00e4dte in Niedersachsen\" \/>\n<meta property=\"article:modified_time\" content=\"2026-03-23T12:21:59+00:00\" \/>\n<meta property=\"og:image\" content=\"https:\/\/9staedte.de\/wp-content\/uploads\/2023\/02\/Hameln-Christmas-Market-n-c-Hameln-Marketing-und-Tourismus-GmbH-1.jpg\" \/>\n\t<meta property=\"og:image:width\" content=\"1020\" \/>\n\t<meta property=\"og:image:height\" content=\"559\" \/>\n\t<meta property=\"og:image:type\" content=\"image\/jpeg\" \/>\n<meta name=\"twitter:card\" content=\"summary_large_image\" \/>\n<meta name=\"twitter:label1\" content=\"Ber\u00e4knad l\u00e4stid\" \/>\n\t<meta name=\"twitter:data1\" content=\"1 minut\" \/>\n<script type=\"application\/ld+json\" class=\"yoast-schema-graph\">{\"@context\":\"https:\/\/schema.org\",\"@graph\":[{\"@type\":\"WebPage\",\"@id\":\"https:\/\/9staedte.de\/sv\/hameln-legendarisk-raattfaangarstad\/julmarknad-i-hameln\/\",\"url\":\"https:\/\/9staedte.de\/sv\/hameln-legendarisk-raattfaangarstad\/julmarknad-i-hameln\/\",\"name\":\"Julmarknad i Hameln - 9 St\u00e4dte in Niedersachsen\",\"isPartOf\":{\"@id\":\"https:\/\/9staedte.de\/sv\/#website\"},\"primaryImageOfPage\":{\"@id\":\"https:\/\/9staedte.de\/sv\/hameln-legendarisk-raattfaangarstad\/julmarknad-i-hameln\/#primaryimage\"},\"image\":{\"@id\":\"https:\/\/9staedte.de\/sv\/hameln-legendarisk-raattfaangarstad\/julmarknad-i-hameln\/#primaryimage\"},\"thumbnailUrl\":\"https:\/\/9staedte.de\/wp-content\/uploads\/2023\/02\/Hameln-Christmas-Market-n-c-Hameln-Marketing-und-Tourismus-GmbH-1.jpg\",\"datePublished\":\"2023-10-25T14:23:36+00:00\",\"dateModified\":\"2026-03-23T12:21:59+00:00\",\"description\":\"Upplev Hamelns julmarknad mitt i den historiska gamla stadsdelen med sina unika byggnader fr\u00e5n Weserren\u00e4ssansen.\",\"breadcrumb\":{\"@id\":\"https:\/\/9staedte.de\/sv\/hameln-legendarisk-raattfaangarstad\/julmarknad-i-hameln\/#breadcrumb\"},\"inLanguage\":\"sv-SE\",\"potentialAction\":[{\"@type\":\"ReadAction\",\"target\":[\"https:\/\/9staedte.de\/sv\/hameln-legendarisk-raattfaangarstad\/julmarknad-i-hameln\/\"]}]},{\"@type\":\"ImageObject\",\"inLanguage\":\"sv-SE\",\"@id\":\"https:\/\/9staedte.de\/sv\/hameln-legendarisk-raattfaangarstad\/julmarknad-i-hameln\/#primaryimage\",\"url\":\"https:\/\/9staedte.de\/wp-content\/uploads\/2023\/02\/Hameln-Christmas-Market-n-c-Hameln-Marketing-und-Tourismus-GmbH-1.jpg\",\"contentUrl\":\"https:\/\/9staedte.de\/wp-content\/uploads\/2023\/02\/Hameln-Christmas-Market-n-c-Hameln-Marketing-und-Tourismus-GmbH-1.jpg\",\"width\":1020,\"height\":559,\"caption\":\"Hameln Christmas Market n c) Hameln Marketing und Tourismus GmbH\"},{\"@type\":\"BreadcrumbList\",\"@id\":\"https:\/\/9staedte.de\/sv\/hameln-legendarisk-raattfaangarstad\/julmarknad-i-hameln\/#breadcrumb\",\"itemListElement\":[{\"@type\":\"ListItem\",\"position\":1,\"name\":\"Startseite\",\"item\":\"https:\/\/9staedte.de\/sv\/\"},{\"@type\":\"ListItem\",\"position\":2,\"name\":\"Hameln &#8211; Legendarisk R\u00e5ttf\u00e5ngarstad\",\"item\":\"https:\/\/9staedte.de\/sv\/hameln-legendarisk-raattfaangarstad\/\"},{\"@type\":\"ListItem\",\"position\":3,\"name\":\"Julmarknad i Hameln\"}]},{\"@type\":\"WebSite\",\"@id\":\"https:\/\/9staedte.de\/sv\/#website\",\"url\":\"https:\/\/9staedte.de\/sv\/\",\"name\":\"9 St\u00e4dte in Niedersachsen\",\"description\":\"\",\"publisher\":{\"@id\":\"https:\/\/9staedte.de\/sv\/#organization\"},\"potentialAction\":[{\"@type\":\"SearchAction\",\"target\":{\"@type\":\"EntryPoint\",\"urlTemplate\":\"https:\/\/9staedte.de\/sv\/?s={search_term_string}\"},\"query-input\":{\"@type\":\"PropertyValueSpecification\",\"valueRequired\":true,\"valueName\":\"search_term_string\"}}],\"inLanguage\":\"sv-SE\"},{\"@type\":\"Organization\",\"@id\":\"https:\/\/9staedte.de\/sv\/#organization\",\"name\":\"9 St\u00e4dte in Niedersachsen\",\"url\":\"https:\/\/9staedte.de\/sv\/\",\"logo\":{\"@type\":\"ImageObject\",\"inLanguage\":\"sv-SE\",\"@id\":\"https:\/\/9staedte.de\/sv\/#\/schema\/logo\/image\/\",\"url\":\"https:\/\/9staedte.de\/wp-content\/uploads\/2025\/01\/9-neg-deutsch-2-1.png\",\"contentUrl\":\"https:\/\/9staedte.de\/wp-content\/uploads\/2025\/01\/9-neg-deutsch-2-1.png\",\"width\":190,\"height\":114,\"caption\":\"9 St\u00e4dte in Niedersachsen\"},\"image\":{\"@id\":\"https:\/\/9staedte.de\/sv\/#\/schema\/logo\/image\/\"}}]}<\/script>\n<!-- \/ Yoast SEO plugin. -->","yoast_head_json":{"title":"Julmarknad i Hameln - 9 St\u00e4dte in Niedersachsen","description":"Upplev Hamelns julmarknad mitt i den historiska gamla stadsdelen med sina unika byggnader fr\u00e5n Weserren\u00e4ssansen.","robots":{"index":"index","follow":"follow","max-snippet":"max-snippet:-1","max-image-preview":"max-image-preview:large","max-video-preview":"max-video-preview:-1"},"canonical":"https:\/\/9staedte.de\/sv\/hameln-legendarisk-raattfaangarstad\/julmarknad-i-hameln\/","og_locale":"sv_SE","og_type":"article","og_title":"Julmarknad i Hameln - 9 St\u00e4dte in Niedersachsen","og_description":"Upplev Hamelns julmarknad mitt i den historiska gamla stadsdelen med sina unika byggnader fr\u00e5n Weserren\u00e4ssansen.","og_url":"https:\/\/9staedte.de\/sv\/hameln-legendarisk-raattfaangarstad\/julmarknad-i-hameln\/","og_site_name":"9 St\u00e4dte in Niedersachsen","article_modified_time":"2026-03-23T12:21:59+00:00","og_image":[{"width":1020,"height":559,"url":"https:\/\/9staedte.de\/wp-content\/uploads\/2023\/02\/Hameln-Christmas-Market-n-c-Hameln-Marketing-und-Tourismus-GmbH-1.jpg","type":"image\/jpeg"}],"twitter_card":"summary_large_image","twitter_misc":{"Ber\u00e4knad l\u00e4stid":"1 minut"},"schema":{"@context":"https:\/\/schema.org","@graph":[{"@type":"WebPage","@id":"https:\/\/9staedte.de\/sv\/hameln-legendarisk-raattfaangarstad\/julmarknad-i-hameln\/","url":"https:\/\/9staedte.de\/sv\/hameln-legendarisk-raattfaangarstad\/julmarknad-i-hameln\/","name":"Julmarknad i Hameln - 9 St\u00e4dte in Niedersachsen","isPartOf":{"@id":"https:\/\/9staedte.de\/sv\/#website"},"primaryImageOfPage":{"@id":"https:\/\/9staedte.de\/sv\/hameln-legendarisk-raattfaangarstad\/julmarknad-i-hameln\/#primaryimage"},"image":{"@id":"https:\/\/9staedte.de\/sv\/hameln-legendarisk-raattfaangarstad\/julmarknad-i-hameln\/#primaryimage"},"thumbnailUrl":"https:\/\/9staedte.de\/wp-content\/uploads\/2023\/02\/Hameln-Christmas-Market-n-c-Hameln-Marketing-und-Tourismus-GmbH-1.jpg","datePublished":"2023-10-25T14:23:36+00:00","dateModified":"2026-03-23T12:21:59+00:00","description":"Upplev Hamelns julmarknad mitt i den historiska gamla stadsdelen med sina unika byggnader fr\u00e5n Weserren\u00e4ssansen.","breadcrumb":{"@id":"https:\/\/9staedte.de\/sv\/hameln-legendarisk-raattfaangarstad\/julmarknad-i-hameln\/#breadcrumb"},"inLanguage":"sv-SE","potentialAction":[{"@type":"ReadAction","target":["https:\/\/9staedte.de\/sv\/hameln-legendarisk-raattfaangarstad\/julmarknad-i-hameln\/"]}]},{"@type":"ImageObject","inLanguage":"sv-SE","@id":"https:\/\/9staedte.de\/sv\/hameln-legendarisk-raattfaangarstad\/julmarknad-i-hameln\/#primaryimage","url":"https:\/\/9staedte.de\/wp-content\/uploads\/2023\/02\/Hameln-Christmas-Market-n-c-Hameln-Marketing-und-Tourismus-GmbH-1.jpg","contentUrl":"https:\/\/9staedte.de\/wp-content\/uploads\/2023\/02\/Hameln-Christmas-Market-n-c-Hameln-Marketing-und-Tourismus-GmbH-1.jpg","width":1020,"height":559,"caption":"Hameln Christmas Market n c) Hameln Marketing und Tourismus GmbH"},{"@type":"BreadcrumbList","@id":"https:\/\/9staedte.de\/sv\/hameln-legendarisk-raattfaangarstad\/julmarknad-i-hameln\/#breadcrumb","itemListElement":[{"@type":"ListItem","position":1,"name":"Startseite","item":"https:\/\/9staedte.de\/sv\/"},{"@type":"ListItem","position":2,"name":"Hameln &#8211; Legendarisk R\u00e5ttf\u00e5ngarstad","item":"https:\/\/9staedte.de\/sv\/hameln-legendarisk-raattfaangarstad\/"},{"@type":"ListItem","position":3,"name":"Julmarknad i Hameln"}]},{"@type":"WebSite","@id":"https:\/\/9staedte.de\/sv\/#website","url":"https:\/\/9staedte.de\/sv\/","name":"9 St\u00e4dte in Niedersachsen","description":"","publisher":{"@id":"https:\/\/9staedte.de\/sv\/#organization"},"potentialAction":[{"@type":"SearchAction","target":{"@type":"EntryPoint","urlTemplate":"https:\/\/9staedte.de\/sv\/?s={search_term_string}"},"query-input":{"@type":"PropertyValueSpecification","valueRequired":true,"valueName":"search_term_string"}}],"inLanguage":"sv-SE"},{"@type":"Organization","@id":"https:\/\/9staedte.de\/sv\/#organization","name":"9 St\u00e4dte in Niedersachsen","url":"https:\/\/9staedte.de\/sv\/","logo":{"@type":"ImageObject","inLanguage":"sv-SE","@id":"https:\/\/9staedte.de\/sv\/#\/schema\/logo\/image\/","url":"https:\/\/9staedte.de\/wp-content\/uploads\/2025\/01\/9-neg-deutsch-2-1.png","contentUrl":"https:\/\/9staedte.de\/wp-content\/uploads\/2025\/01\/9-neg-deutsch-2-1.png","width":190,"height":114,"caption":"9 St\u00e4dte in Niedersachsen"},"image":{"@id":"https:\/\/9staedte.de\/sv\/#\/schema\/logo\/image\/"}}]}},"_links":{"self":[{"href":"https:\/\/9staedte.de\/sv\/wp-json\/wp\/v2\/pages\/14181","targetHints":{"allow":["GET"]}}],"collection":[{"href":"https:\/\/9staedte.de\/sv\/wp-json\/wp\/v2\/pages"}],"about":[{"href":"https:\/\/9staedte.de\/sv\/wp-json\/wp\/v2\/types\/page"}],"author":[{"embeddable":true,"href":"https:\/\/9staedte.de\/sv\/wp-json\/wp\/v2\/users\/1"}],"replies":[{"embeddable":true,"href":"https:\/\/9staedte.de\/sv\/wp-json\/wp\/v2\/comments?post=14181"}],"version-history":[{"count":13,"href":"https:\/\/9staedte.de\/sv\/wp-json\/wp\/v2\/pages\/14181\/revisions"}],"predecessor-version":[{"id":27928,"href":"https:\/\/9staedte.de\/sv\/wp-json\/wp\/v2\/pages\/14181\/revisions\/27928"}],"up":[{"embeddable":true,"href":"https:\/\/9staedte.de\/sv\/wp-json\/wp\/v2\/pages\/14554"}],"wp:featuredmedia":[{"embeddable":true,"href":"https:\/\/9staedte.de\/sv\/wp-json\/wp\/v2\/media\/13359"}],"wp:attachment":[{"href":"https:\/\/9staedte.de\/sv\/wp-json\/wp\/v2\/media?parent=14181"}],"wp:term":[{"taxonomy":"category","embeddable":true,"href":"https:\/\/9staedte.de\/sv\/wp-json\/wp\/v2\/categories?post=14181"},{"taxonomy":"post_tag","embeddable":true,"href":"https:\/\/9staedte.de\/sv\/wp-json\/wp\/v2\/tags?post=14181"},{"taxonomy":"ncap_cities_tax","embeddable":true,"href":"https:\/\/9staedte.de\/sv\/wp-json\/wp\/v2\/ncap_cities_tax?post=14181"}],"curies":[{"name":"wp","href":"https:\/\/api.w.org\/{rel}","templated":true}]}}