{"id":14166,"date":"2023-10-25T16:23:11","date_gmt":"2023-10-25T14:23:11","guid":{"rendered":"https:\/\/9staedte.de\/konferenser-och-kongresser-i-goslar\/"},"modified":"2024-05-08T15:27:17","modified_gmt":"2024-05-08T13:27:17","slug":"konferenser-och-kongresser-i-goslar","status":"publish","type":"page","link":"https:\/\/9staedte.de\/sv\/goslar-vaerldsarv-i-harzbergen\/konferenser-och-kongresser-i-goslar\/","title":{"rendered":"Konferenser och kongresser i Goslar"},"content":{"rendered":"\n<h2 class=\"wp-block-heading\">Konferenser och kongresser i Goslar, en stad som finns med p\u00e5 UNESCO:s v\u00e4rldsarvslista<\/h2>\n\n\n\n<p><strong>Konferenser och kongresser i Goslar, en stad som finns med p\u00e5 UNESCO:s v\u00e4rldsarvslista:<\/strong><\/p>\n\n\n\n<p>Konferera och bo i Goslar, staden som finns med p\u00e5 UNESCO:s v\u00e4rldsarvslista, och l\u00e5t dig inspireras av de utm\u00e4rkta m\u00f6jligheterna att genomf\u00f6ra framg\u00e5ngsrika evenemang i en extraordin\u00e4r milj\u00f6. Alla sev\u00e4rdheter, evenemangsplatser och konferenslokaler ligger inom bekv\u00e4mt g\u00e5ngavst\u00e5nd.<br>Vidga perspektiven, bygga team, tr\u00e4na individuella f\u00e4rdigheter, f\u00f6rst\u00e5 problem och hitta l\u00f6sningar &#8211; l\u00e5ngt fr\u00e5n de stora t\u00e4torterna hittar du en dr\u00f6mkombination av historia i gamla stadsmurar och den rena naturen i Harzbergen. Den scen d\u00e4r v\u00e4rldshistorien en g\u00e5ng skrevs \u00e4r \u00f6ppen f\u00f6r dig.<\/p>\n\n\n\n\n<div class=\"banner-wrapper\">\n  <div class=\"banner-inner \">\n      <div class=\"img-container\">\n      <div class=\"img-wrapper\">\n        <img decoding=\"async\" src=\"https:\/\/9staedte.de\/wp-content\/smush-webp\/2023\/02\/Tagung-in-Goslar-Grosses-Heiliges-Kreuz.jpg.webp\" alt=\"Bilden visar en stor sal med tr\u00e4bj\u00e4lkar. M\u00e5nga personer sitter vid l\u00e5nga bord. Det finns mat och dryck. En man talar vid ett podium. V\u00e4ggarna \u00e4r gamla och gjorda av sten. Rummet heter: Gro\u00dfes Heiliges Kreuz i Goslar. Det \u00e4r ett m\u00f6te eller evenemang.\" \/>\n                  <div class=\"thumbnail-label\">\n            <span>Tagung in Goslar Gro\u00dfes Heiliges Kreuz<\/span>\n          <\/div>\n              <\/div>\n    <\/div>\n        <div class=\"text-container\">\n      <div class=\"content\">\n        <h3>9 Tipps f\u00fcr Ihre Veranstaltung in Goslar<\/h3>\n<p>&#8211; Hotel Der ACHTERMANN \u2013 Das historische Haus mit besonderem Ambiente, welches Tradition und Moderne geschmackvoll vereint, liegt zentral an der Fu\u00dfg\u00e4ngerzone und in Bahnhofsn\u00e4he.<br \/>\n\u2013 Hotel Nieders\u00e4chsischer Hof \u2013 Das stilvolle, traditionsreiche Haus wurde in Zusammenarbeit mit dem bekannten M\u00f6nchehaus Museum f\u00fcr Moderne Kunst mit vielen Kunstwerken ausgestattet und liegt zentral, dem Bahnhofsplatz gegen\u00fcber.<br \/>\n\u2013 Hotel &amp; Restaurant Schiefer \u2013 Das Hotel &amp; Restaurant Schiefer bietet Ihnen ein atemberaubendes Wohnerlebnis am historischen Marktplatz und die besten Voraussetzungen f\u00fcr Tagungen und Seminare.<br \/>\n\u2013 Klosterhotel W\u00f6ltingerode \u2013 Schon aus Tradition ist das Kloster ein Ort der Begegnung und bietet viel Platz zum Tagen und Arbeiten. Das stimmungsvolle Ambiente der Tagungsr\u00e4ume l\u00e4dt Sie ein.<\/p>\n<p>Au\u00dfergew\u00f6hnliche Tagungslocations:<br \/>\n\u2013 UNESCO Weltkulturerbe Rammelsberg \u2013 Erleben Sie das besondere Highlight: Tagen untertage! (max.  650 Personen)<br \/>\n&#8211; Kaiserpfalz \u2013 Tagen, wo einst die Kaiser Weltgeschichte schrieben. (Max. 515 Personen)<br \/>\nTipp: Als Alternative f\u00fcr kleinere Veranstaltungen steht der 120 qm gro\u00dfe \u201eWintersaal\u201c zur Verf\u00fcgung. (max. 515 Personen)<br \/>\n&#8211;  Gro\u00dfes Heiliges Kreuz \u2013 Die \u201eD\u00e4le\u201c des Gro\u00dfen Heiligen Kreuzes bietet eine unvergleichliche Atmosph\u00e4re f\u00fcr Ihre Veranstaltung. (max. 99 Personen)<br \/>\n&#8211; Siemenshaus \u2013  Tagen Sie im 1693 erbauten Stammsitz der Industriellenfamilie und eines der gr\u00f6\u00dften B\u00fcrgerh\u00e4user der Stadt. (max. 50 Personen)<\/p>\n      <\/div>\n    <\/div>\n    <\/div>\n<\/div>\n\n","protected":false},"excerpt":{"rendered":"<p>Konferenser och kongresser i Goslar, en stad som finns med p\u00e5 UNESCO:s v\u00e4rldsarvslista Konferenser och kongresser i Goslar, en stad som finns med p\u00e5 UNESCO:s v\u00e4rldsarvslista: Konferera och bo i Goslar, staden som finns med p\u00e5 UNESCO:s v\u00e4rldsarvslista, och l\u00e5t dig inspireras av de utm\u00e4rkta m\u00f6jligheterna att genomf\u00f6ra framg\u00e5ngsrika evenemang i en extraordin\u00e4r milj\u00f6. Alla [&hellip;]<\/p>\n","protected":false},"author":1,"featured_media":14171,"parent":14563,"menu_order":0,"comment_status":"closed","ping_status":"closed","template":"pagetemplates\/template-stadtthema.php","meta":{"_acf_changed":false,"footnotes":""},"categories":[],"tags":[],"ncap_cities_tax":[442,1149],"class_list":["post-14166","page","type-page","status-publish","has-post-thumbnail","hentry","ncap_cities_tax-goslar-sv","ncap_cities_tax-tagungen-und-kongresse-goslar-sv"],"acf":[],"yoast_head":"<!-- This site is optimized with the Yoast SEO plugin v26.8 - https:\/\/yoast.com\/product\/yoast-seo-wordpress\/ -->\n<title>Konferenser och kongresser i Goslar - 9 St\u00e4dte in Niedersachsen<\/title>\n<meta name=\"robots\" content=\"index, follow, max-snippet:-1, max-image-preview:large, max-video-preview:-1\" \/>\n<link rel=\"canonical\" href=\"https:\/\/9staedte.de\/sv\/goslar-vaerldsarv-i-harzbergen\/konferenser-och-kongresser-i-goslar\/\" \/>\n<meta property=\"og:locale\" content=\"sv_SE\" \/>\n<meta property=\"og:type\" content=\"article\" \/>\n<meta property=\"og:title\" content=\"Konferenser och kongresser i Goslar - 9 St\u00e4dte in Niedersachsen\" \/>\n<meta property=\"og:description\" content=\"Konferenser och kongresser i Goslar, en stad som finns med p\u00e5 UNESCO:s v\u00e4rldsarvslista Konferenser och kongresser i Goslar, en stad som finns med p\u00e5 UNESCO:s v\u00e4rldsarvslista: Konferera och bo i Goslar, staden som finns med p\u00e5 UNESCO:s v\u00e4rldsarvslista, och l\u00e5t dig inspireras av de utm\u00e4rkta m\u00f6jligheterna att genomf\u00f6ra framg\u00e5ngsrika evenemang i en extraordin\u00e4r milj\u00f6. Alla [&hellip;]\" \/>\n<meta property=\"og:url\" content=\"https:\/\/9staedte.de\/sv\/goslar-vaerldsarv-i-harzbergen\/konferenser-och-kongresser-i-goslar\/\" \/>\n<meta property=\"og:site_name\" content=\"9 St\u00e4dte in Niedersachsen\" \/>\n<meta property=\"article:modified_time\" content=\"2024-05-08T13:27:17+00:00\" \/>\n<meta property=\"og:image\" content=\"https:\/\/9staedte.de\/wp-content\/uploads\/2023\/02\/Goslar-Kaiserpfalz-c-GOSLAR-marketing-gmbh-Fotograf-Stefan-Schiefer.jpg\" \/>\n\t<meta property=\"og:image:width\" content=\"1020\" \/>\n\t<meta property=\"og:image:height\" content=\"559\" \/>\n\t<meta property=\"og:image:type\" content=\"image\/jpeg\" \/>\n<meta name=\"twitter:card\" content=\"summary_large_image\" \/>\n<meta name=\"twitter:label1\" content=\"Ber\u00e4knad l\u00e4stid\" \/>\n\t<meta name=\"twitter:data1\" content=\"1 minut\" \/>\n<script type=\"application\/ld+json\" class=\"yoast-schema-graph\">{\"@context\":\"https:\/\/schema.org\",\"@graph\":[{\"@type\":\"WebPage\",\"@id\":\"https:\/\/9staedte.de\/sv\/goslar-vaerldsarv-i-harzbergen\/konferenser-och-kongresser-i-goslar\/\",\"url\":\"https:\/\/9staedte.de\/sv\/goslar-vaerldsarv-i-harzbergen\/konferenser-och-kongresser-i-goslar\/\",\"name\":\"Konferenser och kongresser i Goslar - 9 St\u00e4dte in Niedersachsen\",\"isPartOf\":{\"@id\":\"https:\/\/9staedte.de\/sv\/#website\"},\"primaryImageOfPage\":{\"@id\":\"https:\/\/9staedte.de\/sv\/goslar-vaerldsarv-i-harzbergen\/konferenser-och-kongresser-i-goslar\/#primaryimage\"},\"image\":{\"@id\":\"https:\/\/9staedte.de\/sv\/goslar-vaerldsarv-i-harzbergen\/konferenser-och-kongresser-i-goslar\/#primaryimage\"},\"thumbnailUrl\":\"https:\/\/9staedte.de\/wp-content\/uploads\/2023\/02\/Goslar-Kaiserpfalz-c-GOSLAR-marketing-gmbh-Fotograf-Stefan-Schiefer.jpg\",\"datePublished\":\"2023-10-25T14:23:11+00:00\",\"dateModified\":\"2024-05-08T13:27:17+00:00\",\"breadcrumb\":{\"@id\":\"https:\/\/9staedte.de\/sv\/goslar-vaerldsarv-i-harzbergen\/konferenser-och-kongresser-i-goslar\/#breadcrumb\"},\"inLanguage\":\"sv-SE\",\"potentialAction\":[{\"@type\":\"ReadAction\",\"target\":[\"https:\/\/9staedte.de\/sv\/goslar-vaerldsarv-i-harzbergen\/konferenser-och-kongresser-i-goslar\/\"]}]},{\"@type\":\"ImageObject\",\"inLanguage\":\"sv-SE\",\"@id\":\"https:\/\/9staedte.de\/sv\/goslar-vaerldsarv-i-harzbergen\/konferenser-och-kongresser-i-goslar\/#primaryimage\",\"url\":\"https:\/\/9staedte.de\/wp-content\/uploads\/2023\/02\/Goslar-Kaiserpfalz-c-GOSLAR-marketing-gmbh-Fotograf-Stefan-Schiefer.jpg\",\"contentUrl\":\"https:\/\/9staedte.de\/wp-content\/uploads\/2023\/02\/Goslar-Kaiserpfalz-c-GOSLAR-marketing-gmbh-Fotograf-Stefan-Schiefer.jpg\",\"width\":1020,\"height\":559,\"caption\":\"Goslar Kaiserpfalz c) GOSLAR marketing gmbh Fotograf Stefan Schiefer\"},{\"@type\":\"BreadcrumbList\",\"@id\":\"https:\/\/9staedte.de\/sv\/goslar-vaerldsarv-i-harzbergen\/konferenser-och-kongresser-i-goslar\/#breadcrumb\",\"itemListElement\":[{\"@type\":\"ListItem\",\"position\":1,\"name\":\"Startseite\",\"item\":\"https:\/\/9staedte.de\/sv\/\"},{\"@type\":\"ListItem\",\"position\":2,\"name\":\"Goslar &#8211; v\u00e4rldsarv i Harzbergen\",\"item\":\"https:\/\/9staedte.de\/sv\/goslar-vaerldsarv-i-harzbergen\/\"},{\"@type\":\"ListItem\",\"position\":3,\"name\":\"Konferenser och kongresser i Goslar\"}]},{\"@type\":\"WebSite\",\"@id\":\"https:\/\/9staedte.de\/sv\/#website\",\"url\":\"https:\/\/9staedte.de\/sv\/\",\"name\":\"9 St\u00e4dte in Niedersachsen\",\"description\":\"\",\"publisher\":{\"@id\":\"https:\/\/9staedte.de\/sv\/#organization\"},\"potentialAction\":[{\"@type\":\"SearchAction\",\"target\":{\"@type\":\"EntryPoint\",\"urlTemplate\":\"https:\/\/9staedte.de\/sv\/?s={search_term_string}\"},\"query-input\":{\"@type\":\"PropertyValueSpecification\",\"valueRequired\":true,\"valueName\":\"search_term_string\"}}],\"inLanguage\":\"sv-SE\"},{\"@type\":\"Organization\",\"@id\":\"https:\/\/9staedte.de\/sv\/#organization\",\"name\":\"9 St\u00e4dte in Niedersachsen\",\"url\":\"https:\/\/9staedte.de\/sv\/\",\"logo\":{\"@type\":\"ImageObject\",\"inLanguage\":\"sv-SE\",\"@id\":\"https:\/\/9staedte.de\/sv\/#\/schema\/logo\/image\/\",\"url\":\"https:\/\/9staedte.de\/wp-content\/uploads\/2025\/01\/9-neg-deutsch-2-1.png\",\"contentUrl\":\"https:\/\/9staedte.de\/wp-content\/uploads\/2025\/01\/9-neg-deutsch-2-1.png\",\"width\":190,\"height\":114,\"caption\":\"9 St\u00e4dte in Niedersachsen\"},\"image\":{\"@id\":\"https:\/\/9staedte.de\/sv\/#\/schema\/logo\/image\/\"}}]}<\/script>\n<!-- \/ Yoast SEO plugin. -->","yoast_head_json":{"title":"Konferenser och kongresser i Goslar - 9 St\u00e4dte in Niedersachsen","robots":{"index":"index","follow":"follow","max-snippet":"max-snippet:-1","max-image-preview":"max-image-preview:large","max-video-preview":"max-video-preview:-1"},"canonical":"https:\/\/9staedte.de\/sv\/goslar-vaerldsarv-i-harzbergen\/konferenser-och-kongresser-i-goslar\/","og_locale":"sv_SE","og_type":"article","og_title":"Konferenser och kongresser i Goslar - 9 St\u00e4dte in Niedersachsen","og_description":"Konferenser och kongresser i Goslar, en stad som finns med p\u00e5 UNESCO:s v\u00e4rldsarvslista Konferenser och kongresser i Goslar, en stad som finns med p\u00e5 UNESCO:s v\u00e4rldsarvslista: Konferera och bo i Goslar, staden som finns med p\u00e5 UNESCO:s v\u00e4rldsarvslista, och l\u00e5t dig inspireras av de utm\u00e4rkta m\u00f6jligheterna att genomf\u00f6ra framg\u00e5ngsrika evenemang i en extraordin\u00e4r milj\u00f6. Alla [&hellip;]","og_url":"https:\/\/9staedte.de\/sv\/goslar-vaerldsarv-i-harzbergen\/konferenser-och-kongresser-i-goslar\/","og_site_name":"9 St\u00e4dte in Niedersachsen","article_modified_time":"2024-05-08T13:27:17+00:00","og_image":[{"width":1020,"height":559,"url":"https:\/\/9staedte.de\/wp-content\/uploads\/2023\/02\/Goslar-Kaiserpfalz-c-GOSLAR-marketing-gmbh-Fotograf-Stefan-Schiefer.jpg","type":"image\/jpeg"}],"twitter_card":"summary_large_image","twitter_misc":{"Ber\u00e4knad l\u00e4stid":"1 minut"},"schema":{"@context":"https:\/\/schema.org","@graph":[{"@type":"WebPage","@id":"https:\/\/9staedte.de\/sv\/goslar-vaerldsarv-i-harzbergen\/konferenser-och-kongresser-i-goslar\/","url":"https:\/\/9staedte.de\/sv\/goslar-vaerldsarv-i-harzbergen\/konferenser-och-kongresser-i-goslar\/","name":"Konferenser och kongresser i Goslar - 9 St\u00e4dte in Niedersachsen","isPartOf":{"@id":"https:\/\/9staedte.de\/sv\/#website"},"primaryImageOfPage":{"@id":"https:\/\/9staedte.de\/sv\/goslar-vaerldsarv-i-harzbergen\/konferenser-och-kongresser-i-goslar\/#primaryimage"},"image":{"@id":"https:\/\/9staedte.de\/sv\/goslar-vaerldsarv-i-harzbergen\/konferenser-och-kongresser-i-goslar\/#primaryimage"},"thumbnailUrl":"https:\/\/9staedte.de\/wp-content\/uploads\/2023\/02\/Goslar-Kaiserpfalz-c-GOSLAR-marketing-gmbh-Fotograf-Stefan-Schiefer.jpg","datePublished":"2023-10-25T14:23:11+00:00","dateModified":"2024-05-08T13:27:17+00:00","breadcrumb":{"@id":"https:\/\/9staedte.de\/sv\/goslar-vaerldsarv-i-harzbergen\/konferenser-och-kongresser-i-goslar\/#breadcrumb"},"inLanguage":"sv-SE","potentialAction":[{"@type":"ReadAction","target":["https:\/\/9staedte.de\/sv\/goslar-vaerldsarv-i-harzbergen\/konferenser-och-kongresser-i-goslar\/"]}]},{"@type":"ImageObject","inLanguage":"sv-SE","@id":"https:\/\/9staedte.de\/sv\/goslar-vaerldsarv-i-harzbergen\/konferenser-och-kongresser-i-goslar\/#primaryimage","url":"https:\/\/9staedte.de\/wp-content\/uploads\/2023\/02\/Goslar-Kaiserpfalz-c-GOSLAR-marketing-gmbh-Fotograf-Stefan-Schiefer.jpg","contentUrl":"https:\/\/9staedte.de\/wp-content\/uploads\/2023\/02\/Goslar-Kaiserpfalz-c-GOSLAR-marketing-gmbh-Fotograf-Stefan-Schiefer.jpg","width":1020,"height":559,"caption":"Goslar Kaiserpfalz c) GOSLAR marketing gmbh Fotograf Stefan Schiefer"},{"@type":"BreadcrumbList","@id":"https:\/\/9staedte.de\/sv\/goslar-vaerldsarv-i-harzbergen\/konferenser-och-kongresser-i-goslar\/#breadcrumb","itemListElement":[{"@type":"ListItem","position":1,"name":"Startseite","item":"https:\/\/9staedte.de\/sv\/"},{"@type":"ListItem","position":2,"name":"Goslar &#8211; v\u00e4rldsarv i Harzbergen","item":"https:\/\/9staedte.de\/sv\/goslar-vaerldsarv-i-harzbergen\/"},{"@type":"ListItem","position":3,"name":"Konferenser och kongresser i Goslar"}]},{"@type":"WebSite","@id":"https:\/\/9staedte.de\/sv\/#website","url":"https:\/\/9staedte.de\/sv\/","name":"9 St\u00e4dte in Niedersachsen","description":"","publisher":{"@id":"https:\/\/9staedte.de\/sv\/#organization"},"potentialAction":[{"@type":"SearchAction","target":{"@type":"EntryPoint","urlTemplate":"https:\/\/9staedte.de\/sv\/?s={search_term_string}"},"query-input":{"@type":"PropertyValueSpecification","valueRequired":true,"valueName":"search_term_string"}}],"inLanguage":"sv-SE"},{"@type":"Organization","@id":"https:\/\/9staedte.de\/sv\/#organization","name":"9 St\u00e4dte in Niedersachsen","url":"https:\/\/9staedte.de\/sv\/","logo":{"@type":"ImageObject","inLanguage":"sv-SE","@id":"https:\/\/9staedte.de\/sv\/#\/schema\/logo\/image\/","url":"https:\/\/9staedte.de\/wp-content\/uploads\/2025\/01\/9-neg-deutsch-2-1.png","contentUrl":"https:\/\/9staedte.de\/wp-content\/uploads\/2025\/01\/9-neg-deutsch-2-1.png","width":190,"height":114,"caption":"9 St\u00e4dte in Niedersachsen"},"image":{"@id":"https:\/\/9staedte.de\/sv\/#\/schema\/logo\/image\/"}}]}},"_links":{"self":[{"href":"https:\/\/9staedte.de\/sv\/wp-json\/wp\/v2\/pages\/14166","targetHints":{"allow":["GET"]}}],"collection":[{"href":"https:\/\/9staedte.de\/sv\/wp-json\/wp\/v2\/pages"}],"about":[{"href":"https:\/\/9staedte.de\/sv\/wp-json\/wp\/v2\/types\/page"}],"author":[{"embeddable":true,"href":"https:\/\/9staedte.de\/sv\/wp-json\/wp\/v2\/users\/1"}],"replies":[{"embeddable":true,"href":"https:\/\/9staedte.de\/sv\/wp-json\/wp\/v2\/comments?post=14166"}],"version-history":[{"count":3,"href":"https:\/\/9staedte.de\/sv\/wp-json\/wp\/v2\/pages\/14166\/revisions"}],"predecessor-version":[{"id":22289,"href":"https:\/\/9staedte.de\/sv\/wp-json\/wp\/v2\/pages\/14166\/revisions\/22289"}],"up":[{"embeddable":true,"href":"https:\/\/9staedte.de\/sv\/wp-json\/wp\/v2\/pages\/14563"}],"wp:featuredmedia":[{"embeddable":true,"href":"https:\/\/9staedte.de\/sv\/wp-json\/wp\/v2\/media\/14171"}],"wp:attachment":[{"href":"https:\/\/9staedte.de\/sv\/wp-json\/wp\/v2\/media?parent=14166"}],"wp:term":[{"taxonomy":"category","embeddable":true,"href":"https:\/\/9staedte.de\/sv\/wp-json\/wp\/v2\/categories?post=14166"},{"taxonomy":"post_tag","embeddable":true,"href":"https:\/\/9staedte.de\/sv\/wp-json\/wp\/v2\/tags?post=14166"},{"taxonomy":"ncap_cities_tax","embeddable":true,"href":"https:\/\/9staedte.de\/sv\/wp-json\/wp\/v2\/ncap_cities_tax?post=14166"}],"curies":[{"name":"wp","href":"https:\/\/api.w.org\/{rel}","templated":true}]}}