{"id":14165,"date":"2023-10-25T16:23:55","date_gmt":"2023-10-25T14:23:55","guid":{"rendered":"https:\/\/9staedte.de\/dagsprogram-i-hannover\/"},"modified":"2023-10-25T17:54:52","modified_gmt":"2023-10-25T15:54:52","slug":"dagsprogram-i-hannover","status":"publish","type":"page","link":"https:\/\/9staedte.de\/sv\/hannover-huvudstad-i-niedersachsen\/dagsprogram-i-hannover\/","title":{"rendered":"Dagsprogram i Hannover"},"content":{"rendered":"\r\n\r\n    <div class=\"filter-posts\">\r\n            <div  id=\"filterContent\">\r\n                                                        \n<div class=\"contentKachel filtr-item\" data-category=\"hannover-sv\">\n    <a href=\"https:\/\/9staedte.de\/sv\/barockpalats-och-traedgaardsvaerld-herrenhausen-med-noeje\/\">\n        <div class=\"contentKachel-inner\">\n                            <div class=\"contentKachel-thumbnail\">\n                    <img loading=\"lazy\" decoding=\"async\" width=\"300\" height=\"165\" src=\"https:\/\/9staedte.de\/wp-content\/smush-webp\/2022\/07\/Hannover-HerrenhaeuserGaerten-c-HMTG-LarsGerhardts-300x165.jpg.webp\" class=\"objectfitcover withfilters wp-post-image\" alt=\"Bilden visar Stora tr\u00e4dg\u00e5rden i Hannover. Framf\u00f6r finns en font\u00e4n. Vattnet sprutar upp\u00e5t. En l\u00e5ng v\u00e4g leder till Herrenhausen-slottet. Det finns blomsterrabatter p\u00e5 b\u00e5da sidor. Vita statyer st\u00e5r l\u00e4ngs v\u00e4gen. Palmer st\u00e5r framf\u00f6r slottet. Himlen \u00e4r bl\u00e5 och solen skiner. Det k\u00e4nns lugnt och vackert.\" srcset=\"https:\/\/9staedte.de\/wp-content\/smush-webp\/2022\/07\/Hannover-HerrenhaeuserGaerten-c-HMTG-LarsGerhardts-300x165.jpg.webp 300w, https:\/\/9staedte.de\/wp-content\/smush-webp\/2022\/07\/Hannover-HerrenhaeuserGaerten-c-HMTG-LarsGerhardts-768x422.jpg.webp 768w, https:\/\/9staedte.de\/wp-content\/smush-webp\/2022\/07\/Hannover-HerrenhaeuserGaerten-c-HMTG-LarsGerhardts.jpg.webp 1020w\" sizes=\"auto, (max-width: 300px) 100vw, 300px\" \/>                    <img loading=\"lazy\" decoding=\"async\" width=\"300\" height=\"165\" src=\"https:\/\/9staedte.de\/wp-content\/smush-webp\/2022\/07\/Hannover-HerrenhaeuserGaerten-c-HMTG-LarsGerhardts-300x165.jpg.webp\" class=\"objectfitcontain wp-post-image\" alt=\"Bilden visar Stora tr\u00e4dg\u00e5rden i Hannover. Framf\u00f6r finns en font\u00e4n. Vattnet sprutar upp\u00e5t. En l\u00e5ng v\u00e4g leder till Herrenhausen-slottet. Det finns blomsterrabatter p\u00e5 b\u00e5da sidor. Vita statyer st\u00e5r l\u00e4ngs v\u00e4gen. Palmer st\u00e5r framf\u00f6r slottet. Himlen \u00e4r bl\u00e5 och solen skiner. Det k\u00e4nns lugnt och vackert.\" srcset=\"https:\/\/9staedte.de\/wp-content\/smush-webp\/2022\/07\/Hannover-HerrenhaeuserGaerten-c-HMTG-LarsGerhardts-300x165.jpg.webp 300w, https:\/\/9staedte.de\/wp-content\/smush-webp\/2022\/07\/Hannover-HerrenhaeuserGaerten-c-HMTG-LarsGerhardts-768x422.jpg.webp 768w, https:\/\/9staedte.de\/wp-content\/smush-webp\/2022\/07\/Hannover-HerrenhaeuserGaerten-c-HMTG-LarsGerhardts.jpg.webp 1020w\" sizes=\"auto, (max-width: 300px) 100vw, 300px\" \/>                        <div class=\"thumbnail-label\">\n    <span>Hannover Herrenh\u00e4user G\u00e4rten c) HMTG Lars Gerhardts<\/span>\n    <\/div>\n                <\/div>\n                        <div class=\"contentKachel-content\">\n                                    <div class=\"city-tag bg-hannover\">\n                        Hannover                    <\/div>\n                \n                <div class=\"title\">\n\n                    Barockpalats och tr\u00e4dg\u00e5rdsv\u00e4rld &#8211; Herrenhausen med n\u00f6je                    \n                <\/div>\n\n                            <\/div>\n\n        <\/div>\n    <\/a>\n<\/div>                                                        \n<div class=\"contentKachel filtr-item\" data-category=\"hannover-sv\">\n    <a href=\"https:\/\/9staedte.de\/sv\/dagsprogram-besoek-paa-hannovers-aeventyrszoo\/\">\n        <div class=\"contentKachel-inner\">\n                            <div class=\"contentKachel-thumbnail\">\n                    <img loading=\"lazy\" decoding=\"async\" width=\"300\" height=\"165\" src=\"https:\/\/9staedte.de\/wp-content\/smush-webp\/2022\/07\/Erlebnis-Zoo-Hannover-Flamingos_Bootsfahrt-c-Martin-Bargiel-300x165.jpg.webp\" class=\"objectfitcover withfilters wp-post-image\" alt=\"P\u00e5 bilden finns en b\u00e5t. Det sitter m\u00e4nniskor i b\u00e5ten. B\u00e5ten \u00e5ker p\u00e5 en liten flod. Framf\u00f6r b\u00e5ten st\u00e5r m\u00e5nga flamingor i vattnet. Flamingorna \u00e4r rosa. Det finns m\u00e5nga v\u00e4xter och tr\u00e4d. Bilden visar Hannovers djurpark.\" srcset=\"https:\/\/9staedte.de\/wp-content\/smush-webp\/2022\/07\/Erlebnis-Zoo-Hannover-Flamingos_Bootsfahrt-c-Martin-Bargiel-300x165.jpg.webp 300w, https:\/\/9staedte.de\/wp-content\/smush-webp\/2022\/07\/Erlebnis-Zoo-Hannover-Flamingos_Bootsfahrt-c-Martin-Bargiel-768x422.jpg.webp 768w, https:\/\/9staedte.de\/wp-content\/smush-webp\/2022\/07\/Erlebnis-Zoo-Hannover-Flamingos_Bootsfahrt-c-Martin-Bargiel.jpg.webp 1019w\" sizes=\"auto, (max-width: 300px) 100vw, 300px\" \/>                    <img loading=\"lazy\" decoding=\"async\" width=\"300\" height=\"165\" src=\"https:\/\/9staedte.de\/wp-content\/smush-webp\/2022\/07\/Erlebnis-Zoo-Hannover-Flamingos_Bootsfahrt-c-Martin-Bargiel-300x165.jpg.webp\" class=\"objectfitcontain wp-post-image\" alt=\"P\u00e5 bilden finns en b\u00e5t. Det sitter m\u00e4nniskor i b\u00e5ten. B\u00e5ten \u00e5ker p\u00e5 en liten flod. Framf\u00f6r b\u00e5ten st\u00e5r m\u00e5nga flamingor i vattnet. Flamingorna \u00e4r rosa. Det finns m\u00e5nga v\u00e4xter och tr\u00e4d. Bilden visar Hannovers djurpark.\" srcset=\"https:\/\/9staedte.de\/wp-content\/smush-webp\/2022\/07\/Erlebnis-Zoo-Hannover-Flamingos_Bootsfahrt-c-Martin-Bargiel-300x165.jpg.webp 300w, https:\/\/9staedte.de\/wp-content\/smush-webp\/2022\/07\/Erlebnis-Zoo-Hannover-Flamingos_Bootsfahrt-c-Martin-Bargiel-768x422.jpg.webp 768w, https:\/\/9staedte.de\/wp-content\/smush-webp\/2022\/07\/Erlebnis-Zoo-Hannover-Flamingos_Bootsfahrt-c-Martin-Bargiel.jpg.webp 1019w\" sizes=\"auto, (max-width: 300px) 100vw, 300px\" \/>                        <div class=\"thumbnail-label\">\n    <span>Flamingos vor Bootsfahrt, Familie im Boot, Martin Bargiel, 2022<\/span>\n    <\/div>\n                <\/div>\n                        <div class=\"contentKachel-content\">\n                                    <div class=\"city-tag bg-hannover\">\n                        Hannover                    <\/div>\n                \n                <div class=\"title\">\n\n                    Dagsprogram: Bes\u00f6k p\u00e5 Hannovers \u00e4ventyrszoo                    \n                <\/div>\n\n                            <\/div>\n\n        <\/div>\n    <\/a>\n<\/div>                                                        \n<div class=\"contentKachel filtr-item\" data-category=\"hannover-sv\">\n    <a href=\"https:\/\/9staedte.de\/sv\/dagsprogram-staemningsfull-jul-i-hannover\/\">\n        <div class=\"contentKachel-inner\">\n                            <div class=\"contentKachel-thumbnail\">\n                    <img loading=\"lazy\" decoding=\"async\" width=\"300\" height=\"165\" src=\"https:\/\/9staedte.de\/wp-content\/smush-webp\/2022\/07\/Hannover-Historic-Christams-village-c-Hannover-Marketing-und-Tourismus-GmbH-Lars-Gerhardts-300x165.jpg.webp\" class=\"objectfitcover withfilters wp-post-image\" alt=\"P\u00e5 bilden finns det m\u00e5nga m\u00e4nniskor. De \u00e4r ute i staden. Det \u00e4r m\u00f6rkt, men det lyser \u00f6verallt. Man ser sm\u00e5 st\u00e5nd med ljus. Folk \u00e4ter och dricker. I bakgrunden finns ett gammalt runt torn. Bilden visar den historiska julbyn i Hannover.\" srcset=\"https:\/\/9staedte.de\/wp-content\/smush-webp\/2022\/07\/Hannover-Historic-Christams-village-c-Hannover-Marketing-und-Tourismus-GmbH-Lars-Gerhardts-300x165.jpg.webp 300w, https:\/\/9staedte.de\/wp-content\/smush-webp\/2022\/07\/Hannover-Historic-Christams-village-c-Hannover-Marketing-und-Tourismus-GmbH-Lars-Gerhardts-768x422.jpg.webp 768w, https:\/\/9staedte.de\/wp-content\/smush-webp\/2022\/07\/Hannover-Historic-Christams-village-c-Hannover-Marketing-und-Tourismus-GmbH-Lars-Gerhardts.jpg.webp 1019w\" sizes=\"auto, (max-width: 300px) 100vw, 300px\" \/>                    <img loading=\"lazy\" decoding=\"async\" width=\"300\" height=\"165\" src=\"https:\/\/9staedte.de\/wp-content\/smush-webp\/2022\/07\/Hannover-Historic-Christams-village-c-Hannover-Marketing-und-Tourismus-GmbH-Lars-Gerhardts-300x165.jpg.webp\" class=\"objectfitcontain wp-post-image\" alt=\"P\u00e5 bilden finns det m\u00e5nga m\u00e4nniskor. De \u00e4r ute i staden. Det \u00e4r m\u00f6rkt, men det lyser \u00f6verallt. Man ser sm\u00e5 st\u00e5nd med ljus. Folk \u00e4ter och dricker. I bakgrunden finns ett gammalt runt torn. Bilden visar den historiska julbyn i Hannover.\" srcset=\"https:\/\/9staedte.de\/wp-content\/smush-webp\/2022\/07\/Hannover-Historic-Christams-village-c-Hannover-Marketing-und-Tourismus-GmbH-Lars-Gerhardts-300x165.jpg.webp 300w, https:\/\/9staedte.de\/wp-content\/smush-webp\/2022\/07\/Hannover-Historic-Christams-village-c-Hannover-Marketing-und-Tourismus-GmbH-Lars-Gerhardts-768x422.jpg.webp 768w, https:\/\/9staedte.de\/wp-content\/smush-webp\/2022\/07\/Hannover-Historic-Christams-village-c-Hannover-Marketing-und-Tourismus-GmbH-Lars-Gerhardts.jpg.webp 1019w\" sizes=\"auto, (max-width: 300px) 100vw, 300px\" \/>                        <div class=\"thumbnail-label\">\n    <span>Hannover Historic Christams village c) Hannover Marketing und Tourismus GmbH Lars Gerhardts<\/span>\n    <\/div>\n                <\/div>\n                        <div class=\"contentKachel-content\">\n                                    <div class=\"city-tag bg-hannover\">\n                        Hannover                    <\/div>\n                \n                <div class=\"title\">\n\n                    Dagsprogram: St\u00e4mningsfull jul i Hannover                    \n                <\/div>\n\n                            <\/div>\n\n        <\/div>\n    <\/a>\n<\/div>                                            <\/div>\r\n    <\/div>\r\n","protected":false},"excerpt":{"rendered":"","protected":false},"author":1,"featured_media":14173,"parent":14577,"menu_order":0,"comment_status":"closed","ping_status":"closed","template":"pagetemplates\/template-stadtthema.php","meta":{"_acf_changed":false,"footnotes":""},"categories":[],"tags":[],"ncap_cities_tax":[456,1030],"class_list":["post-14165","page","type-page","status-publish","has-post-thumbnail","hentry","ncap_cities_tax-hannover-sv","ncap_cities_tax-tagesprogramme-hannover-sv"],"acf":[],"yoast_head":"<!-- This site is optimized with the Yoast SEO plugin v26.8 - https:\/\/yoast.com\/product\/yoast-seo-wordpress\/ -->\n<title>Dagsprogram i Hannover - 9 St\u00e4dte in Niedersachsen<\/title>\n<meta name=\"robots\" content=\"index, follow, max-snippet:-1, max-image-preview:large, max-video-preview:-1\" \/>\n<link rel=\"canonical\" href=\"https:\/\/9staedte.de\/sv\/hannover-huvudstad-i-niedersachsen\/dagsprogram-i-hannover\/\" \/>\n<meta property=\"og:locale\" content=\"sv_SE\" \/>\n<meta property=\"og:type\" content=\"article\" \/>\n<meta property=\"og:title\" content=\"Dagsprogram i Hannover - 9 St\u00e4dte in Niedersachsen\" \/>\n<meta property=\"og:url\" content=\"https:\/\/9staedte.de\/sv\/hannover-huvudstad-i-niedersachsen\/dagsprogram-i-hannover\/\" \/>\n<meta property=\"og:site_name\" content=\"9 St\u00e4dte in Niedersachsen\" \/>\n<meta property=\"article:modified_time\" content=\"2023-10-25T15:54:52+00:00\" \/>\n<meta property=\"og:image\" content=\"https:\/\/9staedte.de\/wp-content\/uploads\/2023\/06\/Neues-Rathaus-Luftbild-c-HMTG-Lars-Gerhardts.jpg\" \/>\n\t<meta property=\"og:image:width\" content=\"1020\" \/>\n\t<meta property=\"og:image:height\" content=\"560\" \/>\n\t<meta property=\"og:image:type\" content=\"image\/jpeg\" \/>\n<meta name=\"twitter:card\" content=\"summary_large_image\" \/>\n<script type=\"application\/ld+json\" class=\"yoast-schema-graph\">{\"@context\":\"https:\/\/schema.org\",\"@graph\":[{\"@type\":\"WebPage\",\"@id\":\"https:\/\/9staedte.de\/sv\/hannover-huvudstad-i-niedersachsen\/dagsprogram-i-hannover\/\",\"url\":\"https:\/\/9staedte.de\/sv\/hannover-huvudstad-i-niedersachsen\/dagsprogram-i-hannover\/\",\"name\":\"Dagsprogram i Hannover - 9 St\u00e4dte in Niedersachsen\",\"isPartOf\":{\"@id\":\"https:\/\/9staedte.de\/sv\/#website\"},\"primaryImageOfPage\":{\"@id\":\"https:\/\/9staedte.de\/sv\/hannover-huvudstad-i-niedersachsen\/dagsprogram-i-hannover\/#primaryimage\"},\"image\":{\"@id\":\"https:\/\/9staedte.de\/sv\/hannover-huvudstad-i-niedersachsen\/dagsprogram-i-hannover\/#primaryimage\"},\"thumbnailUrl\":\"https:\/\/9staedte.de\/wp-content\/uploads\/2023\/06\/Neues-Rathaus-Luftbild-c-HMTG-Lars-Gerhardts.jpg\",\"datePublished\":\"2023-10-25T14:23:55+00:00\",\"dateModified\":\"2023-10-25T15:54:52+00:00\",\"breadcrumb\":{\"@id\":\"https:\/\/9staedte.de\/sv\/hannover-huvudstad-i-niedersachsen\/dagsprogram-i-hannover\/#breadcrumb\"},\"inLanguage\":\"sv-SE\",\"potentialAction\":[{\"@type\":\"ReadAction\",\"target\":[\"https:\/\/9staedte.de\/sv\/hannover-huvudstad-i-niedersachsen\/dagsprogram-i-hannover\/\"]}]},{\"@type\":\"ImageObject\",\"inLanguage\":\"sv-SE\",\"@id\":\"https:\/\/9staedte.de\/sv\/hannover-huvudstad-i-niedersachsen\/dagsprogram-i-hannover\/#primaryimage\",\"url\":\"https:\/\/9staedte.de\/wp-content\/uploads\/2023\/06\/Neues-Rathaus-Luftbild-c-HMTG-Lars-Gerhardts.jpg\",\"contentUrl\":\"https:\/\/9staedte.de\/wp-content\/uploads\/2023\/06\/Neues-Rathaus-Luftbild-c-HMTG-Lars-Gerhardts.jpg\",\"width\":1020,\"height\":560,\"caption\":\"Neues Rathaus Luftbild - c) HMTG Lars Gerhardts\"},{\"@type\":\"BreadcrumbList\",\"@id\":\"https:\/\/9staedte.de\/sv\/hannover-huvudstad-i-niedersachsen\/dagsprogram-i-hannover\/#breadcrumb\",\"itemListElement\":[{\"@type\":\"ListItem\",\"position\":1,\"name\":\"Startseite\",\"item\":\"https:\/\/9staedte.de\/sv\/\"},{\"@type\":\"ListItem\",\"position\":2,\"name\":\"Hannover &#8211; huvudstad i Niedersachsen\",\"item\":\"https:\/\/9staedte.de\/sv\/hannover-huvudstad-i-niedersachsen\/\"},{\"@type\":\"ListItem\",\"position\":3,\"name\":\"Dagsprogram i Hannover\"}]},{\"@type\":\"WebSite\",\"@id\":\"https:\/\/9staedte.de\/sv\/#website\",\"url\":\"https:\/\/9staedte.de\/sv\/\",\"name\":\"9 St\u00e4dte in Niedersachsen\",\"description\":\"\",\"publisher\":{\"@id\":\"https:\/\/9staedte.de\/sv\/#organization\"},\"potentialAction\":[{\"@type\":\"SearchAction\",\"target\":{\"@type\":\"EntryPoint\",\"urlTemplate\":\"https:\/\/9staedte.de\/sv\/?s={search_term_string}\"},\"query-input\":{\"@type\":\"PropertyValueSpecification\",\"valueRequired\":true,\"valueName\":\"search_term_string\"}}],\"inLanguage\":\"sv-SE\"},{\"@type\":\"Organization\",\"@id\":\"https:\/\/9staedte.de\/sv\/#organization\",\"name\":\"9 St\u00e4dte in Niedersachsen\",\"url\":\"https:\/\/9staedte.de\/sv\/\",\"logo\":{\"@type\":\"ImageObject\",\"inLanguage\":\"sv-SE\",\"@id\":\"https:\/\/9staedte.de\/sv\/#\/schema\/logo\/image\/\",\"url\":\"https:\/\/9staedte.de\/wp-content\/uploads\/2025\/01\/9-neg-deutsch-2-1.png\",\"contentUrl\":\"https:\/\/9staedte.de\/wp-content\/uploads\/2025\/01\/9-neg-deutsch-2-1.png\",\"width\":190,\"height\":114,\"caption\":\"9 St\u00e4dte in Niedersachsen\"},\"image\":{\"@id\":\"https:\/\/9staedte.de\/sv\/#\/schema\/logo\/image\/\"}}]}<\/script>\n<!-- \/ Yoast SEO plugin. -->","yoast_head_json":{"title":"Dagsprogram i Hannover - 9 St\u00e4dte in Niedersachsen","robots":{"index":"index","follow":"follow","max-snippet":"max-snippet:-1","max-image-preview":"max-image-preview:large","max-video-preview":"max-video-preview:-1"},"canonical":"https:\/\/9staedte.de\/sv\/hannover-huvudstad-i-niedersachsen\/dagsprogram-i-hannover\/","og_locale":"sv_SE","og_type":"article","og_title":"Dagsprogram i Hannover - 9 St\u00e4dte in Niedersachsen","og_url":"https:\/\/9staedte.de\/sv\/hannover-huvudstad-i-niedersachsen\/dagsprogram-i-hannover\/","og_site_name":"9 St\u00e4dte in Niedersachsen","article_modified_time":"2023-10-25T15:54:52+00:00","og_image":[{"width":1020,"height":560,"url":"https:\/\/9staedte.de\/wp-content\/uploads\/2023\/06\/Neues-Rathaus-Luftbild-c-HMTG-Lars-Gerhardts.jpg","type":"image\/jpeg"}],"twitter_card":"summary_large_image","schema":{"@context":"https:\/\/schema.org","@graph":[{"@type":"WebPage","@id":"https:\/\/9staedte.de\/sv\/hannover-huvudstad-i-niedersachsen\/dagsprogram-i-hannover\/","url":"https:\/\/9staedte.de\/sv\/hannover-huvudstad-i-niedersachsen\/dagsprogram-i-hannover\/","name":"Dagsprogram i Hannover - 9 St\u00e4dte in Niedersachsen","isPartOf":{"@id":"https:\/\/9staedte.de\/sv\/#website"},"primaryImageOfPage":{"@id":"https:\/\/9staedte.de\/sv\/hannover-huvudstad-i-niedersachsen\/dagsprogram-i-hannover\/#primaryimage"},"image":{"@id":"https:\/\/9staedte.de\/sv\/hannover-huvudstad-i-niedersachsen\/dagsprogram-i-hannover\/#primaryimage"},"thumbnailUrl":"https:\/\/9staedte.de\/wp-content\/uploads\/2023\/06\/Neues-Rathaus-Luftbild-c-HMTG-Lars-Gerhardts.jpg","datePublished":"2023-10-25T14:23:55+00:00","dateModified":"2023-10-25T15:54:52+00:00","breadcrumb":{"@id":"https:\/\/9staedte.de\/sv\/hannover-huvudstad-i-niedersachsen\/dagsprogram-i-hannover\/#breadcrumb"},"inLanguage":"sv-SE","potentialAction":[{"@type":"ReadAction","target":["https:\/\/9staedte.de\/sv\/hannover-huvudstad-i-niedersachsen\/dagsprogram-i-hannover\/"]}]},{"@type":"ImageObject","inLanguage":"sv-SE","@id":"https:\/\/9staedte.de\/sv\/hannover-huvudstad-i-niedersachsen\/dagsprogram-i-hannover\/#primaryimage","url":"https:\/\/9staedte.de\/wp-content\/uploads\/2023\/06\/Neues-Rathaus-Luftbild-c-HMTG-Lars-Gerhardts.jpg","contentUrl":"https:\/\/9staedte.de\/wp-content\/uploads\/2023\/06\/Neues-Rathaus-Luftbild-c-HMTG-Lars-Gerhardts.jpg","width":1020,"height":560,"caption":"Neues Rathaus Luftbild - c) HMTG Lars Gerhardts"},{"@type":"BreadcrumbList","@id":"https:\/\/9staedte.de\/sv\/hannover-huvudstad-i-niedersachsen\/dagsprogram-i-hannover\/#breadcrumb","itemListElement":[{"@type":"ListItem","position":1,"name":"Startseite","item":"https:\/\/9staedte.de\/sv\/"},{"@type":"ListItem","position":2,"name":"Hannover &#8211; huvudstad i Niedersachsen","item":"https:\/\/9staedte.de\/sv\/hannover-huvudstad-i-niedersachsen\/"},{"@type":"ListItem","position":3,"name":"Dagsprogram i Hannover"}]},{"@type":"WebSite","@id":"https:\/\/9staedte.de\/sv\/#website","url":"https:\/\/9staedte.de\/sv\/","name":"9 St\u00e4dte in Niedersachsen","description":"","publisher":{"@id":"https:\/\/9staedte.de\/sv\/#organization"},"potentialAction":[{"@type":"SearchAction","target":{"@type":"EntryPoint","urlTemplate":"https:\/\/9staedte.de\/sv\/?s={search_term_string}"},"query-input":{"@type":"PropertyValueSpecification","valueRequired":true,"valueName":"search_term_string"}}],"inLanguage":"sv-SE"},{"@type":"Organization","@id":"https:\/\/9staedte.de\/sv\/#organization","name":"9 St\u00e4dte in Niedersachsen","url":"https:\/\/9staedte.de\/sv\/","logo":{"@type":"ImageObject","inLanguage":"sv-SE","@id":"https:\/\/9staedte.de\/sv\/#\/schema\/logo\/image\/","url":"https:\/\/9staedte.de\/wp-content\/uploads\/2025\/01\/9-neg-deutsch-2-1.png","contentUrl":"https:\/\/9staedte.de\/wp-content\/uploads\/2025\/01\/9-neg-deutsch-2-1.png","width":190,"height":114,"caption":"9 St\u00e4dte in Niedersachsen"},"image":{"@id":"https:\/\/9staedte.de\/sv\/#\/schema\/logo\/image\/"}}]}},"_links":{"self":[{"href":"https:\/\/9staedte.de\/sv\/wp-json\/wp\/v2\/pages\/14165","targetHints":{"allow":["GET"]}}],"collection":[{"href":"https:\/\/9staedte.de\/sv\/wp-json\/wp\/v2\/pages"}],"about":[{"href":"https:\/\/9staedte.de\/sv\/wp-json\/wp\/v2\/types\/page"}],"author":[{"embeddable":true,"href":"https:\/\/9staedte.de\/sv\/wp-json\/wp\/v2\/users\/1"}],"replies":[{"embeddable":true,"href":"https:\/\/9staedte.de\/sv\/wp-json\/wp\/v2\/comments?post=14165"}],"version-history":[{"count":1,"href":"https:\/\/9staedte.de\/sv\/wp-json\/wp\/v2\/pages\/14165\/revisions"}],"predecessor-version":[{"id":14176,"href":"https:\/\/9staedte.de\/sv\/wp-json\/wp\/v2\/pages\/14165\/revisions\/14176"}],"up":[{"embeddable":true,"href":"https:\/\/9staedte.de\/sv\/wp-json\/wp\/v2\/pages\/14577"}],"wp:featuredmedia":[{"embeddable":true,"href":"https:\/\/9staedte.de\/sv\/wp-json\/wp\/v2\/media\/14173"}],"wp:attachment":[{"href":"https:\/\/9staedte.de\/sv\/wp-json\/wp\/v2\/media?parent=14165"}],"wp:term":[{"taxonomy":"category","embeddable":true,"href":"https:\/\/9staedte.de\/sv\/wp-json\/wp\/v2\/categories?post=14165"},{"taxonomy":"post_tag","embeddable":true,"href":"https:\/\/9staedte.de\/sv\/wp-json\/wp\/v2\/tags?post=14165"},{"taxonomy":"ncap_cities_tax","embeddable":true,"href":"https:\/\/9staedte.de\/sv\/wp-json\/wp\/v2\/ncap_cities_tax?post=14165"}],"curies":[{"name":"wp","href":"https:\/\/api.w.org\/{rel}","templated":true}]}}