{"id":14164,"date":"2023-10-25T16:23:35","date_gmt":"2023-10-25T14:23:35","guid":{"rendered":"https:\/\/9staedte.de\/information-om-reseledare-och-utflykter-i-hameln\/"},"modified":"2023-10-25T17:53:02","modified_gmt":"2023-10-25T15:53:02","slug":"information-om-reseledare-och-utflykter-i-hameln","status":"publish","type":"page","link":"https:\/\/9staedte.de\/sv\/hameln-legendarisk-raattfaangarstad\/information-om-reseledare-och-utflykter-i-hameln\/","title":{"rendered":"Information om reseledare och utflykter i Hameln"},"content":{"rendered":"\n<h2 class=\"wp-block-heading\">Boka din resa till Weserbergland  <\/h2>\n\n\n\n<p>Hameln Marketing und Tourismus GmbH ordnar g\u00e4rna med reseledare f\u00f6r bussresor, cykelturer<br>eller vandringar i Weserbergland. \u00c4mnena omfattar legender och sagor, Weserren\u00e4ssansen och kyrkor.<\/p>\n\n\n\n<p><\/p>\n\n\n\n<h3 class=\"wp-block-heading\">Weserbergland anses vara ett land f\u00f6r uppt\u00e4cktsresande&#8230;<\/h3>\n\n\n\n<p>&#8230;h\u00e4r hittar du inte bara oanade platser att koppla av p\u00e5, utan ocks\u00e5 attraktiva fritidsm\u00f6jligheter. Vackert inredda korsvirkesst\u00e4der i ett idylliskt landskap med l\u00e5ga berg som formats av Weser \u00f6ppnar upp ett brett utbud av erbjudanden f\u00f6r semesterfirare.<\/p>\n\n\n\n<p>Ett n\u00e4tverk av v\u00e4lskyltade vandrings- och cykelleder omger Hameln och f\u00f6rbinder Pied Piper-staden med attraktiva lokala rekreationsomr\u00e5den l\u00e4ngs Weser. Popul\u00e4ra m\u00e5l f\u00f6r vandrare \u00e4r S\u00fcntel Tower och Hohenstein n\u00e4ra Hessisch Oldendorf.<\/p>\n\n\n\n<p>L\u00e5ngdistanscykelv\u00e4gen Weser \u00e4r mycket attraktiv och d\u00e4rf\u00f6r ocks\u00e5 popul\u00e4r. Den passerar Hameln p\u00e5 sin 450 km l\u00e5nga str\u00e4cka fr\u00e5n Hannoversch M\u00fcnden till Bremerhaven och anv\u00e4nds av cirka 150 000 cykelturister per \u00e5r. Enligt Allgemeiner Deutscher Fahrradclub (ADFC) \u00e4r Weser-cykelv\u00e4gen sedan flera \u00e5r tillbaka den popul\u00e4raste l\u00e5ngdistanscykelv\u00e4gen i Tyskland.<\/p>\n\n\n\n<p>En h\u00f6jdpunkt i Weserbergland \u00e4r slottet H\u00e4melschenburg n\u00e4ra Hameln. Det byggdes 1588 som ett vattenslott i Weserren\u00e4ssansstil och anses vara ett av de vackraste slotten i norra Tyskland.<\/p>\n\n\n\n<p>Klostret Fischbeck i Hessich Oldendorf med sin ber\u00f6mda gobel\u00e4ng fr\u00e5n 1583 \u00e4r ocks\u00e5 v\u00e4rt ett bes\u00f6k. Klostret kan bes\u00f6kas dagligen fr\u00e5n april till oktober, utom p\u00e5 m\u00e5ndagar.<\/p>\n\n\n\n<p>Andra sev\u00e4rda resm\u00e5l i Weserbergland \u00e4r kurorten Bad Pyrmont med sin stora kurpark och palmtr\u00e4dg\u00e5rd (den st\u00f6rsta palmtr\u00e4dg\u00e5rden norr om Alperna), M\u00fcnchhausen-staden Bodenwerder, Rinteln, B\u00fcckeburg och Holzminden.<\/p>\n\n\n\n<p>I F\u00fcrstenberg, ca 60 km s\u00f6der om Hameln, finns en av Europas \u00e4ldsta porslinstillverkningar i ett vackert ren\u00e4ssansslott fr\u00e5n Weser. Museets utst\u00e4llning om \u00f6ver 250 \u00e5rs tillverkningshistoria \u00e4r v\u00e4l v\u00e4rd att se. Inte l\u00e5ngt d\u00e4rifr\u00e5n, p\u00e5 andra sidan Weser, ligger Corvey Castle som \u00e4r v\u00e4rt ett bes\u00f6k.<\/p>\n\n\n\n<p>Weserbergland korsas av den tyska korsvirkeshusv\u00e4gen, Weserren\u00e4ssansv\u00e4gen och den tyska sagov\u00e4gen.<\/p>\n\n\n\n<p>Weserbergland anses vara ett land av sagor och legender. F\u00f6rutom R\u00e5ttf\u00e5ngarens friluftsteater och musikalen &#8221;R\u00e5ttorna&#8221; i Hameln uppf\u00f6rs \u00e4ven andra friluftsteatrar: M\u00fcnchhausen i Bodenwerder, Askungen i Polle, Hans och Greta i H\u00f6xter och Doktor J\u00e4rnsk\u00e4gg i Hann. M\u00fcnden.<\/p>\n\n\n\n<p>Ungef\u00e4r 25 km \u00f6ster om Hameln f\u00e5r b\u00e5de stora och sm\u00e5 sitt lystm\u00e4te i n\u00f6jesparken Rastiland. Ett bes\u00f6k p\u00e5 rodelbanan i Bodenwerder (23 km s\u00f6derut) lovar ocks\u00e5 massor av skoj.<\/p>\n\n\n\n<p>Ytterligare information om Hamelns attraktiva omgivningar finns hos <a href=\"https:\/\/www.weserbergland-tourismus.de\/de\/\" target=\"_blank\" rel=\"noreferrer noopener\">Weserbergland Tourismus e.V.<\/a> redo f\u00f6r dig.<\/p>\n\n\n\n<h4 class=\"wp-block-heading\">Bokningar med:<\/h4>\n\n\n\n<p>Hameln marknadsf\u00f6ring och turism GmbH<br>Information f\u00f6r turister<br>Deisterallee 1<br>31785 Hameln<br>Tel.: +49 (0) 5151\/957823<br>Fax:&nbsp; +49 (0) 5151\/957840<br>E-post:&nbsp;<a href=\"mailto:touristinfo@hameln.de\" target=\"_blank\" rel=\"noreferrer noopener\">touristinfo@hameln.de<\/a><br>Internet:&nbsp;<a href=\"http:\/\/www.hameln.de\/\" target=\"_blank\" rel=\"noreferrer noopener\">www.hameln.de<\/a><\/p>\n","protected":false},"excerpt":{"rendered":"<p>Boka din resa till Weserbergland Hameln Marketing und Tourismus GmbH ordnar g\u00e4rna med reseledare f\u00f6r bussresor, cykelturereller vandringar i Weserbergland. \u00c4mnena omfattar legender och sagor, Weserren\u00e4ssansen och kyrkor. Weserbergland anses vara ett land f\u00f6r uppt\u00e4cktsresande&#8230; &#8230;h\u00e4r hittar du inte bara oanade platser att koppla av p\u00e5, utan ocks\u00e5 attraktiva fritidsm\u00f6jligheter. Vackert inredda korsvirkesst\u00e4der i ett [&hellip;]<\/p>\n","protected":false},"author":1,"featured_media":14168,"parent":14554,"menu_order":0,"comment_status":"closed","ping_status":"closed","template":"pagetemplates\/template-stadtthema.php","meta":{"_acf_changed":false,"footnotes":""},"categories":[],"tags":[],"ncap_cities_tax":[449,1289],"class_list":["post-14164","page","type-page","status-publish","has-post-thumbnail","hentry","ncap_cities_tax-hameln-sv","ncap_cities_tax-reiseleitung-und-ausflugen-hameln-sv"],"acf":[],"yoast_head":"<!-- This site is optimized with the Yoast SEO plugin v26.8 - https:\/\/yoast.com\/product\/yoast-seo-wordpress\/ -->\n<title>Information om reseledare och utflykter i Hameln - 9 St\u00e4dte in Niedersachsen<\/title>\n<meta name=\"robots\" content=\"index, follow, max-snippet:-1, max-image-preview:large, max-video-preview:-1\" \/>\n<link rel=\"canonical\" href=\"https:\/\/9staedte.de\/sv\/hameln-legendarisk-raattfaangarstad\/information-om-reseledare-och-utflykter-i-hameln\/\" \/>\n<meta property=\"og:locale\" content=\"sv_SE\" \/>\n<meta property=\"og:type\" content=\"article\" \/>\n<meta property=\"og:title\" content=\"Information om reseledare och utflykter i Hameln - 9 St\u00e4dte in Niedersachsen\" \/>\n<meta property=\"og:description\" content=\"Boka din resa till Weserbergland Hameln Marketing und Tourismus GmbH ordnar g\u00e4rna med reseledare f\u00f6r bussresor, cykelturereller vandringar i Weserbergland. \u00c4mnena omfattar legender och sagor, Weserren\u00e4ssansen och kyrkor. Weserbergland anses vara ett land f\u00f6r uppt\u00e4cktsresande&#8230; &#8230;h\u00e4r hittar du inte bara oanade platser att koppla av p\u00e5, utan ocks\u00e5 attraktiva fritidsm\u00f6jligheter. Vackert inredda korsvirkesst\u00e4der i ett [&hellip;]\" \/>\n<meta property=\"og:url\" content=\"https:\/\/9staedte.de\/sv\/hameln-legendarisk-raattfaangarstad\/information-om-reseledare-och-utflykter-i-hameln\/\" \/>\n<meta property=\"og:site_name\" content=\"9 St\u00e4dte in Niedersachsen\" \/>\n<meta property=\"article:modified_time\" content=\"2023-10-25T15:53:02+00:00\" \/>\n<meta property=\"og:image\" content=\"https:\/\/9staedte.de\/wp-content\/uploads\/2023\/02\/Indian-Summer-iim-Weserbergland-cHMT.jpg\" \/>\n\t<meta property=\"og:image:width\" content=\"1020\" \/>\n\t<meta property=\"og:image:height\" content=\"560\" \/>\n\t<meta property=\"og:image:type\" content=\"image\/jpeg\" \/>\n<meta name=\"twitter:card\" content=\"summary_large_image\" \/>\n<meta name=\"twitter:label1\" content=\"Ber\u00e4knad l\u00e4stid\" \/>\n\t<meta name=\"twitter:data1\" content=\"3 minuter\" \/>\n<script type=\"application\/ld+json\" class=\"yoast-schema-graph\">{\"@context\":\"https:\/\/schema.org\",\"@graph\":[{\"@type\":\"WebPage\",\"@id\":\"https:\/\/9staedte.de\/sv\/hameln-legendarisk-raattfaangarstad\/information-om-reseledare-och-utflykter-i-hameln\/\",\"url\":\"https:\/\/9staedte.de\/sv\/hameln-legendarisk-raattfaangarstad\/information-om-reseledare-och-utflykter-i-hameln\/\",\"name\":\"Information om reseledare och utflykter i Hameln - 9 St\u00e4dte in Niedersachsen\",\"isPartOf\":{\"@id\":\"https:\/\/9staedte.de\/sv\/#website\"},\"primaryImageOfPage\":{\"@id\":\"https:\/\/9staedte.de\/sv\/hameln-legendarisk-raattfaangarstad\/information-om-reseledare-och-utflykter-i-hameln\/#primaryimage\"},\"image\":{\"@id\":\"https:\/\/9staedte.de\/sv\/hameln-legendarisk-raattfaangarstad\/information-om-reseledare-och-utflykter-i-hameln\/#primaryimage\"},\"thumbnailUrl\":\"https:\/\/9staedte.de\/wp-content\/uploads\/2023\/02\/Indian-Summer-iim-Weserbergland-cHMT.jpg\",\"datePublished\":\"2023-10-25T14:23:35+00:00\",\"dateModified\":\"2023-10-25T15:53:02+00:00\",\"breadcrumb\":{\"@id\":\"https:\/\/9staedte.de\/sv\/hameln-legendarisk-raattfaangarstad\/information-om-reseledare-och-utflykter-i-hameln\/#breadcrumb\"},\"inLanguage\":\"sv-SE\",\"potentialAction\":[{\"@type\":\"ReadAction\",\"target\":[\"https:\/\/9staedte.de\/sv\/hameln-legendarisk-raattfaangarstad\/information-om-reseledare-och-utflykter-i-hameln\/\"]}]},{\"@type\":\"ImageObject\",\"inLanguage\":\"sv-SE\",\"@id\":\"https:\/\/9staedte.de\/sv\/hameln-legendarisk-raattfaangarstad\/information-om-reseledare-och-utflykter-i-hameln\/#primaryimage\",\"url\":\"https:\/\/9staedte.de\/wp-content\/uploads\/2023\/02\/Indian-Summer-iim-Weserbergland-cHMT.jpg\",\"contentUrl\":\"https:\/\/9staedte.de\/wp-content\/uploads\/2023\/02\/Indian-Summer-iim-Weserbergland-cHMT.jpg\",\"width\":1020,\"height\":560,\"caption\":\"Indian Summer im Weserbergland c)HMT\"},{\"@type\":\"BreadcrumbList\",\"@id\":\"https:\/\/9staedte.de\/sv\/hameln-legendarisk-raattfaangarstad\/information-om-reseledare-och-utflykter-i-hameln\/#breadcrumb\",\"itemListElement\":[{\"@type\":\"ListItem\",\"position\":1,\"name\":\"Startseite\",\"item\":\"https:\/\/9staedte.de\/sv\/\"},{\"@type\":\"ListItem\",\"position\":2,\"name\":\"Hameln &#8211; Legendarisk R\u00e5ttf\u00e5ngarstad\",\"item\":\"https:\/\/9staedte.de\/sv\/hameln-legendarisk-raattfaangarstad\/\"},{\"@type\":\"ListItem\",\"position\":3,\"name\":\"Information om reseledare och utflykter i Hameln\"}]},{\"@type\":\"WebSite\",\"@id\":\"https:\/\/9staedte.de\/sv\/#website\",\"url\":\"https:\/\/9staedte.de\/sv\/\",\"name\":\"9 St\u00e4dte in Niedersachsen\",\"description\":\"\",\"publisher\":{\"@id\":\"https:\/\/9staedte.de\/sv\/#organization\"},\"potentialAction\":[{\"@type\":\"SearchAction\",\"target\":{\"@type\":\"EntryPoint\",\"urlTemplate\":\"https:\/\/9staedte.de\/sv\/?s={search_term_string}\"},\"query-input\":{\"@type\":\"PropertyValueSpecification\",\"valueRequired\":true,\"valueName\":\"search_term_string\"}}],\"inLanguage\":\"sv-SE\"},{\"@type\":\"Organization\",\"@id\":\"https:\/\/9staedte.de\/sv\/#organization\",\"name\":\"9 St\u00e4dte in Niedersachsen\",\"url\":\"https:\/\/9staedte.de\/sv\/\",\"logo\":{\"@type\":\"ImageObject\",\"inLanguage\":\"sv-SE\",\"@id\":\"https:\/\/9staedte.de\/sv\/#\/schema\/logo\/image\/\",\"url\":\"https:\/\/9staedte.de\/wp-content\/uploads\/2025\/01\/9-neg-deutsch-2-1.png\",\"contentUrl\":\"https:\/\/9staedte.de\/wp-content\/uploads\/2025\/01\/9-neg-deutsch-2-1.png\",\"width\":190,\"height\":114,\"caption\":\"9 St\u00e4dte in Niedersachsen\"},\"image\":{\"@id\":\"https:\/\/9staedte.de\/sv\/#\/schema\/logo\/image\/\"}}]}<\/script>\n<!-- \/ Yoast SEO plugin. -->","yoast_head_json":{"title":"Information om reseledare och utflykter i Hameln - 9 St\u00e4dte in Niedersachsen","robots":{"index":"index","follow":"follow","max-snippet":"max-snippet:-1","max-image-preview":"max-image-preview:large","max-video-preview":"max-video-preview:-1"},"canonical":"https:\/\/9staedte.de\/sv\/hameln-legendarisk-raattfaangarstad\/information-om-reseledare-och-utflykter-i-hameln\/","og_locale":"sv_SE","og_type":"article","og_title":"Information om reseledare och utflykter i Hameln - 9 St\u00e4dte in Niedersachsen","og_description":"Boka din resa till Weserbergland Hameln Marketing und Tourismus GmbH ordnar g\u00e4rna med reseledare f\u00f6r bussresor, cykelturereller vandringar i Weserbergland. \u00c4mnena omfattar legender och sagor, Weserren\u00e4ssansen och kyrkor. Weserbergland anses vara ett land f\u00f6r uppt\u00e4cktsresande&#8230; &#8230;h\u00e4r hittar du inte bara oanade platser att koppla av p\u00e5, utan ocks\u00e5 attraktiva fritidsm\u00f6jligheter. Vackert inredda korsvirkesst\u00e4der i ett [&hellip;]","og_url":"https:\/\/9staedte.de\/sv\/hameln-legendarisk-raattfaangarstad\/information-om-reseledare-och-utflykter-i-hameln\/","og_site_name":"9 St\u00e4dte in Niedersachsen","article_modified_time":"2023-10-25T15:53:02+00:00","og_image":[{"width":1020,"height":560,"url":"https:\/\/9staedte.de\/wp-content\/uploads\/2023\/02\/Indian-Summer-iim-Weserbergland-cHMT.jpg","type":"image\/jpeg"}],"twitter_card":"summary_large_image","twitter_misc":{"Ber\u00e4knad l\u00e4stid":"3 minuter"},"schema":{"@context":"https:\/\/schema.org","@graph":[{"@type":"WebPage","@id":"https:\/\/9staedte.de\/sv\/hameln-legendarisk-raattfaangarstad\/information-om-reseledare-och-utflykter-i-hameln\/","url":"https:\/\/9staedte.de\/sv\/hameln-legendarisk-raattfaangarstad\/information-om-reseledare-och-utflykter-i-hameln\/","name":"Information om reseledare och utflykter i Hameln - 9 St\u00e4dte in Niedersachsen","isPartOf":{"@id":"https:\/\/9staedte.de\/sv\/#website"},"primaryImageOfPage":{"@id":"https:\/\/9staedte.de\/sv\/hameln-legendarisk-raattfaangarstad\/information-om-reseledare-och-utflykter-i-hameln\/#primaryimage"},"image":{"@id":"https:\/\/9staedte.de\/sv\/hameln-legendarisk-raattfaangarstad\/information-om-reseledare-och-utflykter-i-hameln\/#primaryimage"},"thumbnailUrl":"https:\/\/9staedte.de\/wp-content\/uploads\/2023\/02\/Indian-Summer-iim-Weserbergland-cHMT.jpg","datePublished":"2023-10-25T14:23:35+00:00","dateModified":"2023-10-25T15:53:02+00:00","breadcrumb":{"@id":"https:\/\/9staedte.de\/sv\/hameln-legendarisk-raattfaangarstad\/information-om-reseledare-och-utflykter-i-hameln\/#breadcrumb"},"inLanguage":"sv-SE","potentialAction":[{"@type":"ReadAction","target":["https:\/\/9staedte.de\/sv\/hameln-legendarisk-raattfaangarstad\/information-om-reseledare-och-utflykter-i-hameln\/"]}]},{"@type":"ImageObject","inLanguage":"sv-SE","@id":"https:\/\/9staedte.de\/sv\/hameln-legendarisk-raattfaangarstad\/information-om-reseledare-och-utflykter-i-hameln\/#primaryimage","url":"https:\/\/9staedte.de\/wp-content\/uploads\/2023\/02\/Indian-Summer-iim-Weserbergland-cHMT.jpg","contentUrl":"https:\/\/9staedte.de\/wp-content\/uploads\/2023\/02\/Indian-Summer-iim-Weserbergland-cHMT.jpg","width":1020,"height":560,"caption":"Indian Summer im Weserbergland c)HMT"},{"@type":"BreadcrumbList","@id":"https:\/\/9staedte.de\/sv\/hameln-legendarisk-raattfaangarstad\/information-om-reseledare-och-utflykter-i-hameln\/#breadcrumb","itemListElement":[{"@type":"ListItem","position":1,"name":"Startseite","item":"https:\/\/9staedte.de\/sv\/"},{"@type":"ListItem","position":2,"name":"Hameln &#8211; Legendarisk R\u00e5ttf\u00e5ngarstad","item":"https:\/\/9staedte.de\/sv\/hameln-legendarisk-raattfaangarstad\/"},{"@type":"ListItem","position":3,"name":"Information om reseledare och utflykter i Hameln"}]},{"@type":"WebSite","@id":"https:\/\/9staedte.de\/sv\/#website","url":"https:\/\/9staedte.de\/sv\/","name":"9 St\u00e4dte in Niedersachsen","description":"","publisher":{"@id":"https:\/\/9staedte.de\/sv\/#organization"},"potentialAction":[{"@type":"SearchAction","target":{"@type":"EntryPoint","urlTemplate":"https:\/\/9staedte.de\/sv\/?s={search_term_string}"},"query-input":{"@type":"PropertyValueSpecification","valueRequired":true,"valueName":"search_term_string"}}],"inLanguage":"sv-SE"},{"@type":"Organization","@id":"https:\/\/9staedte.de\/sv\/#organization","name":"9 St\u00e4dte in Niedersachsen","url":"https:\/\/9staedte.de\/sv\/","logo":{"@type":"ImageObject","inLanguage":"sv-SE","@id":"https:\/\/9staedte.de\/sv\/#\/schema\/logo\/image\/","url":"https:\/\/9staedte.de\/wp-content\/uploads\/2025\/01\/9-neg-deutsch-2-1.png","contentUrl":"https:\/\/9staedte.de\/wp-content\/uploads\/2025\/01\/9-neg-deutsch-2-1.png","width":190,"height":114,"caption":"9 St\u00e4dte in Niedersachsen"},"image":{"@id":"https:\/\/9staedte.de\/sv\/#\/schema\/logo\/image\/"}}]}},"_links":{"self":[{"href":"https:\/\/9staedte.de\/sv\/wp-json\/wp\/v2\/pages\/14164","targetHints":{"allow":["GET"]}}],"collection":[{"href":"https:\/\/9staedte.de\/sv\/wp-json\/wp\/v2\/pages"}],"about":[{"href":"https:\/\/9staedte.de\/sv\/wp-json\/wp\/v2\/types\/page"}],"author":[{"embeddable":true,"href":"https:\/\/9staedte.de\/sv\/wp-json\/wp\/v2\/users\/1"}],"replies":[{"embeddable":true,"href":"https:\/\/9staedte.de\/sv\/wp-json\/wp\/v2\/comments?post=14164"}],"version-history":[{"count":1,"href":"https:\/\/9staedte.de\/sv\/wp-json\/wp\/v2\/pages\/14164\/revisions"}],"predecessor-version":[{"id":14169,"href":"https:\/\/9staedte.de\/sv\/wp-json\/wp\/v2\/pages\/14164\/revisions\/14169"}],"up":[{"embeddable":true,"href":"https:\/\/9staedte.de\/sv\/wp-json\/wp\/v2\/pages\/14554"}],"wp:featuredmedia":[{"embeddable":true,"href":"https:\/\/9staedte.de\/sv\/wp-json\/wp\/v2\/media\/14168"}],"wp:attachment":[{"href":"https:\/\/9staedte.de\/sv\/wp-json\/wp\/v2\/media?parent=14164"}],"wp:term":[{"taxonomy":"category","embeddable":true,"href":"https:\/\/9staedte.de\/sv\/wp-json\/wp\/v2\/categories?post=14164"},{"taxonomy":"post_tag","embeddable":true,"href":"https:\/\/9staedte.de\/sv\/wp-json\/wp\/v2\/tags?post=14164"},{"taxonomy":"ncap_cities_tax","embeddable":true,"href":"https:\/\/9staedte.de\/sv\/wp-json\/wp\/v2\/ncap_cities_tax?post=14164"}],"curies":[{"name":"wp","href":"https:\/\/api.w.org\/{rel}","templated":true}]}}