{"id":14155,"date":"2023-10-25T16:23:34","date_gmt":"2023-10-25T14:23:34","guid":{"rendered":"https:\/\/9staedte.de\/hameln-upptaeck-haallbart\/"},"modified":"2024-03-21T11:49:17","modified_gmt":"2024-03-21T10:49:17","slug":"hameln-upptaeck-haallbart","status":"publish","type":"page","link":"https:\/\/9staedte.de\/sv\/hameln-legendarisk-raattfaangarstad\/hameln-upptaeck-haallbart\/","title":{"rendered":"Hameln &#8211; uppt\u00e4ck h\u00e5llbart"},"content":{"rendered":"\n<p>Utforska Pied Piper City p\u00e5 ett trendigt och h\u00e5llbart s\u00e4tt med en e-scooter eller Segway, strosa genom veckomarknaden eller den vackra gamla staden med sina sm\u00e5 butiker eller l\u00e4r k\u00e4nna omgivningarna fr\u00e5n ett annat perspektiv p\u00e5 tv\u00e5 hjul. Anv\u00e4nd Deutsche Bahns tj\u00e4nster f\u00f6r din resa. Restiden med S5 \/ S 51 fr\u00e5n Hannover Hbf till Hameln \u00e4r mellan 38 och 45 minuter, fr\u00e5n Hannover Airport 64 minuter. Fr\u00e5n v\u00e4st eller \u00f6st tar Nordwestbahn dig till Hameln. Tips: J\u00e4rnv\u00e4gens &#8221;Niedersachsen-Ticket&#8221; g\u00e4ller \u00e4ven f\u00f6r bussresor i Hameln-Pyrmonts lokala transportsystem.<\/p>\n\n\n\n<p><\/p>\n\n\n\n\n<div class=\"banner-wrapper\">\n  <div class=\"banner-inner \">\n      <div class=\"img-container\">\n      <div class=\"img-wrapper\">\n        <img decoding=\"async\" src=\"https:\/\/9staedte.de\/wp-content\/smush-webp\/2023\/02\/EBike-HMT.jpg.webp\" alt=\"Bilden visar m\u00e5nga elcyklar. De st\u00e5r i en rad. Cyklarna \u00e4r gulgr\u00f6na och svarta. De st\u00e5r framf\u00f6r en byggnad med stora f\u00f6nster. Cyklarna tillh\u00f6r turistinformationen i Hameln. Man kan hyra dem d\u00e4r.\" \/>\n                  <div class=\"thumbnail-label\">\n            <span>EBike Tourist Info Hameln c) HMT<\/span>\n          <\/div>\n              <\/div>\n    <\/div>\n        <div class=\"text-container\">\n      <div class=\"content\">\n        <section class=\"opacity-on\">\n<article class=\"bg-cities\">\n<div class=\"content\">\n<h2>Uppt\u00e4ck Hameln p\u00e5 ett h\u00e5llbart s\u00e4tt: 9 tips<\/h2>\n<p>&#8211; Hyr elcykel: utforska de vackraste h\u00f6rnen av Weserbergland med en av v\u00e5ra elcyklar<\/p>\n<p>&#8211; Glid genom v\u00e5r historiska gamla stad p\u00e5 en Segway-tur och upplev ren r\u00f6rlighet p\u00e5 din tur ut i naturen.<\/p>\n<p>&#8211; Vandring runt Hameln &#8211; uppf\u00f6rsbacke, nedf\u00f6rsbacke: alltid en bra utsikt. Hameln och dess idylliska stadsdelar ligger inb\u00e4ddade i n\u00e5gra av de mest skogskl\u00e4dda kullarna i den natursk\u00f6na regionen Weserbergland. N\u00e4stan en tredjedel av staden \u00e4r skogbevuxen. Detta g\u00f6r Hameln till en av de mest skogst\u00e4ta st\u00e4derna i norra Tyskland.<\/p>\n<p>&#8211; En kanottur l\u00e4ngs Wesers idylliska landskap \u00e4r den perfekta upplevelsen f\u00f6r att f\u00e5 ig\u00e5ng de tr\u00f6tta benen igen<\/p>\n<p>&#8211; Upplev den m\u00e5nghundra\u00e5riga traditionen med forsr\u00e4nning p\u00e5 Weser p\u00e5 en flottf\u00e4rd medan du l\u00e5ter blicken vandra \u00f6ver det f\u00f6rbipasserande landskapet i Weserbergland.<\/p>\n<p>&#8211; F\u00f6rundras \u00f6ver den f\u00e4rgglada variationen av s\u00e4songsprodukter fr\u00e5n regional odling p\u00e5 en promenad genom Hamelns veckomarknad. Hamelns veckomarknad p\u00e5 r\u00e5dhustorget lockar bes\u00f6kare fr\u00e5n n\u00e4r och fj\u00e4rran varje onsdag och l\u00f6rdag fr\u00e5n kl. 7.00 till 13.00.<\/p>\n<p>&#8211; I turistinformationens souvenirbutik kan du hitta typiska Hamelnsouvenirer som br\u00f6dr\u00e5ttor eller r\u00e5ttd\u00f6dare samt produkter fr\u00e5n regionen.<\/p>\n<p>&#8211; Turistinformationsbyggnaden \u00e4r en energioptimerad solcellsbyggnad. De cirka 150 kvadratmeter stora solcellsmodulerna levererar elektricitet och fungerar \u00e4ven som statisk skuggning. Vakuumr\u00f6rsolf\u00e5ngare st\u00f6der v\u00e4rmesystemet, som fungerar utan radiatorer och v\u00e4rms upp via ett ventilationssystem. Frisk luft tillf\u00f6rs via jordkanaler. Byggnaden kan upplevas som ett l\u00e5genergihus eftersom anv\u00e4ndningen av fotovoltaisk och termisk solenergi har integrerats synligt och &#8221;p\u00e5tagligt&#8221; i byggnadskonceptet.<\/p>\n<\/div>\n<\/article>\n<\/section>\n      <\/div>\n    <\/div>\n    <\/div>\n<\/div>\n\n","protected":false},"excerpt":{"rendered":"<p>Utforska Pied Piper City p\u00e5 ett trendigt och h\u00e5llbart s\u00e4tt med en e-scooter eller Segway, strosa genom veckomarknaden eller den vackra gamla staden med sina sm\u00e5 butiker eller l\u00e4r k\u00e4nna omgivningarna fr\u00e5n ett annat perspektiv p\u00e5 tv\u00e5 hjul. Anv\u00e4nd Deutsche Bahns tj\u00e4nster f\u00f6r din resa. Restiden med S5 \/ S 51 fr\u00e5n Hannover Hbf till [&hellip;]<\/p>\n","protected":false},"author":1,"featured_media":14160,"parent":14554,"menu_order":0,"comment_status":"closed","ping_status":"closed","template":"pagetemplates\/template-stadtthema.php","meta":{"_acf_changed":false,"footnotes":""},"categories":[],"tags":[],"ncap_cities_tax":[449,1009],"class_list":["post-14155","page","type-page","status-publish","has-post-thumbnail","hentry","ncap_cities_tax-hameln-sv","ncap_cities_tax-naturerlebnisse-und-nachhaltigkeit-hameln-sv"],"acf":[],"yoast_head":"<!-- This site is optimized with the Yoast SEO plugin v26.8 - https:\/\/yoast.com\/product\/yoast-seo-wordpress\/ -->\n<title>Hameln - uppt\u00e4ck h\u00e5llbart - 9 St\u00e4dte in Niedersachsen<\/title>\n<meta name=\"robots\" content=\"index, follow, max-snippet:-1, max-image-preview:large, max-video-preview:-1\" \/>\n<link rel=\"canonical\" href=\"https:\/\/9staedte.de\/sv\/hameln-legendarisk-raattfaangarstad\/hameln-upptaeck-haallbart\/\" \/>\n<meta property=\"og:locale\" content=\"sv_SE\" \/>\n<meta property=\"og:type\" content=\"article\" \/>\n<meta property=\"og:title\" content=\"Hameln - uppt\u00e4ck h\u00e5llbart - 9 St\u00e4dte in Niedersachsen\" \/>\n<meta property=\"og:description\" content=\"Utforska Pied Piper City p\u00e5 ett trendigt och h\u00e5llbart s\u00e4tt med en e-scooter eller Segway, strosa genom veckomarknaden eller den vackra gamla staden med sina sm\u00e5 butiker eller l\u00e4r k\u00e4nna omgivningarna fr\u00e5n ett annat perspektiv p\u00e5 tv\u00e5 hjul. Anv\u00e4nd Deutsche Bahns tj\u00e4nster f\u00f6r din resa. Restiden med S5 \/ S 51 fr\u00e5n Hannover Hbf till [&hellip;]\" \/>\n<meta property=\"og:url\" content=\"https:\/\/9staedte.de\/sv\/hameln-legendarisk-raattfaangarstad\/hameln-upptaeck-haallbart\/\" \/>\n<meta property=\"og:site_name\" content=\"9 St\u00e4dte in Niedersachsen\" \/>\n<meta property=\"article:modified_time\" content=\"2024-03-21T10:49:17+00:00\" \/>\n<meta property=\"og:image\" content=\"https:\/\/9staedte.de\/wp-content\/uploads\/2023\/02\/Kanu_auf_der_Weser-c-HMT.jpg\" \/>\n\t<meta property=\"og:image:width\" content=\"1020\" \/>\n\t<meta property=\"og:image:height\" content=\"560\" \/>\n\t<meta property=\"og:image:type\" content=\"image\/jpeg\" \/>\n<meta name=\"twitter:card\" content=\"summary_large_image\" \/>\n<meta name=\"twitter:label1\" content=\"Ber\u00e4knad l\u00e4stid\" \/>\n\t<meta name=\"twitter:data1\" content=\"1 minut\" \/>\n<script type=\"application\/ld+json\" class=\"yoast-schema-graph\">{\"@context\":\"https:\/\/schema.org\",\"@graph\":[{\"@type\":\"WebPage\",\"@id\":\"https:\/\/9staedte.de\/sv\/hameln-legendarisk-raattfaangarstad\/hameln-upptaeck-haallbart\/\",\"url\":\"https:\/\/9staedte.de\/sv\/hameln-legendarisk-raattfaangarstad\/hameln-upptaeck-haallbart\/\",\"name\":\"Hameln - uppt\u00e4ck h\u00e5llbart - 9 St\u00e4dte in Niedersachsen\",\"isPartOf\":{\"@id\":\"https:\/\/9staedte.de\/sv\/#website\"},\"primaryImageOfPage\":{\"@id\":\"https:\/\/9staedte.de\/sv\/hameln-legendarisk-raattfaangarstad\/hameln-upptaeck-haallbart\/#primaryimage\"},\"image\":{\"@id\":\"https:\/\/9staedte.de\/sv\/hameln-legendarisk-raattfaangarstad\/hameln-upptaeck-haallbart\/#primaryimage\"},\"thumbnailUrl\":\"https:\/\/9staedte.de\/wp-content\/uploads\/2023\/02\/Kanu_auf_der_Weser-c-HMT.jpg\",\"datePublished\":\"2023-10-25T14:23:34+00:00\",\"dateModified\":\"2024-03-21T10:49:17+00:00\",\"breadcrumb\":{\"@id\":\"https:\/\/9staedte.de\/sv\/hameln-legendarisk-raattfaangarstad\/hameln-upptaeck-haallbart\/#breadcrumb\"},\"inLanguage\":\"sv-SE\",\"potentialAction\":[{\"@type\":\"ReadAction\",\"target\":[\"https:\/\/9staedte.de\/sv\/hameln-legendarisk-raattfaangarstad\/hameln-upptaeck-haallbart\/\"]}]},{\"@type\":\"ImageObject\",\"inLanguage\":\"sv-SE\",\"@id\":\"https:\/\/9staedte.de\/sv\/hameln-legendarisk-raattfaangarstad\/hameln-upptaeck-haallbart\/#primaryimage\",\"url\":\"https:\/\/9staedte.de\/wp-content\/uploads\/2023\/02\/Kanu_auf_der_Weser-c-HMT.jpg\",\"contentUrl\":\"https:\/\/9staedte.de\/wp-content\/uploads\/2023\/02\/Kanu_auf_der_Weser-c-HMT.jpg\",\"width\":1020,\"height\":560,\"caption\":\"Kanu_auf_der_Weser c) HMT\"},{\"@type\":\"BreadcrumbList\",\"@id\":\"https:\/\/9staedte.de\/sv\/hameln-legendarisk-raattfaangarstad\/hameln-upptaeck-haallbart\/#breadcrumb\",\"itemListElement\":[{\"@type\":\"ListItem\",\"position\":1,\"name\":\"Startseite\",\"item\":\"https:\/\/9staedte.de\/sv\/\"},{\"@type\":\"ListItem\",\"position\":2,\"name\":\"Hameln &#8211; Legendarisk R\u00e5ttf\u00e5ngarstad\",\"item\":\"https:\/\/9staedte.de\/sv\/hameln-legendarisk-raattfaangarstad\/\"},{\"@type\":\"ListItem\",\"position\":3,\"name\":\"Hameln &#8211; uppt\u00e4ck h\u00e5llbart\"}]},{\"@type\":\"WebSite\",\"@id\":\"https:\/\/9staedte.de\/sv\/#website\",\"url\":\"https:\/\/9staedte.de\/sv\/\",\"name\":\"9 St\u00e4dte in Niedersachsen\",\"description\":\"\",\"publisher\":{\"@id\":\"https:\/\/9staedte.de\/sv\/#organization\"},\"potentialAction\":[{\"@type\":\"SearchAction\",\"target\":{\"@type\":\"EntryPoint\",\"urlTemplate\":\"https:\/\/9staedte.de\/sv\/?s={search_term_string}\"},\"query-input\":{\"@type\":\"PropertyValueSpecification\",\"valueRequired\":true,\"valueName\":\"search_term_string\"}}],\"inLanguage\":\"sv-SE\"},{\"@type\":\"Organization\",\"@id\":\"https:\/\/9staedte.de\/sv\/#organization\",\"name\":\"9 St\u00e4dte in Niedersachsen\",\"url\":\"https:\/\/9staedte.de\/sv\/\",\"logo\":{\"@type\":\"ImageObject\",\"inLanguage\":\"sv-SE\",\"@id\":\"https:\/\/9staedte.de\/sv\/#\/schema\/logo\/image\/\",\"url\":\"https:\/\/9staedte.de\/wp-content\/uploads\/2025\/01\/9-neg-deutsch-2-1.png\",\"contentUrl\":\"https:\/\/9staedte.de\/wp-content\/uploads\/2025\/01\/9-neg-deutsch-2-1.png\",\"width\":190,\"height\":114,\"caption\":\"9 St\u00e4dte in Niedersachsen\"},\"image\":{\"@id\":\"https:\/\/9staedte.de\/sv\/#\/schema\/logo\/image\/\"}}]}<\/script>\n<!-- \/ Yoast SEO plugin. -->","yoast_head_json":{"title":"Hameln - uppt\u00e4ck h\u00e5llbart - 9 St\u00e4dte in Niedersachsen","robots":{"index":"index","follow":"follow","max-snippet":"max-snippet:-1","max-image-preview":"max-image-preview:large","max-video-preview":"max-video-preview:-1"},"canonical":"https:\/\/9staedte.de\/sv\/hameln-legendarisk-raattfaangarstad\/hameln-upptaeck-haallbart\/","og_locale":"sv_SE","og_type":"article","og_title":"Hameln - uppt\u00e4ck h\u00e5llbart - 9 St\u00e4dte in Niedersachsen","og_description":"Utforska Pied Piper City p\u00e5 ett trendigt och h\u00e5llbart s\u00e4tt med en e-scooter eller Segway, strosa genom veckomarknaden eller den vackra gamla staden med sina sm\u00e5 butiker eller l\u00e4r k\u00e4nna omgivningarna fr\u00e5n ett annat perspektiv p\u00e5 tv\u00e5 hjul. Anv\u00e4nd Deutsche Bahns tj\u00e4nster f\u00f6r din resa. Restiden med S5 \/ S 51 fr\u00e5n Hannover Hbf till [&hellip;]","og_url":"https:\/\/9staedte.de\/sv\/hameln-legendarisk-raattfaangarstad\/hameln-upptaeck-haallbart\/","og_site_name":"9 St\u00e4dte in Niedersachsen","article_modified_time":"2024-03-21T10:49:17+00:00","og_image":[{"width":1020,"height":560,"url":"https:\/\/9staedte.de\/wp-content\/uploads\/2023\/02\/Kanu_auf_der_Weser-c-HMT.jpg","type":"image\/jpeg"}],"twitter_card":"summary_large_image","twitter_misc":{"Ber\u00e4knad l\u00e4stid":"1 minut"},"schema":{"@context":"https:\/\/schema.org","@graph":[{"@type":"WebPage","@id":"https:\/\/9staedte.de\/sv\/hameln-legendarisk-raattfaangarstad\/hameln-upptaeck-haallbart\/","url":"https:\/\/9staedte.de\/sv\/hameln-legendarisk-raattfaangarstad\/hameln-upptaeck-haallbart\/","name":"Hameln - uppt\u00e4ck h\u00e5llbart - 9 St\u00e4dte in Niedersachsen","isPartOf":{"@id":"https:\/\/9staedte.de\/sv\/#website"},"primaryImageOfPage":{"@id":"https:\/\/9staedte.de\/sv\/hameln-legendarisk-raattfaangarstad\/hameln-upptaeck-haallbart\/#primaryimage"},"image":{"@id":"https:\/\/9staedte.de\/sv\/hameln-legendarisk-raattfaangarstad\/hameln-upptaeck-haallbart\/#primaryimage"},"thumbnailUrl":"https:\/\/9staedte.de\/wp-content\/uploads\/2023\/02\/Kanu_auf_der_Weser-c-HMT.jpg","datePublished":"2023-10-25T14:23:34+00:00","dateModified":"2024-03-21T10:49:17+00:00","breadcrumb":{"@id":"https:\/\/9staedte.de\/sv\/hameln-legendarisk-raattfaangarstad\/hameln-upptaeck-haallbart\/#breadcrumb"},"inLanguage":"sv-SE","potentialAction":[{"@type":"ReadAction","target":["https:\/\/9staedte.de\/sv\/hameln-legendarisk-raattfaangarstad\/hameln-upptaeck-haallbart\/"]}]},{"@type":"ImageObject","inLanguage":"sv-SE","@id":"https:\/\/9staedte.de\/sv\/hameln-legendarisk-raattfaangarstad\/hameln-upptaeck-haallbart\/#primaryimage","url":"https:\/\/9staedte.de\/wp-content\/uploads\/2023\/02\/Kanu_auf_der_Weser-c-HMT.jpg","contentUrl":"https:\/\/9staedte.de\/wp-content\/uploads\/2023\/02\/Kanu_auf_der_Weser-c-HMT.jpg","width":1020,"height":560,"caption":"Kanu_auf_der_Weser c) HMT"},{"@type":"BreadcrumbList","@id":"https:\/\/9staedte.de\/sv\/hameln-legendarisk-raattfaangarstad\/hameln-upptaeck-haallbart\/#breadcrumb","itemListElement":[{"@type":"ListItem","position":1,"name":"Startseite","item":"https:\/\/9staedte.de\/sv\/"},{"@type":"ListItem","position":2,"name":"Hameln &#8211; Legendarisk R\u00e5ttf\u00e5ngarstad","item":"https:\/\/9staedte.de\/sv\/hameln-legendarisk-raattfaangarstad\/"},{"@type":"ListItem","position":3,"name":"Hameln &#8211; uppt\u00e4ck h\u00e5llbart"}]},{"@type":"WebSite","@id":"https:\/\/9staedte.de\/sv\/#website","url":"https:\/\/9staedte.de\/sv\/","name":"9 St\u00e4dte in Niedersachsen","description":"","publisher":{"@id":"https:\/\/9staedte.de\/sv\/#organization"},"potentialAction":[{"@type":"SearchAction","target":{"@type":"EntryPoint","urlTemplate":"https:\/\/9staedte.de\/sv\/?s={search_term_string}"},"query-input":{"@type":"PropertyValueSpecification","valueRequired":true,"valueName":"search_term_string"}}],"inLanguage":"sv-SE"},{"@type":"Organization","@id":"https:\/\/9staedte.de\/sv\/#organization","name":"9 St\u00e4dte in Niedersachsen","url":"https:\/\/9staedte.de\/sv\/","logo":{"@type":"ImageObject","inLanguage":"sv-SE","@id":"https:\/\/9staedte.de\/sv\/#\/schema\/logo\/image\/","url":"https:\/\/9staedte.de\/wp-content\/uploads\/2025\/01\/9-neg-deutsch-2-1.png","contentUrl":"https:\/\/9staedte.de\/wp-content\/uploads\/2025\/01\/9-neg-deutsch-2-1.png","width":190,"height":114,"caption":"9 St\u00e4dte in Niedersachsen"},"image":{"@id":"https:\/\/9staedte.de\/sv\/#\/schema\/logo\/image\/"}}]}},"_links":{"self":[{"href":"https:\/\/9staedte.de\/sv\/wp-json\/wp\/v2\/pages\/14155","targetHints":{"allow":["GET"]}}],"collection":[{"href":"https:\/\/9staedte.de\/sv\/wp-json\/wp\/v2\/pages"}],"about":[{"href":"https:\/\/9staedte.de\/sv\/wp-json\/wp\/v2\/types\/page"}],"author":[{"embeddable":true,"href":"https:\/\/9staedte.de\/sv\/wp-json\/wp\/v2\/users\/1"}],"replies":[{"embeddable":true,"href":"https:\/\/9staedte.de\/sv\/wp-json\/wp\/v2\/comments?post=14155"}],"version-history":[{"count":3,"href":"https:\/\/9staedte.de\/sv\/wp-json\/wp\/v2\/pages\/14155\/revisions"}],"predecessor-version":[{"id":21473,"href":"https:\/\/9staedte.de\/sv\/wp-json\/wp\/v2\/pages\/14155\/revisions\/21473"}],"up":[{"embeddable":true,"href":"https:\/\/9staedte.de\/sv\/wp-json\/wp\/v2\/pages\/14554"}],"wp:featuredmedia":[{"embeddable":true,"href":"https:\/\/9staedte.de\/sv\/wp-json\/wp\/v2\/media\/14160"}],"wp:attachment":[{"href":"https:\/\/9staedte.de\/sv\/wp-json\/wp\/v2\/media?parent=14155"}],"wp:term":[{"taxonomy":"category","embeddable":true,"href":"https:\/\/9staedte.de\/sv\/wp-json\/wp\/v2\/categories?post=14155"},{"taxonomy":"post_tag","embeddable":true,"href":"https:\/\/9staedte.de\/sv\/wp-json\/wp\/v2\/tags?post=14155"},{"taxonomy":"ncap_cities_tax","embeddable":true,"href":"https:\/\/9staedte.de\/sv\/wp-json\/wp\/v2\/ncap_cities_tax?post=14155"}],"curies":[{"name":"wp","href":"https:\/\/api.w.org\/{rel}","templated":true}]}}