{"id":14154,"date":"2023-10-25T16:23:10","date_gmt":"2023-10-25T14:23:10","guid":{"rendered":"https:\/\/9staedte.de\/guidade-turer-i-goslar\/"},"modified":"2024-05-08T11:09:56","modified_gmt":"2024-05-08T09:09:56","slug":"guidade-turer-i-goslar","status":"publish","type":"page","link":"https:\/\/9staedte.de\/sv\/goslar-vaerldsarv-i-harzbergen\/guidade-turer-i-goslar\/","title":{"rendered":"Guidade turer i Goslar"},"content":{"rendered":"\r\n\r\n    <div class=\"filter-posts\">\r\n            <div  id=\"filterContent\">\r\n                                                        \n<div class=\"contentKachel filtr-item\" data-category=\"goslar-sv\">\n    <a href=\"https:\/\/9staedte.de\/sv\/guidad-tur-runt-goslars-hoejdpunkter\/\">\n        <div class=\"contentKachel-inner\">\n                            <div class=\"contentKachel-thumbnail\">\n                    <img loading=\"lazy\" decoding=\"async\" width=\"300\" height=\"162\" src=\"https:\/\/9staedte.de\/wp-content\/smush-webp\/2022\/06\/Kaiserpfalz_Gruppen_GOSLAR_marketing_gmbh_Fotograf_Stefan_Schiefer-300x162.jpg.webp\" class=\"objectfitcover withfilters wp-post-image\" alt=\"En stor gammal byggnad med m\u00e5nga b\u00e5gar och f\u00f6nster st\u00e5r p\u00e5 en gr\u00e4smatta. Framf\u00f6r byggnaden finns tv\u00e5 ryttarstatyer. Till v\u00e4nster st\u00e5r en h\u00e4st och vagn. Byggnaden \u00e4r kejsarpalatset i Goslar.\" srcset=\"https:\/\/9staedte.de\/wp-content\/smush-webp\/2022\/06\/Kaiserpfalz_Gruppen_GOSLAR_marketing_gmbh_Fotograf_Stefan_Schiefer-300x162.jpg.webp 300w, https:\/\/9staedte.de\/wp-content\/smush-webp\/2022\/06\/Kaiserpfalz_Gruppen_GOSLAR_marketing_gmbh_Fotograf_Stefan_Schiefer-768x414.jpg.webp 768w, https:\/\/9staedte.de\/wp-content\/smush-webp\/2022\/06\/Kaiserpfalz_Gruppen_GOSLAR_marketing_gmbh_Fotograf_Stefan_Schiefer.jpg.webp 1020w\" sizes=\"auto, (max-width: 300px) 100vw, 300px\" \/>                    <img loading=\"lazy\" decoding=\"async\" width=\"300\" height=\"162\" src=\"https:\/\/9staedte.de\/wp-content\/smush-webp\/2022\/06\/Kaiserpfalz_Gruppen_GOSLAR_marketing_gmbh_Fotograf_Stefan_Schiefer-300x162.jpg.webp\" class=\"objectfitcontain wp-post-image\" alt=\"En stor gammal byggnad med m\u00e5nga b\u00e5gar och f\u00f6nster st\u00e5r p\u00e5 en gr\u00e4smatta. Framf\u00f6r byggnaden finns tv\u00e5 ryttarstatyer. Till v\u00e4nster st\u00e5r en h\u00e4st och vagn. Byggnaden \u00e4r kejsarpalatset i Goslar.\" srcset=\"https:\/\/9staedte.de\/wp-content\/smush-webp\/2022\/06\/Kaiserpfalz_Gruppen_GOSLAR_marketing_gmbh_Fotograf_Stefan_Schiefer-300x162.jpg.webp 300w, https:\/\/9staedte.de\/wp-content\/smush-webp\/2022\/06\/Kaiserpfalz_Gruppen_GOSLAR_marketing_gmbh_Fotograf_Stefan_Schiefer-768x414.jpg.webp 768w, https:\/\/9staedte.de\/wp-content\/smush-webp\/2022\/06\/Kaiserpfalz_Gruppen_GOSLAR_marketing_gmbh_Fotograf_Stefan_Schiefer.jpg.webp 1020w\" sizes=\"auto, (max-width: 300px) 100vw, 300px\" \/>                        <div class=\"thumbnail-label\">\n    <span>Kaiserpfalz_GOSLAR Fotograf_Stefan_Schiefer<\/span>\n    <\/div>\n                <\/div>\n                        <div class=\"contentKachel-content\">\n                                    <div class=\"city-tag bg-goslar\">\n                        Goslar                    <\/div>\n                \n                <div class=\"title\">\n\n                    Guidad tur runt Goslars h\u00f6jdpunkter                    \n                <\/div>\n\n                            <\/div>\n\n        <\/div>\n    <\/a>\n<\/div>                                                        \n<div class=\"contentKachel filtr-item\" data-category=\"goslar-sv\">\n    <a href=\"https:\/\/9staedte.de\/sv\/familjetradition-i-staden-vid-harzbergen\/\">\n        <div class=\"contentKachel-inner\">\n                            <div class=\"contentKachel-thumbnail\">\n                    <img loading=\"lazy\" decoding=\"async\" width=\"300\" height=\"165\" src=\"https:\/\/9staedte.de\/wp-content\/smush-webp\/2022\/06\/Siemenshaus-in-Goslar-c-Martin-Kirchner-300x165.jpg.webp\" class=\"objectfitcover withfilters wp-post-image\" alt=\"En man st\u00e5r framf\u00f6r ett stort gammalt korsvirkeshus med m\u00f6rkt tr\u00e4. Huset har m\u00e5nga f\u00f6nster och m\u00f6nster i orange och svart. P\u00e5 h\u00f6rnet finns en gatuskylt med namnet \u201cSchreiberstra\u00dfe\u201d.\" srcset=\"https:\/\/9staedte.de\/wp-content\/smush-webp\/2022\/06\/Siemenshaus-in-Goslar-c-Martin-Kirchner-300x165.jpg.webp 300w, https:\/\/9staedte.de\/wp-content\/smush-webp\/2022\/06\/Siemenshaus-in-Goslar-c-Martin-Kirchner-768x421.jpg.webp 768w, https:\/\/9staedte.de\/wp-content\/smush-webp\/2022\/06\/Siemenshaus-in-Goslar-c-Martin-Kirchner.jpg.webp 1019w\" sizes=\"auto, (max-width: 300px) 100vw, 300px\" \/>                    <img loading=\"lazy\" decoding=\"async\" width=\"300\" height=\"165\" src=\"https:\/\/9staedte.de\/wp-content\/smush-webp\/2022\/06\/Siemenshaus-in-Goslar-c-Martin-Kirchner-300x165.jpg.webp\" class=\"objectfitcontain wp-post-image\" alt=\"En man st\u00e5r framf\u00f6r ett stort gammalt korsvirkeshus med m\u00f6rkt tr\u00e4. Huset har m\u00e5nga f\u00f6nster och m\u00f6nster i orange och svart. P\u00e5 h\u00f6rnet finns en gatuskylt med namnet \u201cSchreiberstra\u00dfe\u201d.\" srcset=\"https:\/\/9staedte.de\/wp-content\/smush-webp\/2022\/06\/Siemenshaus-in-Goslar-c-Martin-Kirchner-300x165.jpg.webp 300w, https:\/\/9staedte.de\/wp-content\/smush-webp\/2022\/06\/Siemenshaus-in-Goslar-c-Martin-Kirchner-768x421.jpg.webp 768w, https:\/\/9staedte.de\/wp-content\/smush-webp\/2022\/06\/Siemenshaus-in-Goslar-c-Martin-Kirchner.jpg.webp 1019w\" sizes=\"auto, (max-width: 300px) 100vw, 300px\" \/>                        <div class=\"thumbnail-label\">\n    <span>Goslar, Stammhaus der Familie Siemens c) Martin Kirchner<\/span>\n    <\/div>\n                <\/div>\n                        <div class=\"contentKachel-content\">\n                                    <div class=\"city-tag bg-goslar\">\n                        Goslar                    <\/div>\n                \n                <div class=\"title\">\n\n                    Familjetradition i staden vid Harzbergen                    \n                <\/div>\n\n                            <\/div>\n\n        <\/div>\n    <\/a>\n<\/div>                                                        \n<div class=\"contentKachel filtr-item\" data-category=\"goslar-sv\">\n    <a href=\"https:\/\/9staedte.de\/sv\/goslars-kulturarv\/\">\n        <div class=\"contentKachel-inner\">\n                            <div class=\"contentKachel-thumbnail\">\n                    <img loading=\"lazy\" decoding=\"async\" width=\"300\" height=\"164\" src=\"https:\/\/9staedte.de\/wp-content\/smush-webp\/2022\/06\/Kaiserringhaus-Adler-Fotograf-Stefan-Schiefer-Quelle-GOSLAR-marketing-gmbh-300x164.jpg.webp\" class=\"objectfitcover withfilters wp-post-image\" alt=\"P\u00e5 bilden ser man en font\u00e4n. \u00d6verst st\u00e5r en gyllene \u00f6rn med \u00f6ppna vingar. Vatten rinner fr\u00e5n font\u00e4nen. Bakom font\u00e4nen finns ett gammalt hus med m\u00f6rkt tak. P\u00e5 huset finns en klocka. Vid klockan st\u00e5r sm\u00e5 figurer. Det \u00e4r soligt.\" srcset=\"https:\/\/9staedte.de\/wp-content\/smush-webp\/2022\/06\/Kaiserringhaus-Adler-Fotograf-Stefan-Schiefer-Quelle-GOSLAR-marketing-gmbh-300x164.jpg.webp 300w, https:\/\/9staedte.de\/wp-content\/smush-webp\/2022\/06\/Kaiserringhaus-Adler-Fotograf-Stefan-Schiefer-Quelle-GOSLAR-marketing-gmbh-768x420.jpg.webp 768w, https:\/\/9staedte.de\/wp-content\/smush-webp\/2022\/06\/Kaiserringhaus-Adler-Fotograf-Stefan-Schiefer-Quelle-GOSLAR-marketing-gmbh.jpg.webp 1020w\" sizes=\"auto, (max-width: 300px) 100vw, 300px\" \/>                    <img loading=\"lazy\" decoding=\"async\" width=\"300\" height=\"164\" src=\"https:\/\/9staedte.de\/wp-content\/smush-webp\/2022\/06\/Kaiserringhaus-Adler-Fotograf-Stefan-Schiefer-Quelle-GOSLAR-marketing-gmbh-300x164.jpg.webp\" class=\"objectfitcontain wp-post-image\" alt=\"P\u00e5 bilden ser man en font\u00e4n. \u00d6verst st\u00e5r en gyllene \u00f6rn med \u00f6ppna vingar. Vatten rinner fr\u00e5n font\u00e4nen. Bakom font\u00e4nen finns ett gammalt hus med m\u00f6rkt tak. P\u00e5 huset finns en klocka. Vid klockan st\u00e5r sm\u00e5 figurer. Det \u00e4r soligt.\" srcset=\"https:\/\/9staedte.de\/wp-content\/smush-webp\/2022\/06\/Kaiserringhaus-Adler-Fotograf-Stefan-Schiefer-Quelle-GOSLAR-marketing-gmbh-300x164.jpg.webp 300w, https:\/\/9staedte.de\/wp-content\/smush-webp\/2022\/06\/Kaiserringhaus-Adler-Fotograf-Stefan-Schiefer-Quelle-GOSLAR-marketing-gmbh-768x420.jpg.webp 768w, https:\/\/9staedte.de\/wp-content\/smush-webp\/2022\/06\/Kaiserringhaus-Adler-Fotograf-Stefan-Schiefer-Quelle-GOSLAR-marketing-gmbh.jpg.webp 1020w\" sizes=\"auto, (max-width: 300px) 100vw, 300px\" \/>                        <div class=\"thumbnail-label\">\n    <span>Kaiserringhaus &#038; Adler Fotograf Stefan Schiefer Quelle GOSLAR marketing gmbh<\/span>\n    <\/div>\n                <\/div>\n                        <div class=\"contentKachel-content\">\n                                    <div class=\"city-tag bg-goslar\">\n                        Goslar                    <\/div>\n                \n                <div class=\"title\">\n\n                    Goslars kulturarv                    \n                <\/div>\n\n                            <\/div>\n\n        <\/div>\n    <\/a>\n<\/div>                                            <\/div>\r\n    <\/div>\r\n","protected":false},"excerpt":{"rendered":"","protected":false},"author":1,"featured_media":14159,"parent":14563,"menu_order":0,"comment_status":"closed","ping_status":"closed","template":"pagetemplates\/template-stadtthema.php","meta":{"_acf_changed":false,"footnotes":""},"categories":[],"tags":[],"ncap_cities_tax":[442,1219],"class_list":["post-14154","page","type-page","status-publish","has-post-thumbnail","hentry","ncap_cities_tax-goslar-sv","ncap_cities_tax-stadtfuhrungen-goslar-sv"],"acf":[],"yoast_head":"<!-- This site is optimized with the Yoast SEO plugin v26.8 - https:\/\/yoast.com\/product\/yoast-seo-wordpress\/ -->\n<title>Guidade turer i Goslar - 9 St\u00e4dte in Niedersachsen<\/title>\n<meta name=\"robots\" content=\"index, follow, max-snippet:-1, max-image-preview:large, max-video-preview:-1\" \/>\n<link rel=\"canonical\" href=\"https:\/\/9staedte.de\/sv\/goslar-vaerldsarv-i-harzbergen\/guidade-turer-i-goslar\/\" \/>\n<meta property=\"og:locale\" content=\"sv_SE\" \/>\n<meta property=\"og:type\" content=\"article\" \/>\n<meta property=\"og:title\" content=\"Guidade turer i Goslar - 9 St\u00e4dte in Niedersachsen\" \/>\n<meta property=\"og:url\" content=\"https:\/\/9staedte.de\/sv\/goslar-vaerldsarv-i-harzbergen\/guidade-turer-i-goslar\/\" \/>\n<meta property=\"og:site_name\" content=\"9 St\u00e4dte in Niedersachsen\" \/>\n<meta property=\"article:modified_time\" content=\"2024-05-08T09:09:56+00:00\" \/>\n<meta property=\"og:image\" content=\"https:\/\/9staedte.de\/wp-content\/uploads\/2023\/02\/04-Stadtfuehrung-Altstadt-Fotograf-Stefan-Schiefer-Quelle-GOSLAR-marketing-gmbh.jpg\" \/>\n\t<meta property=\"og:image:width\" content=\"1020\" \/>\n\t<meta property=\"og:image:height\" content=\"560\" \/>\n\t<meta property=\"og:image:type\" content=\"image\/jpeg\" \/>\n<meta name=\"twitter:card\" content=\"summary_large_image\" \/>\n<meta name=\"twitter:label1\" content=\"Ber\u00e4knad l\u00e4stid\" \/>\n\t<meta name=\"twitter:data1\" content=\"1 minut\" \/>\n<script type=\"application\/ld+json\" class=\"yoast-schema-graph\">{\"@context\":\"https:\/\/schema.org\",\"@graph\":[{\"@type\":\"WebPage\",\"@id\":\"https:\/\/9staedte.de\/sv\/goslar-vaerldsarv-i-harzbergen\/guidade-turer-i-goslar\/\",\"url\":\"https:\/\/9staedte.de\/sv\/goslar-vaerldsarv-i-harzbergen\/guidade-turer-i-goslar\/\",\"name\":\"Guidade turer i Goslar - 9 St\u00e4dte in Niedersachsen\",\"isPartOf\":{\"@id\":\"https:\/\/9staedte.de\/sv\/#website\"},\"primaryImageOfPage\":{\"@id\":\"https:\/\/9staedte.de\/sv\/goslar-vaerldsarv-i-harzbergen\/guidade-turer-i-goslar\/#primaryimage\"},\"image\":{\"@id\":\"https:\/\/9staedte.de\/sv\/goslar-vaerldsarv-i-harzbergen\/guidade-turer-i-goslar\/#primaryimage\"},\"thumbnailUrl\":\"https:\/\/9staedte.de\/wp-content\/uploads\/2023\/02\/04-Stadtfuehrung-Altstadt-Fotograf-Stefan-Schiefer-Quelle-GOSLAR-marketing-gmbh.jpg\",\"datePublished\":\"2023-10-25T14:23:10+00:00\",\"dateModified\":\"2024-05-08T09:09:56+00:00\",\"breadcrumb\":{\"@id\":\"https:\/\/9staedte.de\/sv\/goslar-vaerldsarv-i-harzbergen\/guidade-turer-i-goslar\/#breadcrumb\"},\"inLanguage\":\"sv-SE\",\"potentialAction\":[{\"@type\":\"ReadAction\",\"target\":[\"https:\/\/9staedte.de\/sv\/goslar-vaerldsarv-i-harzbergen\/guidade-turer-i-goslar\/\"]}]},{\"@type\":\"ImageObject\",\"inLanguage\":\"sv-SE\",\"@id\":\"https:\/\/9staedte.de\/sv\/goslar-vaerldsarv-i-harzbergen\/guidade-turer-i-goslar\/#primaryimage\",\"url\":\"https:\/\/9staedte.de\/wp-content\/uploads\/2023\/02\/04-Stadtfuehrung-Altstadt-Fotograf-Stefan-Schiefer-Quelle-GOSLAR-marketing-gmbh.jpg\",\"contentUrl\":\"https:\/\/9staedte.de\/wp-content\/uploads\/2023\/02\/04-Stadtfuehrung-Altstadt-Fotograf-Stefan-Schiefer-Quelle-GOSLAR-marketing-gmbh.jpg\",\"width\":1020,\"height\":560,\"caption\":\"Stadtf\u00fchrung Altstadt Goslar Fotograf Stefan Schiefer Quelle GOSLAR marketing gmbh\"},{\"@type\":\"BreadcrumbList\",\"@id\":\"https:\/\/9staedte.de\/sv\/goslar-vaerldsarv-i-harzbergen\/guidade-turer-i-goslar\/#breadcrumb\",\"itemListElement\":[{\"@type\":\"ListItem\",\"position\":1,\"name\":\"Startseite\",\"item\":\"https:\/\/9staedte.de\/sv\/\"},{\"@type\":\"ListItem\",\"position\":2,\"name\":\"Goslar &#8211; v\u00e4rldsarv i Harzbergen\",\"item\":\"https:\/\/9staedte.de\/sv\/goslar-vaerldsarv-i-harzbergen\/\"},{\"@type\":\"ListItem\",\"position\":3,\"name\":\"Guidade turer i Goslar\"}]},{\"@type\":\"WebSite\",\"@id\":\"https:\/\/9staedte.de\/sv\/#website\",\"url\":\"https:\/\/9staedte.de\/sv\/\",\"name\":\"9 St\u00e4dte in Niedersachsen\",\"description\":\"\",\"publisher\":{\"@id\":\"https:\/\/9staedte.de\/sv\/#organization\"},\"potentialAction\":[{\"@type\":\"SearchAction\",\"target\":{\"@type\":\"EntryPoint\",\"urlTemplate\":\"https:\/\/9staedte.de\/sv\/?s={search_term_string}\"},\"query-input\":{\"@type\":\"PropertyValueSpecification\",\"valueRequired\":true,\"valueName\":\"search_term_string\"}}],\"inLanguage\":\"sv-SE\"},{\"@type\":\"Organization\",\"@id\":\"https:\/\/9staedte.de\/sv\/#organization\",\"name\":\"9 St\u00e4dte in Niedersachsen\",\"url\":\"https:\/\/9staedte.de\/sv\/\",\"logo\":{\"@type\":\"ImageObject\",\"inLanguage\":\"sv-SE\",\"@id\":\"https:\/\/9staedte.de\/sv\/#\/schema\/logo\/image\/\",\"url\":\"https:\/\/9staedte.de\/wp-content\/uploads\/2025\/01\/9-neg-deutsch-2-1.png\",\"contentUrl\":\"https:\/\/9staedte.de\/wp-content\/uploads\/2025\/01\/9-neg-deutsch-2-1.png\",\"width\":190,\"height\":114,\"caption\":\"9 St\u00e4dte in Niedersachsen\"},\"image\":{\"@id\":\"https:\/\/9staedte.de\/sv\/#\/schema\/logo\/image\/\"}}]}<\/script>\n<!-- \/ Yoast SEO plugin. -->","yoast_head_json":{"title":"Guidade turer i Goslar - 9 St\u00e4dte in Niedersachsen","robots":{"index":"index","follow":"follow","max-snippet":"max-snippet:-1","max-image-preview":"max-image-preview:large","max-video-preview":"max-video-preview:-1"},"canonical":"https:\/\/9staedte.de\/sv\/goslar-vaerldsarv-i-harzbergen\/guidade-turer-i-goslar\/","og_locale":"sv_SE","og_type":"article","og_title":"Guidade turer i Goslar - 9 St\u00e4dte in Niedersachsen","og_url":"https:\/\/9staedte.de\/sv\/goslar-vaerldsarv-i-harzbergen\/guidade-turer-i-goslar\/","og_site_name":"9 St\u00e4dte in Niedersachsen","article_modified_time":"2024-05-08T09:09:56+00:00","og_image":[{"width":1020,"height":560,"url":"https:\/\/9staedte.de\/wp-content\/uploads\/2023\/02\/04-Stadtfuehrung-Altstadt-Fotograf-Stefan-Schiefer-Quelle-GOSLAR-marketing-gmbh.jpg","type":"image\/jpeg"}],"twitter_card":"summary_large_image","twitter_misc":{"Ber\u00e4knad l\u00e4stid":"1 minut"},"schema":{"@context":"https:\/\/schema.org","@graph":[{"@type":"WebPage","@id":"https:\/\/9staedte.de\/sv\/goslar-vaerldsarv-i-harzbergen\/guidade-turer-i-goslar\/","url":"https:\/\/9staedte.de\/sv\/goslar-vaerldsarv-i-harzbergen\/guidade-turer-i-goslar\/","name":"Guidade turer i Goslar - 9 St\u00e4dte in Niedersachsen","isPartOf":{"@id":"https:\/\/9staedte.de\/sv\/#website"},"primaryImageOfPage":{"@id":"https:\/\/9staedte.de\/sv\/goslar-vaerldsarv-i-harzbergen\/guidade-turer-i-goslar\/#primaryimage"},"image":{"@id":"https:\/\/9staedte.de\/sv\/goslar-vaerldsarv-i-harzbergen\/guidade-turer-i-goslar\/#primaryimage"},"thumbnailUrl":"https:\/\/9staedte.de\/wp-content\/uploads\/2023\/02\/04-Stadtfuehrung-Altstadt-Fotograf-Stefan-Schiefer-Quelle-GOSLAR-marketing-gmbh.jpg","datePublished":"2023-10-25T14:23:10+00:00","dateModified":"2024-05-08T09:09:56+00:00","breadcrumb":{"@id":"https:\/\/9staedte.de\/sv\/goslar-vaerldsarv-i-harzbergen\/guidade-turer-i-goslar\/#breadcrumb"},"inLanguage":"sv-SE","potentialAction":[{"@type":"ReadAction","target":["https:\/\/9staedte.de\/sv\/goslar-vaerldsarv-i-harzbergen\/guidade-turer-i-goslar\/"]}]},{"@type":"ImageObject","inLanguage":"sv-SE","@id":"https:\/\/9staedte.de\/sv\/goslar-vaerldsarv-i-harzbergen\/guidade-turer-i-goslar\/#primaryimage","url":"https:\/\/9staedte.de\/wp-content\/uploads\/2023\/02\/04-Stadtfuehrung-Altstadt-Fotograf-Stefan-Schiefer-Quelle-GOSLAR-marketing-gmbh.jpg","contentUrl":"https:\/\/9staedte.de\/wp-content\/uploads\/2023\/02\/04-Stadtfuehrung-Altstadt-Fotograf-Stefan-Schiefer-Quelle-GOSLAR-marketing-gmbh.jpg","width":1020,"height":560,"caption":"Stadtf\u00fchrung Altstadt Goslar Fotograf Stefan Schiefer Quelle GOSLAR marketing gmbh"},{"@type":"BreadcrumbList","@id":"https:\/\/9staedte.de\/sv\/goslar-vaerldsarv-i-harzbergen\/guidade-turer-i-goslar\/#breadcrumb","itemListElement":[{"@type":"ListItem","position":1,"name":"Startseite","item":"https:\/\/9staedte.de\/sv\/"},{"@type":"ListItem","position":2,"name":"Goslar &#8211; v\u00e4rldsarv i Harzbergen","item":"https:\/\/9staedte.de\/sv\/goslar-vaerldsarv-i-harzbergen\/"},{"@type":"ListItem","position":3,"name":"Guidade turer i Goslar"}]},{"@type":"WebSite","@id":"https:\/\/9staedte.de\/sv\/#website","url":"https:\/\/9staedte.de\/sv\/","name":"9 St\u00e4dte in Niedersachsen","description":"","publisher":{"@id":"https:\/\/9staedte.de\/sv\/#organization"},"potentialAction":[{"@type":"SearchAction","target":{"@type":"EntryPoint","urlTemplate":"https:\/\/9staedte.de\/sv\/?s={search_term_string}"},"query-input":{"@type":"PropertyValueSpecification","valueRequired":true,"valueName":"search_term_string"}}],"inLanguage":"sv-SE"},{"@type":"Organization","@id":"https:\/\/9staedte.de\/sv\/#organization","name":"9 St\u00e4dte in Niedersachsen","url":"https:\/\/9staedte.de\/sv\/","logo":{"@type":"ImageObject","inLanguage":"sv-SE","@id":"https:\/\/9staedte.de\/sv\/#\/schema\/logo\/image\/","url":"https:\/\/9staedte.de\/wp-content\/uploads\/2025\/01\/9-neg-deutsch-2-1.png","contentUrl":"https:\/\/9staedte.de\/wp-content\/uploads\/2025\/01\/9-neg-deutsch-2-1.png","width":190,"height":114,"caption":"9 St\u00e4dte in Niedersachsen"},"image":{"@id":"https:\/\/9staedte.de\/sv\/#\/schema\/logo\/image\/"}}]}},"_links":{"self":[{"href":"https:\/\/9staedte.de\/sv\/wp-json\/wp\/v2\/pages\/14154","targetHints":{"allow":["GET"]}}],"collection":[{"href":"https:\/\/9staedte.de\/sv\/wp-json\/wp\/v2\/pages"}],"about":[{"href":"https:\/\/9staedte.de\/sv\/wp-json\/wp\/v2\/types\/page"}],"author":[{"embeddable":true,"href":"https:\/\/9staedte.de\/sv\/wp-json\/wp\/v2\/users\/1"}],"replies":[{"embeddable":true,"href":"https:\/\/9staedte.de\/sv\/wp-json\/wp\/v2\/comments?post=14154"}],"version-history":[{"count":2,"href":"https:\/\/9staedte.de\/sv\/wp-json\/wp\/v2\/pages\/14154\/revisions"}],"predecessor-version":[{"id":22235,"href":"https:\/\/9staedte.de\/sv\/wp-json\/wp\/v2\/pages\/14154\/revisions\/22235"}],"up":[{"embeddable":true,"href":"https:\/\/9staedte.de\/sv\/wp-json\/wp\/v2\/pages\/14563"}],"wp:featuredmedia":[{"embeddable":true,"href":"https:\/\/9staedte.de\/sv\/wp-json\/wp\/v2\/media\/14159"}],"wp:attachment":[{"href":"https:\/\/9staedte.de\/sv\/wp-json\/wp\/v2\/media?parent=14154"}],"wp:term":[{"taxonomy":"category","embeddable":true,"href":"https:\/\/9staedte.de\/sv\/wp-json\/wp\/v2\/categories?post=14154"},{"taxonomy":"post_tag","embeddable":true,"href":"https:\/\/9staedte.de\/sv\/wp-json\/wp\/v2\/tags?post=14154"},{"taxonomy":"ncap_cities_tax","embeddable":true,"href":"https:\/\/9staedte.de\/sv\/wp-json\/wp\/v2\/ncap_cities_tax?post=14154"}],"curies":[{"name":"wp","href":"https:\/\/api.w.org\/{rel}","templated":true}]}}