{"id":14152,"date":"2023-10-25T16:23:55","date_gmt":"2023-10-25T14:23:55","guid":{"rendered":"https:\/\/9staedte.de\/hanover-upptaeck-haallbart\/"},"modified":"2024-03-21T14:42:22","modified_gmt":"2024-03-21T13:42:22","slug":"hanover-upptaeck-haallbart","status":"publish","type":"page","link":"https:\/\/9staedte.de\/sv\/hannover-huvudstad-i-niedersachsen\/hanover-upptaeck-haallbart\/","title":{"rendered":"Hanover &#8211; uppt\u00e4ck h\u00e5llbart"},"content":{"rendered":"\n<h2 class=\"wp-block-heading\">Hannover: Gr\u00f6nt och beboeligt<\/h2>\n\n\n\n<p>\u00c5r 2018 uts\u00e5gs Hannover till Tysklands mest h\u00e5llbara storstad och fick det tyska h\u00e5llbarhetspriset. Livskvaliteten i staden \u00e4r motsvarande h\u00f6g. Gr\u00f6nska utan slut hittar du i Eilenriede, den st\u00f6rsta stadsskogen i Europa, Herrenhausens tr\u00e4dg\u00e5rdar och runt floderna Leine och Ihme, Mittellandkanalen eller Maschsee. M\u00e5nga cykelv\u00e4gar och ett v\u00e4lutvecklat lokalt transportn\u00e4t g\u00f6r det enkelt att ta sig runt p\u00e5 ett h\u00e5llbart s\u00e4tt i Hannover. Hannover erbjuder fantastiska m\u00f6jligheter till cykelturer i staden och naturligtvis i regionen. Med kanotturer kan du uppt\u00e4cka staden fr\u00e5n vattnet. S\u00e4rskilt i stadsdelarna finns det m\u00e5nga sm\u00e5 butiker och restauranger med regionala, h\u00e5llbara och r\u00e4ttvisa erbjudanden.<\/p>\n\n\n\n<p>Hannover \u00e4r en viktig transportknutpunkt i Europa. Med snabba ICE-f\u00f6rbindelser i alla riktningar \u00e4r t\u00e5gresor ett av de mest bekv\u00e4ma och naturligtvis h\u00e5llbara alternativen.<\/p>\n\n\n\n\n<div class=\"banner-wrapper\">\n  <div class=\"banner-inner \">\n      <div class=\"img-container\">\n      <div class=\"img-wrapper\">\n        <img decoding=\"async\" src=\"https:\/\/9staedte.de\/wp-content\/smush-webp\/2022\/06\/Hannover-Neues-Leineufer-c-HMTG-Christian-Wyrwa1.jpg.webp\" alt=\"Bilden visar Leineflodens strand i Hannover. Till v\u00e4nster finns en stor restaurang med bord ute. Folk sitter och \u00e4ter och dricker. Till h\u00f6ger ser man floden Leine. Tv\u00e5 b\u00e5tar med ungdomar paddlar. Solen skiner och det \u00e4r varmt. Det \u00e4r en fin sommardag. St\u00e4mningen \u00e4r lugn och glad.\" \/>\n                  <div class=\"thumbnail-label\">\n            <span>Hannover, DEU, 21.08.2019 Hohes Ufer\r\n\r\n\r\n. [ Fotos: Christian Wyrwa, Diplom-Foto-Designer (FH),  Burgwedeler Str. 91D , 30916 Isernhagen (bei Hannover), Germany, E-Mail: info@wyrwa-foto.de,  Tel: +49-511-3945254, Fax:+49-511-1233545, Mobil: +49-171-8340094, Dieses Lichtbildwerk ist gesetzlich geschuetzt. CC0 Nachdruck, honorarfrei gegen Autorennennung.: &#8221;Foto: Christian Wyrwa&#8221; , kein Modelrelease vorhanden, no modelrelease]<\/span>\n          <\/div>\n              <\/div>\n    <\/div>\n        <div class=\"text-container\">\n      <div class=\"content\">\n        <h2>Uppt\u00e4ck Hannover p\u00e5 ett h\u00e5llbart s\u00e4tt: 9 tips<\/h2>\n<p>&#8211; Det finns cirka 1 000 kilometer cykelv\u00e4gar i Hannover och regionen<\/p>\n<p>&#8211; HannoverCard: uppt\u00e4ck m\u00e5nga sev\u00e4rdheter i Hannover och regionen p\u00e5 ett h\u00e5llbart s\u00e4tt med kollektivtrafiken.<\/p>\n<p>&#8211; Veckomarknader med regionala, s\u00e4songsbetonade och ekologiska produkter i m\u00e5nga stadsdelar<\/p>\n<p>&#8211; Hannoccino: Hannovers \u00e5teranv\u00e4ndbara mugg f\u00f6r drycker p\u00e5 spr\u00e5ng.<\/p>\n<p>&#8211; Kaf\u00e9er, restauranger och butiker med h\u00e5llbart och ekologiskt utbud i den trendiga stadsdelen Linden<\/p>\n<p>&#8211; Upcycling-b\u00f6rsen vid Glocksee<\/p>\n<p>&#8211; Mobil p\u00e5 vattnet: ro, paddla eller trampa b\u00e5t p\u00e5 Maschsee, kanotturer p\u00e5 Ihme och Leine.<\/p>\n<p>&#8211; Boka bekv\u00e4mt sam\u00e5kningstj\u00e4nsten fr\u00e5n VW-dotterbolaget Moja via app.<\/p>\n<p>&#8211; Broschyren <a href=\"https:\/\/www.visit-hannover.com\/Media\/01-DATA-Neu\/Downloads\/HMTG\/Imagebrosch%C3%BCren\/Hannover-Living-nachhaltig-unterwegs\">&#8221;Hannover inside &#8211; h\u00e5llbart resande&#8221;<\/a> med m\u00e5nga fler tips.<\/p>\n      <\/div>\n    <\/div>\n    <\/div>\n<\/div>\n\n","protected":false},"excerpt":{"rendered":"<p>Hannover: Gr\u00f6nt och beboeligt \u00c5r 2018 uts\u00e5gs Hannover till Tysklands mest h\u00e5llbara storstad och fick det tyska h\u00e5llbarhetspriset. Livskvaliteten i staden \u00e4r motsvarande h\u00f6g. Gr\u00f6nska utan slut hittar du i Eilenriede, den st\u00f6rsta stadsskogen i Europa, Herrenhausens tr\u00e4dg\u00e5rdar och runt floderna Leine och Ihme, Mittellandkanalen eller Maschsee. M\u00e5nga cykelv\u00e4gar och ett v\u00e4lutvecklat lokalt transportn\u00e4t g\u00f6r [&hellip;]<\/p>\n","protected":false},"author":1,"featured_media":14157,"parent":14577,"menu_order":0,"comment_status":"closed","ping_status":"closed","template":"pagetemplates\/template-stadtthema.php","meta":{"_acf_changed":false,"footnotes":""},"categories":[],"tags":[],"ncap_cities_tax":[456,1037],"class_list":["post-14152","page","type-page","status-publish","has-post-thumbnail","hentry","ncap_cities_tax-hannover-sv","ncap_cities_tax-naturerlebnisse-und-nachhaltigkeit-hannover-sv"],"acf":[],"yoast_head":"<!-- This site is optimized with the Yoast SEO plugin v26.8 - https:\/\/yoast.com\/product\/yoast-seo-wordpress\/ -->\n<title>Hanover - uppt\u00e4ck h\u00e5llbart - 9 St\u00e4dte in Niedersachsen<\/title>\n<meta name=\"robots\" content=\"index, follow, max-snippet:-1, max-image-preview:large, max-video-preview:-1\" \/>\n<link rel=\"canonical\" href=\"https:\/\/9staedte.de\/sv\/hannover-huvudstad-i-niedersachsen\/hanover-upptaeck-haallbart\/\" \/>\n<meta property=\"og:locale\" content=\"sv_SE\" \/>\n<meta property=\"og:type\" content=\"article\" \/>\n<meta property=\"og:title\" content=\"Hanover - uppt\u00e4ck h\u00e5llbart - 9 St\u00e4dte in Niedersachsen\" \/>\n<meta property=\"og:description\" content=\"Hannover: Gr\u00f6nt och beboeligt \u00c5r 2018 uts\u00e5gs Hannover till Tysklands mest h\u00e5llbara storstad och fick det tyska h\u00e5llbarhetspriset. Livskvaliteten i staden \u00e4r motsvarande h\u00f6g. Gr\u00f6nska utan slut hittar du i Eilenriede, den st\u00f6rsta stadsskogen i Europa, Herrenhausens tr\u00e4dg\u00e5rdar och runt floderna Leine och Ihme, Mittellandkanalen eller Maschsee. M\u00e5nga cykelv\u00e4gar och ett v\u00e4lutvecklat lokalt transportn\u00e4t g\u00f6r [&hellip;]\" \/>\n<meta property=\"og:url\" content=\"https:\/\/9staedte.de\/sv\/hannover-huvudstad-i-niedersachsen\/hanover-upptaeck-haallbart\/\" \/>\n<meta property=\"og:site_name\" content=\"9 St\u00e4dte in Niedersachsen\" \/>\n<meta property=\"article:modified_time\" content=\"2024-03-21T13:42:22+00:00\" \/>\n<meta property=\"og:image\" content=\"https:\/\/9staedte.de\/wp-content\/uploads\/2023\/03\/Green-Hannover-c-HMTG-Sebastian-Grote.jpg\" \/>\n\t<meta property=\"og:image:width\" content=\"1020\" \/>\n\t<meta property=\"og:image:height\" content=\"560\" \/>\n\t<meta property=\"og:image:type\" content=\"image\/jpeg\" \/>\n<meta name=\"twitter:card\" content=\"summary_large_image\" \/>\n<meta name=\"twitter:label1\" content=\"Ber\u00e4knad l\u00e4stid\" \/>\n\t<meta name=\"twitter:data1\" content=\"1 minut\" \/>\n<script type=\"application\/ld+json\" class=\"yoast-schema-graph\">{\"@context\":\"https:\/\/schema.org\",\"@graph\":[{\"@type\":\"WebPage\",\"@id\":\"https:\/\/9staedte.de\/sv\/hannover-huvudstad-i-niedersachsen\/hanover-upptaeck-haallbart\/\",\"url\":\"https:\/\/9staedte.de\/sv\/hannover-huvudstad-i-niedersachsen\/hanover-upptaeck-haallbart\/\",\"name\":\"Hanover - uppt\u00e4ck h\u00e5llbart - 9 St\u00e4dte in Niedersachsen\",\"isPartOf\":{\"@id\":\"https:\/\/9staedte.de\/sv\/#website\"},\"primaryImageOfPage\":{\"@id\":\"https:\/\/9staedte.de\/sv\/hannover-huvudstad-i-niedersachsen\/hanover-upptaeck-haallbart\/#primaryimage\"},\"image\":{\"@id\":\"https:\/\/9staedte.de\/sv\/hannover-huvudstad-i-niedersachsen\/hanover-upptaeck-haallbart\/#primaryimage\"},\"thumbnailUrl\":\"https:\/\/9staedte.de\/wp-content\/uploads\/2023\/03\/Green-Hannover-c-HMTG-Sebastian-Grote.jpg\",\"datePublished\":\"2023-10-25T14:23:55+00:00\",\"dateModified\":\"2024-03-21T13:42:22+00:00\",\"breadcrumb\":{\"@id\":\"https:\/\/9staedte.de\/sv\/hannover-huvudstad-i-niedersachsen\/hanover-upptaeck-haallbart\/#breadcrumb\"},\"inLanguage\":\"sv-SE\",\"potentialAction\":[{\"@type\":\"ReadAction\",\"target\":[\"https:\/\/9staedte.de\/sv\/hannover-huvudstad-i-niedersachsen\/hanover-upptaeck-haallbart\/\"]}]},{\"@type\":\"ImageObject\",\"inLanguage\":\"sv-SE\",\"@id\":\"https:\/\/9staedte.de\/sv\/hannover-huvudstad-i-niedersachsen\/hanover-upptaeck-haallbart\/#primaryimage\",\"url\":\"https:\/\/9staedte.de\/wp-content\/uploads\/2023\/03\/Green-Hannover-c-HMTG-Sebastian-Grote.jpg\",\"contentUrl\":\"https:\/\/9staedte.de\/wp-content\/uploads\/2023\/03\/Green-Hannover-c-HMTG-Sebastian-Grote.jpg\",\"width\":1020,\"height\":560,\"caption\":\"Green Hannover c) HMTG Sebastian Grote\"},{\"@type\":\"BreadcrumbList\",\"@id\":\"https:\/\/9staedte.de\/sv\/hannover-huvudstad-i-niedersachsen\/hanover-upptaeck-haallbart\/#breadcrumb\",\"itemListElement\":[{\"@type\":\"ListItem\",\"position\":1,\"name\":\"Startseite\",\"item\":\"https:\/\/9staedte.de\/sv\/\"},{\"@type\":\"ListItem\",\"position\":2,\"name\":\"Hannover &#8211; huvudstad i Niedersachsen\",\"item\":\"https:\/\/9staedte.de\/sv\/hannover-huvudstad-i-niedersachsen\/\"},{\"@type\":\"ListItem\",\"position\":3,\"name\":\"Hanover &#8211; uppt\u00e4ck h\u00e5llbart\"}]},{\"@type\":\"WebSite\",\"@id\":\"https:\/\/9staedte.de\/sv\/#website\",\"url\":\"https:\/\/9staedte.de\/sv\/\",\"name\":\"9 St\u00e4dte in Niedersachsen\",\"description\":\"\",\"publisher\":{\"@id\":\"https:\/\/9staedte.de\/sv\/#organization\"},\"potentialAction\":[{\"@type\":\"SearchAction\",\"target\":{\"@type\":\"EntryPoint\",\"urlTemplate\":\"https:\/\/9staedte.de\/sv\/?s={search_term_string}\"},\"query-input\":{\"@type\":\"PropertyValueSpecification\",\"valueRequired\":true,\"valueName\":\"search_term_string\"}}],\"inLanguage\":\"sv-SE\"},{\"@type\":\"Organization\",\"@id\":\"https:\/\/9staedte.de\/sv\/#organization\",\"name\":\"9 St\u00e4dte in Niedersachsen\",\"url\":\"https:\/\/9staedte.de\/sv\/\",\"logo\":{\"@type\":\"ImageObject\",\"inLanguage\":\"sv-SE\",\"@id\":\"https:\/\/9staedte.de\/sv\/#\/schema\/logo\/image\/\",\"url\":\"https:\/\/9staedte.de\/wp-content\/uploads\/2025\/01\/9-neg-deutsch-2-1.png\",\"contentUrl\":\"https:\/\/9staedte.de\/wp-content\/uploads\/2025\/01\/9-neg-deutsch-2-1.png\",\"width\":190,\"height\":114,\"caption\":\"9 St\u00e4dte in Niedersachsen\"},\"image\":{\"@id\":\"https:\/\/9staedte.de\/sv\/#\/schema\/logo\/image\/\"}}]}<\/script>\n<!-- \/ Yoast SEO plugin. -->","yoast_head_json":{"title":"Hanover - uppt\u00e4ck h\u00e5llbart - 9 St\u00e4dte in Niedersachsen","robots":{"index":"index","follow":"follow","max-snippet":"max-snippet:-1","max-image-preview":"max-image-preview:large","max-video-preview":"max-video-preview:-1"},"canonical":"https:\/\/9staedte.de\/sv\/hannover-huvudstad-i-niedersachsen\/hanover-upptaeck-haallbart\/","og_locale":"sv_SE","og_type":"article","og_title":"Hanover - uppt\u00e4ck h\u00e5llbart - 9 St\u00e4dte in Niedersachsen","og_description":"Hannover: Gr\u00f6nt och beboeligt \u00c5r 2018 uts\u00e5gs Hannover till Tysklands mest h\u00e5llbara storstad och fick det tyska h\u00e5llbarhetspriset. Livskvaliteten i staden \u00e4r motsvarande h\u00f6g. Gr\u00f6nska utan slut hittar du i Eilenriede, den st\u00f6rsta stadsskogen i Europa, Herrenhausens tr\u00e4dg\u00e5rdar och runt floderna Leine och Ihme, Mittellandkanalen eller Maschsee. M\u00e5nga cykelv\u00e4gar och ett v\u00e4lutvecklat lokalt transportn\u00e4t g\u00f6r [&hellip;]","og_url":"https:\/\/9staedte.de\/sv\/hannover-huvudstad-i-niedersachsen\/hanover-upptaeck-haallbart\/","og_site_name":"9 St\u00e4dte in Niedersachsen","article_modified_time":"2024-03-21T13:42:22+00:00","og_image":[{"width":1020,"height":560,"url":"https:\/\/9staedte.de\/wp-content\/uploads\/2023\/03\/Green-Hannover-c-HMTG-Sebastian-Grote.jpg","type":"image\/jpeg"}],"twitter_card":"summary_large_image","twitter_misc":{"Ber\u00e4knad l\u00e4stid":"1 minut"},"schema":{"@context":"https:\/\/schema.org","@graph":[{"@type":"WebPage","@id":"https:\/\/9staedte.de\/sv\/hannover-huvudstad-i-niedersachsen\/hanover-upptaeck-haallbart\/","url":"https:\/\/9staedte.de\/sv\/hannover-huvudstad-i-niedersachsen\/hanover-upptaeck-haallbart\/","name":"Hanover - uppt\u00e4ck h\u00e5llbart - 9 St\u00e4dte in Niedersachsen","isPartOf":{"@id":"https:\/\/9staedte.de\/sv\/#website"},"primaryImageOfPage":{"@id":"https:\/\/9staedte.de\/sv\/hannover-huvudstad-i-niedersachsen\/hanover-upptaeck-haallbart\/#primaryimage"},"image":{"@id":"https:\/\/9staedte.de\/sv\/hannover-huvudstad-i-niedersachsen\/hanover-upptaeck-haallbart\/#primaryimage"},"thumbnailUrl":"https:\/\/9staedte.de\/wp-content\/uploads\/2023\/03\/Green-Hannover-c-HMTG-Sebastian-Grote.jpg","datePublished":"2023-10-25T14:23:55+00:00","dateModified":"2024-03-21T13:42:22+00:00","breadcrumb":{"@id":"https:\/\/9staedte.de\/sv\/hannover-huvudstad-i-niedersachsen\/hanover-upptaeck-haallbart\/#breadcrumb"},"inLanguage":"sv-SE","potentialAction":[{"@type":"ReadAction","target":["https:\/\/9staedte.de\/sv\/hannover-huvudstad-i-niedersachsen\/hanover-upptaeck-haallbart\/"]}]},{"@type":"ImageObject","inLanguage":"sv-SE","@id":"https:\/\/9staedte.de\/sv\/hannover-huvudstad-i-niedersachsen\/hanover-upptaeck-haallbart\/#primaryimage","url":"https:\/\/9staedte.de\/wp-content\/uploads\/2023\/03\/Green-Hannover-c-HMTG-Sebastian-Grote.jpg","contentUrl":"https:\/\/9staedte.de\/wp-content\/uploads\/2023\/03\/Green-Hannover-c-HMTG-Sebastian-Grote.jpg","width":1020,"height":560,"caption":"Green Hannover c) HMTG Sebastian Grote"},{"@type":"BreadcrumbList","@id":"https:\/\/9staedte.de\/sv\/hannover-huvudstad-i-niedersachsen\/hanover-upptaeck-haallbart\/#breadcrumb","itemListElement":[{"@type":"ListItem","position":1,"name":"Startseite","item":"https:\/\/9staedte.de\/sv\/"},{"@type":"ListItem","position":2,"name":"Hannover &#8211; huvudstad i Niedersachsen","item":"https:\/\/9staedte.de\/sv\/hannover-huvudstad-i-niedersachsen\/"},{"@type":"ListItem","position":3,"name":"Hanover &#8211; uppt\u00e4ck h\u00e5llbart"}]},{"@type":"WebSite","@id":"https:\/\/9staedte.de\/sv\/#website","url":"https:\/\/9staedte.de\/sv\/","name":"9 St\u00e4dte in Niedersachsen","description":"","publisher":{"@id":"https:\/\/9staedte.de\/sv\/#organization"},"potentialAction":[{"@type":"SearchAction","target":{"@type":"EntryPoint","urlTemplate":"https:\/\/9staedte.de\/sv\/?s={search_term_string}"},"query-input":{"@type":"PropertyValueSpecification","valueRequired":true,"valueName":"search_term_string"}}],"inLanguage":"sv-SE"},{"@type":"Organization","@id":"https:\/\/9staedte.de\/sv\/#organization","name":"9 St\u00e4dte in Niedersachsen","url":"https:\/\/9staedte.de\/sv\/","logo":{"@type":"ImageObject","inLanguage":"sv-SE","@id":"https:\/\/9staedte.de\/sv\/#\/schema\/logo\/image\/","url":"https:\/\/9staedte.de\/wp-content\/uploads\/2025\/01\/9-neg-deutsch-2-1.png","contentUrl":"https:\/\/9staedte.de\/wp-content\/uploads\/2025\/01\/9-neg-deutsch-2-1.png","width":190,"height":114,"caption":"9 St\u00e4dte in Niedersachsen"},"image":{"@id":"https:\/\/9staedte.de\/sv\/#\/schema\/logo\/image\/"}}]}},"_links":{"self":[{"href":"https:\/\/9staedte.de\/sv\/wp-json\/wp\/v2\/pages\/14152","targetHints":{"allow":["GET"]}}],"collection":[{"href":"https:\/\/9staedte.de\/sv\/wp-json\/wp\/v2\/pages"}],"about":[{"href":"https:\/\/9staedte.de\/sv\/wp-json\/wp\/v2\/types\/page"}],"author":[{"embeddable":true,"href":"https:\/\/9staedte.de\/sv\/wp-json\/wp\/v2\/users\/1"}],"replies":[{"embeddable":true,"href":"https:\/\/9staedte.de\/sv\/wp-json\/wp\/v2\/comments?post=14152"}],"version-history":[{"count":4,"href":"https:\/\/9staedte.de\/sv\/wp-json\/wp\/v2\/pages\/14152\/revisions"}],"predecessor-version":[{"id":21488,"href":"https:\/\/9staedte.de\/sv\/wp-json\/wp\/v2\/pages\/14152\/revisions\/21488"}],"up":[{"embeddable":true,"href":"https:\/\/9staedte.de\/sv\/wp-json\/wp\/v2\/pages\/14577"}],"wp:featuredmedia":[{"embeddable":true,"href":"https:\/\/9staedte.de\/sv\/wp-json\/wp\/v2\/media\/14157"}],"wp:attachment":[{"href":"https:\/\/9staedte.de\/sv\/wp-json\/wp\/v2\/media?parent=14152"}],"wp:term":[{"taxonomy":"category","embeddable":true,"href":"https:\/\/9staedte.de\/sv\/wp-json\/wp\/v2\/categories?post=14152"},{"taxonomy":"post_tag","embeddable":true,"href":"https:\/\/9staedte.de\/sv\/wp-json\/wp\/v2\/tags?post=14152"},{"taxonomy":"ncap_cities_tax","embeddable":true,"href":"https:\/\/9staedte.de\/sv\/wp-json\/wp\/v2\/ncap_cities_tax?post=14152"}],"curies":[{"name":"wp","href":"https:\/\/api.w.org\/{rel}","templated":true}]}}