{"id":14142,"date":"2023-10-25T16:24:18","date_gmt":"2023-10-25T14:24:18","guid":{"rendered":"https:\/\/9staedte.de\/konferenser-och-kongresser-i-hildesheim\/"},"modified":"2023-10-25T17:57:07","modified_gmt":"2023-10-25T15:57:07","slug":"konferenser-och-kongresser-i-hildesheim","status":"publish","type":"page","link":"https:\/\/9staedte.de\/sv\/hildesheim-stad-paa-unescos-vaerldsarvslista\/konferenser-och-kongresser-i-hildesheim\/","title":{"rendered":"Konferenser och kongresser i Hildesheim"},"content":{"rendered":"\n<h2 class=\"wp-block-heading\">Ditt n\u00e4sta evenemang i Hildesheim<\/h2>\n\n\n\n<p>Konferenshotellen och konferenslokalerna i Hildesheim \u00e4r lika varierande som staden sj\u00e4lv: konferenser p\u00e5 eleganta hotell, effektiva presentationer i moderna eventrum eller p\u00e5 ovanliga platser, konferenser p\u00e5 museet, fackf\u00f6rel\u00e4sningar p\u00e5 UNESCO:s v\u00e4rldsarvslista, medlingsdagar i klostret eller f\u00f6rel\u00e4sningsserier p\u00e5 universitetet &#8211; Hildesheim erbjuder en tilltalande milj\u00f6 och professionella servicestrukturer f\u00f6r fackdiskussioner, konferenser och kongresser.<\/p>\n\n\n\n\n<div class=\"banner-wrapper\">\n  <div class=\"banner-inner \">\n      <div class=\"img-container\">\n      <div class=\"img-wrapper\">\n        <img decoding=\"async\" src=\"https:\/\/9staedte.de\/wp-content\/smush-webp\/2023\/07\/Pelizaeus-Pavillon_Aussicht-c-RPM.jpg.webp\" alt=\"P\u00e5 bilden finns ett bord dukat f\u00f6r fest. Det st\u00e5r i ett rum med glasv\u00e4gg. Utanf\u00f6r finns bord och stolar p\u00e5 en terrass. I bakgrunden syns r\u00f6da tak och ett gammalt slott. Utsikten \u00e4r vacker.\" \/>\n                  <div class=\"thumbnail-label\">\n            <span>Pelizeaus Pavillon im Roemer-  und Pelizeaus Museum <\/span>\n          <\/div>\n              <\/div>\n    <\/div>\n        <div class=\"text-container\">\n      <div class=\"content\">\n        <p><strong>Mit diesen 9 Tipps f\u00fcr Tagungen und Kongresse in Hildesheim : <\/strong><\/p>\n<p>\u2013  N\u00e4he zum gr\u00f6\u00dften Messegel\u00e4nde der Welt Hannover\/Laatzen<br \/>\n\u2013 Direkte Autobahnanbindung, ICE-Bahnhof, 30 min. zum Flughafen Hannover<br \/>\n\u2013 Multifunktionale Tagungsr\u00e4ume von 25 m\u00b2 bis knapp 2.000 m\u00b2<br \/>\n\u2013 Au\u00dfergew\u00f6hnliche Locations \u2013 Veranstaltungen im Welterbe und in Museen<br \/>\n\u2013 Knapp 5000  Betten in der Region<br \/>\n\u2013 Kurze Wege bei \u00fcber 100.000 Einwohnern<br \/>\n\u2013 Eine Universit\u00e4t und zwei Hochschulen<br \/>\n\u2013 UNESCO-Welterbe, vielf\u00e4ltige Kultur, historische Bauten und viel Gr\u00fcn<br \/>\n\u2013 Service aus einer Hand<\/p>\n      <\/div>\n    <\/div>\n    <\/div>\n<\/div>\n\n\n\n\n\n<div class=\"banner-wrapper\">\n  <div class=\"banner-inner reverse\">\n      <div class=\"img-container\">\n      <div class=\"img-wrapper\">\n        <img decoding=\"async\" src=\"https:\/\/9staedte.de\/wp-content\/smush-webp\/2023\/07\/Wollenweber_Tagungraum-im-Van-der-Valk-Hotel-Hildesheim.jpg.webp\" alt=\"P\u00e5 bilden finns en kopp kaffe p\u00e5 en bricka. Bredvid st\u00e5r ett glas vatten. Det finns ocks\u00e5 en sked, en kaka och socker p\u00e5 brickan. I bakgrunden st\u00e5r muffins p\u00e5 fat. Tv\u00e5 v\u00e4rmeljus brinner p\u00e5 bordet. Det ser lugnt och mysigt ut.\" \/>\n                  <div class=\"thumbnail-label\">\n            <span>Wollenweber_Tagungraum im Van der Valk Hotel Hildesheim<\/span>\n          <\/div>\n              <\/div>\n    <\/div>\n        <div class=\"text-container\">\n      <div class=\"content\">\n        <p><strong>Angebots- und Serviceleistungen der Hildesheim Marketing GmbH<br \/>\n<\/strong><br \/>\nVon der Basisleistung bis zu Full-Services \u2013 wir unterst\u00fctzen Sie erfolgreiche Tagungen und Kongresse in Hildesheim bei f\u00fcr Sie minimalem Aufwand und geringem Risiko durchzuf\u00fchren. Unser Team steht Ihnen von der ersten Planung an bis hin zur Veranstaltungsdokumentation zur Seite. Bei uns finden Sie umfassende Informationen zu den Tagungsst\u00e4tten sowie zu professionellen Leistungsanbietern. Wir beraten bei der Festlegung Ihrer Tagungsorte, organisieren ausgefallene Rahmenprogramme und verwalten die Hotelkontingente f\u00fcr Ihre Veranstaltung. Bis hin zur kompletten Tagungsabwicklung, speziell auf Ihre Bed\u00fcrfnisse zugeschnitten.<\/p>\n<p><a href=\"https:\/\/www.hildesheim.de\/tagen-in-hildesheim.html\">Weitere Informationen:<\/a><\/p>\n      <\/div>\n    <\/div>\n    <\/div>\n<\/div>\n\n","protected":false},"excerpt":{"rendered":"<p>Ditt n\u00e4sta evenemang i Hildesheim Konferenshotellen och konferenslokalerna i Hildesheim \u00e4r lika varierande som staden sj\u00e4lv: konferenser p\u00e5 eleganta hotell, effektiva presentationer i moderna eventrum eller p\u00e5 ovanliga platser, konferenser p\u00e5 museet, fackf\u00f6rel\u00e4sningar p\u00e5 UNESCO:s v\u00e4rldsarvslista, medlingsdagar i klostret eller f\u00f6rel\u00e4sningsserier p\u00e5 universitetet &#8211; Hildesheim erbjuder en tilltalande milj\u00f6 och professionella servicestrukturer f\u00f6r fackdiskussioner, konferenser [&hellip;]<\/p>\n","protected":false},"author":1,"featured_media":14145,"parent":14541,"menu_order":0,"comment_status":"closed","ping_status":"closed","template":"pagetemplates\/template-stadtthema.php","meta":{"_acf_changed":false,"footnotes":""},"categories":[],"tags":[],"ncap_cities_tax":[463,1170],"class_list":["post-14142","page","type-page","status-publish","has-post-thumbnail","hentry","ncap_cities_tax-hildesheim-sv","ncap_cities_tax-tagungen-und-kongresse-hildesheim-sv"],"acf":[],"yoast_head":"<!-- This site is optimized with the Yoast SEO plugin v26.8 - https:\/\/yoast.com\/product\/yoast-seo-wordpress\/ -->\n<title>Konferenser och kongresser i Hildesheim - 9 St\u00e4dte in Niedersachsen<\/title>\n<meta name=\"robots\" content=\"index, follow, max-snippet:-1, max-image-preview:large, max-video-preview:-1\" \/>\n<link rel=\"canonical\" href=\"https:\/\/9staedte.de\/sv\/hildesheim-stad-paa-unescos-vaerldsarvslista\/konferenser-och-kongresser-i-hildesheim\/\" \/>\n<meta property=\"og:locale\" content=\"sv_SE\" \/>\n<meta property=\"og:type\" content=\"article\" \/>\n<meta property=\"og:title\" content=\"Konferenser och kongresser i Hildesheim - 9 St\u00e4dte in Niedersachsen\" \/>\n<meta property=\"og:description\" content=\"Ditt n\u00e4sta evenemang i Hildesheim Konferenshotellen och konferenslokalerna i Hildesheim \u00e4r lika varierande som staden sj\u00e4lv: konferenser p\u00e5 eleganta hotell, effektiva presentationer i moderna eventrum eller p\u00e5 ovanliga platser, konferenser p\u00e5 museet, fackf\u00f6rel\u00e4sningar p\u00e5 UNESCO:s v\u00e4rldsarvslista, medlingsdagar i klostret eller f\u00f6rel\u00e4sningsserier p\u00e5 universitetet &#8211; Hildesheim erbjuder en tilltalande milj\u00f6 och professionella servicestrukturer f\u00f6r fackdiskussioner, konferenser [&hellip;]\" \/>\n<meta property=\"og:url\" content=\"https:\/\/9staedte.de\/sv\/hildesheim-stad-paa-unescos-vaerldsarvslista\/konferenser-och-kongresser-i-hildesheim\/\" \/>\n<meta property=\"og:site_name\" content=\"9 St\u00e4dte in Niedersachsen\" \/>\n<meta property=\"article:modified_time\" content=\"2023-10-25T15:57:07+00:00\" \/>\n<meta property=\"og:image\" content=\"https:\/\/9staedte.de\/wp-content\/uploads\/2023\/07\/Hildesheimer-Marktplatz_Foto-Max-Wiesenbach-1.jpg\" \/>\n\t<meta property=\"og:image:width\" content=\"1020\" \/>\n\t<meta property=\"og:image:height\" content=\"561\" \/>\n\t<meta property=\"og:image:type\" content=\"image\/jpeg\" \/>\n<meta name=\"twitter:card\" content=\"summary_large_image\" \/>\n<meta name=\"twitter:label1\" content=\"Ber\u00e4knad l\u00e4stid\" \/>\n\t<meta name=\"twitter:data1\" content=\"1 minut\" \/>\n<script type=\"application\/ld+json\" class=\"yoast-schema-graph\">{\"@context\":\"https:\/\/schema.org\",\"@graph\":[{\"@type\":\"WebPage\",\"@id\":\"https:\/\/9staedte.de\/sv\/hildesheim-stad-paa-unescos-vaerldsarvslista\/konferenser-och-kongresser-i-hildesheim\/\",\"url\":\"https:\/\/9staedte.de\/sv\/hildesheim-stad-paa-unescos-vaerldsarvslista\/konferenser-och-kongresser-i-hildesheim\/\",\"name\":\"Konferenser och kongresser i Hildesheim - 9 St\u00e4dte in Niedersachsen\",\"isPartOf\":{\"@id\":\"https:\/\/9staedte.de\/sv\/#website\"},\"primaryImageOfPage\":{\"@id\":\"https:\/\/9staedte.de\/sv\/hildesheim-stad-paa-unescos-vaerldsarvslista\/konferenser-och-kongresser-i-hildesheim\/#primaryimage\"},\"image\":{\"@id\":\"https:\/\/9staedte.de\/sv\/hildesheim-stad-paa-unescos-vaerldsarvslista\/konferenser-och-kongresser-i-hildesheim\/#primaryimage\"},\"thumbnailUrl\":\"https:\/\/9staedte.de\/wp-content\/uploads\/2023\/07\/Hildesheimer-Marktplatz_Foto-Max-Wiesenbach-1.jpg\",\"datePublished\":\"2023-10-25T14:24:18+00:00\",\"dateModified\":\"2023-10-25T15:57:07+00:00\",\"breadcrumb\":{\"@id\":\"https:\/\/9staedte.de\/sv\/hildesheim-stad-paa-unescos-vaerldsarvslista\/konferenser-och-kongresser-i-hildesheim\/#breadcrumb\"},\"inLanguage\":\"sv-SE\",\"potentialAction\":[{\"@type\":\"ReadAction\",\"target\":[\"https:\/\/9staedte.de\/sv\/hildesheim-stad-paa-unescos-vaerldsarvslista\/konferenser-och-kongresser-i-hildesheim\/\"]}]},{\"@type\":\"ImageObject\",\"inLanguage\":\"sv-SE\",\"@id\":\"https:\/\/9staedte.de\/sv\/hildesheim-stad-paa-unescos-vaerldsarvslista\/konferenser-och-kongresser-i-hildesheim\/#primaryimage\",\"url\":\"https:\/\/9staedte.de\/wp-content\/uploads\/2023\/07\/Hildesheimer-Marktplatz_Foto-Max-Wiesenbach-1.jpg\",\"contentUrl\":\"https:\/\/9staedte.de\/wp-content\/uploads\/2023\/07\/Hildesheimer-Marktplatz_Foto-Max-Wiesenbach-1.jpg\",\"width\":1020,\"height\":561,\"caption\":\"Hildesheimer Marktplatz_Foto Max Wiesenbach (1)\"},{\"@type\":\"BreadcrumbList\",\"@id\":\"https:\/\/9staedte.de\/sv\/hildesheim-stad-paa-unescos-vaerldsarvslista\/konferenser-och-kongresser-i-hildesheim\/#breadcrumb\",\"itemListElement\":[{\"@type\":\"ListItem\",\"position\":1,\"name\":\"Startseite\",\"item\":\"https:\/\/9staedte.de\/sv\/\"},{\"@type\":\"ListItem\",\"position\":2,\"name\":\"Hildesheim &#8211; stad p\u00e5 UNESCO:s v\u00e4rldsarvslista\",\"item\":\"https:\/\/9staedte.de\/sv\/hildesheim-stad-paa-unescos-vaerldsarvslista\/\"},{\"@type\":\"ListItem\",\"position\":3,\"name\":\"Konferenser och kongresser i Hildesheim\"}]},{\"@type\":\"WebSite\",\"@id\":\"https:\/\/9staedte.de\/sv\/#website\",\"url\":\"https:\/\/9staedte.de\/sv\/\",\"name\":\"9 St\u00e4dte in Niedersachsen\",\"description\":\"\",\"publisher\":{\"@id\":\"https:\/\/9staedte.de\/sv\/#organization\"},\"potentialAction\":[{\"@type\":\"SearchAction\",\"target\":{\"@type\":\"EntryPoint\",\"urlTemplate\":\"https:\/\/9staedte.de\/sv\/?s={search_term_string}\"},\"query-input\":{\"@type\":\"PropertyValueSpecification\",\"valueRequired\":true,\"valueName\":\"search_term_string\"}}],\"inLanguage\":\"sv-SE\"},{\"@type\":\"Organization\",\"@id\":\"https:\/\/9staedte.de\/sv\/#organization\",\"name\":\"9 St\u00e4dte in Niedersachsen\",\"url\":\"https:\/\/9staedte.de\/sv\/\",\"logo\":{\"@type\":\"ImageObject\",\"inLanguage\":\"sv-SE\",\"@id\":\"https:\/\/9staedte.de\/sv\/#\/schema\/logo\/image\/\",\"url\":\"https:\/\/9staedte.de\/wp-content\/uploads\/2025\/01\/9-neg-deutsch-2-1.png\",\"contentUrl\":\"https:\/\/9staedte.de\/wp-content\/uploads\/2025\/01\/9-neg-deutsch-2-1.png\",\"width\":190,\"height\":114,\"caption\":\"9 St\u00e4dte in Niedersachsen\"},\"image\":{\"@id\":\"https:\/\/9staedte.de\/sv\/#\/schema\/logo\/image\/\"}}]}<\/script>\n<!-- \/ Yoast SEO plugin. -->","yoast_head_json":{"title":"Konferenser och kongresser i Hildesheim - 9 St\u00e4dte in Niedersachsen","robots":{"index":"index","follow":"follow","max-snippet":"max-snippet:-1","max-image-preview":"max-image-preview:large","max-video-preview":"max-video-preview:-1"},"canonical":"https:\/\/9staedte.de\/sv\/hildesheim-stad-paa-unescos-vaerldsarvslista\/konferenser-och-kongresser-i-hildesheim\/","og_locale":"sv_SE","og_type":"article","og_title":"Konferenser och kongresser i Hildesheim - 9 St\u00e4dte in Niedersachsen","og_description":"Ditt n\u00e4sta evenemang i Hildesheim Konferenshotellen och konferenslokalerna i Hildesheim \u00e4r lika varierande som staden sj\u00e4lv: konferenser p\u00e5 eleganta hotell, effektiva presentationer i moderna eventrum eller p\u00e5 ovanliga platser, konferenser p\u00e5 museet, fackf\u00f6rel\u00e4sningar p\u00e5 UNESCO:s v\u00e4rldsarvslista, medlingsdagar i klostret eller f\u00f6rel\u00e4sningsserier p\u00e5 universitetet &#8211; Hildesheim erbjuder en tilltalande milj\u00f6 och professionella servicestrukturer f\u00f6r fackdiskussioner, konferenser [&hellip;]","og_url":"https:\/\/9staedte.de\/sv\/hildesheim-stad-paa-unescos-vaerldsarvslista\/konferenser-och-kongresser-i-hildesheim\/","og_site_name":"9 St\u00e4dte in Niedersachsen","article_modified_time":"2023-10-25T15:57:07+00:00","og_image":[{"width":1020,"height":561,"url":"https:\/\/9staedte.de\/wp-content\/uploads\/2023\/07\/Hildesheimer-Marktplatz_Foto-Max-Wiesenbach-1.jpg","type":"image\/jpeg"}],"twitter_card":"summary_large_image","twitter_misc":{"Ber\u00e4knad l\u00e4stid":"1 minut"},"schema":{"@context":"https:\/\/schema.org","@graph":[{"@type":"WebPage","@id":"https:\/\/9staedte.de\/sv\/hildesheim-stad-paa-unescos-vaerldsarvslista\/konferenser-och-kongresser-i-hildesheim\/","url":"https:\/\/9staedte.de\/sv\/hildesheim-stad-paa-unescos-vaerldsarvslista\/konferenser-och-kongresser-i-hildesheim\/","name":"Konferenser och kongresser i Hildesheim - 9 St\u00e4dte in Niedersachsen","isPartOf":{"@id":"https:\/\/9staedte.de\/sv\/#website"},"primaryImageOfPage":{"@id":"https:\/\/9staedte.de\/sv\/hildesheim-stad-paa-unescos-vaerldsarvslista\/konferenser-och-kongresser-i-hildesheim\/#primaryimage"},"image":{"@id":"https:\/\/9staedte.de\/sv\/hildesheim-stad-paa-unescos-vaerldsarvslista\/konferenser-och-kongresser-i-hildesheim\/#primaryimage"},"thumbnailUrl":"https:\/\/9staedte.de\/wp-content\/uploads\/2023\/07\/Hildesheimer-Marktplatz_Foto-Max-Wiesenbach-1.jpg","datePublished":"2023-10-25T14:24:18+00:00","dateModified":"2023-10-25T15:57:07+00:00","breadcrumb":{"@id":"https:\/\/9staedte.de\/sv\/hildesheim-stad-paa-unescos-vaerldsarvslista\/konferenser-och-kongresser-i-hildesheim\/#breadcrumb"},"inLanguage":"sv-SE","potentialAction":[{"@type":"ReadAction","target":["https:\/\/9staedte.de\/sv\/hildesheim-stad-paa-unescos-vaerldsarvslista\/konferenser-och-kongresser-i-hildesheim\/"]}]},{"@type":"ImageObject","inLanguage":"sv-SE","@id":"https:\/\/9staedte.de\/sv\/hildesheim-stad-paa-unescos-vaerldsarvslista\/konferenser-och-kongresser-i-hildesheim\/#primaryimage","url":"https:\/\/9staedte.de\/wp-content\/uploads\/2023\/07\/Hildesheimer-Marktplatz_Foto-Max-Wiesenbach-1.jpg","contentUrl":"https:\/\/9staedte.de\/wp-content\/uploads\/2023\/07\/Hildesheimer-Marktplatz_Foto-Max-Wiesenbach-1.jpg","width":1020,"height":561,"caption":"Hildesheimer Marktplatz_Foto Max Wiesenbach (1)"},{"@type":"BreadcrumbList","@id":"https:\/\/9staedte.de\/sv\/hildesheim-stad-paa-unescos-vaerldsarvslista\/konferenser-och-kongresser-i-hildesheim\/#breadcrumb","itemListElement":[{"@type":"ListItem","position":1,"name":"Startseite","item":"https:\/\/9staedte.de\/sv\/"},{"@type":"ListItem","position":2,"name":"Hildesheim &#8211; stad p\u00e5 UNESCO:s v\u00e4rldsarvslista","item":"https:\/\/9staedte.de\/sv\/hildesheim-stad-paa-unescos-vaerldsarvslista\/"},{"@type":"ListItem","position":3,"name":"Konferenser och kongresser i Hildesheim"}]},{"@type":"WebSite","@id":"https:\/\/9staedte.de\/sv\/#website","url":"https:\/\/9staedte.de\/sv\/","name":"9 St\u00e4dte in Niedersachsen","description":"","publisher":{"@id":"https:\/\/9staedte.de\/sv\/#organization"},"potentialAction":[{"@type":"SearchAction","target":{"@type":"EntryPoint","urlTemplate":"https:\/\/9staedte.de\/sv\/?s={search_term_string}"},"query-input":{"@type":"PropertyValueSpecification","valueRequired":true,"valueName":"search_term_string"}}],"inLanguage":"sv-SE"},{"@type":"Organization","@id":"https:\/\/9staedte.de\/sv\/#organization","name":"9 St\u00e4dte in Niedersachsen","url":"https:\/\/9staedte.de\/sv\/","logo":{"@type":"ImageObject","inLanguage":"sv-SE","@id":"https:\/\/9staedte.de\/sv\/#\/schema\/logo\/image\/","url":"https:\/\/9staedte.de\/wp-content\/uploads\/2025\/01\/9-neg-deutsch-2-1.png","contentUrl":"https:\/\/9staedte.de\/wp-content\/uploads\/2025\/01\/9-neg-deutsch-2-1.png","width":190,"height":114,"caption":"9 St\u00e4dte in Niedersachsen"},"image":{"@id":"https:\/\/9staedte.de\/sv\/#\/schema\/logo\/image\/"}}]}},"_links":{"self":[{"href":"https:\/\/9staedte.de\/sv\/wp-json\/wp\/v2\/pages\/14142","targetHints":{"allow":["GET"]}}],"collection":[{"href":"https:\/\/9staedte.de\/sv\/wp-json\/wp\/v2\/pages"}],"about":[{"href":"https:\/\/9staedte.de\/sv\/wp-json\/wp\/v2\/types\/page"}],"author":[{"embeddable":true,"href":"https:\/\/9staedte.de\/sv\/wp-json\/wp\/v2\/users\/1"}],"replies":[{"embeddable":true,"href":"https:\/\/9staedte.de\/sv\/wp-json\/wp\/v2\/comments?post=14142"}],"version-history":[{"count":1,"href":"https:\/\/9staedte.de\/sv\/wp-json\/wp\/v2\/pages\/14142\/revisions"}],"predecessor-version":[{"id":14149,"href":"https:\/\/9staedte.de\/sv\/wp-json\/wp\/v2\/pages\/14142\/revisions\/14149"}],"up":[{"embeddable":true,"href":"https:\/\/9staedte.de\/sv\/wp-json\/wp\/v2\/pages\/14541"}],"wp:featuredmedia":[{"embeddable":true,"href":"https:\/\/9staedte.de\/sv\/wp-json\/wp\/v2\/media\/14145"}],"wp:attachment":[{"href":"https:\/\/9staedte.de\/sv\/wp-json\/wp\/v2\/media?parent=14142"}],"wp:term":[{"taxonomy":"category","embeddable":true,"href":"https:\/\/9staedte.de\/sv\/wp-json\/wp\/v2\/categories?post=14142"},{"taxonomy":"post_tag","embeddable":true,"href":"https:\/\/9staedte.de\/sv\/wp-json\/wp\/v2\/tags?post=14142"},{"taxonomy":"ncap_cities_tax","embeddable":true,"href":"https:\/\/9staedte.de\/sv\/wp-json\/wp\/v2\/ncap_cities_tax?post=14142"}],"curies":[{"name":"wp","href":"https:\/\/api.w.org\/{rel}","templated":true}]}}