{"id":14114,"date":"2023-10-25T16:25:04","date_gmt":"2023-10-25T14:25:04","guid":{"rendered":"https:\/\/9staedte.de\/wolfenbuettel-upptaeck-haallbart\/"},"modified":"2024-03-21T16:01:35","modified_gmt":"2024-03-21T15:01:35","slug":"wolfenbuettel-upptaeck-haallbart","status":"publish","type":"page","link":"https:\/\/9staedte.de\/sv\/wolfenbuettel-lessings-stad\/wolfenbuettel-upptaeck-haallbart\/","title":{"rendered":"Wolfenb\u00fcttel &#8211; uppt\u00e4ck h\u00e5llbart"},"content":{"rendered":"\n<h2 class=\"wp-block-heading\">Semester fr\u00e5n b\u00f6rjan<\/h2>\n\n\n\n<p>En semester i Wolfenb\u00fcttel b\u00f6rjar med promenaden fr\u00e5n t\u00e5gstationen till ditt valda boende. Du n\u00e5r gamla stan p\u00e5 bara n\u00e5gra minuter l\u00e4ngs vackra hus i wilhelminsk stil eller genom Seeligerpark eller Wallanlage med sina gamla tr\u00e4d. Gamla stan imponerar med mer \u00e4n 1 000 korsvirkeshus, vackra torg och naturligtvis Guelph Castle, det v\u00e4rldsber\u00f6mda Duke August Library, Lessing House, det nya minnesm\u00e4rket \u00f6ver nazisternas r\u00e4ttsskipning och kyrkorna. Ett bes\u00f6k i Lessingstadt \u00e4r s\u00e4rskilt h\u00e5llbart eftersom allt ligger s\u00e5 n\u00e4ra. I stadsk\u00e4rnan kan man enkelt g\u00e5 p\u00e5 sightseeing, och de som vill vara ute och r\u00f6ra p\u00e5 sig mycket kan hyra en eBike p\u00e5 den hinderfria turistinformationen. Wolfenb\u00fcttel \u00e4r ocks\u00e5 idealisk som utg\u00e5ngspunkt f\u00f6r cykelturer i regionen.<\/p>\n\n\n\n<p>Wolfenb\u00fcttel \u00e4r l\u00e4tt att n\u00e5 med kollektivtrafik. Fr\u00e5n ICE-t\u00e5gstationen i grannstaden Braunschweig tar det knappt tio minuter med regionalt\u00e5g eller 20 minuter med buss till Wolfenb\u00fcttel. Dessutom kan du till exempel n\u00e5 Berlin d\u00e4rifr\u00e5n p\u00e5 cirka 1,5 timmar.<\/p>\n\n\n\n\n<div class=\"banner-wrapper\">\n  <div class=\"banner-inner \">\n      <div class=\"img-container\">\n      <div class=\"img-wrapper\">\n        <img decoding=\"async\" src=\"https:\/\/9staedte.de\/wp-content\/smush-webp\/2023\/04\/Raddahren-in-Wolfenbuettel-c-Christian-Bierwagen.jpg.webp\" alt=\"Bilden visar tv\u00e5 personer med cyklar. De har hj\u00e4lmar p\u00e5 sig. De st\u00e5r p\u00e5 ett torg i staden. I bakgrunden finns en font\u00e4n med en staty. Personerna ler. Det \u00e4r en fin dag.\" \/>\n                  <div class=\"thumbnail-label\">\n            <span>Radfahren in Wolfenb\u00fcttel c) Christian Bierwagen<\/span>\n          <\/div>\n              <\/div>\n    <\/div>\n        <div class=\"text-container\">\n      <div class=\"content\">\n        <h2>Upplev Wolfenb\u00fcttel p\u00e5 ett h\u00e5llbart s\u00e4tt: 9 tips<\/h2>\n<p>&#8211; Certifierad Fairtrade-stad<\/p>\n<p>&#8211; \u00c4garledda gourmetbutiker som slaktare, vinbutiker, h\u00e4lsokostbutiker etc.<\/p>\n<p>&#8211; Veckomarknad p\u00e5 onsdagar och l\u00f6rdagar med bl.a. ekologiska producenter fr\u00e5n regionen<\/p>\n<p>&#8211; Utm\u00e4rkelse som cykelv\u00e4nlig kommun: uthyrning av elcyklar p\u00e5 turistinformationen, f\u00f6r enskilda g\u00e4ster och \u00e4ven f\u00f6r grupper efter \u00f6verenskommelse; turtips, t.ex: Cykla i Lessings fotsp\u00e5r fr\u00e5n Wolfenb\u00fcttel till Braunschweig och tillbaka<\/p>\n<p>&#8211; N\u00e4rrekreation i staden med skogar och parker eller f\u00f6r familjer: L\u00d6WEPfad skogs\u00e4ventyrsled i Lechlumer Holz direkt i stadens norra utkant (n\u00e5s med buss var 15:e minut)<\/p>\n<p>&#8211; Kanotuthyrning och m\u00e5nga kanotbryggor l\u00e4ngs Oker f\u00f6r l\u00e4ngre turer p\u00e5 landsbygden<\/p>\n<p>&#8211; Geocaching i Lessings fotsp\u00e5r<\/p>\n<p>&#8211; RECUP-system f\u00f6r pantmuggar<\/p>\n      <\/div>\n    <\/div>\n    <\/div>\n<\/div>\n\n","protected":false},"excerpt":{"rendered":"<p>Semester fr\u00e5n b\u00f6rjan En semester i Wolfenb\u00fcttel b\u00f6rjar med promenaden fr\u00e5n t\u00e5gstationen till ditt valda boende. Du n\u00e5r gamla stan p\u00e5 bara n\u00e5gra minuter l\u00e4ngs vackra hus i wilhelminsk stil eller genom Seeligerpark eller Wallanlage med sina gamla tr\u00e4d. Gamla stan imponerar med mer \u00e4n 1 000 korsvirkeshus, vackra torg och naturligtvis Guelph Castle, det [&hellip;]<\/p>\n","protected":false},"author":1,"featured_media":14118,"parent":14542,"menu_order":0,"comment_status":"closed","ping_status":"closed","template":"pagetemplates\/template-stadtthema.php","meta":{"_acf_changed":false,"footnotes":""},"categories":[],"tags":[],"ncap_cities_tax":[1093,470],"class_list":["post-14114","page","type-page","status-publish","has-post-thumbnail","hentry","ncap_cities_tax-naturerlebnisse-und-nachhaltigkeit-wolfenbuettel-sv","ncap_cities_tax-wolfenbuettel-sv"],"acf":[],"yoast_head":"<!-- This site is optimized with the Yoast SEO plugin v26.8 - https:\/\/yoast.com\/product\/yoast-seo-wordpress\/ -->\n<title>Wolfenb\u00fcttel - uppt\u00e4ck h\u00e5llbart - 9 St\u00e4dte in Niedersachsen<\/title>\n<meta name=\"robots\" content=\"index, follow, max-snippet:-1, max-image-preview:large, max-video-preview:-1\" \/>\n<link rel=\"canonical\" href=\"https:\/\/9staedte.de\/sv\/wolfenbuettel-lessings-stad\/wolfenbuettel-upptaeck-haallbart\/\" \/>\n<meta property=\"og:locale\" content=\"sv_SE\" \/>\n<meta property=\"og:type\" content=\"article\" \/>\n<meta property=\"og:title\" content=\"Wolfenb\u00fcttel - uppt\u00e4ck h\u00e5llbart - 9 St\u00e4dte in Niedersachsen\" \/>\n<meta property=\"og:description\" content=\"Semester fr\u00e5n b\u00f6rjan En semester i Wolfenb\u00fcttel b\u00f6rjar med promenaden fr\u00e5n t\u00e5gstationen till ditt valda boende. Du n\u00e5r gamla stan p\u00e5 bara n\u00e5gra minuter l\u00e4ngs vackra hus i wilhelminsk stil eller genom Seeligerpark eller Wallanlage med sina gamla tr\u00e4d. Gamla stan imponerar med mer \u00e4n 1 000 korsvirkeshus, vackra torg och naturligtvis Guelph Castle, det [&hellip;]\" \/>\n<meta property=\"og:url\" content=\"https:\/\/9staedte.de\/sv\/wolfenbuettel-lessings-stad\/wolfenbuettel-upptaeck-haallbart\/\" \/>\n<meta property=\"og:site_name\" content=\"9 St\u00e4dte in Niedersachsen\" \/>\n<meta property=\"article:modified_time\" content=\"2024-03-21T15:01:35+00:00\" \/>\n<meta property=\"og:image\" content=\"https:\/\/9staedte.de\/wp-content\/uploads\/2023\/04\/Wallanlagen-Wolfenbuettel-c-Achim-Meurer.jpg\" \/>\n\t<meta property=\"og:image:width\" content=\"1020\" \/>\n\t<meta property=\"og:image:height\" content=\"560\" \/>\n\t<meta property=\"og:image:type\" content=\"image\/jpeg\" \/>\n<meta name=\"twitter:card\" content=\"summary_large_image\" \/>\n<meta name=\"twitter:label1\" content=\"Ber\u00e4knad l\u00e4stid\" \/>\n\t<meta name=\"twitter:data1\" content=\"2 minuter\" \/>\n<script type=\"application\/ld+json\" class=\"yoast-schema-graph\">{\"@context\":\"https:\/\/schema.org\",\"@graph\":[{\"@type\":\"WebPage\",\"@id\":\"https:\/\/9staedte.de\/sv\/wolfenbuettel-lessings-stad\/wolfenbuettel-upptaeck-haallbart\/\",\"url\":\"https:\/\/9staedte.de\/sv\/wolfenbuettel-lessings-stad\/wolfenbuettel-upptaeck-haallbart\/\",\"name\":\"Wolfenb\u00fcttel - uppt\u00e4ck h\u00e5llbart - 9 St\u00e4dte in Niedersachsen\",\"isPartOf\":{\"@id\":\"https:\/\/9staedte.de\/sv\/#website\"},\"primaryImageOfPage\":{\"@id\":\"https:\/\/9staedte.de\/sv\/wolfenbuettel-lessings-stad\/wolfenbuettel-upptaeck-haallbart\/#primaryimage\"},\"image\":{\"@id\":\"https:\/\/9staedte.de\/sv\/wolfenbuettel-lessings-stad\/wolfenbuettel-upptaeck-haallbart\/#primaryimage\"},\"thumbnailUrl\":\"https:\/\/9staedte.de\/wp-content\/uploads\/2023\/04\/Wallanlagen-Wolfenbuettel-c-Achim-Meurer.jpg\",\"datePublished\":\"2023-10-25T14:25:04+00:00\",\"dateModified\":\"2024-03-21T15:01:35+00:00\",\"breadcrumb\":{\"@id\":\"https:\/\/9staedte.de\/sv\/wolfenbuettel-lessings-stad\/wolfenbuettel-upptaeck-haallbart\/#breadcrumb\"},\"inLanguage\":\"sv-SE\",\"potentialAction\":[{\"@type\":\"ReadAction\",\"target\":[\"https:\/\/9staedte.de\/sv\/wolfenbuettel-lessings-stad\/wolfenbuettel-upptaeck-haallbart\/\"]}]},{\"@type\":\"ImageObject\",\"inLanguage\":\"sv-SE\",\"@id\":\"https:\/\/9staedte.de\/sv\/wolfenbuettel-lessings-stad\/wolfenbuettel-upptaeck-haallbart\/#primaryimage\",\"url\":\"https:\/\/9staedte.de\/wp-content\/uploads\/2023\/04\/Wallanlagen-Wolfenbuettel-c-Achim-Meurer.jpg\",\"contentUrl\":\"https:\/\/9staedte.de\/wp-content\/uploads\/2023\/04\/Wallanlagen-Wolfenbuettel-c-Achim-Meurer.jpg\",\"width\":1020,\"height\":560,\"caption\":\"Gr\u00fcnes Wolfenb\u00fcttel - Wallanlagen c) Achim Meurer\"},{\"@type\":\"BreadcrumbList\",\"@id\":\"https:\/\/9staedte.de\/sv\/wolfenbuettel-lessings-stad\/wolfenbuettel-upptaeck-haallbart\/#breadcrumb\",\"itemListElement\":[{\"@type\":\"ListItem\",\"position\":1,\"name\":\"Startseite\",\"item\":\"https:\/\/9staedte.de\/sv\/\"},{\"@type\":\"ListItem\",\"position\":2,\"name\":\"Wolfenb\u00fcttel &#8211; Lessings stad\",\"item\":\"https:\/\/9staedte.de\/sv\/wolfenbuettel-lessings-stad\/\"},{\"@type\":\"ListItem\",\"position\":3,\"name\":\"Wolfenb\u00fcttel &#8211; uppt\u00e4ck h\u00e5llbart\"}]},{\"@type\":\"WebSite\",\"@id\":\"https:\/\/9staedte.de\/sv\/#website\",\"url\":\"https:\/\/9staedte.de\/sv\/\",\"name\":\"9 St\u00e4dte in Niedersachsen\",\"description\":\"\",\"publisher\":{\"@id\":\"https:\/\/9staedte.de\/sv\/#organization\"},\"potentialAction\":[{\"@type\":\"SearchAction\",\"target\":{\"@type\":\"EntryPoint\",\"urlTemplate\":\"https:\/\/9staedte.de\/sv\/?s={search_term_string}\"},\"query-input\":{\"@type\":\"PropertyValueSpecification\",\"valueRequired\":true,\"valueName\":\"search_term_string\"}}],\"inLanguage\":\"sv-SE\"},{\"@type\":\"Organization\",\"@id\":\"https:\/\/9staedte.de\/sv\/#organization\",\"name\":\"9 St\u00e4dte in Niedersachsen\",\"url\":\"https:\/\/9staedte.de\/sv\/\",\"logo\":{\"@type\":\"ImageObject\",\"inLanguage\":\"sv-SE\",\"@id\":\"https:\/\/9staedte.de\/sv\/#\/schema\/logo\/image\/\",\"url\":\"https:\/\/9staedte.de\/wp-content\/uploads\/2025\/01\/9-neg-deutsch-2-1.png\",\"contentUrl\":\"https:\/\/9staedte.de\/wp-content\/uploads\/2025\/01\/9-neg-deutsch-2-1.png\",\"width\":190,\"height\":114,\"caption\":\"9 St\u00e4dte in Niedersachsen\"},\"image\":{\"@id\":\"https:\/\/9staedte.de\/sv\/#\/schema\/logo\/image\/\"}}]}<\/script>\n<!-- \/ Yoast SEO plugin. -->","yoast_head_json":{"title":"Wolfenb\u00fcttel - uppt\u00e4ck h\u00e5llbart - 9 St\u00e4dte in Niedersachsen","robots":{"index":"index","follow":"follow","max-snippet":"max-snippet:-1","max-image-preview":"max-image-preview:large","max-video-preview":"max-video-preview:-1"},"canonical":"https:\/\/9staedte.de\/sv\/wolfenbuettel-lessings-stad\/wolfenbuettel-upptaeck-haallbart\/","og_locale":"sv_SE","og_type":"article","og_title":"Wolfenb\u00fcttel - uppt\u00e4ck h\u00e5llbart - 9 St\u00e4dte in Niedersachsen","og_description":"Semester fr\u00e5n b\u00f6rjan En semester i Wolfenb\u00fcttel b\u00f6rjar med promenaden fr\u00e5n t\u00e5gstationen till ditt valda boende. Du n\u00e5r gamla stan p\u00e5 bara n\u00e5gra minuter l\u00e4ngs vackra hus i wilhelminsk stil eller genom Seeligerpark eller Wallanlage med sina gamla tr\u00e4d. Gamla stan imponerar med mer \u00e4n 1 000 korsvirkeshus, vackra torg och naturligtvis Guelph Castle, det [&hellip;]","og_url":"https:\/\/9staedte.de\/sv\/wolfenbuettel-lessings-stad\/wolfenbuettel-upptaeck-haallbart\/","og_site_name":"9 St\u00e4dte in Niedersachsen","article_modified_time":"2024-03-21T15:01:35+00:00","og_image":[{"width":1020,"height":560,"url":"https:\/\/9staedte.de\/wp-content\/uploads\/2023\/04\/Wallanlagen-Wolfenbuettel-c-Achim-Meurer.jpg","type":"image\/jpeg"}],"twitter_card":"summary_large_image","twitter_misc":{"Ber\u00e4knad l\u00e4stid":"2 minuter"},"schema":{"@context":"https:\/\/schema.org","@graph":[{"@type":"WebPage","@id":"https:\/\/9staedte.de\/sv\/wolfenbuettel-lessings-stad\/wolfenbuettel-upptaeck-haallbart\/","url":"https:\/\/9staedte.de\/sv\/wolfenbuettel-lessings-stad\/wolfenbuettel-upptaeck-haallbart\/","name":"Wolfenb\u00fcttel - uppt\u00e4ck h\u00e5llbart - 9 St\u00e4dte in Niedersachsen","isPartOf":{"@id":"https:\/\/9staedte.de\/sv\/#website"},"primaryImageOfPage":{"@id":"https:\/\/9staedte.de\/sv\/wolfenbuettel-lessings-stad\/wolfenbuettel-upptaeck-haallbart\/#primaryimage"},"image":{"@id":"https:\/\/9staedte.de\/sv\/wolfenbuettel-lessings-stad\/wolfenbuettel-upptaeck-haallbart\/#primaryimage"},"thumbnailUrl":"https:\/\/9staedte.de\/wp-content\/uploads\/2023\/04\/Wallanlagen-Wolfenbuettel-c-Achim-Meurer.jpg","datePublished":"2023-10-25T14:25:04+00:00","dateModified":"2024-03-21T15:01:35+00:00","breadcrumb":{"@id":"https:\/\/9staedte.de\/sv\/wolfenbuettel-lessings-stad\/wolfenbuettel-upptaeck-haallbart\/#breadcrumb"},"inLanguage":"sv-SE","potentialAction":[{"@type":"ReadAction","target":["https:\/\/9staedte.de\/sv\/wolfenbuettel-lessings-stad\/wolfenbuettel-upptaeck-haallbart\/"]}]},{"@type":"ImageObject","inLanguage":"sv-SE","@id":"https:\/\/9staedte.de\/sv\/wolfenbuettel-lessings-stad\/wolfenbuettel-upptaeck-haallbart\/#primaryimage","url":"https:\/\/9staedte.de\/wp-content\/uploads\/2023\/04\/Wallanlagen-Wolfenbuettel-c-Achim-Meurer.jpg","contentUrl":"https:\/\/9staedte.de\/wp-content\/uploads\/2023\/04\/Wallanlagen-Wolfenbuettel-c-Achim-Meurer.jpg","width":1020,"height":560,"caption":"Gr\u00fcnes Wolfenb\u00fcttel - Wallanlagen c) Achim Meurer"},{"@type":"BreadcrumbList","@id":"https:\/\/9staedte.de\/sv\/wolfenbuettel-lessings-stad\/wolfenbuettel-upptaeck-haallbart\/#breadcrumb","itemListElement":[{"@type":"ListItem","position":1,"name":"Startseite","item":"https:\/\/9staedte.de\/sv\/"},{"@type":"ListItem","position":2,"name":"Wolfenb\u00fcttel &#8211; Lessings stad","item":"https:\/\/9staedte.de\/sv\/wolfenbuettel-lessings-stad\/"},{"@type":"ListItem","position":3,"name":"Wolfenb\u00fcttel &#8211; uppt\u00e4ck h\u00e5llbart"}]},{"@type":"WebSite","@id":"https:\/\/9staedte.de\/sv\/#website","url":"https:\/\/9staedte.de\/sv\/","name":"9 St\u00e4dte in Niedersachsen","description":"","publisher":{"@id":"https:\/\/9staedte.de\/sv\/#organization"},"potentialAction":[{"@type":"SearchAction","target":{"@type":"EntryPoint","urlTemplate":"https:\/\/9staedte.de\/sv\/?s={search_term_string}"},"query-input":{"@type":"PropertyValueSpecification","valueRequired":true,"valueName":"search_term_string"}}],"inLanguage":"sv-SE"},{"@type":"Organization","@id":"https:\/\/9staedte.de\/sv\/#organization","name":"9 St\u00e4dte in Niedersachsen","url":"https:\/\/9staedte.de\/sv\/","logo":{"@type":"ImageObject","inLanguage":"sv-SE","@id":"https:\/\/9staedte.de\/sv\/#\/schema\/logo\/image\/","url":"https:\/\/9staedte.de\/wp-content\/uploads\/2025\/01\/9-neg-deutsch-2-1.png","contentUrl":"https:\/\/9staedte.de\/wp-content\/uploads\/2025\/01\/9-neg-deutsch-2-1.png","width":190,"height":114,"caption":"9 St\u00e4dte in Niedersachsen"},"image":{"@id":"https:\/\/9staedte.de\/sv\/#\/schema\/logo\/image\/"}}]}},"_links":{"self":[{"href":"https:\/\/9staedte.de\/sv\/wp-json\/wp\/v2\/pages\/14114","targetHints":{"allow":["GET"]}}],"collection":[{"href":"https:\/\/9staedte.de\/sv\/wp-json\/wp\/v2\/pages"}],"about":[{"href":"https:\/\/9staedte.de\/sv\/wp-json\/wp\/v2\/types\/page"}],"author":[{"embeddable":true,"href":"https:\/\/9staedte.de\/sv\/wp-json\/wp\/v2\/users\/1"}],"replies":[{"embeddable":true,"href":"https:\/\/9staedte.de\/sv\/wp-json\/wp\/v2\/comments?post=14114"}],"version-history":[{"count":3,"href":"https:\/\/9staedte.de\/sv\/wp-json\/wp\/v2\/pages\/14114\/revisions"}],"predecessor-version":[{"id":21530,"href":"https:\/\/9staedte.de\/sv\/wp-json\/wp\/v2\/pages\/14114\/revisions\/21530"}],"up":[{"embeddable":true,"href":"https:\/\/9staedte.de\/sv\/wp-json\/wp\/v2\/pages\/14542"}],"wp:featuredmedia":[{"embeddable":true,"href":"https:\/\/9staedte.de\/sv\/wp-json\/wp\/v2\/media\/14118"}],"wp:attachment":[{"href":"https:\/\/9staedte.de\/sv\/wp-json\/wp\/v2\/media?parent=14114"}],"wp:term":[{"taxonomy":"category","embeddable":true,"href":"https:\/\/9staedte.de\/sv\/wp-json\/wp\/v2\/categories?post=14114"},{"taxonomy":"post_tag","embeddable":true,"href":"https:\/\/9staedte.de\/sv\/wp-json\/wp\/v2\/tags?post=14114"},{"taxonomy":"ncap_cities_tax","embeddable":true,"href":"https:\/\/9staedte.de\/sv\/wp-json\/wp\/v2\/ncap_cities_tax?post=14114"}],"curies":[{"name":"wp","href":"https:\/\/api.w.org\/{rel}","templated":true}]}}