{"id":14113,"date":"2023-10-25T16:24:17","date_gmt":"2023-10-25T14:24:17","guid":{"rendered":"https:\/\/9staedte.de\/information-om-reseledare-och-utflykter-i-hildesheim\/"},"modified":"2024-10-21T10:32:51","modified_gmt":"2024-10-21T08:32:51","slug":"information-om-reseledare-och-utflykter-i-hildesheim","status":"publish","type":"page","link":"https:\/\/9staedte.de\/sv\/hildesheim-stad-paa-unescos-vaerldsarvslista\/information-om-reseledare-och-utflykter-i-hildesheim\/","title":{"rendered":"Information om reseledare och utflykter i Hildesheim"},"content":{"rendered":"\n<h3 class=\"wp-block-heading\">Rundresor i regionen<\/h3>\n\n\n\n<p>Oavsett om det \u00e4r Harz-turen, klosterv\u00e4gen, l\u00e4ngs floden Leine eller intressanta fakta om potatis och krita &#8211; l\u00e5t expertguider visa dig sl\u00e5ende och enast\u00e5ende vittnesb\u00f6rd om historien i Hildesheims varierande omgivningar. P\u00e5 halvdags- och heldagsutflykter med buss i regionen kan ni uppt\u00e4cka gamla furste- och aristokratresidens, beundra konstskatter och viktiga klosterkomplex eller njuta av kaffe och kaka i en sockerfabrik.<\/p>\n\n\n\n<p>Priser och villkor p\u00e5 beg\u00e4ran<\/p>\n\n\n\n<h4 class=\"wp-block-heading\">V\u00e4rldsarv i regionen Hildesheim<\/h4>\n\n\n\n<p>L\u00e4r k\u00e4nna den unika Hildesheim-regionen som finns med p\u00e5 UNESCO:s v\u00e4rldsarvslista:<br>I Hildesheim kommer vi att bes\u00f6ka Mikaelskyrkan och biskop Bernwards bronsverk. D\u00e4refter forts\u00e4tter resan till Alfeld och Fagus-fabriken, den f\u00f6rsta industribyggnaden i modern tid.<\/p>\n\n\n\n<p>Priser och villkor p\u00e5 beg\u00e4ran<\/p>\n\n\n\n<h4 class=\"wp-block-heading\">Ytterligare information:<\/h4>\n\n\n\n<p>Information f\u00f6r turister<br>Rathausstra\u00dfe 20 (Tempelhuset)<br>31134 Hildesheim<br>Tfn: + 49 (0) 5121 1798 &#8211; 0<br>Fax: + 49 (0) 5121 1798 &#8211; 88<br>E-post: <a href=\"mailto:tourist-info@hildesheim-marketing.de\" target=\"_blank\" rel=\"noreferrer noopener\">tourist-info@hildesheim-marketing.de<\/a><br>Internet: <a href=\"https:\/\/www.hildesheim-tourismus.de\/\" target=\"_blank\" rel=\"noreferrer noopener\">www.hildesheim-tourismus.de<\/a><\/p>\n","protected":false},"excerpt":{"rendered":"<p>Rundresor i regionen Oavsett om det \u00e4r Harz-turen, klosterv\u00e4gen, l\u00e4ngs floden Leine eller intressanta fakta om potatis och krita &#8211; l\u00e5t expertguider visa dig sl\u00e5ende och enast\u00e5ende vittnesb\u00f6rd om historien i Hildesheims varierande omgivningar. P\u00e5 halvdags- och heldagsutflykter med buss i regionen kan ni uppt\u00e4cka gamla furste- och aristokratresidens, beundra konstskatter och viktiga klosterkomplex eller [&hellip;]<\/p>\n","protected":false},"author":1,"featured_media":14117,"parent":14541,"menu_order":0,"comment_status":"closed","ping_status":"closed","template":"pagetemplates\/template-stadtthema.php","meta":{"_acf_changed":false,"footnotes":""},"categories":[],"tags":[],"ncap_cities_tax":[463,1303],"class_list":["post-14113","page","type-page","status-publish","has-post-thumbnail","hentry","ncap_cities_tax-hildesheim-sv","ncap_cities_tax-reiseleitung-und-ausflugen-hildesheim-sv"],"acf":[],"yoast_head":"<!-- This site is optimized with the Yoast SEO plugin v26.8 - https:\/\/yoast.com\/product\/yoast-seo-wordpress\/ -->\n<title>Information om reseledare och utflykter i Hildesheim - 9 St\u00e4dte in Niedersachsen<\/title>\n<meta name=\"robots\" content=\"index, follow, max-snippet:-1, max-image-preview:large, max-video-preview:-1\" \/>\n<link rel=\"canonical\" href=\"https:\/\/9staedte.de\/sv\/hildesheim-stad-paa-unescos-vaerldsarvslista\/information-om-reseledare-och-utflykter-i-hildesheim\/\" \/>\n<meta property=\"og:locale\" content=\"sv_SE\" \/>\n<meta property=\"og:type\" content=\"article\" \/>\n<meta property=\"og:title\" content=\"Information om reseledare och utflykter i Hildesheim - 9 St\u00e4dte in Niedersachsen\" \/>\n<meta property=\"og:description\" content=\"Rundresor i regionen Oavsett om det \u00e4r Harz-turen, klosterv\u00e4gen, l\u00e4ngs floden Leine eller intressanta fakta om potatis och krita &#8211; l\u00e5t expertguider visa dig sl\u00e5ende och enast\u00e5ende vittnesb\u00f6rd om historien i Hildesheims varierande omgivningar. P\u00e5 halvdags- och heldagsutflykter med buss i regionen kan ni uppt\u00e4cka gamla furste- och aristokratresidens, beundra konstskatter och viktiga klosterkomplex eller [&hellip;]\" \/>\n<meta property=\"og:url\" content=\"https:\/\/9staedte.de\/sv\/hildesheim-stad-paa-unescos-vaerldsarvslista\/information-om-reseledare-och-utflykter-i-hildesheim\/\" \/>\n<meta property=\"og:site_name\" content=\"9 St\u00e4dte in Niedersachsen\" \/>\n<meta property=\"article:modified_time\" content=\"2024-10-21T08:32:51+00:00\" \/>\n<meta property=\"og:image\" content=\"https:\/\/9staedte.de\/wp-content\/uploads\/2023\/03\/FagusWerk-in-Alfeld-c-Fagus-Werk.jpg\" \/>\n\t<meta property=\"og:image:width\" content=\"945\" \/>\n\t<meta property=\"og:image:height\" content=\"531\" \/>\n\t<meta property=\"og:image:type\" content=\"image\/jpeg\" \/>\n<meta name=\"twitter:card\" content=\"summary_large_image\" \/>\n<meta name=\"twitter:label1\" content=\"Ber\u00e4knad l\u00e4stid\" \/>\n\t<meta name=\"twitter:data1\" content=\"1 minut\" \/>\n<script type=\"application\/ld+json\" class=\"yoast-schema-graph\">{\"@context\":\"https:\/\/schema.org\",\"@graph\":[{\"@type\":\"WebPage\",\"@id\":\"https:\/\/9staedte.de\/sv\/hildesheim-stad-paa-unescos-vaerldsarvslista\/information-om-reseledare-och-utflykter-i-hildesheim\/\",\"url\":\"https:\/\/9staedte.de\/sv\/hildesheim-stad-paa-unescos-vaerldsarvslista\/information-om-reseledare-och-utflykter-i-hildesheim\/\",\"name\":\"Information om reseledare och utflykter i Hildesheim - 9 St\u00e4dte in Niedersachsen\",\"isPartOf\":{\"@id\":\"https:\/\/9staedte.de\/sv\/#website\"},\"primaryImageOfPage\":{\"@id\":\"https:\/\/9staedte.de\/sv\/hildesheim-stad-paa-unescos-vaerldsarvslista\/information-om-reseledare-och-utflykter-i-hildesheim\/#primaryimage\"},\"image\":{\"@id\":\"https:\/\/9staedte.de\/sv\/hildesheim-stad-paa-unescos-vaerldsarvslista\/information-om-reseledare-och-utflykter-i-hildesheim\/#primaryimage\"},\"thumbnailUrl\":\"https:\/\/9staedte.de\/wp-content\/uploads\/2023\/03\/FagusWerk-in-Alfeld-c-Fagus-Werk.jpg\",\"datePublished\":\"2023-10-25T14:24:17+00:00\",\"dateModified\":\"2024-10-21T08:32:51+00:00\",\"breadcrumb\":{\"@id\":\"https:\/\/9staedte.de\/sv\/hildesheim-stad-paa-unescos-vaerldsarvslista\/information-om-reseledare-och-utflykter-i-hildesheim\/#breadcrumb\"},\"inLanguage\":\"sv-SE\",\"potentialAction\":[{\"@type\":\"ReadAction\",\"target\":[\"https:\/\/9staedte.de\/sv\/hildesheim-stad-paa-unescos-vaerldsarvslista\/information-om-reseledare-och-utflykter-i-hildesheim\/\"]}]},{\"@type\":\"ImageObject\",\"inLanguage\":\"sv-SE\",\"@id\":\"https:\/\/9staedte.de\/sv\/hildesheim-stad-paa-unescos-vaerldsarvslista\/information-om-reseledare-och-utflykter-i-hildesheim\/#primaryimage\",\"url\":\"https:\/\/9staedte.de\/wp-content\/uploads\/2023\/03\/FagusWerk-in-Alfeld-c-Fagus-Werk.jpg\",\"contentUrl\":\"https:\/\/9staedte.de\/wp-content\/uploads\/2023\/03\/FagusWerk-in-Alfeld-c-Fagus-Werk.jpg\",\"width\":945,\"height\":531,\"caption\":\"FagusWerk in Alfeld c) Fagus Werk\"},{\"@type\":\"BreadcrumbList\",\"@id\":\"https:\/\/9staedte.de\/sv\/hildesheim-stad-paa-unescos-vaerldsarvslista\/information-om-reseledare-och-utflykter-i-hildesheim\/#breadcrumb\",\"itemListElement\":[{\"@type\":\"ListItem\",\"position\":1,\"name\":\"Startseite\",\"item\":\"https:\/\/9staedte.de\/sv\/\"},{\"@type\":\"ListItem\",\"position\":2,\"name\":\"Hildesheim &#8211; stad p\u00e5 UNESCO:s v\u00e4rldsarvslista\",\"item\":\"https:\/\/9staedte.de\/sv\/hildesheim-stad-paa-unescos-vaerldsarvslista\/\"},{\"@type\":\"ListItem\",\"position\":3,\"name\":\"Information om reseledare och utflykter i Hildesheim\"}]},{\"@type\":\"WebSite\",\"@id\":\"https:\/\/9staedte.de\/sv\/#website\",\"url\":\"https:\/\/9staedte.de\/sv\/\",\"name\":\"9 St\u00e4dte in Niedersachsen\",\"description\":\"\",\"publisher\":{\"@id\":\"https:\/\/9staedte.de\/sv\/#organization\"},\"potentialAction\":[{\"@type\":\"SearchAction\",\"target\":{\"@type\":\"EntryPoint\",\"urlTemplate\":\"https:\/\/9staedte.de\/sv\/?s={search_term_string}\"},\"query-input\":{\"@type\":\"PropertyValueSpecification\",\"valueRequired\":true,\"valueName\":\"search_term_string\"}}],\"inLanguage\":\"sv-SE\"},{\"@type\":\"Organization\",\"@id\":\"https:\/\/9staedte.de\/sv\/#organization\",\"name\":\"9 St\u00e4dte in Niedersachsen\",\"url\":\"https:\/\/9staedte.de\/sv\/\",\"logo\":{\"@type\":\"ImageObject\",\"inLanguage\":\"sv-SE\",\"@id\":\"https:\/\/9staedte.de\/sv\/#\/schema\/logo\/image\/\",\"url\":\"https:\/\/9staedte.de\/wp-content\/uploads\/2025\/01\/9-neg-deutsch-2-1.png\",\"contentUrl\":\"https:\/\/9staedte.de\/wp-content\/uploads\/2025\/01\/9-neg-deutsch-2-1.png\",\"width\":190,\"height\":114,\"caption\":\"9 St\u00e4dte in Niedersachsen\"},\"image\":{\"@id\":\"https:\/\/9staedte.de\/sv\/#\/schema\/logo\/image\/\"}}]}<\/script>\n<!-- \/ Yoast SEO plugin. -->","yoast_head_json":{"title":"Information om reseledare och utflykter i Hildesheim - 9 St\u00e4dte in Niedersachsen","robots":{"index":"index","follow":"follow","max-snippet":"max-snippet:-1","max-image-preview":"max-image-preview:large","max-video-preview":"max-video-preview:-1"},"canonical":"https:\/\/9staedte.de\/sv\/hildesheim-stad-paa-unescos-vaerldsarvslista\/information-om-reseledare-och-utflykter-i-hildesheim\/","og_locale":"sv_SE","og_type":"article","og_title":"Information om reseledare och utflykter i Hildesheim - 9 St\u00e4dte in Niedersachsen","og_description":"Rundresor i regionen Oavsett om det \u00e4r Harz-turen, klosterv\u00e4gen, l\u00e4ngs floden Leine eller intressanta fakta om potatis och krita &#8211; l\u00e5t expertguider visa dig sl\u00e5ende och enast\u00e5ende vittnesb\u00f6rd om historien i Hildesheims varierande omgivningar. P\u00e5 halvdags- och heldagsutflykter med buss i regionen kan ni uppt\u00e4cka gamla furste- och aristokratresidens, beundra konstskatter och viktiga klosterkomplex eller [&hellip;]","og_url":"https:\/\/9staedte.de\/sv\/hildesheim-stad-paa-unescos-vaerldsarvslista\/information-om-reseledare-och-utflykter-i-hildesheim\/","og_site_name":"9 St\u00e4dte in Niedersachsen","article_modified_time":"2024-10-21T08:32:51+00:00","og_image":[{"width":945,"height":531,"url":"https:\/\/9staedte.de\/wp-content\/uploads\/2023\/03\/FagusWerk-in-Alfeld-c-Fagus-Werk.jpg","type":"image\/jpeg"}],"twitter_card":"summary_large_image","twitter_misc":{"Ber\u00e4knad l\u00e4stid":"1 minut"},"schema":{"@context":"https:\/\/schema.org","@graph":[{"@type":"WebPage","@id":"https:\/\/9staedte.de\/sv\/hildesheim-stad-paa-unescos-vaerldsarvslista\/information-om-reseledare-och-utflykter-i-hildesheim\/","url":"https:\/\/9staedte.de\/sv\/hildesheim-stad-paa-unescos-vaerldsarvslista\/information-om-reseledare-och-utflykter-i-hildesheim\/","name":"Information om reseledare och utflykter i Hildesheim - 9 St\u00e4dte in Niedersachsen","isPartOf":{"@id":"https:\/\/9staedte.de\/sv\/#website"},"primaryImageOfPage":{"@id":"https:\/\/9staedte.de\/sv\/hildesheim-stad-paa-unescos-vaerldsarvslista\/information-om-reseledare-och-utflykter-i-hildesheim\/#primaryimage"},"image":{"@id":"https:\/\/9staedte.de\/sv\/hildesheim-stad-paa-unescos-vaerldsarvslista\/information-om-reseledare-och-utflykter-i-hildesheim\/#primaryimage"},"thumbnailUrl":"https:\/\/9staedte.de\/wp-content\/uploads\/2023\/03\/FagusWerk-in-Alfeld-c-Fagus-Werk.jpg","datePublished":"2023-10-25T14:24:17+00:00","dateModified":"2024-10-21T08:32:51+00:00","breadcrumb":{"@id":"https:\/\/9staedte.de\/sv\/hildesheim-stad-paa-unescos-vaerldsarvslista\/information-om-reseledare-och-utflykter-i-hildesheim\/#breadcrumb"},"inLanguage":"sv-SE","potentialAction":[{"@type":"ReadAction","target":["https:\/\/9staedte.de\/sv\/hildesheim-stad-paa-unescos-vaerldsarvslista\/information-om-reseledare-och-utflykter-i-hildesheim\/"]}]},{"@type":"ImageObject","inLanguage":"sv-SE","@id":"https:\/\/9staedte.de\/sv\/hildesheim-stad-paa-unescos-vaerldsarvslista\/information-om-reseledare-och-utflykter-i-hildesheim\/#primaryimage","url":"https:\/\/9staedte.de\/wp-content\/uploads\/2023\/03\/FagusWerk-in-Alfeld-c-Fagus-Werk.jpg","contentUrl":"https:\/\/9staedte.de\/wp-content\/uploads\/2023\/03\/FagusWerk-in-Alfeld-c-Fagus-Werk.jpg","width":945,"height":531,"caption":"FagusWerk in Alfeld c) Fagus Werk"},{"@type":"BreadcrumbList","@id":"https:\/\/9staedte.de\/sv\/hildesheim-stad-paa-unescos-vaerldsarvslista\/information-om-reseledare-och-utflykter-i-hildesheim\/#breadcrumb","itemListElement":[{"@type":"ListItem","position":1,"name":"Startseite","item":"https:\/\/9staedte.de\/sv\/"},{"@type":"ListItem","position":2,"name":"Hildesheim &#8211; stad p\u00e5 UNESCO:s v\u00e4rldsarvslista","item":"https:\/\/9staedte.de\/sv\/hildesheim-stad-paa-unescos-vaerldsarvslista\/"},{"@type":"ListItem","position":3,"name":"Information om reseledare och utflykter i Hildesheim"}]},{"@type":"WebSite","@id":"https:\/\/9staedte.de\/sv\/#website","url":"https:\/\/9staedte.de\/sv\/","name":"9 St\u00e4dte in Niedersachsen","description":"","publisher":{"@id":"https:\/\/9staedte.de\/sv\/#organization"},"potentialAction":[{"@type":"SearchAction","target":{"@type":"EntryPoint","urlTemplate":"https:\/\/9staedte.de\/sv\/?s={search_term_string}"},"query-input":{"@type":"PropertyValueSpecification","valueRequired":true,"valueName":"search_term_string"}}],"inLanguage":"sv-SE"},{"@type":"Organization","@id":"https:\/\/9staedte.de\/sv\/#organization","name":"9 St\u00e4dte in Niedersachsen","url":"https:\/\/9staedte.de\/sv\/","logo":{"@type":"ImageObject","inLanguage":"sv-SE","@id":"https:\/\/9staedte.de\/sv\/#\/schema\/logo\/image\/","url":"https:\/\/9staedte.de\/wp-content\/uploads\/2025\/01\/9-neg-deutsch-2-1.png","contentUrl":"https:\/\/9staedte.de\/wp-content\/uploads\/2025\/01\/9-neg-deutsch-2-1.png","width":190,"height":114,"caption":"9 St\u00e4dte in Niedersachsen"},"image":{"@id":"https:\/\/9staedte.de\/sv\/#\/schema\/logo\/image\/"}}]}},"_links":{"self":[{"href":"https:\/\/9staedte.de\/sv\/wp-json\/wp\/v2\/pages\/14113","targetHints":{"allow":["GET"]}}],"collection":[{"href":"https:\/\/9staedte.de\/sv\/wp-json\/wp\/v2\/pages"}],"about":[{"href":"https:\/\/9staedte.de\/sv\/wp-json\/wp\/v2\/types\/page"}],"author":[{"embeddable":true,"href":"https:\/\/9staedte.de\/sv\/wp-json\/wp\/v2\/users\/1"}],"replies":[{"embeddable":true,"href":"https:\/\/9staedte.de\/sv\/wp-json\/wp\/v2\/comments?post=14113"}],"version-history":[{"count":4,"href":"https:\/\/9staedte.de\/sv\/wp-json\/wp\/v2\/pages\/14113\/revisions"}],"predecessor-version":[{"id":24003,"href":"https:\/\/9staedte.de\/sv\/wp-json\/wp\/v2\/pages\/14113\/revisions\/24003"}],"up":[{"embeddable":true,"href":"https:\/\/9staedte.de\/sv\/wp-json\/wp\/v2\/pages\/14541"}],"wp:featuredmedia":[{"embeddable":true,"href":"https:\/\/9staedte.de\/sv\/wp-json\/wp\/v2\/media\/14117"}],"wp:attachment":[{"href":"https:\/\/9staedte.de\/sv\/wp-json\/wp\/v2\/media?parent=14113"}],"wp:term":[{"taxonomy":"category","embeddable":true,"href":"https:\/\/9staedte.de\/sv\/wp-json\/wp\/v2\/categories?post=14113"},{"taxonomy":"post_tag","embeddable":true,"href":"https:\/\/9staedte.de\/sv\/wp-json\/wp\/v2\/tags?post=14113"},{"taxonomy":"ncap_cities_tax","embeddable":true,"href":"https:\/\/9staedte.de\/sv\/wp-json\/wp\/v2\/ncap_cities_tax?post=14113"}],"curies":[{"name":"wp","href":"https:\/\/api.w.org\/{rel}","templated":true}]}}