{"id":14104,"date":"2023-10-25T16:23:58","date_gmt":"2023-10-25T14:23:58","guid":{"rendered":"https:\/\/9staedte.de\/stadsrundturer-i-hannover\/"},"modified":"2023-10-25T17:54:10","modified_gmt":"2023-10-25T15:54:10","slug":"stadsrundturer-i-hannover","status":"publish","type":"page","link":"https:\/\/9staedte.de\/sv\/hannover-huvudstad-i-niedersachsen\/stadsrundturer-i-hannover\/","title":{"rendered":"Stadsrundturer i Hannover"},"content":{"rendered":"\r\n\r\n    <div class=\"filter-posts\">\r\n            <div  id=\"filterContent\">\r\n                                                        \n<div class=\"contentKachel filtr-item\" data-category=\"hannover-sv\">\n    <a href=\"https:\/\/9staedte.de\/sv\/hop-on-hop-off-stadsrundtur-i-en-dubbeldaeckarbuss\/\">\n        <div class=\"contentKachel-inner\">\n                            <div class=\"contentKachel-thumbnail\">\n                    <img loading=\"lazy\" decoding=\"async\" width=\"300\" height=\"166\" src=\"https:\/\/9staedte.de\/wp-content\/smush-webp\/2022\/06\/Stadtrundfahrt-Hannover-c-HMTG-Lars-Gerhardts-300x166.jpg.webp\" class=\"objectfitcover withfilters wp-post-image\" alt=\"En r\u00f6d dubbeld\u00e4ckarbuss k\u00f6r genom staden. M\u00e4nniskor sitter h\u00f6gst upp och tittar runt. Bakom bussen finns en stor gammal byggnad. Det \u00e4r Hannovers nya stadshus. Himlen \u00e4r bl\u00e5. Solen skiner.\" srcset=\"https:\/\/9staedte.de\/wp-content\/smush-webp\/2022\/06\/Stadtrundfahrt-Hannover-c-HMTG-Lars-Gerhardts-300x166.jpg.webp 300w, https:\/\/9staedte.de\/wp-content\/smush-webp\/2022\/06\/Stadtrundfahrt-Hannover-c-HMTG-Lars-Gerhardts-768x424.jpg.webp 768w, https:\/\/9staedte.de\/wp-content\/smush-webp\/2022\/06\/Stadtrundfahrt-Hannover-c-HMTG-Lars-Gerhardts.jpg.webp 1017w\" sizes=\"auto, (max-width: 300px) 100vw, 300px\" \/>                    <img loading=\"lazy\" decoding=\"async\" width=\"300\" height=\"166\" src=\"https:\/\/9staedte.de\/wp-content\/smush-webp\/2022\/06\/Stadtrundfahrt-Hannover-c-HMTG-Lars-Gerhardts-300x166.jpg.webp\" class=\"objectfitcontain wp-post-image\" alt=\"En r\u00f6d dubbeld\u00e4ckarbuss k\u00f6r genom staden. M\u00e4nniskor sitter h\u00f6gst upp och tittar runt. Bakom bussen finns en stor gammal byggnad. Det \u00e4r Hannovers nya stadshus. Himlen \u00e4r bl\u00e5. Solen skiner.\" srcset=\"https:\/\/9staedte.de\/wp-content\/smush-webp\/2022\/06\/Stadtrundfahrt-Hannover-c-HMTG-Lars-Gerhardts-300x166.jpg.webp 300w, https:\/\/9staedte.de\/wp-content\/smush-webp\/2022\/06\/Stadtrundfahrt-Hannover-c-HMTG-Lars-Gerhardts-768x424.jpg.webp 768w, https:\/\/9staedte.de\/wp-content\/smush-webp\/2022\/06\/Stadtrundfahrt-Hannover-c-HMTG-Lars-Gerhardts.jpg.webp 1017w\" sizes=\"auto, (max-width: 300px) 100vw, 300px\" \/>                        <div class=\"thumbnail-label\">\n    <span>Stadtrundfahrt Hannover c) HMTG Lars Gerhardts<\/span>\n    <\/div>\n                <\/div>\n                        <div class=\"contentKachel-content\">\n                                    <div class=\"city-tag bg-hannover\">\n                        Hannover                    <\/div>\n                \n                <div class=\"title\">\n\n                    Hop-on hop-off stadsrundtur i en dubbeld\u00e4ckarbuss                    \n                <\/div>\n\n                            <\/div>\n\n        <\/div>\n    <\/a>\n<\/div>                                                        \n<div class=\"contentKachel filtr-item\" data-category=\"hannover-sv\">\n    <a href=\"https:\/\/9staedte.de\/sv\/kunglig-traedgaardsprakt-i-herrenhaeuser-traedgaardar\/\">\n        <div class=\"contentKachel-inner\">\n                            <div class=\"contentKachel-thumbnail\">\n                    <img loading=\"lazy\" decoding=\"async\" width=\"300\" height=\"167\" src=\"https:\/\/9staedte.de\/wp-content\/smush-webp\/2022\/06\/Grosser-Garten-Herrenhausen-c-HMTG-Lars-Gerhardts1-300x167.jpg.webp\" class=\"objectfitcover withfilters wp-post-image\" alt=\"Bilden visar Stora tr\u00e4dg\u00e5rden i Hannover. Framf\u00f6r finns en font\u00e4n. Vattnet sprutar upp\u00e5t. En l\u00e5ng v\u00e4g leder till Herrenhausen-slottet. Det finns blomsterrabatter p\u00e5 b\u00e5da sidor. Vita statyer st\u00e5r l\u00e4ngs v\u00e4gen. Palmer st\u00e5r framf\u00f6r slottet. Himlen \u00e4r bl\u00e5 och solen skiner. Det k\u00e4nns lugnt och vackert.\" srcset=\"https:\/\/9staedte.de\/wp-content\/smush-webp\/2022\/06\/Grosser-Garten-Herrenhausen-c-HMTG-Lars-Gerhardts1-300x167.jpg.webp 300w, https:\/\/9staedte.de\/wp-content\/smush-webp\/2022\/06\/Grosser-Garten-Herrenhausen-c-HMTG-Lars-Gerhardts1.jpg.webp 580w\" sizes=\"auto, (max-width: 300px) 100vw, 300px\" \/>                    <img loading=\"lazy\" decoding=\"async\" width=\"300\" height=\"167\" src=\"https:\/\/9staedte.de\/wp-content\/smush-webp\/2022\/06\/Grosser-Garten-Herrenhausen-c-HMTG-Lars-Gerhardts1-300x167.jpg.webp\" class=\"objectfitcontain wp-post-image\" alt=\"Bilden visar Stora tr\u00e4dg\u00e5rden i Hannover. Framf\u00f6r finns en font\u00e4n. Vattnet sprutar upp\u00e5t. En l\u00e5ng v\u00e4g leder till Herrenhausen-slottet. Det finns blomsterrabatter p\u00e5 b\u00e5da sidor. Vita statyer st\u00e5r l\u00e4ngs v\u00e4gen. Palmer st\u00e5r framf\u00f6r slottet. Himlen \u00e4r bl\u00e5 och solen skiner. Det k\u00e4nns lugnt och vackert.\" srcset=\"https:\/\/9staedte.de\/wp-content\/smush-webp\/2022\/06\/Grosser-Garten-Herrenhausen-c-HMTG-Lars-Gerhardts1-300x167.jpg.webp 300w, https:\/\/9staedte.de\/wp-content\/smush-webp\/2022\/06\/Grosser-Garten-Herrenhausen-c-HMTG-Lars-Gerhardts1.jpg.webp 580w\" sizes=\"auto, (max-width: 300px) 100vw, 300px\" \/>                        <div class=\"thumbnail-label\">\n    <span>Gro\u00dfer-Garten-Herrenhausen-c-HMTG-Lars-Gerhardts[1]<\/span>\n    <\/div>\n                <\/div>\n                        <div class=\"contentKachel-content\">\n                                    <div class=\"city-tag bg-hannover\">\n                        Hannover                    <\/div>\n                \n                <div class=\"title\">\n\n                    Kunglig tr\u00e4dg\u00e5rdsprakt i Herrenh\u00e4user tr\u00e4dg\u00e5rdar                    \n                <\/div>\n\n                            <\/div>\n\n        <\/div>\n    <\/a>\n<\/div>                                                        \n<div class=\"contentKachel filtr-item\" data-category=\"hannover-sv\">\n    <a href=\"https:\/\/9staedte.de\/sv\/hannovernascht-kulinarisk-stadsrundtur\/\">\n        <div class=\"contentKachel-inner\">\n                            <div class=\"contentKachel-thumbnail\">\n                    <img loading=\"lazy\" decoding=\"async\" width=\"300\" height=\"165\" src=\"https:\/\/9staedte.de\/wp-content\/smush-webp\/2022\/06\/Kulinarikrundfahrt-Lars-Gerhardts-14-300x165.jpg.webp\" class=\"objectfitcover withfilters wp-post-image\" alt=\"\" srcset=\"https:\/\/9staedte.de\/wp-content\/smush-webp\/2022\/06\/Kulinarikrundfahrt-Lars-Gerhardts-14-300x165.jpg.webp 300w, https:\/\/9staedte.de\/wp-content\/smush-webp\/2022\/06\/Kulinarikrundfahrt-Lars-Gerhardts-14-768x422.jpg.webp 768w, https:\/\/9staedte.de\/wp-content\/smush-webp\/2022\/06\/Kulinarikrundfahrt-Lars-Gerhardts-14.jpg.webp 1020w\" sizes=\"auto, (max-width: 300px) 100vw, 300px\" \/>                    <img loading=\"lazy\" decoding=\"async\" width=\"300\" height=\"165\" src=\"https:\/\/9staedte.de\/wp-content\/smush-webp\/2022\/06\/Kulinarikrundfahrt-Lars-Gerhardts-14-300x165.jpg.webp\" class=\"objectfitcontain wp-post-image\" alt=\"\" srcset=\"https:\/\/9staedte.de\/wp-content\/smush-webp\/2022\/06\/Kulinarikrundfahrt-Lars-Gerhardts-14-300x165.jpg.webp 300w, https:\/\/9staedte.de\/wp-content\/smush-webp\/2022\/06\/Kulinarikrundfahrt-Lars-Gerhardts-14-768x422.jpg.webp 768w, https:\/\/9staedte.de\/wp-content\/smush-webp\/2022\/06\/Kulinarikrundfahrt-Lars-Gerhardts-14.jpg.webp 1020w\" sizes=\"auto, (max-width: 300px) 100vw, 300px\" \/>                        <div class=\"thumbnail-label\">\n    <span>Kulinarikrundfahrt c) HMTG Lars Gerhardts <\/span>\n    <\/div>\n                <\/div>\n                        <div class=\"contentKachel-content\">\n                                    <div class=\"city-tag bg-hannover\">\n                        Hannover                    <\/div>\n                \n                <div class=\"title\">\n\n                    Hanno(ver)nascht &#8211; Kulinarisk stadsrundtur                    \n                <\/div>\n\n                            <\/div>\n\n        <\/div>\n    <\/a>\n<\/div>                                                        \n<div class=\"contentKachel filtr-item\" data-category=\"hannover-sv\">\n    <a href=\"https:\/\/9staedte.de\/sv\/upptaeck-hannover-paa-egen-hand\/\">\n        <div class=\"contentKachel-inner\">\n                            <div class=\"contentKachel-thumbnail\">\n                    <img loading=\"lazy\" decoding=\"async\" width=\"300\" height=\"165\" src=\"https:\/\/9staedte.de\/wp-content\/smush-webp\/2022\/06\/Roter-Faden-Lars-Gerhardts-16-300x165.jpg.webp\" class=\"objectfitcover withfilters wp-post-image\" alt=\"\" srcset=\"https:\/\/9staedte.de\/wp-content\/smush-webp\/2022\/06\/Roter-Faden-Lars-Gerhardts-16-300x165.jpg.webp 300w, https:\/\/9staedte.de\/wp-content\/smush-webp\/2022\/06\/Roter-Faden-Lars-Gerhardts-16-768x423.jpg.webp 768w, https:\/\/9staedte.de\/wp-content\/smush-webp\/2022\/06\/Roter-Faden-Lars-Gerhardts-16.jpg.webp 1019w\" sizes=\"auto, (max-width: 300px) 100vw, 300px\" \/>                    <img loading=\"lazy\" decoding=\"async\" width=\"300\" height=\"165\" src=\"https:\/\/9staedte.de\/wp-content\/smush-webp\/2022\/06\/Roter-Faden-Lars-Gerhardts-16-300x165.jpg.webp\" class=\"objectfitcontain wp-post-image\" alt=\"\" srcset=\"https:\/\/9staedte.de\/wp-content\/smush-webp\/2022\/06\/Roter-Faden-Lars-Gerhardts-16-300x165.jpg.webp 300w, https:\/\/9staedte.de\/wp-content\/smush-webp\/2022\/06\/Roter-Faden-Lars-Gerhardts-16-768x423.jpg.webp 768w, https:\/\/9staedte.de\/wp-content\/smush-webp\/2022\/06\/Roter-Faden-Lars-Gerhardts-16.jpg.webp 1019w\" sizes=\"auto, (max-width: 300px) 100vw, 300px\" \/>                        <div class=\"thumbnail-label\">\n    <span>Roter Faden &#8211; c) Lars Gerhard<\/span>\n    <\/div>\n                <\/div>\n                        <div class=\"contentKachel-content\">\n                                    <div class=\"city-tag bg-hannover\">\n                        Hannover                    <\/div>\n                \n                <div class=\"title\">\n\n                    Uppt\u00e4ck Hannover p\u00e5 egen hand                    \n                <\/div>\n\n                            <\/div>\n\n        <\/div>\n    <\/a>\n<\/div>                                                        \n<div class=\"contentKachel filtr-item\" data-category=\"hannover-sv\">\n    <a href=\"https:\/\/9staedte.de\/sv\/gaangavstaand-till-sevaerdheterna-i-stadens-centrum\/\">\n        <div class=\"contentKachel-inner\">\n                            <div class=\"contentKachel-thumbnail\">\n                    <img loading=\"lazy\" decoding=\"async\" width=\"300\" height=\"165\" src=\"https:\/\/9staedte.de\/wp-content\/smush-webp\/2022\/06\/Hannover-Altstadt-c-HMTG-Lars-Gerhardts-300x165.jpg.webp\" class=\"objectfitcover withfilters wp-post-image\" alt=\"P\u00e5 bilden syns m\u00e5nga gamla tr\u00e4hus. Husen ligger i Hannovers gamla stad. I mitten finns en stor kyrka med ett torn. Folk promenerar p\u00e5 gatan. Solen skiner.\" srcset=\"https:\/\/9staedte.de\/wp-content\/smush-webp\/2022\/06\/Hannover-Altstadt-c-HMTG-Lars-Gerhardts-300x165.jpg.webp 300w, https:\/\/9staedte.de\/wp-content\/smush-webp\/2022\/06\/Hannover-Altstadt-c-HMTG-Lars-Gerhardts-768x422.jpg.webp 768w, https:\/\/9staedte.de\/wp-content\/smush-webp\/2022\/06\/Hannover-Altstadt-c-HMTG-Lars-Gerhardts.jpg.webp 1020w\" sizes=\"auto, (max-width: 300px) 100vw, 300px\" \/>                    <img loading=\"lazy\" decoding=\"async\" width=\"300\" height=\"165\" src=\"https:\/\/9staedte.de\/wp-content\/smush-webp\/2022\/06\/Hannover-Altstadt-c-HMTG-Lars-Gerhardts-300x165.jpg.webp\" class=\"objectfitcontain wp-post-image\" alt=\"P\u00e5 bilden syns m\u00e5nga gamla tr\u00e4hus. Husen ligger i Hannovers gamla stad. I mitten finns en stor kyrka med ett torn. Folk promenerar p\u00e5 gatan. Solen skiner.\" srcset=\"https:\/\/9staedte.de\/wp-content\/smush-webp\/2022\/06\/Hannover-Altstadt-c-HMTG-Lars-Gerhardts-300x165.jpg.webp 300w, https:\/\/9staedte.de\/wp-content\/smush-webp\/2022\/06\/Hannover-Altstadt-c-HMTG-Lars-Gerhardts-768x422.jpg.webp 768w, https:\/\/9staedte.de\/wp-content\/smush-webp\/2022\/06\/Hannover-Altstadt-c-HMTG-Lars-Gerhardts.jpg.webp 1020w\" sizes=\"auto, (max-width: 300px) 100vw, 300px\" \/>                        <div class=\"thumbnail-label\">\n    <span>Hannover Altstadt c) HMTG Lars Gerhardts<\/span>\n    <\/div>\n                <\/div>\n                        <div class=\"contentKachel-content\">\n                                    <div class=\"city-tag bg-hannover\">\n                        Hannover                    <\/div>\n                \n                <div class=\"title\">\n\n                    G\u00e5ngavst\u00e5nd till sev\u00e4rdheterna i stadens centrum                    \n                <\/div>\n\n                            <\/div>\n\n        <\/div>\n    <\/a>\n<\/div>                                            <\/div>\r\n    <\/div>\r\n","protected":false},"excerpt":{"rendered":"","protected":false},"author":1,"featured_media":14111,"parent":14577,"menu_order":0,"comment_status":"closed","ping_status":"closed","template":"pagetemplates\/template-stadtthema.php","meta":{"_acf_changed":false,"footnotes":""},"categories":[],"tags":[],"ncap_cities_tax":[456,1233],"class_list":["post-14104","page","type-page","status-publish","has-post-thumbnail","hentry","ncap_cities_tax-hannover-sv","ncap_cities_tax-stadtfuhrungen-hannover-sv"],"acf":[],"yoast_head":"<!-- This site is optimized with the Yoast SEO plugin v27.4 - https:\/\/yoast.com\/product\/yoast-seo-wordpress\/ -->\n<title>Stadsrundturer i Hannover - 9 St\u00e4dte in Niedersachsen<\/title>\n<meta name=\"robots\" content=\"index, follow, max-snippet:-1, max-image-preview:large, max-video-preview:-1\" \/>\n<link rel=\"canonical\" href=\"https:\/\/9staedte.de\/sv\/hannover-huvudstad-i-niedersachsen\/stadsrundturer-i-hannover\/\" \/>\n<meta property=\"og:locale\" content=\"sv_SE\" \/>\n<meta property=\"og:type\" content=\"article\" \/>\n<meta property=\"og:title\" content=\"Stadsrundturer i Hannover - 9 St\u00e4dte in Niedersachsen\" \/>\n<meta property=\"og:url\" content=\"https:\/\/9staedte.de\/sv\/hannover-huvudstad-i-niedersachsen\/stadsrundturer-i-hannover\/\" \/>\n<meta property=\"og:site_name\" content=\"9 St\u00e4dte in Niedersachsen\" \/>\n<meta property=\"article:modified_time\" content=\"2023-10-25T15:54:10+00:00\" \/>\n<meta property=\"og:image\" content=\"https:\/\/9staedte.de\/wp-content\/uploads\/2023\/02\/Stadtrundfahrt-c-HMTG-Christian-Wyrwa.jpg\" \/>\n\t<meta property=\"og:image:width\" content=\"1019\" \/>\n\t<meta property=\"og:image:height\" content=\"562\" \/>\n\t<meta property=\"og:image:type\" content=\"image\/jpeg\" \/>\n<meta name=\"twitter:card\" content=\"summary_large_image\" \/>\n<script type=\"application\/ld+json\" class=\"yoast-schema-graph\">{\"@context\":\"https:\\\/\\\/schema.org\",\"@graph\":[{\"@type\":\"WebPage\",\"@id\":\"https:\\\/\\\/9staedte.de\\\/sv\\\/hannover-huvudstad-i-niedersachsen\\\/stadsrundturer-i-hannover\\\/\",\"url\":\"https:\\\/\\\/9staedte.de\\\/sv\\\/hannover-huvudstad-i-niedersachsen\\\/stadsrundturer-i-hannover\\\/\",\"name\":\"Stadsrundturer i Hannover - 9 St\u00e4dte in Niedersachsen\",\"isPartOf\":{\"@id\":\"https:\\\/\\\/9staedte.de\\\/sv\\\/#website\"},\"primaryImageOfPage\":{\"@id\":\"https:\\\/\\\/9staedte.de\\\/sv\\\/hannover-huvudstad-i-niedersachsen\\\/stadsrundturer-i-hannover\\\/#primaryimage\"},\"image\":{\"@id\":\"https:\\\/\\\/9staedte.de\\\/sv\\\/hannover-huvudstad-i-niedersachsen\\\/stadsrundturer-i-hannover\\\/#primaryimage\"},\"thumbnailUrl\":\"https:\\\/\\\/9staedte.de\\\/wp-content\\\/uploads\\\/2023\\\/02\\\/Stadtrundfahrt-c-HMTG-Christian-Wyrwa.jpg\",\"datePublished\":\"2023-10-25T14:23:58+00:00\",\"dateModified\":\"2023-10-25T15:54:10+00:00\",\"breadcrumb\":{\"@id\":\"https:\\\/\\\/9staedte.de\\\/sv\\\/hannover-huvudstad-i-niedersachsen\\\/stadsrundturer-i-hannover\\\/#breadcrumb\"},\"inLanguage\":\"sv-SE\",\"potentialAction\":[{\"@type\":\"ReadAction\",\"target\":[\"https:\\\/\\\/9staedte.de\\\/sv\\\/hannover-huvudstad-i-niedersachsen\\\/stadsrundturer-i-hannover\\\/\"]}]},{\"@type\":\"ImageObject\",\"inLanguage\":\"sv-SE\",\"@id\":\"https:\\\/\\\/9staedte.de\\\/sv\\\/hannover-huvudstad-i-niedersachsen\\\/stadsrundturer-i-hannover\\\/#primaryimage\",\"url\":\"https:\\\/\\\/9staedte.de\\\/wp-content\\\/uploads\\\/2023\\\/02\\\/Stadtrundfahrt-c-HMTG-Christian-Wyrwa.jpg\",\"contentUrl\":\"https:\\\/\\\/9staedte.de\\\/wp-content\\\/uploads\\\/2023\\\/02\\\/Stadtrundfahrt-c-HMTG-Christian-Wyrwa.jpg\",\"width\":1019,\"height\":562,\"caption\":\"Hannover Stadtrundfahrt c) HMTG Christian Wyrwa\"},{\"@type\":\"BreadcrumbList\",\"@id\":\"https:\\\/\\\/9staedte.de\\\/sv\\\/hannover-huvudstad-i-niedersachsen\\\/stadsrundturer-i-hannover\\\/#breadcrumb\",\"itemListElement\":[{\"@type\":\"ListItem\",\"position\":1,\"name\":\"Startseite\",\"item\":\"https:\\\/\\\/9staedte.de\\\/sv\\\/\"},{\"@type\":\"ListItem\",\"position\":2,\"name\":\"Hannover &#8211; huvudstad i Niedersachsen\",\"item\":\"https:\\\/\\\/9staedte.de\\\/sv\\\/hannover-huvudstad-i-niedersachsen\\\/\"},{\"@type\":\"ListItem\",\"position\":3,\"name\":\"Stadsrundturer i Hannover\"}]},{\"@type\":\"WebSite\",\"@id\":\"https:\\\/\\\/9staedte.de\\\/sv\\\/#website\",\"url\":\"https:\\\/\\\/9staedte.de\\\/sv\\\/\",\"name\":\"9 St\u00e4dte in Niedersachsen\",\"description\":\"\",\"publisher\":{\"@id\":\"https:\\\/\\\/9staedte.de\\\/sv\\\/#organization\"},\"potentialAction\":[{\"@type\":\"SearchAction\",\"target\":{\"@type\":\"EntryPoint\",\"urlTemplate\":\"https:\\\/\\\/9staedte.de\\\/sv\\\/?s={search_term_string}\"},\"query-input\":{\"@type\":\"PropertyValueSpecification\",\"valueRequired\":true,\"valueName\":\"search_term_string\"}}],\"inLanguage\":\"sv-SE\"},{\"@type\":\"Organization\",\"@id\":\"https:\\\/\\\/9staedte.de\\\/sv\\\/#organization\",\"name\":\"9 St\u00e4dte in Niedersachsen\",\"url\":\"https:\\\/\\\/9staedte.de\\\/sv\\\/\",\"logo\":{\"@type\":\"ImageObject\",\"inLanguage\":\"sv-SE\",\"@id\":\"https:\\\/\\\/9staedte.de\\\/sv\\\/#\\\/schema\\\/logo\\\/image\\\/\",\"url\":\"https:\\\/\\\/9staedte.de\\\/wp-content\\\/uploads\\\/2025\\\/01\\\/9-neg-deutsch-2-1.png\",\"contentUrl\":\"https:\\\/\\\/9staedte.de\\\/wp-content\\\/uploads\\\/2025\\\/01\\\/9-neg-deutsch-2-1.png\",\"width\":190,\"height\":114,\"caption\":\"9 St\u00e4dte in Niedersachsen\"},\"image\":{\"@id\":\"https:\\\/\\\/9staedte.de\\\/sv\\\/#\\\/schema\\\/logo\\\/image\\\/\"}}]}<\/script>\n<!-- \/ Yoast SEO plugin. -->","yoast_head_json":{"title":"Stadsrundturer i Hannover - 9 St\u00e4dte in Niedersachsen","robots":{"index":"index","follow":"follow","max-snippet":"max-snippet:-1","max-image-preview":"max-image-preview:large","max-video-preview":"max-video-preview:-1"},"canonical":"https:\/\/9staedte.de\/sv\/hannover-huvudstad-i-niedersachsen\/stadsrundturer-i-hannover\/","og_locale":"sv_SE","og_type":"article","og_title":"Stadsrundturer i Hannover - 9 St\u00e4dte in Niedersachsen","og_url":"https:\/\/9staedte.de\/sv\/hannover-huvudstad-i-niedersachsen\/stadsrundturer-i-hannover\/","og_site_name":"9 St\u00e4dte in Niedersachsen","article_modified_time":"2023-10-25T15:54:10+00:00","og_image":[{"width":1019,"height":562,"url":"https:\/\/9staedte.de\/wp-content\/uploads\/2023\/02\/Stadtrundfahrt-c-HMTG-Christian-Wyrwa.jpg","type":"image\/jpeg"}],"twitter_card":"summary_large_image","schema":{"@context":"https:\/\/schema.org","@graph":[{"@type":"WebPage","@id":"https:\/\/9staedte.de\/sv\/hannover-huvudstad-i-niedersachsen\/stadsrundturer-i-hannover\/","url":"https:\/\/9staedte.de\/sv\/hannover-huvudstad-i-niedersachsen\/stadsrundturer-i-hannover\/","name":"Stadsrundturer i Hannover - 9 St\u00e4dte in Niedersachsen","isPartOf":{"@id":"https:\/\/9staedte.de\/sv\/#website"},"primaryImageOfPage":{"@id":"https:\/\/9staedte.de\/sv\/hannover-huvudstad-i-niedersachsen\/stadsrundturer-i-hannover\/#primaryimage"},"image":{"@id":"https:\/\/9staedte.de\/sv\/hannover-huvudstad-i-niedersachsen\/stadsrundturer-i-hannover\/#primaryimage"},"thumbnailUrl":"https:\/\/9staedte.de\/wp-content\/uploads\/2023\/02\/Stadtrundfahrt-c-HMTG-Christian-Wyrwa.jpg","datePublished":"2023-10-25T14:23:58+00:00","dateModified":"2023-10-25T15:54:10+00:00","breadcrumb":{"@id":"https:\/\/9staedte.de\/sv\/hannover-huvudstad-i-niedersachsen\/stadsrundturer-i-hannover\/#breadcrumb"},"inLanguage":"sv-SE","potentialAction":[{"@type":"ReadAction","target":["https:\/\/9staedte.de\/sv\/hannover-huvudstad-i-niedersachsen\/stadsrundturer-i-hannover\/"]}]},{"@type":"ImageObject","inLanguage":"sv-SE","@id":"https:\/\/9staedte.de\/sv\/hannover-huvudstad-i-niedersachsen\/stadsrundturer-i-hannover\/#primaryimage","url":"https:\/\/9staedte.de\/wp-content\/uploads\/2023\/02\/Stadtrundfahrt-c-HMTG-Christian-Wyrwa.jpg","contentUrl":"https:\/\/9staedte.de\/wp-content\/uploads\/2023\/02\/Stadtrundfahrt-c-HMTG-Christian-Wyrwa.jpg","width":1019,"height":562,"caption":"Hannover Stadtrundfahrt c) HMTG Christian Wyrwa"},{"@type":"BreadcrumbList","@id":"https:\/\/9staedte.de\/sv\/hannover-huvudstad-i-niedersachsen\/stadsrundturer-i-hannover\/#breadcrumb","itemListElement":[{"@type":"ListItem","position":1,"name":"Startseite","item":"https:\/\/9staedte.de\/sv\/"},{"@type":"ListItem","position":2,"name":"Hannover &#8211; huvudstad i Niedersachsen","item":"https:\/\/9staedte.de\/sv\/hannover-huvudstad-i-niedersachsen\/"},{"@type":"ListItem","position":3,"name":"Stadsrundturer i Hannover"}]},{"@type":"WebSite","@id":"https:\/\/9staedte.de\/sv\/#website","url":"https:\/\/9staedte.de\/sv\/","name":"9 St\u00e4dte in Niedersachsen","description":"","publisher":{"@id":"https:\/\/9staedte.de\/sv\/#organization"},"potentialAction":[{"@type":"SearchAction","target":{"@type":"EntryPoint","urlTemplate":"https:\/\/9staedte.de\/sv\/?s={search_term_string}"},"query-input":{"@type":"PropertyValueSpecification","valueRequired":true,"valueName":"search_term_string"}}],"inLanguage":"sv-SE"},{"@type":"Organization","@id":"https:\/\/9staedte.de\/sv\/#organization","name":"9 St\u00e4dte in Niedersachsen","url":"https:\/\/9staedte.de\/sv\/","logo":{"@type":"ImageObject","inLanguage":"sv-SE","@id":"https:\/\/9staedte.de\/sv\/#\/schema\/logo\/image\/","url":"https:\/\/9staedte.de\/wp-content\/uploads\/2025\/01\/9-neg-deutsch-2-1.png","contentUrl":"https:\/\/9staedte.de\/wp-content\/uploads\/2025\/01\/9-neg-deutsch-2-1.png","width":190,"height":114,"caption":"9 St\u00e4dte in Niedersachsen"},"image":{"@id":"https:\/\/9staedte.de\/sv\/#\/schema\/logo\/image\/"}}]}},"_links":{"self":[{"href":"https:\/\/9staedte.de\/sv\/wp-json\/wp\/v2\/pages\/14104","targetHints":{"allow":["GET"]}}],"collection":[{"href":"https:\/\/9staedte.de\/sv\/wp-json\/wp\/v2\/pages"}],"about":[{"href":"https:\/\/9staedte.de\/sv\/wp-json\/wp\/v2\/types\/page"}],"author":[{"embeddable":true,"href":"https:\/\/9staedte.de\/sv\/wp-json\/wp\/v2\/users\/1"}],"replies":[{"embeddable":true,"href":"https:\/\/9staedte.de\/sv\/wp-json\/wp\/v2\/comments?post=14104"}],"version-history":[{"count":1,"href":"https:\/\/9staedte.de\/sv\/wp-json\/wp\/v2\/pages\/14104\/revisions"}],"predecessor-version":[{"id":14112,"href":"https:\/\/9staedte.de\/sv\/wp-json\/wp\/v2\/pages\/14104\/revisions\/14112"}],"up":[{"embeddable":true,"href":"https:\/\/9staedte.de\/sv\/wp-json\/wp\/v2\/pages\/14577"}],"wp:featuredmedia":[{"embeddable":true,"href":"https:\/\/9staedte.de\/sv\/wp-json\/wp\/v2\/media\/14111"}],"wp:attachment":[{"href":"https:\/\/9staedte.de\/sv\/wp-json\/wp\/v2\/media?parent=14104"}],"wp:term":[{"taxonomy":"category","embeddable":true,"href":"https:\/\/9staedte.de\/sv\/wp-json\/wp\/v2\/categories?post=14104"},{"taxonomy":"post_tag","embeddable":true,"href":"https:\/\/9staedte.de\/sv\/wp-json\/wp\/v2\/tags?post=14104"},{"taxonomy":"ncap_cities_tax","embeddable":true,"href":"https:\/\/9staedte.de\/sv\/wp-json\/wp\/v2\/ncap_cities_tax?post=14104"}],"curies":[{"name":"wp","href":"https:\/\/api.w.org\/{rel}","templated":true}]}}