{"id":14102,"date":"2023-10-25T16:24:02","date_gmt":"2023-10-25T14:24:02","guid":{"rendered":"https:\/\/9staedte.de\/hildesheim-upptaeck-haallbart\/"},"modified":"2024-03-21T15:14:28","modified_gmt":"2024-03-21T14:14:28","slug":"hildesheim-upptaeck-haallbart","status":"publish","type":"page","link":"https:\/\/9staedte.de\/sv\/hildesheim-stad-paa-unescos-vaerldsarvslista\/hildesheim-upptaeck-haallbart\/","title":{"rendered":"Hildesheim &#8211; uppt\u00e4ck h\u00e5llbart"},"content":{"rendered":"\n<h2 class=\"wp-block-heading\">Hildesheim &#8211; uppt\u00e4ck h\u00e5llbart<\/h2>\n\n\n\n<p>Tack vare de goda f\u00f6rbindelserna till j\u00e4rnv\u00e4gsn\u00e4tet kan Hildesheim n\u00e5s p\u00e5 ett milj\u00f6v\u00e4nligt s\u00e4tt med ICE, Metronom, Eurobahn och NordWestBahn samt S-Bahn. Upplev Hildesheim p\u00e5 ett h\u00e5llbart s\u00e4tt och utforska staden p\u00e5 korta str\u00e4ckor genom att vandra, g\u00e5, cykla eller med elfordon. Ett bes\u00f6k p\u00e5 veckomarknaderna \u00e4r ett m\u00e5ste under vistelsen: s\u00f6ta jordgubbar och krispig sallad fr\u00e5n Algermissen, tjock potatis fr\u00e5n Hildesheim B\u00f6rde och s\u00f6t honung fr\u00e5n Hildesheims stadsbin. Handgjorda och lokala delikatesser fyller ocks\u00e5 hyllorna i regionens butiker. \u00d6vertyga dig sj\u00e4lv om de h\u00e5llbara erbjudandena i Hildesheim!<\/p>\n\n\n\n\n<div class=\"banner-wrapper\">\n  <div class=\"banner-inner \">\n      <div class=\"img-container\">\n      <div class=\"img-wrapper\">\n        <img decoding=\"async\" src=\"https:\/\/9staedte.de\/wp-content\/smush-webp\/2023\/03\/Radfahren-in-Hildesheim\u00a9-Hildesheim-Marketing-Foto-Bierwagen.jpg.webp\" alt=\"Bilden visar en man och en kvinna som cyklar. De cyklar bredvid varandra i en skog. Stigen \u00e4r rak och omgiven av tr\u00e4d. De ler och har p\u00e5 sig fritidskl\u00e4der. Solen lyser genom l\u00f6ven. Det \u00e4r lugnt och gr\u00f6nt. Platsen \u00e4r i Hildesheim.\" \/>\n                  <div class=\"thumbnail-label\">\n            <span>Radfahren in Hildesheim\u00a9 Hildesheim Marketing, Foto Bierwagen<\/span>\n          <\/div>\n              <\/div>\n    <\/div>\n        <div class=\"text-container\">\n      <div class=\"content\">\n        <h2>Uppt\u00e4ck Hildesheim p\u00e5 ett h\u00e5llbart s\u00e4tt: 9 tips<\/h2>\n<p>&#8211; R\u00e4ttvis handel p\u00e5 lokal niv\u00e5: officiella &#8221;Fairtrade Town&#8221; Hildesheim<\/p>\n<p>&#8211; Van der Valk Hotel Hildesheim som ett &#8221;Certified Green Hotel&#8221;<\/p>\n<p>&#8211; Veckomarknader med specialiteter fr\u00e5n regionala leverant\u00f6rer<\/p>\n<p>&#8211; Regional, r\u00e4ttvist handlad mat med Hi-Land-logotypen<\/p>\n<p>&#8211; Regionala produkter som honung, \u00f6l, tryffel och mycket mer i vissa butiker och stormarknader i Hildesheim<\/p>\n<p>&#8211; Kanotturer p\u00e5 floderna Leine och Innerste<\/p>\n<p>&#8211; Vandringar i och runt Hildesheim p\u00e5 bergs- och panoramav\u00e4gar<\/p>\n<p>&#8211; Cykling i regionen p\u00e5 cirka 460 kilometer<\/p>\n<p>&#8211; Bilpool (Stadtmobil) och elscooter (Tier) i Hildesheim<\/p>\n      <\/div>\n    <\/div>\n    <\/div>\n<\/div>\n\n","protected":false},"excerpt":{"rendered":"<p>Hildesheim &#8211; uppt\u00e4ck h\u00e5llbart Tack vare de goda f\u00f6rbindelserna till j\u00e4rnv\u00e4gsn\u00e4tet kan Hildesheim n\u00e5s p\u00e5 ett milj\u00f6v\u00e4nligt s\u00e4tt med ICE, Metronom, Eurobahn och NordWestBahn samt S-Bahn. Upplev Hildesheim p\u00e5 ett h\u00e5llbart s\u00e4tt och utforska staden p\u00e5 korta str\u00e4ckor genom att vandra, g\u00e5, cykla eller med elfordon. Ett bes\u00f6k p\u00e5 veckomarknaderna \u00e4r ett m\u00e5ste under vistelsen: [&hellip;]<\/p>\n","protected":false},"author":1,"featured_media":14108,"parent":14541,"menu_order":0,"comment_status":"closed","ping_status":"closed","template":"pagetemplates\/template-stadtthema.php","meta":{"_acf_changed":false,"footnotes":""},"categories":[],"tags":[],"ncap_cities_tax":[463,1065],"class_list":["post-14102","page","type-page","status-publish","has-post-thumbnail","hentry","ncap_cities_tax-hildesheim-sv","ncap_cities_tax-naturerlebnisse-und-nachhaltigkeit-hildesheim-sv"],"acf":[],"yoast_head":"<!-- This site is optimized with the Yoast SEO plugin v26.8 - https:\/\/yoast.com\/product\/yoast-seo-wordpress\/ -->\n<title>Hildesheim - uppt\u00e4ck h\u00e5llbart - 9 St\u00e4dte in Niedersachsen<\/title>\n<meta name=\"robots\" content=\"index, follow, max-snippet:-1, max-image-preview:large, max-video-preview:-1\" \/>\n<link rel=\"canonical\" href=\"https:\/\/9staedte.de\/sv\/hildesheim-stad-paa-unescos-vaerldsarvslista\/hildesheim-upptaeck-haallbart\/\" \/>\n<meta property=\"og:locale\" content=\"sv_SE\" \/>\n<meta property=\"og:type\" content=\"article\" \/>\n<meta property=\"og:title\" content=\"Hildesheim - uppt\u00e4ck h\u00e5llbart - 9 St\u00e4dte in Niedersachsen\" \/>\n<meta property=\"og:description\" content=\"Hildesheim &#8211; uppt\u00e4ck h\u00e5llbart Tack vare de goda f\u00f6rbindelserna till j\u00e4rnv\u00e4gsn\u00e4tet kan Hildesheim n\u00e5s p\u00e5 ett milj\u00f6v\u00e4nligt s\u00e4tt med ICE, Metronom, Eurobahn och NordWestBahn samt S-Bahn. Upplev Hildesheim p\u00e5 ett h\u00e5llbart s\u00e4tt och utforska staden p\u00e5 korta str\u00e4ckor genom att vandra, g\u00e5, cykla eller med elfordon. Ett bes\u00f6k p\u00e5 veckomarknaderna \u00e4r ett m\u00e5ste under vistelsen: [&hellip;]\" \/>\n<meta property=\"og:url\" content=\"https:\/\/9staedte.de\/sv\/hildesheim-stad-paa-unescos-vaerldsarvslista\/hildesheim-upptaeck-haallbart\/\" \/>\n<meta property=\"og:site_name\" content=\"9 St\u00e4dte in Niedersachsen\" \/>\n<meta property=\"article:modified_time\" content=\"2024-03-21T14:14:28+00:00\" \/>\n<meta property=\"og:image\" content=\"https:\/\/9staedte.de\/wp-content\/uploads\/2023\/03\/Wochenmakrt-Hildesheim-\u00a9-Hildesheim-Marketing-GmbH-Foto-Dagmar-Schwelle.jpg\" \/>\n\t<meta property=\"og:image:width\" content=\"1020\" \/>\n\t<meta property=\"og:image:height\" content=\"560\" \/>\n\t<meta property=\"og:image:type\" content=\"image\/jpeg\" \/>\n<meta name=\"twitter:card\" content=\"summary_large_image\" \/>\n<meta name=\"twitter:label1\" content=\"Ber\u00e4knad l\u00e4stid\" \/>\n\t<meta name=\"twitter:data1\" content=\"1 minut\" \/>\n<script type=\"application\/ld+json\" class=\"yoast-schema-graph\">{\"@context\":\"https:\/\/schema.org\",\"@graph\":[{\"@type\":\"WebPage\",\"@id\":\"https:\/\/9staedte.de\/sv\/hildesheim-stad-paa-unescos-vaerldsarvslista\/hildesheim-upptaeck-haallbart\/\",\"url\":\"https:\/\/9staedte.de\/sv\/hildesheim-stad-paa-unescos-vaerldsarvslista\/hildesheim-upptaeck-haallbart\/\",\"name\":\"Hildesheim - uppt\u00e4ck h\u00e5llbart - 9 St\u00e4dte in Niedersachsen\",\"isPartOf\":{\"@id\":\"https:\/\/9staedte.de\/sv\/#website\"},\"primaryImageOfPage\":{\"@id\":\"https:\/\/9staedte.de\/sv\/hildesheim-stad-paa-unescos-vaerldsarvslista\/hildesheim-upptaeck-haallbart\/#primaryimage\"},\"image\":{\"@id\":\"https:\/\/9staedte.de\/sv\/hildesheim-stad-paa-unescos-vaerldsarvslista\/hildesheim-upptaeck-haallbart\/#primaryimage\"},\"thumbnailUrl\":\"https:\/\/9staedte.de\/wp-content\/uploads\/2023\/03\/Wochenmakrt-Hildesheim-\u00a9-Hildesheim-Marketing-GmbH-Foto-Dagmar-Schwelle.jpg\",\"datePublished\":\"2023-10-25T14:24:02+00:00\",\"dateModified\":\"2024-03-21T14:14:28+00:00\",\"breadcrumb\":{\"@id\":\"https:\/\/9staedte.de\/sv\/hildesheim-stad-paa-unescos-vaerldsarvslista\/hildesheim-upptaeck-haallbart\/#breadcrumb\"},\"inLanguage\":\"sv-SE\",\"potentialAction\":[{\"@type\":\"ReadAction\",\"target\":[\"https:\/\/9staedte.de\/sv\/hildesheim-stad-paa-unescos-vaerldsarvslista\/hildesheim-upptaeck-haallbart\/\"]}]},{\"@type\":\"ImageObject\",\"inLanguage\":\"sv-SE\",\"@id\":\"https:\/\/9staedte.de\/sv\/hildesheim-stad-paa-unescos-vaerldsarvslista\/hildesheim-upptaeck-haallbart\/#primaryimage\",\"url\":\"https:\/\/9staedte.de\/wp-content\/uploads\/2023\/03\/Wochenmakrt-Hildesheim-\u00a9-Hildesheim-Marketing-GmbH-Foto-Dagmar-Schwelle.jpg\",\"contentUrl\":\"https:\/\/9staedte.de\/wp-content\/uploads\/2023\/03\/Wochenmakrt-Hildesheim-\u00a9-Hildesheim-Marketing-GmbH-Foto-Dagmar-Schwelle.jpg\",\"width\":1020,\"height\":560,\"caption\":\"Wochenmarkt Hildesheim \u00a9 Hildesheim Marketing GmbH, Foto Dagmar Schwelle\"},{\"@type\":\"BreadcrumbList\",\"@id\":\"https:\/\/9staedte.de\/sv\/hildesheim-stad-paa-unescos-vaerldsarvslista\/hildesheim-upptaeck-haallbart\/#breadcrumb\",\"itemListElement\":[{\"@type\":\"ListItem\",\"position\":1,\"name\":\"Startseite\",\"item\":\"https:\/\/9staedte.de\/sv\/\"},{\"@type\":\"ListItem\",\"position\":2,\"name\":\"Hildesheim &#8211; stad p\u00e5 UNESCO:s v\u00e4rldsarvslista\",\"item\":\"https:\/\/9staedte.de\/sv\/hildesheim-stad-paa-unescos-vaerldsarvslista\/\"},{\"@type\":\"ListItem\",\"position\":3,\"name\":\"Hildesheim &#8211; uppt\u00e4ck h\u00e5llbart\"}]},{\"@type\":\"WebSite\",\"@id\":\"https:\/\/9staedte.de\/sv\/#website\",\"url\":\"https:\/\/9staedte.de\/sv\/\",\"name\":\"9 St\u00e4dte in Niedersachsen\",\"description\":\"\",\"publisher\":{\"@id\":\"https:\/\/9staedte.de\/sv\/#organization\"},\"potentialAction\":[{\"@type\":\"SearchAction\",\"target\":{\"@type\":\"EntryPoint\",\"urlTemplate\":\"https:\/\/9staedte.de\/sv\/?s={search_term_string}\"},\"query-input\":{\"@type\":\"PropertyValueSpecification\",\"valueRequired\":true,\"valueName\":\"search_term_string\"}}],\"inLanguage\":\"sv-SE\"},{\"@type\":\"Organization\",\"@id\":\"https:\/\/9staedte.de\/sv\/#organization\",\"name\":\"9 St\u00e4dte in Niedersachsen\",\"url\":\"https:\/\/9staedte.de\/sv\/\",\"logo\":{\"@type\":\"ImageObject\",\"inLanguage\":\"sv-SE\",\"@id\":\"https:\/\/9staedte.de\/sv\/#\/schema\/logo\/image\/\",\"url\":\"https:\/\/9staedte.de\/wp-content\/uploads\/2025\/01\/9-neg-deutsch-2-1.png\",\"contentUrl\":\"https:\/\/9staedte.de\/wp-content\/uploads\/2025\/01\/9-neg-deutsch-2-1.png\",\"width\":190,\"height\":114,\"caption\":\"9 St\u00e4dte in Niedersachsen\"},\"image\":{\"@id\":\"https:\/\/9staedte.de\/sv\/#\/schema\/logo\/image\/\"}}]}<\/script>\n<!-- \/ Yoast SEO plugin. -->","yoast_head_json":{"title":"Hildesheim - uppt\u00e4ck h\u00e5llbart - 9 St\u00e4dte in Niedersachsen","robots":{"index":"index","follow":"follow","max-snippet":"max-snippet:-1","max-image-preview":"max-image-preview:large","max-video-preview":"max-video-preview:-1"},"canonical":"https:\/\/9staedte.de\/sv\/hildesheim-stad-paa-unescos-vaerldsarvslista\/hildesheim-upptaeck-haallbart\/","og_locale":"sv_SE","og_type":"article","og_title":"Hildesheim - uppt\u00e4ck h\u00e5llbart - 9 St\u00e4dte in Niedersachsen","og_description":"Hildesheim &#8211; uppt\u00e4ck h\u00e5llbart Tack vare de goda f\u00f6rbindelserna till j\u00e4rnv\u00e4gsn\u00e4tet kan Hildesheim n\u00e5s p\u00e5 ett milj\u00f6v\u00e4nligt s\u00e4tt med ICE, Metronom, Eurobahn och NordWestBahn samt S-Bahn. Upplev Hildesheim p\u00e5 ett h\u00e5llbart s\u00e4tt och utforska staden p\u00e5 korta str\u00e4ckor genom att vandra, g\u00e5, cykla eller med elfordon. Ett bes\u00f6k p\u00e5 veckomarknaderna \u00e4r ett m\u00e5ste under vistelsen: [&hellip;]","og_url":"https:\/\/9staedte.de\/sv\/hildesheim-stad-paa-unescos-vaerldsarvslista\/hildesheim-upptaeck-haallbart\/","og_site_name":"9 St\u00e4dte in Niedersachsen","article_modified_time":"2024-03-21T14:14:28+00:00","og_image":[{"width":1020,"height":560,"url":"https:\/\/9staedte.de\/wp-content\/uploads\/2023\/03\/Wochenmakrt-Hildesheim-\u00a9-Hildesheim-Marketing-GmbH-Foto-Dagmar-Schwelle.jpg","type":"image\/jpeg"}],"twitter_card":"summary_large_image","twitter_misc":{"Ber\u00e4knad l\u00e4stid":"1 minut"},"schema":{"@context":"https:\/\/schema.org","@graph":[{"@type":"WebPage","@id":"https:\/\/9staedte.de\/sv\/hildesheim-stad-paa-unescos-vaerldsarvslista\/hildesheim-upptaeck-haallbart\/","url":"https:\/\/9staedte.de\/sv\/hildesheim-stad-paa-unescos-vaerldsarvslista\/hildesheim-upptaeck-haallbart\/","name":"Hildesheim - uppt\u00e4ck h\u00e5llbart - 9 St\u00e4dte in Niedersachsen","isPartOf":{"@id":"https:\/\/9staedte.de\/sv\/#website"},"primaryImageOfPage":{"@id":"https:\/\/9staedte.de\/sv\/hildesheim-stad-paa-unescos-vaerldsarvslista\/hildesheim-upptaeck-haallbart\/#primaryimage"},"image":{"@id":"https:\/\/9staedte.de\/sv\/hildesheim-stad-paa-unescos-vaerldsarvslista\/hildesheim-upptaeck-haallbart\/#primaryimage"},"thumbnailUrl":"https:\/\/9staedte.de\/wp-content\/uploads\/2023\/03\/Wochenmakrt-Hildesheim-\u00a9-Hildesheim-Marketing-GmbH-Foto-Dagmar-Schwelle.jpg","datePublished":"2023-10-25T14:24:02+00:00","dateModified":"2024-03-21T14:14:28+00:00","breadcrumb":{"@id":"https:\/\/9staedte.de\/sv\/hildesheim-stad-paa-unescos-vaerldsarvslista\/hildesheim-upptaeck-haallbart\/#breadcrumb"},"inLanguage":"sv-SE","potentialAction":[{"@type":"ReadAction","target":["https:\/\/9staedte.de\/sv\/hildesheim-stad-paa-unescos-vaerldsarvslista\/hildesheim-upptaeck-haallbart\/"]}]},{"@type":"ImageObject","inLanguage":"sv-SE","@id":"https:\/\/9staedte.de\/sv\/hildesheim-stad-paa-unescos-vaerldsarvslista\/hildesheim-upptaeck-haallbart\/#primaryimage","url":"https:\/\/9staedte.de\/wp-content\/uploads\/2023\/03\/Wochenmakrt-Hildesheim-\u00a9-Hildesheim-Marketing-GmbH-Foto-Dagmar-Schwelle.jpg","contentUrl":"https:\/\/9staedte.de\/wp-content\/uploads\/2023\/03\/Wochenmakrt-Hildesheim-\u00a9-Hildesheim-Marketing-GmbH-Foto-Dagmar-Schwelle.jpg","width":1020,"height":560,"caption":"Wochenmarkt Hildesheim \u00a9 Hildesheim Marketing GmbH, Foto Dagmar Schwelle"},{"@type":"BreadcrumbList","@id":"https:\/\/9staedte.de\/sv\/hildesheim-stad-paa-unescos-vaerldsarvslista\/hildesheim-upptaeck-haallbart\/#breadcrumb","itemListElement":[{"@type":"ListItem","position":1,"name":"Startseite","item":"https:\/\/9staedte.de\/sv\/"},{"@type":"ListItem","position":2,"name":"Hildesheim &#8211; stad p\u00e5 UNESCO:s v\u00e4rldsarvslista","item":"https:\/\/9staedte.de\/sv\/hildesheim-stad-paa-unescos-vaerldsarvslista\/"},{"@type":"ListItem","position":3,"name":"Hildesheim &#8211; uppt\u00e4ck h\u00e5llbart"}]},{"@type":"WebSite","@id":"https:\/\/9staedte.de\/sv\/#website","url":"https:\/\/9staedte.de\/sv\/","name":"9 St\u00e4dte in Niedersachsen","description":"","publisher":{"@id":"https:\/\/9staedte.de\/sv\/#organization"},"potentialAction":[{"@type":"SearchAction","target":{"@type":"EntryPoint","urlTemplate":"https:\/\/9staedte.de\/sv\/?s={search_term_string}"},"query-input":{"@type":"PropertyValueSpecification","valueRequired":true,"valueName":"search_term_string"}}],"inLanguage":"sv-SE"},{"@type":"Organization","@id":"https:\/\/9staedte.de\/sv\/#organization","name":"9 St\u00e4dte in Niedersachsen","url":"https:\/\/9staedte.de\/sv\/","logo":{"@type":"ImageObject","inLanguage":"sv-SE","@id":"https:\/\/9staedte.de\/sv\/#\/schema\/logo\/image\/","url":"https:\/\/9staedte.de\/wp-content\/uploads\/2025\/01\/9-neg-deutsch-2-1.png","contentUrl":"https:\/\/9staedte.de\/wp-content\/uploads\/2025\/01\/9-neg-deutsch-2-1.png","width":190,"height":114,"caption":"9 St\u00e4dte in Niedersachsen"},"image":{"@id":"https:\/\/9staedte.de\/sv\/#\/schema\/logo\/image\/"}}]}},"_links":{"self":[{"href":"https:\/\/9staedte.de\/sv\/wp-json\/wp\/v2\/pages\/14102","targetHints":{"allow":["GET"]}}],"collection":[{"href":"https:\/\/9staedte.de\/sv\/wp-json\/wp\/v2\/pages"}],"about":[{"href":"https:\/\/9staedte.de\/sv\/wp-json\/wp\/v2\/types\/page"}],"author":[{"embeddable":true,"href":"https:\/\/9staedte.de\/sv\/wp-json\/wp\/v2\/users\/1"}],"replies":[{"embeddable":true,"href":"https:\/\/9staedte.de\/sv\/wp-json\/wp\/v2\/comments?post=14102"}],"version-history":[{"count":5,"href":"https:\/\/9staedte.de\/sv\/wp-json\/wp\/v2\/pages\/14102\/revisions"}],"predecessor-version":[{"id":21502,"href":"https:\/\/9staedte.de\/sv\/wp-json\/wp\/v2\/pages\/14102\/revisions\/21502"}],"up":[{"embeddable":true,"href":"https:\/\/9staedte.de\/sv\/wp-json\/wp\/v2\/pages\/14541"}],"wp:featuredmedia":[{"embeddable":true,"href":"https:\/\/9staedte.de\/sv\/wp-json\/wp\/v2\/media\/14108"}],"wp:attachment":[{"href":"https:\/\/9staedte.de\/sv\/wp-json\/wp\/v2\/media?parent=14102"}],"wp:term":[{"taxonomy":"category","embeddable":true,"href":"https:\/\/9staedte.de\/sv\/wp-json\/wp\/v2\/categories?post=14102"},{"taxonomy":"post_tag","embeddable":true,"href":"https:\/\/9staedte.de\/sv\/wp-json\/wp\/v2\/tags?post=14102"},{"taxonomy":"ncap_cities_tax","embeddable":true,"href":"https:\/\/9staedte.de\/sv\/wp-json\/wp\/v2\/ncap_cities_tax?post=14102"}],"curies":[{"name":"wp","href":"https:\/\/api.w.org\/{rel}","templated":true}]}}