{"id":14095,"date":"2023-10-25T16:23:56","date_gmt":"2023-10-25T14:23:56","guid":{"rendered":"https:\/\/9staedte.de\/information-om-reseledare-och-utflykter-i-hannover\/"},"modified":"2025-05-09T12:29:09","modified_gmt":"2025-05-09T10:29:09","slug":"information-om-reseledare-och-utflykter-i-hannover","status":"publish","type":"page","link":"https:\/\/9staedte.de\/sv\/hannover-huvudstad-i-niedersachsen\/information-om-reseledare-och-utflykter-i-hannover\/","title":{"rendered":"Information om reseledare och utflykter i Hannover"},"content":{"rendered":"\n<h3 class=\"wp-block-heading\">Priser och erbjudanden:<\/h3>\n\n\n\n<h3 class=\"wp-block-heading\">1. Bist\u00e5ndsuppdrag p\u00e5 ett fr\u00e4mmande spr\u00e5k.<\/h3>\n\n\n\n<p>(t.ex. transferassistenter, mottagning p\u00e5 flygplatsen etc.)<\/p>\n\n\n\n<p>upp till 2 timmar\u00a0:<br>Pris: 140,- euro<br>Varje ytterligare timme eller del d\u00e4rav: \u20ac 65,-.<\/p>\n\n\n\n<h3 class=\"wp-block-heading\">2. assistansuppdrag \/ reses\u00e4llskap p\u00e5 ett fr\u00e4mmande spr\u00e5k*.<\/h3>\n\n\n\n<p>Halvdag \/ upp till 4 timmar:<br>Pris: 225,- euro<br>Varje ytterligare timme eller del d\u00e4rav: \u20ac 65,-.<\/p>\n\n\n\n<p>heldag \/ 8 timmar:<br>Pris: 395,- euro<\/p>\n\n\n\n<p>* Detta \u00e4r dock inte<br>certifierade reseledare.<\/p>\n\n\n\n<h3 class=\"wp-block-heading\">3. Hj\u00e4lp med \u00f6vers\u00e4ttning<\/h3>\n\n\n\n<p>(t.ex. f\u00f6retagsbes\u00f6k, bes\u00f6k p\u00e5 handelsm\u00e4ssor)<\/p>\n\n\n\n<p>Upp till 2 timmars drifttid:<br>Pris: 185,- euro<br>Varje ytterligare timme eller del d\u00e4rav: \u20ac 65,-.<br>halvdag \/ 4 timmar: \u20ac 315,-<br>heldag \/ 8 timmar: \u20ac 430,-<\/p>\n\n\n\n<p>Ers\u00e4ttningar f\u00f6r alla ovanst\u00e5ende uppdrag:<\/p>\n\n\n\n<p>Till\u00e4gg f\u00f6r sv\u00e5rtillg\u00e4ngliga och avl\u00e4gset bel\u00e4gna m\u00f6tesplatser plus \u20ac 50,- (fast avgift)<br>Detta g\u00e4ller \u00e4ven f\u00f6r ol\u00e4mpligt placerade\u00a0avg\u00e5ngs-\/ankomstpunkter.<\/p>\n\n\n\n<h4 class=\"wp-block-heading\">Till\u00e4gg f\u00f6r natt:<\/h4>\n\n\n\n<p>f\u00f6r verksamhet mellan kl. 22.00 och 06.00<br>F\u00f6r varje timme eller del av timme, en till\u00e4ggsavgift p\u00e5<br>av den extra timmen kommer att debiteras.<br>&#8211; Vid l\u00e4ngre uppdrag, of\u00f6rutsedda kostnader som uppkommit<br>(t.ex. resekostnader, parkeringsavgifter, m\u00e5ltider, \u00f6vernattning etc.) debiteras extra.<\/p>\n\n\n\n<h4 class=\"wp-block-heading\">Avgift f\u00f6r placering\/bearbetning<\/h4>\n\n\n\n<p>Beroende p\u00e5 best\u00e4llningens storlek debiteras en byr\u00e5-\/hanteringsavgift, med undantag f\u00f6r rena stadsresebokningar.<\/p>\n\n\n\n<p>Fr\u00e4mmande spr\u00e5k p\u00e5 beg\u00e4ran!<br>(engelska, franska, spanska, italienska, portugisiska, nederl\u00e4ndska, ryska, polska, bulgariska, japanska, etc.)<\/p>\n\n\n\n<h4 class=\"wp-block-heading\">Bokningar med:<\/h4>\n\n\n\n<p>Hannover Marknadsf\u00f6ring &amp; Turism GmbH<br>Stadsresor<br>Vahrenwalder Strasse 7<br>30165 Hanover<br>Tel.: +49 (0) 511\/12345-333<br>Fax:&nbsp; +49 (0) 511\/12345-334<br>E-post:&nbsp;<a href=\"mailto:staedtereisen@hannover-tourismus.de\" target=\"_blank\" rel=\"noreferrer noopener\">staedtereise@hannover-tourismus.de<\/a><br>Internet:<a href=\"http:\/\/www.visit-hannover.com\/\">&nbsp;www.visit-hannover.com<\/a><\/p>\n","protected":false},"excerpt":{"rendered":"<p>Priser och erbjudanden: 1. Bist\u00e5ndsuppdrag p\u00e5 ett fr\u00e4mmande spr\u00e5k. (t.ex. transferassistenter, mottagning p\u00e5 flygplatsen etc.) upp till 2 timmar\u00a0:Pris: 140,- euroVarje ytterligare timme eller del d\u00e4rav: \u20ac 65,-. 2. assistansuppdrag \/ reses\u00e4llskap p\u00e5 ett fr\u00e4mmande spr\u00e5k*. Halvdag \/ upp till 4 timmar:Pris: 225,- euroVarje ytterligare timme eller del d\u00e4rav: \u20ac 65,-. heldag \/ 8 timmar:Pris: [&hellip;]<\/p>\n","protected":false},"author":1,"featured_media":13628,"parent":14577,"menu_order":0,"comment_status":"closed","ping_status":"closed","template":"pagetemplates\/template-stadtthema.php","meta":{"_acf_changed":false,"footnotes":""},"categories":[],"tags":[],"ncap_cities_tax":[456,1296],"class_list":["post-14095","page","type-page","status-publish","has-post-thumbnail","hentry","ncap_cities_tax-hannover-sv","ncap_cities_tax-reiseleitung-und-ausflugen-hannover-sv"],"acf":[],"yoast_head":"<!-- This site is optimized with the Yoast SEO plugin v27.4 - https:\/\/yoast.com\/product\/yoast-seo-wordpress\/ -->\n<title>Information om reseledare och utflykter i Hannover - 9 St\u00e4dte in Niedersachsen<\/title>\n<meta name=\"robots\" content=\"index, follow, max-snippet:-1, max-image-preview:large, max-video-preview:-1\" \/>\n<link rel=\"canonical\" href=\"https:\/\/9staedte.de\/sv\/hannover-huvudstad-i-niedersachsen\/information-om-reseledare-och-utflykter-i-hannover\/\" \/>\n<meta property=\"og:locale\" content=\"sv_SE\" \/>\n<meta property=\"og:type\" content=\"article\" \/>\n<meta property=\"og:title\" content=\"Information om reseledare och utflykter i Hannover - 9 St\u00e4dte in Niedersachsen\" \/>\n<meta property=\"og:description\" content=\"Priser och erbjudanden: 1. Bist\u00e5ndsuppdrag p\u00e5 ett fr\u00e4mmande spr\u00e5k. (t.ex. transferassistenter, mottagning p\u00e5 flygplatsen etc.) upp till 2 timmar\u00a0:Pris: 140,- euroVarje ytterligare timme eller del d\u00e4rav: \u20ac 65,-. 2. assistansuppdrag \/ reses\u00e4llskap p\u00e5 ett fr\u00e4mmande spr\u00e5k*. Halvdag \/ upp till 4 timmar:Pris: 225,- euroVarje ytterligare timme eller del d\u00e4rav: \u20ac 65,-. heldag \/ 8 timmar:Pris: [&hellip;]\" \/>\n<meta property=\"og:url\" content=\"https:\/\/9staedte.de\/sv\/hannover-huvudstad-i-niedersachsen\/information-om-reseledare-och-utflykter-i-hannover\/\" \/>\n<meta property=\"og:site_name\" content=\"9 St\u00e4dte in Niedersachsen\" \/>\n<meta property=\"article:modified_time\" content=\"2025-05-09T10:29:09+00:00\" \/>\n<meta property=\"og:image\" content=\"https:\/\/9staedte.de\/wp-content\/uploads\/2022\/03\/Schloss-Marienburg-c-HMTG-Michael-Abid.jpg\" \/>\n\t<meta property=\"og:image:width\" content=\"1019\" \/>\n\t<meta property=\"og:image:height\" content=\"554\" \/>\n\t<meta property=\"og:image:type\" content=\"image\/jpeg\" \/>\n<meta name=\"twitter:card\" content=\"summary_large_image\" \/>\n<meta name=\"twitter:label1\" content=\"Ber\u00e4knad l\u00e4stid\" \/>\n\t<meta name=\"twitter:data1\" content=\"2 minuter\" \/>\n<script type=\"application\/ld+json\" class=\"yoast-schema-graph\">{\"@context\":\"https:\\\/\\\/schema.org\",\"@graph\":[{\"@type\":\"WebPage\",\"@id\":\"https:\\\/\\\/9staedte.de\\\/sv\\\/hannover-huvudstad-i-niedersachsen\\\/information-om-reseledare-och-utflykter-i-hannover\\\/\",\"url\":\"https:\\\/\\\/9staedte.de\\\/sv\\\/hannover-huvudstad-i-niedersachsen\\\/information-om-reseledare-och-utflykter-i-hannover\\\/\",\"name\":\"Information om reseledare och utflykter i Hannover - 9 St\u00e4dte in Niedersachsen\",\"isPartOf\":{\"@id\":\"https:\\\/\\\/9staedte.de\\\/sv\\\/#website\"},\"primaryImageOfPage\":{\"@id\":\"https:\\\/\\\/9staedte.de\\\/sv\\\/hannover-huvudstad-i-niedersachsen\\\/information-om-reseledare-och-utflykter-i-hannover\\\/#primaryimage\"},\"image\":{\"@id\":\"https:\\\/\\\/9staedte.de\\\/sv\\\/hannover-huvudstad-i-niedersachsen\\\/information-om-reseledare-och-utflykter-i-hannover\\\/#primaryimage\"},\"thumbnailUrl\":\"https:\\\/\\\/9staedte.de\\\/wp-content\\\/uploads\\\/2022\\\/03\\\/Schloss-Marienburg-c-HMTG-Michael-Abid.jpg\",\"datePublished\":\"2023-10-25T14:23:56+00:00\",\"dateModified\":\"2025-05-09T10:29:09+00:00\",\"breadcrumb\":{\"@id\":\"https:\\\/\\\/9staedte.de\\\/sv\\\/hannover-huvudstad-i-niedersachsen\\\/information-om-reseledare-och-utflykter-i-hannover\\\/#breadcrumb\"},\"inLanguage\":\"sv-SE\",\"potentialAction\":[{\"@type\":\"ReadAction\",\"target\":[\"https:\\\/\\\/9staedte.de\\\/sv\\\/hannover-huvudstad-i-niedersachsen\\\/information-om-reseledare-och-utflykter-i-hannover\\\/\"]}]},{\"@type\":\"ImageObject\",\"inLanguage\":\"sv-SE\",\"@id\":\"https:\\\/\\\/9staedte.de\\\/sv\\\/hannover-huvudstad-i-niedersachsen\\\/information-om-reseledare-och-utflykter-i-hannover\\\/#primaryimage\",\"url\":\"https:\\\/\\\/9staedte.de\\\/wp-content\\\/uploads\\\/2022\\\/03\\\/Schloss-Marienburg-c-HMTG-Michael-Abid.jpg\",\"contentUrl\":\"https:\\\/\\\/9staedte.de\\\/wp-content\\\/uploads\\\/2022\\\/03\\\/Schloss-Marienburg-c-HMTG-Michael-Abid.jpg\",\"width\":1019,\"height\":554,\"caption\":\"Schloss Marienburg c) HMTG Michael Abid\"},{\"@type\":\"BreadcrumbList\",\"@id\":\"https:\\\/\\\/9staedte.de\\\/sv\\\/hannover-huvudstad-i-niedersachsen\\\/information-om-reseledare-och-utflykter-i-hannover\\\/#breadcrumb\",\"itemListElement\":[{\"@type\":\"ListItem\",\"position\":1,\"name\":\"Startseite\",\"item\":\"https:\\\/\\\/9staedte.de\\\/sv\\\/\"},{\"@type\":\"ListItem\",\"position\":2,\"name\":\"Hannover &#8211; huvudstad i Niedersachsen\",\"item\":\"https:\\\/\\\/9staedte.de\\\/sv\\\/hannover-huvudstad-i-niedersachsen\\\/\"},{\"@type\":\"ListItem\",\"position\":3,\"name\":\"Information om reseledare och utflykter i Hannover\"}]},{\"@type\":\"WebSite\",\"@id\":\"https:\\\/\\\/9staedte.de\\\/sv\\\/#website\",\"url\":\"https:\\\/\\\/9staedte.de\\\/sv\\\/\",\"name\":\"9 St\u00e4dte in Niedersachsen\",\"description\":\"\",\"publisher\":{\"@id\":\"https:\\\/\\\/9staedte.de\\\/sv\\\/#organization\"},\"potentialAction\":[{\"@type\":\"SearchAction\",\"target\":{\"@type\":\"EntryPoint\",\"urlTemplate\":\"https:\\\/\\\/9staedte.de\\\/sv\\\/?s={search_term_string}\"},\"query-input\":{\"@type\":\"PropertyValueSpecification\",\"valueRequired\":true,\"valueName\":\"search_term_string\"}}],\"inLanguage\":\"sv-SE\"},{\"@type\":\"Organization\",\"@id\":\"https:\\\/\\\/9staedte.de\\\/sv\\\/#organization\",\"name\":\"9 St\u00e4dte in Niedersachsen\",\"url\":\"https:\\\/\\\/9staedte.de\\\/sv\\\/\",\"logo\":{\"@type\":\"ImageObject\",\"inLanguage\":\"sv-SE\",\"@id\":\"https:\\\/\\\/9staedte.de\\\/sv\\\/#\\\/schema\\\/logo\\\/image\\\/\",\"url\":\"https:\\\/\\\/9staedte.de\\\/wp-content\\\/uploads\\\/2025\\\/01\\\/9-neg-deutsch-2-1.png\",\"contentUrl\":\"https:\\\/\\\/9staedte.de\\\/wp-content\\\/uploads\\\/2025\\\/01\\\/9-neg-deutsch-2-1.png\",\"width\":190,\"height\":114,\"caption\":\"9 St\u00e4dte in Niedersachsen\"},\"image\":{\"@id\":\"https:\\\/\\\/9staedte.de\\\/sv\\\/#\\\/schema\\\/logo\\\/image\\\/\"}}]}<\/script>\n<!-- \/ Yoast SEO plugin. -->","yoast_head_json":{"title":"Information om reseledare och utflykter i Hannover - 9 St\u00e4dte in Niedersachsen","robots":{"index":"index","follow":"follow","max-snippet":"max-snippet:-1","max-image-preview":"max-image-preview:large","max-video-preview":"max-video-preview:-1"},"canonical":"https:\/\/9staedte.de\/sv\/hannover-huvudstad-i-niedersachsen\/information-om-reseledare-och-utflykter-i-hannover\/","og_locale":"sv_SE","og_type":"article","og_title":"Information om reseledare och utflykter i Hannover - 9 St\u00e4dte in Niedersachsen","og_description":"Priser och erbjudanden: 1. Bist\u00e5ndsuppdrag p\u00e5 ett fr\u00e4mmande spr\u00e5k. (t.ex. transferassistenter, mottagning p\u00e5 flygplatsen etc.) upp till 2 timmar\u00a0:Pris: 140,- euroVarje ytterligare timme eller del d\u00e4rav: \u20ac 65,-. 2. assistansuppdrag \/ reses\u00e4llskap p\u00e5 ett fr\u00e4mmande spr\u00e5k*. Halvdag \/ upp till 4 timmar:Pris: 225,- euroVarje ytterligare timme eller del d\u00e4rav: \u20ac 65,-. heldag \/ 8 timmar:Pris: [&hellip;]","og_url":"https:\/\/9staedte.de\/sv\/hannover-huvudstad-i-niedersachsen\/information-om-reseledare-och-utflykter-i-hannover\/","og_site_name":"9 St\u00e4dte in Niedersachsen","article_modified_time":"2025-05-09T10:29:09+00:00","og_image":[{"width":1019,"height":554,"url":"https:\/\/9staedte.de\/wp-content\/uploads\/2022\/03\/Schloss-Marienburg-c-HMTG-Michael-Abid.jpg","type":"image\/jpeg"}],"twitter_card":"summary_large_image","twitter_misc":{"Ber\u00e4knad l\u00e4stid":"2 minuter"},"schema":{"@context":"https:\/\/schema.org","@graph":[{"@type":"WebPage","@id":"https:\/\/9staedte.de\/sv\/hannover-huvudstad-i-niedersachsen\/information-om-reseledare-och-utflykter-i-hannover\/","url":"https:\/\/9staedte.de\/sv\/hannover-huvudstad-i-niedersachsen\/information-om-reseledare-och-utflykter-i-hannover\/","name":"Information om reseledare och utflykter i Hannover - 9 St\u00e4dte in Niedersachsen","isPartOf":{"@id":"https:\/\/9staedte.de\/sv\/#website"},"primaryImageOfPage":{"@id":"https:\/\/9staedte.de\/sv\/hannover-huvudstad-i-niedersachsen\/information-om-reseledare-och-utflykter-i-hannover\/#primaryimage"},"image":{"@id":"https:\/\/9staedte.de\/sv\/hannover-huvudstad-i-niedersachsen\/information-om-reseledare-och-utflykter-i-hannover\/#primaryimage"},"thumbnailUrl":"https:\/\/9staedte.de\/wp-content\/uploads\/2022\/03\/Schloss-Marienburg-c-HMTG-Michael-Abid.jpg","datePublished":"2023-10-25T14:23:56+00:00","dateModified":"2025-05-09T10:29:09+00:00","breadcrumb":{"@id":"https:\/\/9staedte.de\/sv\/hannover-huvudstad-i-niedersachsen\/information-om-reseledare-och-utflykter-i-hannover\/#breadcrumb"},"inLanguage":"sv-SE","potentialAction":[{"@type":"ReadAction","target":["https:\/\/9staedte.de\/sv\/hannover-huvudstad-i-niedersachsen\/information-om-reseledare-och-utflykter-i-hannover\/"]}]},{"@type":"ImageObject","inLanguage":"sv-SE","@id":"https:\/\/9staedte.de\/sv\/hannover-huvudstad-i-niedersachsen\/information-om-reseledare-och-utflykter-i-hannover\/#primaryimage","url":"https:\/\/9staedte.de\/wp-content\/uploads\/2022\/03\/Schloss-Marienburg-c-HMTG-Michael-Abid.jpg","contentUrl":"https:\/\/9staedte.de\/wp-content\/uploads\/2022\/03\/Schloss-Marienburg-c-HMTG-Michael-Abid.jpg","width":1019,"height":554,"caption":"Schloss Marienburg c) HMTG Michael Abid"},{"@type":"BreadcrumbList","@id":"https:\/\/9staedte.de\/sv\/hannover-huvudstad-i-niedersachsen\/information-om-reseledare-och-utflykter-i-hannover\/#breadcrumb","itemListElement":[{"@type":"ListItem","position":1,"name":"Startseite","item":"https:\/\/9staedte.de\/sv\/"},{"@type":"ListItem","position":2,"name":"Hannover &#8211; huvudstad i Niedersachsen","item":"https:\/\/9staedte.de\/sv\/hannover-huvudstad-i-niedersachsen\/"},{"@type":"ListItem","position":3,"name":"Information om reseledare och utflykter i Hannover"}]},{"@type":"WebSite","@id":"https:\/\/9staedte.de\/sv\/#website","url":"https:\/\/9staedte.de\/sv\/","name":"9 St\u00e4dte in Niedersachsen","description":"","publisher":{"@id":"https:\/\/9staedte.de\/sv\/#organization"},"potentialAction":[{"@type":"SearchAction","target":{"@type":"EntryPoint","urlTemplate":"https:\/\/9staedte.de\/sv\/?s={search_term_string}"},"query-input":{"@type":"PropertyValueSpecification","valueRequired":true,"valueName":"search_term_string"}}],"inLanguage":"sv-SE"},{"@type":"Organization","@id":"https:\/\/9staedte.de\/sv\/#organization","name":"9 St\u00e4dte in Niedersachsen","url":"https:\/\/9staedte.de\/sv\/","logo":{"@type":"ImageObject","inLanguage":"sv-SE","@id":"https:\/\/9staedte.de\/sv\/#\/schema\/logo\/image\/","url":"https:\/\/9staedte.de\/wp-content\/uploads\/2025\/01\/9-neg-deutsch-2-1.png","contentUrl":"https:\/\/9staedte.de\/wp-content\/uploads\/2025\/01\/9-neg-deutsch-2-1.png","width":190,"height":114,"caption":"9 St\u00e4dte in Niedersachsen"},"image":{"@id":"https:\/\/9staedte.de\/sv\/#\/schema\/logo\/image\/"}}]}},"_links":{"self":[{"href":"https:\/\/9staedte.de\/sv\/wp-json\/wp\/v2\/pages\/14095","targetHints":{"allow":["GET"]}}],"collection":[{"href":"https:\/\/9staedte.de\/sv\/wp-json\/wp\/v2\/pages"}],"about":[{"href":"https:\/\/9staedte.de\/sv\/wp-json\/wp\/v2\/types\/page"}],"author":[{"embeddable":true,"href":"https:\/\/9staedte.de\/sv\/wp-json\/wp\/v2\/users\/1"}],"replies":[{"embeddable":true,"href":"https:\/\/9staedte.de\/sv\/wp-json\/wp\/v2\/comments?post=14095"}],"version-history":[{"count":2,"href":"https:\/\/9staedte.de\/sv\/wp-json\/wp\/v2\/pages\/14095\/revisions"}],"predecessor-version":[{"id":25684,"href":"https:\/\/9staedte.de\/sv\/wp-json\/wp\/v2\/pages\/14095\/revisions\/25684"}],"up":[{"embeddable":true,"href":"https:\/\/9staedte.de\/sv\/wp-json\/wp\/v2\/pages\/14577"}],"wp:featuredmedia":[{"embeddable":true,"href":"https:\/\/9staedte.de\/sv\/wp-json\/wp\/v2\/media\/13628"}],"wp:attachment":[{"href":"https:\/\/9staedte.de\/sv\/wp-json\/wp\/v2\/media?parent=14095"}],"wp:term":[{"taxonomy":"category","embeddable":true,"href":"https:\/\/9staedte.de\/sv\/wp-json\/wp\/v2\/categories?post=14095"},{"taxonomy":"post_tag","embeddable":true,"href":"https:\/\/9staedte.de\/sv\/wp-json\/wp\/v2\/tags?post=14095"},{"taxonomy":"ncap_cities_tax","embeddable":true,"href":"https:\/\/9staedte.de\/sv\/wp-json\/wp\/v2\/ncap_cities_tax?post=14095"}],"curies":[{"name":"wp","href":"https:\/\/api.w.org\/{rel}","templated":true}]}}