{"id":14083,"date":"2023-10-25T16:25:02","date_gmt":"2023-10-25T14:25:02","guid":{"rendered":"https:\/\/9staedte.de\/julmarknad-i-wolfenbuettel\/"},"modified":"2026-03-23T17:06:09","modified_gmt":"2026-03-23T16:06:09","slug":"julmarknad-i-wolfenbuettel","status":"publish","type":"page","link":"https:\/\/9staedte.de\/sv\/wolfenbuettel-lessings-stad\/julmarknad-i-wolfenbuettel\/","title":{"rendered":"Julmarknad i Wolfenb\u00fcttel"},"content":{"rendered":"\n<h2 class=\"wp-block-heading\">Julst\u00e4mning i staden Lessing<\/h2>\n\n<p>Wolfenb\u00fcttels julmarknad har lyst mot en historisk bakgrund i stadsk\u00e4rnan sedan 1585. \u00c4ven i \u00e5r f\u00f6rtrollar de k\u00e4rleksfullt dekorerade stugorna, doften av juldelikatesser, gnistrande julgranar, festliga presentid\u00e9er och ett st\u00e4mningsfullt program bes\u00f6karna p\u00e5 Schlossplatz. Julmusik s\u00e4tter st\u00e4mningen f\u00f6r \u00e5rets vackraste h\u00f6gtid. Och naturligtvis kommer \u00e4ven jultomten f\u00f6rbi. P\u00e5 adventshelgerna erbjuder marknaden f\u00f6r konsthantverk i Kommisse handgjorda juldekorationer och mycket mer.<\/p>\n\n<p><\/p>\n\n<p><\/p>\n\n<p><a href=\"https:\/\/www.wolfenbuettel.de\/Stadtleben\/Veranstaltungskalender\/Weihnachtsmarkt\/\" target=\"_blank\" rel=\"noreferrer noopener\">Ytterligare information<\/a><\/p>\n\n\n<div class=\"banner-wrapper\">\n  <div class=\"banner-inner \">\n      <div class=\"img-container\">\n      <div class=\"img-wrapper\">\n        <img decoding=\"async\" src=\"https:\/\/9staedte.de\/wp-content\/smush-webp\/2025\/10\/Wolfenbuettel-Weihnachtskugel-auf-dem-Stadtmarkt-c-Stadt-Wolfenbuettel-Christian-Bierwagen.jpg.webp\" alt=\"P\u00e5 torget i Wolfenb\u00fcttel st\u00e5r en stor ljuskula som ser ut som en julgranskula. Bredvid st\u00e5r en julgran. I bakgrunden syns korsvirkeshus med m\u00e5nga t\u00e4nda f\u00f6nster. M\u00e4nniskor g\u00e5r \u00f6ver torget.\" \/>\n                  <div class=\"thumbnail-label\">\n            <span>Wolfenb\u00fcttel Weihnachtskugel auf dem Stadtmarkt (c) Stadt Wolfenb\u00fcttel Christian Bierwagen<\/span>\n          <\/div>\n              <\/div>\n    <\/div>\n        <div class=\"text-container\">\n      <div class=\"content\">\n        <h2 class=\"h3\">9 tips f\u00f6r ett bes\u00f6k p\u00e5 julmarknaden i Wolfenb\u00fcttel<\/h2>\n<p>&#8211; Njut av julens delikatesser och godsaker p\u00e5 Schlossplatz<br \/>\n&#8211; G\u00e5 in i den upplysta julgranskulan<br \/>\n&#8211; Julfigurer och upplyst stadsk\u00e4rna<br \/>\n&#8211; Strosa runt p\u00e5 adventsmarknaden f\u00f6r konst och hantverk i Kommisse<br \/>\n&#8211; Julkv\u00e4llstur inkl. matkupong &#8211; Dagligt familjeprogram p\u00e5 scenen &#8211; Bes\u00f6k viktiga kyrkor &#8211; Gl\u00f6m inte Lessinghaus &#8211; Exklusiv julgranskula med Wolfenb\u00fcttel-motiv Matkupong<br \/>\n&#8211; Dagligt familjeprogram p\u00e5 scenen<br \/>\n&#8211; Bes\u00f6k i viktiga kyrkor<br \/>\n&#8211; Gl\u00f6m inte Lessinghaus<br \/>\n&#8211; Exklusiv julgranskula med Wolfenb\u00fcttel-motiv finns p\u00e5 turistbyr\u00e5n <\/p>\n<p>&nbsp;<\/p>\n      <\/div>\n    <\/div>\n    <\/div>\n<\/div>\n\n\n<p class=\"h3\"><strong>Julmarknad i Wolfenb\u00fcttel<\/strong><\/p>\n\n <div class=\"brlbs-cmpnt-container brlbs-cmpnt-content-blocker brlbs-cmpnt-with-individual-styles\" data-borlabs-cookie-content-blocker-id=\"google-maps\" data-borlabs-cookie-content=\"PGlmcmFtZSBzcmM9Imh0dHBzOi8vd3d3Lmdvb2dsZS5jb20vbWFwcy9kL3UvMC9lbWJlZD9taWQ9MXJWenpJWVlMeUdJc0VfWnJ5RWxsUlFmcGNCakpaN00mZWhiYz0yRTMxMkYiIHdpZHRoPSI2NDAiIGhlaWdodD0iNDgwIj48L2lmcmFtZT4=\"><div class=\"brlbs-cmpnt-cb-preset-b brlbs-cmpnt-cb-google-maps\"> <div class=\"brlbs-cmpnt-cb-thumbnail\" style=\"background-image: url('https:\/\/9staedte.de\/wp-content\/uploads\/borlabs-cookie\/1\/brlbs-cb-google-maps-main.png')\"><\/div> <div class=\"brlbs-cmpnt-cb-main\"> <div class=\"brlbs-cmpnt-cb-content\"> <p class=\"brlbs-cmpnt-cb-description\">You are currently viewing a placeholder content from <strong>Google Maps<\/strong>. To access the actual content, click the button below. Please note that doing so will share data with third-party providers.<\/p> <a class=\"brlbs-cmpnt-cb-provider-toggle\" href=\"#\" data-borlabs-cookie-show-provider-information role=\"button\">More Information<\/a> <\/div> <div class=\"brlbs-cmpnt-cb-buttons\"> <a class=\"brlbs-cmpnt-cb-btn\" href=\"#\" data-borlabs-cookie-unblock role=\"button\">Unblock content<\/a> <a class=\"brlbs-cmpnt-cb-btn\" href=\"#\" data-borlabs-cookie-accept-service role=\"button\" style=\"display: inherit\">Accept required service and unblock content<\/a> <\/div> <\/div> <\/div><\/div>\n\n<div style=\"height:56px\" aria-hidden=\"true\" class=\"wp-block-spacer\"><\/div>\n\n<h2 class=\"wp-block-heading h3\"><strong>Festligt upplevelsepaket p\u00e5 julmarknaden i Wolfenb\u00fcttel<\/strong><\/h2>\n\n<p>Juletid i Lessingstaden Julmarknaden i Wolfenb\u00fcttel<\/p>\n\n<p>Den romantiska gamla stadsdelen, kulturella sev\u00e4rdheter och en f\u00f6rtrollande julmarknad ger dig en st\u00e4mningsfull adventshelg i Lessingstaden Wolfenb\u00fcttel:<\/p>\n\n<p><br\/><br\/><br\/>&#8211; 2 n\u00e4tter\/natt p\u00e5 utvalda hotell &#8211; 1 echt-lessig-kort &#8211; 1 julig stadsrundtur + matkupong p\u00e5 julmarknaden &#8211; Julklapp<\/p>\n\n<p>Pris: p\u00e5 beg\u00e4ran<\/p>\n\n<p>Bokningsbar p\u00e5 beg\u00e4ran<\/p>\n\n<p>De allm\u00e4nna villkoren f\u00f6r staden Wolfenb\u00fcttel g\u00e4ller.<\/p>\n","protected":false},"excerpt":{"rendered":"<p>Julst\u00e4mning i staden Lessing Wolfenb\u00fcttels julmarknad har lyst mot en historisk bakgrund i stadsk\u00e4rnan sedan 1585. \u00c4ven i \u00e5r f\u00f6rtrollar de k\u00e4rleksfullt dekorerade stugorna, doften av juldelikatesser, gnistrande julgranar, festliga presentid\u00e9er och ett st\u00e4mningsfullt program bes\u00f6karna p\u00e5 Schlossplatz. Julmusik s\u00e4tter st\u00e4mningen f\u00f6r \u00e5rets vackraste h\u00f6gtid. Och naturligtvis kommer \u00e4ven jultomten f\u00f6rbi. P\u00e5 adventshelgerna erbjuder marknaden [&hellip;]<\/p>\n","protected":false},"author":1,"featured_media":20283,"parent":14542,"menu_order":0,"comment_status":"closed","ping_status":"closed","template":"pagetemplates\/template-stadtthema.php","meta":{"_acf_changed":false,"footnotes":""},"categories":[],"tags":[],"ncap_cities_tax":[540,470],"class_list":["post-14083","page","type-page","status-publish","has-post-thumbnail","hentry","ncap_cities_tax-weihnachtsmarkte-wolfenbuettel-sv-wolfenbuettel-sv","ncap_cities_tax-wolfenbuettel-sv"],"acf":[],"yoast_head":"<!-- This site is optimized with the Yoast SEO plugin v26.8 - https:\/\/yoast.com\/product\/yoast-seo-wordpress\/ -->\n<title>Julmarknad i Wolfenb\u00fcttel - 9 St\u00e4dte in Niedersachsen<\/title>\n<meta name=\"description\" content=\"Unika korsvirkesbodar och den historiska atmosf\u00e4ren p\u00e5 torget Schlossplatz skapar julst\u00e4mning i Lessing-staden Wolfenb\u00fcttel.\" \/>\n<meta name=\"robots\" content=\"index, follow, max-snippet:-1, max-image-preview:large, max-video-preview:-1\" \/>\n<link rel=\"canonical\" href=\"https:\/\/9staedte.de\/sv\/wolfenbuettel-lessings-stad\/julmarknad-i-wolfenbuettel\/\" \/>\n<meta property=\"og:locale\" content=\"sv_SE\" \/>\n<meta property=\"og:type\" content=\"article\" \/>\n<meta property=\"og:title\" content=\"Julmarknad i Wolfenb\u00fcttel - 9 St\u00e4dte in Niedersachsen\" \/>\n<meta property=\"og:description\" content=\"Unika korsvirkesbodar och den historiska atmosf\u00e4ren p\u00e5 torget Schlossplatz skapar julst\u00e4mning i Lessing-staden Wolfenb\u00fcttel.\" \/>\n<meta property=\"og:url\" content=\"https:\/\/9staedte.de\/sv\/wolfenbuettel-lessings-stad\/julmarknad-i-wolfenbuettel\/\" \/>\n<meta property=\"og:site_name\" content=\"9 St\u00e4dte in Niedersachsen\" \/>\n<meta property=\"article:modified_time\" content=\"2026-03-23T16:06:09+00:00\" \/>\n<meta property=\"og:image\" content=\"https:\/\/9staedte.de\/wp-content\/uploads\/2023\/12\/Weihnachtsmarkt-Wolfenbuettel-2023-c-Stadt-Wolfenbuettel.jpg\" \/>\n\t<meta property=\"og:image:width\" content=\"1020\" \/>\n\t<meta property=\"og:image:height\" content=\"560\" \/>\n\t<meta property=\"og:image:type\" content=\"image\/jpeg\" \/>\n<meta name=\"twitter:card\" content=\"summary_large_image\" \/>\n<meta name=\"twitter:label1\" content=\"Ber\u00e4knad l\u00e4stid\" \/>\n\t<meta name=\"twitter:data1\" content=\"1 minut\" \/>\n<script type=\"application\/ld+json\" class=\"yoast-schema-graph\">{\"@context\":\"https:\/\/schema.org\",\"@graph\":[{\"@type\":\"WebPage\",\"@id\":\"https:\/\/9staedte.de\/sv\/wolfenbuettel-lessings-stad\/julmarknad-i-wolfenbuettel\/\",\"url\":\"https:\/\/9staedte.de\/sv\/wolfenbuettel-lessings-stad\/julmarknad-i-wolfenbuettel\/\",\"name\":\"Julmarknad i Wolfenb\u00fcttel - 9 St\u00e4dte in Niedersachsen\",\"isPartOf\":{\"@id\":\"https:\/\/9staedte.de\/sv\/#website\"},\"primaryImageOfPage\":{\"@id\":\"https:\/\/9staedte.de\/sv\/wolfenbuettel-lessings-stad\/julmarknad-i-wolfenbuettel\/#primaryimage\"},\"image\":{\"@id\":\"https:\/\/9staedte.de\/sv\/wolfenbuettel-lessings-stad\/julmarknad-i-wolfenbuettel\/#primaryimage\"},\"thumbnailUrl\":\"https:\/\/9staedte.de\/wp-content\/uploads\/2023\/12\/Weihnachtsmarkt-Wolfenbuettel-2023-c-Stadt-Wolfenbuettel.jpg\",\"datePublished\":\"2023-10-25T14:25:02+00:00\",\"dateModified\":\"2026-03-23T16:06:09+00:00\",\"description\":\"Unika korsvirkesbodar och den historiska atmosf\u00e4ren p\u00e5 torget Schlossplatz skapar julst\u00e4mning i Lessing-staden Wolfenb\u00fcttel.\",\"breadcrumb\":{\"@id\":\"https:\/\/9staedte.de\/sv\/wolfenbuettel-lessings-stad\/julmarknad-i-wolfenbuettel\/#breadcrumb\"},\"inLanguage\":\"sv-SE\",\"potentialAction\":[{\"@type\":\"ReadAction\",\"target\":[\"https:\/\/9staedte.de\/sv\/wolfenbuettel-lessings-stad\/julmarknad-i-wolfenbuettel\/\"]}]},{\"@type\":\"ImageObject\",\"inLanguage\":\"sv-SE\",\"@id\":\"https:\/\/9staedte.de\/sv\/wolfenbuettel-lessings-stad\/julmarknad-i-wolfenbuettel\/#primaryimage\",\"url\":\"https:\/\/9staedte.de\/wp-content\/uploads\/2023\/12\/Weihnachtsmarkt-Wolfenbuettel-2023-c-Stadt-Wolfenbuettel.jpg\",\"contentUrl\":\"https:\/\/9staedte.de\/wp-content\/uploads\/2023\/12\/Weihnachtsmarkt-Wolfenbuettel-2023-c-Stadt-Wolfenbuettel.jpg\",\"width\":1020,\"height\":560,\"caption\":\"Weihnachtsmarkt Wolfenb\u00fcttel 2023 c) Stadt Wolfenb\u00fcttel\"},{\"@type\":\"BreadcrumbList\",\"@id\":\"https:\/\/9staedte.de\/sv\/wolfenbuettel-lessings-stad\/julmarknad-i-wolfenbuettel\/#breadcrumb\",\"itemListElement\":[{\"@type\":\"ListItem\",\"position\":1,\"name\":\"Startseite\",\"item\":\"https:\/\/9staedte.de\/sv\/\"},{\"@type\":\"ListItem\",\"position\":2,\"name\":\"Wolfenb\u00fcttel &#8211; Lessings stad\",\"item\":\"https:\/\/9staedte.de\/sv\/wolfenbuettel-lessings-stad\/\"},{\"@type\":\"ListItem\",\"position\":3,\"name\":\"Julmarknad i Wolfenb\u00fcttel\"}]},{\"@type\":\"WebSite\",\"@id\":\"https:\/\/9staedte.de\/sv\/#website\",\"url\":\"https:\/\/9staedte.de\/sv\/\",\"name\":\"9 St\u00e4dte in Niedersachsen\",\"description\":\"\",\"publisher\":{\"@id\":\"https:\/\/9staedte.de\/sv\/#organization\"},\"potentialAction\":[{\"@type\":\"SearchAction\",\"target\":{\"@type\":\"EntryPoint\",\"urlTemplate\":\"https:\/\/9staedte.de\/sv\/?s={search_term_string}\"},\"query-input\":{\"@type\":\"PropertyValueSpecification\",\"valueRequired\":true,\"valueName\":\"search_term_string\"}}],\"inLanguage\":\"sv-SE\"},{\"@type\":\"Organization\",\"@id\":\"https:\/\/9staedte.de\/sv\/#organization\",\"name\":\"9 St\u00e4dte in Niedersachsen\",\"url\":\"https:\/\/9staedte.de\/sv\/\",\"logo\":{\"@type\":\"ImageObject\",\"inLanguage\":\"sv-SE\",\"@id\":\"https:\/\/9staedte.de\/sv\/#\/schema\/logo\/image\/\",\"url\":\"https:\/\/9staedte.de\/wp-content\/uploads\/2025\/01\/9-neg-deutsch-2-1.png\",\"contentUrl\":\"https:\/\/9staedte.de\/wp-content\/uploads\/2025\/01\/9-neg-deutsch-2-1.png\",\"width\":190,\"height\":114,\"caption\":\"9 St\u00e4dte in Niedersachsen\"},\"image\":{\"@id\":\"https:\/\/9staedte.de\/sv\/#\/schema\/logo\/image\/\"}}]}<\/script>\n<!-- \/ Yoast SEO plugin. -->","yoast_head_json":{"title":"Julmarknad i Wolfenb\u00fcttel - 9 St\u00e4dte in Niedersachsen","description":"Unika korsvirkesbodar och den historiska atmosf\u00e4ren p\u00e5 torget Schlossplatz skapar julst\u00e4mning i Lessing-staden Wolfenb\u00fcttel.","robots":{"index":"index","follow":"follow","max-snippet":"max-snippet:-1","max-image-preview":"max-image-preview:large","max-video-preview":"max-video-preview:-1"},"canonical":"https:\/\/9staedte.de\/sv\/wolfenbuettel-lessings-stad\/julmarknad-i-wolfenbuettel\/","og_locale":"sv_SE","og_type":"article","og_title":"Julmarknad i Wolfenb\u00fcttel - 9 St\u00e4dte in Niedersachsen","og_description":"Unika korsvirkesbodar och den historiska atmosf\u00e4ren p\u00e5 torget Schlossplatz skapar julst\u00e4mning i Lessing-staden Wolfenb\u00fcttel.","og_url":"https:\/\/9staedte.de\/sv\/wolfenbuettel-lessings-stad\/julmarknad-i-wolfenbuettel\/","og_site_name":"9 St\u00e4dte in Niedersachsen","article_modified_time":"2026-03-23T16:06:09+00:00","og_image":[{"width":1020,"height":560,"url":"https:\/\/9staedte.de\/wp-content\/uploads\/2023\/12\/Weihnachtsmarkt-Wolfenbuettel-2023-c-Stadt-Wolfenbuettel.jpg","type":"image\/jpeg"}],"twitter_card":"summary_large_image","twitter_misc":{"Ber\u00e4knad l\u00e4stid":"1 minut"},"schema":{"@context":"https:\/\/schema.org","@graph":[{"@type":"WebPage","@id":"https:\/\/9staedte.de\/sv\/wolfenbuettel-lessings-stad\/julmarknad-i-wolfenbuettel\/","url":"https:\/\/9staedte.de\/sv\/wolfenbuettel-lessings-stad\/julmarknad-i-wolfenbuettel\/","name":"Julmarknad i Wolfenb\u00fcttel - 9 St\u00e4dte in Niedersachsen","isPartOf":{"@id":"https:\/\/9staedte.de\/sv\/#website"},"primaryImageOfPage":{"@id":"https:\/\/9staedte.de\/sv\/wolfenbuettel-lessings-stad\/julmarknad-i-wolfenbuettel\/#primaryimage"},"image":{"@id":"https:\/\/9staedte.de\/sv\/wolfenbuettel-lessings-stad\/julmarknad-i-wolfenbuettel\/#primaryimage"},"thumbnailUrl":"https:\/\/9staedte.de\/wp-content\/uploads\/2023\/12\/Weihnachtsmarkt-Wolfenbuettel-2023-c-Stadt-Wolfenbuettel.jpg","datePublished":"2023-10-25T14:25:02+00:00","dateModified":"2026-03-23T16:06:09+00:00","description":"Unika korsvirkesbodar och den historiska atmosf\u00e4ren p\u00e5 torget Schlossplatz skapar julst\u00e4mning i Lessing-staden Wolfenb\u00fcttel.","breadcrumb":{"@id":"https:\/\/9staedte.de\/sv\/wolfenbuettel-lessings-stad\/julmarknad-i-wolfenbuettel\/#breadcrumb"},"inLanguage":"sv-SE","potentialAction":[{"@type":"ReadAction","target":["https:\/\/9staedte.de\/sv\/wolfenbuettel-lessings-stad\/julmarknad-i-wolfenbuettel\/"]}]},{"@type":"ImageObject","inLanguage":"sv-SE","@id":"https:\/\/9staedte.de\/sv\/wolfenbuettel-lessings-stad\/julmarknad-i-wolfenbuettel\/#primaryimage","url":"https:\/\/9staedte.de\/wp-content\/uploads\/2023\/12\/Weihnachtsmarkt-Wolfenbuettel-2023-c-Stadt-Wolfenbuettel.jpg","contentUrl":"https:\/\/9staedte.de\/wp-content\/uploads\/2023\/12\/Weihnachtsmarkt-Wolfenbuettel-2023-c-Stadt-Wolfenbuettel.jpg","width":1020,"height":560,"caption":"Weihnachtsmarkt Wolfenb\u00fcttel 2023 c) Stadt Wolfenb\u00fcttel"},{"@type":"BreadcrumbList","@id":"https:\/\/9staedte.de\/sv\/wolfenbuettel-lessings-stad\/julmarknad-i-wolfenbuettel\/#breadcrumb","itemListElement":[{"@type":"ListItem","position":1,"name":"Startseite","item":"https:\/\/9staedte.de\/sv\/"},{"@type":"ListItem","position":2,"name":"Wolfenb\u00fcttel &#8211; Lessings stad","item":"https:\/\/9staedte.de\/sv\/wolfenbuettel-lessings-stad\/"},{"@type":"ListItem","position":3,"name":"Julmarknad i Wolfenb\u00fcttel"}]},{"@type":"WebSite","@id":"https:\/\/9staedte.de\/sv\/#website","url":"https:\/\/9staedte.de\/sv\/","name":"9 St\u00e4dte in Niedersachsen","description":"","publisher":{"@id":"https:\/\/9staedte.de\/sv\/#organization"},"potentialAction":[{"@type":"SearchAction","target":{"@type":"EntryPoint","urlTemplate":"https:\/\/9staedte.de\/sv\/?s={search_term_string}"},"query-input":{"@type":"PropertyValueSpecification","valueRequired":true,"valueName":"search_term_string"}}],"inLanguage":"sv-SE"},{"@type":"Organization","@id":"https:\/\/9staedte.de\/sv\/#organization","name":"9 St\u00e4dte in Niedersachsen","url":"https:\/\/9staedte.de\/sv\/","logo":{"@type":"ImageObject","inLanguage":"sv-SE","@id":"https:\/\/9staedte.de\/sv\/#\/schema\/logo\/image\/","url":"https:\/\/9staedte.de\/wp-content\/uploads\/2025\/01\/9-neg-deutsch-2-1.png","contentUrl":"https:\/\/9staedte.de\/wp-content\/uploads\/2025\/01\/9-neg-deutsch-2-1.png","width":190,"height":114,"caption":"9 St\u00e4dte in Niedersachsen"},"image":{"@id":"https:\/\/9staedte.de\/sv\/#\/schema\/logo\/image\/"}}]}},"_links":{"self":[{"href":"https:\/\/9staedte.de\/sv\/wp-json\/wp\/v2\/pages\/14083","targetHints":{"allow":["GET"]}}],"collection":[{"href":"https:\/\/9staedte.de\/sv\/wp-json\/wp\/v2\/pages"}],"about":[{"href":"https:\/\/9staedte.de\/sv\/wp-json\/wp\/v2\/types\/page"}],"author":[{"embeddable":true,"href":"https:\/\/9staedte.de\/sv\/wp-json\/wp\/v2\/users\/1"}],"replies":[{"embeddable":true,"href":"https:\/\/9staedte.de\/sv\/wp-json\/wp\/v2\/comments?post=14083"}],"version-history":[{"count":11,"href":"https:\/\/9staedte.de\/sv\/wp-json\/wp\/v2\/pages\/14083\/revisions"}],"predecessor-version":[{"id":27644,"href":"https:\/\/9staedte.de\/sv\/wp-json\/wp\/v2\/pages\/14083\/revisions\/27644"}],"up":[{"embeddable":true,"href":"https:\/\/9staedte.de\/sv\/wp-json\/wp\/v2\/pages\/14542"}],"wp:featuredmedia":[{"embeddable":true,"href":"https:\/\/9staedte.de\/sv\/wp-json\/wp\/v2\/media\/20283"}],"wp:attachment":[{"href":"https:\/\/9staedte.de\/sv\/wp-json\/wp\/v2\/media?parent=14083"}],"wp:term":[{"taxonomy":"category","embeddable":true,"href":"https:\/\/9staedte.de\/sv\/wp-json\/wp\/v2\/categories?post=14083"},{"taxonomy":"post_tag","embeddable":true,"href":"https:\/\/9staedte.de\/sv\/wp-json\/wp\/v2\/tags?post=14083"},{"taxonomy":"ncap_cities_tax","embeddable":true,"href":"https:\/\/9staedte.de\/sv\/wp-json\/wp\/v2\/ncap_cities_tax?post=14083"}],"curies":[{"name":"wp","href":"https:\/\/api.w.org\/{rel}","templated":true}]}}