{"id":14073,"date":"2023-10-25T16:25:04","date_gmt":"2023-10-25T14:25:04","guid":{"rendered":"https:\/\/9staedte.de\/stadsrundturer-i-wolfenbuettel\/"},"modified":"2023-10-25T17:58:21","modified_gmt":"2023-10-25T15:58:21","slug":"stadsrundturer-i-wolfenbuettel","status":"publish","type":"page","link":"https:\/\/9staedte.de\/sv\/wolfenbuettel-lessings-stad\/stadsrundturer-i-wolfenbuettel\/","title":{"rendered":"Stadsrundturer i Wolfenb\u00fcttel"},"content":{"rendered":"\r\n\r\n    <div class=\"filter-posts\">\r\n            <div  id=\"filterContent\">\r\n                                                        \n<div class=\"contentKachel filtr-item\" data-category=\"wolfenbuettel-sv\">\n    <a href=\"https:\/\/9staedte.de\/sv\/wolfenbuettel-tur-med-huvudraett\/\">\n        <div class=\"contentKachel-inner\">\n                            <div class=\"contentKachel-thumbnail\">\n                    <img loading=\"lazy\" decoding=\"async\" width=\"300\" height=\"165\" src=\"https:\/\/9staedte.de\/wp-content\/smush-webp\/2023\/06\/Ausgehen-in-Wolfenbuettel-c-Stadt-Wolfenbuettel-Christian-Bierwagen-300x165.jpg.webp\" class=\"objectfitcover withfilters wp-post-image\" alt=\"Fyra personer sitter vid ett bord p\u00e5 en restaurang. De skrattar och \u00e4ter tillsammans. P\u00e5 bordet finns pizza, sallad, vin och vatten. Alla ser glada ut. I bakgrunden h\u00e4nger bilder p\u00e5 v\u00e4ggen. St\u00e4mningen \u00e4r mysig.\" srcset=\"https:\/\/9staedte.de\/wp-content\/smush-webp\/2023\/06\/Ausgehen-in-Wolfenbuettel-c-Stadt-Wolfenbuettel-Christian-Bierwagen-300x165.jpg.webp 300w, https:\/\/9staedte.de\/wp-content\/smush-webp\/2023\/06\/Ausgehen-in-Wolfenbuettel-c-Stadt-Wolfenbuettel-Christian-Bierwagen-768x422.jpg.webp 768w, https:\/\/9staedte.de\/wp-content\/smush-webp\/2023\/06\/Ausgehen-in-Wolfenbuettel-c-Stadt-Wolfenbuettel-Christian-Bierwagen.jpg.webp 1020w\" sizes=\"auto, (max-width: 300px) 100vw, 300px\" \/>                    <img loading=\"lazy\" decoding=\"async\" width=\"300\" height=\"165\" src=\"https:\/\/9staedte.de\/wp-content\/smush-webp\/2023\/06\/Ausgehen-in-Wolfenbuettel-c-Stadt-Wolfenbuettel-Christian-Bierwagen-300x165.jpg.webp\" class=\"objectfitcontain wp-post-image\" alt=\"Fyra personer sitter vid ett bord p\u00e5 en restaurang. De skrattar och \u00e4ter tillsammans. P\u00e5 bordet finns pizza, sallad, vin och vatten. Alla ser glada ut. I bakgrunden h\u00e4nger bilder p\u00e5 v\u00e4ggen. St\u00e4mningen \u00e4r mysig.\" srcset=\"https:\/\/9staedte.de\/wp-content\/smush-webp\/2023\/06\/Ausgehen-in-Wolfenbuettel-c-Stadt-Wolfenbuettel-Christian-Bierwagen-300x165.jpg.webp 300w, https:\/\/9staedte.de\/wp-content\/smush-webp\/2023\/06\/Ausgehen-in-Wolfenbuettel-c-Stadt-Wolfenbuettel-Christian-Bierwagen-768x422.jpg.webp 768w, https:\/\/9staedte.de\/wp-content\/smush-webp\/2023\/06\/Ausgehen-in-Wolfenbuettel-c-Stadt-Wolfenbuettel-Christian-Bierwagen.jpg.webp 1020w\" sizes=\"auto, (max-width: 300px) 100vw, 300px\" \/>                        <div class=\"thumbnail-label\">\n    <span>Ausgehen in Wolfenb\u00fcttel c) Stadt Wolfenb\u00fcttel Christian Bierwagen<\/span>\n    <\/div>\n                <\/div>\n                        <div class=\"contentKachel-content\">\n                                    <div class=\"city-tag bg-wolfenbuettel\">\n                        Wolfenb\u00fcttel                    <\/div>\n                \n                <div class=\"title\">\n\n                    Wolfenb\u00fcttel &#8211; historia och njutning                    \n                <\/div>\n\n                            <\/div>\n\n        <\/div>\n    <\/a>\n<\/div>                                                        \n<div class=\"contentKachel filtr-item\" data-category=\"wolfenbuettel-sv\">\n    <a href=\"https:\/\/9staedte.de\/sv\/stadsrundturer-med-annorlunda-tema-tematiska-rundturer-i-wolfenbuettel\/\">\n        <div class=\"contentKachel-inner\">\n                            <div class=\"contentKachel-thumbnail\">\n                    <img loading=\"lazy\" decoding=\"async\" width=\"300\" height=\"165\" src=\"https:\/\/9staedte.de\/wp-content\/smush-webp\/2022\/06\/Themenfuehrung-in-Wolfenbuettel-c-Lessingstadt-Wolfenbuettel-300x165.jpg.webp\" class=\"objectfitcover withfilters wp-post-image\" alt=\"Bilden visar en stadsrundtur. \u00c5tta personer st\u00e5r framf\u00f6r en gammal byggnad. De tittar upp\u00e5t och lyssnar. En man har en hatt och h\u00e5ller ett paraply. Bakom dem syns skylten \u201cRetter der Antike\u201d. Turen \u00e4r i Wolfenb\u00fcttel.\" srcset=\"https:\/\/9staedte.de\/wp-content\/smush-webp\/2022\/06\/Themenfuehrung-in-Wolfenbuettel-c-Lessingstadt-Wolfenbuettel-300x165.jpg.webp 300w, https:\/\/9staedte.de\/wp-content\/smush-webp\/2022\/06\/Themenfuehrung-in-Wolfenbuettel-c-Lessingstadt-Wolfenbuettel-768x422.jpg.webp 768w, https:\/\/9staedte.de\/wp-content\/smush-webp\/2022\/06\/Themenfuehrung-in-Wolfenbuettel-c-Lessingstadt-Wolfenbuettel.jpg.webp 1019w\" sizes=\"auto, (max-width: 300px) 100vw, 300px\" \/>                    <img loading=\"lazy\" decoding=\"async\" width=\"300\" height=\"165\" src=\"https:\/\/9staedte.de\/wp-content\/smush-webp\/2022\/06\/Themenfuehrung-in-Wolfenbuettel-c-Lessingstadt-Wolfenbuettel-300x165.jpg.webp\" class=\"objectfitcontain wp-post-image\" alt=\"Bilden visar en stadsrundtur. \u00c5tta personer st\u00e5r framf\u00f6r en gammal byggnad. De tittar upp\u00e5t och lyssnar. En man har en hatt och h\u00e5ller ett paraply. Bakom dem syns skylten \u201cRetter der Antike\u201d. Turen \u00e4r i Wolfenb\u00fcttel.\" srcset=\"https:\/\/9staedte.de\/wp-content\/smush-webp\/2022\/06\/Themenfuehrung-in-Wolfenbuettel-c-Lessingstadt-Wolfenbuettel-300x165.jpg.webp 300w, https:\/\/9staedte.de\/wp-content\/smush-webp\/2022\/06\/Themenfuehrung-in-Wolfenbuettel-c-Lessingstadt-Wolfenbuettel-768x422.jpg.webp 768w, https:\/\/9staedte.de\/wp-content\/smush-webp\/2022\/06\/Themenfuehrung-in-Wolfenbuettel-c-Lessingstadt-Wolfenbuettel.jpg.webp 1019w\" sizes=\"auto, (max-width: 300px) 100vw, 300px\" \/>                        <div class=\"thumbnail-label\">\n    <span>Themenf\u00fchrung in Wolfenb\u00fcttel c) Lessingstadt Wolfenb\u00fcttel c) Stadt Wolfenb\u00fcttel Christian Bierwagen<\/span>\n    <\/div>\n                <\/div>\n                        <div class=\"contentKachel-content\">\n                                    <div class=\"city-tag bg-wolfenbuettel\">\n                        Wolfenb\u00fcttel                    <\/div>\n                \n                <div class=\"title\">\n\n                    Stadsrundturer med annorlunda tema: tematiska rundturer i Wolfenb\u00fcttel                    \n                <\/div>\n\n                            <\/div>\n\n        <\/div>\n    <\/a>\n<\/div>                                                        \n<div class=\"contentKachel filtr-item\" data-category=\"wolfenbuettel-sv\">\n    <a href=\"https:\/\/9staedte.de\/sv\/rundtur-i-wolfenbuettels-gamla-stad-foer-grupper\/\">\n        <div class=\"contentKachel-inner\">\n                            <div class=\"contentKachel-thumbnail\">\n                    <img loading=\"lazy\" decoding=\"async\" width=\"300\" height=\"200\" src=\"https:\/\/9staedte.de\/wp-content\/smush-webp\/2022\/06\/Altstadtrundgang-Wolfenbuettel-c-Stadt-Wolfenbuettel-Christian-Bierwagen1-300x200.jpg.webp\" class=\"objectfitcover withfilters wp-post-image\" alt=\"M\u00e5nga m\u00e4nniskor g\u00e5r p\u00e5 en rundtur i Wolfenb\u00fcttel. En man med glas\u00f6gon och namnbricka ber\u00e4ttar n\u00e5got. Han pekar p\u00e5 ett hus. De andra tittar upp. Gatan har gamla korsvirkeshus. M\u00e4nniskorna \u00e4r intresserade.\" srcset=\"https:\/\/9staedte.de\/wp-content\/smush-webp\/2022\/06\/Altstadtrundgang-Wolfenbuettel-c-Stadt-Wolfenbuettel-Christian-Bierwagen1-300x200.jpg.webp 300w, https:\/\/9staedte.de\/wp-content\/smush-webp\/2022\/06\/Altstadtrundgang-Wolfenbuettel-c-Stadt-Wolfenbuettel-Christian-Bierwagen1.jpg.webp 580w\" sizes=\"auto, (max-width: 300px) 100vw, 300px\" \/>                    <img loading=\"lazy\" decoding=\"async\" width=\"300\" height=\"200\" src=\"https:\/\/9staedte.de\/wp-content\/smush-webp\/2022\/06\/Altstadtrundgang-Wolfenbuettel-c-Stadt-Wolfenbuettel-Christian-Bierwagen1-300x200.jpg.webp\" class=\"objectfitcontain wp-post-image\" alt=\"M\u00e5nga m\u00e4nniskor g\u00e5r p\u00e5 en rundtur i Wolfenb\u00fcttel. En man med glas\u00f6gon och namnbricka ber\u00e4ttar n\u00e5got. Han pekar p\u00e5 ett hus. De andra tittar upp. Gatan har gamla korsvirkeshus. M\u00e4nniskorna \u00e4r intresserade.\" srcset=\"https:\/\/9staedte.de\/wp-content\/smush-webp\/2022\/06\/Altstadtrundgang-Wolfenbuettel-c-Stadt-Wolfenbuettel-Christian-Bierwagen1-300x200.jpg.webp 300w, https:\/\/9staedte.de\/wp-content\/smush-webp\/2022\/06\/Altstadtrundgang-Wolfenbuettel-c-Stadt-Wolfenbuettel-Christian-Bierwagen1.jpg.webp 580w\" sizes=\"auto, (max-width: 300px) 100vw, 300px\" \/>                        <div class=\"thumbnail-label\">\n    <span>Altstadtrundgang-Wolfenbuettel-c-Stadt-Wolfenbuettel-Christian-Bierwagen[1]<\/span>\n    <\/div>\n                <\/div>\n                        <div class=\"contentKachel-content\">\n                                    <div class=\"city-tag bg-wolfenbuettel\">\n                        Wolfenb\u00fcttel                    <\/div>\n                \n                <div class=\"title\">\n\n                    Rundtur i Wolfenb\u00fcttels gamla stad f\u00f6r grupper                    \n                <\/div>\n\n                            <\/div>\n\n        <\/div>\n    <\/a>\n<\/div>                                            <\/div>\r\n    <\/div>\r\n","protected":false},"excerpt":{"rendered":"","protected":false},"author":1,"featured_media":14078,"parent":14542,"menu_order":0,"comment_status":"closed","ping_status":"closed","template":"pagetemplates\/template-stadtthema.php","meta":{"_acf_changed":false,"footnotes":""},"categories":[],"tags":[],"ncap_cities_tax":[1247,470],"class_list":["post-14073","page","type-page","status-publish","has-post-thumbnail","hentry","ncap_cities_tax-stadtfuhrungen-wolfenbuettel-sv-wolfenbuettel-sv","ncap_cities_tax-wolfenbuettel-sv"],"acf":[],"yoast_head":"<!-- This site is optimized with the Yoast SEO plugin v27.4 - https:\/\/yoast.com\/product\/yoast-seo-wordpress\/ -->\n<title>Stadsrundturer i Wolfenb\u00fcttel - 9 St\u00e4dte in Niedersachsen<\/title>\n<meta name=\"robots\" content=\"index, follow, max-snippet:-1, max-image-preview:large, max-video-preview:-1\" \/>\n<link rel=\"canonical\" href=\"https:\/\/9staedte.de\/sv\/wolfenbuettel-lessings-stad\/stadsrundturer-i-wolfenbuettel\/\" \/>\n<meta property=\"og:locale\" content=\"sv_SE\" \/>\n<meta property=\"og:type\" content=\"article\" \/>\n<meta property=\"og:title\" content=\"Stadsrundturer i Wolfenb\u00fcttel - 9 St\u00e4dte in Niedersachsen\" \/>\n<meta property=\"og:url\" content=\"https:\/\/9staedte.de\/sv\/wolfenbuettel-lessings-stad\/stadsrundturer-i-wolfenbuettel\/\" \/>\n<meta property=\"og:site_name\" content=\"9 St\u00e4dte in Niedersachsen\" \/>\n<meta property=\"article:modified_time\" content=\"2023-10-25T15:58:21+00:00\" \/>\n<meta property=\"og:image\" content=\"https:\/\/9staedte.de\/wp-content\/uploads\/2023\/02\/161008-wf-marketing-087.jpg\" \/>\n\t<meta property=\"og:image:width\" content=\"1020\" \/>\n\t<meta property=\"og:image:height\" content=\"575\" \/>\n\t<meta property=\"og:image:type\" content=\"image\/jpeg\" \/>\n<meta name=\"twitter:card\" content=\"summary_large_image\" \/>\n<script type=\"application\/ld+json\" class=\"yoast-schema-graph\">{\"@context\":\"https:\\\/\\\/schema.org\",\"@graph\":[{\"@type\":\"WebPage\",\"@id\":\"https:\\\/\\\/9staedte.de\\\/sv\\\/wolfenbuettel-lessings-stad\\\/stadsrundturer-i-wolfenbuettel\\\/\",\"url\":\"https:\\\/\\\/9staedte.de\\\/sv\\\/wolfenbuettel-lessings-stad\\\/stadsrundturer-i-wolfenbuettel\\\/\",\"name\":\"Stadsrundturer i Wolfenb\u00fcttel - 9 St\u00e4dte in Niedersachsen\",\"isPartOf\":{\"@id\":\"https:\\\/\\\/9staedte.de\\\/sv\\\/#website\"},\"primaryImageOfPage\":{\"@id\":\"https:\\\/\\\/9staedte.de\\\/sv\\\/wolfenbuettel-lessings-stad\\\/stadsrundturer-i-wolfenbuettel\\\/#primaryimage\"},\"image\":{\"@id\":\"https:\\\/\\\/9staedte.de\\\/sv\\\/wolfenbuettel-lessings-stad\\\/stadsrundturer-i-wolfenbuettel\\\/#primaryimage\"},\"thumbnailUrl\":\"https:\\\/\\\/9staedte.de\\\/wp-content\\\/uploads\\\/2023\\\/02\\\/161008-wf-marketing-087.jpg\",\"datePublished\":\"2023-10-25T14:25:04+00:00\",\"dateModified\":\"2023-10-25T15:58:21+00:00\",\"breadcrumb\":{\"@id\":\"https:\\\/\\\/9staedte.de\\\/sv\\\/wolfenbuettel-lessings-stad\\\/stadsrundturer-i-wolfenbuettel\\\/#breadcrumb\"},\"inLanguage\":\"sv-SE\",\"potentialAction\":[{\"@type\":\"ReadAction\",\"target\":[\"https:\\\/\\\/9staedte.de\\\/sv\\\/wolfenbuettel-lessings-stad\\\/stadsrundturer-i-wolfenbuettel\\\/\"]}]},{\"@type\":\"ImageObject\",\"inLanguage\":\"sv-SE\",\"@id\":\"https:\\\/\\\/9staedte.de\\\/sv\\\/wolfenbuettel-lessings-stad\\\/stadsrundturer-i-wolfenbuettel\\\/#primaryimage\",\"url\":\"https:\\\/\\\/9staedte.de\\\/wp-content\\\/uploads\\\/2023\\\/02\\\/161008-wf-marketing-087.jpg\",\"contentUrl\":\"https:\\\/\\\/9staedte.de\\\/wp-content\\\/uploads\\\/2023\\\/02\\\/161008-wf-marketing-087.jpg\",\"width\":1020,\"height\":575,\"caption\":\"F\u00fchrung in Wolfenb\u00fcttel c) Stadt Wolfenb\u00fcttel Christian Bierwagen\"},{\"@type\":\"BreadcrumbList\",\"@id\":\"https:\\\/\\\/9staedte.de\\\/sv\\\/wolfenbuettel-lessings-stad\\\/stadsrundturer-i-wolfenbuettel\\\/#breadcrumb\",\"itemListElement\":[{\"@type\":\"ListItem\",\"position\":1,\"name\":\"Startseite\",\"item\":\"https:\\\/\\\/9staedte.de\\\/sv\\\/\"},{\"@type\":\"ListItem\",\"position\":2,\"name\":\"Wolfenb\u00fcttel &#8211; Lessings stad\",\"item\":\"https:\\\/\\\/9staedte.de\\\/sv\\\/wolfenbuettel-lessings-stad\\\/\"},{\"@type\":\"ListItem\",\"position\":3,\"name\":\"Stadsrundturer i Wolfenb\u00fcttel\"}]},{\"@type\":\"WebSite\",\"@id\":\"https:\\\/\\\/9staedte.de\\\/sv\\\/#website\",\"url\":\"https:\\\/\\\/9staedte.de\\\/sv\\\/\",\"name\":\"9 St\u00e4dte in Niedersachsen\",\"description\":\"\",\"publisher\":{\"@id\":\"https:\\\/\\\/9staedte.de\\\/sv\\\/#organization\"},\"potentialAction\":[{\"@type\":\"SearchAction\",\"target\":{\"@type\":\"EntryPoint\",\"urlTemplate\":\"https:\\\/\\\/9staedte.de\\\/sv\\\/?s={search_term_string}\"},\"query-input\":{\"@type\":\"PropertyValueSpecification\",\"valueRequired\":true,\"valueName\":\"search_term_string\"}}],\"inLanguage\":\"sv-SE\"},{\"@type\":\"Organization\",\"@id\":\"https:\\\/\\\/9staedte.de\\\/sv\\\/#organization\",\"name\":\"9 St\u00e4dte in Niedersachsen\",\"url\":\"https:\\\/\\\/9staedte.de\\\/sv\\\/\",\"logo\":{\"@type\":\"ImageObject\",\"inLanguage\":\"sv-SE\",\"@id\":\"https:\\\/\\\/9staedte.de\\\/sv\\\/#\\\/schema\\\/logo\\\/image\\\/\",\"url\":\"https:\\\/\\\/9staedte.de\\\/wp-content\\\/uploads\\\/2025\\\/01\\\/9-neg-deutsch-2-1.png\",\"contentUrl\":\"https:\\\/\\\/9staedte.de\\\/wp-content\\\/uploads\\\/2025\\\/01\\\/9-neg-deutsch-2-1.png\",\"width\":190,\"height\":114,\"caption\":\"9 St\u00e4dte in Niedersachsen\"},\"image\":{\"@id\":\"https:\\\/\\\/9staedte.de\\\/sv\\\/#\\\/schema\\\/logo\\\/image\\\/\"}}]}<\/script>\n<!-- \/ Yoast SEO plugin. -->","yoast_head_json":{"title":"Stadsrundturer i Wolfenb\u00fcttel - 9 St\u00e4dte in Niedersachsen","robots":{"index":"index","follow":"follow","max-snippet":"max-snippet:-1","max-image-preview":"max-image-preview:large","max-video-preview":"max-video-preview:-1"},"canonical":"https:\/\/9staedte.de\/sv\/wolfenbuettel-lessings-stad\/stadsrundturer-i-wolfenbuettel\/","og_locale":"sv_SE","og_type":"article","og_title":"Stadsrundturer i Wolfenb\u00fcttel - 9 St\u00e4dte in Niedersachsen","og_url":"https:\/\/9staedte.de\/sv\/wolfenbuettel-lessings-stad\/stadsrundturer-i-wolfenbuettel\/","og_site_name":"9 St\u00e4dte in Niedersachsen","article_modified_time":"2023-10-25T15:58:21+00:00","og_image":[{"width":1020,"height":575,"url":"https:\/\/9staedte.de\/wp-content\/uploads\/2023\/02\/161008-wf-marketing-087.jpg","type":"image\/jpeg"}],"twitter_card":"summary_large_image","schema":{"@context":"https:\/\/schema.org","@graph":[{"@type":"WebPage","@id":"https:\/\/9staedte.de\/sv\/wolfenbuettel-lessings-stad\/stadsrundturer-i-wolfenbuettel\/","url":"https:\/\/9staedte.de\/sv\/wolfenbuettel-lessings-stad\/stadsrundturer-i-wolfenbuettel\/","name":"Stadsrundturer i Wolfenb\u00fcttel - 9 St\u00e4dte in Niedersachsen","isPartOf":{"@id":"https:\/\/9staedte.de\/sv\/#website"},"primaryImageOfPage":{"@id":"https:\/\/9staedte.de\/sv\/wolfenbuettel-lessings-stad\/stadsrundturer-i-wolfenbuettel\/#primaryimage"},"image":{"@id":"https:\/\/9staedte.de\/sv\/wolfenbuettel-lessings-stad\/stadsrundturer-i-wolfenbuettel\/#primaryimage"},"thumbnailUrl":"https:\/\/9staedte.de\/wp-content\/uploads\/2023\/02\/161008-wf-marketing-087.jpg","datePublished":"2023-10-25T14:25:04+00:00","dateModified":"2023-10-25T15:58:21+00:00","breadcrumb":{"@id":"https:\/\/9staedte.de\/sv\/wolfenbuettel-lessings-stad\/stadsrundturer-i-wolfenbuettel\/#breadcrumb"},"inLanguage":"sv-SE","potentialAction":[{"@type":"ReadAction","target":["https:\/\/9staedte.de\/sv\/wolfenbuettel-lessings-stad\/stadsrundturer-i-wolfenbuettel\/"]}]},{"@type":"ImageObject","inLanguage":"sv-SE","@id":"https:\/\/9staedte.de\/sv\/wolfenbuettel-lessings-stad\/stadsrundturer-i-wolfenbuettel\/#primaryimage","url":"https:\/\/9staedte.de\/wp-content\/uploads\/2023\/02\/161008-wf-marketing-087.jpg","contentUrl":"https:\/\/9staedte.de\/wp-content\/uploads\/2023\/02\/161008-wf-marketing-087.jpg","width":1020,"height":575,"caption":"F\u00fchrung in Wolfenb\u00fcttel c) Stadt Wolfenb\u00fcttel Christian Bierwagen"},{"@type":"BreadcrumbList","@id":"https:\/\/9staedte.de\/sv\/wolfenbuettel-lessings-stad\/stadsrundturer-i-wolfenbuettel\/#breadcrumb","itemListElement":[{"@type":"ListItem","position":1,"name":"Startseite","item":"https:\/\/9staedte.de\/sv\/"},{"@type":"ListItem","position":2,"name":"Wolfenb\u00fcttel &#8211; Lessings stad","item":"https:\/\/9staedte.de\/sv\/wolfenbuettel-lessings-stad\/"},{"@type":"ListItem","position":3,"name":"Stadsrundturer i Wolfenb\u00fcttel"}]},{"@type":"WebSite","@id":"https:\/\/9staedte.de\/sv\/#website","url":"https:\/\/9staedte.de\/sv\/","name":"9 St\u00e4dte in Niedersachsen","description":"","publisher":{"@id":"https:\/\/9staedte.de\/sv\/#organization"},"potentialAction":[{"@type":"SearchAction","target":{"@type":"EntryPoint","urlTemplate":"https:\/\/9staedte.de\/sv\/?s={search_term_string}"},"query-input":{"@type":"PropertyValueSpecification","valueRequired":true,"valueName":"search_term_string"}}],"inLanguage":"sv-SE"},{"@type":"Organization","@id":"https:\/\/9staedte.de\/sv\/#organization","name":"9 St\u00e4dte in Niedersachsen","url":"https:\/\/9staedte.de\/sv\/","logo":{"@type":"ImageObject","inLanguage":"sv-SE","@id":"https:\/\/9staedte.de\/sv\/#\/schema\/logo\/image\/","url":"https:\/\/9staedte.de\/wp-content\/uploads\/2025\/01\/9-neg-deutsch-2-1.png","contentUrl":"https:\/\/9staedte.de\/wp-content\/uploads\/2025\/01\/9-neg-deutsch-2-1.png","width":190,"height":114,"caption":"9 St\u00e4dte in Niedersachsen"},"image":{"@id":"https:\/\/9staedte.de\/sv\/#\/schema\/logo\/image\/"}}]}},"_links":{"self":[{"href":"https:\/\/9staedte.de\/sv\/wp-json\/wp\/v2\/pages\/14073","targetHints":{"allow":["GET"]}}],"collection":[{"href":"https:\/\/9staedte.de\/sv\/wp-json\/wp\/v2\/pages"}],"about":[{"href":"https:\/\/9staedte.de\/sv\/wp-json\/wp\/v2\/types\/page"}],"author":[{"embeddable":true,"href":"https:\/\/9staedte.de\/sv\/wp-json\/wp\/v2\/users\/1"}],"replies":[{"embeddable":true,"href":"https:\/\/9staedte.de\/sv\/wp-json\/wp\/v2\/comments?post=14073"}],"version-history":[{"count":1,"href":"https:\/\/9staedte.de\/sv\/wp-json\/wp\/v2\/pages\/14073\/revisions"}],"predecessor-version":[{"id":14079,"href":"https:\/\/9staedte.de\/sv\/wp-json\/wp\/v2\/pages\/14073\/revisions\/14079"}],"up":[{"embeddable":true,"href":"https:\/\/9staedte.de\/sv\/wp-json\/wp\/v2\/pages\/14542"}],"wp:featuredmedia":[{"embeddable":true,"href":"https:\/\/9staedte.de\/sv\/wp-json\/wp\/v2\/media\/14078"}],"wp:attachment":[{"href":"https:\/\/9staedte.de\/sv\/wp-json\/wp\/v2\/media?parent=14073"}],"wp:term":[{"taxonomy":"category","embeddable":true,"href":"https:\/\/9staedte.de\/sv\/wp-json\/wp\/v2\/categories?post=14073"},{"taxonomy":"post_tag","embeddable":true,"href":"https:\/\/9staedte.de\/sv\/wp-json\/wp\/v2\/tags?post=14073"},{"taxonomy":"ncap_cities_tax","embeddable":true,"href":"https:\/\/9staedte.de\/sv\/wp-json\/wp\/v2\/ncap_cities_tax?post=14073"}],"curies":[{"name":"wp","href":"https:\/\/api.w.org\/{rel}","templated":true}]}}