{"id":14071,"date":"2023-10-25T16:22:47","date_gmt":"2023-10-25T14:22:47","guid":{"rendered":"https:\/\/9staedte.de\/julmarknad-i-einbeck\/"},"modified":"2025-12-29T14:45:33","modified_gmt":"2025-12-29T13:45:33","slug":"julmarknad-i-einbeck","status":"publish","type":"page","link":"https:\/\/9staedte.de\/sv\/einbeck-klassiska-bilar-korsvirkeshus-oel\/julmarknad-i-einbeck\/","title":{"rendered":"Julmarknad i Einbeck"},"content":{"rendered":"\n<h2 class=\"wp-block-heading\">Kontemplativ st\u00e4mning i julbyn<\/h2>\n\n<p>Varje \u00e5r fr\u00e5n slutet av november till slutet av december inbjuder Einbecks julby med sin historiska korsvirkeskuliss bes\u00f6karna att komma i julst\u00e4mning. Oavsett om det handlar om gl\u00f6gg, kulinariska l\u00e4ckerheter eller sm\u00e5 presenter, kommer alla att hitta vad de letar efter h\u00e4r. Julbelysningen lyser upp Einbecks stadsk\u00e4rna och bes\u00f6karna kan se fram emot ett brett utbud av konst och hantverk, regionala specialiteter och ett varierat program. Ett bes\u00f6k i Einbecks julby utlovar of\u00f6rgl\u00f6mliga stunder i en st\u00e4mningsfull kuliss och julf\u00f6rv\u00e4ntan.  <\/p>\n\n<p><a href=\"https:\/\/www.einbeck-tourismus.de\/stadtfeste-maerkte-events\">Ytterligare information<\/a><\/p>\n\n\n<div class=\"banner-wrapper\">\n  <div class=\"banner-inner \">\n      <div class=\"img-container\">\n      <div class=\"img-wrapper\">\n        <img decoding=\"async\" src=\"https:\/\/9staedte.de\/wp-content\/smush-webp\/2025\/10\/Einbeck-Weihnachtdorf-Fachwerk-\u00a9Spieker-Fotografie.jpg.webp\" alt=\"P\u00e5 bilden ser man en julmarknad. M\u00e5nga m\u00e4nniskor st\u00e5r vid sm\u00e5 tr\u00e4hus. Det finns en stor julgran med ljus. Husen i bakgrunden \u00e4r gamla och vackra. Allt \u00e4r festligt och ljust.\" \/>\n                  <div class=\"thumbnail-label\">\n            <span>Einbeck Weihnachtdorf Fachwerk \u00a9Spieker Fotografie<\/span>\n          <\/div>\n              <\/div>\n    <\/div>\n        <div class=\"text-container\">\n      <div class=\"content\">\n        <p><strong>9 tips inf\u00f6r ditt bes\u00f6k p\u00e5 julmarknaden i Einbeck:<\/strong><\/p>\n<ul>\n<li>Njut av den ber\u00f6mda Einbeck-\u00f6len<\/li>\n<li>En s\u00e4llskaplig kv\u00e4ll p\u00e5 curlingbanan<\/li>\n<li>Julbelysning med de fyra fotopunkterna<\/li>\n<li>En kulinarisk g\u00e5va fr\u00e5n Genuss Kontor Einbeck<\/li>\n<li>Varierat f\u00f6rjulsprogram under hela adventstiden<\/li>\n<li>Bes\u00f6k p\u00e5 det st\u00f6rsta museet f\u00f6r klassiska bilar i Europa, PS.SPEICHER<\/li>\n<li>Traditionell tryckupplevelse hos Einbeck Blueprint<\/li>\n<li>P\u00e5 sp\u00e5ren av bryggeritradition p\u00e5 Einbeck Beer Trail<\/li>\n<li>St\u00f6rsta utomhusgalleriet f\u00f6r gatukonst i s\u00f6dra Niedersachsen i den historiska stadsk\u00e4rnan<\/li>\n<\/ul>\n      <\/div>\n    <\/div>\n    <\/div>\n<\/div>\n\n\n<div style=\"height:49px\" aria-hidden=\"true\" class=\"wp-block-spacer\"><\/div>\n\n<p class=\"h3\"><strong>Julmarknad i Einbeck<\/strong><\/p>\n\n <div class=\"brlbs-cmpnt-container brlbs-cmpnt-content-blocker brlbs-cmpnt-with-individual-styles\" data-borlabs-cookie-content-blocker-id=\"google-maps\" data-borlabs-cookie-content=\"PGlmcmFtZSBzcmM9Imh0dHBzOi8vd3d3Lmdvb2dsZS5jb20vbWFwcy9lbWJlZD9wYj0hMW0xOCExbTEyITFtMyExZDQ3NS40NTA3MDg1NjM1NTExMyEyZDkuODY2NDg4NjgxOTIwODc3ITNkNTEuODE4MzQ5MjA0MDQ0MTMhMm0zITFmMCEyZjAhM2YwITNtMiExaTEwMjQhMmk3NjghNGYxMy4xITNtMyExbTIhMXMweDQ3YmFjZjNiMTcyZjc4MjklM0EweDlmYTdjOWMzNGNmNGIzZWQhMnNNYXJrdHBsYXR6JTIwRWluYmVjayE1ZTAhM20yITFzZGUhMnNkZSE0djE2OTIxODMxNDA2OTMhNW0yITFzZGUhMnNkZSIgd2lkdGg9IjYwMCIgaGVpZ2h0PSI0NTAiIHN0eWxlPSJib3JkZXI6MDsiIGFsbG93ZnVsbHNjcmVlbj0iIiBsb2FkaW5nPSJsYXp5IiByZWZlcnJlcnBvbGljeT0ibm8tcmVmZXJyZXItd2hlbi1kb3duZ3JhZGUiPjwvaWZyYW1lPg==\"><div class=\"brlbs-cmpnt-cb-preset-b brlbs-cmpnt-cb-google-maps\"> <div class=\"brlbs-cmpnt-cb-thumbnail\" style=\"background-image: url('https:\/\/9staedte.de\/wp-content\/uploads\/borlabs-cookie\/1\/brlbs-cb-google-maps-main.png')\"><\/div> <div class=\"brlbs-cmpnt-cb-main\"> <div class=\"brlbs-cmpnt-cb-content\"> <p class=\"brlbs-cmpnt-cb-description\">You are currently viewing a placeholder content from <strong>Google Maps<\/strong>. To access the actual content, click the button below. Please note that doing so will share data with third-party providers.<\/p> <a class=\"brlbs-cmpnt-cb-provider-toggle\" href=\"#\" data-borlabs-cookie-show-provider-information role=\"button\">More Information<\/a> <\/div> <div class=\"brlbs-cmpnt-cb-buttons\"> <a class=\"brlbs-cmpnt-cb-btn\" href=\"#\" data-borlabs-cookie-unblock role=\"button\">Unblock content<\/a> <a class=\"brlbs-cmpnt-cb-btn\" href=\"#\" data-borlabs-cookie-accept-service role=\"button\" style=\"display: inherit\">Accept required service and unblock content<\/a> <\/div> <\/div> <\/div><\/div>\n","protected":false},"excerpt":{"rendered":"<p>Kontemplativ st\u00e4mning i julbyn Varje \u00e5r fr\u00e5n slutet av november till slutet av december inbjuder Einbecks julby med sin historiska korsvirkeskuliss bes\u00f6karna att komma i julst\u00e4mning. Oavsett om det handlar om gl\u00f6gg, kulinariska l\u00e4ckerheter eller sm\u00e5 presenter, kommer alla att hitta vad de letar efter h\u00e4r. Julbelysningen lyser upp Einbecks stadsk\u00e4rna och bes\u00f6karna kan se [&hellip;]<\/p>\n","protected":false},"author":1,"featured_media":23427,"parent":14526,"menu_order":0,"comment_status":"closed","ping_status":"closed","template":"pagetemplates\/template-stadtthema.php","meta":{"_acf_changed":false,"footnotes":""},"categories":[],"tags":[],"ncap_cities_tax":[477,547],"class_list":["post-14071","page","type-page","status-publish","has-post-thumbnail","hentry","ncap_cities_tax-einbeck-sv","ncap_cities_tax-weihnachtsmarkte-einbeck-sv"],"acf":[],"yoast_head":"<!-- This site is optimized with the Yoast SEO plugin v27.4 - https:\/\/yoast.com\/product\/yoast-seo-wordpress\/ -->\n<title>Julmarknad i Einbeck - 9 St\u00e4dte in Niedersachsen<\/title>\n<meta name=\"description\" content=\"I Einbecks julby, som ligger i en historisk korsvirkesmilj\u00f6, kan bes\u00f6karna varje \u00e5r komma i julst\u00e4mning.\" \/>\n<meta name=\"robots\" content=\"index, follow, max-snippet:-1, max-image-preview:large, max-video-preview:-1\" \/>\n<link rel=\"canonical\" href=\"https:\/\/9staedte.de\/sv\/einbeck-klassiska-bilar-korsvirkeshus-oel\/julmarknad-i-einbeck\/\" \/>\n<meta property=\"og:locale\" content=\"sv_SE\" \/>\n<meta property=\"og:type\" content=\"article\" \/>\n<meta property=\"og:title\" content=\"Julmarknad i Einbeck - 9 St\u00e4dte in Niedersachsen\" \/>\n<meta property=\"og:description\" content=\"I Einbecks julby, som ligger i en historisk korsvirkesmilj\u00f6, kan bes\u00f6karna varje \u00e5r komma i julst\u00e4mning.\" \/>\n<meta property=\"og:url\" content=\"https:\/\/9staedte.de\/sv\/einbeck-klassiska-bilar-korsvirkeshus-oel\/julmarknad-i-einbeck\/\" \/>\n<meta property=\"og:site_name\" content=\"9 St\u00e4dte in Niedersachsen\" \/>\n<meta property=\"article:modified_time\" content=\"2025-12-29T13:45:33+00:00\" \/>\n<meta property=\"og:image\" content=\"https:\/\/9staedte.de\/wp-content\/uploads\/2024\/08\/Weihnachtsdorf-Weihnachten-Markt-Winter-\u00a9Spieker-Fotografie-2.jpg\" \/>\n\t<meta property=\"og:image:width\" content=\"1020\" \/>\n\t<meta property=\"og:image:height\" content=\"559\" \/>\n\t<meta property=\"og:image:type\" content=\"image\/jpeg\" \/>\n<meta name=\"twitter:card\" content=\"summary_large_image\" \/>\n<meta name=\"twitter:label1\" content=\"Ber\u00e4knad l\u00e4stid\" \/>\n\t<meta name=\"twitter:data1\" content=\"1 minut\" \/>\n<script type=\"application\/ld+json\" class=\"yoast-schema-graph\">{\"@context\":\"https:\\\/\\\/schema.org\",\"@graph\":[{\"@type\":\"WebPage\",\"@id\":\"https:\\\/\\\/9staedte.de\\\/sv\\\/einbeck-klassiska-bilar-korsvirkeshus-oel\\\/julmarknad-i-einbeck\\\/\",\"url\":\"https:\\\/\\\/9staedte.de\\\/sv\\\/einbeck-klassiska-bilar-korsvirkeshus-oel\\\/julmarknad-i-einbeck\\\/\",\"name\":\"Julmarknad i Einbeck - 9 St\u00e4dte in Niedersachsen\",\"isPartOf\":{\"@id\":\"https:\\\/\\\/9staedte.de\\\/sv\\\/#website\"},\"primaryImageOfPage\":{\"@id\":\"https:\\\/\\\/9staedte.de\\\/sv\\\/einbeck-klassiska-bilar-korsvirkeshus-oel\\\/julmarknad-i-einbeck\\\/#primaryimage\"},\"image\":{\"@id\":\"https:\\\/\\\/9staedte.de\\\/sv\\\/einbeck-klassiska-bilar-korsvirkeshus-oel\\\/julmarknad-i-einbeck\\\/#primaryimage\"},\"thumbnailUrl\":\"https:\\\/\\\/9staedte.de\\\/wp-content\\\/uploads\\\/2024\\\/08\\\/Weihnachtsdorf-Weihnachten-Markt-Winter-\u00a9Spieker-Fotografie-2.jpg\",\"datePublished\":\"2023-10-25T14:22:47+00:00\",\"dateModified\":\"2025-12-29T13:45:33+00:00\",\"description\":\"I Einbecks julby, som ligger i en historisk korsvirkesmilj\u00f6, kan bes\u00f6karna varje \u00e5r komma i julst\u00e4mning.\",\"breadcrumb\":{\"@id\":\"https:\\\/\\\/9staedte.de\\\/sv\\\/einbeck-klassiska-bilar-korsvirkeshus-oel\\\/julmarknad-i-einbeck\\\/#breadcrumb\"},\"inLanguage\":\"sv-SE\",\"potentialAction\":[{\"@type\":\"ReadAction\",\"target\":[\"https:\\\/\\\/9staedte.de\\\/sv\\\/einbeck-klassiska-bilar-korsvirkeshus-oel\\\/julmarknad-i-einbeck\\\/\"]}]},{\"@type\":\"ImageObject\",\"inLanguage\":\"sv-SE\",\"@id\":\"https:\\\/\\\/9staedte.de\\\/sv\\\/einbeck-klassiska-bilar-korsvirkeshus-oel\\\/julmarknad-i-einbeck\\\/#primaryimage\",\"url\":\"https:\\\/\\\/9staedte.de\\\/wp-content\\\/uploads\\\/2024\\\/08\\\/Weihnachtsdorf-Weihnachten-Markt-Winter-\u00a9Spieker-Fotografie-2.jpg\",\"contentUrl\":\"https:\\\/\\\/9staedte.de\\\/wp-content\\\/uploads\\\/2024\\\/08\\\/Weihnachtsdorf-Weihnachten-Markt-Winter-\u00a9Spieker-Fotografie-2.jpg\",\"width\":1020,\"height\":559,\"caption\":\"Einbeck Weihnachtsdorf, Weihnachten, Markt, Winter, \u00a9Spieker Fotografie (2)\"},{\"@type\":\"BreadcrumbList\",\"@id\":\"https:\\\/\\\/9staedte.de\\\/sv\\\/einbeck-klassiska-bilar-korsvirkeshus-oel\\\/julmarknad-i-einbeck\\\/#breadcrumb\",\"itemListElement\":[{\"@type\":\"ListItem\",\"position\":1,\"name\":\"Startseite\",\"item\":\"https:\\\/\\\/9staedte.de\\\/sv\\\/\"},{\"@type\":\"ListItem\",\"position\":2,\"name\":\"Einbeck &#8211; klassiska bilar, korsvirkeshus, \u00f6l\",\"item\":\"https:\\\/\\\/9staedte.de\\\/sv\\\/einbeck-klassiska-bilar-korsvirkeshus-oel\\\/\"},{\"@type\":\"ListItem\",\"position\":3,\"name\":\"Julmarknad i Einbeck\"}]},{\"@type\":\"WebSite\",\"@id\":\"https:\\\/\\\/9staedte.de\\\/sv\\\/#website\",\"url\":\"https:\\\/\\\/9staedte.de\\\/sv\\\/\",\"name\":\"9 St\u00e4dte in Niedersachsen\",\"description\":\"\",\"publisher\":{\"@id\":\"https:\\\/\\\/9staedte.de\\\/sv\\\/#organization\"},\"potentialAction\":[{\"@type\":\"SearchAction\",\"target\":{\"@type\":\"EntryPoint\",\"urlTemplate\":\"https:\\\/\\\/9staedte.de\\\/sv\\\/?s={search_term_string}\"},\"query-input\":{\"@type\":\"PropertyValueSpecification\",\"valueRequired\":true,\"valueName\":\"search_term_string\"}}],\"inLanguage\":\"sv-SE\"},{\"@type\":\"Organization\",\"@id\":\"https:\\\/\\\/9staedte.de\\\/sv\\\/#organization\",\"name\":\"9 St\u00e4dte in Niedersachsen\",\"url\":\"https:\\\/\\\/9staedte.de\\\/sv\\\/\",\"logo\":{\"@type\":\"ImageObject\",\"inLanguage\":\"sv-SE\",\"@id\":\"https:\\\/\\\/9staedte.de\\\/sv\\\/#\\\/schema\\\/logo\\\/image\\\/\",\"url\":\"https:\\\/\\\/9staedte.de\\\/wp-content\\\/uploads\\\/2025\\\/01\\\/9-neg-deutsch-2-1.png\",\"contentUrl\":\"https:\\\/\\\/9staedte.de\\\/wp-content\\\/uploads\\\/2025\\\/01\\\/9-neg-deutsch-2-1.png\",\"width\":190,\"height\":114,\"caption\":\"9 St\u00e4dte in Niedersachsen\"},\"image\":{\"@id\":\"https:\\\/\\\/9staedte.de\\\/sv\\\/#\\\/schema\\\/logo\\\/image\\\/\"}}]}<\/script>\n<!-- \/ Yoast SEO plugin. -->","yoast_head_json":{"title":"Julmarknad i Einbeck - 9 St\u00e4dte in Niedersachsen","description":"I Einbecks julby, som ligger i en historisk korsvirkesmilj\u00f6, kan bes\u00f6karna varje \u00e5r komma i julst\u00e4mning.","robots":{"index":"index","follow":"follow","max-snippet":"max-snippet:-1","max-image-preview":"max-image-preview:large","max-video-preview":"max-video-preview:-1"},"canonical":"https:\/\/9staedte.de\/sv\/einbeck-klassiska-bilar-korsvirkeshus-oel\/julmarknad-i-einbeck\/","og_locale":"sv_SE","og_type":"article","og_title":"Julmarknad i Einbeck - 9 St\u00e4dte in Niedersachsen","og_description":"I Einbecks julby, som ligger i en historisk korsvirkesmilj\u00f6, kan bes\u00f6karna varje \u00e5r komma i julst\u00e4mning.","og_url":"https:\/\/9staedte.de\/sv\/einbeck-klassiska-bilar-korsvirkeshus-oel\/julmarknad-i-einbeck\/","og_site_name":"9 St\u00e4dte in Niedersachsen","article_modified_time":"2025-12-29T13:45:33+00:00","og_image":[{"width":1020,"height":559,"url":"https:\/\/9staedte.de\/wp-content\/uploads\/2024\/08\/Weihnachtsdorf-Weihnachten-Markt-Winter-\u00a9Spieker-Fotografie-2.jpg","type":"image\/jpeg"}],"twitter_card":"summary_large_image","twitter_misc":{"Ber\u00e4knad l\u00e4stid":"1 minut"},"schema":{"@context":"https:\/\/schema.org","@graph":[{"@type":"WebPage","@id":"https:\/\/9staedte.de\/sv\/einbeck-klassiska-bilar-korsvirkeshus-oel\/julmarknad-i-einbeck\/","url":"https:\/\/9staedte.de\/sv\/einbeck-klassiska-bilar-korsvirkeshus-oel\/julmarknad-i-einbeck\/","name":"Julmarknad i Einbeck - 9 St\u00e4dte in Niedersachsen","isPartOf":{"@id":"https:\/\/9staedte.de\/sv\/#website"},"primaryImageOfPage":{"@id":"https:\/\/9staedte.de\/sv\/einbeck-klassiska-bilar-korsvirkeshus-oel\/julmarknad-i-einbeck\/#primaryimage"},"image":{"@id":"https:\/\/9staedte.de\/sv\/einbeck-klassiska-bilar-korsvirkeshus-oel\/julmarknad-i-einbeck\/#primaryimage"},"thumbnailUrl":"https:\/\/9staedte.de\/wp-content\/uploads\/2024\/08\/Weihnachtsdorf-Weihnachten-Markt-Winter-\u00a9Spieker-Fotografie-2.jpg","datePublished":"2023-10-25T14:22:47+00:00","dateModified":"2025-12-29T13:45:33+00:00","description":"I Einbecks julby, som ligger i en historisk korsvirkesmilj\u00f6, kan bes\u00f6karna varje \u00e5r komma i julst\u00e4mning.","breadcrumb":{"@id":"https:\/\/9staedte.de\/sv\/einbeck-klassiska-bilar-korsvirkeshus-oel\/julmarknad-i-einbeck\/#breadcrumb"},"inLanguage":"sv-SE","potentialAction":[{"@type":"ReadAction","target":["https:\/\/9staedte.de\/sv\/einbeck-klassiska-bilar-korsvirkeshus-oel\/julmarknad-i-einbeck\/"]}]},{"@type":"ImageObject","inLanguage":"sv-SE","@id":"https:\/\/9staedte.de\/sv\/einbeck-klassiska-bilar-korsvirkeshus-oel\/julmarknad-i-einbeck\/#primaryimage","url":"https:\/\/9staedte.de\/wp-content\/uploads\/2024\/08\/Weihnachtsdorf-Weihnachten-Markt-Winter-\u00a9Spieker-Fotografie-2.jpg","contentUrl":"https:\/\/9staedte.de\/wp-content\/uploads\/2024\/08\/Weihnachtsdorf-Weihnachten-Markt-Winter-\u00a9Spieker-Fotografie-2.jpg","width":1020,"height":559,"caption":"Einbeck Weihnachtsdorf, Weihnachten, Markt, Winter, \u00a9Spieker Fotografie (2)"},{"@type":"BreadcrumbList","@id":"https:\/\/9staedte.de\/sv\/einbeck-klassiska-bilar-korsvirkeshus-oel\/julmarknad-i-einbeck\/#breadcrumb","itemListElement":[{"@type":"ListItem","position":1,"name":"Startseite","item":"https:\/\/9staedte.de\/sv\/"},{"@type":"ListItem","position":2,"name":"Einbeck &#8211; klassiska bilar, korsvirkeshus, \u00f6l","item":"https:\/\/9staedte.de\/sv\/einbeck-klassiska-bilar-korsvirkeshus-oel\/"},{"@type":"ListItem","position":3,"name":"Julmarknad i Einbeck"}]},{"@type":"WebSite","@id":"https:\/\/9staedte.de\/sv\/#website","url":"https:\/\/9staedte.de\/sv\/","name":"9 St\u00e4dte in Niedersachsen","description":"","publisher":{"@id":"https:\/\/9staedte.de\/sv\/#organization"},"potentialAction":[{"@type":"SearchAction","target":{"@type":"EntryPoint","urlTemplate":"https:\/\/9staedte.de\/sv\/?s={search_term_string}"},"query-input":{"@type":"PropertyValueSpecification","valueRequired":true,"valueName":"search_term_string"}}],"inLanguage":"sv-SE"},{"@type":"Organization","@id":"https:\/\/9staedte.de\/sv\/#organization","name":"9 St\u00e4dte in Niedersachsen","url":"https:\/\/9staedte.de\/sv\/","logo":{"@type":"ImageObject","inLanguage":"sv-SE","@id":"https:\/\/9staedte.de\/sv\/#\/schema\/logo\/image\/","url":"https:\/\/9staedte.de\/wp-content\/uploads\/2025\/01\/9-neg-deutsch-2-1.png","contentUrl":"https:\/\/9staedte.de\/wp-content\/uploads\/2025\/01\/9-neg-deutsch-2-1.png","width":190,"height":114,"caption":"9 St\u00e4dte in Niedersachsen"},"image":{"@id":"https:\/\/9staedte.de\/sv\/#\/schema\/logo\/image\/"}}]}},"_links":{"self":[{"href":"https:\/\/9staedte.de\/sv\/wp-json\/wp\/v2\/pages\/14071","targetHints":{"allow":["GET"]}}],"collection":[{"href":"https:\/\/9staedte.de\/sv\/wp-json\/wp\/v2\/pages"}],"about":[{"href":"https:\/\/9staedte.de\/sv\/wp-json\/wp\/v2\/types\/page"}],"author":[{"embeddable":true,"href":"https:\/\/9staedte.de\/sv\/wp-json\/wp\/v2\/users\/1"}],"replies":[{"embeddable":true,"href":"https:\/\/9staedte.de\/sv\/wp-json\/wp\/v2\/comments?post=14071"}],"version-history":[{"count":6,"href":"https:\/\/9staedte.de\/sv\/wp-json\/wp\/v2\/pages\/14071\/revisions"}],"predecessor-version":[{"id":27661,"href":"https:\/\/9staedte.de\/sv\/wp-json\/wp\/v2\/pages\/14071\/revisions\/27661"}],"up":[{"embeddable":true,"href":"https:\/\/9staedte.de\/sv\/wp-json\/wp\/v2\/pages\/14526"}],"wp:featuredmedia":[{"embeddable":true,"href":"https:\/\/9staedte.de\/sv\/wp-json\/wp\/v2\/media\/23427"}],"wp:attachment":[{"href":"https:\/\/9staedte.de\/sv\/wp-json\/wp\/v2\/media?parent=14071"}],"wp:term":[{"taxonomy":"category","embeddable":true,"href":"https:\/\/9staedte.de\/sv\/wp-json\/wp\/v2\/categories?post=14071"},{"taxonomy":"post_tag","embeddable":true,"href":"https:\/\/9staedte.de\/sv\/wp-json\/wp\/v2\/tags?post=14071"},{"taxonomy":"ncap_cities_tax","embeddable":true,"href":"https:\/\/9staedte.de\/sv\/wp-json\/wp\/v2\/ncap_cities_tax?post=14071"}],"curies":[{"name":"wp","href":"https:\/\/api.w.org\/{rel}","templated":true}]}}