{"id":14063,"date":"2023-10-25T16:22:48","date_gmt":"2023-10-25T14:22:48","guid":{"rendered":"https:\/\/9staedte.de\/paket-i-einbeck\/"},"modified":"2024-07-04T10:38:01","modified_gmt":"2024-07-04T08:38:01","slug":"paket-i-einbeck","status":"publish","type":"page","link":"https:\/\/9staedte.de\/sv\/einbeck-klassiska-bilar-korsvirkeshus-oel\/paket-i-einbeck\/","title":{"rendered":"Paket i Einbeck"},"content":{"rendered":"\r\n\r\n    <div class=\"filter-posts\">\r\n            <div  id=\"filterContent\">\r\n                                                        \n<div class=\"contentKachel filtr-item\" data-category=\"einbeck-sv\">\n    <a href=\"https:\/\/9staedte.de\/sv\/paketloesning-en-njutningshelg\/\">\n        <div class=\"contentKachel-inner\">\n                            <div class=\"contentKachel-thumbnail\">\n                    <img loading=\"lazy\" decoding=\"async\" width=\"300\" height=\"161\" src=\"https:\/\/9staedte.de\/wp-content\/smush-webp\/2023\/05\/Bierchen-vor-dem-Brodhaus-Einbeck-\u00a9Daniel-Li-Photography-300x161.jpg.webp\" class=\"objectfitcover withfilters wp-post-image\" alt=\"Tv\u00e5 kvinnor sk\u00e5lar med \u00f6lglas. De ler. I bakgrunden finns ett gammalt korsvirkeshus. Det ser varmt och soligt ut.\" srcset=\"https:\/\/9staedte.de\/wp-content\/smush-webp\/2023\/05\/Bierchen-vor-dem-Brodhaus-Einbeck-\u00a9Daniel-Li-Photography-300x161.jpg.webp 300w, https:\/\/9staedte.de\/wp-content\/smush-webp\/2023\/05\/Bierchen-vor-dem-Brodhaus-Einbeck-\u00a9Daniel-Li-Photography-768x412.jpg.webp 768w, https:\/\/9staedte.de\/wp-content\/smush-webp\/2023\/05\/Bierchen-vor-dem-Brodhaus-Einbeck-\u00a9Daniel-Li-Photography.jpg.webp 1020w\" sizes=\"auto, (max-width: 300px) 100vw, 300px\" \/>                    <img loading=\"lazy\" decoding=\"async\" width=\"300\" height=\"161\" src=\"https:\/\/9staedte.de\/wp-content\/smush-webp\/2023\/05\/Bierchen-vor-dem-Brodhaus-Einbeck-\u00a9Daniel-Li-Photography-300x161.jpg.webp\" class=\"objectfitcontain wp-post-image\" alt=\"Tv\u00e5 kvinnor sk\u00e5lar med \u00f6lglas. De ler. I bakgrunden finns ett gammalt korsvirkeshus. Det ser varmt och soligt ut.\" srcset=\"https:\/\/9staedte.de\/wp-content\/smush-webp\/2023\/05\/Bierchen-vor-dem-Brodhaus-Einbeck-\u00a9Daniel-Li-Photography-300x161.jpg.webp 300w, https:\/\/9staedte.de\/wp-content\/smush-webp\/2023\/05\/Bierchen-vor-dem-Brodhaus-Einbeck-\u00a9Daniel-Li-Photography-768x412.jpg.webp 768w, https:\/\/9staedte.de\/wp-content\/smush-webp\/2023\/05\/Bierchen-vor-dem-Brodhaus-Einbeck-\u00a9Daniel-Li-Photography.jpg.webp 1020w\" sizes=\"auto, (max-width: 300px) 100vw, 300px\" \/>                        <div class=\"thumbnail-label\">\n    <span>EInbeck Bier vor dem Brodhaus &#8211; Einbeck &#8211; \u00a9Daniel Li Photography<\/span>\n    <\/div>\n                <\/div>\n                        <div class=\"contentKachel-content\">\n                                    <div class=\"city-tag bg-einbeck\">\n                        Einbeck                    <\/div>\n                \n                <div class=\"title\">\n\n                    Paketl\u00f6sning: EN njutningshelg                    \n                <\/div>\n\n                            <\/div>\n\n        <\/div>\n    <\/a>\n<\/div>                                                        \n<div class=\"contentKachel filtr-item\" data-category=\"einbeck-sv\">\n    <a href=\"https:\/\/9staedte.de\/sv\/jahr-der-mobilitaet-in-einbeck-einbeck-bewegt-dich\/\">\n        <div class=\"contentKachel-inner\">\n                            <div class=\"contentKachel-thumbnail\">\n                    <img loading=\"lazy\" decoding=\"async\" width=\"300\" height=\"165\" src=\"https:\/\/9staedte.de\/wp-content\/smush-webp\/2024\/07\/Einbeck-PS.SPEICHER-\u00a9Spieker-Fotografie-300x165.jpg.webp\" class=\"objectfitcover withfilters wp-post-image\" alt=\"Bilden visar PS.Speicher-byggnaden i Einbeck. I f\u00f6rgrunden st\u00e5r en gammal gr\u00e5 VW Bubblan. Byggnaden \u00e4r gjord av r\u00f6da tegelstenar och har m\u00e5nga f\u00f6nster. Till h\u00f6ger finns en modern tillbyggnad. Till v\u00e4nster st\u00e5r en gammal font\u00e4n med sm\u00e5 tr\u00e4d och v\u00e4xter.\" srcset=\"https:\/\/9staedte.de\/wp-content\/smush-webp\/2024\/07\/Einbeck-PS.SPEICHER-\u00a9Spieker-Fotografie-300x165.jpg.webp 300w, https:\/\/9staedte.de\/wp-content\/smush-webp\/2024\/07\/Einbeck-PS.SPEICHER-\u00a9Spieker-Fotografie-768x422.jpg.webp 768w, https:\/\/9staedte.de\/wp-content\/smush-webp\/2024\/07\/Einbeck-PS.SPEICHER-\u00a9Spieker-Fotografie.jpg.webp 1020w\" sizes=\"auto, (max-width: 300px) 100vw, 300px\" \/>                    <img loading=\"lazy\" decoding=\"async\" width=\"300\" height=\"165\" src=\"https:\/\/9staedte.de\/wp-content\/smush-webp\/2024\/07\/Einbeck-PS.SPEICHER-\u00a9Spieker-Fotografie-300x165.jpg.webp\" class=\"objectfitcontain wp-post-image\" alt=\"Bilden visar PS.Speicher-byggnaden i Einbeck. I f\u00f6rgrunden st\u00e5r en gammal gr\u00e5 VW Bubblan. Byggnaden \u00e4r gjord av r\u00f6da tegelstenar och har m\u00e5nga f\u00f6nster. Till h\u00f6ger finns en modern tillbyggnad. Till v\u00e4nster st\u00e5r en gammal font\u00e4n med sm\u00e5 tr\u00e4d och v\u00e4xter.\" srcset=\"https:\/\/9staedte.de\/wp-content\/smush-webp\/2024\/07\/Einbeck-PS.SPEICHER-\u00a9Spieker-Fotografie-300x165.jpg.webp 300w, https:\/\/9staedte.de\/wp-content\/smush-webp\/2024\/07\/Einbeck-PS.SPEICHER-\u00a9Spieker-Fotografie-768x422.jpg.webp 768w, https:\/\/9staedte.de\/wp-content\/smush-webp\/2024\/07\/Einbeck-PS.SPEICHER-\u00a9Spieker-Fotografie.jpg.webp 1020w\" sizes=\"auto, (max-width: 300px) 100vw, 300px\" \/>                        <div class=\"thumbnail-label\">\n    <span>Einbeck PS.SPEICHER, \u00a9Spieker Fotografie<\/span>\n    <\/div>\n                <\/div>\n                        <div class=\"contentKachel-content\">\n                                    <div class=\"city-tag bg-einbeck\">\n                        Einbeck                    <\/div>\n                \n                <div class=\"title\">\n\n                    Ett \u00e5r av r\u00f6rlighet i Einbeck &#8211; Einbeck flyttar dig                    \n                <\/div>\n\n                            <\/div>\n\n        <\/div>\n    <\/a>\n<\/div>                                                        \n<div class=\"contentKachel filtr-item\" data-category=\"einbeck-sv\">\n    <a href=\"https:\/\/9staedte.de\/sv\/jahr-der-mobilitaet-einbeck-bewegt-exklusiv\/\">\n        <div class=\"contentKachel-inner\">\n                            <div class=\"contentKachel-thumbnail\">\n                    <img loading=\"lazy\" decoding=\"async\" width=\"300\" height=\"165\" src=\"https:\/\/9staedte.de\/wp-content\/smush-webp\/2024\/07\/PS.SPEICHER-Ausstellung-Auto-Horch-Motorraeder-CC0-300x165.jpg.webp\" class=\"objectfitcover withfilters wp-post-image\" alt=\"Bilden visar en utst\u00e4llning p\u00e5 PS.Speicher i Einbeck. Man ser en veteranmotorcykel med sidovagn, en annan klassisk motorcykel och en historisk bil av m\u00e4rket Horch. I bakgrunden syns ett stort svartvitt foto av en gammal korsvirkesgata. Fordonen \u00e4r fr\u00e5n 1920-talet. Scenen ger en k\u00e4nsla av nostalgi och bilhistoria.\" srcset=\"https:\/\/9staedte.de\/wp-content\/smush-webp\/2024\/07\/PS.SPEICHER-Ausstellung-Auto-Horch-Motorraeder-CC0-300x165.jpg.webp 300w, https:\/\/9staedte.de\/wp-content\/smush-webp\/2024\/07\/PS.SPEICHER-Ausstellung-Auto-Horch-Motorraeder-CC0-768x422.jpg.webp 768w, https:\/\/9staedte.de\/wp-content\/smush-webp\/2024\/07\/PS.SPEICHER-Ausstellung-Auto-Horch-Motorraeder-CC0.jpg.webp 1020w\" sizes=\"auto, (max-width: 300px) 100vw, 300px\" \/>                    <img loading=\"lazy\" decoding=\"async\" width=\"300\" height=\"165\" src=\"https:\/\/9staedte.de\/wp-content\/smush-webp\/2024\/07\/PS.SPEICHER-Ausstellung-Auto-Horch-Motorraeder-CC0-300x165.jpg.webp\" class=\"objectfitcontain wp-post-image\" alt=\"Bilden visar en utst\u00e4llning p\u00e5 PS.Speicher i Einbeck. Man ser en veteranmotorcykel med sidovagn, en annan klassisk motorcykel och en historisk bil av m\u00e4rket Horch. I bakgrunden syns ett stort svartvitt foto av en gammal korsvirkesgata. Fordonen \u00e4r fr\u00e5n 1920-talet. Scenen ger en k\u00e4nsla av nostalgi och bilhistoria.\" srcset=\"https:\/\/9staedte.de\/wp-content\/smush-webp\/2024\/07\/PS.SPEICHER-Ausstellung-Auto-Horch-Motorraeder-CC0-300x165.jpg.webp 300w, https:\/\/9staedte.de\/wp-content\/smush-webp\/2024\/07\/PS.SPEICHER-Ausstellung-Auto-Horch-Motorraeder-CC0-768x422.jpg.webp 768w, https:\/\/9staedte.de\/wp-content\/smush-webp\/2024\/07\/PS.SPEICHER-Ausstellung-Auto-Horch-Motorraeder-CC0.jpg.webp 1020w\" sizes=\"auto, (max-width: 300px) 100vw, 300px\" \/>                        <div class=\"thumbnail-label\">\n    <span>PS.SPEICHER, November 2022<\/span>\n    <\/div>\n                <\/div>\n                        <div class=\"contentKachel-content\">\n                                    <div class=\"city-tag bg-einbeck\">\n                        Einbeck                    <\/div>\n                \n                <div class=\"title\">\n\n                    R\u00f6rlighetens \u00e5r &#8211; Einbeck flyttar exklusivt                    \n                <\/div>\n\n                            <\/div>\n\n        <\/div>\n    <\/a>\n<\/div>                                            <\/div>\r\n    <\/div>\r\n","protected":false},"excerpt":{"rendered":"","protected":false},"author":6,"featured_media":13470,"parent":14526,"menu_order":0,"comment_status":"closed","ping_status":"closed","template":"pagetemplates\/template-stadtthema.php","meta":{"_acf_changed":false,"footnotes":""},"categories":[],"tags":[],"ncap_cities_tax":[477,1387],"class_list":["post-14063","page","type-page","status-publish","has-post-thumbnail","hentry","ncap_cities_tax-einbeck-sv","ncap_cities_tax-pauschalen-einbeck-sv"],"acf":[],"yoast_head":"<!-- This site is optimized with the Yoast SEO plugin v26.8 - https:\/\/yoast.com\/product\/yoast-seo-wordpress\/ -->\n<title>Paket i Einbeck - 9 St\u00e4dte in Niedersachsen<\/title>\n<meta name=\"robots\" content=\"index, follow, max-snippet:-1, max-image-preview:large, max-video-preview:-1\" \/>\n<link rel=\"canonical\" href=\"https:\/\/9staedte.de\/sv\/einbeck-klassiska-bilar-korsvirkeshus-oel\/paket-i-einbeck\/\" \/>\n<meta property=\"og:locale\" content=\"sv_SE\" \/>\n<meta property=\"og:type\" content=\"article\" \/>\n<meta property=\"og:title\" content=\"Paket i Einbeck - 9 St\u00e4dte in Niedersachsen\" \/>\n<meta property=\"og:url\" content=\"https:\/\/9staedte.de\/sv\/einbeck-klassiska-bilar-korsvirkeshus-oel\/paket-i-einbeck\/\" \/>\n<meta property=\"og:site_name\" content=\"9 St\u00e4dte in Niedersachsen\" \/>\n<meta property=\"article:modified_time\" content=\"2024-07-04T08:38:01+00:00\" \/>\n<meta property=\"og:image\" content=\"https:\/\/9staedte.de\/wp-content\/uploads\/2023\/05\/Bierchen-vor-dem-Brodhaus-Einbeck-\u00a9Daniel-Li-Photography.jpg\" \/>\n\t<meta property=\"og:image:width\" content=\"1020\" \/>\n\t<meta property=\"og:image:height\" content=\"547\" \/>\n\t<meta property=\"og:image:type\" content=\"image\/jpeg\" \/>\n<meta name=\"twitter:card\" content=\"summary_large_image\" \/>\n<script type=\"application\/ld+json\" class=\"yoast-schema-graph\">{\"@context\":\"https:\/\/schema.org\",\"@graph\":[{\"@type\":\"WebPage\",\"@id\":\"https:\/\/9staedte.de\/sv\/einbeck-klassiska-bilar-korsvirkeshus-oel\/paket-i-einbeck\/\",\"url\":\"https:\/\/9staedte.de\/sv\/einbeck-klassiska-bilar-korsvirkeshus-oel\/paket-i-einbeck\/\",\"name\":\"Paket i Einbeck - 9 St\u00e4dte in Niedersachsen\",\"isPartOf\":{\"@id\":\"https:\/\/9staedte.de\/sv\/#website\"},\"primaryImageOfPage\":{\"@id\":\"https:\/\/9staedte.de\/sv\/einbeck-klassiska-bilar-korsvirkeshus-oel\/paket-i-einbeck\/#primaryimage\"},\"image\":{\"@id\":\"https:\/\/9staedte.de\/sv\/einbeck-klassiska-bilar-korsvirkeshus-oel\/paket-i-einbeck\/#primaryimage\"},\"thumbnailUrl\":\"https:\/\/9staedte.de\/wp-content\/uploads\/2023\/05\/Bierchen-vor-dem-Brodhaus-Einbeck-\u00a9Daniel-Li-Photography.jpg\",\"datePublished\":\"2023-10-25T14:22:48+00:00\",\"dateModified\":\"2024-07-04T08:38:01+00:00\",\"breadcrumb\":{\"@id\":\"https:\/\/9staedte.de\/sv\/einbeck-klassiska-bilar-korsvirkeshus-oel\/paket-i-einbeck\/#breadcrumb\"},\"inLanguage\":\"sv-SE\",\"potentialAction\":[{\"@type\":\"ReadAction\",\"target\":[\"https:\/\/9staedte.de\/sv\/einbeck-klassiska-bilar-korsvirkeshus-oel\/paket-i-einbeck\/\"]}]},{\"@type\":\"ImageObject\",\"inLanguage\":\"sv-SE\",\"@id\":\"https:\/\/9staedte.de\/sv\/einbeck-klassiska-bilar-korsvirkeshus-oel\/paket-i-einbeck\/#primaryimage\",\"url\":\"https:\/\/9staedte.de\/wp-content\/uploads\/2023\/05\/Bierchen-vor-dem-Brodhaus-Einbeck-\u00a9Daniel-Li-Photography.jpg\",\"contentUrl\":\"https:\/\/9staedte.de\/wp-content\/uploads\/2023\/05\/Bierchen-vor-dem-Brodhaus-Einbeck-\u00a9Daniel-Li-Photography.jpg\",\"width\":1020,\"height\":547,\"caption\":\"EInbeck Bier vor dem Brodhaus - Einbeck - \u00a9Daniel Li Photography\"},{\"@type\":\"BreadcrumbList\",\"@id\":\"https:\/\/9staedte.de\/sv\/einbeck-klassiska-bilar-korsvirkeshus-oel\/paket-i-einbeck\/#breadcrumb\",\"itemListElement\":[{\"@type\":\"ListItem\",\"position\":1,\"name\":\"Startseite\",\"item\":\"https:\/\/9staedte.de\/sv\/\"},{\"@type\":\"ListItem\",\"position\":2,\"name\":\"Einbeck &#8211; klassiska bilar, korsvirkeshus, \u00f6l\",\"item\":\"https:\/\/9staedte.de\/sv\/einbeck-klassiska-bilar-korsvirkeshus-oel\/\"},{\"@type\":\"ListItem\",\"position\":3,\"name\":\"Paket i Einbeck\"}]},{\"@type\":\"WebSite\",\"@id\":\"https:\/\/9staedte.de\/sv\/#website\",\"url\":\"https:\/\/9staedte.de\/sv\/\",\"name\":\"9 St\u00e4dte in Niedersachsen\",\"description\":\"\",\"publisher\":{\"@id\":\"https:\/\/9staedte.de\/sv\/#organization\"},\"potentialAction\":[{\"@type\":\"SearchAction\",\"target\":{\"@type\":\"EntryPoint\",\"urlTemplate\":\"https:\/\/9staedte.de\/sv\/?s={search_term_string}\"},\"query-input\":{\"@type\":\"PropertyValueSpecification\",\"valueRequired\":true,\"valueName\":\"search_term_string\"}}],\"inLanguage\":\"sv-SE\"},{\"@type\":\"Organization\",\"@id\":\"https:\/\/9staedte.de\/sv\/#organization\",\"name\":\"9 St\u00e4dte in Niedersachsen\",\"url\":\"https:\/\/9staedte.de\/sv\/\",\"logo\":{\"@type\":\"ImageObject\",\"inLanguage\":\"sv-SE\",\"@id\":\"https:\/\/9staedte.de\/sv\/#\/schema\/logo\/image\/\",\"url\":\"https:\/\/9staedte.de\/wp-content\/uploads\/2025\/01\/9-neg-deutsch-2-1.png\",\"contentUrl\":\"https:\/\/9staedte.de\/wp-content\/uploads\/2025\/01\/9-neg-deutsch-2-1.png\",\"width\":190,\"height\":114,\"caption\":\"9 St\u00e4dte in Niedersachsen\"},\"image\":{\"@id\":\"https:\/\/9staedte.de\/sv\/#\/schema\/logo\/image\/\"}}]}<\/script>\n<!-- \/ Yoast SEO plugin. -->","yoast_head_json":{"title":"Paket i Einbeck - 9 St\u00e4dte in Niedersachsen","robots":{"index":"index","follow":"follow","max-snippet":"max-snippet:-1","max-image-preview":"max-image-preview:large","max-video-preview":"max-video-preview:-1"},"canonical":"https:\/\/9staedte.de\/sv\/einbeck-klassiska-bilar-korsvirkeshus-oel\/paket-i-einbeck\/","og_locale":"sv_SE","og_type":"article","og_title":"Paket i Einbeck - 9 St\u00e4dte in Niedersachsen","og_url":"https:\/\/9staedte.de\/sv\/einbeck-klassiska-bilar-korsvirkeshus-oel\/paket-i-einbeck\/","og_site_name":"9 St\u00e4dte in Niedersachsen","article_modified_time":"2024-07-04T08:38:01+00:00","og_image":[{"width":1020,"height":547,"url":"https:\/\/9staedte.de\/wp-content\/uploads\/2023\/05\/Bierchen-vor-dem-Brodhaus-Einbeck-\u00a9Daniel-Li-Photography.jpg","type":"image\/jpeg"}],"twitter_card":"summary_large_image","schema":{"@context":"https:\/\/schema.org","@graph":[{"@type":"WebPage","@id":"https:\/\/9staedte.de\/sv\/einbeck-klassiska-bilar-korsvirkeshus-oel\/paket-i-einbeck\/","url":"https:\/\/9staedte.de\/sv\/einbeck-klassiska-bilar-korsvirkeshus-oel\/paket-i-einbeck\/","name":"Paket i Einbeck - 9 St\u00e4dte in Niedersachsen","isPartOf":{"@id":"https:\/\/9staedte.de\/sv\/#website"},"primaryImageOfPage":{"@id":"https:\/\/9staedte.de\/sv\/einbeck-klassiska-bilar-korsvirkeshus-oel\/paket-i-einbeck\/#primaryimage"},"image":{"@id":"https:\/\/9staedte.de\/sv\/einbeck-klassiska-bilar-korsvirkeshus-oel\/paket-i-einbeck\/#primaryimage"},"thumbnailUrl":"https:\/\/9staedte.de\/wp-content\/uploads\/2023\/05\/Bierchen-vor-dem-Brodhaus-Einbeck-\u00a9Daniel-Li-Photography.jpg","datePublished":"2023-10-25T14:22:48+00:00","dateModified":"2024-07-04T08:38:01+00:00","breadcrumb":{"@id":"https:\/\/9staedte.de\/sv\/einbeck-klassiska-bilar-korsvirkeshus-oel\/paket-i-einbeck\/#breadcrumb"},"inLanguage":"sv-SE","potentialAction":[{"@type":"ReadAction","target":["https:\/\/9staedte.de\/sv\/einbeck-klassiska-bilar-korsvirkeshus-oel\/paket-i-einbeck\/"]}]},{"@type":"ImageObject","inLanguage":"sv-SE","@id":"https:\/\/9staedte.de\/sv\/einbeck-klassiska-bilar-korsvirkeshus-oel\/paket-i-einbeck\/#primaryimage","url":"https:\/\/9staedte.de\/wp-content\/uploads\/2023\/05\/Bierchen-vor-dem-Brodhaus-Einbeck-\u00a9Daniel-Li-Photography.jpg","contentUrl":"https:\/\/9staedte.de\/wp-content\/uploads\/2023\/05\/Bierchen-vor-dem-Brodhaus-Einbeck-\u00a9Daniel-Li-Photography.jpg","width":1020,"height":547,"caption":"EInbeck Bier vor dem Brodhaus - Einbeck - \u00a9Daniel Li Photography"},{"@type":"BreadcrumbList","@id":"https:\/\/9staedte.de\/sv\/einbeck-klassiska-bilar-korsvirkeshus-oel\/paket-i-einbeck\/#breadcrumb","itemListElement":[{"@type":"ListItem","position":1,"name":"Startseite","item":"https:\/\/9staedte.de\/sv\/"},{"@type":"ListItem","position":2,"name":"Einbeck &#8211; klassiska bilar, korsvirkeshus, \u00f6l","item":"https:\/\/9staedte.de\/sv\/einbeck-klassiska-bilar-korsvirkeshus-oel\/"},{"@type":"ListItem","position":3,"name":"Paket i Einbeck"}]},{"@type":"WebSite","@id":"https:\/\/9staedte.de\/sv\/#website","url":"https:\/\/9staedte.de\/sv\/","name":"9 St\u00e4dte in Niedersachsen","description":"","publisher":{"@id":"https:\/\/9staedte.de\/sv\/#organization"},"potentialAction":[{"@type":"SearchAction","target":{"@type":"EntryPoint","urlTemplate":"https:\/\/9staedte.de\/sv\/?s={search_term_string}"},"query-input":{"@type":"PropertyValueSpecification","valueRequired":true,"valueName":"search_term_string"}}],"inLanguage":"sv-SE"},{"@type":"Organization","@id":"https:\/\/9staedte.de\/sv\/#organization","name":"9 St\u00e4dte in Niedersachsen","url":"https:\/\/9staedte.de\/sv\/","logo":{"@type":"ImageObject","inLanguage":"sv-SE","@id":"https:\/\/9staedte.de\/sv\/#\/schema\/logo\/image\/","url":"https:\/\/9staedte.de\/wp-content\/uploads\/2025\/01\/9-neg-deutsch-2-1.png","contentUrl":"https:\/\/9staedte.de\/wp-content\/uploads\/2025\/01\/9-neg-deutsch-2-1.png","width":190,"height":114,"caption":"9 St\u00e4dte in Niedersachsen"},"image":{"@id":"https:\/\/9staedte.de\/sv\/#\/schema\/logo\/image\/"}}]}},"_links":{"self":[{"href":"https:\/\/9staedte.de\/sv\/wp-json\/wp\/v2\/pages\/14063","targetHints":{"allow":["GET"]}}],"collection":[{"href":"https:\/\/9staedte.de\/sv\/wp-json\/wp\/v2\/pages"}],"about":[{"href":"https:\/\/9staedte.de\/sv\/wp-json\/wp\/v2\/types\/page"}],"author":[{"embeddable":true,"href":"https:\/\/9staedte.de\/sv\/wp-json\/wp\/v2\/users\/6"}],"replies":[{"embeddable":true,"href":"https:\/\/9staedte.de\/sv\/wp-json\/wp\/v2\/comments?post=14063"}],"version-history":[{"count":2,"href":"https:\/\/9staedte.de\/sv\/wp-json\/wp\/v2\/pages\/14063\/revisions"}],"predecessor-version":[{"id":22951,"href":"https:\/\/9staedte.de\/sv\/wp-json\/wp\/v2\/pages\/14063\/revisions\/22951"}],"up":[{"embeddable":true,"href":"https:\/\/9staedte.de\/sv\/wp-json\/wp\/v2\/pages\/14526"}],"wp:featuredmedia":[{"embeddable":true,"href":"https:\/\/9staedte.de\/sv\/wp-json\/wp\/v2\/media\/13470"}],"wp:attachment":[{"href":"https:\/\/9staedte.de\/sv\/wp-json\/wp\/v2\/media?parent=14063"}],"wp:term":[{"taxonomy":"category","embeddable":true,"href":"https:\/\/9staedte.de\/sv\/wp-json\/wp\/v2\/categories?post=14063"},{"taxonomy":"post_tag","embeddable":true,"href":"https:\/\/9staedte.de\/sv\/wp-json\/wp\/v2\/tags?post=14063"},{"taxonomy":"ncap_cities_tax","embeddable":true,"href":"https:\/\/9staedte.de\/sv\/wp-json\/wp\/v2\/ncap_cities_tax?post=14063"}],"curies":[{"name":"wp","href":"https:\/\/api.w.org\/{rel}","templated":true}]}}