{"id":14052,"date":"2023-10-25T16:22:46","date_gmt":"2023-10-25T14:22:46","guid":{"rendered":"https:\/\/9staedte.de\/halvdagsprogram-i-einbeck\/"},"modified":"2023-10-25T17:45:27","modified_gmt":"2023-10-25T15:45:27","slug":"halvdagsprogram-i-einbeck","status":"publish","type":"page","link":"https:\/\/9staedte.de\/sv\/einbeck-klassiska-bilar-korsvirkeshus-oel\/halvdagsprogram-i-einbeck\/","title":{"rendered":"Halvdagsprogram i Einbeck"},"content":{"rendered":"\r\n\r\n    <div class=\"filter-posts\">\r\n            <div  id=\"filterContent\">\r\n                                                        \n<div class=\"contentKachel filtr-item\" data-category=\"einbeck\">\n    <a href=\"https:\/\/9staedte.de\/halbtagesprogramm-fachwerkkunst-und-kaffeeklatsch-2\/\">\n        <div class=\"contentKachel-inner\">\n                            <div class=\"contentKachel-thumbnail\">\n                    <img loading=\"lazy\" decoding=\"async\" width=\"300\" height=\"165\" src=\"https:\/\/9staedte.de\/wp-content\/smush-webp\/2023\/05\/Einbeck-Eickesches-Haus-2-c-Daniel-Li-Photography-300x165.jpg.webp\" class=\"objectfitcover withfilters wp-post-image\" alt=\"Das Bild zeigt das Eickesche Haus iein Fachwerkhaus n Einbeck. Das Haus ist aus Holz und hat viele Verzierungen. Die Fenster sind rot. Eine Frau in historischer Kleidung winkt aus einem Fenster.\" srcset=\"https:\/\/9staedte.de\/wp-content\/smush-webp\/2023\/05\/Einbeck-Eickesches-Haus-2-c-Daniel-Li-Photography-300x165.jpg.webp 300w, https:\/\/9staedte.de\/wp-content\/smush-webp\/2023\/05\/Einbeck-Eickesches-Haus-2-c-Daniel-Li-Photography-768x422.jpg.webp 768w, https:\/\/9staedte.de\/wp-content\/smush-webp\/2023\/05\/Einbeck-Eickesches-Haus-2-c-Daniel-Li-Photography.jpg.webp 1020w\" sizes=\"auto, (max-width: 300px) 100vw, 300px\" \/>                    <img loading=\"lazy\" decoding=\"async\" width=\"300\" height=\"165\" src=\"https:\/\/9staedte.de\/wp-content\/smush-webp\/2023\/05\/Einbeck-Eickesches-Haus-2-c-Daniel-Li-Photography-300x165.jpg.webp\" class=\"objectfitcontain wp-post-image\" alt=\"Das Bild zeigt das Eickesche Haus iein Fachwerkhaus n Einbeck. Das Haus ist aus Holz und hat viele Verzierungen. Die Fenster sind rot. Eine Frau in historischer Kleidung winkt aus einem Fenster.\" srcset=\"https:\/\/9staedte.de\/wp-content\/smush-webp\/2023\/05\/Einbeck-Eickesches-Haus-2-c-Daniel-Li-Photography-300x165.jpg.webp 300w, https:\/\/9staedte.de\/wp-content\/smush-webp\/2023\/05\/Einbeck-Eickesches-Haus-2-c-Daniel-Li-Photography-768x422.jpg.webp 768w, https:\/\/9staedte.de\/wp-content\/smush-webp\/2023\/05\/Einbeck-Eickesches-Haus-2-c-Daniel-Li-Photography.jpg.webp 1020w\" sizes=\"auto, (max-width: 300px) 100vw, 300px\" \/>                        <div class=\"thumbnail-label\">\n    <span>Einbeck Eickesches Haus 2 c) Daniel Li Photography<\/span>\n    <\/div>\n                <\/div>\n                        <div class=\"contentKachel-content\">\n                                    <div class=\"city-tag bg-einbeck\">\n                        Einbeck                    <\/div>\n                \n                <div class=\"title\">\n\n                    Halbtagesprogramm: Fachwerkkunst und Kaffeeklatsch                    \n                <\/div>\n\n                            <\/div>\n\n        <\/div>\n    <\/a>\n<\/div>                                                        \n<div class=\"contentKachel filtr-item\" data-category=\"einbeck-sv\">\n    <a href=\"https:\/\/9staedte.de\/sv\/halvdagsprogram-korsvirkesarkitektur-och-bryggglaedje\/\">\n        <div class=\"contentKachel-inner\">\n                            <div class=\"contentKachel-thumbnail\">\n                    <img loading=\"lazy\" decoding=\"async\" width=\"300\" height=\"165\" src=\"https:\/\/9staedte.de\/wp-content\/smush-webp\/2023\/05\/Einbecker-Bierdiplom\u00a9Ole-Spata-300x165.jpg.webp\" class=\"objectfitcover withfilters wp-post-image\" alt=\"Bilden visar fem personer vid ett tr\u00e4bord. De sk\u00e5lar med \u00f6lglas. En kvinna har p\u00e5 sig en gammaldags dr\u00e4kt. P\u00e5 bordet st\u00e5r sm\u00e5 glas med s\u00e4d. St\u00e4mningen \u00e4r glad.\" srcset=\"https:\/\/9staedte.de\/wp-content\/smush-webp\/2023\/05\/Einbecker-Bierdiplom\u00a9Ole-Spata-300x165.jpg.webp 300w, https:\/\/9staedte.de\/wp-content\/smush-webp\/2023\/05\/Einbecker-Bierdiplom\u00a9Ole-Spata-768x422.jpg.webp 768w, https:\/\/9staedte.de\/wp-content\/smush-webp\/2023\/05\/Einbecker-Bierdiplom\u00a9Ole-Spata.jpg.webp 1020w\" sizes=\"auto, (max-width: 300px) 100vw, 300px\" \/>                    <img loading=\"lazy\" decoding=\"async\" width=\"300\" height=\"165\" src=\"https:\/\/9staedte.de\/wp-content\/smush-webp\/2023\/05\/Einbecker-Bierdiplom\u00a9Ole-Spata-300x165.jpg.webp\" class=\"objectfitcontain wp-post-image\" alt=\"Bilden visar fem personer vid ett tr\u00e4bord. De sk\u00e5lar med \u00f6lglas. En kvinna har p\u00e5 sig en gammaldags dr\u00e4kt. P\u00e5 bordet st\u00e5r sm\u00e5 glas med s\u00e4d. St\u00e4mningen \u00e4r glad.\" srcset=\"https:\/\/9staedte.de\/wp-content\/smush-webp\/2023\/05\/Einbecker-Bierdiplom\u00a9Ole-Spata-300x165.jpg.webp 300w, https:\/\/9staedte.de\/wp-content\/smush-webp\/2023\/05\/Einbecker-Bierdiplom\u00a9Ole-Spata-768x422.jpg.webp 768w, https:\/\/9staedte.de\/wp-content\/smush-webp\/2023\/05\/Einbecker-Bierdiplom\u00a9Ole-Spata.jpg.webp 1020w\" sizes=\"auto, (max-width: 300px) 100vw, 300px\" \/>                        <div class=\"thumbnail-label\">\n    <span>Einbecker Bierdiplom c) Ole Spata<\/span>\n    <\/div>\n                <\/div>\n                        <div class=\"contentKachel-content\">\n                                    <div class=\"city-tag bg-einbeck\">\n                        Einbeck                    <\/div>\n                \n                <div class=\"title\">\n\n                    Halvdagsprogram: Korsvirkesarkitektur och brygggl\u00e4dje                    \n                <\/div>\n\n                            <\/div>\n\n        <\/div>\n    <\/a>\n<\/div>                                                        \n<div class=\"contentKachel filtr-item\" data-category=\"einbeck-sv\">\n    <a href=\"https:\/\/9staedte.de\/sv\/halvdagsprogram-oelkunskap-i-einbeck\/\">\n        <div class=\"contentKachel-inner\">\n                            <div class=\"contentKachel-thumbnail\">\n                    <img loading=\"lazy\" decoding=\"async\" width=\"300\" height=\"165\" src=\"https:\/\/9staedte.de\/wp-content\/smush-webp\/2023\/05\/Beertasting\u00a9Einbecker-Brauhaus-AG-300x165.jpg.webp\" class=\"objectfitcover withfilters wp-post-image\" alt=\"Bilden visar tv\u00e5 personer som smakar p\u00e5 \u00f6l. De sitter vid ett bord i en mysig bar. Framf\u00f6r st\u00e5r ett fullt \u00f6lglas med skum. Det finns ett t\u00e4nt ljus p\u00e5 bordet. St\u00e4mningen \u00e4r lugn och trevlig.\" srcset=\"https:\/\/9staedte.de\/wp-content\/smush-webp\/2023\/05\/Beertasting\u00a9Einbecker-Brauhaus-AG-300x165.jpg.webp 300w, https:\/\/9staedte.de\/wp-content\/smush-webp\/2023\/05\/Beertasting\u00a9Einbecker-Brauhaus-AG-768x423.jpg.webp 768w, https:\/\/9staedte.de\/wp-content\/smush-webp\/2023\/05\/Beertasting\u00a9Einbecker-Brauhaus-AG.jpg.webp 1019w\" sizes=\"auto, (max-width: 300px) 100vw, 300px\" \/>                    <img loading=\"lazy\" decoding=\"async\" width=\"300\" height=\"165\" src=\"https:\/\/9staedte.de\/wp-content\/smush-webp\/2023\/05\/Beertasting\u00a9Einbecker-Brauhaus-AG-300x165.jpg.webp\" class=\"objectfitcontain wp-post-image\" alt=\"Bilden visar tv\u00e5 personer som smakar p\u00e5 \u00f6l. De sitter vid ett bord i en mysig bar. Framf\u00f6r st\u00e5r ett fullt \u00f6lglas med skum. Det finns ett t\u00e4nt ljus p\u00e5 bordet. St\u00e4mningen \u00e4r lugn och trevlig.\" srcset=\"https:\/\/9staedte.de\/wp-content\/smush-webp\/2023\/05\/Beertasting\u00a9Einbecker-Brauhaus-AG-300x165.jpg.webp 300w, https:\/\/9staedte.de\/wp-content\/smush-webp\/2023\/05\/Beertasting\u00a9Einbecker-Brauhaus-AG-768x423.jpg.webp 768w, https:\/\/9staedte.de\/wp-content\/smush-webp\/2023\/05\/Beertasting\u00a9Einbecker-Brauhaus-AG.jpg.webp 1019w\" sizes=\"auto, (max-width: 300px) 100vw, 300px\" \/>                        <div class=\"thumbnail-label\">\n    <span>Beertasting\u00a9Einbecker Brauhaus AG<\/span>\n    <\/div>\n                <\/div>\n                        <div class=\"contentKachel-content\">\n                                    <div class=\"city-tag bg-einbeck\">\n                        Einbeck                    <\/div>\n                \n                <div class=\"title\">\n\n                    Halvdagsprogram: \u00d6lkunskap i EInbeck                    \n                <\/div>\n\n                            <\/div>\n\n        <\/div>\n    <\/a>\n<\/div>                                            <\/div>\r\n    <\/div>\r\n","protected":false},"excerpt":{"rendered":"","protected":false},"author":6,"featured_media":14057,"parent":14526,"menu_order":0,"comment_status":"closed","ping_status":"closed","template":"pagetemplates\/template-stadtthema.php","meta":{"_acf_changed":false,"footnotes":""},"categories":[],"tags":[],"ncap_cities_tax":[477,1107],"class_list":["post-14052","page","type-page","status-publish","has-post-thumbnail","hentry","ncap_cities_tax-einbeck-sv","ncap_cities_tax-tagesprogramme-einbeck-sv"],"acf":[],"yoast_head":"<!-- This site is optimized with the Yoast SEO plugin v26.8 - https:\/\/yoast.com\/product\/yoast-seo-wordpress\/ -->\n<title>Halvdagsprogram i Einbeck - 9 St\u00e4dte in Niedersachsen<\/title>\n<meta name=\"robots\" content=\"index, follow, max-snippet:-1, max-image-preview:large, max-video-preview:-1\" \/>\n<link rel=\"canonical\" href=\"https:\/\/9staedte.de\/sv\/einbeck-klassiska-bilar-korsvirkeshus-oel\/halvdagsprogram-i-einbeck\/\" \/>\n<meta property=\"og:locale\" content=\"sv_SE\" \/>\n<meta property=\"og:type\" content=\"article\" \/>\n<meta property=\"og:title\" content=\"Halvdagsprogram i Einbeck - 9 St\u00e4dte in Niedersachsen\" \/>\n<meta property=\"og:url\" content=\"https:\/\/9staedte.de\/sv\/einbeck-klassiska-bilar-korsvirkeshus-oel\/halvdagsprogram-i-einbeck\/\" \/>\n<meta property=\"og:site_name\" content=\"9 St\u00e4dte in Niedersachsen\" \/>\n<meta property=\"article:modified_time\" content=\"2023-10-25T15:45:27+00:00\" \/>\n<meta property=\"og:image\" content=\"https:\/\/9staedte.de\/wp-content\/uploads\/2023\/05\/Bierstadt-\u00a9Einbecker-Brauhaus-AG.jpg\" \/>\n\t<meta property=\"og:image:width\" content=\"1020\" \/>\n\t<meta property=\"og:image:height\" content=\"560\" \/>\n\t<meta property=\"og:image:type\" content=\"image\/jpeg\" \/>\n<meta name=\"twitter:card\" content=\"summary_large_image\" \/>\n<script type=\"application\/ld+json\" class=\"yoast-schema-graph\">{\"@context\":\"https:\/\/schema.org\",\"@graph\":[{\"@type\":\"WebPage\",\"@id\":\"https:\/\/9staedte.de\/sv\/einbeck-klassiska-bilar-korsvirkeshus-oel\/halvdagsprogram-i-einbeck\/\",\"url\":\"https:\/\/9staedte.de\/sv\/einbeck-klassiska-bilar-korsvirkeshus-oel\/halvdagsprogram-i-einbeck\/\",\"name\":\"Halvdagsprogram i Einbeck - 9 St\u00e4dte in Niedersachsen\",\"isPartOf\":{\"@id\":\"https:\/\/9staedte.de\/sv\/#website\"},\"primaryImageOfPage\":{\"@id\":\"https:\/\/9staedte.de\/sv\/einbeck-klassiska-bilar-korsvirkeshus-oel\/halvdagsprogram-i-einbeck\/#primaryimage\"},\"image\":{\"@id\":\"https:\/\/9staedte.de\/sv\/einbeck-klassiska-bilar-korsvirkeshus-oel\/halvdagsprogram-i-einbeck\/#primaryimage\"},\"thumbnailUrl\":\"https:\/\/9staedte.de\/wp-content\/uploads\/2023\/05\/Bierstadt-\u00a9Einbecker-Brauhaus-AG.jpg\",\"datePublished\":\"2023-10-25T14:22:46+00:00\",\"dateModified\":\"2023-10-25T15:45:27+00:00\",\"breadcrumb\":{\"@id\":\"https:\/\/9staedte.de\/sv\/einbeck-klassiska-bilar-korsvirkeshus-oel\/halvdagsprogram-i-einbeck\/#breadcrumb\"},\"inLanguage\":\"sv-SE\",\"potentialAction\":[{\"@type\":\"ReadAction\",\"target\":[\"https:\/\/9staedte.de\/sv\/einbeck-klassiska-bilar-korsvirkeshus-oel\/halvdagsprogram-i-einbeck\/\"]}]},{\"@type\":\"ImageObject\",\"inLanguage\":\"sv-SE\",\"@id\":\"https:\/\/9staedte.de\/sv\/einbeck-klassiska-bilar-korsvirkeshus-oel\/halvdagsprogram-i-einbeck\/#primaryimage\",\"url\":\"https:\/\/9staedte.de\/wp-content\/uploads\/2023\/05\/Bierstadt-\u00a9Einbecker-Brauhaus-AG.jpg\",\"contentUrl\":\"https:\/\/9staedte.de\/wp-content\/uploads\/2023\/05\/Bierstadt-\u00a9Einbecker-Brauhaus-AG.jpg\",\"width\":1020,\"height\":560,\"caption\":\"Bierstadt, \u00a9Einbecker Brauhaus AG\"},{\"@type\":\"BreadcrumbList\",\"@id\":\"https:\/\/9staedte.de\/sv\/einbeck-klassiska-bilar-korsvirkeshus-oel\/halvdagsprogram-i-einbeck\/#breadcrumb\",\"itemListElement\":[{\"@type\":\"ListItem\",\"position\":1,\"name\":\"Startseite\",\"item\":\"https:\/\/9staedte.de\/sv\/\"},{\"@type\":\"ListItem\",\"position\":2,\"name\":\"Einbeck &#8211; klassiska bilar, korsvirkeshus, \u00f6l\",\"item\":\"https:\/\/9staedte.de\/sv\/einbeck-klassiska-bilar-korsvirkeshus-oel\/\"},{\"@type\":\"ListItem\",\"position\":3,\"name\":\"Halvdagsprogram i Einbeck\"}]},{\"@type\":\"WebSite\",\"@id\":\"https:\/\/9staedte.de\/sv\/#website\",\"url\":\"https:\/\/9staedte.de\/sv\/\",\"name\":\"9 St\u00e4dte in Niedersachsen\",\"description\":\"\",\"publisher\":{\"@id\":\"https:\/\/9staedte.de\/sv\/#organization\"},\"potentialAction\":[{\"@type\":\"SearchAction\",\"target\":{\"@type\":\"EntryPoint\",\"urlTemplate\":\"https:\/\/9staedte.de\/sv\/?s={search_term_string}\"},\"query-input\":{\"@type\":\"PropertyValueSpecification\",\"valueRequired\":true,\"valueName\":\"search_term_string\"}}],\"inLanguage\":\"sv-SE\"},{\"@type\":\"Organization\",\"@id\":\"https:\/\/9staedte.de\/sv\/#organization\",\"name\":\"9 St\u00e4dte in Niedersachsen\",\"url\":\"https:\/\/9staedte.de\/sv\/\",\"logo\":{\"@type\":\"ImageObject\",\"inLanguage\":\"sv-SE\",\"@id\":\"https:\/\/9staedte.de\/sv\/#\/schema\/logo\/image\/\",\"url\":\"https:\/\/9staedte.de\/wp-content\/uploads\/2025\/01\/9-neg-deutsch-2-1.png\",\"contentUrl\":\"https:\/\/9staedte.de\/wp-content\/uploads\/2025\/01\/9-neg-deutsch-2-1.png\",\"width\":190,\"height\":114,\"caption\":\"9 St\u00e4dte in Niedersachsen\"},\"image\":{\"@id\":\"https:\/\/9staedte.de\/sv\/#\/schema\/logo\/image\/\"}}]}<\/script>\n<!-- \/ Yoast SEO plugin. -->","yoast_head_json":{"title":"Halvdagsprogram i Einbeck - 9 St\u00e4dte in Niedersachsen","robots":{"index":"index","follow":"follow","max-snippet":"max-snippet:-1","max-image-preview":"max-image-preview:large","max-video-preview":"max-video-preview:-1"},"canonical":"https:\/\/9staedte.de\/sv\/einbeck-klassiska-bilar-korsvirkeshus-oel\/halvdagsprogram-i-einbeck\/","og_locale":"sv_SE","og_type":"article","og_title":"Halvdagsprogram i Einbeck - 9 St\u00e4dte in Niedersachsen","og_url":"https:\/\/9staedte.de\/sv\/einbeck-klassiska-bilar-korsvirkeshus-oel\/halvdagsprogram-i-einbeck\/","og_site_name":"9 St\u00e4dte in Niedersachsen","article_modified_time":"2023-10-25T15:45:27+00:00","og_image":[{"width":1020,"height":560,"url":"https:\/\/9staedte.de\/wp-content\/uploads\/2023\/05\/Bierstadt-\u00a9Einbecker-Brauhaus-AG.jpg","type":"image\/jpeg"}],"twitter_card":"summary_large_image","schema":{"@context":"https:\/\/schema.org","@graph":[{"@type":"WebPage","@id":"https:\/\/9staedte.de\/sv\/einbeck-klassiska-bilar-korsvirkeshus-oel\/halvdagsprogram-i-einbeck\/","url":"https:\/\/9staedte.de\/sv\/einbeck-klassiska-bilar-korsvirkeshus-oel\/halvdagsprogram-i-einbeck\/","name":"Halvdagsprogram i Einbeck - 9 St\u00e4dte in Niedersachsen","isPartOf":{"@id":"https:\/\/9staedte.de\/sv\/#website"},"primaryImageOfPage":{"@id":"https:\/\/9staedte.de\/sv\/einbeck-klassiska-bilar-korsvirkeshus-oel\/halvdagsprogram-i-einbeck\/#primaryimage"},"image":{"@id":"https:\/\/9staedte.de\/sv\/einbeck-klassiska-bilar-korsvirkeshus-oel\/halvdagsprogram-i-einbeck\/#primaryimage"},"thumbnailUrl":"https:\/\/9staedte.de\/wp-content\/uploads\/2023\/05\/Bierstadt-\u00a9Einbecker-Brauhaus-AG.jpg","datePublished":"2023-10-25T14:22:46+00:00","dateModified":"2023-10-25T15:45:27+00:00","breadcrumb":{"@id":"https:\/\/9staedte.de\/sv\/einbeck-klassiska-bilar-korsvirkeshus-oel\/halvdagsprogram-i-einbeck\/#breadcrumb"},"inLanguage":"sv-SE","potentialAction":[{"@type":"ReadAction","target":["https:\/\/9staedte.de\/sv\/einbeck-klassiska-bilar-korsvirkeshus-oel\/halvdagsprogram-i-einbeck\/"]}]},{"@type":"ImageObject","inLanguage":"sv-SE","@id":"https:\/\/9staedte.de\/sv\/einbeck-klassiska-bilar-korsvirkeshus-oel\/halvdagsprogram-i-einbeck\/#primaryimage","url":"https:\/\/9staedte.de\/wp-content\/uploads\/2023\/05\/Bierstadt-\u00a9Einbecker-Brauhaus-AG.jpg","contentUrl":"https:\/\/9staedte.de\/wp-content\/uploads\/2023\/05\/Bierstadt-\u00a9Einbecker-Brauhaus-AG.jpg","width":1020,"height":560,"caption":"Bierstadt, \u00a9Einbecker Brauhaus AG"},{"@type":"BreadcrumbList","@id":"https:\/\/9staedte.de\/sv\/einbeck-klassiska-bilar-korsvirkeshus-oel\/halvdagsprogram-i-einbeck\/#breadcrumb","itemListElement":[{"@type":"ListItem","position":1,"name":"Startseite","item":"https:\/\/9staedte.de\/sv\/"},{"@type":"ListItem","position":2,"name":"Einbeck &#8211; klassiska bilar, korsvirkeshus, \u00f6l","item":"https:\/\/9staedte.de\/sv\/einbeck-klassiska-bilar-korsvirkeshus-oel\/"},{"@type":"ListItem","position":3,"name":"Halvdagsprogram i Einbeck"}]},{"@type":"WebSite","@id":"https:\/\/9staedte.de\/sv\/#website","url":"https:\/\/9staedte.de\/sv\/","name":"9 St\u00e4dte in Niedersachsen","description":"","publisher":{"@id":"https:\/\/9staedte.de\/sv\/#organization"},"potentialAction":[{"@type":"SearchAction","target":{"@type":"EntryPoint","urlTemplate":"https:\/\/9staedte.de\/sv\/?s={search_term_string}"},"query-input":{"@type":"PropertyValueSpecification","valueRequired":true,"valueName":"search_term_string"}}],"inLanguage":"sv-SE"},{"@type":"Organization","@id":"https:\/\/9staedte.de\/sv\/#organization","name":"9 St\u00e4dte in Niedersachsen","url":"https:\/\/9staedte.de\/sv\/","logo":{"@type":"ImageObject","inLanguage":"sv-SE","@id":"https:\/\/9staedte.de\/sv\/#\/schema\/logo\/image\/","url":"https:\/\/9staedte.de\/wp-content\/uploads\/2025\/01\/9-neg-deutsch-2-1.png","contentUrl":"https:\/\/9staedte.de\/wp-content\/uploads\/2025\/01\/9-neg-deutsch-2-1.png","width":190,"height":114,"caption":"9 St\u00e4dte in Niedersachsen"},"image":{"@id":"https:\/\/9staedte.de\/sv\/#\/schema\/logo\/image\/"}}]}},"_links":{"self":[{"href":"https:\/\/9staedte.de\/sv\/wp-json\/wp\/v2\/pages\/14052","targetHints":{"allow":["GET"]}}],"collection":[{"href":"https:\/\/9staedte.de\/sv\/wp-json\/wp\/v2\/pages"}],"about":[{"href":"https:\/\/9staedte.de\/sv\/wp-json\/wp\/v2\/types\/page"}],"author":[{"embeddable":true,"href":"https:\/\/9staedte.de\/sv\/wp-json\/wp\/v2\/users\/6"}],"replies":[{"embeddable":true,"href":"https:\/\/9staedte.de\/sv\/wp-json\/wp\/v2\/comments?post=14052"}],"version-history":[{"count":1,"href":"https:\/\/9staedte.de\/sv\/wp-json\/wp\/v2\/pages\/14052\/revisions"}],"predecessor-version":[{"id":14058,"href":"https:\/\/9staedte.de\/sv\/wp-json\/wp\/v2\/pages\/14052\/revisions\/14058"}],"up":[{"embeddable":true,"href":"https:\/\/9staedte.de\/sv\/wp-json\/wp\/v2\/pages\/14526"}],"wp:featuredmedia":[{"embeddable":true,"href":"https:\/\/9staedte.de\/sv\/wp-json\/wp\/v2\/media\/14057"}],"wp:attachment":[{"href":"https:\/\/9staedte.de\/sv\/wp-json\/wp\/v2\/media?parent=14052"}],"wp:term":[{"taxonomy":"category","embeddable":true,"href":"https:\/\/9staedte.de\/sv\/wp-json\/wp\/v2\/categories?post=14052"},{"taxonomy":"post_tag","embeddable":true,"href":"https:\/\/9staedte.de\/sv\/wp-json\/wp\/v2\/tags?post=14052"},{"taxonomy":"ncap_cities_tax","embeddable":true,"href":"https:\/\/9staedte.de\/sv\/wp-json\/wp\/v2\/ncap_cities_tax?post=14052"}],"curies":[{"name":"wp","href":"https:\/\/api.w.org\/{rel}","templated":true}]}}