{"id":14050,"date":"2023-10-25T16:22:48","date_gmt":"2023-10-25T14:22:48","guid":{"rendered":"https:\/\/9staedte.de\/naturupplevelser-och-haallbarhet-i-einbeck\/"},"modified":"2024-03-21T15:59:55","modified_gmt":"2024-03-21T14:59:55","slug":"naturupplevelser-och-haallbarhet-i-einbeck","status":"publish","type":"page","link":"https:\/\/9staedte.de\/sv\/einbeck-klassiska-bilar-korsvirkeshus-oel\/naturupplevelser-och-haallbarhet-i-einbeck\/","title":{"rendered":"Naturupplevelser och h\u00e5llbarhet i Einbeck"},"content":{"rendered":"\n<h2 class=\"wp-block-heading\">Uppt\u00e4ck Einbeck p\u00e5 ett h\u00e5llbart s\u00e4tt<\/h2>\n\n\n\n<p>Den f\u00f6re detta hansastaden \u00e4r hem f\u00f6r magnifikt dekorerade, historiska korsvirkeshus, det uts\u00f6kta Einbecker Bock-\u00f6let och Europas st\u00f6rsta samling av klassiska bilar i PS.SPEICHER. Einbeck och dess 46 byar kan ocks\u00e5 f\u00e5 po\u00e4ng med rekreation p\u00e5 landsbygden: Promenader genom staden, l\u00e4ngs den historiska stadsmuren, avkoppling vid vallarna, vandring i &#8221;Hube&#8221;, Einbecks stadsskog eller cykling fr\u00e5n slott till slott. En m\u00e4ngd regionala produkter, som Einbeck senap, \u00e4r hemma h\u00e4r. Under en kanottur p\u00e5 floderna Leine och Ilme kan stadsomr\u00e5dena i Einbeck utforskas direkt fr\u00e5n vattnet, och det n\u00e4rliggande Northeim sj\u00f6distrikt erbjuder ett brett utbud av trampb\u00e5t, segling, stand-up paddling och simning.<\/p>\n\n\n\n\n<div class=\"banner-wrapper\">\n  <div class=\"banner-inner \">\n      <div class=\"img-container\">\n      <div class=\"img-wrapper\">\n        <img decoding=\"async\" src=\"https:\/\/9staedte.de\/wp-content\/smush-webp\/2023\/07\/Rad-Leinepolder-\u00a9mehle-hundertmark-Fotografie.jpg.webp\" alt=\"En man och en kvinna sitter p\u00e5 en b\u00e4nk vid en landsv\u00e4g. De har jackor p\u00e5 sig. Tv\u00e5 cyklar st\u00e5r bredvid b\u00e4nken. Mannen pekar ut i fj\u00e4rran. Framf\u00f6r dem finns gr\u00f6na f\u00e4lt och kullar.\" \/>\n                  <div class=\"thumbnail-label\">\n            <span>Foto: Michaela Hundertmark, Michael Mehle<\/span>\n          <\/div>\n              <\/div>\n    <\/div>\n        <div class=\"text-container\">\n      <div class=\"content\">\n        <h2>Upplev Einbeck p\u00e5 ett h\u00e5llbart s\u00e4tt: 9 tips<\/h2>\n<ol>\n<li>Var <a href=\"https:\/\/www.einbeck-tourismus.de\/freizeit-und-sport\">aktiv<\/a>: det finns m\u00e5nga olika vandrings- och cykelleder, parker och skogar i Einbeck och det omgivande omr\u00e5det<\/li>\n<li>Regionala delikatesser finns att k\u00f6pa varje onsdag och l\u00f6rdag p\u00e5 veckomarknaden i gamla stan.<\/li>\n<li>Einbecks <a href=\"https:\/\/www.einbeck-tourismus.de\/einbecker-senfmuehle\">senap<\/a>: ekologisk, regional och kallmald &#8211; den hetaste i norr<\/li>\n<li>Einbeck \u00f6l &#8211; \u00f6l njutning direkt fr\u00e5n Einbeck<\/li>\n<li><a href=\"https:\/\/www.einbeck-tourismus.de\/unsere-46-ortschaften\">De 46 stadsdelarna<\/a> i Einbeck: Einbecks m\u00e5ngsidiga och unika stadsdelar \u00e4r perfekta f\u00f6r en utflykt och absolut v\u00e4rda ett bes\u00f6k<\/li>\n<li><a href=\"https:\/\/www.einbeck-tourismus.de\/wohnmobilstellplatz\">Husbilsplats<\/a>: centralt l\u00e4ge med perfekta m\u00f6jligheter till aktiviteter p\u00e5 landsbygden eller i staden<\/li>\n<li><a href=\"https:\/\/www.einbeck-tourismus.de\/stadtfuehrungen-und-erlebnisse\/fuehrungen-durch-burgen-und-salinen\">Guidade turer till slott och saltverk<\/a>: Ta en titt tillbaka i det sp\u00e4nnande f\u00f6rflutna p\u00e5 slotten i utkanten av staden eller l\u00e4r dig allt om traditionen med saltproduktion<\/li>\n<li><a href=\"https:\/\/www.einbeck-tourismus.de\/fachwerk-meets-graffiti\">Konstmilen p\u00e5 Einbecksgatan<\/a>: Det st\u00f6rsta utomhusgalleriet i s\u00f6dra Niedersachsen<\/li>\n<li><a href=\"https:\/\/einbeck-erleben.de\/regional-zehner\">Einbecker 10er<\/a>: Anv\u00e4nd din egen regionala valuta f\u00f6r att handla i lokala butiker och \u00f6ka den lokala k\u00f6pkraften<\/li>\n<\/ol>\n      <\/div>\n    <\/div>\n    <\/div>\n<\/div>\n\n","protected":false},"excerpt":{"rendered":"<p>Uppt\u00e4ck Einbeck p\u00e5 ett h\u00e5llbart s\u00e4tt Den f\u00f6re detta hansastaden \u00e4r hem f\u00f6r magnifikt dekorerade, historiska korsvirkeshus, det uts\u00f6kta Einbecker Bock-\u00f6let och Europas st\u00f6rsta samling av klassiska bilar i PS.SPEICHER. Einbeck och dess 46 byar kan ocks\u00e5 f\u00e5 po\u00e4ng med rekreation p\u00e5 landsbygden: Promenader genom staden, l\u00e4ngs den historiska stadsmuren, avkoppling vid vallarna, vandring i [&hellip;]<\/p>\n","protected":false},"author":6,"featured_media":13485,"parent":14526,"menu_order":0,"comment_status":"closed","ping_status":"closed","template":"pagetemplates\/template-stadtthema.php","meta":{"_acf_changed":false,"footnotes":""},"categories":[],"tags":[],"ncap_cities_tax":[477,1114],"class_list":["post-14050","page","type-page","status-publish","has-post-thumbnail","hentry","ncap_cities_tax-einbeck-sv","ncap_cities_tax-naturerlebnisse-und-nachhaltigkeit-einbeck-sv"],"acf":[],"yoast_head":"<!-- This site is optimized with the Yoast SEO plugin v26.8 - https:\/\/yoast.com\/product\/yoast-seo-wordpress\/ -->\n<title>Naturupplevelser och h\u00e5llbarhet i Einbeck - 9 St\u00e4dte in Niedersachsen<\/title>\n<meta name=\"robots\" content=\"index, follow, max-snippet:-1, max-image-preview:large, max-video-preview:-1\" \/>\n<link rel=\"canonical\" href=\"https:\/\/9staedte.de\/sv\/einbeck-klassiska-bilar-korsvirkeshus-oel\/naturupplevelser-och-haallbarhet-i-einbeck\/\" \/>\n<meta property=\"og:locale\" content=\"sv_SE\" \/>\n<meta property=\"og:type\" content=\"article\" \/>\n<meta property=\"og:title\" content=\"Naturupplevelser och h\u00e5llbarhet i Einbeck - 9 St\u00e4dte in Niedersachsen\" \/>\n<meta property=\"og:description\" content=\"Uppt\u00e4ck Einbeck p\u00e5 ett h\u00e5llbart s\u00e4tt Den f\u00f6re detta hansastaden \u00e4r hem f\u00f6r magnifikt dekorerade, historiska korsvirkeshus, det uts\u00f6kta Einbecker Bock-\u00f6let och Europas st\u00f6rsta samling av klassiska bilar i PS.SPEICHER. Einbeck och dess 46 byar kan ocks\u00e5 f\u00e5 po\u00e4ng med rekreation p\u00e5 landsbygden: Promenader genom staden, l\u00e4ngs den historiska stadsmuren, avkoppling vid vallarna, vandring i [&hellip;]\" \/>\n<meta property=\"og:url\" content=\"https:\/\/9staedte.de\/sv\/einbeck-klassiska-bilar-korsvirkeshus-oel\/naturupplevelser-och-haallbarhet-i-einbeck\/\" \/>\n<meta property=\"og:site_name\" content=\"9 St\u00e4dte in Niedersachsen\" \/>\n<meta property=\"article:modified_time\" content=\"2024-03-21T14:59:55+00:00\" \/>\n<meta property=\"og:image\" content=\"https:\/\/9staedte.de\/wp-content\/uploads\/2023\/05\/Blick-auf-St.-Alexandri-Einbeck-CC0.jpg\" \/>\n\t<meta property=\"og:image:width\" content=\"1020\" \/>\n\t<meta property=\"og:image:height\" content=\"559\" \/>\n\t<meta property=\"og:image:type\" content=\"image\/jpeg\" \/>\n<meta name=\"twitter:card\" content=\"summary_large_image\" \/>\n<meta name=\"twitter:label1\" content=\"Ber\u00e4knad l\u00e4stid\" \/>\n\t<meta name=\"twitter:data1\" content=\"1 minut\" \/>\n<script type=\"application\/ld+json\" class=\"yoast-schema-graph\">{\"@context\":\"https:\/\/schema.org\",\"@graph\":[{\"@type\":\"WebPage\",\"@id\":\"https:\/\/9staedte.de\/sv\/einbeck-klassiska-bilar-korsvirkeshus-oel\/naturupplevelser-och-haallbarhet-i-einbeck\/\",\"url\":\"https:\/\/9staedte.de\/sv\/einbeck-klassiska-bilar-korsvirkeshus-oel\/naturupplevelser-och-haallbarhet-i-einbeck\/\",\"name\":\"Naturupplevelser och h\u00e5llbarhet i Einbeck - 9 St\u00e4dte in Niedersachsen\",\"isPartOf\":{\"@id\":\"https:\/\/9staedte.de\/sv\/#website\"},\"primaryImageOfPage\":{\"@id\":\"https:\/\/9staedte.de\/sv\/einbeck-klassiska-bilar-korsvirkeshus-oel\/naturupplevelser-och-haallbarhet-i-einbeck\/#primaryimage\"},\"image\":{\"@id\":\"https:\/\/9staedte.de\/sv\/einbeck-klassiska-bilar-korsvirkeshus-oel\/naturupplevelser-och-haallbarhet-i-einbeck\/#primaryimage\"},\"thumbnailUrl\":\"https:\/\/9staedte.de\/wp-content\/uploads\/2023\/05\/Blick-auf-St.-Alexandri-Einbeck-CC0.jpg\",\"datePublished\":\"2023-10-25T14:22:48+00:00\",\"dateModified\":\"2024-03-21T14:59:55+00:00\",\"breadcrumb\":{\"@id\":\"https:\/\/9staedte.de\/sv\/einbeck-klassiska-bilar-korsvirkeshus-oel\/naturupplevelser-och-haallbarhet-i-einbeck\/#breadcrumb\"},\"inLanguage\":\"sv-SE\",\"potentialAction\":[{\"@type\":\"ReadAction\",\"target\":[\"https:\/\/9staedte.de\/sv\/einbeck-klassiska-bilar-korsvirkeshus-oel\/naturupplevelser-och-haallbarhet-i-einbeck\/\"]}]},{\"@type\":\"ImageObject\",\"inLanguage\":\"sv-SE\",\"@id\":\"https:\/\/9staedte.de\/sv\/einbeck-klassiska-bilar-korsvirkeshus-oel\/naturupplevelser-och-haallbarhet-i-einbeck\/#primaryimage\",\"url\":\"https:\/\/9staedte.de\/wp-content\/uploads\/2023\/05\/Blick-auf-St.-Alexandri-Einbeck-CC0.jpg\",\"contentUrl\":\"https:\/\/9staedte.de\/wp-content\/uploads\/2023\/05\/Blick-auf-St.-Alexandri-Einbeck-CC0.jpg\",\"width\":1020,\"height\":559,\"caption\":\"Blick auf St. Alexandri Einbeck cc0\"},{\"@type\":\"BreadcrumbList\",\"@id\":\"https:\/\/9staedte.de\/sv\/einbeck-klassiska-bilar-korsvirkeshus-oel\/naturupplevelser-och-haallbarhet-i-einbeck\/#breadcrumb\",\"itemListElement\":[{\"@type\":\"ListItem\",\"position\":1,\"name\":\"Startseite\",\"item\":\"https:\/\/9staedte.de\/sv\/\"},{\"@type\":\"ListItem\",\"position\":2,\"name\":\"Einbeck &#8211; klassiska bilar, korsvirkeshus, \u00f6l\",\"item\":\"https:\/\/9staedte.de\/sv\/einbeck-klassiska-bilar-korsvirkeshus-oel\/\"},{\"@type\":\"ListItem\",\"position\":3,\"name\":\"Naturupplevelser och h\u00e5llbarhet i Einbeck\"}]},{\"@type\":\"WebSite\",\"@id\":\"https:\/\/9staedte.de\/sv\/#website\",\"url\":\"https:\/\/9staedte.de\/sv\/\",\"name\":\"9 St\u00e4dte in Niedersachsen\",\"description\":\"\",\"publisher\":{\"@id\":\"https:\/\/9staedte.de\/sv\/#organization\"},\"potentialAction\":[{\"@type\":\"SearchAction\",\"target\":{\"@type\":\"EntryPoint\",\"urlTemplate\":\"https:\/\/9staedte.de\/sv\/?s={search_term_string}\"},\"query-input\":{\"@type\":\"PropertyValueSpecification\",\"valueRequired\":true,\"valueName\":\"search_term_string\"}}],\"inLanguage\":\"sv-SE\"},{\"@type\":\"Organization\",\"@id\":\"https:\/\/9staedte.de\/sv\/#organization\",\"name\":\"9 St\u00e4dte in Niedersachsen\",\"url\":\"https:\/\/9staedte.de\/sv\/\",\"logo\":{\"@type\":\"ImageObject\",\"inLanguage\":\"sv-SE\",\"@id\":\"https:\/\/9staedte.de\/sv\/#\/schema\/logo\/image\/\",\"url\":\"https:\/\/9staedte.de\/wp-content\/uploads\/2025\/01\/9-neg-deutsch-2-1.png\",\"contentUrl\":\"https:\/\/9staedte.de\/wp-content\/uploads\/2025\/01\/9-neg-deutsch-2-1.png\",\"width\":190,\"height\":114,\"caption\":\"9 St\u00e4dte in Niedersachsen\"},\"image\":{\"@id\":\"https:\/\/9staedte.de\/sv\/#\/schema\/logo\/image\/\"}}]}<\/script>\n<!-- \/ Yoast SEO plugin. -->","yoast_head_json":{"title":"Naturupplevelser och h\u00e5llbarhet i Einbeck - 9 St\u00e4dte in Niedersachsen","robots":{"index":"index","follow":"follow","max-snippet":"max-snippet:-1","max-image-preview":"max-image-preview:large","max-video-preview":"max-video-preview:-1"},"canonical":"https:\/\/9staedte.de\/sv\/einbeck-klassiska-bilar-korsvirkeshus-oel\/naturupplevelser-och-haallbarhet-i-einbeck\/","og_locale":"sv_SE","og_type":"article","og_title":"Naturupplevelser och h\u00e5llbarhet i Einbeck - 9 St\u00e4dte in Niedersachsen","og_description":"Uppt\u00e4ck Einbeck p\u00e5 ett h\u00e5llbart s\u00e4tt Den f\u00f6re detta hansastaden \u00e4r hem f\u00f6r magnifikt dekorerade, historiska korsvirkeshus, det uts\u00f6kta Einbecker Bock-\u00f6let och Europas st\u00f6rsta samling av klassiska bilar i PS.SPEICHER. Einbeck och dess 46 byar kan ocks\u00e5 f\u00e5 po\u00e4ng med rekreation p\u00e5 landsbygden: Promenader genom staden, l\u00e4ngs den historiska stadsmuren, avkoppling vid vallarna, vandring i [&hellip;]","og_url":"https:\/\/9staedte.de\/sv\/einbeck-klassiska-bilar-korsvirkeshus-oel\/naturupplevelser-och-haallbarhet-i-einbeck\/","og_site_name":"9 St\u00e4dte in Niedersachsen","article_modified_time":"2024-03-21T14:59:55+00:00","og_image":[{"width":1020,"height":559,"url":"https:\/\/9staedte.de\/wp-content\/uploads\/2023\/05\/Blick-auf-St.-Alexandri-Einbeck-CC0.jpg","type":"image\/jpeg"}],"twitter_card":"summary_large_image","twitter_misc":{"Ber\u00e4knad l\u00e4stid":"1 minut"},"schema":{"@context":"https:\/\/schema.org","@graph":[{"@type":"WebPage","@id":"https:\/\/9staedte.de\/sv\/einbeck-klassiska-bilar-korsvirkeshus-oel\/naturupplevelser-och-haallbarhet-i-einbeck\/","url":"https:\/\/9staedte.de\/sv\/einbeck-klassiska-bilar-korsvirkeshus-oel\/naturupplevelser-och-haallbarhet-i-einbeck\/","name":"Naturupplevelser och h\u00e5llbarhet i Einbeck - 9 St\u00e4dte in Niedersachsen","isPartOf":{"@id":"https:\/\/9staedte.de\/sv\/#website"},"primaryImageOfPage":{"@id":"https:\/\/9staedte.de\/sv\/einbeck-klassiska-bilar-korsvirkeshus-oel\/naturupplevelser-och-haallbarhet-i-einbeck\/#primaryimage"},"image":{"@id":"https:\/\/9staedte.de\/sv\/einbeck-klassiska-bilar-korsvirkeshus-oel\/naturupplevelser-och-haallbarhet-i-einbeck\/#primaryimage"},"thumbnailUrl":"https:\/\/9staedte.de\/wp-content\/uploads\/2023\/05\/Blick-auf-St.-Alexandri-Einbeck-CC0.jpg","datePublished":"2023-10-25T14:22:48+00:00","dateModified":"2024-03-21T14:59:55+00:00","breadcrumb":{"@id":"https:\/\/9staedte.de\/sv\/einbeck-klassiska-bilar-korsvirkeshus-oel\/naturupplevelser-och-haallbarhet-i-einbeck\/#breadcrumb"},"inLanguage":"sv-SE","potentialAction":[{"@type":"ReadAction","target":["https:\/\/9staedte.de\/sv\/einbeck-klassiska-bilar-korsvirkeshus-oel\/naturupplevelser-och-haallbarhet-i-einbeck\/"]}]},{"@type":"ImageObject","inLanguage":"sv-SE","@id":"https:\/\/9staedte.de\/sv\/einbeck-klassiska-bilar-korsvirkeshus-oel\/naturupplevelser-och-haallbarhet-i-einbeck\/#primaryimage","url":"https:\/\/9staedte.de\/wp-content\/uploads\/2023\/05\/Blick-auf-St.-Alexandri-Einbeck-CC0.jpg","contentUrl":"https:\/\/9staedte.de\/wp-content\/uploads\/2023\/05\/Blick-auf-St.-Alexandri-Einbeck-CC0.jpg","width":1020,"height":559,"caption":"Blick auf St. Alexandri Einbeck cc0"},{"@type":"BreadcrumbList","@id":"https:\/\/9staedte.de\/sv\/einbeck-klassiska-bilar-korsvirkeshus-oel\/naturupplevelser-och-haallbarhet-i-einbeck\/#breadcrumb","itemListElement":[{"@type":"ListItem","position":1,"name":"Startseite","item":"https:\/\/9staedte.de\/sv\/"},{"@type":"ListItem","position":2,"name":"Einbeck &#8211; klassiska bilar, korsvirkeshus, \u00f6l","item":"https:\/\/9staedte.de\/sv\/einbeck-klassiska-bilar-korsvirkeshus-oel\/"},{"@type":"ListItem","position":3,"name":"Naturupplevelser och h\u00e5llbarhet i Einbeck"}]},{"@type":"WebSite","@id":"https:\/\/9staedte.de\/sv\/#website","url":"https:\/\/9staedte.de\/sv\/","name":"9 St\u00e4dte in Niedersachsen","description":"","publisher":{"@id":"https:\/\/9staedte.de\/sv\/#organization"},"potentialAction":[{"@type":"SearchAction","target":{"@type":"EntryPoint","urlTemplate":"https:\/\/9staedte.de\/sv\/?s={search_term_string}"},"query-input":{"@type":"PropertyValueSpecification","valueRequired":true,"valueName":"search_term_string"}}],"inLanguage":"sv-SE"},{"@type":"Organization","@id":"https:\/\/9staedte.de\/sv\/#organization","name":"9 St\u00e4dte in Niedersachsen","url":"https:\/\/9staedte.de\/sv\/","logo":{"@type":"ImageObject","inLanguage":"sv-SE","@id":"https:\/\/9staedte.de\/sv\/#\/schema\/logo\/image\/","url":"https:\/\/9staedte.de\/wp-content\/uploads\/2025\/01\/9-neg-deutsch-2-1.png","contentUrl":"https:\/\/9staedte.de\/wp-content\/uploads\/2025\/01\/9-neg-deutsch-2-1.png","width":190,"height":114,"caption":"9 St\u00e4dte in Niedersachsen"},"image":{"@id":"https:\/\/9staedte.de\/sv\/#\/schema\/logo\/image\/"}}]}},"_links":{"self":[{"href":"https:\/\/9staedte.de\/sv\/wp-json\/wp\/v2\/pages\/14050","targetHints":{"allow":["GET"]}}],"collection":[{"href":"https:\/\/9staedte.de\/sv\/wp-json\/wp\/v2\/pages"}],"about":[{"href":"https:\/\/9staedte.de\/sv\/wp-json\/wp\/v2\/types\/page"}],"author":[{"embeddable":true,"href":"https:\/\/9staedte.de\/sv\/wp-json\/wp\/v2\/users\/6"}],"replies":[{"embeddable":true,"href":"https:\/\/9staedte.de\/sv\/wp-json\/wp\/v2\/comments?post=14050"}],"version-history":[{"count":3,"href":"https:\/\/9staedte.de\/sv\/wp-json\/wp\/v2\/pages\/14050\/revisions"}],"predecessor-version":[{"id":21522,"href":"https:\/\/9staedte.de\/sv\/wp-json\/wp\/v2\/pages\/14050\/revisions\/21522"}],"up":[{"embeddable":true,"href":"https:\/\/9staedte.de\/sv\/wp-json\/wp\/v2\/pages\/14526"}],"wp:featuredmedia":[{"embeddable":true,"href":"https:\/\/9staedte.de\/sv\/wp-json\/wp\/v2\/media\/13485"}],"wp:attachment":[{"href":"https:\/\/9staedte.de\/sv\/wp-json\/wp\/v2\/media?parent=14050"}],"wp:term":[{"taxonomy":"category","embeddable":true,"href":"https:\/\/9staedte.de\/sv\/wp-json\/wp\/v2\/categories?post=14050"},{"taxonomy":"post_tag","embeddable":true,"href":"https:\/\/9staedte.de\/sv\/wp-json\/wp\/v2\/tags?post=14050"},{"taxonomy":"ncap_cities_tax","embeddable":true,"href":"https:\/\/9staedte.de\/sv\/wp-json\/wp\/v2\/ncap_cities_tax?post=14050"}],"curies":[{"name":"wp","href":"https:\/\/api.w.org\/{rel}","templated":true}]}}