{"id":14042,"date":"2023-10-25T16:24:45","date_gmt":"2023-10-25T14:24:45","guid":{"rendered":"https:\/\/9staedte.de\/vintervaerld-paa-autostadt-i-wolfsburg\/"},"modified":"2026-01-05T10:48:23","modified_gmt":"2026-01-05T09:48:23","slug":"vintervaerld-paa-autostadt-i-wolfsburg","status":"publish","type":"page","link":"https:\/\/9staedte.de\/sv\/vintervaerld-paa-autostadt-i-wolfsburg\/","title":{"rendered":"Vinterv\u00e4rld p\u00e5 Autostadt i Wolfsburg"},"content":{"rendered":"\n<h2 class=\"wp-block-heading\">Vinterland och julmarknad i Autostadt<\/h2>\n\n<p>N\u00e4r dagarna blir kortare b\u00f6rjar den vackraste tiden p\u00e5 \u00e5ret f\u00f6r m\u00e5nga &#8211; och du kan verkligen njuta av den h\u00e4r tiden i Autostadts vinterv\u00e4rld: med festligt dekorerade parkomr\u00e5den, en enorm isbana, en traditionell vintermarknad och mycket mer.<br\/>Upplev action i sn\u00f6n och p\u00e5 isen eller tillbringa kontemplativa, vackra stunder med v\u00e4nner eller familj med det mjuka skenet av ljus och doften av kanel, kryddnejlika och apelsiner p\u00e5 den lilla julmarknaden.<br\/>(med reservation f\u00f6r \u00e4ndringar)<\/p>\n\n<p><a href=\"http:\/\/www.autostadt.de\/veranstaltungen\">Ytterligare information<\/a><\/p>\n\n<div style=\"height:30px\" aria-hidden=\"true\" class=\"wp-block-spacer\"><\/div>\n\n<h3 class=\"wp-block-heading\">Autostadt i Wolfsburg<\/h3>\n\n <div class=\"brlbs-cmpnt-container brlbs-cmpnt-content-blocker brlbs-cmpnt-with-individual-styles\" data-borlabs-cookie-content-blocker-id=\"google-maps\" data-borlabs-cookie-content=\"PGlmcmFtZSBzcmM9Imh0dHBzOi8vd3d3Lmdvb2dsZS5jb20vbWFwcy9lbWJlZD9wYj0hMW0xOCExbTEyITFtMyExZDI0MzIuNTY1NDcwMzMwMjYhMmQxMC43OTE2MzAzNzY5NzMyNiEzZDUyLjQzMjY3MDY0MjY5MTEyITJtMyExZjAhMmYwITNmMCEzbTIhMWkxMDI0ITJpNzY4ITRmMTMuMSEzbTMhMW0yITFzMHg0N2FmOTNiN2I4OWJmYWNmJTNBMHg0ZGNkZjA3ZjRkMjM3ZmY4ITJzQXV0b3N0YWR0ITVlMCEzbTIhMXNkZSEyc2RlITR2MTY5MjYyNDgzNzE0OCE1bTIhMXNkZSEyc2RlIiB3aWR0aD0iNjAwIiBoZWlnaHQ9IjQ1MCIgc3R5bGU9ImJvcmRlcjowOyIgYWxsb3dmdWxsc2NyZWVuPSIiIGxvYWRpbmc9ImxhenkiIHJlZmVycmVycG9saWN5PSJuby1yZWZlcnJlci13aGVuLWRvd25ncmFkZSI+PC9pZnJhbWU+\"><div class=\"brlbs-cmpnt-cb-preset-b brlbs-cmpnt-cb-google-maps\"> <div class=\"brlbs-cmpnt-cb-thumbnail\" style=\"background-image: url('https:\/\/9staedte.de\/wp-content\/uploads\/borlabs-cookie\/1\/brlbs-cb-google-maps-main.png')\"><\/div> <div class=\"brlbs-cmpnt-cb-main\"> <div class=\"brlbs-cmpnt-cb-content\"> <p class=\"brlbs-cmpnt-cb-description\">You are currently viewing a placeholder content from <strong>Google Maps<\/strong>. To access the actual content, click the button below. Please note that doing so will share data with third-party providers.<\/p> <a class=\"brlbs-cmpnt-cb-provider-toggle\" href=\"#\" data-borlabs-cookie-show-provider-information role=\"button\">More Information<\/a> <\/div> <div class=\"brlbs-cmpnt-cb-buttons\"> <a class=\"brlbs-cmpnt-cb-btn\" href=\"#\" data-borlabs-cookie-unblock role=\"button\">Unblock content<\/a> <a class=\"brlbs-cmpnt-cb-btn\" href=\"#\" data-borlabs-cookie-accept-service role=\"button\" style=\"display: inherit\">Accept required service and unblock content<\/a> <\/div> <\/div> <\/div><\/div>\n\n<div style=\"height:30px\" aria-hidden=\"true\" class=\"wp-block-spacer\"><\/div>\n","protected":false},"excerpt":{"rendered":"<p>Vinterland och julmarknad i Autostadt N\u00e4r dagarna blir kortare b\u00f6rjar den vackraste tiden p\u00e5 \u00e5ret f\u00f6r m\u00e5nga &#8211; och du kan verkligen njuta av den h\u00e4r tiden i Autostadts vinterv\u00e4rld: med festligt dekorerade parkomr\u00e5den, en enorm isbana, en traditionell vintermarknad och mycket mer.Upplev action i sn\u00f6n och p\u00e5 isen eller tillbringa kontemplativa, vackra stunder med [&hellip;]<\/p>\n","protected":false},"author":6,"featured_media":13357,"parent":0,"menu_order":0,"comment_status":"closed","ping_status":"closed","template":"","meta":{"_acf_changed":false,"footnotes":""},"categories":[],"tags":[],"ncap_cities_tax":[484,554],"class_list":["post-14042","page","type-page","status-publish","has-post-thumbnail","hentry","ncap_cities_tax-autostadt-sv","ncap_cities_tax-weihnachtsmarkte-autostadt-sv"],"acf":[],"yoast_head":"<!-- This site is optimized with the Yoast SEO plugin v27.4 - https:\/\/yoast.com\/product\/yoast-seo-wordpress\/ -->\n<title>Vinterv\u00e4rld p\u00e5 Autostadt i Wolfsburg - 9 St\u00e4dte in Niedersachsen<\/title>\n<meta name=\"description\" content=\"Vinterv\u00e4rlden i Autostadt i Wolfsburg: Ett vinterunderland med festligt dekorerad park, isbana, vintermarknad\" \/>\n<meta name=\"robots\" content=\"index, follow, max-snippet:-1, max-image-preview:large, max-video-preview:-1\" \/>\n<link rel=\"canonical\" href=\"https:\/\/9staedte.de\/sv\/vintervaerld-paa-autostadt-i-wolfsburg\/\" \/>\n<meta property=\"og:locale\" content=\"sv_SE\" \/>\n<meta property=\"og:type\" content=\"article\" \/>\n<meta property=\"og:title\" content=\"Vinterv\u00e4rld p\u00e5 Autostadt i Wolfsburg - 9 St\u00e4dte in Niedersachsen\" \/>\n<meta property=\"og:description\" content=\"Vinterv\u00e4rlden i Autostadt i Wolfsburg: Ett vinterunderland med festligt dekorerad park, isbana, vintermarknad\" \/>\n<meta property=\"og:url\" content=\"https:\/\/9staedte.de\/sv\/vintervaerld-paa-autostadt-i-wolfsburg\/\" \/>\n<meta property=\"og:site_name\" content=\"9 St\u00e4dte in Niedersachsen\" \/>\n<meta property=\"article:modified_time\" content=\"2026-01-05T09:48:23+00:00\" \/>\n<meta property=\"og:image\" content=\"https:\/\/9staedte.de\/wp-content\/uploads\/2023\/07\/Winter-in-der-Autostadt_Credit-Michael-Jungblut.jpg\" \/>\n\t<meta property=\"og:image:width\" content=\"1020\" \/>\n\t<meta property=\"og:image:height\" content=\"561\" \/>\n\t<meta property=\"og:image:type\" content=\"image\/jpeg\" \/>\n<meta name=\"twitter:card\" content=\"summary_large_image\" \/>\n<script type=\"application\/ld+json\" class=\"yoast-schema-graph\">{\"@context\":\"https:\\\/\\\/schema.org\",\"@graph\":[{\"@type\":\"WebPage\",\"@id\":\"https:\\\/\\\/9staedte.de\\\/sv\\\/vintervaerld-paa-autostadt-i-wolfsburg\\\/\",\"url\":\"https:\\\/\\\/9staedte.de\\\/sv\\\/vintervaerld-paa-autostadt-i-wolfsburg\\\/\",\"name\":\"Vinterv\u00e4rld p\u00e5 Autostadt i Wolfsburg - 9 St\u00e4dte in Niedersachsen\",\"isPartOf\":{\"@id\":\"https:\\\/\\\/9staedte.de\\\/sv\\\/#website\"},\"primaryImageOfPage\":{\"@id\":\"https:\\\/\\\/9staedte.de\\\/sv\\\/vintervaerld-paa-autostadt-i-wolfsburg\\\/#primaryimage\"},\"image\":{\"@id\":\"https:\\\/\\\/9staedte.de\\\/sv\\\/vintervaerld-paa-autostadt-i-wolfsburg\\\/#primaryimage\"},\"thumbnailUrl\":\"https:\\\/\\\/9staedte.de\\\/wp-content\\\/uploads\\\/2023\\\/07\\\/Winter-in-der-Autostadt_Credit-Michael-Jungblut.jpg\",\"datePublished\":\"2023-10-25T14:24:45+00:00\",\"dateModified\":\"2026-01-05T09:48:23+00:00\",\"description\":\"Vinterv\u00e4rlden i Autostadt i Wolfsburg: Ett vinterunderland med festligt dekorerad park, isbana, vintermarknad\",\"breadcrumb\":{\"@id\":\"https:\\\/\\\/9staedte.de\\\/sv\\\/vintervaerld-paa-autostadt-i-wolfsburg\\\/#breadcrumb\"},\"inLanguage\":\"sv-SE\",\"potentialAction\":[{\"@type\":\"ReadAction\",\"target\":[\"https:\\\/\\\/9staedte.de\\\/sv\\\/vintervaerld-paa-autostadt-i-wolfsburg\\\/\"]}]},{\"@type\":\"ImageObject\",\"inLanguage\":\"sv-SE\",\"@id\":\"https:\\\/\\\/9staedte.de\\\/sv\\\/vintervaerld-paa-autostadt-i-wolfsburg\\\/#primaryimage\",\"url\":\"https:\\\/\\\/9staedte.de\\\/wp-content\\\/uploads\\\/2023\\\/07\\\/Winter-in-der-Autostadt_Credit-Michael-Jungblut.jpg\",\"contentUrl\":\"https:\\\/\\\/9staedte.de\\\/wp-content\\\/uploads\\\/2023\\\/07\\\/Winter-in-der-Autostadt_Credit-Michael-Jungblut.jpg\",\"width\":1020,\"height\":561,\"caption\":\"Winter in der Autostadt_Credit Michael Jungblut\"},{\"@type\":\"BreadcrumbList\",\"@id\":\"https:\\\/\\\/9staedte.de\\\/sv\\\/vintervaerld-paa-autostadt-i-wolfsburg\\\/#breadcrumb\",\"itemListElement\":[{\"@type\":\"ListItem\",\"position\":1,\"name\":\"Startseite\",\"item\":\"https:\\\/\\\/9staedte.de\\\/sv\\\/\"},{\"@type\":\"ListItem\",\"position\":2,\"name\":\"Vinterv\u00e4rld p\u00e5 Autostadt i Wolfsburg\"}]},{\"@type\":\"WebSite\",\"@id\":\"https:\\\/\\\/9staedte.de\\\/sv\\\/#website\",\"url\":\"https:\\\/\\\/9staedte.de\\\/sv\\\/\",\"name\":\"9 St\u00e4dte in Niedersachsen\",\"description\":\"\",\"publisher\":{\"@id\":\"https:\\\/\\\/9staedte.de\\\/sv\\\/#organization\"},\"potentialAction\":[{\"@type\":\"SearchAction\",\"target\":{\"@type\":\"EntryPoint\",\"urlTemplate\":\"https:\\\/\\\/9staedte.de\\\/sv\\\/?s={search_term_string}\"},\"query-input\":{\"@type\":\"PropertyValueSpecification\",\"valueRequired\":true,\"valueName\":\"search_term_string\"}}],\"inLanguage\":\"sv-SE\"},{\"@type\":\"Organization\",\"@id\":\"https:\\\/\\\/9staedte.de\\\/sv\\\/#organization\",\"name\":\"9 St\u00e4dte in Niedersachsen\",\"url\":\"https:\\\/\\\/9staedte.de\\\/sv\\\/\",\"logo\":{\"@type\":\"ImageObject\",\"inLanguage\":\"sv-SE\",\"@id\":\"https:\\\/\\\/9staedte.de\\\/sv\\\/#\\\/schema\\\/logo\\\/image\\\/\",\"url\":\"https:\\\/\\\/9staedte.de\\\/wp-content\\\/uploads\\\/2025\\\/01\\\/9-neg-deutsch-2-1.png\",\"contentUrl\":\"https:\\\/\\\/9staedte.de\\\/wp-content\\\/uploads\\\/2025\\\/01\\\/9-neg-deutsch-2-1.png\",\"width\":190,\"height\":114,\"caption\":\"9 St\u00e4dte in Niedersachsen\"},\"image\":{\"@id\":\"https:\\\/\\\/9staedte.de\\\/sv\\\/#\\\/schema\\\/logo\\\/image\\\/\"}}]}<\/script>\n<!-- \/ Yoast SEO plugin. -->","yoast_head_json":{"title":"Vinterv\u00e4rld p\u00e5 Autostadt i Wolfsburg - 9 St\u00e4dte in Niedersachsen","description":"Vinterv\u00e4rlden i Autostadt i Wolfsburg: Ett vinterunderland med festligt dekorerad park, isbana, vintermarknad","robots":{"index":"index","follow":"follow","max-snippet":"max-snippet:-1","max-image-preview":"max-image-preview:large","max-video-preview":"max-video-preview:-1"},"canonical":"https:\/\/9staedte.de\/sv\/vintervaerld-paa-autostadt-i-wolfsburg\/","og_locale":"sv_SE","og_type":"article","og_title":"Vinterv\u00e4rld p\u00e5 Autostadt i Wolfsburg - 9 St\u00e4dte in Niedersachsen","og_description":"Vinterv\u00e4rlden i Autostadt i Wolfsburg: Ett vinterunderland med festligt dekorerad park, isbana, vintermarknad","og_url":"https:\/\/9staedte.de\/sv\/vintervaerld-paa-autostadt-i-wolfsburg\/","og_site_name":"9 St\u00e4dte in Niedersachsen","article_modified_time":"2026-01-05T09:48:23+00:00","og_image":[{"width":1020,"height":561,"url":"https:\/\/9staedte.de\/wp-content\/uploads\/2023\/07\/Winter-in-der-Autostadt_Credit-Michael-Jungblut.jpg","type":"image\/jpeg"}],"twitter_card":"summary_large_image","schema":{"@context":"https:\/\/schema.org","@graph":[{"@type":"WebPage","@id":"https:\/\/9staedte.de\/sv\/vintervaerld-paa-autostadt-i-wolfsburg\/","url":"https:\/\/9staedte.de\/sv\/vintervaerld-paa-autostadt-i-wolfsburg\/","name":"Vinterv\u00e4rld p\u00e5 Autostadt i Wolfsburg - 9 St\u00e4dte in Niedersachsen","isPartOf":{"@id":"https:\/\/9staedte.de\/sv\/#website"},"primaryImageOfPage":{"@id":"https:\/\/9staedte.de\/sv\/vintervaerld-paa-autostadt-i-wolfsburg\/#primaryimage"},"image":{"@id":"https:\/\/9staedte.de\/sv\/vintervaerld-paa-autostadt-i-wolfsburg\/#primaryimage"},"thumbnailUrl":"https:\/\/9staedte.de\/wp-content\/uploads\/2023\/07\/Winter-in-der-Autostadt_Credit-Michael-Jungblut.jpg","datePublished":"2023-10-25T14:24:45+00:00","dateModified":"2026-01-05T09:48:23+00:00","description":"Vinterv\u00e4rlden i Autostadt i Wolfsburg: Ett vinterunderland med festligt dekorerad park, isbana, vintermarknad","breadcrumb":{"@id":"https:\/\/9staedte.de\/sv\/vintervaerld-paa-autostadt-i-wolfsburg\/#breadcrumb"},"inLanguage":"sv-SE","potentialAction":[{"@type":"ReadAction","target":["https:\/\/9staedte.de\/sv\/vintervaerld-paa-autostadt-i-wolfsburg\/"]}]},{"@type":"ImageObject","inLanguage":"sv-SE","@id":"https:\/\/9staedte.de\/sv\/vintervaerld-paa-autostadt-i-wolfsburg\/#primaryimage","url":"https:\/\/9staedte.de\/wp-content\/uploads\/2023\/07\/Winter-in-der-Autostadt_Credit-Michael-Jungblut.jpg","contentUrl":"https:\/\/9staedte.de\/wp-content\/uploads\/2023\/07\/Winter-in-der-Autostadt_Credit-Michael-Jungblut.jpg","width":1020,"height":561,"caption":"Winter in der Autostadt_Credit Michael Jungblut"},{"@type":"BreadcrumbList","@id":"https:\/\/9staedte.de\/sv\/vintervaerld-paa-autostadt-i-wolfsburg\/#breadcrumb","itemListElement":[{"@type":"ListItem","position":1,"name":"Startseite","item":"https:\/\/9staedte.de\/sv\/"},{"@type":"ListItem","position":2,"name":"Vinterv\u00e4rld p\u00e5 Autostadt i Wolfsburg"}]},{"@type":"WebSite","@id":"https:\/\/9staedte.de\/sv\/#website","url":"https:\/\/9staedte.de\/sv\/","name":"9 St\u00e4dte in Niedersachsen","description":"","publisher":{"@id":"https:\/\/9staedte.de\/sv\/#organization"},"potentialAction":[{"@type":"SearchAction","target":{"@type":"EntryPoint","urlTemplate":"https:\/\/9staedte.de\/sv\/?s={search_term_string}"},"query-input":{"@type":"PropertyValueSpecification","valueRequired":true,"valueName":"search_term_string"}}],"inLanguage":"sv-SE"},{"@type":"Organization","@id":"https:\/\/9staedte.de\/sv\/#organization","name":"9 St\u00e4dte in Niedersachsen","url":"https:\/\/9staedte.de\/sv\/","logo":{"@type":"ImageObject","inLanguage":"sv-SE","@id":"https:\/\/9staedte.de\/sv\/#\/schema\/logo\/image\/","url":"https:\/\/9staedte.de\/wp-content\/uploads\/2025\/01\/9-neg-deutsch-2-1.png","contentUrl":"https:\/\/9staedte.de\/wp-content\/uploads\/2025\/01\/9-neg-deutsch-2-1.png","width":190,"height":114,"caption":"9 St\u00e4dte in Niedersachsen"},"image":{"@id":"https:\/\/9staedte.de\/sv\/#\/schema\/logo\/image\/"}}]}},"_links":{"self":[{"href":"https:\/\/9staedte.de\/sv\/wp-json\/wp\/v2\/pages\/14042","targetHints":{"allow":["GET"]}}],"collection":[{"href":"https:\/\/9staedte.de\/sv\/wp-json\/wp\/v2\/pages"}],"about":[{"href":"https:\/\/9staedte.de\/sv\/wp-json\/wp\/v2\/types\/page"}],"author":[{"embeddable":true,"href":"https:\/\/9staedte.de\/sv\/wp-json\/wp\/v2\/users\/6"}],"replies":[{"embeddable":true,"href":"https:\/\/9staedte.de\/sv\/wp-json\/wp\/v2\/comments?post=14042"}],"version-history":[{"count":2,"href":"https:\/\/9staedte.de\/sv\/wp-json\/wp\/v2\/pages\/14042\/revisions"}],"predecessor-version":[{"id":27003,"href":"https:\/\/9staedte.de\/sv\/wp-json\/wp\/v2\/pages\/14042\/revisions\/27003"}],"wp:featuredmedia":[{"embeddable":true,"href":"https:\/\/9staedte.de\/sv\/wp-json\/wp\/v2\/media\/13357"}],"wp:attachment":[{"href":"https:\/\/9staedte.de\/sv\/wp-json\/wp\/v2\/media?parent=14042"}],"wp:term":[{"taxonomy":"category","embeddable":true,"href":"https:\/\/9staedte.de\/sv\/wp-json\/wp\/v2\/categories?post=14042"},{"taxonomy":"post_tag","embeddable":true,"href":"https:\/\/9staedte.de\/sv\/wp-json\/wp\/v2\/tags?post=14042"},{"taxonomy":"ncap_cities_tax","embeddable":true,"href":"https:\/\/9staedte.de\/sv\/wp-json\/wp\/v2\/ncap_cities_tax?post=14042"}],"curies":[{"name":"wp","href":"https:\/\/api.w.org\/{rel}","templated":true}]}}