{"id":14040,"date":"2023-10-25T16:24:43","date_gmt":"2023-10-25T14:24:43","guid":{"rendered":"https:\/\/9staedte.de\/tips-foer-din-konferens-i-wolfenbuettel\/"},"modified":"2023-10-25T16:24:43","modified_gmt":"2023-10-25T14:24:43","slug":"tips-foer-din-konferens-i-wolfenbuettel","status":"publish","type":"page","link":"https:\/\/9staedte.de\/sv\/tips-foer-din-konferens-i-wolfenbuettel\/","title":{"rendered":"Tips f\u00f6r din konferens i Wolfenb\u00fcttel:"},"content":{"rendered":"\n<p><strong>M\u00f6ten p\u00e5 slottet Wolfenb\u00fcttel<\/strong><br>H\u00e5ll din konferens p\u00e5 Niedersachsens n\u00e4st st\u00f6rsta slott och bo som hertigarna i Guelph en g\u00e5ng gjorde. Vi erbjuder er historiska lokaler samt l\u00e4mpliga och of\u00f6rgl\u00f6mliga sociala program i Wolfenb\u00fcttels omedelbara centrum.<\/p>\n\n\n\n<p><strong>Kongresser i Lindenhalle Wolfenb\u00fcttel<\/strong><br>Den b\u00e4sta adressen f\u00f6r m\u00f6ten och kongresser i klassisk men modern stil. Som Wolfenb\u00fcttels st\u00f6rsta eventcenter erbjuder Lindenhalle dig en h\u00f6g grad av flexibilitet, toppmodern utrustning och en l\u00e4mplig infrastruktur.<\/p>\n\n\n\n<p><strong>Natur och modernitet i Jugendg\u00e4stehaus Wolfenb\u00fcttel<\/strong><br>Jugendg\u00e4stehaus Wolfenb\u00fcttel ligger i centrum av staden Wolfenb\u00fcttel och erbjuder olika m\u00f6tesrum och boende samt direkt tillg\u00e5ng till v\u00e5r stadspark, Seeligerpark, d\u00e4r det finns gott om utrymme f\u00f6r utomhusaktiviteter, livliga diskussioner och bra beslut.<\/p>\n\n\n\n<p><strong>Kommisse &#8230; extraordin\u00e4ra konferenser i en historisk milj\u00f6<\/strong><br>Kommisse Wolfenb\u00fcttel \u00e4r en gammal traditionell byggnad i stadsk\u00e4rnan i Wolfenb\u00fcttel. Det byggdes som en kvarn och togs i bruk av Guelphs hertigar och har sedan dess fungerat som ett f\u00f6rs\u00e4ljningslager samt ett spel- och br\u00f6llopshus. Idag erbjuder de troget restaurerade rummen den perfekta m\u00f6jligheten att g\u00f6ra varje evenemang till en h\u00f6jdpunkt.<\/p>\n\n\n\n<p><strong>Individuella sociala program<\/strong><br>Tillsammans med v\u00e5r turistinformation ordnar vi g\u00e4rna ett l\u00e4mpligt st\u00f6dprogram f\u00f6r din konferens eller kongress. Kulinariska rundturer i gamla stan, sportaktiviteter som teambuilding, kv\u00e4llspromenader med J\u00e4germeister och mycket mer kan ocks\u00e5 arrangeras individuellt f\u00f6r er.<\/p>\n\n\n\n<p><strong>Catering enligt dina \u00f6nskem\u00e5l!<\/strong><br>Vi erbjuder b\u00e4sta m\u00f6jliga service f\u00f6r att ta hand om dina g\u00e4ster. Vi ordnar catering f\u00f6r dina g\u00e4ster enligt dina individuella \u00f6nskem\u00e5l. Genom utvalda och m\u00e5ngsidiga partners kommer catering att bidra till att ditt evenemang blir en framg\u00e5ng.<br>Paket f\u00f6r alla \u00f6nskem\u00e5l<br>V\u00e5ra olika konferenspaket erbjuder en bra m\u00f6jlighet f\u00f6r varje evenemang att h\u00e5lla kostnaderna under kontroll men \u00e4nd\u00e5 inte beh\u00f6va avst\u00e5 fr\u00e5n n\u00e5gonting. Vi kan ocks\u00e5 ge dig ett individuellt all-inclusive-erbjudande enligt dina \u00f6nskem\u00e5l.<\/p>\n\n\n\n<p><strong>Flerdagarskonferenser f\u00f6r alla budgetar<\/strong><br>F\u00f6r evenemang som varar i flera dagar hj\u00e4lper vi dig med inkvartering av dina deltagare. F\u00f6r prismedvetna deltagare finns det upp till 131 b\u00e4ddar i moderna och funktionella enkel- till fyrb\u00e4ddsrum p\u00e5 ungdomsg\u00e4sthemmet. Genom ett bra n\u00e4tverk i regionen kan vi ocks\u00e5 ordna ett 5-stj\u00e4rnigt hotell \u00e5t er.<\/p>\n","protected":false},"excerpt":{"rendered":"<p>M\u00f6ten p\u00e5 slottet Wolfenb\u00fcttelH\u00e5ll din konferens p\u00e5 Niedersachsens n\u00e4st st\u00f6rsta slott och bo som hertigarna i Guelph en g\u00e5ng gjorde. Vi erbjuder er historiska lokaler samt l\u00e4mpliga och of\u00f6rgl\u00f6mliga sociala program i Wolfenb\u00fcttels omedelbara centrum. Kongresser i Lindenhalle Wolfenb\u00fcttelDen b\u00e4sta adressen f\u00f6r m\u00f6ten och kongresser i klassisk men modern stil. Som Wolfenb\u00fcttels st\u00f6rsta eventcenter erbjuder [&hellip;]<\/p>\n","protected":false},"author":6,"featured_media":14045,"parent":0,"menu_order":0,"comment_status":"closed","ping_status":"closed","template":"","meta":{"_acf_changed":false,"footnotes":""},"categories":[],"tags":[],"ncap_cities_tax":[470],"class_list":["post-14040","page","type-page","status-publish","has-post-thumbnail","hentry","ncap_cities_tax-wolfenbuettel-sv"],"acf":[],"yoast_head":"<!-- This site is optimized with the Yoast SEO plugin v26.8 - https:\/\/yoast.com\/product\/yoast-seo-wordpress\/ -->\n<title>Tips f\u00f6r din konferens i Wolfenb\u00fcttel: - 9 St\u00e4dte in Niedersachsen<\/title>\n<meta name=\"robots\" content=\"index, follow, max-snippet:-1, max-image-preview:large, max-video-preview:-1\" \/>\n<link rel=\"canonical\" href=\"https:\/\/9staedte.de\/sv\/tips-foer-din-konferens-i-wolfenbuettel\/\" \/>\n<meta property=\"og:locale\" content=\"sv_SE\" \/>\n<meta property=\"og:type\" content=\"article\" \/>\n<meta property=\"og:title\" content=\"Tips f\u00f6r din konferens i Wolfenb\u00fcttel: - 9 St\u00e4dte in Niedersachsen\" \/>\n<meta property=\"og:description\" content=\"M\u00f6ten p\u00e5 slottet Wolfenb\u00fcttelH\u00e5ll din konferens p\u00e5 Niedersachsens n\u00e4st st\u00f6rsta slott och bo som hertigarna i Guelph en g\u00e5ng gjorde. Vi erbjuder er historiska lokaler samt l\u00e4mpliga och of\u00f6rgl\u00f6mliga sociala program i Wolfenb\u00fcttels omedelbara centrum. Kongresser i Lindenhalle Wolfenb\u00fcttelDen b\u00e4sta adressen f\u00f6r m\u00f6ten och kongresser i klassisk men modern stil. Som Wolfenb\u00fcttels st\u00f6rsta eventcenter erbjuder [&hellip;]\" \/>\n<meta property=\"og:url\" content=\"https:\/\/9staedte.de\/sv\/tips-foer-din-konferens-i-wolfenbuettel\/\" \/>\n<meta property=\"og:site_name\" content=\"9 St\u00e4dte in Niedersachsen\" \/>\n<meta property=\"og:image\" content=\"https:\/\/9staedte.de\/wp-content\/uploads\/2023\/03\/Lindenhalle-c-Susanne-Huebner.jpg\" \/>\n\t<meta property=\"og:image:width\" content=\"1019\" \/>\n\t<meta property=\"og:image:height\" content=\"558\" \/>\n\t<meta property=\"og:image:type\" content=\"image\/jpeg\" \/>\n<meta name=\"twitter:card\" content=\"summary_large_image\" \/>\n<meta name=\"twitter:label1\" content=\"Ber\u00e4knad l\u00e4stid\" \/>\n\t<meta name=\"twitter:data1\" content=\"2 minuter\" \/>\n<script type=\"application\/ld+json\" class=\"yoast-schema-graph\">{\"@context\":\"https:\/\/schema.org\",\"@graph\":[{\"@type\":\"WebPage\",\"@id\":\"https:\/\/9staedte.de\/sv\/tips-foer-din-konferens-i-wolfenbuettel\/\",\"url\":\"https:\/\/9staedte.de\/sv\/tips-foer-din-konferens-i-wolfenbuettel\/\",\"name\":\"Tips f\u00f6r din konferens i Wolfenb\u00fcttel: - 9 St\u00e4dte in Niedersachsen\",\"isPartOf\":{\"@id\":\"https:\/\/9staedte.de\/sv\/#website\"},\"primaryImageOfPage\":{\"@id\":\"https:\/\/9staedte.de\/sv\/tips-foer-din-konferens-i-wolfenbuettel\/#primaryimage\"},\"image\":{\"@id\":\"https:\/\/9staedte.de\/sv\/tips-foer-din-konferens-i-wolfenbuettel\/#primaryimage\"},\"thumbnailUrl\":\"https:\/\/9staedte.de\/wp-content\/uploads\/2023\/03\/Lindenhalle-c-Susanne-Huebner.jpg\",\"datePublished\":\"2023-10-25T14:24:43+00:00\",\"breadcrumb\":{\"@id\":\"https:\/\/9staedte.de\/sv\/tips-foer-din-konferens-i-wolfenbuettel\/#breadcrumb\"},\"inLanguage\":\"sv-SE\",\"potentialAction\":[{\"@type\":\"ReadAction\",\"target\":[\"https:\/\/9staedte.de\/sv\/tips-foer-din-konferens-i-wolfenbuettel\/\"]}]},{\"@type\":\"ImageObject\",\"inLanguage\":\"sv-SE\",\"@id\":\"https:\/\/9staedte.de\/sv\/tips-foer-din-konferens-i-wolfenbuettel\/#primaryimage\",\"url\":\"https:\/\/9staedte.de\/wp-content\/uploads\/2023\/03\/Lindenhalle-c-Susanne-Huebner.jpg\",\"contentUrl\":\"https:\/\/9staedte.de\/wp-content\/uploads\/2023\/03\/Lindenhalle-c-Susanne-Huebner.jpg\",\"width\":1019,\"height\":558,\"caption\":\"Lindenhalle Wolfenb\u00fcttel (c) Susanne H\u00fcbner\"},{\"@type\":\"BreadcrumbList\",\"@id\":\"https:\/\/9staedte.de\/sv\/tips-foer-din-konferens-i-wolfenbuettel\/#breadcrumb\",\"itemListElement\":[{\"@type\":\"ListItem\",\"position\":1,\"name\":\"Startseite\",\"item\":\"https:\/\/9staedte.de\/sv\/\"},{\"@type\":\"ListItem\",\"position\":2,\"name\":\"Tips f\u00f6r din konferens i Wolfenb\u00fcttel:\"}]},{\"@type\":\"WebSite\",\"@id\":\"https:\/\/9staedte.de\/sv\/#website\",\"url\":\"https:\/\/9staedte.de\/sv\/\",\"name\":\"9 St\u00e4dte in Niedersachsen\",\"description\":\"\",\"publisher\":{\"@id\":\"https:\/\/9staedte.de\/sv\/#organization\"},\"potentialAction\":[{\"@type\":\"SearchAction\",\"target\":{\"@type\":\"EntryPoint\",\"urlTemplate\":\"https:\/\/9staedte.de\/sv\/?s={search_term_string}\"},\"query-input\":{\"@type\":\"PropertyValueSpecification\",\"valueRequired\":true,\"valueName\":\"search_term_string\"}}],\"inLanguage\":\"sv-SE\"},{\"@type\":\"Organization\",\"@id\":\"https:\/\/9staedte.de\/sv\/#organization\",\"name\":\"9 St\u00e4dte in Niedersachsen\",\"url\":\"https:\/\/9staedte.de\/sv\/\",\"logo\":{\"@type\":\"ImageObject\",\"inLanguage\":\"sv-SE\",\"@id\":\"https:\/\/9staedte.de\/sv\/#\/schema\/logo\/image\/\",\"url\":\"https:\/\/9staedte.de\/wp-content\/uploads\/2025\/01\/9-neg-deutsch-2-1.png\",\"contentUrl\":\"https:\/\/9staedte.de\/wp-content\/uploads\/2025\/01\/9-neg-deutsch-2-1.png\",\"width\":190,\"height\":114,\"caption\":\"9 St\u00e4dte in Niedersachsen\"},\"image\":{\"@id\":\"https:\/\/9staedte.de\/sv\/#\/schema\/logo\/image\/\"}}]}<\/script>\n<!-- \/ Yoast SEO plugin. -->","yoast_head_json":{"title":"Tips f\u00f6r din konferens i Wolfenb\u00fcttel: - 9 St\u00e4dte in Niedersachsen","robots":{"index":"index","follow":"follow","max-snippet":"max-snippet:-1","max-image-preview":"max-image-preview:large","max-video-preview":"max-video-preview:-1"},"canonical":"https:\/\/9staedte.de\/sv\/tips-foer-din-konferens-i-wolfenbuettel\/","og_locale":"sv_SE","og_type":"article","og_title":"Tips f\u00f6r din konferens i Wolfenb\u00fcttel: - 9 St\u00e4dte in Niedersachsen","og_description":"M\u00f6ten p\u00e5 slottet Wolfenb\u00fcttelH\u00e5ll din konferens p\u00e5 Niedersachsens n\u00e4st st\u00f6rsta slott och bo som hertigarna i Guelph en g\u00e5ng gjorde. Vi erbjuder er historiska lokaler samt l\u00e4mpliga och of\u00f6rgl\u00f6mliga sociala program i Wolfenb\u00fcttels omedelbara centrum. Kongresser i Lindenhalle Wolfenb\u00fcttelDen b\u00e4sta adressen f\u00f6r m\u00f6ten och kongresser i klassisk men modern stil. Som Wolfenb\u00fcttels st\u00f6rsta eventcenter erbjuder [&hellip;]","og_url":"https:\/\/9staedte.de\/sv\/tips-foer-din-konferens-i-wolfenbuettel\/","og_site_name":"9 St\u00e4dte in Niedersachsen","og_image":[{"width":1019,"height":558,"url":"https:\/\/9staedte.de\/wp-content\/uploads\/2023\/03\/Lindenhalle-c-Susanne-Huebner.jpg","type":"image\/jpeg"}],"twitter_card":"summary_large_image","twitter_misc":{"Ber\u00e4knad l\u00e4stid":"2 minuter"},"schema":{"@context":"https:\/\/schema.org","@graph":[{"@type":"WebPage","@id":"https:\/\/9staedte.de\/sv\/tips-foer-din-konferens-i-wolfenbuettel\/","url":"https:\/\/9staedte.de\/sv\/tips-foer-din-konferens-i-wolfenbuettel\/","name":"Tips f\u00f6r din konferens i Wolfenb\u00fcttel: - 9 St\u00e4dte in Niedersachsen","isPartOf":{"@id":"https:\/\/9staedte.de\/sv\/#website"},"primaryImageOfPage":{"@id":"https:\/\/9staedte.de\/sv\/tips-foer-din-konferens-i-wolfenbuettel\/#primaryimage"},"image":{"@id":"https:\/\/9staedte.de\/sv\/tips-foer-din-konferens-i-wolfenbuettel\/#primaryimage"},"thumbnailUrl":"https:\/\/9staedte.de\/wp-content\/uploads\/2023\/03\/Lindenhalle-c-Susanne-Huebner.jpg","datePublished":"2023-10-25T14:24:43+00:00","breadcrumb":{"@id":"https:\/\/9staedte.de\/sv\/tips-foer-din-konferens-i-wolfenbuettel\/#breadcrumb"},"inLanguage":"sv-SE","potentialAction":[{"@type":"ReadAction","target":["https:\/\/9staedte.de\/sv\/tips-foer-din-konferens-i-wolfenbuettel\/"]}]},{"@type":"ImageObject","inLanguage":"sv-SE","@id":"https:\/\/9staedte.de\/sv\/tips-foer-din-konferens-i-wolfenbuettel\/#primaryimage","url":"https:\/\/9staedte.de\/wp-content\/uploads\/2023\/03\/Lindenhalle-c-Susanne-Huebner.jpg","contentUrl":"https:\/\/9staedte.de\/wp-content\/uploads\/2023\/03\/Lindenhalle-c-Susanne-Huebner.jpg","width":1019,"height":558,"caption":"Lindenhalle Wolfenb\u00fcttel (c) Susanne H\u00fcbner"},{"@type":"BreadcrumbList","@id":"https:\/\/9staedte.de\/sv\/tips-foer-din-konferens-i-wolfenbuettel\/#breadcrumb","itemListElement":[{"@type":"ListItem","position":1,"name":"Startseite","item":"https:\/\/9staedte.de\/sv\/"},{"@type":"ListItem","position":2,"name":"Tips f\u00f6r din konferens i Wolfenb\u00fcttel:"}]},{"@type":"WebSite","@id":"https:\/\/9staedte.de\/sv\/#website","url":"https:\/\/9staedte.de\/sv\/","name":"9 St\u00e4dte in Niedersachsen","description":"","publisher":{"@id":"https:\/\/9staedte.de\/sv\/#organization"},"potentialAction":[{"@type":"SearchAction","target":{"@type":"EntryPoint","urlTemplate":"https:\/\/9staedte.de\/sv\/?s={search_term_string}"},"query-input":{"@type":"PropertyValueSpecification","valueRequired":true,"valueName":"search_term_string"}}],"inLanguage":"sv-SE"},{"@type":"Organization","@id":"https:\/\/9staedte.de\/sv\/#organization","name":"9 St\u00e4dte in Niedersachsen","url":"https:\/\/9staedte.de\/sv\/","logo":{"@type":"ImageObject","inLanguage":"sv-SE","@id":"https:\/\/9staedte.de\/sv\/#\/schema\/logo\/image\/","url":"https:\/\/9staedte.de\/wp-content\/uploads\/2025\/01\/9-neg-deutsch-2-1.png","contentUrl":"https:\/\/9staedte.de\/wp-content\/uploads\/2025\/01\/9-neg-deutsch-2-1.png","width":190,"height":114,"caption":"9 St\u00e4dte in Niedersachsen"},"image":{"@id":"https:\/\/9staedte.de\/sv\/#\/schema\/logo\/image\/"}}]}},"_links":{"self":[{"href":"https:\/\/9staedte.de\/sv\/wp-json\/wp\/v2\/pages\/14040","targetHints":{"allow":["GET"]}}],"collection":[{"href":"https:\/\/9staedte.de\/sv\/wp-json\/wp\/v2\/pages"}],"about":[{"href":"https:\/\/9staedte.de\/sv\/wp-json\/wp\/v2\/types\/page"}],"author":[{"embeddable":true,"href":"https:\/\/9staedte.de\/sv\/wp-json\/wp\/v2\/users\/6"}],"replies":[{"embeddable":true,"href":"https:\/\/9staedte.de\/sv\/wp-json\/wp\/v2\/comments?post=14040"}],"version-history":[{"count":1,"href":"https:\/\/9staedte.de\/sv\/wp-json\/wp\/v2\/pages\/14040\/revisions"}],"predecessor-version":[{"id":14046,"href":"https:\/\/9staedte.de\/sv\/wp-json\/wp\/v2\/pages\/14040\/revisions\/14046"}],"wp:featuredmedia":[{"embeddable":true,"href":"https:\/\/9staedte.de\/sv\/wp-json\/wp\/v2\/media\/14045"}],"wp:attachment":[{"href":"https:\/\/9staedte.de\/sv\/wp-json\/wp\/v2\/media?parent=14040"}],"wp:term":[{"taxonomy":"category","embeddable":true,"href":"https:\/\/9staedte.de\/sv\/wp-json\/wp\/v2\/categories?post=14040"},{"taxonomy":"post_tag","embeddable":true,"href":"https:\/\/9staedte.de\/sv\/wp-json\/wp\/v2\/tags?post=14040"},{"taxonomy":"ncap_cities_tax","embeddable":true,"href":"https:\/\/9staedte.de\/sv\/wp-json\/wp\/v2\/ncap_cities_tax?post=14040"}],"curies":[{"name":"wp","href":"https:\/\/api.w.org\/{rel}","templated":true}]}}