{"id":26572,"date":"2025-06-27T09:19:54","date_gmt":"2025-06-27T07:19:54","guid":{"rendered":"https:\/\/9staedte.de\/deklaracja-w-sprawie-dostepnosci\/"},"modified":"2025-06-27T09:19:54","modified_gmt":"2025-06-27T07:19:54","slug":"deklaracja-w-sprawie-dostepnosci","status":"publish","type":"page","link":"https:\/\/9staedte.de\/pl\/deklaracja-w-sprawie-dostepnosci\/","title":{"rendered":"Deklaracja w sprawie dost\u0119pno\u015bci"},"content":{"rendered":"\n<p>Operatorzy strony internetowej https:\/\/9staedte.de przywi\u0105zuj\u0105 du\u017c\u0105 wag\u0119 do tego, aby jak najwi\u0119cej os\u00f3b &#8211; niezale\u017cnie od indywidualnych umiej\u0119tno\u015bci lub pomocy technicznych &#8211; mog\u0142o korzysta\u0107 z naszych tre\u015bci bez \u017cadnych problem\u00f3w.<\/p>\n\n<p>Dok\u0142adamy wszelkich stara\u0144, aby nasza strona internetowa by\u0142a wolna od barier zgodnie z wymogami prawnymi, w szczeg\u00f3lno\u015bci zgodnie z wymogami niemieckiej ustawy o ochronie danych:<\/p>\n\n<p>&#8211; Rozporz\u0105dzenie w sprawie technologii informacyjnych bez barier (BITV 2.0)<br\/>&#8211; Wytyczne dotycz\u0105ce dost\u0119pno\u015bci tre\u015bci internetowych (WCAG) 2.1, poziom zgodno\u015bci AA<br\/>&#8211; Sekcje 12 i nast. ustawy o dyskryminacji os\u00f3b niepe\u0142nosprawnych (BGG)<\/p>\n\n<div style=\"height:16px\" aria-hidden=\"true\" class=\"wp-block-spacer\"><\/div>\n\n<h2 class=\"wp-block-heading\">Status dost\u0119pno\u015bci<\/h2>\n\n<p>Strona jest<strong> cz\u0119\u015bciowo dost\u0119pna<\/strong>.<\/p>\n\n<p>Niekt\u00f3re tre\u015bci i funkcje spe\u0142niaj\u0105 ju\u017c wymagania BITV 2.0, inne s\u0105 nadal zmieniane.<\/p>\n\n<h3 class=\"wp-block-heading\">Bariery, kt\u00f3re wci\u0105\u017c istniej\u0105<\/h3>\n\n<p>Pomimo naszych wysi\u0142k\u00f3w, obecnie mog\u0105 wyst\u0119powa\u0107 nast\u0119puj\u0105ce bariery:<\/p>\n\n<p>&#8211; Nie wszystkie obrazy zawieraj\u0105 <strong>alternatywne teksty<\/strong><br\/>&#8211; Niekt\u00f3re<strong> dokumenty PDF<\/strong> nie s\u0105 wolne od barier<br\/>&#8211; <strong>Obs\u0142uga klawiatury<\/strong> jest nadal ograniczona w niekt\u00f3rych miejscach<br\/>&#8211; <strong>Kontrast<\/strong> i <strong>wska\u017aniki ostro\u015bci<\/strong> nie s\u0105 optymalne wsz\u0119dzie<br\/>&#8211; <strong>Filmy <\/strong>nie maj\u0105 obecnie <strong>napis\u00f3w ani opis\u00f3w audio<\/strong> w ca\u0142ym tek\u015bcie.<\/p>\n\n<p>Nieustannie pracujemy nad popraw\u0105 dost\u0119pno\u015bci naszych tre\u015bci.<\/p>\n\n<div style=\"height:16px\" aria-hidden=\"true\" class=\"wp-block-spacer\"><\/div>\n\n<h2 class=\"wp-block-heading\">Informacje zwrotne i kontakt<\/h2>\n\n<p>Je\u015bli zauwa\u017cysz jakie\u015b bariery na naszej stronie lub masz jakie\u015b sugestie, czekamy na wiadomo\u015b\u0107 od Ciebie.<\/p>\n\n<p>Prosimy o kontakt:<\/p>\n\n<p><strong>9 Miast Dolnej Saksonii<br\/><\/strong>c\/o G\u00f6ttingen Tourismus und Marketing e. V.<br\/>Markt 9<br\/>37073 G\u00f6ttingen<br\/>Telefon: +49 (0)551 499 80 12<br\/>E-mail: <a href=\"mailto:info@9staedte.de\">info@9staedte.de<\/a><\/p>\n\n<h3 class=\"wp-block-heading\">Procedura pojednawcza<\/h3>\n\n<p>Je\u015bli u\u017cytkownik uwa\u017ca, \u017ce nie zareagowali\u015bmy odpowiednio na jego informacje, ma mo\u017cliwo\u015b\u0107 skontaktowania si\u0119 z komisj\u0105 arbitra\u017cow\u0105 zgodnie z \u00a7 16 BGG.<\/p>\n\n<h4 class=\"wp-block-heading\"><strong>Skontaktuj si\u0119 z organem pojednawczym BGG:<\/strong><\/h4>\n\n<p>Organ pojednawczy BGG<br\/>przy Pe\u0142nomocniku Rz\u0105du Federalnego ds. Os\u00f3b Niepe\u0142nosprawnych<br\/>Mauerstra\u00dfe 53<br\/>10117 Berlin<br\/>Telefon: 030 18 527 2805<br\/>E-mail: info@schlichtungsstelle-bgg.de<br\/>Strona internetowa: www.schlichtungsstelle-bgg.de<\/p>\n\n<div style=\"height:16px\" aria-hidden=\"true\" class=\"wp-block-spacer\"><\/div>\n\n<p><strong>Status niniejszej deklaracji:<\/strong> 25 czerwca 2025 r.<\/p>\n","protected":false},"excerpt":{"rendered":"<p>Operatorzy strony internetowej https:\/\/9staedte.de przywi\u0105zuj\u0105 du\u017c\u0105 wag\u0119 do tego, aby jak najwi\u0119cej os\u00f3b &#8211; niezale\u017cnie od indywidualnych umiej\u0119tno\u015bci lub pomocy technicznych &#8211; mog\u0142o korzysta\u0107 z naszych tre\u015bci bez \u017cadnych problem\u00f3w. Dok\u0142adamy wszelkich stara\u0144, aby nasza strona internetowa by\u0142a wolna od barier zgodnie z wymogami prawnymi, w szczeg\u00f3lno\u015bci zgodnie z wymogami niemieckiej ustawy o ochronie danych: [&hellip;]<\/p>\n","protected":false},"author":11,"featured_media":0,"parent":0,"menu_order":0,"comment_status":"closed","ping_status":"closed","template":"","meta":{"_acf_changed":false,"footnotes":""},"categories":[],"tags":[],"ncap_cities_tax":[],"class_list":["post-26572","page","type-page","status-publish","hentry"],"acf":[],"yoast_head":"<!-- This site is optimized with the Yoast SEO plugin v27.4 - https:\/\/yoast.com\/product\/yoast-seo-wordpress\/ -->\n<title>Deklaracja w sprawie dost\u0119pno\u015bci - 9 St\u00e4dte in Niedersachsen<\/title>\n<meta name=\"robots\" content=\"index, follow, max-snippet:-1, max-image-preview:large, max-video-preview:-1\" \/>\n<link rel=\"canonical\" href=\"https:\/\/9staedte.de\/pl\/deklaracja-w-sprawie-dostepnosci\/\" \/>\n<meta property=\"og:locale\" content=\"pl_PL\" \/>\n<meta property=\"og:type\" content=\"article\" \/>\n<meta property=\"og:title\" content=\"Deklaracja w sprawie dost\u0119pno\u015bci - 9 St\u00e4dte in Niedersachsen\" \/>\n<meta property=\"og:description\" content=\"Operatorzy strony internetowej https:\/\/9staedte.de przywi\u0105zuj\u0105 du\u017c\u0105 wag\u0119 do tego, aby jak najwi\u0119cej os\u00f3b &#8211; niezale\u017cnie od indywidualnych umiej\u0119tno\u015bci lub pomocy technicznych &#8211; mog\u0142o korzysta\u0107 z naszych tre\u015bci bez \u017cadnych problem\u00f3w. Dok\u0142adamy wszelkich stara\u0144, aby nasza strona internetowa by\u0142a wolna od barier zgodnie z wymogami prawnymi, w szczeg\u00f3lno\u015bci zgodnie z wymogami niemieckiej ustawy o ochronie danych: [&hellip;]\" \/>\n<meta property=\"og:url\" content=\"https:\/\/9staedte.de\/pl\/deklaracja-w-sprawie-dostepnosci\/\" \/>\n<meta property=\"og:site_name\" content=\"9 St\u00e4dte in Niedersachsen\" \/>\n<meta name=\"twitter:card\" content=\"summary_large_image\" \/>\n<meta name=\"twitter:label1\" content=\"Szacowany czas czytania\" \/>\n\t<meta name=\"twitter:data1\" content=\"2 minuty\" \/>\n<script type=\"application\/ld+json\" class=\"yoast-schema-graph\">{\"@context\":\"https:\\\/\\\/schema.org\",\"@graph\":[{\"@type\":\"WebPage\",\"@id\":\"https:\\\/\\\/9staedte.de\\\/pl\\\/deklaracja-w-sprawie-dostepnosci\\\/\",\"url\":\"https:\\\/\\\/9staedte.de\\\/pl\\\/deklaracja-w-sprawie-dostepnosci\\\/\",\"name\":\"Deklaracja w sprawie dost\u0119pno\u015bci - 9 St\u00e4dte in Niedersachsen\",\"isPartOf\":{\"@id\":\"https:\\\/\\\/9staedte.de\\\/pl\\\/#website\"},\"datePublished\":\"2025-06-27T07:19:54+00:00\",\"breadcrumb\":{\"@id\":\"https:\\\/\\\/9staedte.de\\\/pl\\\/deklaracja-w-sprawie-dostepnosci\\\/#breadcrumb\"},\"inLanguage\":\"pl-PL\",\"potentialAction\":[{\"@type\":\"ReadAction\",\"target\":[\"https:\\\/\\\/9staedte.de\\\/pl\\\/deklaracja-w-sprawie-dostepnosci\\\/\"]}]},{\"@type\":\"BreadcrumbList\",\"@id\":\"https:\\\/\\\/9staedte.de\\\/pl\\\/deklaracja-w-sprawie-dostepnosci\\\/#breadcrumb\",\"itemListElement\":[{\"@type\":\"ListItem\",\"position\":1,\"name\":\"Startseite\",\"item\":\"https:\\\/\\\/9staedte.de\\\/pl\\\/\"},{\"@type\":\"ListItem\",\"position\":2,\"name\":\"Deklaracja w sprawie dost\u0119pno\u015bci\"}]},{\"@type\":\"WebSite\",\"@id\":\"https:\\\/\\\/9staedte.de\\\/pl\\\/#website\",\"url\":\"https:\\\/\\\/9staedte.de\\\/pl\\\/\",\"name\":\"9 St\u00e4dte in Niedersachsen\",\"description\":\"\",\"publisher\":{\"@id\":\"https:\\\/\\\/9staedte.de\\\/pl\\\/#organization\"},\"potentialAction\":[{\"@type\":\"SearchAction\",\"target\":{\"@type\":\"EntryPoint\",\"urlTemplate\":\"https:\\\/\\\/9staedte.de\\\/pl\\\/?s={search_term_string}\"},\"query-input\":{\"@type\":\"PropertyValueSpecification\",\"valueRequired\":true,\"valueName\":\"search_term_string\"}}],\"inLanguage\":\"pl-PL\"},{\"@type\":\"Organization\",\"@id\":\"https:\\\/\\\/9staedte.de\\\/pl\\\/#organization\",\"name\":\"9 St\u00e4dte in Niedersachsen\",\"url\":\"https:\\\/\\\/9staedte.de\\\/pl\\\/\",\"logo\":{\"@type\":\"ImageObject\",\"inLanguage\":\"pl-PL\",\"@id\":\"https:\\\/\\\/9staedte.de\\\/pl\\\/#\\\/schema\\\/logo\\\/image\\\/\",\"url\":\"https:\\\/\\\/9staedte.de\\\/wp-content\\\/uploads\\\/2025\\\/01\\\/9-neg-deutsch-2-1.png\",\"contentUrl\":\"https:\\\/\\\/9staedte.de\\\/wp-content\\\/uploads\\\/2025\\\/01\\\/9-neg-deutsch-2-1.png\",\"width\":190,\"height\":114,\"caption\":\"9 St\u00e4dte in Niedersachsen\"},\"image\":{\"@id\":\"https:\\\/\\\/9staedte.de\\\/pl\\\/#\\\/schema\\\/logo\\\/image\\\/\"}}]}<\/script>\n<!-- \/ Yoast SEO plugin. -->","yoast_head_json":{"title":"Deklaracja w sprawie dost\u0119pno\u015bci - 9 St\u00e4dte in Niedersachsen","robots":{"index":"index","follow":"follow","max-snippet":"max-snippet:-1","max-image-preview":"max-image-preview:large","max-video-preview":"max-video-preview:-1"},"canonical":"https:\/\/9staedte.de\/pl\/deklaracja-w-sprawie-dostepnosci\/","og_locale":"pl_PL","og_type":"article","og_title":"Deklaracja w sprawie dost\u0119pno\u015bci - 9 St\u00e4dte in Niedersachsen","og_description":"Operatorzy strony internetowej https:\/\/9staedte.de przywi\u0105zuj\u0105 du\u017c\u0105 wag\u0119 do tego, aby jak najwi\u0119cej os\u00f3b &#8211; niezale\u017cnie od indywidualnych umiej\u0119tno\u015bci lub pomocy technicznych &#8211; mog\u0142o korzysta\u0107 z naszych tre\u015bci bez \u017cadnych problem\u00f3w. Dok\u0142adamy wszelkich stara\u0144, aby nasza strona internetowa by\u0142a wolna od barier zgodnie z wymogami prawnymi, w szczeg\u00f3lno\u015bci zgodnie z wymogami niemieckiej ustawy o ochronie danych: [&hellip;]","og_url":"https:\/\/9staedte.de\/pl\/deklaracja-w-sprawie-dostepnosci\/","og_site_name":"9 St\u00e4dte in Niedersachsen","twitter_card":"summary_large_image","twitter_misc":{"Szacowany czas czytania":"2 minuty"},"schema":{"@context":"https:\/\/schema.org","@graph":[{"@type":"WebPage","@id":"https:\/\/9staedte.de\/pl\/deklaracja-w-sprawie-dostepnosci\/","url":"https:\/\/9staedte.de\/pl\/deklaracja-w-sprawie-dostepnosci\/","name":"Deklaracja w sprawie dost\u0119pno\u015bci - 9 St\u00e4dte in Niedersachsen","isPartOf":{"@id":"https:\/\/9staedte.de\/pl\/#website"},"datePublished":"2025-06-27T07:19:54+00:00","breadcrumb":{"@id":"https:\/\/9staedte.de\/pl\/deklaracja-w-sprawie-dostepnosci\/#breadcrumb"},"inLanguage":"pl-PL","potentialAction":[{"@type":"ReadAction","target":["https:\/\/9staedte.de\/pl\/deklaracja-w-sprawie-dostepnosci\/"]}]},{"@type":"BreadcrumbList","@id":"https:\/\/9staedte.de\/pl\/deklaracja-w-sprawie-dostepnosci\/#breadcrumb","itemListElement":[{"@type":"ListItem","position":1,"name":"Startseite","item":"https:\/\/9staedte.de\/pl\/"},{"@type":"ListItem","position":2,"name":"Deklaracja w sprawie dost\u0119pno\u015bci"}]},{"@type":"WebSite","@id":"https:\/\/9staedte.de\/pl\/#website","url":"https:\/\/9staedte.de\/pl\/","name":"9 St\u00e4dte in Niedersachsen","description":"","publisher":{"@id":"https:\/\/9staedte.de\/pl\/#organization"},"potentialAction":[{"@type":"SearchAction","target":{"@type":"EntryPoint","urlTemplate":"https:\/\/9staedte.de\/pl\/?s={search_term_string}"},"query-input":{"@type":"PropertyValueSpecification","valueRequired":true,"valueName":"search_term_string"}}],"inLanguage":"pl-PL"},{"@type":"Organization","@id":"https:\/\/9staedte.de\/pl\/#organization","name":"9 St\u00e4dte in Niedersachsen","url":"https:\/\/9staedte.de\/pl\/","logo":{"@type":"ImageObject","inLanguage":"pl-PL","@id":"https:\/\/9staedte.de\/pl\/#\/schema\/logo\/image\/","url":"https:\/\/9staedte.de\/wp-content\/uploads\/2025\/01\/9-neg-deutsch-2-1.png","contentUrl":"https:\/\/9staedte.de\/wp-content\/uploads\/2025\/01\/9-neg-deutsch-2-1.png","width":190,"height":114,"caption":"9 St\u00e4dte in Niedersachsen"},"image":{"@id":"https:\/\/9staedte.de\/pl\/#\/schema\/logo\/image\/"}}]}},"_links":{"self":[{"href":"https:\/\/9staedte.de\/pl\/wp-json\/wp\/v2\/pages\/26572","targetHints":{"allow":["GET"]}}],"collection":[{"href":"https:\/\/9staedte.de\/pl\/wp-json\/wp\/v2\/pages"}],"about":[{"href":"https:\/\/9staedte.de\/pl\/wp-json\/wp\/v2\/types\/page"}],"author":[{"embeddable":true,"href":"https:\/\/9staedte.de\/pl\/wp-json\/wp\/v2\/users\/11"}],"replies":[{"embeddable":true,"href":"https:\/\/9staedte.de\/pl\/wp-json\/wp\/v2\/comments?post=26572"}],"version-history":[{"count":1,"href":"https:\/\/9staedte.de\/pl\/wp-json\/wp\/v2\/pages\/26572\/revisions"}],"predecessor-version":[{"id":26573,"href":"https:\/\/9staedte.de\/pl\/wp-json\/wp\/v2\/pages\/26572\/revisions\/26573"}],"wp:attachment":[{"href":"https:\/\/9staedte.de\/pl\/wp-json\/wp\/v2\/media?parent=26572"}],"wp:term":[{"taxonomy":"category","embeddable":true,"href":"https:\/\/9staedte.de\/pl\/wp-json\/wp\/v2\/categories?post=26572"},{"taxonomy":"post_tag","embeddable":true,"href":"https:\/\/9staedte.de\/pl\/wp-json\/wp\/v2\/tags?post=26572"},{"taxonomy":"ncap_cities_tax","embeddable":true,"href":"https:\/\/9staedte.de\/pl\/wp-json\/wp\/v2\/ncap_cities_tax?post=26572"}],"curies":[{"name":"wp","href":"https:\/\/api.w.org\/{rel}","templated":true}]}}