{"id":26531,"date":"2025-06-26T12:59:00","date_gmt":"2025-06-26T10:59:00","guid":{"rendered":"https:\/\/9staedte.de\/9miasta-w-prostym-jezyku\/"},"modified":"2025-06-26T12:59:00","modified_gmt":"2025-06-26T10:59:00","slug":"9miasta-w-prostym-jezyku","status":"publish","type":"page","link":"https:\/\/9staedte.de\/pl\/9miasta-w-prostym-jezyku\/","title":{"rendered":"9Miasta w prostym j\u0119zyku"},"content":{"rendered":"\n<h2 class=\"wp-block-heading\">Co to jest &#8222;9 miast w Dolnej Saksonii&#8221;?<\/h2>\n\n<h3 class=\"wp-block-heading\">9 miast + 2 partner\u00f3w<\/h3>\n\n<p>Jest to dziewi\u0119\u0107 miast w Dolnej Saksonii: Braunschweig, Celle, Getynga, Goslar, Hameln, Hanower, Hildesheim, Wolfenb\u00fcttel, a tak\u017ce Autostadt w Wolfsburgu i lotnisko w Hanowerze.<\/p>\n\n<h3 class=\"wp-block-heading\">Od 1984 r.<\/h3>\n\n<p>Miasta wsp\u00f3\u0142pracuj\u0105 ze sob\u0105 od 1984 roku. Chc\u0105 przyci\u0105gn\u0105\u0107 do swoich miast wi\u0119cej go\u015bci z zagranicy. <\/p>\n\n<div style=\"height:16px\" aria-hidden=\"true\" class=\"wp-block-spacer\"><\/div>\n\n<h2 class=\"wp-block-heading\">Dlaczego pracuj\u0105 razem?<\/h2>\n\n<h3 class=\"wp-block-heading\">Wi\u0119ksza \u015bwiadomo\u015b\u0107<\/h3>\n\n<p>9 miast Dolnej Saksonii jest lepiej znanych razem ni\u017c osobno. Tak wi\u0119c razem mog\u0105 sta\u0107 si\u0119 bardziej znane i przyci\u0105gn\u0105\u0107 wi\u0119cej go\u015bci. <\/p>\n\n<h3 class=\"wp-block-heading\">Promowanie turystyki<\/h3>\n\n<p>Celem jest: wi\u0119cej nocleg\u00f3w i wi\u0119cej odwiedzaj\u0105cych. Reklamujesz si\u0119 w Europie &#8211; na przyk\u0142ad w Skandynawii lub Holandii. <\/p>\n\n<div style=\"height:16px\" aria-hidden=\"true\" class=\"wp-block-spacer\"><\/div>\n\n<h2 class=\"wp-block-heading\">Co oferuj\u0105?<\/h2>\n\n<h3 class=\"wp-block-heading\">Najwa\u017cniejsze wydarzenia kulturalne<\/h3>\n\n<p>Ka\u017cde miejsce ma w sobie co\u015b wyj\u0105tkowego:<\/p>\n\n<ul class=\"wp-block-list\">\n<li>Budynki historyczne<\/li>\n\n\n\n<li>Domy z muru pruskiego, zamki, ogrody<\/li>\n\n\n\n<li>Zabytki, place, ko\u015bcio\u0142y, np. miejsca \u015bwiatowego dziedzictwa UNESCO w Goslar i Hildesheim.<\/li>\n<\/ul>\n\n<h3 class=\"wp-block-heading\">wydarzenia<\/h3>\n\n<p>Odbywaj\u0105 si\u0119 jarmarki bo\u017conarodzeniowe, koncerty, festiwale, targi i festyny miejskie.<\/p>\n\n<h3 class=\"wp-block-heading\">Wycieczki z przewodnikiem<\/h3>\n\n<p>Wycieczki po mie\u015bcie z przewodnikiem i zwiedzanie, wycieczki rowerowe, sp\u0142ywy kajakowe. R\u00f3wnie\u017c dla grup, konferencji i odbiorc\u00f3w r\u00f3\u017cnych format\u00f3w. <\/p>\n\n<h3 class=\"wp-block-heading\">Dla wszystkich podr\u00f3\u017cnych<\/h3>\n\n<p>Niezale\u017cnie od tego, czy jest to kr\u00f3tka wycieczka po mie\u015bcie, wycieczka rodzinna, mi\u0142o\u015bnicy kultury czy przyrody &#8211; ka\u017cda grupa znajdzie odpowiednie oferty.<\/p>\n\n<div style=\"height:16px\" aria-hidden=\"true\" class=\"wp-block-spacer\"><\/div>\n\n<h2 class=\"wp-block-heading\">Dlaczego jest to dobre dla odwiedzaj\u0105cych?<\/h2>\n\n<h3 class=\"wp-block-heading\">Odkryj wiele miejsc<\/h3>\n\n<p>Mo\u017cesz odwiedzi\u0107 jedno miasto w ci\u0105gu jednego dnia &#8211; lub odkry\u0107 wiele miejsc.<\/p>\n\n<h3 class=\"wp-block-heading\">Kr\u00f3tkie dystanse<\/h3>\n\n<p>Miasta s\u0105 po\u0142o\u017cone blisko siebie. Mo\u017cesz szybko podr\u00f3\u017cowa\u0107 z jednego miasta do drugiego. <\/p>\n\n<h3 class=\"wp-block-heading\">R\u00f3\u017cnorodno\u015b\u0107 na ma\u0142ej przestrzeni<\/h3>\n\n<p>Kilka miast razem oferuje wi\u0119cej kultury, historii i do\u015bwiadcze\u0144 &#8211; bez konieczno\u015bci podr\u00f3\u017cowania daleko.<\/p>\n\n<div style=\"height:16px\" aria-hidden=\"true\" class=\"wp-block-spacer\"><\/div>\n\n<h2 class=\"wp-block-heading\">Kto to robi?<\/h2>\n\n<h3 class=\"wp-block-heading\">Organizator<\/h3>\n\n<p>Jest on organizowany przez &#8222;Hannover Marketing und Tourismus GmbH&#8221; i mened\u017cer\u00f3w turystyki z innych miast.<\/p>\n\n<h3 class=\"wp-block-heading\">Partner<\/h3>\n\n<p>Opr\u00f3cz miast wa\u017cnymi partnerami s\u0105 Autostadt w Wolfsburgu i lotnisko w Hanowerze. Pomagaj\u0105 oni w marketingu i dojazdach na wydarzenie. <\/p>\n\n<div style=\"height:16px\" aria-hidden=\"true\" class=\"wp-block-spacer\"><\/div>\n\n<h2 class=\"wp-block-heading\">Podsumowane prostym j\u0119zykiem<\/h2>\n\n<ul class=\"wp-block-list\">\n<li>Dziewi\u0119\u0107 miast Dolnej Saksonii od wielu lat wsp\u00f3lnie promuje turystyk\u0119.<\/li>\n\n\n\n<li>Pokazuj\u0105 histori\u0119, kultur\u0119, natur\u0119 i wydarzenia na jednej stronie internetowej.<\/li>\n\n\n\n<li>Odwiedzaj\u0105cy znajd\u0105 wskaz\u00f3wki dotycz\u0105ce wycieczek, nocleg\u00f3w, wycieczek grupowych i jarmark\u00f3w bo\u017conarodzeniowych.<\/li>\n\n\n\n<li>Dzi\u0119ki wsp\u00f3\u0142pracy miasta oszcz\u0119dzaj\u0105 pieni\u0105dze i docieraj\u0105 do wi\u0119kszej liczby go\u015bci &#8211; tak\u017ce z Europy.<\/li>\n\n\n\n<li>Region jest dobrze skomunikowany. Je\u015bli odwiedzisz jedno miasto, mo\u017cesz \u0142atwo odwiedzi\u0107 inne. <\/li>\n<\/ul>\n","protected":false},"excerpt":{"rendered":"<p>Co to jest &#8222;9 miast w Dolnej Saksonii&#8221;? 9 miast + 2 partner\u00f3w Jest to dziewi\u0119\u0107 miast w Dolnej Saksonii: Braunschweig, Celle, Getynga, Goslar, Hameln, Hanower, Hildesheim, Wolfenb\u00fcttel, a tak\u017ce Autostadt w Wolfsburgu i lotnisko w Hanowerze. Od 1984 r. Miasta wsp\u00f3\u0142pracuj\u0105 ze sob\u0105 od 1984 roku. Chc\u0105 przyci\u0105gn\u0105\u0107 do swoich miast wi\u0119cej go\u015bci z [&hellip;]<\/p>\n","protected":false},"author":11,"featured_media":0,"parent":0,"menu_order":0,"comment_status":"closed","ping_status":"closed","template":"","meta":{"_acf_changed":false,"footnotes":""},"categories":[],"tags":[],"ncap_cities_tax":[],"class_list":["post-26531","page","type-page","status-publish","hentry"],"acf":[],"yoast_head":"<!-- This site is optimized with the Yoast SEO plugin v27.4 - https:\/\/yoast.com\/product\/yoast-seo-wordpress\/ -->\n<title>9Miasta w prostym j\u0119zyku - 9 St\u00e4dte in Niedersachsen<\/title>\n<meta name=\"robots\" content=\"index, follow, max-snippet:-1, max-image-preview:large, max-video-preview:-1\" \/>\n<link rel=\"canonical\" href=\"https:\/\/9staedte.de\/pl\/9miasta-w-prostym-jezyku\/\" \/>\n<meta property=\"og:locale\" content=\"pl_PL\" \/>\n<meta property=\"og:type\" content=\"article\" \/>\n<meta property=\"og:title\" content=\"9Miasta w prostym j\u0119zyku - 9 St\u00e4dte in Niedersachsen\" \/>\n<meta property=\"og:description\" content=\"Co to jest &#8222;9 miast w Dolnej Saksonii&#8221;? 9 miast + 2 partner\u00f3w Jest to dziewi\u0119\u0107 miast w Dolnej Saksonii: Braunschweig, Celle, Getynga, Goslar, Hameln, Hanower, Hildesheim, Wolfenb\u00fcttel, a tak\u017ce Autostadt w Wolfsburgu i lotnisko w Hanowerze. Od 1984 r. Miasta wsp\u00f3\u0142pracuj\u0105 ze sob\u0105 od 1984 roku. Chc\u0105 przyci\u0105gn\u0105\u0107 do swoich miast wi\u0119cej go\u015bci z [&hellip;]\" \/>\n<meta property=\"og:url\" content=\"https:\/\/9staedte.de\/pl\/9miasta-w-prostym-jezyku\/\" \/>\n<meta property=\"og:site_name\" content=\"9 St\u00e4dte in Niedersachsen\" \/>\n<meta name=\"twitter:card\" content=\"summary_large_image\" \/>\n<meta name=\"twitter:label1\" content=\"Szacowany czas czytania\" \/>\n\t<meta name=\"twitter:data1\" content=\"2 minuty\" \/>\n<script type=\"application\/ld+json\" class=\"yoast-schema-graph\">{\"@context\":\"https:\\\/\\\/schema.org\",\"@graph\":[{\"@type\":\"WebPage\",\"@id\":\"https:\\\/\\\/9staedte.de\\\/pl\\\/9miasta-w-prostym-jezyku\\\/\",\"url\":\"https:\\\/\\\/9staedte.de\\\/pl\\\/9miasta-w-prostym-jezyku\\\/\",\"name\":\"9Miasta w prostym j\u0119zyku - 9 St\u00e4dte in Niedersachsen\",\"isPartOf\":{\"@id\":\"https:\\\/\\\/9staedte.de\\\/pl\\\/#website\"},\"datePublished\":\"2025-06-26T10:59:00+00:00\",\"breadcrumb\":{\"@id\":\"https:\\\/\\\/9staedte.de\\\/pl\\\/9miasta-w-prostym-jezyku\\\/#breadcrumb\"},\"inLanguage\":\"pl-PL\",\"potentialAction\":[{\"@type\":\"ReadAction\",\"target\":[\"https:\\\/\\\/9staedte.de\\\/pl\\\/9miasta-w-prostym-jezyku\\\/\"]}]},{\"@type\":\"BreadcrumbList\",\"@id\":\"https:\\\/\\\/9staedte.de\\\/pl\\\/9miasta-w-prostym-jezyku\\\/#breadcrumb\",\"itemListElement\":[{\"@type\":\"ListItem\",\"position\":1,\"name\":\"Startseite\",\"item\":\"https:\\\/\\\/9staedte.de\\\/pl\\\/\"},{\"@type\":\"ListItem\",\"position\":2,\"name\":\"9Miasta w prostym j\u0119zyku\"}]},{\"@type\":\"WebSite\",\"@id\":\"https:\\\/\\\/9staedte.de\\\/pl\\\/#website\",\"url\":\"https:\\\/\\\/9staedte.de\\\/pl\\\/\",\"name\":\"9 St\u00e4dte in Niedersachsen\",\"description\":\"\",\"publisher\":{\"@id\":\"https:\\\/\\\/9staedte.de\\\/pl\\\/#organization\"},\"potentialAction\":[{\"@type\":\"SearchAction\",\"target\":{\"@type\":\"EntryPoint\",\"urlTemplate\":\"https:\\\/\\\/9staedte.de\\\/pl\\\/?s={search_term_string}\"},\"query-input\":{\"@type\":\"PropertyValueSpecification\",\"valueRequired\":true,\"valueName\":\"search_term_string\"}}],\"inLanguage\":\"pl-PL\"},{\"@type\":\"Organization\",\"@id\":\"https:\\\/\\\/9staedte.de\\\/pl\\\/#organization\",\"name\":\"9 St\u00e4dte in Niedersachsen\",\"url\":\"https:\\\/\\\/9staedte.de\\\/pl\\\/\",\"logo\":{\"@type\":\"ImageObject\",\"inLanguage\":\"pl-PL\",\"@id\":\"https:\\\/\\\/9staedte.de\\\/pl\\\/#\\\/schema\\\/logo\\\/image\\\/\",\"url\":\"https:\\\/\\\/9staedte.de\\\/wp-content\\\/uploads\\\/2025\\\/01\\\/9-neg-deutsch-2-1.png\",\"contentUrl\":\"https:\\\/\\\/9staedte.de\\\/wp-content\\\/uploads\\\/2025\\\/01\\\/9-neg-deutsch-2-1.png\",\"width\":190,\"height\":114,\"caption\":\"9 St\u00e4dte in Niedersachsen\"},\"image\":{\"@id\":\"https:\\\/\\\/9staedte.de\\\/pl\\\/#\\\/schema\\\/logo\\\/image\\\/\"}}]}<\/script>\n<!-- \/ Yoast SEO plugin. -->","yoast_head_json":{"title":"9Miasta w prostym j\u0119zyku - 9 St\u00e4dte in Niedersachsen","robots":{"index":"index","follow":"follow","max-snippet":"max-snippet:-1","max-image-preview":"max-image-preview:large","max-video-preview":"max-video-preview:-1"},"canonical":"https:\/\/9staedte.de\/pl\/9miasta-w-prostym-jezyku\/","og_locale":"pl_PL","og_type":"article","og_title":"9Miasta w prostym j\u0119zyku - 9 St\u00e4dte in Niedersachsen","og_description":"Co to jest &#8222;9 miast w Dolnej Saksonii&#8221;? 9 miast + 2 partner\u00f3w Jest to dziewi\u0119\u0107 miast w Dolnej Saksonii: Braunschweig, Celle, Getynga, Goslar, Hameln, Hanower, Hildesheim, Wolfenb\u00fcttel, a tak\u017ce Autostadt w Wolfsburgu i lotnisko w Hanowerze. Od 1984 r. Miasta wsp\u00f3\u0142pracuj\u0105 ze sob\u0105 od 1984 roku. Chc\u0105 przyci\u0105gn\u0105\u0107 do swoich miast wi\u0119cej go\u015bci z [&hellip;]","og_url":"https:\/\/9staedte.de\/pl\/9miasta-w-prostym-jezyku\/","og_site_name":"9 St\u00e4dte in Niedersachsen","twitter_card":"summary_large_image","twitter_misc":{"Szacowany czas czytania":"2 minuty"},"schema":{"@context":"https:\/\/schema.org","@graph":[{"@type":"WebPage","@id":"https:\/\/9staedte.de\/pl\/9miasta-w-prostym-jezyku\/","url":"https:\/\/9staedte.de\/pl\/9miasta-w-prostym-jezyku\/","name":"9Miasta w prostym j\u0119zyku - 9 St\u00e4dte in Niedersachsen","isPartOf":{"@id":"https:\/\/9staedte.de\/pl\/#website"},"datePublished":"2025-06-26T10:59:00+00:00","breadcrumb":{"@id":"https:\/\/9staedte.de\/pl\/9miasta-w-prostym-jezyku\/#breadcrumb"},"inLanguage":"pl-PL","potentialAction":[{"@type":"ReadAction","target":["https:\/\/9staedte.de\/pl\/9miasta-w-prostym-jezyku\/"]}]},{"@type":"BreadcrumbList","@id":"https:\/\/9staedte.de\/pl\/9miasta-w-prostym-jezyku\/#breadcrumb","itemListElement":[{"@type":"ListItem","position":1,"name":"Startseite","item":"https:\/\/9staedte.de\/pl\/"},{"@type":"ListItem","position":2,"name":"9Miasta w prostym j\u0119zyku"}]},{"@type":"WebSite","@id":"https:\/\/9staedte.de\/pl\/#website","url":"https:\/\/9staedte.de\/pl\/","name":"9 St\u00e4dte in Niedersachsen","description":"","publisher":{"@id":"https:\/\/9staedte.de\/pl\/#organization"},"potentialAction":[{"@type":"SearchAction","target":{"@type":"EntryPoint","urlTemplate":"https:\/\/9staedte.de\/pl\/?s={search_term_string}"},"query-input":{"@type":"PropertyValueSpecification","valueRequired":true,"valueName":"search_term_string"}}],"inLanguage":"pl-PL"},{"@type":"Organization","@id":"https:\/\/9staedte.de\/pl\/#organization","name":"9 St\u00e4dte in Niedersachsen","url":"https:\/\/9staedte.de\/pl\/","logo":{"@type":"ImageObject","inLanguage":"pl-PL","@id":"https:\/\/9staedte.de\/pl\/#\/schema\/logo\/image\/","url":"https:\/\/9staedte.de\/wp-content\/uploads\/2025\/01\/9-neg-deutsch-2-1.png","contentUrl":"https:\/\/9staedte.de\/wp-content\/uploads\/2025\/01\/9-neg-deutsch-2-1.png","width":190,"height":114,"caption":"9 St\u00e4dte in Niedersachsen"},"image":{"@id":"https:\/\/9staedte.de\/pl\/#\/schema\/logo\/image\/"}}]}},"_links":{"self":[{"href":"https:\/\/9staedte.de\/pl\/wp-json\/wp\/v2\/pages\/26531","targetHints":{"allow":["GET"]}}],"collection":[{"href":"https:\/\/9staedte.de\/pl\/wp-json\/wp\/v2\/pages"}],"about":[{"href":"https:\/\/9staedte.de\/pl\/wp-json\/wp\/v2\/types\/page"}],"author":[{"embeddable":true,"href":"https:\/\/9staedte.de\/pl\/wp-json\/wp\/v2\/users\/11"}],"replies":[{"embeddable":true,"href":"https:\/\/9staedte.de\/pl\/wp-json\/wp\/v2\/comments?post=26531"}],"version-history":[{"count":1,"href":"https:\/\/9staedte.de\/pl\/wp-json\/wp\/v2\/pages\/26531\/revisions"}],"predecessor-version":[{"id":26532,"href":"https:\/\/9staedte.de\/pl\/wp-json\/wp\/v2\/pages\/26531\/revisions\/26532"}],"wp:attachment":[{"href":"https:\/\/9staedte.de\/pl\/wp-json\/wp\/v2\/media?parent=26531"}],"wp:term":[{"taxonomy":"category","embeddable":true,"href":"https:\/\/9staedte.de\/pl\/wp-json\/wp\/v2\/categories?post=26531"},{"taxonomy":"post_tag","embeddable":true,"href":"https:\/\/9staedte.de\/pl\/wp-json\/wp\/v2\/tags?post=26531"},{"taxonomy":"ncap_cities_tax","embeddable":true,"href":"https:\/\/9staedte.de\/pl\/wp-json\/wp\/v2\/ncap_cities_tax?post=26531"}],"curies":[{"name":"wp","href":"https:\/\/api.w.org\/{rel}","templated":true}]}}