{"id":25217,"date":"2025-04-10T08:59:35","date_gmt":"2025-04-10T06:59:35","guid":{"rendered":"https:\/\/9staedte.de\/unterwegs-durch-die-9-staedte\/"},"modified":"2025-04-10T09:40:27","modified_gmt":"2025-04-10T07:40:27","slug":"unterwegs-durch-die-9-staedte","status":"publish","type":"page","link":"https:\/\/9staedte.de\/pl\/unterwegs-durch-die-9-staedte\/","title":{"rendered":"Podr\u00f3\u017c przez 9 miast"},"content":{"rendered":"\n<div class=\"wp-block-columns is-layout-flex wp-container-core-columns-is-layout-9d6595d7 wp-block-columns-is-layout-flex\">\n<div class=\"wp-block-column is-layout-flow wp-block-column-is-layout-flow\">\n<h2 class=\"wp-block-heading has-text-color has-link-color wp-elements-e5c9df78574dfdab89be58dea6c3f259\" style=\"color:#003770\">Od miasta do miasta na rowerze<\/h2>\n\n\n\n<div class=\"wp-block-group\"><div class=\"wp-block-group__inner-container is-layout-constrained wp-block-group-is-layout-constrained\">\n<p class=\"has-text-color has-link-color wp-elements-1f9bc2e456e0c974346bfb29f9d0f874\" style=\"color:#003770\">Niezale\u017cnie od tego, czy jest to du\u017ca wycieczka objazdowa, czy etapy regionalne &#8211; odkryj <strong>9 miast <\/strong>i Autostadt we w\u0142asnym tempie i smaku! Czekaj\u0105 na Ciebie zabytki, urokliwe star\u00f3wki i kulinarne przysmaki. Gor\u0105co polecamy: wycieczk\u0119 do \u015bwiata mobilno\u015bci w Autostadt <strong>w Wolfsburgu<\/strong>. Kliknij tutaj, aby zobaczy\u0107 nasz\u0105 <a href=\"https:\/\/www.komoot.com\/de-de\/collection\/3202001\/auf-zwei-raedern-9-staedte-%2B-2-in-niedersachsen\">kolekcj\u0119 rower\u00f3w Komoot<\/a>.   <\/p>\n<\/div><\/div>\n<\/div>\n\n\n\n<div class=\"wp-block-column is-layout-flow wp-block-column-is-layout-flow\">\n<figure class=\"wp-block-image size-full\"><a href=\"https:\/\/www.komoot.com\/de-de\/collection\/3202001\/auf-zwei-raedern-9-staedte-%2B-2-in-niedersachsen\"><img loading=\"lazy\" decoding=\"async\" width=\"663\" height=\"444\" src=\"https:\/\/9staedte.de\/wp-content\/smush-webp\/2025\/03\/9Staedte_Fahrradtour_Collection_Ausschnitt.png.webp\" alt=\"\" class=\"wp-image-24981\" srcset=\"https:\/\/9staedte.de\/wp-content\/smush-webp\/2025\/03\/9Staedte_Fahrradtour_Collection_Ausschnitt.png.webp 663w, https:\/\/9staedte.de\/wp-content\/smush-webp\/2025\/03\/9Staedte_Fahrradtour_Collection_Ausschnitt-300x201.png.webp 300w\" sizes=\"auto, (max-width: 663px) 100vw, 663px\" \/><\/a><\/figure>\n<\/div>\n<\/div>\n\n<h2 class=\"wp-block-heading\">Jazda na rowerze w 9 miastach<\/h2>\n    <div class=\"nr-bike-tours-grid\">\n                    <a href=\"https:\/\/9staedte.de\/pl\/radtouren\/hannover\/\"\n               class=\"nr-bike-tour\"\n               style=\"background-image:url('https:\/\/9staedte.de\/wp-content\/smush-webp\/2025\/03\/Maschpark-Hannover-c-HMTG-Lars-Gerhardts.jpg.webp');\"\n            >\n                <span class=\"name\">\n                    Hannover                <\/span>\n            <\/a>\n                    <a href=\"https:\/\/9staedte.de\/pl\/radtouren\/hameln\/\"\n               class=\"nr-bike-tour\"\n               style=\"background-image:url('https:\/\/9staedte.de\/wp-content\/smush-webp\/2025\/03\/Hameln-Weser-E-Bike-Tour-c-Hameln-Marketing-und-Tourismus-GmbH.jpg.webp');\"\n            >\n                <span class=\"name\">\n                    Hameln                <\/span>\n            <\/a>\n                    <a href=\"https:\/\/9staedte.de\/pl\/radtouren\/goslar\/\"\n               class=\"nr-bike-tour\"\n               style=\"background-image:url('https:\/\/9staedte.de\/wp-content\/smush-webp\/2025\/03\/Fahrradtour-durch-die-Goslarer-Altstadt_GOSLAR-marketing-gmbh_Fotograf-diedrehen.jpg.webp');\"\n            >\n                <span class=\"name\">\n                    Goslar                <\/span>\n            <\/a>\n                    <a href=\"https:\/\/9staedte.de\/pl\/radtouren\/goettingen\/\"\n               class=\"nr-bike-tour\"\n               style=\"background-image:url('https:\/\/9staedte.de\/wp-content\/smush-webp\/2025\/03\/Goettingen-Johannisstrasse-c-Lars-Gerhardts.jpg.webp');\"\n            >\n                <span class=\"name\">\n                    Goettingen                <\/span>\n            <\/a>\n                    <a href=\"https:\/\/9staedte.de\/pl\/radtouren\/celle\/\"\n               class=\"nr-bike-tour\"\n               style=\"background-image:url('https:\/\/9staedte.de\/wp-content\/smush-webp\/2025\/03\/2404_tm_celle_radfahren_Altstadt_Poststrasse-scaled.jpg.webp');\"\n            >\n                <span class=\"name\">\n                    Celle                <\/span>\n            <\/a>\n                    <a href=\"https:\/\/9staedte.de\/pl\/radtouren\/braunschweig\/\"\n               class=\"nr-bike-tour\"\n               style=\"background-image:url('https:\/\/9staedte.de\/wp-content\/smush-webp\/2025\/03\/Braunschweig-Radfahrmotiv_2_BSM_Christian_Bierwagen-scaled.jpg.webp');\"\n            >\n                <span class=\"name\">\n                    Braunschweig                <\/span>\n            <\/a>\n                    <a href=\"https:\/\/9staedte.de\/pl\/radtouren\/hildesheim\/\"\n               class=\"nr-bike-tour\"\n               style=\"background-image:url('https:\/\/9staedte.de\/wp-content\/smush-webp\/2025\/03\/St-Michaelis-Dagmar-Schwelle.jpg.webp');\"\n            >\n                <span class=\"name\">\n                    Hildesheim                <\/span>\n            <\/a>\n                    <a href=\"https:\/\/9staedte.de\/pl\/radtouren\/einbeck\/\"\n               class=\"nr-bike-tour\"\n               style=\"background-image:url('https:\/\/9staedte.de\/wp-content\/smush-webp\/2025\/03\/Einbeck-TangoBruecke-bei-Tag-CC0.jpg.webp');\"\n            >\n                <span class=\"name\">\n                    Einbeck                <\/span>\n            <\/a>\n                    <a href=\"https:\/\/9staedte.de\/pl\/radtouren\/wolfenbuettel\/\"\n               class=\"nr-bike-tour\"\n               style=\"background-image:url('https:\/\/9staedte.de\/wp-content\/smush-webp\/2025\/03\/Radfahren-Residenzschloss-Wolfenbuettel-Fotograf-Christian-Bierwagen-Rechte-Lessingstadt-Wolfenbuettel-scaled.jpg.webp');\"\n            >\n                <span class=\"name\">\n                    Wolfenbuettel                <\/span>\n            <\/a>\n            <\/div>\n    \n\n\n<div class=\"banner-wrapper is-info-card\">\n    <h2 class=\"headline\">\n        Z miasta do miasta poci\u0105giem    <\/h2>\n    <div class=\"banner-inner\">\n\t\t            <div class=\"img-container\">\n                <div class=\"img-wrapper\">\n                    <img decoding=\"async\" src=\"https:\/\/9staedte.de\/wp-content\/smush-webp\/2025\/04\/DB_Juergen-Hoerstel.jpg.webp\" alt=\"c) DB J\u00fcrgen H\u00f6rstel\"\/>\n\t\t\t\t\t                        <div class=\"thumbnail-label\">\n                            <span>c) DB J\u00fcrgen H\u00f6rstel<\/span>\n                        <\/div>\n\t\t\t\t\t                <\/div>\n            <\/div>\n\t\t\t\t            <div class=\"text-container\">\n                <div class=\"content\">\n\t\t\t\t\t<h3>\u0141atwe podr\u00f3\u017cowanie z biletem Niedersachsen-Ticket<\/h3>\n<p>Zwiedzaj 9 miast i Autostadt z maksymalnie pi\u0119cioma osobami. Niedersachsenticket to bilet dzienny na poci\u0105gi regionalne, autobusy i tramwaje w Dolnej Saksonii, idealny na wycieczki i wycieczki objazdowe po 9 miastach. Mo\u017cna z niego korzysta\u0107 od godziny 9 rano w ci\u0105gu tygodnia i przez ca\u0142y dzie\u0144 w weekendy. Dost\u0119pny online, w automatach biletowych lub w centrach podr\u00f3\u017cy DB.   <\/p>\n<p><a href=\"https:\/\/niedersachsenticket.de\/?https%3A%2F%2Fniedersachsenticket_de%2F%3Futm_source=Google&amp;utm_medium=Search&amp;utm_campaign=Google%20Ads%20Traffic&amp;mtm_campaign=Google%20Ads%20Traffic&amp;mtm_source=Google&amp;mtm_medium=Search&amp;gad_source=1&amp;gclid=CjwKCAiA5eC9BhAuEiwA3CKwQtRGEo0rwPLn3WlB1KjFrYOnb6bolHyeZTaHX5bVAYvEngZYTjEBeBoCoDQQAvD_BwE\">Wi\u0119cej informacji<\/a><\/p>\n                <\/div>\n            <\/div>\n\t\t    <\/div>\n<\/div>\n\n\n\n<div class=\"banner-wrapper is-info-card\">\n    <h2 class=\"headline\">\n        Podr\u00f3\u017cowanie kamperem    <\/h2>\n    <div class=\"banner-inner\">\n\t\t            <div class=\"img-container\">\n                <div class=\"img-wrapper\">\n                    <img decoding=\"async\" src=\"https:\/\/9staedte.de\/wp-content\/smush-webp\/2024\/06\/Einbeck-Wohnmobilstellplatz-\u00a9-Stadtwerke-Einbeck-1.jpg.webp\" alt=\"Einbeck-Wohnmobilstellplatz-\u00a9-Stadtwerke-Einbeck-1\"\/>\n\t\t\t\t\t                        <div class=\"thumbnail-label\">\n                            <span>Einbeck-Wohnmobilstellplatz-\u00a9-Stadtwerke-Einbeck-1<\/span>\n                        <\/div>\n\t\t\t\t\t                <\/div>\n            <\/div>\n\t\t\t\t            <div class=\"text-container\">\n                <div class=\"content\">\n\t\t\t\t\t<h3 data-start=\"105\" data-end=\"162\">Samochodem kempingowym przez 9 miast Dolnej Saksonii<\/h3>\n<p class=\"\" data-start=\"164\" data-end=\"947\">Podr\u00f3\u017c kamperem przez 9 miast Dolnej Saksonii to prawdziwe prze\u017cycie dla mi\u0142o\u015bnik\u00f3w kultury i miasta. Dzi\u0119ki dobrze rozwini\u0119tym boiskom, nowoczesnej infrastrukturze i niewielkim odleg\u0142o\u015bciom, miasta mo\u017cna doskonale zwiedza\u0107 we w\u0142asnym tempie. Pi\u0119kne stare miasta, kulinarne atrakcje, ekscytuj\u0105ce muzea i zach\u0119caj\u0105ce deptaki czekaj\u0105 na Ciebie po drodze &#8211; idealne na elastyczn\u0105 i wygodn\u0105 wycieczk\u0119 kamperem.  <\/p>\n<p data-start=\"164\" data-end=\"947\"><a href=\"https:\/\/9staedte.de\/pl\/mit-dem-wohnmobil-in-die-9-staedte\/\">Wi\u0119cej informacji<\/a><\/p>\n                <\/div>\n            <\/div>\n\t\t    <\/div>\n<\/div>\n\n\n<p><\/p>\n","protected":false},"excerpt":{"rendered":"<p>Od miasta do miasta na rowerze Niezale\u017cnie od tego, czy jest to du\u017ca wycieczka objazdowa, czy etapy regionalne &#8211; odkryj 9 miast i Autostadt we w\u0142asnym tempie i smaku! Czekaj\u0105 na Ciebie zabytki, urokliwe star\u00f3wki i kulinarne przysmaki. Gor\u0105co polecamy: wycieczk\u0119 do \u015bwiata mobilno\u015bci w Autostadt w Wolfsburgu. Kliknij tutaj, aby zobaczy\u0107 nasz\u0105 kolekcj\u0119 rower\u00f3w [&hellip;]<\/p>\n","protected":false},"author":10,"featured_media":24967,"parent":0,"menu_order":0,"comment_status":"closed","ping_status":"closed","template":"","meta":{"_acf_changed":false,"footnotes":""},"categories":[],"tags":[],"ncap_cities_tax":[],"class_list":["post-25217","page","type-page","status-publish","has-post-thumbnail","hentry"],"acf":[],"yoast_head":"<!-- This site is optimized with the Yoast SEO plugin v27.4 - https:\/\/yoast.com\/product\/yoast-seo-wordpress\/ -->\n<title>Podr\u00f3\u017c przez 9 miast - 9 St\u00e4dte in Niedersachsen<\/title>\n<meta name=\"robots\" content=\"index, follow, max-snippet:-1, max-image-preview:large, max-video-preview:-1\" \/>\n<link rel=\"canonical\" href=\"https:\/\/9staedte.de\/pl\/unterwegs-durch-die-9-staedte\/\" \/>\n<meta property=\"og:locale\" content=\"pl_PL\" \/>\n<meta property=\"og:type\" content=\"article\" \/>\n<meta property=\"og:title\" content=\"Podr\u00f3\u017c przez 9 miast - 9 St\u00e4dte in Niedersachsen\" \/>\n<meta property=\"og:description\" content=\"Od miasta do miasta na rowerze Niezale\u017cnie od tego, czy jest to du\u017ca wycieczka objazdowa, czy etapy regionalne &#8211; odkryj 9 miast i Autostadt we w\u0142asnym tempie i smaku! Czekaj\u0105 na Ciebie zabytki, urokliwe star\u00f3wki i kulinarne przysmaki. Gor\u0105co polecamy: wycieczk\u0119 do \u015bwiata mobilno\u015bci w Autostadt w Wolfsburgu. Kliknij tutaj, aby zobaczy\u0107 nasz\u0105 kolekcj\u0119 rower\u00f3w [&hellip;]\" \/>\n<meta property=\"og:url\" content=\"https:\/\/9staedte.de\/pl\/unterwegs-durch-die-9-staedte\/\" \/>\n<meta property=\"og:site_name\" content=\"9 St\u00e4dte in Niedersachsen\" \/>\n<meta property=\"article:modified_time\" content=\"2025-04-10T07:40:27+00:00\" \/>\n<meta property=\"og:image\" content=\"https:\/\/9staedte.de\/wp-content\/uploads\/2025\/03\/Radfahren-in-Hannover_Lars-Gerhardts-75-scaled.jpg\" \/>\n\t<meta property=\"og:image:width\" content=\"1200\" \/>\n\t<meta property=\"og:image:height\" content=\"870\" \/>\n\t<meta property=\"og:image:type\" content=\"image\/jpeg\" \/>\n<meta name=\"twitter:card\" content=\"summary_large_image\" \/>\n<meta name=\"twitter:label1\" content=\"Szacowany czas czytania\" \/>\n\t<meta name=\"twitter:data1\" content=\"1 minuta\" \/>\n<script type=\"application\/ld+json\" class=\"yoast-schema-graph\">{\"@context\":\"https:\\\/\\\/schema.org\",\"@graph\":[{\"@type\":\"WebPage\",\"@id\":\"https:\\\/\\\/9staedte.de\\\/pl\\\/unterwegs-durch-die-9-staedte\\\/\",\"url\":\"https:\\\/\\\/9staedte.de\\\/pl\\\/unterwegs-durch-die-9-staedte\\\/\",\"name\":\"Podr\u00f3\u017c przez 9 miast - 9 St\u00e4dte in Niedersachsen\",\"isPartOf\":{\"@id\":\"https:\\\/\\\/9staedte.de\\\/pl\\\/#website\"},\"primaryImageOfPage\":{\"@id\":\"https:\\\/\\\/9staedte.de\\\/pl\\\/unterwegs-durch-die-9-staedte\\\/#primaryimage\"},\"image\":{\"@id\":\"https:\\\/\\\/9staedte.de\\\/pl\\\/unterwegs-durch-die-9-staedte\\\/#primaryimage\"},\"thumbnailUrl\":\"https:\\\/\\\/9staedte.de\\\/wp-content\\\/uploads\\\/2025\\\/03\\\/Radfahren-in-Hannover_Lars-Gerhardts-75-scaled.jpg\",\"datePublished\":\"2025-04-10T06:59:35+00:00\",\"dateModified\":\"2025-04-10T07:40:27+00:00\",\"breadcrumb\":{\"@id\":\"https:\\\/\\\/9staedte.de\\\/pl\\\/unterwegs-durch-die-9-staedte\\\/#breadcrumb\"},\"inLanguage\":\"pl-PL\",\"potentialAction\":[{\"@type\":\"ReadAction\",\"target\":[\"https:\\\/\\\/9staedte.de\\\/pl\\\/unterwegs-durch-die-9-staedte\\\/\"]}]},{\"@type\":\"ImageObject\",\"inLanguage\":\"pl-PL\",\"@id\":\"https:\\\/\\\/9staedte.de\\\/pl\\\/unterwegs-durch-die-9-staedte\\\/#primaryimage\",\"url\":\"https:\\\/\\\/9staedte.de\\\/wp-content\\\/uploads\\\/2025\\\/03\\\/Radfahren-in-Hannover_Lars-Gerhardts-75-scaled.jpg\",\"contentUrl\":\"https:\\\/\\\/9staedte.de\\\/wp-content\\\/uploads\\\/2025\\\/03\\\/Radfahren-in-Hannover_Lars-Gerhardts-75-scaled.jpg\",\"width\":1200,\"height\":870,\"caption\":\"Radfahren in Hannover_Lars Gerhardts (75)\"},{\"@type\":\"BreadcrumbList\",\"@id\":\"https:\\\/\\\/9staedte.de\\\/pl\\\/unterwegs-durch-die-9-staedte\\\/#breadcrumb\",\"itemListElement\":[{\"@type\":\"ListItem\",\"position\":1,\"name\":\"Startseite\",\"item\":\"https:\\\/\\\/9staedte.de\\\/pl\\\/\"},{\"@type\":\"ListItem\",\"position\":2,\"name\":\"Podr\u00f3\u017c przez 9 miast\"}]},{\"@type\":\"WebSite\",\"@id\":\"https:\\\/\\\/9staedte.de\\\/pl\\\/#website\",\"url\":\"https:\\\/\\\/9staedte.de\\\/pl\\\/\",\"name\":\"9 St\u00e4dte in Niedersachsen\",\"description\":\"\",\"publisher\":{\"@id\":\"https:\\\/\\\/9staedte.de\\\/pl\\\/#organization\"},\"potentialAction\":[{\"@type\":\"SearchAction\",\"target\":{\"@type\":\"EntryPoint\",\"urlTemplate\":\"https:\\\/\\\/9staedte.de\\\/pl\\\/?s={search_term_string}\"},\"query-input\":{\"@type\":\"PropertyValueSpecification\",\"valueRequired\":true,\"valueName\":\"search_term_string\"}}],\"inLanguage\":\"pl-PL\"},{\"@type\":\"Organization\",\"@id\":\"https:\\\/\\\/9staedte.de\\\/pl\\\/#organization\",\"name\":\"9 St\u00e4dte in Niedersachsen\",\"url\":\"https:\\\/\\\/9staedte.de\\\/pl\\\/\",\"logo\":{\"@type\":\"ImageObject\",\"inLanguage\":\"pl-PL\",\"@id\":\"https:\\\/\\\/9staedte.de\\\/pl\\\/#\\\/schema\\\/logo\\\/image\\\/\",\"url\":\"https:\\\/\\\/9staedte.de\\\/wp-content\\\/uploads\\\/2025\\\/01\\\/9-neg-deutsch-2-1.png\",\"contentUrl\":\"https:\\\/\\\/9staedte.de\\\/wp-content\\\/uploads\\\/2025\\\/01\\\/9-neg-deutsch-2-1.png\",\"width\":190,\"height\":114,\"caption\":\"9 St\u00e4dte in Niedersachsen\"},\"image\":{\"@id\":\"https:\\\/\\\/9staedte.de\\\/pl\\\/#\\\/schema\\\/logo\\\/image\\\/\"}}]}<\/script>\n<!-- \/ Yoast SEO plugin. -->","yoast_head_json":{"title":"Podr\u00f3\u017c przez 9 miast - 9 St\u00e4dte in Niedersachsen","robots":{"index":"index","follow":"follow","max-snippet":"max-snippet:-1","max-image-preview":"max-image-preview:large","max-video-preview":"max-video-preview:-1"},"canonical":"https:\/\/9staedte.de\/pl\/unterwegs-durch-die-9-staedte\/","og_locale":"pl_PL","og_type":"article","og_title":"Podr\u00f3\u017c przez 9 miast - 9 St\u00e4dte in Niedersachsen","og_description":"Od miasta do miasta na rowerze Niezale\u017cnie od tego, czy jest to du\u017ca wycieczka objazdowa, czy etapy regionalne &#8211; odkryj 9 miast i Autostadt we w\u0142asnym tempie i smaku! Czekaj\u0105 na Ciebie zabytki, urokliwe star\u00f3wki i kulinarne przysmaki. Gor\u0105co polecamy: wycieczk\u0119 do \u015bwiata mobilno\u015bci w Autostadt w Wolfsburgu. Kliknij tutaj, aby zobaczy\u0107 nasz\u0105 kolekcj\u0119 rower\u00f3w [&hellip;]","og_url":"https:\/\/9staedte.de\/pl\/unterwegs-durch-die-9-staedte\/","og_site_name":"9 St\u00e4dte in Niedersachsen","article_modified_time":"2025-04-10T07:40:27+00:00","og_image":[{"width":1200,"height":870,"url":"https:\/\/9staedte.de\/wp-content\/uploads\/2025\/03\/Radfahren-in-Hannover_Lars-Gerhardts-75-scaled.jpg","type":"image\/jpeg"}],"twitter_card":"summary_large_image","twitter_misc":{"Szacowany czas czytania":"1 minuta"},"schema":{"@context":"https:\/\/schema.org","@graph":[{"@type":"WebPage","@id":"https:\/\/9staedte.de\/pl\/unterwegs-durch-die-9-staedte\/","url":"https:\/\/9staedte.de\/pl\/unterwegs-durch-die-9-staedte\/","name":"Podr\u00f3\u017c przez 9 miast - 9 St\u00e4dte in Niedersachsen","isPartOf":{"@id":"https:\/\/9staedte.de\/pl\/#website"},"primaryImageOfPage":{"@id":"https:\/\/9staedte.de\/pl\/unterwegs-durch-die-9-staedte\/#primaryimage"},"image":{"@id":"https:\/\/9staedte.de\/pl\/unterwegs-durch-die-9-staedte\/#primaryimage"},"thumbnailUrl":"https:\/\/9staedte.de\/wp-content\/uploads\/2025\/03\/Radfahren-in-Hannover_Lars-Gerhardts-75-scaled.jpg","datePublished":"2025-04-10T06:59:35+00:00","dateModified":"2025-04-10T07:40:27+00:00","breadcrumb":{"@id":"https:\/\/9staedte.de\/pl\/unterwegs-durch-die-9-staedte\/#breadcrumb"},"inLanguage":"pl-PL","potentialAction":[{"@type":"ReadAction","target":["https:\/\/9staedte.de\/pl\/unterwegs-durch-die-9-staedte\/"]}]},{"@type":"ImageObject","inLanguage":"pl-PL","@id":"https:\/\/9staedte.de\/pl\/unterwegs-durch-die-9-staedte\/#primaryimage","url":"https:\/\/9staedte.de\/wp-content\/uploads\/2025\/03\/Radfahren-in-Hannover_Lars-Gerhardts-75-scaled.jpg","contentUrl":"https:\/\/9staedte.de\/wp-content\/uploads\/2025\/03\/Radfahren-in-Hannover_Lars-Gerhardts-75-scaled.jpg","width":1200,"height":870,"caption":"Radfahren in Hannover_Lars Gerhardts (75)"},{"@type":"BreadcrumbList","@id":"https:\/\/9staedte.de\/pl\/unterwegs-durch-die-9-staedte\/#breadcrumb","itemListElement":[{"@type":"ListItem","position":1,"name":"Startseite","item":"https:\/\/9staedte.de\/pl\/"},{"@type":"ListItem","position":2,"name":"Podr\u00f3\u017c przez 9 miast"}]},{"@type":"WebSite","@id":"https:\/\/9staedte.de\/pl\/#website","url":"https:\/\/9staedte.de\/pl\/","name":"9 St\u00e4dte in Niedersachsen","description":"","publisher":{"@id":"https:\/\/9staedte.de\/pl\/#organization"},"potentialAction":[{"@type":"SearchAction","target":{"@type":"EntryPoint","urlTemplate":"https:\/\/9staedte.de\/pl\/?s={search_term_string}"},"query-input":{"@type":"PropertyValueSpecification","valueRequired":true,"valueName":"search_term_string"}}],"inLanguage":"pl-PL"},{"@type":"Organization","@id":"https:\/\/9staedte.de\/pl\/#organization","name":"9 St\u00e4dte in Niedersachsen","url":"https:\/\/9staedte.de\/pl\/","logo":{"@type":"ImageObject","inLanguage":"pl-PL","@id":"https:\/\/9staedte.de\/pl\/#\/schema\/logo\/image\/","url":"https:\/\/9staedte.de\/wp-content\/uploads\/2025\/01\/9-neg-deutsch-2-1.png","contentUrl":"https:\/\/9staedte.de\/wp-content\/uploads\/2025\/01\/9-neg-deutsch-2-1.png","width":190,"height":114,"caption":"9 St\u00e4dte in Niedersachsen"},"image":{"@id":"https:\/\/9staedte.de\/pl\/#\/schema\/logo\/image\/"}}]}},"_links":{"self":[{"href":"https:\/\/9staedte.de\/pl\/wp-json\/wp\/v2\/pages\/25217","targetHints":{"allow":["GET"]}}],"collection":[{"href":"https:\/\/9staedte.de\/pl\/wp-json\/wp\/v2\/pages"}],"about":[{"href":"https:\/\/9staedte.de\/pl\/wp-json\/wp\/v2\/types\/page"}],"author":[{"embeddable":true,"href":"https:\/\/9staedte.de\/pl\/wp-json\/wp\/v2\/users\/10"}],"replies":[{"embeddable":true,"href":"https:\/\/9staedte.de\/pl\/wp-json\/wp\/v2\/comments?post=25217"}],"version-history":[{"count":2,"href":"https:\/\/9staedte.de\/pl\/wp-json\/wp\/v2\/pages\/25217\/revisions"}],"predecessor-version":[{"id":25229,"href":"https:\/\/9staedte.de\/pl\/wp-json\/wp\/v2\/pages\/25217\/revisions\/25229"}],"wp:featuredmedia":[{"embeddable":true,"href":"https:\/\/9staedte.de\/pl\/wp-json\/wp\/v2\/media\/24967"}],"wp:attachment":[{"href":"https:\/\/9staedte.de\/pl\/wp-json\/wp\/v2\/media?parent=25217"}],"wp:term":[{"taxonomy":"category","embeddable":true,"href":"https:\/\/9staedte.de\/pl\/wp-json\/wp\/v2\/categories?post=25217"},{"taxonomy":"post_tag","embeddable":true,"href":"https:\/\/9staedte.de\/pl\/wp-json\/wp\/v2\/tags?post=25217"},{"taxonomy":"ncap_cities_tax","embeddable":true,"href":"https:\/\/9staedte.de\/pl\/wp-json\/wp\/v2\/ncap_cities_tax?post=25217"}],"curies":[{"name":"wp","href":"https:\/\/api.w.org\/{rel}","templated":true}]}}