{"id":23045,"date":"2024-07-08T13:13:57","date_gmt":"2024-07-08T11:13:57","guid":{"rendered":"https:\/\/9staedte.de\/wohnmobilstellplatz-celle\/"},"modified":"2025-05-08T15:14:01","modified_gmt":"2025-05-08T13:14:01","slug":"wohnmobilstellplatz-celle","status":"publish","type":"page","link":"https:\/\/9staedte.de\/pl\/celle-urocze-miasteczko-mieszkalne\/wohnmobilstellplatz-celle\/","title":{"rendered":"Kemping Celle"},"content":{"rendered":"\n<h2 class=\"wp-block-heading\">Z kamperem do Celle<\/h2>\n\n<p>Malownicze stare miasto i zach\u0119caj\u0105cy Badeland nie mog\u0105 by\u0107 bli\u017cej: Miasto Celle trafi\u0142o w dziesi\u0105tk\u0119 z lokalizacj\u0105 parkingu. Atrakcyjny wygl\u0105d i komfortowe wyposa\u017cenie sprawiaj\u0105, \u017ce serca kempingowicz\u00f3w bij\u0105 szybciej.<\/p>\n\n<p><strong>BOISKO I OTOCZENIE<\/strong><\/p>\n\n<p>Nowoczesna przysta\u0144 dla 45 kamper\u00f3w tu\u017c obok Celle Badeland, zaledwie 5-10 minut spacerem od starego miasta z ponad 500 domami z muru pruskiego, zamkiem i deptakiem. Spokojna lokalizacja z dala od g\u0142\u00f3wnych dr\u00f3g. Odgrodzony od ha\u0142asu ulicy przez pole do minigolfa z przodu, granicz\u0105cy z boiskiem sportowym, otwartymi \u0142\u0105kami i ma\u0142\u0105 rzek\u0105 Fuhse z boku i z ty\u0142u. Szerokie, dobrze utwardzone podjazdy, prawie r\u00f3wne dzia\u0142ki wy\u0142o\u017cone kostk\u0105 brukow\u0105, w wi\u0119kszo\u015bci o wymiarach 5 x 10 metr\u00f3w z pasem zieleni z przodu. 8 wi\u0119kszych dzia\u0142ek nadaje si\u0119 r\u00f3wnie\u017c pod linery.<\/p>\n\n<p>Psy: mile widziane, ale nale\u017cy trzyma\u0107 je na smyczy. Sezon: Otwarte przez ca\u0142y rok.<\/p>\n\n<p><strong>SPRZ\u0118T I SERWIS<\/strong><\/p>\n\n<p>Odprawa w wieloj\u0119zycznym terminalu. Informacja turystyczna i serwis bu\u0142ek w nowym biurze boiska w bocznym skrzydle bloku sanitarnego (czynne w godz. 8-13 i 15-18). Budynek us\u0142ugowy przystosowany dla os\u00f3b niepe\u0142nosprawnych z toaletami, prysznicami, pralk\u0105, suszark\u0105 b\u0119bnow\u0105 i zmywalni\u0105 naczy\u0144. Przy\u0142\u0105cza elektryczne dost\u0119pne na wszystkich 45 stanowiskach, a tak\u017ce oddzielny obszar serwisowy z kolumn\u0105 \u015bwie\u017cej wody, opr\u00f3\u017cnianiem kaset i pod\u0142ogowym wlotem szarej wody. Miejsce do grillowania, wyw\u00f3z \u015bmieci, bezp\u0142atny bezprzewodowy dost\u0119p do Internetu. Wymiana butli gazowych, kamera internetowa i biuletyn za po\u015brednictwem strony g\u0142\u00f3wnej boiska, mo\u017cliwe rezerwacje.<\/p>\n\n<div class=\"wp-block-media-text is-stacked-on-mobile\"><figure class=\"wp-block-media-text__media\"><img loading=\"lazy\" decoding=\"async\" width=\"1020\" height=\"560\" src=\"https:\/\/9staedte.de\/wp-content\/smush-webp\/2023\/02\/Celle-Huths-kaffee-c-Celle-Tourismus-und-Marketing-GmbH.jpg.webp\" alt=\"Celle-Huths-kaffee c) Celle Tourismus und Marketing GmbH\" class=\"wp-image-3584 size-full\" srcset=\"https:\/\/9staedte.de\/wp-content\/smush-webp\/2023\/02\/Celle-Huths-kaffee-c-Celle-Tourismus-und-Marketing-GmbH.jpg.webp 1020w, https:\/\/9staedte.de\/wp-content\/smush-webp\/2023\/02\/Celle-Huths-kaffee-c-Celle-Tourismus-und-Marketing-GmbH-300x165.jpg.webp 300w, https:\/\/9staedte.de\/wp-content\/smush-webp\/2023\/02\/Celle-Huths-kaffee-c-Celle-Tourismus-und-Marketing-GmbH-768x422.jpg.webp 768w\" sizes=\"auto, (max-width: 1020px) 100vw, 1020px\" \/><\/figure><div class=\"wp-block-media-text__content\">\n<p><strong>9 wskaz\u00f3wek dla podr\u00f3\u017cuj\u0105cych kamperem w Celle<\/strong><\/p>\n\n\n\n<ul class=\"wp-block-list\">\n<li>Publiczna wycieczka po mie\u015bcie<\/li>\n\n\n\n<li>Pa\u0142ac Rezydencji Celle \/ Muzeum Rezydencji<\/li>\n\n\n\n<li>Przewodnik TimeRide<\/li>\n\n\n\n<li>Muzeum Bomann\/Muzeum Sztuki<\/li>\n\n\n\n<li>Dom Hoppener \/ Dom Stechinelli \/ Am Heiligen Kreuz<\/li>\n\n\n\n<li>Stechbahn i Kalandgasse<\/li>\n\n\n\n<li>Ko\u015bci\u00f3\u0142 Mariacki \/ Wej\u015bcie na wie\u017c\u0119<\/li>\n\n\n\n<li>Barokowy teatr pa\u0142acowy w Celle<\/li>\n\n\n\n<li>Muzeum Haeslera<\/li>\n<\/ul>\n<\/div><\/div>\n\n<p><strong>OP\u0141ATY I KOSZTY DODATKOWE<\/strong><\/p>\n\n<p>15 euro za telefon kom\u00f3rkowy i 24 godziny wliczone w cen\u0119. wszystkich os\u00f3b i W-Lan. Energia elektryczna: 0,70 euro za kWh, s\u0142odka woda: 1 euro\/80 litr\u00f3w.<\/p>\n\n<p>P\u0142atno\u015b\u0107 bezgot\u00f3wkowa w terminalu odprawy kart\u0105 EC lub kredytow\u0105. Bu\u0142ki w got\u00f3wce od zespo\u0142u boiska.<\/p>\n\n<p>INFORMACJE I INTERNET<\/p>\n\n<p>Kemping Am Badeland<br\/>77er Street 36<br\/>29221 Celle<br\/>T: 0 51 41\/ 9 51 93 88<br\/>E: <a href=\"mailto:info@womo-celle.de\">info@womo-celle.de<\/a><br\/><a href=\"http:\/\/www.momo-celle.de\">www.womo-celle.de<\/a><\/p>\n\n <div class=\"brlbs-cmpnt-container brlbs-cmpnt-content-blocker brlbs-cmpnt-with-individual-styles\" data-borlabs-cookie-content-blocker-id=\"google-maps\" data-borlabs-cookie-content=\"PGlmcmFtZSBzcmM9Imh0dHBzOi8vd3d3Lmdvb2dsZS5jb20vbWFwcy9kL2VtYmVkP21pZD0xYXpwWWxZQWxINVNTVHlGXy14UDdTZFpNb1pPdWpWayZlaGJjPTJFMzEyRiIgd2lkdGg9IjY0MCIgaGVpZ2h0PSI0ODAiPjwvaWZyYW1lPg==\"><div class=\"brlbs-cmpnt-cb-preset-b brlbs-cmpnt-cb-google-maps\"> <div class=\"brlbs-cmpnt-cb-thumbnail\" style=\"background-image: url('https:\/\/9staedte.de\/wp-content\/uploads\/borlabs-cookie\/1\/brlbs-cb-google-maps-main.png')\"><\/div> <div class=\"brlbs-cmpnt-cb-main\"> <div class=\"brlbs-cmpnt-cb-content\"> <p class=\"brlbs-cmpnt-cb-description\">Aktualnie wy\u015bwietlana jest tre\u015b\u0107 zast\u0119pcza z <strong>Google Maps<\/strong>. Aby uzyska\u0107 dost\u0119p do rzeczywistej tre\u015bci, kliknij poni\u017cszy przycisk. Pami\u0119taj, \u017ce spowoduje to udost\u0119pnienie danych zewn\u0119trznym operatorom.<\/p> <a class=\"brlbs-cmpnt-cb-provider-toggle\" href=\"#\" data-borlabs-cookie-show-provider-information role=\"button\">Wi\u0119cej informacji<\/a> <\/div> <div class=\"brlbs-cmpnt-cb-buttons\"> <a class=\"brlbs-cmpnt-cb-btn\" href=\"#\" data-borlabs-cookie-unblock role=\"button\">Odblokuj tre\u015b\u0107<\/a> <a class=\"brlbs-cmpnt-cb-btn\" href=\"#\" data-borlabs-cookie-accept-service role=\"button\" style=\"display: inherit\">Zaakceptuj wymagan\u0105 us\u0142ug\u0119 i odblokuj tre\u015b\u0107<\/a> <\/div> <\/div> <\/div><\/div>\n","protected":false},"excerpt":{"rendered":"<p>Z kamperem do Celle Malownicze stare miasto i zach\u0119caj\u0105cy Badeland nie mog\u0105 by\u0107 bli\u017cej: Miasto Celle trafi\u0142o w dziesi\u0105tk\u0119 z lokalizacj\u0105 parkingu. Atrakcyjny wygl\u0105d i komfortowe wyposa\u017cenie sprawiaj\u0105, \u017ce serca kempingowicz\u00f3w bij\u0105 szybciej. BOISKO I OTOCZENIE Nowoczesna przysta\u0144 dla 45 kamper\u00f3w tu\u017c obok Celle Badeland, zaledwie 5-10 minut spacerem od starego miasta z ponad 500 [&hellip;]<\/p>\n","protected":false},"author":6,"featured_media":23031,"parent":18081,"menu_order":0,"comment_status":"closed","ping_status":"closed","template":"pagetemplates\/template-stadtthema.php","meta":{"_acf_changed":false,"footnotes":""},"categories":[],"tags":[],"ncap_cities_tax":[430,1402],"class_list":["post-23045","page","type-page","status-publish","has-post-thumbnail","hentry","ncap_cities_tax-celle-pl","ncap_cities_tax-reisemobilstellplatze-celle-pl"],"acf":[],"yoast_head":"<!-- This site is optimized with the Yoast SEO plugin v26.8 - https:\/\/yoast.com\/product\/yoast-seo-wordpress\/ -->\n<title>Kemping Celle - 9 St\u00e4dte in Niedersachsen<\/title>\n<meta name=\"description\" content=\"Pole kempingowe Celle. Informacje na temat podr\u00f3\u017cy kamperem do urokliwej rezydencji i miasta z muru pruskiego Celle.\" \/>\n<meta name=\"robots\" content=\"index, follow, max-snippet:-1, max-image-preview:large, max-video-preview:-1\" \/>\n<link rel=\"canonical\" href=\"https:\/\/9staedte.de\/pl\/celle-urocze-miasteczko-mieszkalne\/wohnmobilstellplatz-celle\/\" \/>\n<meta property=\"og:locale\" content=\"pl_PL\" \/>\n<meta property=\"og:type\" content=\"article\" \/>\n<meta property=\"og:title\" content=\"Kemping Celle - 9 St\u00e4dte in Niedersachsen\" \/>\n<meta property=\"og:description\" content=\"Pole kempingowe Celle. Informacje na temat podr\u00f3\u017cy kamperem do urokliwej rezydencji i miasta z muru pruskiego Celle.\" \/>\n<meta property=\"og:url\" content=\"https:\/\/9staedte.de\/pl\/celle-urocze-miasteczko-mieszkalne\/wohnmobilstellplatz-celle\/\" \/>\n<meta property=\"og:site_name\" content=\"9 St\u00e4dte in Niedersachsen\" \/>\n<meta property=\"article:modified_time\" content=\"2025-05-08T13:14:01+00:00\" \/>\n<meta property=\"og:image\" content=\"https:\/\/9staedte.de\/wp-content\/uploads\/2024\/07\/Wohnmobilstellplatz-Celle-Luftbild-c-Celle-Tourismus.jpg\" \/>\n\t<meta property=\"og:image:width\" content=\"1020\" \/>\n\t<meta property=\"og:image:height\" content=\"560\" \/>\n\t<meta property=\"og:image:type\" content=\"image\/jpeg\" \/>\n<meta name=\"twitter:card\" content=\"summary_large_image\" \/>\n<meta name=\"twitter:label1\" content=\"Szacowany czas czytania\" \/>\n\t<meta name=\"twitter:data1\" content=\"3 minuty\" \/>\n<script type=\"application\/ld+json\" class=\"yoast-schema-graph\">{\"@context\":\"https:\/\/schema.org\",\"@graph\":[{\"@type\":\"WebPage\",\"@id\":\"https:\/\/9staedte.de\/pl\/celle-urocze-miasteczko-mieszkalne\/wohnmobilstellplatz-celle\/\",\"url\":\"https:\/\/9staedte.de\/pl\/celle-urocze-miasteczko-mieszkalne\/wohnmobilstellplatz-celle\/\",\"name\":\"Kemping Celle - 9 St\u00e4dte in Niedersachsen\",\"isPartOf\":{\"@id\":\"https:\/\/9staedte.de\/pl\/#website\"},\"primaryImageOfPage\":{\"@id\":\"https:\/\/9staedte.de\/pl\/celle-urocze-miasteczko-mieszkalne\/wohnmobilstellplatz-celle\/#primaryimage\"},\"image\":{\"@id\":\"https:\/\/9staedte.de\/pl\/celle-urocze-miasteczko-mieszkalne\/wohnmobilstellplatz-celle\/#primaryimage\"},\"thumbnailUrl\":\"https:\/\/9staedte.de\/wp-content\/uploads\/2024\/07\/Wohnmobilstellplatz-Celle-Luftbild-c-Celle-Tourismus.jpg\",\"datePublished\":\"2024-07-08T11:13:57+00:00\",\"dateModified\":\"2025-05-08T13:14:01+00:00\",\"description\":\"Pole kempingowe Celle. Informacje na temat podr\u00f3\u017cy kamperem do urokliwej rezydencji i miasta z muru pruskiego Celle.\",\"breadcrumb\":{\"@id\":\"https:\/\/9staedte.de\/pl\/celle-urocze-miasteczko-mieszkalne\/wohnmobilstellplatz-celle\/#breadcrumb\"},\"inLanguage\":\"pl-PL\",\"potentialAction\":[{\"@type\":\"ReadAction\",\"target\":[\"https:\/\/9staedte.de\/pl\/celle-urocze-miasteczko-mieszkalne\/wohnmobilstellplatz-celle\/\"]}]},{\"@type\":\"ImageObject\",\"inLanguage\":\"pl-PL\",\"@id\":\"https:\/\/9staedte.de\/pl\/celle-urocze-miasteczko-mieszkalne\/wohnmobilstellplatz-celle\/#primaryimage\",\"url\":\"https:\/\/9staedte.de\/wp-content\/uploads\/2024\/07\/Wohnmobilstellplatz-Celle-Luftbild-c-Celle-Tourismus.jpg\",\"contentUrl\":\"https:\/\/9staedte.de\/wp-content\/uploads\/2024\/07\/Wohnmobilstellplatz-Celle-Luftbild-c-Celle-Tourismus.jpg\",\"width\":1020,\"height\":560,\"caption\":\"Wohnmobilstellplatz Celle Luftbild c) Celle Tourismus\"},{\"@type\":\"BreadcrumbList\",\"@id\":\"https:\/\/9staedte.de\/pl\/celle-urocze-miasteczko-mieszkalne\/wohnmobilstellplatz-celle\/#breadcrumb\",\"itemListElement\":[{\"@type\":\"ListItem\",\"position\":1,\"name\":\"Startseite\",\"item\":\"https:\/\/9staedte.de\/pl\/\"},{\"@type\":\"ListItem\",\"position\":2,\"name\":\"Celle &#8211; Urocze miasteczko mieszkalne\",\"item\":\"https:\/\/9staedte.de\/pl\/celle-urocze-miasteczko-mieszkalne\/\"},{\"@type\":\"ListItem\",\"position\":3,\"name\":\"Kemping Celle\"}]},{\"@type\":\"WebSite\",\"@id\":\"https:\/\/9staedte.de\/pl\/#website\",\"url\":\"https:\/\/9staedte.de\/pl\/\",\"name\":\"9 St\u00e4dte in Niedersachsen\",\"description\":\"\",\"publisher\":{\"@id\":\"https:\/\/9staedte.de\/pl\/#organization\"},\"potentialAction\":[{\"@type\":\"SearchAction\",\"target\":{\"@type\":\"EntryPoint\",\"urlTemplate\":\"https:\/\/9staedte.de\/pl\/?s={search_term_string}\"},\"query-input\":{\"@type\":\"PropertyValueSpecification\",\"valueRequired\":true,\"valueName\":\"search_term_string\"}}],\"inLanguage\":\"pl-PL\"},{\"@type\":\"Organization\",\"@id\":\"https:\/\/9staedte.de\/pl\/#organization\",\"name\":\"9 St\u00e4dte in Niedersachsen\",\"url\":\"https:\/\/9staedte.de\/pl\/\",\"logo\":{\"@type\":\"ImageObject\",\"inLanguage\":\"pl-PL\",\"@id\":\"https:\/\/9staedte.de\/pl\/#\/schema\/logo\/image\/\",\"url\":\"https:\/\/9staedte.de\/wp-content\/uploads\/2025\/01\/9-neg-deutsch-2-1.png\",\"contentUrl\":\"https:\/\/9staedte.de\/wp-content\/uploads\/2025\/01\/9-neg-deutsch-2-1.png\",\"width\":190,\"height\":114,\"caption\":\"9 St\u00e4dte in Niedersachsen\"},\"image\":{\"@id\":\"https:\/\/9staedte.de\/pl\/#\/schema\/logo\/image\/\"}}]}<\/script>\n<!-- \/ Yoast SEO plugin. -->","yoast_head_json":{"title":"Kemping Celle - 9 St\u00e4dte in Niedersachsen","description":"Pole kempingowe Celle. Informacje na temat podr\u00f3\u017cy kamperem do urokliwej rezydencji i miasta z muru pruskiego Celle.","robots":{"index":"index","follow":"follow","max-snippet":"max-snippet:-1","max-image-preview":"max-image-preview:large","max-video-preview":"max-video-preview:-1"},"canonical":"https:\/\/9staedte.de\/pl\/celle-urocze-miasteczko-mieszkalne\/wohnmobilstellplatz-celle\/","og_locale":"pl_PL","og_type":"article","og_title":"Kemping Celle - 9 St\u00e4dte in Niedersachsen","og_description":"Pole kempingowe Celle. Informacje na temat podr\u00f3\u017cy kamperem do urokliwej rezydencji i miasta z muru pruskiego Celle.","og_url":"https:\/\/9staedte.de\/pl\/celle-urocze-miasteczko-mieszkalne\/wohnmobilstellplatz-celle\/","og_site_name":"9 St\u00e4dte in Niedersachsen","article_modified_time":"2025-05-08T13:14:01+00:00","og_image":[{"width":1020,"height":560,"url":"https:\/\/9staedte.de\/wp-content\/uploads\/2024\/07\/Wohnmobilstellplatz-Celle-Luftbild-c-Celle-Tourismus.jpg","type":"image\/jpeg"}],"twitter_card":"summary_large_image","twitter_misc":{"Szacowany czas czytania":"3 minuty"},"schema":{"@context":"https:\/\/schema.org","@graph":[{"@type":"WebPage","@id":"https:\/\/9staedte.de\/pl\/celle-urocze-miasteczko-mieszkalne\/wohnmobilstellplatz-celle\/","url":"https:\/\/9staedte.de\/pl\/celle-urocze-miasteczko-mieszkalne\/wohnmobilstellplatz-celle\/","name":"Kemping Celle - 9 St\u00e4dte in Niedersachsen","isPartOf":{"@id":"https:\/\/9staedte.de\/pl\/#website"},"primaryImageOfPage":{"@id":"https:\/\/9staedte.de\/pl\/celle-urocze-miasteczko-mieszkalne\/wohnmobilstellplatz-celle\/#primaryimage"},"image":{"@id":"https:\/\/9staedte.de\/pl\/celle-urocze-miasteczko-mieszkalne\/wohnmobilstellplatz-celle\/#primaryimage"},"thumbnailUrl":"https:\/\/9staedte.de\/wp-content\/uploads\/2024\/07\/Wohnmobilstellplatz-Celle-Luftbild-c-Celle-Tourismus.jpg","datePublished":"2024-07-08T11:13:57+00:00","dateModified":"2025-05-08T13:14:01+00:00","description":"Pole kempingowe Celle. Informacje na temat podr\u00f3\u017cy kamperem do urokliwej rezydencji i miasta z muru pruskiego Celle.","breadcrumb":{"@id":"https:\/\/9staedte.de\/pl\/celle-urocze-miasteczko-mieszkalne\/wohnmobilstellplatz-celle\/#breadcrumb"},"inLanguage":"pl-PL","potentialAction":[{"@type":"ReadAction","target":["https:\/\/9staedte.de\/pl\/celle-urocze-miasteczko-mieszkalne\/wohnmobilstellplatz-celle\/"]}]},{"@type":"ImageObject","inLanguage":"pl-PL","@id":"https:\/\/9staedte.de\/pl\/celle-urocze-miasteczko-mieszkalne\/wohnmobilstellplatz-celle\/#primaryimage","url":"https:\/\/9staedte.de\/wp-content\/uploads\/2024\/07\/Wohnmobilstellplatz-Celle-Luftbild-c-Celle-Tourismus.jpg","contentUrl":"https:\/\/9staedte.de\/wp-content\/uploads\/2024\/07\/Wohnmobilstellplatz-Celle-Luftbild-c-Celle-Tourismus.jpg","width":1020,"height":560,"caption":"Wohnmobilstellplatz Celle Luftbild c) Celle Tourismus"},{"@type":"BreadcrumbList","@id":"https:\/\/9staedte.de\/pl\/celle-urocze-miasteczko-mieszkalne\/wohnmobilstellplatz-celle\/#breadcrumb","itemListElement":[{"@type":"ListItem","position":1,"name":"Startseite","item":"https:\/\/9staedte.de\/pl\/"},{"@type":"ListItem","position":2,"name":"Celle &#8211; Urocze miasteczko mieszkalne","item":"https:\/\/9staedte.de\/pl\/celle-urocze-miasteczko-mieszkalne\/"},{"@type":"ListItem","position":3,"name":"Kemping Celle"}]},{"@type":"WebSite","@id":"https:\/\/9staedte.de\/pl\/#website","url":"https:\/\/9staedte.de\/pl\/","name":"9 St\u00e4dte in Niedersachsen","description":"","publisher":{"@id":"https:\/\/9staedte.de\/pl\/#organization"},"potentialAction":[{"@type":"SearchAction","target":{"@type":"EntryPoint","urlTemplate":"https:\/\/9staedte.de\/pl\/?s={search_term_string}"},"query-input":{"@type":"PropertyValueSpecification","valueRequired":true,"valueName":"search_term_string"}}],"inLanguage":"pl-PL"},{"@type":"Organization","@id":"https:\/\/9staedte.de\/pl\/#organization","name":"9 St\u00e4dte in Niedersachsen","url":"https:\/\/9staedte.de\/pl\/","logo":{"@type":"ImageObject","inLanguage":"pl-PL","@id":"https:\/\/9staedte.de\/pl\/#\/schema\/logo\/image\/","url":"https:\/\/9staedte.de\/wp-content\/uploads\/2025\/01\/9-neg-deutsch-2-1.png","contentUrl":"https:\/\/9staedte.de\/wp-content\/uploads\/2025\/01\/9-neg-deutsch-2-1.png","width":190,"height":114,"caption":"9 St\u00e4dte in Niedersachsen"},"image":{"@id":"https:\/\/9staedte.de\/pl\/#\/schema\/logo\/image\/"}}]}},"_links":{"self":[{"href":"https:\/\/9staedte.de\/pl\/wp-json\/wp\/v2\/pages\/23045","targetHints":{"allow":["GET"]}}],"collection":[{"href":"https:\/\/9staedte.de\/pl\/wp-json\/wp\/v2\/pages"}],"about":[{"href":"https:\/\/9staedte.de\/pl\/wp-json\/wp\/v2\/types\/page"}],"author":[{"embeddable":true,"href":"https:\/\/9staedte.de\/pl\/wp-json\/wp\/v2\/users\/6"}],"replies":[{"embeddable":true,"href":"https:\/\/9staedte.de\/pl\/wp-json\/wp\/v2\/comments?post=23045"}],"version-history":[{"count":3,"href":"https:\/\/9staedte.de\/pl\/wp-json\/wp\/v2\/pages\/23045\/revisions"}],"predecessor-version":[{"id":25423,"href":"https:\/\/9staedte.de\/pl\/wp-json\/wp\/v2\/pages\/23045\/revisions\/25423"}],"up":[{"embeddable":true,"href":"https:\/\/9staedte.de\/pl\/wp-json\/wp\/v2\/pages\/18081"}],"wp:featuredmedia":[{"embeddable":true,"href":"https:\/\/9staedte.de\/pl\/wp-json\/wp\/v2\/media\/23031"}],"wp:attachment":[{"href":"https:\/\/9staedte.de\/pl\/wp-json\/wp\/v2\/media?parent=23045"}],"wp:term":[{"taxonomy":"category","embeddable":true,"href":"https:\/\/9staedte.de\/pl\/wp-json\/wp\/v2\/categories?post=23045"},{"taxonomy":"post_tag","embeddable":true,"href":"https:\/\/9staedte.de\/pl\/wp-json\/wp\/v2\/tags?post=23045"},{"taxonomy":"ncap_cities_tax","embeddable":true,"href":"https:\/\/9staedte.de\/pl\/wp-json\/wp\/v2\/ncap_cities_tax?post=23045"}],"curies":[{"name":"wp","href":"https:\/\/api.w.org\/{rel}","templated":true}]}}