{"id":22981,"date":"2024-07-04T11:03:50","date_gmt":"2024-07-04T09:03:50","guid":{"rendered":"https:\/\/9staedte.de\/wohnmobilstellplaetze-in-braunschweig-2\/"},"modified":"2024-07-04T11:27:38","modified_gmt":"2024-07-04T09:27:38","slug":"wohnmobilstellplaetze-in-braunschweig-2","status":"publish","type":"page","link":"https:\/\/9staedte.de\/pl\/brunszwik-miasto-lwa\/wohnmobilstellplaetze-in-braunschweig-2\/","title":{"rendered":"Stanowiska dla kamper\u00f3w w Braunschweig"},"content":{"rendered":"\n<h2 class=\"wp-block-heading\">Z kamperem do Brunszwiku<\/h2>\n\n<p>Odkryj Miasto Lwa spontanicznie, blisko natury i mobilnie: Miejsca parkingowe dla kamper\u00f3w w pobli\u017cu centrum miasta zapraszaj\u0105 do urozmaiconego pobytu w Brunszwiku. Dzi\u0119ki niewielkim odleg\u0142o\u015bciom do zabytk\u00f3w, instytucjom kulturalnym, takim jak Muzeum Herzoga Antona Ulricha, szerokiej gamie wydarze\u0144, rekreacji w pobli\u017cu centrum miasta na wsi i prawie 1000-letniej historii, Miasto Lwa jest idealnym miejscem na wycieczk\u0119 kamperem. Braunschweig Stadtmarketing GmbH ch\u0119tnie pomo\u017ce w zaplanowaniu wizyty. Wi\u0119cej informacji na temat Braunschweig jako miejsca turystycznego mo\u017cna uzyska\u0107 <a href=\"http:\/\/www.braunschweig.de\/tourismus\">online<\/a> lub w Centrum Informacji Turystycznej, Kleine Burg 14.<\/p>\n\n<figure class=\"wp-block-image size-full is-resized\"><img loading=\"lazy\" decoding=\"async\" width=\"1019\" height=\"561\" src=\"https:\/\/9staedte.de\/wp-content\/smush-webp\/2024\/07\/Braunschweig-Paddeln-auf-der-Oker-c-Braunschweig-Stadtmarketing-Daniel-Moeller.jpg.webp\" alt=\"\" class=\"wp-image-22966\" style=\"width:314px;height:auto\" srcset=\"https:\/\/9staedte.de\/wp-content\/smush-webp\/2024\/07\/Braunschweig-Paddeln-auf-der-Oker-c-Braunschweig-Stadtmarketing-Daniel-Moeller.jpg.webp 1019w, https:\/\/9staedte.de\/wp-content\/smush-webp\/2024\/07\/Braunschweig-Paddeln-auf-der-Oker-c-Braunschweig-Stadtmarketing-Daniel-Moeller-300x165.jpg.webp 300w, https:\/\/9staedte.de\/wp-content\/smush-webp\/2024\/07\/Braunschweig-Paddeln-auf-der-Oker-c-Braunschweig-Stadtmarketing-Daniel-Moeller-768x423.jpg.webp 768w\" sizes=\"auto, (max-width: 1019px) 100vw, 1019px\" \/><\/figure>\n\n<h3 class=\"wp-block-heading\"><strong>Wskaz\u00f3wki dla podr\u00f3\u017cuj\u0105cych kamperem w Brunszwiku<\/strong><\/h3>\n\n<ol class=\"wp-block-list\">\n<li>Od przedstawie\u0144 operowych tu\u017c obok Braunschweig Lion po koncerty na \u015bwie\u017cym powietrzu i najwa\u017cniejsze mi\u0119dzynarodowe wydarzenia sportowe &#8211; w Braunschweig zawsze co\u015b si\u0119 dzieje. Zaplanuj jedno z licznych wydarze\u0144 w ramach swoich wakacji. Przegl\u0105d i dalsze informacje mo\u017cna znale\u017a\u0107 w <a href=\"https:\/\/www.braunschweig.de\/kultur\/veranstaltungen\/index.php\">kalendarzu wydarze\u0144<\/a>.<\/li>\n\n\n\n<li>Do\u015bwiadcz kultury w Brunszwiku: odkryj najwy\u017cszej klasy wystawy i sztuk\u0119 wsp\u00f3\u0142czesn\u0105 w ponad dziesi\u0119ciu muzeach i licznych galeriach lub ciesz si\u0119 teatrem, oper\u0105 i operetk\u0105, ta\u0144cem lub koncertami symfonicznymi w Teatrze Pa\u0144stwowym lub na jednej z mniejszych scen.<\/li>\n\n\n\n<li>Podczas wycieczki z przewodnikiem po mie\u015bcie mo\u017cna uzyska\u0107 ciekawe informacje na temat Miasta Lwa i jego zr\u00f3\u017cnicowanej historii, od Guelph\u00f3w po Lig\u0119 Hanzeatyck\u0105 &#8211; w tradycyjny spos\u00f3b, na rowerze lub w towarzystwie nocnego str\u00f3\u017ca Braunschweigu.<\/li>\n\n\n\n<li>Zwiedzaj miasto na w\u0142asn\u0105 r\u0119k\u0119: r\u00f3\u017cne <a href=\"https:\/\/www.braunschweig.de\/tourismus\/rundgaenge\/index.php\">wycieczki<\/a> prowadz\u0105 przez parki Brunszwiku, wzd\u0142u\u017c historycznej obwodnicy lub przez centrum miasta. Aplikacja &#8222;Discover Braunschweig&#8221; dostarcza informacji o zabytkach, placach zabaw i lokalach gastronomicznych, gdy jeste\u015b poza miastem. Przy okazji: sztuk\u0119 w Brunszwiku mo\u017cna r\u00f3wnie\u017c odkrywa\u0107 na w\u0142asn\u0105 r\u0119k\u0119, bezp\u0142atnie i przez ca\u0142\u0105 dob\u0119 w przestrzeniach publicznych. Od 15 czerwca do 6 pa\u017adziernika Lichtparcours 2024 zaprasza na wieczorny spacer wzd\u0142u\u017c Okerumflut. W centrum miasta mo\u017cna znale\u017a\u0107 r\u00f3\u017cnorodne dzie\u0142a, od sztuki ulicznej po Happy Rizzi House z kolorow\u0105 fasad\u0105 w stylu pop-art.<\/li>\n\n\n\n<li>Spaceruj \u015bredniowiecznymi alejkami, przegl\u0105daj urocze butiki, sklepy prowadzone przez w\u0142a\u015bcicieli i mi\u0119dzynarodowe sieci handlowe, a nast\u0119pnie ciesz si\u0119 s\u0142o\u0144cem przy lodach lub kawie: Centrum Braunschweigu \u0142\u0105czy w sobie wielkomiejski styl z niewielkimi odleg\u0142o\u015bciami. Ponad 700 sklep\u00f3w z ponad 50 bran\u017c zach\u0119ca do spacer\u00f3w, a liczne kawiarnie, bary i restauracje s\u0105 idealnym miejscem na przyjemny wypoczynek o ka\u017cdej porze roku.<\/li>\n\n\n\n<li>Rzeka Oker otacza centrum Brunszwiku niczym pier\u015bcie\u0144. Ciesz si\u0119 widokiem imponuj\u0105cych willi i rozleg\u0142ych park\u00f3w z wody podczas sp\u0142ywu z przewodnikiem lub odkrywaj rzek\u0119 na w\u0142asn\u0105 r\u0119k\u0119 w kajaku, rowerze wodnym lub na desce wios\u0142owej. Odpowiedni sprz\u0119t mo\u017cna naby\u0107 w kilku wypo\u017cyczalniach.<\/li>\n\n\n\n<li>Widok na Braunschweig z lotu ptaka: z wie\u017cy ratuszowej, wie\u017cy ko\u015bcio\u0142a \u015bw. Andrzeja lub platformy widokowej Quadriga na zamku Braunschweig mo\u017cna podziwia\u0107 imponuj\u0105cy widok na dachy miasta.<\/li>\n\n\n\n<li>Wybierz si\u0119 na wycieczk\u0119 rowerow\u0105, na przyk\u0142ad po obwodnicy. Trasa okr\u0119\u017cna o d\u0142ugo\u015bci oko\u0142o 22,5 km prowadzi wzd\u0142u\u017c historycznych tor\u00f3w kolejowych i wzd\u0142u\u017c wci\u0105\u017c u\u017cywanego pier\u015bcienia tor\u00f3w wok\u00f3\u0142 miasta i sta\u0142a si\u0119 popularnym szlakiem rekreacyjnym. Po drodze czekaj\u0105 na Ciebie zabytki, szeroki wyb\u00f3r zaj\u0119\u0107 rekreacyjnych i zaplecze gastronomiczne. Stalowe kontenery rozmieszczone wzd\u0142u\u017c trasy dostarczaj\u0105 informacji na temat przemys\u0142owej historii Brunszwiku.<\/li>\n\n\n\n<li>Odkryj <a href=\"https:\/\/www.braunschweig.de\/tourismus\/ueber-braunschweig\/rausinsgruene.php\">zielon\u0105 stron\u0119 Brunszwiku<\/a>. Przestronne parki wok\u00f3\u0142 centrum miasta zapraszaj\u0105 na piknik, odpoczynek i gr\u0119 w disc golfa. Na d\u0142ugie spacery polecamy wizyt\u0119 w dzielnicy Riddagshausen z ko\u015bcio\u0142em klasztornym St. Mariae, malowniczymi domami z muru pruskiego i s\u0105siednim rezerwatem przyrody.<\/li>\n<\/ol>\n\n<p><strong>Stanowiska dla kamper\u00f3w<\/strong><\/p>\n\n<ul class=\"wp-block-list\">\n<li><a href=\"https:\/\/www.kennel-bad.de\/camping.html\"><\/a><a href=\"https:\/\/www.kennel-bad.de\/camping.html\">Stajnia Kennelbad<\/a><\/li>\n\n\n\n<li><a href=\"https:\/\/www.braunschweig.de\/vv\/produkte\/VII\/20\/20_2\/reisemobilstellplatz.php\"><\/a><a href=\"https:\/\/www.braunschweig.de\/vv\/produkte\/VII\/20\/20_2\/reisemobilstellplatz.php\">Parking przy ulicy Theodor-Heuss-Stra\u00dfe<\/a><\/li>\n\n\n\n<li><a href=\"https:\/\/www.stadtbad-bs.de\/baeder\/wasserwelt\/wasserwelt-reisemobilstellplatz\"><\/a><a href=\"https:\/\/www.stadtbad-bs.de\/baeder\/wasserwelt\/wasserwelt-reisemobilstellplatz\">Boisko w Wasserwelt<\/a><\/li>\n<\/ul>\n\n <div class=\"brlbs-cmpnt-container brlbs-cmpnt-content-blocker brlbs-cmpnt-with-individual-styles\" data-borlabs-cookie-content-blocker-id=\"google-maps\" data-borlabs-cookie-content=\"PGlmcmFtZSBzcmM9Imh0dHBzOi8vd3d3Lmdvb2dsZS5jb20vbWFwcy9kL2VtYmVkP21pZD0xSFpKSzJ2SHo2RnJjUzhIMGVmN3BQZ3hQaXkwb2VZNCZlaGJjPTJFMzEyRiIgd2lkdGg9IjY0MCIgaGVpZ2h0PSI0ODAiPjwvaWZyYW1lPg==\"><div class=\"brlbs-cmpnt-cb-preset-b brlbs-cmpnt-cb-google-maps\"> <div class=\"brlbs-cmpnt-cb-thumbnail\" style=\"background-image: url('https:\/\/9staedte.de\/wp-content\/uploads\/borlabs-cookie\/1\/brlbs-cb-google-maps-main.png')\"><\/div> <div class=\"brlbs-cmpnt-cb-main\"> <div class=\"brlbs-cmpnt-cb-content\"> <p class=\"brlbs-cmpnt-cb-description\">Aktualnie wy\u015bwietlana jest tre\u015b\u0107 zast\u0119pcza z <strong>Google Maps<\/strong>. Aby uzyska\u0107 dost\u0119p do rzeczywistej tre\u015bci, kliknij poni\u017cszy przycisk. Pami\u0119taj, \u017ce spowoduje to udost\u0119pnienie danych zewn\u0119trznym operatorom.<\/p> <a class=\"brlbs-cmpnt-cb-provider-toggle\" href=\"#\" data-borlabs-cookie-show-provider-information role=\"button\">Wi\u0119cej informacji<\/a> <\/div> <div class=\"brlbs-cmpnt-cb-buttons\"> <a class=\"brlbs-cmpnt-cb-btn\" href=\"#\" data-borlabs-cookie-unblock role=\"button\">Odblokuj tre\u015b\u0107<\/a> <a class=\"brlbs-cmpnt-cb-btn\" href=\"#\" data-borlabs-cookie-accept-service role=\"button\" style=\"display: inherit\">Zaakceptuj wymagan\u0105 us\u0142ug\u0119 i odblokuj tre\u015b\u0107<\/a> <\/div> <\/div> <\/div><\/div>\n","protected":false},"excerpt":{"rendered":"<p>Z kamperem do Brunszwiku Odkryj Miasto Lwa spontanicznie, blisko natury i mobilnie: Miejsca parkingowe dla kamper\u00f3w w pobli\u017cu centrum miasta zapraszaj\u0105 do urozmaiconego pobytu w Brunszwiku. Dzi\u0119ki niewielkim odleg\u0142o\u015bciom do zabytk\u00f3w, instytucjom kulturalnym, takim jak Muzeum Herzoga Antona Ulricha, szerokiej gamie wydarze\u0144, rekreacji w pobli\u017cu centrum miasta na wsi i prawie 1000-letniej historii, Miasto Lwa [&hellip;]<\/p>\n","protected":false},"author":6,"featured_media":22959,"parent":17616,"menu_order":0,"comment_status":"closed","ping_status":"closed","template":"pagetemplates\/template-stadtthema.php","meta":{"_acf_changed":false,"footnotes":""},"categories":[],"tags":[],"ncap_cities_tax":[424,1395],"class_list":["post-22981","page","type-page","status-publish","has-post-thumbnail","hentry","ncap_cities_tax-braunschweig-pl","ncap_cities_tax-reisemobilstellplatze-braunschweig-pl"],"acf":[],"yoast_head":"<!-- This site is optimized with the Yoast SEO plugin v26.8 - https:\/\/yoast.com\/product\/yoast-seo-wordpress\/ -->\n<title>Stanowiska dla kamper\u00f3w w Braunschweig - 9 St\u00e4dte in Niedersachsen<\/title>\n<meta name=\"robots\" content=\"index, follow, max-snippet:-1, max-image-preview:large, max-video-preview:-1\" \/>\n<link rel=\"canonical\" href=\"https:\/\/9staedte.de\/pl\/brunszwik-miasto-lwa\/wohnmobilstellplaetze-in-braunschweig-2\/\" \/>\n<meta property=\"og:locale\" content=\"pl_PL\" \/>\n<meta property=\"og:type\" content=\"article\" \/>\n<meta property=\"og:title\" content=\"Stanowiska dla kamper\u00f3w w Braunschweig - 9 St\u00e4dte in Niedersachsen\" \/>\n<meta property=\"og:description\" content=\"Z kamperem do Brunszwiku Odkryj Miasto Lwa spontanicznie, blisko natury i mobilnie: Miejsca parkingowe dla kamper\u00f3w w pobli\u017cu centrum miasta zapraszaj\u0105 do urozmaiconego pobytu w Brunszwiku. Dzi\u0119ki niewielkim odleg\u0142o\u015bciom do zabytk\u00f3w, instytucjom kulturalnym, takim jak Muzeum Herzoga Antona Ulricha, szerokiej gamie wydarze\u0144, rekreacji w pobli\u017cu centrum miasta na wsi i prawie 1000-letniej historii, Miasto Lwa [&hellip;]\" \/>\n<meta property=\"og:url\" content=\"https:\/\/9staedte.de\/pl\/brunszwik-miasto-lwa\/wohnmobilstellplaetze-in-braunschweig-2\/\" \/>\n<meta property=\"og:site_name\" content=\"9 St\u00e4dte in Niedersachsen\" \/>\n<meta property=\"article:modified_time\" content=\"2024-07-04T09:27:38+00:00\" \/>\n<meta property=\"og:image\" content=\"https:\/\/9staedte.de\/wp-content\/uploads\/2024\/07\/Braunschweig-Magniviertel-c-Braunschweig-Stadtmarketing-Christian-Bierwagen.jpg\" \/>\n\t<meta property=\"og:image:width\" content=\"1018\" \/>\n\t<meta property=\"og:image:height\" content=\"560\" \/>\n\t<meta property=\"og:image:type\" content=\"image\/jpeg\" \/>\n<meta name=\"twitter:card\" content=\"summary_large_image\" \/>\n<meta name=\"twitter:label1\" content=\"Szacowany czas czytania\" \/>\n\t<meta name=\"twitter:data1\" content=\"4 minuty\" \/>\n<script type=\"application\/ld+json\" class=\"yoast-schema-graph\">{\"@context\":\"https:\/\/schema.org\",\"@graph\":[{\"@type\":\"WebPage\",\"@id\":\"https:\/\/9staedte.de\/pl\/brunszwik-miasto-lwa\/wohnmobilstellplaetze-in-braunschweig-2\/\",\"url\":\"https:\/\/9staedte.de\/pl\/brunszwik-miasto-lwa\/wohnmobilstellplaetze-in-braunschweig-2\/\",\"name\":\"Stanowiska dla kamper\u00f3w w Braunschweig - 9 St\u00e4dte in Niedersachsen\",\"isPartOf\":{\"@id\":\"https:\/\/9staedte.de\/pl\/#website\"},\"primaryImageOfPage\":{\"@id\":\"https:\/\/9staedte.de\/pl\/brunszwik-miasto-lwa\/wohnmobilstellplaetze-in-braunschweig-2\/#primaryimage\"},\"image\":{\"@id\":\"https:\/\/9staedte.de\/pl\/brunszwik-miasto-lwa\/wohnmobilstellplaetze-in-braunschweig-2\/#primaryimage\"},\"thumbnailUrl\":\"https:\/\/9staedte.de\/wp-content\/uploads\/2024\/07\/Braunschweig-Magniviertel-c-Braunschweig-Stadtmarketing-Christian-Bierwagen.jpg\",\"datePublished\":\"2024-07-04T09:03:50+00:00\",\"dateModified\":\"2024-07-04T09:27:38+00:00\",\"breadcrumb\":{\"@id\":\"https:\/\/9staedte.de\/pl\/brunszwik-miasto-lwa\/wohnmobilstellplaetze-in-braunschweig-2\/#breadcrumb\"},\"inLanguage\":\"pl-PL\",\"potentialAction\":[{\"@type\":\"ReadAction\",\"target\":[\"https:\/\/9staedte.de\/pl\/brunszwik-miasto-lwa\/wohnmobilstellplaetze-in-braunschweig-2\/\"]}]},{\"@type\":\"ImageObject\",\"inLanguage\":\"pl-PL\",\"@id\":\"https:\/\/9staedte.de\/pl\/brunszwik-miasto-lwa\/wohnmobilstellplaetze-in-braunschweig-2\/#primaryimage\",\"url\":\"https:\/\/9staedte.de\/wp-content\/uploads\/2024\/07\/Braunschweig-Magniviertel-c-Braunschweig-Stadtmarketing-Christian-Bierwagen.jpg\",\"contentUrl\":\"https:\/\/9staedte.de\/wp-content\/uploads\/2024\/07\/Braunschweig-Magniviertel-c-Braunschweig-Stadtmarketing-Christian-Bierwagen.jpg\",\"width\":1018,\"height\":560,\"caption\":\"Braunschweig Magniviertel c) Braunschweig Stadtmarketing Christian Bierwagen\"},{\"@type\":\"BreadcrumbList\",\"@id\":\"https:\/\/9staedte.de\/pl\/brunszwik-miasto-lwa\/wohnmobilstellplaetze-in-braunschweig-2\/#breadcrumb\",\"itemListElement\":[{\"@type\":\"ListItem\",\"position\":1,\"name\":\"Startseite\",\"item\":\"https:\/\/9staedte.de\/pl\/\"},{\"@type\":\"ListItem\",\"position\":2,\"name\":\"Stanowiska dla kamper\u00f3w w Braunschweig\"}]},{\"@type\":\"WebSite\",\"@id\":\"https:\/\/9staedte.de\/pl\/#website\",\"url\":\"https:\/\/9staedte.de\/pl\/\",\"name\":\"9 St\u00e4dte in Niedersachsen\",\"description\":\"\",\"publisher\":{\"@id\":\"https:\/\/9staedte.de\/pl\/#organization\"},\"potentialAction\":[{\"@type\":\"SearchAction\",\"target\":{\"@type\":\"EntryPoint\",\"urlTemplate\":\"https:\/\/9staedte.de\/pl\/?s={search_term_string}\"},\"query-input\":{\"@type\":\"PropertyValueSpecification\",\"valueRequired\":true,\"valueName\":\"search_term_string\"}}],\"inLanguage\":\"pl-PL\"},{\"@type\":\"Organization\",\"@id\":\"https:\/\/9staedte.de\/pl\/#organization\",\"name\":\"9 St\u00e4dte in Niedersachsen\",\"url\":\"https:\/\/9staedte.de\/pl\/\",\"logo\":{\"@type\":\"ImageObject\",\"inLanguage\":\"pl-PL\",\"@id\":\"https:\/\/9staedte.de\/pl\/#\/schema\/logo\/image\/\",\"url\":\"https:\/\/9staedte.de\/wp-content\/uploads\/2025\/01\/9-neg-deutsch-2-1.png\",\"contentUrl\":\"https:\/\/9staedte.de\/wp-content\/uploads\/2025\/01\/9-neg-deutsch-2-1.png\",\"width\":190,\"height\":114,\"caption\":\"9 St\u00e4dte in Niedersachsen\"},\"image\":{\"@id\":\"https:\/\/9staedte.de\/pl\/#\/schema\/logo\/image\/\"}}]}<\/script>\n<!-- \/ Yoast SEO plugin. -->","yoast_head_json":{"title":"Stanowiska dla kamper\u00f3w w Braunschweig - 9 St\u00e4dte in Niedersachsen","robots":{"index":"index","follow":"follow","max-snippet":"max-snippet:-1","max-image-preview":"max-image-preview:large","max-video-preview":"max-video-preview:-1"},"canonical":"https:\/\/9staedte.de\/pl\/brunszwik-miasto-lwa\/wohnmobilstellplaetze-in-braunschweig-2\/","og_locale":"pl_PL","og_type":"article","og_title":"Stanowiska dla kamper\u00f3w w Braunschweig - 9 St\u00e4dte in Niedersachsen","og_description":"Z kamperem do Brunszwiku Odkryj Miasto Lwa spontanicznie, blisko natury i mobilnie: Miejsca parkingowe dla kamper\u00f3w w pobli\u017cu centrum miasta zapraszaj\u0105 do urozmaiconego pobytu w Brunszwiku. Dzi\u0119ki niewielkim odleg\u0142o\u015bciom do zabytk\u00f3w, instytucjom kulturalnym, takim jak Muzeum Herzoga Antona Ulricha, szerokiej gamie wydarze\u0144, rekreacji w pobli\u017cu centrum miasta na wsi i prawie 1000-letniej historii, Miasto Lwa [&hellip;]","og_url":"https:\/\/9staedte.de\/pl\/brunszwik-miasto-lwa\/wohnmobilstellplaetze-in-braunschweig-2\/","og_site_name":"9 St\u00e4dte in Niedersachsen","article_modified_time":"2024-07-04T09:27:38+00:00","og_image":[{"width":1018,"height":560,"url":"https:\/\/9staedte.de\/wp-content\/uploads\/2024\/07\/Braunschweig-Magniviertel-c-Braunschweig-Stadtmarketing-Christian-Bierwagen.jpg","type":"image\/jpeg"}],"twitter_card":"summary_large_image","twitter_misc":{"Szacowany czas czytania":"4 minuty"},"schema":{"@context":"https:\/\/schema.org","@graph":[{"@type":"WebPage","@id":"https:\/\/9staedte.de\/pl\/brunszwik-miasto-lwa\/wohnmobilstellplaetze-in-braunschweig-2\/","url":"https:\/\/9staedte.de\/pl\/brunszwik-miasto-lwa\/wohnmobilstellplaetze-in-braunschweig-2\/","name":"Stanowiska dla kamper\u00f3w w Braunschweig - 9 St\u00e4dte in Niedersachsen","isPartOf":{"@id":"https:\/\/9staedte.de\/pl\/#website"},"primaryImageOfPage":{"@id":"https:\/\/9staedte.de\/pl\/brunszwik-miasto-lwa\/wohnmobilstellplaetze-in-braunschweig-2\/#primaryimage"},"image":{"@id":"https:\/\/9staedte.de\/pl\/brunszwik-miasto-lwa\/wohnmobilstellplaetze-in-braunschweig-2\/#primaryimage"},"thumbnailUrl":"https:\/\/9staedte.de\/wp-content\/uploads\/2024\/07\/Braunschweig-Magniviertel-c-Braunschweig-Stadtmarketing-Christian-Bierwagen.jpg","datePublished":"2024-07-04T09:03:50+00:00","dateModified":"2024-07-04T09:27:38+00:00","breadcrumb":{"@id":"https:\/\/9staedte.de\/pl\/brunszwik-miasto-lwa\/wohnmobilstellplaetze-in-braunschweig-2\/#breadcrumb"},"inLanguage":"pl-PL","potentialAction":[{"@type":"ReadAction","target":["https:\/\/9staedte.de\/pl\/brunszwik-miasto-lwa\/wohnmobilstellplaetze-in-braunschweig-2\/"]}]},{"@type":"ImageObject","inLanguage":"pl-PL","@id":"https:\/\/9staedte.de\/pl\/brunszwik-miasto-lwa\/wohnmobilstellplaetze-in-braunschweig-2\/#primaryimage","url":"https:\/\/9staedte.de\/wp-content\/uploads\/2024\/07\/Braunschweig-Magniviertel-c-Braunschweig-Stadtmarketing-Christian-Bierwagen.jpg","contentUrl":"https:\/\/9staedte.de\/wp-content\/uploads\/2024\/07\/Braunschweig-Magniviertel-c-Braunschweig-Stadtmarketing-Christian-Bierwagen.jpg","width":1018,"height":560,"caption":"Braunschweig Magniviertel c) Braunschweig Stadtmarketing Christian Bierwagen"},{"@type":"BreadcrumbList","@id":"https:\/\/9staedte.de\/pl\/brunszwik-miasto-lwa\/wohnmobilstellplaetze-in-braunschweig-2\/#breadcrumb","itemListElement":[{"@type":"ListItem","position":1,"name":"Startseite","item":"https:\/\/9staedte.de\/pl\/"},{"@type":"ListItem","position":2,"name":"Stanowiska dla kamper\u00f3w w Braunschweig"}]},{"@type":"WebSite","@id":"https:\/\/9staedte.de\/pl\/#website","url":"https:\/\/9staedte.de\/pl\/","name":"9 St\u00e4dte in Niedersachsen","description":"","publisher":{"@id":"https:\/\/9staedte.de\/pl\/#organization"},"potentialAction":[{"@type":"SearchAction","target":{"@type":"EntryPoint","urlTemplate":"https:\/\/9staedte.de\/pl\/?s={search_term_string}"},"query-input":{"@type":"PropertyValueSpecification","valueRequired":true,"valueName":"search_term_string"}}],"inLanguage":"pl-PL"},{"@type":"Organization","@id":"https:\/\/9staedte.de\/pl\/#organization","name":"9 St\u00e4dte in Niedersachsen","url":"https:\/\/9staedte.de\/pl\/","logo":{"@type":"ImageObject","inLanguage":"pl-PL","@id":"https:\/\/9staedte.de\/pl\/#\/schema\/logo\/image\/","url":"https:\/\/9staedte.de\/wp-content\/uploads\/2025\/01\/9-neg-deutsch-2-1.png","contentUrl":"https:\/\/9staedte.de\/wp-content\/uploads\/2025\/01\/9-neg-deutsch-2-1.png","width":190,"height":114,"caption":"9 St\u00e4dte in Niedersachsen"},"image":{"@id":"https:\/\/9staedte.de\/pl\/#\/schema\/logo\/image\/"}}]}},"_links":{"self":[{"href":"https:\/\/9staedte.de\/pl\/wp-json\/wp\/v2\/pages\/22981","targetHints":{"allow":["GET"]}}],"collection":[{"href":"https:\/\/9staedte.de\/pl\/wp-json\/wp\/v2\/pages"}],"about":[{"href":"https:\/\/9staedte.de\/pl\/wp-json\/wp\/v2\/types\/page"}],"author":[{"embeddable":true,"href":"https:\/\/9staedte.de\/pl\/wp-json\/wp\/v2\/users\/6"}],"replies":[{"embeddable":true,"href":"https:\/\/9staedte.de\/pl\/wp-json\/wp\/v2\/comments?post=22981"}],"version-history":[{"count":2,"href":"https:\/\/9staedte.de\/pl\/wp-json\/wp\/v2\/pages\/22981\/revisions"}],"predecessor-version":[{"id":22993,"href":"https:\/\/9staedte.de\/pl\/wp-json\/wp\/v2\/pages\/22981\/revisions\/22993"}],"up":[{"embeddable":true,"href":"https:\/\/9staedte.de\/pl\/wp-json\/wp\/v2\/pages\/17616"}],"wp:featuredmedia":[{"embeddable":true,"href":"https:\/\/9staedte.de\/pl\/wp-json\/wp\/v2\/media\/22959"}],"wp:attachment":[{"href":"https:\/\/9staedte.de\/pl\/wp-json\/wp\/v2\/media?parent=22981"}],"wp:term":[{"taxonomy":"category","embeddable":true,"href":"https:\/\/9staedte.de\/pl\/wp-json\/wp\/v2\/categories?post=22981"},{"taxonomy":"post_tag","embeddable":true,"href":"https:\/\/9staedte.de\/pl\/wp-json\/wp\/v2\/tags?post=22981"},{"taxonomy":"ncap_cities_tax","embeddable":true,"href":"https:\/\/9staedte.de\/pl\/wp-json\/wp\/v2\/ncap_cities_tax?post=22981"}],"curies":[{"name":"wp","href":"https:\/\/api.w.org\/{rel}","templated":true}]}}