{"id":22732,"date":"2024-06-14T14:27:02","date_gmt":"2024-06-14T12:27:02","guid":{"rendered":"https:\/\/9staedte.de\/mit-dem-wohnmobil-nach-wolfenbuettel\/"},"modified":"2024-06-14T14:29:58","modified_gmt":"2024-06-14T12:29:58","slug":"mit-dem-wohnmobil-nach-wolfenbuettel","status":"publish","type":"page","link":"https:\/\/9staedte.de\/pl\/wolfenbuttel-miasto-lessingow\/mit-dem-wohnmobil-nach-wolfenbuettel\/","title":{"rendered":"Z kamperem do Wolfenb\u00fcttel"},"content":{"rendered":"\n<h3 class=\"wp-block-heading\">Park dla kamper\u00f3w w Wolfenb\u00fcttel<\/h3>\n\n<p>Idyllicznie po\u0142o\u017cony nad brzegiem rzeki Oker, komfortowy park dla kamper\u00f3w Wolfenb\u00fcttel ***** jest otwarty przez ca\u0142y rok. \u0141\u0105cznie 40 przestronnych miejsc parkingowych zach\u0119ca do odpoczynku. Stanowiska s\u0105 wyposa\u017cone w przy\u0142\u0105cza elektryczne; blok sanitarny z prysznicami jest dost\u0119pny bezp\u0142atnie, podobnie jak wygodna stacja na szar\u0105\/\u015bwie\u017c\u0105 wod\u0119 i kaseta toaletowa. W \u0142adne dni na miejscu mo\u017cna korzysta\u0107 z grilla. Stare miasto Wolfenb\u00fcttel z ponad 1000 dom\u00f3w z muru pruskiego znajduje si\u0119 zaledwie kilka minut spacerem od hotelu, podobnie jak mury obronne i fosa miejska, kt\u00f3re s\u0105 idealnym miejscem na spacery lub poranny jogging<\/p>\n\n<figure class=\"wp-block-image size-full\"><img decoding=\"async\" src=\"https:\/\/9staedte.de\/wp-content\/uploads\/2024\/06\/Resiemobilstellplatz-Wolfenbuettel&#xA9;-Anna-Meurer-CC-B-Y-SA.jpg\" alt=\"Kemping Wolfenb&#xFC;ttel, Dolna Saksonia\" class=\"wp-image-22719\"\/><figcaption class=\"wp-element-caption\">Park dla kamper\u00f3w Wolfenb\u00fcttel, Dolna Saksonia<\/figcaption><\/figure>\n\n <div class=\"brlbs-cmpnt-container brlbs-cmpnt-content-blocker brlbs-cmpnt-with-individual-styles\" data-borlabs-cookie-content-blocker-id=\"google-maps\" data-borlabs-cookie-content=\"PGlmcmFtZSBzcmM9Imh0dHBzOi8vd3d3Lmdvb2dsZS5jb20vbWFwcy9kL2VtYmVkP21pZD0xazhoanVCQW1zejlCOVR0NU1WTHNSQm9SNlU5REsyRSZlaGJjPTJFMzEyRiIgd2lkdGg9IjY0MCIgaGVpZ2h0PSI0ODAiPjwvaWZyYW1lPg==\"><div class=\"brlbs-cmpnt-cb-preset-b brlbs-cmpnt-cb-google-maps\"> <div class=\"brlbs-cmpnt-cb-thumbnail\" style=\"background-image: url('https:\/\/9staedte.de\/wp-content\/uploads\/borlabs-cookie\/1\/brlbs-cb-google-maps-main.png')\"><\/div> <div class=\"brlbs-cmpnt-cb-main\"> <div class=\"brlbs-cmpnt-cb-content\"> <p class=\"brlbs-cmpnt-cb-description\">Aktualnie wy\u015bwietlana jest tre\u015b\u0107 zast\u0119pcza z <strong>Google Maps<\/strong>. Aby uzyska\u0107 dost\u0119p do rzeczywistej tre\u015bci, kliknij poni\u017cszy przycisk. Pami\u0119taj, \u017ce spowoduje to udost\u0119pnienie danych zewn\u0119trznym operatorom.<\/p> <a class=\"brlbs-cmpnt-cb-provider-toggle\" href=\"#\" data-borlabs-cookie-show-provider-information role=\"button\">Wi\u0119cej informacji<\/a> <\/div> <div class=\"brlbs-cmpnt-cb-buttons\"> <a class=\"brlbs-cmpnt-cb-btn\" href=\"#\" data-borlabs-cookie-unblock role=\"button\">Odblokuj tre\u015b\u0107<\/a> <a class=\"brlbs-cmpnt-cb-btn\" href=\"#\" data-borlabs-cookie-accept-service role=\"button\" style=\"display: inherit\">Zaakceptuj wymagan\u0105 us\u0142ug\u0119 i odblokuj tre\u015b\u0107<\/a> <\/div> <\/div> <\/div><\/div>\n\n<p><strong>9 wskaz\u00f3wek dla podr\u00f3\u017cuj\u0105cych kamperem:<\/strong><\/p>\n\n<ul class=\"wp-block-list\">\n<li>50% zni\u017cki na udzia\u0142 w publicznej wycieczce po mie\u015bcie dla 2 os\u00f3b &#8211; codziennie do 3 pa\u017adziernika<\/li>\n\n\n\n<li>Basen ca\u0142oroczny z saun\u0105 i zapleczem gastronomicznym bezpo\u015brednio na miejscu<\/li>\n\n\n\n<li>Przysta\u0144 kajakowa z wypo\u017cyczalni\u0105 bezpo\u015brednio na miejscu<\/li>\n\n\n\n<li>Spacer na zakupy po historycznym centrum miasta &#8211; \u015brody i soboty to zawsze dni targowe!<\/li>\n\n\n\n<li>Adventure golf &#8211; po\u0142\u0105czenie minigolfa i klasycznego golfa<\/li>\n\n\n\n<li>Lessingtheater z r\u00f3\u017cnorodnym programem kulturalnym w zasi\u0119gu wzroku<\/li>\n\n\n\n<li>Spacer wok\u00f3\u0142 fosy miejskiej z przystankiem w Komm Beach Club<\/li>\n\n\n\n<li>Liczne \u015bcie\u017cki rowerowe na p\u00f3\u0142nocnym cyplu Harzu &#8211; dla pocz\u0105tkuj\u0105cych i zaawansowanych rowerzyst\u00f3w<\/li>\n\n\n\n<li>Muzeum Pa\u0142acu Wolfenb\u00fcttel z \u017cyw\u0105 histori\u0105 Guelph i histori\u0105 obywatelsk\u0105<\/li>\n<\/ul>\n","protected":false},"excerpt":{"rendered":"<p>Park dla kamper\u00f3w w Wolfenb\u00fcttel Idyllicznie po\u0142o\u017cony nad brzegiem rzeki Oker, komfortowy park dla kamper\u00f3w Wolfenb\u00fcttel ***** jest otwarty przez ca\u0142y rok. \u0141\u0105cznie 40 przestronnych miejsc parkingowych zach\u0119ca do odpoczynku. Stanowiska s\u0105 wyposa\u017cone w przy\u0142\u0105cza elektryczne; blok sanitarny z prysznicami jest dost\u0119pny bezp\u0142atnie, podobnie jak wygodna stacja na szar\u0105\/\u015bwie\u017c\u0105 wod\u0119 i kaseta toaletowa. W \u0142adne [&hellip;]<\/p>\n","protected":false},"author":6,"featured_media":22716,"parent":17991,"menu_order":0,"comment_status":"closed","ping_status":"closed","template":"","meta":{"_acf_changed":false,"footnotes":""},"categories":[],"tags":[],"ncap_cities_tax":[1444,473],"class_list":["post-22732","page","type-page","status-publish","has-post-thumbnail","hentry","ncap_cities_tax-reisemobilstellplatze-wolfenbuettel-pl","ncap_cities_tax-wolfenbuettel-pl"],"acf":[],"yoast_head":"<!-- This site is optimized with the Yoast SEO plugin v27.4 - https:\/\/yoast.com\/product\/yoast-seo-wordpress\/ -->\n<title>Z kamperem do Wolfenb\u00fcttel - 9 St\u00e4dte in Niedersachsen<\/title>\n<meta name=\"robots\" content=\"index, follow, max-snippet:-1, max-image-preview:large, max-video-preview:-1\" \/>\n<link rel=\"canonical\" href=\"https:\/\/9staedte.de\/pl\/wolfenbuttel-miasto-lessingow\/mit-dem-wohnmobil-nach-wolfenbuettel\/\" \/>\n<meta property=\"og:locale\" content=\"pl_PL\" \/>\n<meta property=\"og:type\" content=\"article\" \/>\n<meta property=\"og:title\" content=\"Z kamperem do Wolfenb\u00fcttel - 9 St\u00e4dte in Niedersachsen\" \/>\n<meta property=\"og:description\" content=\"Park dla kamper\u00f3w w Wolfenb\u00fcttel Idyllicznie po\u0142o\u017cony nad brzegiem rzeki Oker, komfortowy park dla kamper\u00f3w Wolfenb\u00fcttel ***** jest otwarty przez ca\u0142y rok. \u0141\u0105cznie 40 przestronnych miejsc parkingowych zach\u0119ca do odpoczynku. Stanowiska s\u0105 wyposa\u017cone w przy\u0142\u0105cza elektryczne; blok sanitarny z prysznicami jest dost\u0119pny bezp\u0142atnie, podobnie jak wygodna stacja na szar\u0105\/\u015bwie\u017c\u0105 wod\u0119 i kaseta toaletowa. W \u0142adne [&hellip;]\" \/>\n<meta property=\"og:url\" content=\"https:\/\/9staedte.de\/pl\/wolfenbuttel-miasto-lessingow\/mit-dem-wohnmobil-nach-wolfenbuettel\/\" \/>\n<meta property=\"og:site_name\" content=\"9 St\u00e4dte in Niedersachsen\" \/>\n<meta property=\"article:modified_time\" content=\"2024-06-14T12:29:58+00:00\" \/>\n<meta property=\"og:image\" content=\"https:\/\/9staedte.de\/wp-content\/uploads\/2024\/06\/Wohnmobilstellplatz-Wolfenbuettel-\u00a9-Flyingarms.de-CC-0.jpg\" \/>\n\t<meta property=\"og:image:width\" content=\"1020\" \/>\n\t<meta property=\"og:image:height\" content=\"565\" \/>\n\t<meta property=\"og:image:type\" content=\"image\/jpeg\" \/>\n<meta name=\"twitter:card\" content=\"summary_large_image\" \/>\n<meta name=\"twitter:label1\" content=\"Szacowany czas czytania\" \/>\n\t<meta name=\"twitter:data1\" content=\"2 minuty\" \/>\n<script type=\"application\/ld+json\" class=\"yoast-schema-graph\">{\"@context\":\"https:\\\/\\\/schema.org\",\"@graph\":[{\"@type\":\"WebPage\",\"@id\":\"https:\\\/\\\/9staedte.de\\\/pl\\\/wolfenbuttel-miasto-lessingow\\\/mit-dem-wohnmobil-nach-wolfenbuettel\\\/\",\"url\":\"https:\\\/\\\/9staedte.de\\\/pl\\\/wolfenbuttel-miasto-lessingow\\\/mit-dem-wohnmobil-nach-wolfenbuettel\\\/\",\"name\":\"Z kamperem do Wolfenb\u00fcttel - 9 St\u00e4dte in Niedersachsen\",\"isPartOf\":{\"@id\":\"https:\\\/\\\/9staedte.de\\\/pl\\\/#website\"},\"primaryImageOfPage\":{\"@id\":\"https:\\\/\\\/9staedte.de\\\/pl\\\/wolfenbuttel-miasto-lessingow\\\/mit-dem-wohnmobil-nach-wolfenbuettel\\\/#primaryimage\"},\"image\":{\"@id\":\"https:\\\/\\\/9staedte.de\\\/pl\\\/wolfenbuttel-miasto-lessingow\\\/mit-dem-wohnmobil-nach-wolfenbuettel\\\/#primaryimage\"},\"thumbnailUrl\":\"https:\\\/\\\/9staedte.de\\\/wp-content\\\/uploads\\\/2024\\\/06\\\/Wohnmobilstellplatz-Wolfenbuettel-\u00a9-Flyingarms.de-CC-0.jpg\",\"datePublished\":\"2024-06-14T12:27:02+00:00\",\"dateModified\":\"2024-06-14T12:29:58+00:00\",\"breadcrumb\":{\"@id\":\"https:\\\/\\\/9staedte.de\\\/pl\\\/wolfenbuttel-miasto-lessingow\\\/mit-dem-wohnmobil-nach-wolfenbuettel\\\/#breadcrumb\"},\"inLanguage\":\"pl-PL\",\"potentialAction\":[{\"@type\":\"ReadAction\",\"target\":[\"https:\\\/\\\/9staedte.de\\\/pl\\\/wolfenbuttel-miasto-lessingow\\\/mit-dem-wohnmobil-nach-wolfenbuettel\\\/\"]}]},{\"@type\":\"ImageObject\",\"inLanguage\":\"pl-PL\",\"@id\":\"https:\\\/\\\/9staedte.de\\\/pl\\\/wolfenbuttel-miasto-lessingow\\\/mit-dem-wohnmobil-nach-wolfenbuettel\\\/#primaryimage\",\"url\":\"https:\\\/\\\/9staedte.de\\\/wp-content\\\/uploads\\\/2024\\\/06\\\/Wohnmobilstellplatz-Wolfenbuettel-\u00a9-Flyingarms.de-CC-0.jpg\",\"contentUrl\":\"https:\\\/\\\/9staedte.de\\\/wp-content\\\/uploads\\\/2024\\\/06\\\/Wohnmobilstellplatz-Wolfenbuettel-\u00a9-Flyingarms.de-CC-0.jpg\",\"width\":1020,\"height\":565,\"caption\":\"Wohnmobilstellplatz Wolfenb\u00fcttel \u00a9 Flyingarms.de (CC-0)\"},{\"@type\":\"BreadcrumbList\",\"@id\":\"https:\\\/\\\/9staedte.de\\\/pl\\\/wolfenbuttel-miasto-lessingow\\\/mit-dem-wohnmobil-nach-wolfenbuettel\\\/#breadcrumb\",\"itemListElement\":[{\"@type\":\"ListItem\",\"position\":1,\"name\":\"Startseite\",\"item\":\"https:\\\/\\\/9staedte.de\\\/pl\\\/\"},{\"@type\":\"ListItem\",\"position\":2,\"name\":\"Z kamperem do Wolfenb\u00fcttel\"}]},{\"@type\":\"WebSite\",\"@id\":\"https:\\\/\\\/9staedte.de\\\/pl\\\/#website\",\"url\":\"https:\\\/\\\/9staedte.de\\\/pl\\\/\",\"name\":\"9 St\u00e4dte in Niedersachsen\",\"description\":\"\",\"publisher\":{\"@id\":\"https:\\\/\\\/9staedte.de\\\/pl\\\/#organization\"},\"potentialAction\":[{\"@type\":\"SearchAction\",\"target\":{\"@type\":\"EntryPoint\",\"urlTemplate\":\"https:\\\/\\\/9staedte.de\\\/pl\\\/?s={search_term_string}\"},\"query-input\":{\"@type\":\"PropertyValueSpecification\",\"valueRequired\":true,\"valueName\":\"search_term_string\"}}],\"inLanguage\":\"pl-PL\"},{\"@type\":\"Organization\",\"@id\":\"https:\\\/\\\/9staedte.de\\\/pl\\\/#organization\",\"name\":\"9 St\u00e4dte in Niedersachsen\",\"url\":\"https:\\\/\\\/9staedte.de\\\/pl\\\/\",\"logo\":{\"@type\":\"ImageObject\",\"inLanguage\":\"pl-PL\",\"@id\":\"https:\\\/\\\/9staedte.de\\\/pl\\\/#\\\/schema\\\/logo\\\/image\\\/\",\"url\":\"https:\\\/\\\/9staedte.de\\\/wp-content\\\/uploads\\\/2025\\\/01\\\/9-neg-deutsch-2-1.png\",\"contentUrl\":\"https:\\\/\\\/9staedte.de\\\/wp-content\\\/uploads\\\/2025\\\/01\\\/9-neg-deutsch-2-1.png\",\"width\":190,\"height\":114,\"caption\":\"9 St\u00e4dte in Niedersachsen\"},\"image\":{\"@id\":\"https:\\\/\\\/9staedte.de\\\/pl\\\/#\\\/schema\\\/logo\\\/image\\\/\"}}]}<\/script>\n<!-- \/ Yoast SEO plugin. -->","yoast_head_json":{"title":"Z kamperem do Wolfenb\u00fcttel - 9 St\u00e4dte in Niedersachsen","robots":{"index":"index","follow":"follow","max-snippet":"max-snippet:-1","max-image-preview":"max-image-preview:large","max-video-preview":"max-video-preview:-1"},"canonical":"https:\/\/9staedte.de\/pl\/wolfenbuttel-miasto-lessingow\/mit-dem-wohnmobil-nach-wolfenbuettel\/","og_locale":"pl_PL","og_type":"article","og_title":"Z kamperem do Wolfenb\u00fcttel - 9 St\u00e4dte in Niedersachsen","og_description":"Park dla kamper\u00f3w w Wolfenb\u00fcttel Idyllicznie po\u0142o\u017cony nad brzegiem rzeki Oker, komfortowy park dla kamper\u00f3w Wolfenb\u00fcttel ***** jest otwarty przez ca\u0142y rok. \u0141\u0105cznie 40 przestronnych miejsc parkingowych zach\u0119ca do odpoczynku. Stanowiska s\u0105 wyposa\u017cone w przy\u0142\u0105cza elektryczne; blok sanitarny z prysznicami jest dost\u0119pny bezp\u0142atnie, podobnie jak wygodna stacja na szar\u0105\/\u015bwie\u017c\u0105 wod\u0119 i kaseta toaletowa. W \u0142adne [&hellip;]","og_url":"https:\/\/9staedte.de\/pl\/wolfenbuttel-miasto-lessingow\/mit-dem-wohnmobil-nach-wolfenbuettel\/","og_site_name":"9 St\u00e4dte in Niedersachsen","article_modified_time":"2024-06-14T12:29:58+00:00","og_image":[{"width":1020,"height":565,"url":"https:\/\/9staedte.de\/wp-content\/uploads\/2024\/06\/Wohnmobilstellplatz-Wolfenbuettel-\u00a9-Flyingarms.de-CC-0.jpg","type":"image\/jpeg"}],"twitter_card":"summary_large_image","twitter_misc":{"Szacowany czas czytania":"2 minuty"},"schema":{"@context":"https:\/\/schema.org","@graph":[{"@type":"WebPage","@id":"https:\/\/9staedte.de\/pl\/wolfenbuttel-miasto-lessingow\/mit-dem-wohnmobil-nach-wolfenbuettel\/","url":"https:\/\/9staedte.de\/pl\/wolfenbuttel-miasto-lessingow\/mit-dem-wohnmobil-nach-wolfenbuettel\/","name":"Z kamperem do Wolfenb\u00fcttel - 9 St\u00e4dte in Niedersachsen","isPartOf":{"@id":"https:\/\/9staedte.de\/pl\/#website"},"primaryImageOfPage":{"@id":"https:\/\/9staedte.de\/pl\/wolfenbuttel-miasto-lessingow\/mit-dem-wohnmobil-nach-wolfenbuettel\/#primaryimage"},"image":{"@id":"https:\/\/9staedte.de\/pl\/wolfenbuttel-miasto-lessingow\/mit-dem-wohnmobil-nach-wolfenbuettel\/#primaryimage"},"thumbnailUrl":"https:\/\/9staedte.de\/wp-content\/uploads\/2024\/06\/Wohnmobilstellplatz-Wolfenbuettel-\u00a9-Flyingarms.de-CC-0.jpg","datePublished":"2024-06-14T12:27:02+00:00","dateModified":"2024-06-14T12:29:58+00:00","breadcrumb":{"@id":"https:\/\/9staedte.de\/pl\/wolfenbuttel-miasto-lessingow\/mit-dem-wohnmobil-nach-wolfenbuettel\/#breadcrumb"},"inLanguage":"pl-PL","potentialAction":[{"@type":"ReadAction","target":["https:\/\/9staedte.de\/pl\/wolfenbuttel-miasto-lessingow\/mit-dem-wohnmobil-nach-wolfenbuettel\/"]}]},{"@type":"ImageObject","inLanguage":"pl-PL","@id":"https:\/\/9staedte.de\/pl\/wolfenbuttel-miasto-lessingow\/mit-dem-wohnmobil-nach-wolfenbuettel\/#primaryimage","url":"https:\/\/9staedte.de\/wp-content\/uploads\/2024\/06\/Wohnmobilstellplatz-Wolfenbuettel-\u00a9-Flyingarms.de-CC-0.jpg","contentUrl":"https:\/\/9staedte.de\/wp-content\/uploads\/2024\/06\/Wohnmobilstellplatz-Wolfenbuettel-\u00a9-Flyingarms.de-CC-0.jpg","width":1020,"height":565,"caption":"Wohnmobilstellplatz Wolfenb\u00fcttel \u00a9 Flyingarms.de (CC-0)"},{"@type":"BreadcrumbList","@id":"https:\/\/9staedte.de\/pl\/wolfenbuttel-miasto-lessingow\/mit-dem-wohnmobil-nach-wolfenbuettel\/#breadcrumb","itemListElement":[{"@type":"ListItem","position":1,"name":"Startseite","item":"https:\/\/9staedte.de\/pl\/"},{"@type":"ListItem","position":2,"name":"Z kamperem do Wolfenb\u00fcttel"}]},{"@type":"WebSite","@id":"https:\/\/9staedte.de\/pl\/#website","url":"https:\/\/9staedte.de\/pl\/","name":"9 St\u00e4dte in Niedersachsen","description":"","publisher":{"@id":"https:\/\/9staedte.de\/pl\/#organization"},"potentialAction":[{"@type":"SearchAction","target":{"@type":"EntryPoint","urlTemplate":"https:\/\/9staedte.de\/pl\/?s={search_term_string}"},"query-input":{"@type":"PropertyValueSpecification","valueRequired":true,"valueName":"search_term_string"}}],"inLanguage":"pl-PL"},{"@type":"Organization","@id":"https:\/\/9staedte.de\/pl\/#organization","name":"9 St\u00e4dte in Niedersachsen","url":"https:\/\/9staedte.de\/pl\/","logo":{"@type":"ImageObject","inLanguage":"pl-PL","@id":"https:\/\/9staedte.de\/pl\/#\/schema\/logo\/image\/","url":"https:\/\/9staedte.de\/wp-content\/uploads\/2025\/01\/9-neg-deutsch-2-1.png","contentUrl":"https:\/\/9staedte.de\/wp-content\/uploads\/2025\/01\/9-neg-deutsch-2-1.png","width":190,"height":114,"caption":"9 St\u00e4dte in Niedersachsen"},"image":{"@id":"https:\/\/9staedte.de\/pl\/#\/schema\/logo\/image\/"}}]}},"_links":{"self":[{"href":"https:\/\/9staedte.de\/pl\/wp-json\/wp\/v2\/pages\/22732","targetHints":{"allow":["GET"]}}],"collection":[{"href":"https:\/\/9staedte.de\/pl\/wp-json\/wp\/v2\/pages"}],"about":[{"href":"https:\/\/9staedte.de\/pl\/wp-json\/wp\/v2\/types\/page"}],"author":[{"embeddable":true,"href":"https:\/\/9staedte.de\/pl\/wp-json\/wp\/v2\/users\/6"}],"replies":[{"embeddable":true,"href":"https:\/\/9staedte.de\/pl\/wp-json\/wp\/v2\/comments?post=22732"}],"version-history":[{"count":4,"href":"https:\/\/9staedte.de\/pl\/wp-json\/wp\/v2\/pages\/22732\/revisions"}],"predecessor-version":[{"id":22746,"href":"https:\/\/9staedte.de\/pl\/wp-json\/wp\/v2\/pages\/22732\/revisions\/22746"}],"up":[{"embeddable":true,"href":"https:\/\/9staedte.de\/pl\/wp-json\/wp\/v2\/pages\/17991"}],"wp:featuredmedia":[{"embeddable":true,"href":"https:\/\/9staedte.de\/pl\/wp-json\/wp\/v2\/media\/22716"}],"wp:attachment":[{"href":"https:\/\/9staedte.de\/pl\/wp-json\/wp\/v2\/media?parent=22732"}],"wp:term":[{"taxonomy":"category","embeddable":true,"href":"https:\/\/9staedte.de\/pl\/wp-json\/wp\/v2\/categories?post=22732"},{"taxonomy":"post_tag","embeddable":true,"href":"https:\/\/9staedte.de\/pl\/wp-json\/wp\/v2\/tags?post=22732"},{"taxonomy":"ncap_cities_tax","embeddable":true,"href":"https:\/\/9staedte.de\/pl\/wp-json\/wp\/v2\/ncap_cities_tax?post=22732"}],"curies":[{"name":"wp","href":"https:\/\/api.w.org\/{rel}","templated":true}]}}