{"id":22693,"date":"2024-06-14T13:27:25","date_gmt":"2024-06-14T11:27:25","guid":{"rendered":"https:\/\/9staedte.de\/mit-dem-wohnmobil-nach-hildesheim\/"},"modified":"2024-06-14T13:30:03","modified_gmt":"2024-06-14T11:30:03","slug":"mit-dem-wohnmobil-nach-hildesheim","status":"publish","type":"page","link":"https:\/\/9staedte.de\/pl\/hildesheim-miasto-wpisane-na-liste-swiatowego-dziedzictwa-unesco\/mit-dem-wohnmobil-nach-hildesheim\/","title":{"rendered":"Z kamperem do Hildesheim"},"content":{"rendered":"\n<h2 class=\"wp-block-heading\">Poznaj miasto wpisane na list\u0119 \u015bwiatowego dziedzictwa UNESCO<\/h2>\n\n<p>Parking jest pi\u0119knie po\u0142o\u017cony na wschodnim brzegu jeziora Hohnsensee w Hildesheim, z dobrym po\u0142\u0105czeniem z autostrad\u0105 B1 i B6. Mo\u017cna tam bezp\u0142atnie zatrzyma\u0107 si\u0119 na maksymalnie dwie noce na wsi tu\u017c nad wod\u0105. Zabytkowe centrum miasta znajduje si\u0119 zaledwie kilka krok\u00f3w od hotelu. Bezpo\u015brednio z boiska mo\u017cna wyruszy\u0107 na wycieczk\u0119 rowerow\u0105 wzd\u0142u\u017c malowniczej rzeki Innerste lub s\u0105czy\u0107 ch\u0142odne napoje z nogami w piasku pod palmami na pobliskim odkrytym basenie JoWiese.<\/p>\n\n<p>Nieco dalej od centrum Hildesheim, ale bardzo blisko autostrady A7, znajduje si\u0119 prosty parking przy Berliner Kreisel, dobrze nadaj\u0105cy si\u0119 na kr\u00f3tki post\u00f3j dzi\u0119ki blisko\u015bci restauracji i przystanku autobusowego linii 5, kt\u00f3ra prowadzi do centrum miasta.<\/p>\n\n<figure class=\"wp-block-image size-full\"><img loading=\"lazy\" decoding=\"async\" width=\"1020\" height=\"561\" src=\"https:\/\/9staedte.de\/wp-content\/smush-webp\/2024\/06\/Wohnmobilstellplatz-Hohnsensee-CC0.jpg.webp\" alt=\"Kemping Hohnsensee CC0\" class=\"wp-image-22680\" srcset=\"https:\/\/9staedte.de\/wp-content\/smush-webp\/2024\/06\/Wohnmobilstellplatz-Hohnsensee-CC0.jpg.webp 1020w, https:\/\/9staedte.de\/wp-content\/smush-webp\/2024\/06\/Wohnmobilstellplatz-Hohnsensee-CC0-300x165.jpg.webp 300w, https:\/\/9staedte.de\/wp-content\/smush-webp\/2024\/06\/Wohnmobilstellplatz-Hohnsensee-CC0-768x422.jpg.webp 768w\" sizes=\"auto, (max-width: 1020px) 100vw, 1020px\" \/><figcaption class=\"wp-element-caption\">Kemping Hohnsensee CC0<\/figcaption><\/figure>\n\n<p><a href=\"https:\/\/www.hildesheim-tourismus.de\/anreise\/wohnmobil\">Wi\u0119cej informacji o kamperach i kempingach w Hildesheim:<\/a><\/p>\n\n <div class=\"brlbs-cmpnt-container brlbs-cmpnt-content-blocker brlbs-cmpnt-with-individual-styles\" data-borlabs-cookie-content-blocker-id=\"google-maps\" data-borlabs-cookie-content=\"PGlmcmFtZSBzcmM9Imh0dHBzOi8vd3d3Lmdvb2dsZS5jb20vbWFwcy9kL2VtYmVkP21pZD0xeTFiZmtOeWw4WnhyZzJJd3hlQU1nZjBjM1pRbDhLRSZlaGJjPTJFMzEyRiIgd2lkdGg9IjY0MCIgaGVpZ2h0PSI0ODAiPjwvaWZyYW1lPg==\"><div class=\"brlbs-cmpnt-cb-preset-b brlbs-cmpnt-cb-google-maps\"> <div class=\"brlbs-cmpnt-cb-thumbnail\" style=\"background-image: url('https:\/\/9staedte.de\/wp-content\/uploads\/borlabs-cookie\/1\/brlbs-cb-google-maps-main.png')\"><\/div> <div class=\"brlbs-cmpnt-cb-main\"> <div class=\"brlbs-cmpnt-cb-content\"> <p class=\"brlbs-cmpnt-cb-description\">Aktualnie wy\u015bwietlana jest tre\u015b\u0107 zast\u0119pcza z <strong>Google Maps<\/strong>. Aby uzyska\u0107 dost\u0119p do rzeczywistej tre\u015bci, kliknij poni\u017cszy przycisk. Pami\u0119taj, \u017ce spowoduje to udost\u0119pnienie danych zewn\u0119trznym operatorom.<\/p> <a class=\"brlbs-cmpnt-cb-provider-toggle\" href=\"#\" data-borlabs-cookie-show-provider-information role=\"button\">Wi\u0119cej informacji<\/a> <\/div> <div class=\"brlbs-cmpnt-cb-buttons\"> <a class=\"brlbs-cmpnt-cb-btn\" href=\"#\" data-borlabs-cookie-unblock role=\"button\">Odblokuj tre\u015b\u0107<\/a> <a class=\"brlbs-cmpnt-cb-btn\" href=\"#\" data-borlabs-cookie-accept-service role=\"button\" style=\"display: inherit\">Zaakceptuj wymagan\u0105 us\u0142ug\u0119 i odblokuj tre\u015b\u0107<\/a> <\/div> <\/div> <\/div><\/div>\n\n<h2 class=\"wp-block-heading\">9 wskaz\u00f3wek dla podr\u00f3\u017cuj\u0105cych kamperem w Hildesheim<\/h2>\n\n<figure class=\"wp-block-table\"><table><tbody><tr><td>1. wycieczka rowerowa wzd\u0142u\u017c Innerste do <a href=\"https:\/\/www.facebook.com\/p\/Hofcaf%C3%A9-Dom%C3%A4ne-Marienburg-100063732454567\/?locale=de_DE\">kawiarni na farmie Dom\u00e4ne Marienburg<\/a> <br\/>2. Po\u0142\u0105cz swoj\u0105 podr\u00f3\u017c kamperem z <a href=\"https:\/\/www.hildesheim-tourismus.de\/veranstaltungen\">najwa\u017cniejszymi wydarzeniami<\/a> w Hildesheim: od festiwalu wina po jazz, od festiwalu nad jeziorem w Hohnsen po magi\u0119 chodnik\u00f3w.  <br\/>3. zwiedzanie centrum Hildesheim: kawa na historycznym rynku, panoramiczny widok z wie\u017cy ko\u015bcio\u0142a \u015bw. Andrzeja oraz wpisane na list\u0119 \u015bwiatowego dziedzictwa UNESCO ko\u015bcio\u0142y katedry Mariackiej i \u015bw.<br\/>4. odkrywanie muze\u00f3w w Hildesheim: <a href=\"https:\/\/www.hildesheim-tourismus.de\/poi\/dommuseum-hildesheim\">Dommseum<\/a>, w tym skarbca katedralnego i drugiej co do wielko\u015bci kolekcji egiptologicznej w Niemczech w <a href=\"https:\/\/www.hildesheim-tourismus.de\/poi\/roemer-und-pelizaeus-museum\">Muzeum Roemera i Pelizaeusa<\/a>. <br\/>5. zwiedzanie miast w regionie z samochodu kempingowego: np. <a href=\"https:\/\/www.hildesheim-tourismus.de\/ausflugsziele-in-der-region\/kurort-bad-salzdetfurth\">uzdrowiska Bad Salzdetfurth<\/a> lub <a href=\"https:\/\/www.hildesheim-tourismus.de\/poi\/kloster-und-klosterpark-lamspringe\">klasztoru i parku klasztornego Lamspringe<\/a>. <br\/>6. wycieczka do <a href=\"https:\/\/www.hildesheim-tourismus.de\/poi\/unesco-welterbe-fagus-werk\">wpisanej na List\u0119 \u015bwiatowego dziedzictwa UNESCO Fabryki Fagus<\/a> w Alfeld  <br\/>7. wycieczka do Holle do <a href=\"https:\/\/www.hildesheim-tourismus.de\/poi\/kunstmuseum-schloss-derneburg\">Muzeum Sztuki na Zamku Derneburg<\/a>, a nast\u0119pnie kr\u00f3tka w\u0119dr\u00f3wka Szlakiem Kultury Laves oraz kawa i ciasto w Szklanym Domu Holle.  <br\/>8. pluskanie si\u0119 i le\u017cenie na s\u0142o\u0144cu na pla\u017cy <a href=\"https:\/\/jo-wiese.de\/\">JoWiese<\/a> i odkrytym basenie &#8211; podziwianie ponad 300 zwierz\u0105t w pobliskim rezerwacie przyrody o powierzchni oko\u0142o 60 000 m\u00b2.  <br\/>9. pozwalanie psom na bieganie bez smyczy: psy mog\u0105 by\u0107 wyprowadzane bez smyczy przez ca\u0142y rok w <a href=\"https:\/\/www.stadt-hildesheim.de\/portal\/seiten\/hundefreilaufflaechen-900000562-33610.html\">basenie przelewowym<\/a> w Hohnsensee, kt\u00f3ry znajduje si\u0119 w pobli\u017cu boiska, i mog\u0105 si\u0119 dobrze wybiega\u0107 na terenie zielonym.<\/td><\/tr><\/tbody><\/table><\/figure>\n","protected":false},"excerpt":{"rendered":"<p>Poznaj miasto wpisane na list\u0119 \u015bwiatowego dziedzictwa UNESCO Parking jest pi\u0119knie po\u0142o\u017cony na wschodnim brzegu jeziora Hohnsensee w Hildesheim, z dobrym po\u0142\u0105czeniem z autostrad\u0105 B1 i B6. Mo\u017cna tam bezp\u0142atnie zatrzyma\u0107 si\u0119 na maksymalnie dwie noce na wsi tu\u017c nad wod\u0105. Zabytkowe centrum miasta znajduje si\u0119 zaledwie kilka krok\u00f3w od hotelu. Bezpo\u015brednio z boiska mo\u017cna [&hellip;]<\/p>\n","protected":false},"author":6,"featured_media":22677,"parent":17929,"menu_order":0,"comment_status":"closed","ping_status":"closed","template":"","meta":{"_acf_changed":false,"footnotes":""},"categories":[],"tags":[],"ncap_cities_tax":[465,1437],"class_list":["post-22693","page","type-page","status-publish","has-post-thumbnail","hentry","ncap_cities_tax-hildesheim-pl","ncap_cities_tax-reisemobilstellplatze-hildesheim-pl"],"acf":[],"yoast_head":"<!-- This site is optimized with the Yoast SEO plugin v26.8 - https:\/\/yoast.com\/product\/yoast-seo-wordpress\/ -->\n<title>Z kamperem do Hildesheim - 9 St\u00e4dte in Niedersachsen<\/title>\n<meta name=\"robots\" content=\"index, follow, max-snippet:-1, max-image-preview:large, max-video-preview:-1\" \/>\n<link rel=\"canonical\" href=\"https:\/\/9staedte.de\/pl\/hildesheim-miasto-wpisane-na-liste-swiatowego-dziedzictwa-unesco\/mit-dem-wohnmobil-nach-hildesheim\/\" \/>\n<meta property=\"og:locale\" content=\"pl_PL\" \/>\n<meta property=\"og:type\" content=\"article\" \/>\n<meta property=\"og:title\" content=\"Z kamperem do Hildesheim - 9 St\u00e4dte in Niedersachsen\" \/>\n<meta property=\"og:description\" content=\"Poznaj miasto wpisane na list\u0119 \u015bwiatowego dziedzictwa UNESCO Parking jest pi\u0119knie po\u0142o\u017cony na wschodnim brzegu jeziora Hohnsensee w Hildesheim, z dobrym po\u0142\u0105czeniem z autostrad\u0105 B1 i B6. Mo\u017cna tam bezp\u0142atnie zatrzyma\u0107 si\u0119 na maksymalnie dwie noce na wsi tu\u017c nad wod\u0105. Zabytkowe centrum miasta znajduje si\u0119 zaledwie kilka krok\u00f3w od hotelu. Bezpo\u015brednio z boiska mo\u017cna [&hellip;]\" \/>\n<meta property=\"og:url\" content=\"https:\/\/9staedte.de\/pl\/hildesheim-miasto-wpisane-na-liste-swiatowego-dziedzictwa-unesco\/mit-dem-wohnmobil-nach-hildesheim\/\" \/>\n<meta property=\"og:site_name\" content=\"9 St\u00e4dte in Niedersachsen\" \/>\n<meta property=\"article:modified_time\" content=\"2024-06-14T11:30:03+00:00\" \/>\n<meta property=\"og:image\" content=\"https:\/\/9staedte.de\/wp-content\/uploads\/2024\/06\/Hildesheim-Mariendom_Foto-Max-Wiesenbach-CC-BY-min.jpg\" \/>\n\t<meta property=\"og:image:width\" content=\"1019\" \/>\n\t<meta property=\"og:image:height\" content=\"559\" \/>\n\t<meta property=\"og:image:type\" content=\"image\/jpeg\" \/>\n<meta name=\"twitter:card\" content=\"summary_large_image\" \/>\n<meta name=\"twitter:label1\" content=\"Szacowany czas czytania\" \/>\n\t<meta name=\"twitter:data1\" content=\"3 minuty\" \/>\n<script type=\"application\/ld+json\" class=\"yoast-schema-graph\">{\"@context\":\"https:\/\/schema.org\",\"@graph\":[{\"@type\":\"WebPage\",\"@id\":\"https:\/\/9staedte.de\/pl\/hildesheim-miasto-wpisane-na-liste-swiatowego-dziedzictwa-unesco\/mit-dem-wohnmobil-nach-hildesheim\/\",\"url\":\"https:\/\/9staedte.de\/pl\/hildesheim-miasto-wpisane-na-liste-swiatowego-dziedzictwa-unesco\/mit-dem-wohnmobil-nach-hildesheim\/\",\"name\":\"Z kamperem do Hildesheim - 9 St\u00e4dte in Niedersachsen\",\"isPartOf\":{\"@id\":\"https:\/\/9staedte.de\/pl\/#website\"},\"primaryImageOfPage\":{\"@id\":\"https:\/\/9staedte.de\/pl\/hildesheim-miasto-wpisane-na-liste-swiatowego-dziedzictwa-unesco\/mit-dem-wohnmobil-nach-hildesheim\/#primaryimage\"},\"image\":{\"@id\":\"https:\/\/9staedte.de\/pl\/hildesheim-miasto-wpisane-na-liste-swiatowego-dziedzictwa-unesco\/mit-dem-wohnmobil-nach-hildesheim\/#primaryimage\"},\"thumbnailUrl\":\"https:\/\/9staedte.de\/wp-content\/uploads\/2024\/06\/Hildesheim-Mariendom_Foto-Max-Wiesenbach-CC-BY-min.jpg\",\"datePublished\":\"2024-06-14T11:27:25+00:00\",\"dateModified\":\"2024-06-14T11:30:03+00:00\",\"breadcrumb\":{\"@id\":\"https:\/\/9staedte.de\/pl\/hildesheim-miasto-wpisane-na-liste-swiatowego-dziedzictwa-unesco\/mit-dem-wohnmobil-nach-hildesheim\/#breadcrumb\"},\"inLanguage\":\"pl-PL\",\"potentialAction\":[{\"@type\":\"ReadAction\",\"target\":[\"https:\/\/9staedte.de\/pl\/hildesheim-miasto-wpisane-na-liste-swiatowego-dziedzictwa-unesco\/mit-dem-wohnmobil-nach-hildesheim\/\"]}]},{\"@type\":\"ImageObject\",\"inLanguage\":\"pl-PL\",\"@id\":\"https:\/\/9staedte.de\/pl\/hildesheim-miasto-wpisane-na-liste-swiatowego-dziedzictwa-unesco\/mit-dem-wohnmobil-nach-hildesheim\/#primaryimage\",\"url\":\"https:\/\/9staedte.de\/wp-content\/uploads\/2024\/06\/Hildesheim-Mariendom_Foto-Max-Wiesenbach-CC-BY-min.jpg\",\"contentUrl\":\"https:\/\/9staedte.de\/wp-content\/uploads\/2024\/06\/Hildesheim-Mariendom_Foto-Max-Wiesenbach-CC-BY-min.jpg\",\"width\":1019,\"height\":559,\"caption\":\"Hildesheim Mariendom_Foto Max Wiesenbach (CC-BY)-min\"},{\"@type\":\"BreadcrumbList\",\"@id\":\"https:\/\/9staedte.de\/pl\/hildesheim-miasto-wpisane-na-liste-swiatowego-dziedzictwa-unesco\/mit-dem-wohnmobil-nach-hildesheim\/#breadcrumb\",\"itemListElement\":[{\"@type\":\"ListItem\",\"position\":1,\"name\":\"Startseite\",\"item\":\"https:\/\/9staedte.de\/pl\/\"},{\"@type\":\"ListItem\",\"position\":2,\"name\":\"Z kamperem do Hildesheim\"}]},{\"@type\":\"WebSite\",\"@id\":\"https:\/\/9staedte.de\/pl\/#website\",\"url\":\"https:\/\/9staedte.de\/pl\/\",\"name\":\"9 St\u00e4dte in Niedersachsen\",\"description\":\"\",\"publisher\":{\"@id\":\"https:\/\/9staedte.de\/pl\/#organization\"},\"potentialAction\":[{\"@type\":\"SearchAction\",\"target\":{\"@type\":\"EntryPoint\",\"urlTemplate\":\"https:\/\/9staedte.de\/pl\/?s={search_term_string}\"},\"query-input\":{\"@type\":\"PropertyValueSpecification\",\"valueRequired\":true,\"valueName\":\"search_term_string\"}}],\"inLanguage\":\"pl-PL\"},{\"@type\":\"Organization\",\"@id\":\"https:\/\/9staedte.de\/pl\/#organization\",\"name\":\"9 St\u00e4dte in Niedersachsen\",\"url\":\"https:\/\/9staedte.de\/pl\/\",\"logo\":{\"@type\":\"ImageObject\",\"inLanguage\":\"pl-PL\",\"@id\":\"https:\/\/9staedte.de\/pl\/#\/schema\/logo\/image\/\",\"url\":\"https:\/\/9staedte.de\/wp-content\/uploads\/2025\/01\/9-neg-deutsch-2-1.png\",\"contentUrl\":\"https:\/\/9staedte.de\/wp-content\/uploads\/2025\/01\/9-neg-deutsch-2-1.png\",\"width\":190,\"height\":114,\"caption\":\"9 St\u00e4dte in Niedersachsen\"},\"image\":{\"@id\":\"https:\/\/9staedte.de\/pl\/#\/schema\/logo\/image\/\"}}]}<\/script>\n<!-- \/ Yoast SEO plugin. -->","yoast_head_json":{"title":"Z kamperem do Hildesheim - 9 St\u00e4dte in Niedersachsen","robots":{"index":"index","follow":"follow","max-snippet":"max-snippet:-1","max-image-preview":"max-image-preview:large","max-video-preview":"max-video-preview:-1"},"canonical":"https:\/\/9staedte.de\/pl\/hildesheim-miasto-wpisane-na-liste-swiatowego-dziedzictwa-unesco\/mit-dem-wohnmobil-nach-hildesheim\/","og_locale":"pl_PL","og_type":"article","og_title":"Z kamperem do Hildesheim - 9 St\u00e4dte in Niedersachsen","og_description":"Poznaj miasto wpisane na list\u0119 \u015bwiatowego dziedzictwa UNESCO Parking jest pi\u0119knie po\u0142o\u017cony na wschodnim brzegu jeziora Hohnsensee w Hildesheim, z dobrym po\u0142\u0105czeniem z autostrad\u0105 B1 i B6. Mo\u017cna tam bezp\u0142atnie zatrzyma\u0107 si\u0119 na maksymalnie dwie noce na wsi tu\u017c nad wod\u0105. Zabytkowe centrum miasta znajduje si\u0119 zaledwie kilka krok\u00f3w od hotelu. Bezpo\u015brednio z boiska mo\u017cna [&hellip;]","og_url":"https:\/\/9staedte.de\/pl\/hildesheim-miasto-wpisane-na-liste-swiatowego-dziedzictwa-unesco\/mit-dem-wohnmobil-nach-hildesheim\/","og_site_name":"9 St\u00e4dte in Niedersachsen","article_modified_time":"2024-06-14T11:30:03+00:00","og_image":[{"width":1019,"height":559,"url":"https:\/\/9staedte.de\/wp-content\/uploads\/2024\/06\/Hildesheim-Mariendom_Foto-Max-Wiesenbach-CC-BY-min.jpg","type":"image\/jpeg"}],"twitter_card":"summary_large_image","twitter_misc":{"Szacowany czas czytania":"3 minuty"},"schema":{"@context":"https:\/\/schema.org","@graph":[{"@type":"WebPage","@id":"https:\/\/9staedte.de\/pl\/hildesheim-miasto-wpisane-na-liste-swiatowego-dziedzictwa-unesco\/mit-dem-wohnmobil-nach-hildesheim\/","url":"https:\/\/9staedte.de\/pl\/hildesheim-miasto-wpisane-na-liste-swiatowego-dziedzictwa-unesco\/mit-dem-wohnmobil-nach-hildesheim\/","name":"Z kamperem do Hildesheim - 9 St\u00e4dte in Niedersachsen","isPartOf":{"@id":"https:\/\/9staedte.de\/pl\/#website"},"primaryImageOfPage":{"@id":"https:\/\/9staedte.de\/pl\/hildesheim-miasto-wpisane-na-liste-swiatowego-dziedzictwa-unesco\/mit-dem-wohnmobil-nach-hildesheim\/#primaryimage"},"image":{"@id":"https:\/\/9staedte.de\/pl\/hildesheim-miasto-wpisane-na-liste-swiatowego-dziedzictwa-unesco\/mit-dem-wohnmobil-nach-hildesheim\/#primaryimage"},"thumbnailUrl":"https:\/\/9staedte.de\/wp-content\/uploads\/2024\/06\/Hildesheim-Mariendom_Foto-Max-Wiesenbach-CC-BY-min.jpg","datePublished":"2024-06-14T11:27:25+00:00","dateModified":"2024-06-14T11:30:03+00:00","breadcrumb":{"@id":"https:\/\/9staedte.de\/pl\/hildesheim-miasto-wpisane-na-liste-swiatowego-dziedzictwa-unesco\/mit-dem-wohnmobil-nach-hildesheim\/#breadcrumb"},"inLanguage":"pl-PL","potentialAction":[{"@type":"ReadAction","target":["https:\/\/9staedte.de\/pl\/hildesheim-miasto-wpisane-na-liste-swiatowego-dziedzictwa-unesco\/mit-dem-wohnmobil-nach-hildesheim\/"]}]},{"@type":"ImageObject","inLanguage":"pl-PL","@id":"https:\/\/9staedte.de\/pl\/hildesheim-miasto-wpisane-na-liste-swiatowego-dziedzictwa-unesco\/mit-dem-wohnmobil-nach-hildesheim\/#primaryimage","url":"https:\/\/9staedte.de\/wp-content\/uploads\/2024\/06\/Hildesheim-Mariendom_Foto-Max-Wiesenbach-CC-BY-min.jpg","contentUrl":"https:\/\/9staedte.de\/wp-content\/uploads\/2024\/06\/Hildesheim-Mariendom_Foto-Max-Wiesenbach-CC-BY-min.jpg","width":1019,"height":559,"caption":"Hildesheim Mariendom_Foto Max Wiesenbach (CC-BY)-min"},{"@type":"BreadcrumbList","@id":"https:\/\/9staedte.de\/pl\/hildesheim-miasto-wpisane-na-liste-swiatowego-dziedzictwa-unesco\/mit-dem-wohnmobil-nach-hildesheim\/#breadcrumb","itemListElement":[{"@type":"ListItem","position":1,"name":"Startseite","item":"https:\/\/9staedte.de\/pl\/"},{"@type":"ListItem","position":2,"name":"Z kamperem do Hildesheim"}]},{"@type":"WebSite","@id":"https:\/\/9staedte.de\/pl\/#website","url":"https:\/\/9staedte.de\/pl\/","name":"9 St\u00e4dte in Niedersachsen","description":"","publisher":{"@id":"https:\/\/9staedte.de\/pl\/#organization"},"potentialAction":[{"@type":"SearchAction","target":{"@type":"EntryPoint","urlTemplate":"https:\/\/9staedte.de\/pl\/?s={search_term_string}"},"query-input":{"@type":"PropertyValueSpecification","valueRequired":true,"valueName":"search_term_string"}}],"inLanguage":"pl-PL"},{"@type":"Organization","@id":"https:\/\/9staedte.de\/pl\/#organization","name":"9 St\u00e4dte in Niedersachsen","url":"https:\/\/9staedte.de\/pl\/","logo":{"@type":"ImageObject","inLanguage":"pl-PL","@id":"https:\/\/9staedte.de\/pl\/#\/schema\/logo\/image\/","url":"https:\/\/9staedte.de\/wp-content\/uploads\/2025\/01\/9-neg-deutsch-2-1.png","contentUrl":"https:\/\/9staedte.de\/wp-content\/uploads\/2025\/01\/9-neg-deutsch-2-1.png","width":190,"height":114,"caption":"9 St\u00e4dte in Niedersachsen"},"image":{"@id":"https:\/\/9staedte.de\/pl\/#\/schema\/logo\/image\/"}}]}},"_links":{"self":[{"href":"https:\/\/9staedte.de\/pl\/wp-json\/wp\/v2\/pages\/22693","targetHints":{"allow":["GET"]}}],"collection":[{"href":"https:\/\/9staedte.de\/pl\/wp-json\/wp\/v2\/pages"}],"about":[{"href":"https:\/\/9staedte.de\/pl\/wp-json\/wp\/v2\/types\/page"}],"author":[{"embeddable":true,"href":"https:\/\/9staedte.de\/pl\/wp-json\/wp\/v2\/users\/6"}],"replies":[{"embeddable":true,"href":"https:\/\/9staedte.de\/pl\/wp-json\/wp\/v2\/comments?post=22693"}],"version-history":[{"count":2,"href":"https:\/\/9staedte.de\/pl\/wp-json\/wp\/v2\/pages\/22693\/revisions"}],"predecessor-version":[{"id":22705,"href":"https:\/\/9staedte.de\/pl\/wp-json\/wp\/v2\/pages\/22693\/revisions\/22705"}],"up":[{"embeddable":true,"href":"https:\/\/9staedte.de\/pl\/wp-json\/wp\/v2\/pages\/17929"}],"wp:featuredmedia":[{"embeddable":true,"href":"https:\/\/9staedte.de\/pl\/wp-json\/wp\/v2\/media\/22677"}],"wp:attachment":[{"href":"https:\/\/9staedte.de\/pl\/wp-json\/wp\/v2\/media?parent=22693"}],"wp:term":[{"taxonomy":"category","embeddable":true,"href":"https:\/\/9staedte.de\/pl\/wp-json\/wp\/v2\/categories?post=22693"},{"taxonomy":"post_tag","embeddable":true,"href":"https:\/\/9staedte.de\/pl\/wp-json\/wp\/v2\/tags?post=22693"},{"taxonomy":"ncap_cities_tax","embeddable":true,"href":"https:\/\/9staedte.de\/pl\/wp-json\/wp\/v2\/ncap_cities_tax?post=22693"}],"curies":[{"name":"wp","href":"https:\/\/api.w.org\/{rel}","templated":true}]}}