{"id":22654,"date":"2024-06-14T12:50:59","date_gmt":"2024-06-14T10:50:59","guid":{"rendered":"https:\/\/9staedte.de\/mit-dem-wohnmobil-nach-hannover\/"},"modified":"2024-06-14T12:53:20","modified_gmt":"2024-06-14T10:53:20","slug":"mit-dem-wohnmobil-nach-hannover","status":"publish","type":"page","link":"https:\/\/9staedte.de\/pl\/hanower-stolica-dolnej-saksonii\/mit-dem-wohnmobil-nach-hannover\/","title":{"rendered":"Z kamperem do Hanoweru"},"content":{"rendered":"\n<h2 class=\"wp-block-heading\">Szeroki zakres mo\u017cliwo\u015bci<\/h2>\n\n<p>Hanower jest nie za du\u017cy, nie za ma\u0142y, ani za g\u0142o\u015bny, ani za cichy, miejski i zielony, z wieloma atrakcjami kulturalnymi i przyrodniczymi. Stolica kraju zwi\u0105zkowego Dolna Saksonia wraz ze swoj\u0105 atrakcyjn\u0105 okolic\u0105 oferuje wiele opcji dla mi\u0142o\u015bnik\u00f3w biwakowania. \u017baden inny region nie oferuje tak r\u00f3\u017cnorodnych mo\u017cliwo\u015bci sp\u0119dzania wolnego czasu. Spacer po ogrodach Herrnhausen lub zakupy w jednej z najwi\u0119kszych stref dla pieszych w Niemczech. Wybierz si\u0119 na w\u0119dr\u00f3wk\u0119 po g\u00f3rach Deister lub zrelaksuj si\u0119 nad Steinhuder Meer, najwi\u0119kszym jeziorem w Dolnej Saksonii.<\/p>\n\n<figure class=\"wp-block-image size-full\"><img loading=\"lazy\" decoding=\"async\" width=\"1020\" height=\"557\" src=\"https:\/\/9staedte.de\/wp-content\/smush-webp\/2024\/06\/Steinhuder-Meer-c-HMTG-Hans-Zaglitsch.jpg.webp\" alt=\"Steinhuder Meer c) HMTG Hans Zaglitsch\" class=\"wp-image-22641\" srcset=\"https:\/\/9staedte.de\/wp-content\/smush-webp\/2024\/06\/Steinhuder-Meer-c-HMTG-Hans-Zaglitsch.jpg.webp 1020w, https:\/\/9staedte.de\/wp-content\/smush-webp\/2024\/06\/Steinhuder-Meer-c-HMTG-Hans-Zaglitsch-300x164.jpg.webp 300w, https:\/\/9staedte.de\/wp-content\/smush-webp\/2024\/06\/Steinhuder-Meer-c-HMTG-Hans-Zaglitsch-768x419.jpg.webp 768w\" sizes=\"auto, (max-width: 1020px) 100vw, 1020px\" \/><figcaption class=\"wp-element-caption\">Steinhuder Meer c) HMTG Hans Zaglitsch<\/figcaption><\/figure>\n\n<p>Nasze wskaz\u00f3wki dotycz\u0105ce wakacji na kempingu lub w kamperze w Hanowerze i okolicach:<\/p>\n\n<ul class=\"wp-block-list\">\n<li><a href=\"https:\/\/www.visit-hannover.com\/Sehensw%C3%BCrdigkeiten-Stadttouren\/Hannover-Urlaubsregion\/Ausflugsziele-in-der-Region\/Camping-Region-Hannover\/Wohnmobilstellplatz-Hannover-Nord\">Kemping Hanover North<\/a><\/li>\n\n\n\n<li><a href=\"https:\/\/www.visit-hannover.com\/Sehensw%C3%BCrdigkeiten-Stadttouren\/Hannover-Urlaubsregion\/Ausflugsziele-in-der-Region\/Natur-Landschaft\/Steinhuder-Meer\/Camping-am-Steinhuder-Meer\">Pola kempingowe i stanowiska dla kamper\u00f3w wok\u00f3\u0142 Steinhuder Meer<\/a><\/li>\n\n\n\n<li><a href=\"https:\/\/www.visit-hannover.com\/Sehensw%C3%BCrdigkeiten-Stadttouren\/Tourist-Information-Hannover\/Service-Mobilit%C3%A4t\/Aktuelles\/Hannover-bei-gutem-Wetter\/Deister\">W\u0119dr\u00f3wki po Deister<\/a><\/li>\n\n\n\n<li><a href=\"https:\/\/www.visit-hannover.com\/Sehensw%C3%BCrdigkeiten-Stadttouren\/Sehensw%C3%BCrdigkeiten\/Die-Herrenh%C3%A4user-G%C3%A4rten\">Sztuka ogrodowa w doskona\u0142ym wydaniu w ogrodach Herrenhausen<\/a><\/li>\n\n\n\n<li><a href=\"https:\/\/hannover-living.de\/restaurants\/\">Kulinarne przysmaki w Hanowerze<\/a><\/li>\n\n\n\n<li>Zwiedzanie miasta wzd\u0142u\u017c Czerwonej Nitki<\/li>\n\n\n\n<li>Jazda na rowerze w regionie Hanower<\/li>\n\n\n\n<li>Wybierz si\u0119 w podr\u00f3\u017c dooko\u0142a \u015bwiata w <a href=\"https:\/\/www.zoo-hannover.de\/\">Hannover Adventure Zoo<\/a><\/li>\n<\/ul>\n\n<p>Przegl\u0105d stanowisk kempingowych i dla kamper\u00f3w mo\u017cna znale\u017a\u0107 <a href=\"https:\/\/www.visit-hannover.com\/Sehensw%C3%BCrdigkeiten-Stadttouren\/Hannover-Urlaubsregion\/Camping-Region-Hannover\">tutaj<\/a>:<\/p>\n\n <div class=\"brlbs-cmpnt-container brlbs-cmpnt-content-blocker brlbs-cmpnt-with-individual-styles\" data-borlabs-cookie-content-blocker-id=\"google-maps\" data-borlabs-cookie-content=\"PGlmcmFtZSBzcmM9Imh0dHBzOi8vd3d3Lmdvb2dsZS5jb20vbWFwcy9kL2VtYmVkP21pZD0xR2RXaXMzS2I3VU9XNFhyVG1lTmRqUTM3clBDVVBCcyZlaGJjPTJFMzEyRiIgd2lkdGg9IjY0MCIgaGVpZ2h0PSI0ODAiPjwvaWZyYW1lPg==\"><div class=\"brlbs-cmpnt-cb-preset-b brlbs-cmpnt-cb-google-maps\"> <div class=\"brlbs-cmpnt-cb-thumbnail\" style=\"background-image: url('https:\/\/9staedte.de\/wp-content\/uploads\/borlabs-cookie\/1\/brlbs-cb-google-maps-main.png')\"><\/div> <div class=\"brlbs-cmpnt-cb-main\"> <div class=\"brlbs-cmpnt-cb-content\"> <p class=\"brlbs-cmpnt-cb-description\">Aktualnie wy\u015bwietlana jest tre\u015b\u0107 zast\u0119pcza z <strong>Google Maps<\/strong>. Aby uzyska\u0107 dost\u0119p do rzeczywistej tre\u015bci, kliknij poni\u017cszy przycisk. Pami\u0119taj, \u017ce spowoduje to udost\u0119pnienie danych zewn\u0119trznym operatorom.<\/p> <a class=\"brlbs-cmpnt-cb-provider-toggle\" href=\"#\" data-borlabs-cookie-show-provider-information role=\"button\">Wi\u0119cej informacji<\/a> <\/div> <div class=\"brlbs-cmpnt-cb-buttons\"> <a class=\"brlbs-cmpnt-cb-btn\" href=\"#\" data-borlabs-cookie-unblock role=\"button\">Odblokuj tre\u015b\u0107<\/a> <a class=\"brlbs-cmpnt-cb-btn\" href=\"#\" data-borlabs-cookie-accept-service role=\"button\" style=\"display: inherit\">Zaakceptuj wymagan\u0105 us\u0142ug\u0119 i odblokuj tre\u015b\u0107<\/a> <\/div> <\/div> <\/div><\/div>\n","protected":false},"excerpt":{"rendered":"<p>Szeroki zakres mo\u017cliwo\u015bci Hanower jest nie za du\u017cy, nie za ma\u0142y, ani za g\u0142o\u015bny, ani za cichy, miejski i zielony, z wieloma atrakcjami kulturalnymi i przyrodniczymi. Stolica kraju zwi\u0105zkowego Dolna Saksonia wraz ze swoj\u0105 atrakcyjn\u0105 okolic\u0105 oferuje wiele opcji dla mi\u0142o\u015bnik\u00f3w biwakowania. \u017baden inny region nie oferuje tak r\u00f3\u017cnorodnych mo\u017cliwo\u015bci sp\u0119dzania wolnego czasu. Spacer po [&hellip;]<\/p>\n","protected":false},"author":6,"featured_media":22638,"parent":18029,"menu_order":0,"comment_status":"closed","ping_status":"closed","template":"","meta":{"_acf_changed":false,"footnotes":""},"categories":[],"tags":[],"ncap_cities_tax":[458,1430],"class_list":["post-22654","page","type-page","status-publish","has-post-thumbnail","hentry","ncap_cities_tax-hannover-pl","ncap_cities_tax-reisemobilstellplatze-hannover-pl"],"acf":[],"yoast_head":"<!-- This site is optimized with the Yoast SEO plugin v26.8 - https:\/\/yoast.com\/product\/yoast-seo-wordpress\/ -->\n<title>Z kamperem do Hanoweru - 9 St\u00e4dte in Niedersachsen<\/title>\n<meta name=\"robots\" content=\"index, follow, max-snippet:-1, max-image-preview:large, max-video-preview:-1\" \/>\n<link rel=\"canonical\" href=\"https:\/\/9staedte.de\/pl\/hanower-stolica-dolnej-saksonii\/mit-dem-wohnmobil-nach-hannover\/\" \/>\n<meta property=\"og:locale\" content=\"pl_PL\" \/>\n<meta property=\"og:type\" content=\"article\" \/>\n<meta property=\"og:title\" content=\"Z kamperem do Hanoweru - 9 St\u00e4dte in Niedersachsen\" \/>\n<meta property=\"og:description\" content=\"Szeroki zakres mo\u017cliwo\u015bci Hanower jest nie za du\u017cy, nie za ma\u0142y, ani za g\u0142o\u015bny, ani za cichy, miejski i zielony, z wieloma atrakcjami kulturalnymi i przyrodniczymi. Stolica kraju zwi\u0105zkowego Dolna Saksonia wraz ze swoj\u0105 atrakcyjn\u0105 okolic\u0105 oferuje wiele opcji dla mi\u0142o\u015bnik\u00f3w biwakowania. \u017baden inny region nie oferuje tak r\u00f3\u017cnorodnych mo\u017cliwo\u015bci sp\u0119dzania wolnego czasu. Spacer po [&hellip;]\" \/>\n<meta property=\"og:url\" content=\"https:\/\/9staedte.de\/pl\/hanower-stolica-dolnej-saksonii\/mit-dem-wohnmobil-nach-hannover\/\" \/>\n<meta property=\"og:site_name\" content=\"9 St\u00e4dte in Niedersachsen\" \/>\n<meta property=\"article:modified_time\" content=\"2024-06-14T10:53:20+00:00\" \/>\n<meta property=\"og:image\" content=\"https:\/\/9staedte.de\/wp-content\/uploads\/2024\/06\/Altstadt-Hohes-Ufer-c-HMTG-Axel-Heise.jpg\" \/>\n\t<meta property=\"og:image:width\" content=\"1020\" \/>\n\t<meta property=\"og:image:height\" content=\"559\" \/>\n\t<meta property=\"og:image:type\" content=\"image\/jpeg\" \/>\n<meta name=\"twitter:card\" content=\"summary_large_image\" \/>\n<meta name=\"twitter:label1\" content=\"Szacowany czas czytania\" \/>\n\t<meta name=\"twitter:data1\" content=\"2 minuty\" \/>\n<script type=\"application\/ld+json\" class=\"yoast-schema-graph\">{\"@context\":\"https:\/\/schema.org\",\"@graph\":[{\"@type\":\"WebPage\",\"@id\":\"https:\/\/9staedte.de\/pl\/hanower-stolica-dolnej-saksonii\/mit-dem-wohnmobil-nach-hannover\/\",\"url\":\"https:\/\/9staedte.de\/pl\/hanower-stolica-dolnej-saksonii\/mit-dem-wohnmobil-nach-hannover\/\",\"name\":\"Z kamperem do Hanoweru - 9 St\u00e4dte in Niedersachsen\",\"isPartOf\":{\"@id\":\"https:\/\/9staedte.de\/pl\/#website\"},\"primaryImageOfPage\":{\"@id\":\"https:\/\/9staedte.de\/pl\/hanower-stolica-dolnej-saksonii\/mit-dem-wohnmobil-nach-hannover\/#primaryimage\"},\"image\":{\"@id\":\"https:\/\/9staedte.de\/pl\/hanower-stolica-dolnej-saksonii\/mit-dem-wohnmobil-nach-hannover\/#primaryimage\"},\"thumbnailUrl\":\"https:\/\/9staedte.de\/wp-content\/uploads\/2024\/06\/Altstadt-Hohes-Ufer-c-HMTG-Axel-Heise.jpg\",\"datePublished\":\"2024-06-14T10:50:59+00:00\",\"dateModified\":\"2024-06-14T10:53:20+00:00\",\"breadcrumb\":{\"@id\":\"https:\/\/9staedte.de\/pl\/hanower-stolica-dolnej-saksonii\/mit-dem-wohnmobil-nach-hannover\/#breadcrumb\"},\"inLanguage\":\"pl-PL\",\"potentialAction\":[{\"@type\":\"ReadAction\",\"target\":[\"https:\/\/9staedte.de\/pl\/hanower-stolica-dolnej-saksonii\/mit-dem-wohnmobil-nach-hannover\/\"]}]},{\"@type\":\"ImageObject\",\"inLanguage\":\"pl-PL\",\"@id\":\"https:\/\/9staedte.de\/pl\/hanower-stolica-dolnej-saksonii\/mit-dem-wohnmobil-nach-hannover\/#primaryimage\",\"url\":\"https:\/\/9staedte.de\/wp-content\/uploads\/2024\/06\/Altstadt-Hohes-Ufer-c-HMTG-Axel-Heise.jpg\",\"contentUrl\":\"https:\/\/9staedte.de\/wp-content\/uploads\/2024\/06\/Altstadt-Hohes-Ufer-c-HMTG-Axel-Heise.jpg\",\"width\":1020,\"height\":559,\"caption\":\"Altstadt Hohes Ufer c) HMTG Axel Heise\"},{\"@type\":\"BreadcrumbList\",\"@id\":\"https:\/\/9staedte.de\/pl\/hanower-stolica-dolnej-saksonii\/mit-dem-wohnmobil-nach-hannover\/#breadcrumb\",\"itemListElement\":[{\"@type\":\"ListItem\",\"position\":1,\"name\":\"Startseite\",\"item\":\"https:\/\/9staedte.de\/pl\/\"},{\"@type\":\"ListItem\",\"position\":2,\"name\":\"Z kamperem do Hanoweru\"}]},{\"@type\":\"WebSite\",\"@id\":\"https:\/\/9staedte.de\/pl\/#website\",\"url\":\"https:\/\/9staedte.de\/pl\/\",\"name\":\"9 St\u00e4dte in Niedersachsen\",\"description\":\"\",\"publisher\":{\"@id\":\"https:\/\/9staedte.de\/pl\/#organization\"},\"potentialAction\":[{\"@type\":\"SearchAction\",\"target\":{\"@type\":\"EntryPoint\",\"urlTemplate\":\"https:\/\/9staedte.de\/pl\/?s={search_term_string}\"},\"query-input\":{\"@type\":\"PropertyValueSpecification\",\"valueRequired\":true,\"valueName\":\"search_term_string\"}}],\"inLanguage\":\"pl-PL\"},{\"@type\":\"Organization\",\"@id\":\"https:\/\/9staedte.de\/pl\/#organization\",\"name\":\"9 St\u00e4dte in Niedersachsen\",\"url\":\"https:\/\/9staedte.de\/pl\/\",\"logo\":{\"@type\":\"ImageObject\",\"inLanguage\":\"pl-PL\",\"@id\":\"https:\/\/9staedte.de\/pl\/#\/schema\/logo\/image\/\",\"url\":\"https:\/\/9staedte.de\/wp-content\/uploads\/2025\/01\/9-neg-deutsch-2-1.png\",\"contentUrl\":\"https:\/\/9staedte.de\/wp-content\/uploads\/2025\/01\/9-neg-deutsch-2-1.png\",\"width\":190,\"height\":114,\"caption\":\"9 St\u00e4dte in Niedersachsen\"},\"image\":{\"@id\":\"https:\/\/9staedte.de\/pl\/#\/schema\/logo\/image\/\"}}]}<\/script>\n<!-- \/ Yoast SEO plugin. -->","yoast_head_json":{"title":"Z kamperem do Hanoweru - 9 St\u00e4dte in Niedersachsen","robots":{"index":"index","follow":"follow","max-snippet":"max-snippet:-1","max-image-preview":"max-image-preview:large","max-video-preview":"max-video-preview:-1"},"canonical":"https:\/\/9staedte.de\/pl\/hanower-stolica-dolnej-saksonii\/mit-dem-wohnmobil-nach-hannover\/","og_locale":"pl_PL","og_type":"article","og_title":"Z kamperem do Hanoweru - 9 St\u00e4dte in Niedersachsen","og_description":"Szeroki zakres mo\u017cliwo\u015bci Hanower jest nie za du\u017cy, nie za ma\u0142y, ani za g\u0142o\u015bny, ani za cichy, miejski i zielony, z wieloma atrakcjami kulturalnymi i przyrodniczymi. Stolica kraju zwi\u0105zkowego Dolna Saksonia wraz ze swoj\u0105 atrakcyjn\u0105 okolic\u0105 oferuje wiele opcji dla mi\u0142o\u015bnik\u00f3w biwakowania. \u017baden inny region nie oferuje tak r\u00f3\u017cnorodnych mo\u017cliwo\u015bci sp\u0119dzania wolnego czasu. Spacer po [&hellip;]","og_url":"https:\/\/9staedte.de\/pl\/hanower-stolica-dolnej-saksonii\/mit-dem-wohnmobil-nach-hannover\/","og_site_name":"9 St\u00e4dte in Niedersachsen","article_modified_time":"2024-06-14T10:53:20+00:00","og_image":[{"width":1020,"height":559,"url":"https:\/\/9staedte.de\/wp-content\/uploads\/2024\/06\/Altstadt-Hohes-Ufer-c-HMTG-Axel-Heise.jpg","type":"image\/jpeg"}],"twitter_card":"summary_large_image","twitter_misc":{"Szacowany czas czytania":"2 minuty"},"schema":{"@context":"https:\/\/schema.org","@graph":[{"@type":"WebPage","@id":"https:\/\/9staedte.de\/pl\/hanower-stolica-dolnej-saksonii\/mit-dem-wohnmobil-nach-hannover\/","url":"https:\/\/9staedte.de\/pl\/hanower-stolica-dolnej-saksonii\/mit-dem-wohnmobil-nach-hannover\/","name":"Z kamperem do Hanoweru - 9 St\u00e4dte in Niedersachsen","isPartOf":{"@id":"https:\/\/9staedte.de\/pl\/#website"},"primaryImageOfPage":{"@id":"https:\/\/9staedte.de\/pl\/hanower-stolica-dolnej-saksonii\/mit-dem-wohnmobil-nach-hannover\/#primaryimage"},"image":{"@id":"https:\/\/9staedte.de\/pl\/hanower-stolica-dolnej-saksonii\/mit-dem-wohnmobil-nach-hannover\/#primaryimage"},"thumbnailUrl":"https:\/\/9staedte.de\/wp-content\/uploads\/2024\/06\/Altstadt-Hohes-Ufer-c-HMTG-Axel-Heise.jpg","datePublished":"2024-06-14T10:50:59+00:00","dateModified":"2024-06-14T10:53:20+00:00","breadcrumb":{"@id":"https:\/\/9staedte.de\/pl\/hanower-stolica-dolnej-saksonii\/mit-dem-wohnmobil-nach-hannover\/#breadcrumb"},"inLanguage":"pl-PL","potentialAction":[{"@type":"ReadAction","target":["https:\/\/9staedte.de\/pl\/hanower-stolica-dolnej-saksonii\/mit-dem-wohnmobil-nach-hannover\/"]}]},{"@type":"ImageObject","inLanguage":"pl-PL","@id":"https:\/\/9staedte.de\/pl\/hanower-stolica-dolnej-saksonii\/mit-dem-wohnmobil-nach-hannover\/#primaryimage","url":"https:\/\/9staedte.de\/wp-content\/uploads\/2024\/06\/Altstadt-Hohes-Ufer-c-HMTG-Axel-Heise.jpg","contentUrl":"https:\/\/9staedte.de\/wp-content\/uploads\/2024\/06\/Altstadt-Hohes-Ufer-c-HMTG-Axel-Heise.jpg","width":1020,"height":559,"caption":"Altstadt Hohes Ufer c) HMTG Axel Heise"},{"@type":"BreadcrumbList","@id":"https:\/\/9staedte.de\/pl\/hanower-stolica-dolnej-saksonii\/mit-dem-wohnmobil-nach-hannover\/#breadcrumb","itemListElement":[{"@type":"ListItem","position":1,"name":"Startseite","item":"https:\/\/9staedte.de\/pl\/"},{"@type":"ListItem","position":2,"name":"Z kamperem do Hanoweru"}]},{"@type":"WebSite","@id":"https:\/\/9staedte.de\/pl\/#website","url":"https:\/\/9staedte.de\/pl\/","name":"9 St\u00e4dte in Niedersachsen","description":"","publisher":{"@id":"https:\/\/9staedte.de\/pl\/#organization"},"potentialAction":[{"@type":"SearchAction","target":{"@type":"EntryPoint","urlTemplate":"https:\/\/9staedte.de\/pl\/?s={search_term_string}"},"query-input":{"@type":"PropertyValueSpecification","valueRequired":true,"valueName":"search_term_string"}}],"inLanguage":"pl-PL"},{"@type":"Organization","@id":"https:\/\/9staedte.de\/pl\/#organization","name":"9 St\u00e4dte in Niedersachsen","url":"https:\/\/9staedte.de\/pl\/","logo":{"@type":"ImageObject","inLanguage":"pl-PL","@id":"https:\/\/9staedte.de\/pl\/#\/schema\/logo\/image\/","url":"https:\/\/9staedte.de\/wp-content\/uploads\/2025\/01\/9-neg-deutsch-2-1.png","contentUrl":"https:\/\/9staedte.de\/wp-content\/uploads\/2025\/01\/9-neg-deutsch-2-1.png","width":190,"height":114,"caption":"9 St\u00e4dte in Niedersachsen"},"image":{"@id":"https:\/\/9staedte.de\/pl\/#\/schema\/logo\/image\/"}}]}},"_links":{"self":[{"href":"https:\/\/9staedte.de\/pl\/wp-json\/wp\/v2\/pages\/22654","targetHints":{"allow":["GET"]}}],"collection":[{"href":"https:\/\/9staedte.de\/pl\/wp-json\/wp\/v2\/pages"}],"about":[{"href":"https:\/\/9staedte.de\/pl\/wp-json\/wp\/v2\/types\/page"}],"author":[{"embeddable":true,"href":"https:\/\/9staedte.de\/pl\/wp-json\/wp\/v2\/users\/6"}],"replies":[{"embeddable":true,"href":"https:\/\/9staedte.de\/pl\/wp-json\/wp\/v2\/comments?post=22654"}],"version-history":[{"count":2,"href":"https:\/\/9staedte.de\/pl\/wp-json\/wp\/v2\/pages\/22654\/revisions"}],"predecessor-version":[{"id":22666,"href":"https:\/\/9staedte.de\/pl\/wp-json\/wp\/v2\/pages\/22654\/revisions\/22666"}],"up":[{"embeddable":true,"href":"https:\/\/9staedte.de\/pl\/wp-json\/wp\/v2\/pages\/18029"}],"wp:featuredmedia":[{"embeddable":true,"href":"https:\/\/9staedte.de\/pl\/wp-json\/wp\/v2\/media\/22638"}],"wp:attachment":[{"href":"https:\/\/9staedte.de\/pl\/wp-json\/wp\/v2\/media?parent=22654"}],"wp:term":[{"taxonomy":"category","embeddable":true,"href":"https:\/\/9staedte.de\/pl\/wp-json\/wp\/v2\/categories?post=22654"},{"taxonomy":"post_tag","embeddable":true,"href":"https:\/\/9staedte.de\/pl\/wp-json\/wp\/v2\/tags?post=22654"},{"taxonomy":"ncap_cities_tax","embeddable":true,"href":"https:\/\/9staedte.de\/pl\/wp-json\/wp\/v2\/ncap_cities_tax?post=22654"}],"curies":[{"name":"wp","href":"https:\/\/api.w.org\/{rel}","templated":true}]}}