{"id":22613,"date":"2024-06-14T12:12:29","date_gmt":"2024-06-14T10:12:29","guid":{"rendered":"https:\/\/9staedte.de\/mit-dem-wohnmobil-nach-hameln\/"},"modified":"2025-02-18T16:45:34","modified_gmt":"2025-02-18T15:45:34","slug":"mit-dem-wohnmobil-nach-hameln","status":"publish","type":"page","link":"https:\/\/9staedte.de\/pl\/hamelin-legendarne-miasto-pied-piper\/mit-dem-wohnmobil-nach-hameln\/","title":{"rendered":"Z kamperem do Hameln"},"content":{"rendered":"\n<h2 class=\"wp-block-heading\">Boiska z widokiem na Wezer\u0119<\/h2>\n\n\n\n<p>Hameln le\u017cy po lewej i prawej stronie Wezery, po\u015br\u00f3d falistych wzg\u00f3rz Weserbergland. Miasto przyci\u0105ga wielu turyst\u00f3w. Po pierwsze ze wzgl\u0119du na legendarn\u0105 histori\u0119, kt\u00f3ra podobno mia\u0142a miejsce w Hamelin, ale stare miasto przyci\u0105ga r\u00f3wnie\u017c t\u0142umy.<\/p>\n\n\n\n<p>Osoby podr\u00f3\u017cuj\u0105ce kamperem znajd\u0105 stanowiska z widokiem na Wezer\u0119 zaledwie 15 minut spacerem od starego miasta na kempingu &#8222;Campingplatz Hameln an der Weser&#8221;.<\/p>\n\n\n\n<figure class=\"wp-block-image size-full\"><img loading=\"lazy\" decoding=\"async\" width=\"1019\" height=\"558\" src=\"https:\/\/9staedte.de\/wp-content\/smush-webp\/2024\/06\/Wohnmobile-auf-dem-Campingplatz-Hameln-an-der-Weser-c-HMT.jpg.webp\" alt=\"\" class=\"wp-image-22596\" srcset=\"https:\/\/9staedte.de\/wp-content\/smush-webp\/2024\/06\/Wohnmobile-auf-dem-Campingplatz-Hameln-an-der-Weser-c-HMT.jpg.webp 1019w, https:\/\/9staedte.de\/wp-content\/smush-webp\/2024\/06\/Wohnmobile-auf-dem-Campingplatz-Hameln-an-der-Weser-c-HMT-300x164.jpg.webp 300w, https:\/\/9staedte.de\/wp-content\/smush-webp\/2024\/06\/Wohnmobile-auf-dem-Campingplatz-Hameln-an-der-Weser-c-HMT-768x421.jpg.webp 768w\" sizes=\"auto, (max-width: 1019px) 100vw, 1019px\" \/><\/figure>\n\n\n\n<p><a href=\"https:\/\/www.campingplatz-hameln.de\/camping\">Tutaj znajdziesz wszystkie informacje na temat kempingu Hameln an der Weser<\/a><\/p>\n\n\n\n <div class=\"brlbs-cmpnt-container brlbs-cmpnt-content-blocker brlbs-cmpnt-with-individual-styles\" data-borlabs-cookie-content-blocker-id=\"google-maps\" data-borlabs-cookie-content=\"PGlmcmFtZSBzcmM9Imh0dHBzOi8vd3d3Lmdvb2dsZS5jb20vbWFwcy9kL2VtYmVkP21pZD0xRWtkdV9LczNzSDluSVFfWVl2Y091S1ltN2lIZlNNZyZlaGJjPTJFMzEyRiIgd2lkdGg9IjY0MCIgaGVpZ2h0PSI0ODAiPjwvaWZyYW1lPg==\"><div class=\"brlbs-cmpnt-cb-preset-b brlbs-cmpnt-cb-google-maps\"> <div class=\"brlbs-cmpnt-cb-thumbnail\" style=\"background-image: url('https:\/\/9staedte.de\/wp-content\/uploads\/borlabs-cookie\/1\/brlbs-cb-google-maps-main.png')\"><\/div> <div class=\"brlbs-cmpnt-cb-main\"> <div class=\"brlbs-cmpnt-cb-content\"> <p class=\"brlbs-cmpnt-cb-description\">Aktualnie wy\u015bwietlana jest tre\u015b\u0107 zast\u0119pcza z <strong>Google Maps<\/strong>. Aby uzyska\u0107 dost\u0119p do rzeczywistej tre\u015bci, kliknij poni\u017cszy przycisk. Pami\u0119taj, \u017ce spowoduje to udost\u0119pnienie danych zewn\u0119trznym operatorom.<\/p> <a class=\"brlbs-cmpnt-cb-provider-toggle\" href=\"#\" data-borlabs-cookie-show-provider-information role=\"button\">Wi\u0119cej informacji<\/a> <\/div> <div class=\"brlbs-cmpnt-cb-buttons\"> <a class=\"brlbs-cmpnt-cb-btn\" href=\"#\" data-borlabs-cookie-unblock role=\"button\">Odblokuj tre\u015b\u0107<\/a> <a class=\"brlbs-cmpnt-cb-btn\" href=\"#\" data-borlabs-cookie-accept-service role=\"button\" style=\"display: inherit\">Zaakceptuj wymagan\u0105 us\u0142ug\u0119 i odblokuj tre\u015b\u0107<\/a> <\/div> <\/div> <\/div><\/div>\n\n\n\n<h2 class=\"wp-block-heading\"><strong>9 wskaz\u00f3wek dla podr\u00f3\u017cuj\u0105cych kamperem w Hameln:<\/strong><\/h2>\n\n\n\n<ul class=\"wp-block-list\">\n<li>Wycieczka po mie\u015bcie z Pied Piper<a href=\"https:\/\/www.hameln.de\/de\/tourismus\/reise-erlebnisse\/erlebnisse\/erlebnisse\">(Experiences (hameln.de))<\/a><\/li>\n\n\n\n<li>Muzeum Hameln z Teatrem Mechaniczny Pied Piper<a href=\"http:\/\/www.museumhameln.de\">(www.museumhameln.de)<\/a><\/li>\n\n\n\n<li>Przedstawienie kukie\u0142kowe Pied Piper w Domu Weselnym, codziennie o 13:05, 15:35 i 17:35<\/li>\n\n\n\n<li>Spektakl plenerowy Pied Piper, od po\u0142owy maja do po\u0142owy wrze\u015bnia, w ka\u017cd\u0105 niedziel\u0119. 12:00, bezp\u0142atnie<\/li>\n\n\n\n<li>Pied Piper musical RATS, od ko\u0144ca maja do pocz\u0105tku wrze\u015bnia, w ka\u017cd\u0105 \u015brod\u0119. 16:30, bezp\u0142atnie<\/li>\n\n\n\n<li>Wycieczki \u0142odzi\u0105 i zaplanowane rejsy z flot\u0105 Weser<a href=\"http:\/\/www.flotte-weser.de\">(www.flotte-weser.de)<\/a> <\/li>\n\n\n\n<li>Cotygodniowy targ na placu ratuszowym, w ka\u017cd\u0105 \u015brod\u0119. i sob. od 7:00 do 13:00<\/li>\n\n\n\n<li>Widok na miasto Pied Piper z lokalnej g\u00f3ry &#8222;Kl\u00fct&#8221; w Hameln<\/li>\n\n\n\n<li>Wycieczki rowerowe po najpopularniejszej d\u0142ugodystansowej \u015bcie\u017cce rowerowej w Niemczech, Weser Cycle Path<\/li>\n<\/ul>\n\n\n\n<p><\/p>\n","protected":false},"excerpt":{"rendered":"<p>Boiska z widokiem na Wezer\u0119 Hameln le\u017cy po lewej i prawej stronie Wezery, po\u015br\u00f3d falistych wzg\u00f3rz Weserbergland. Miasto przyci\u0105ga wielu turyst\u00f3w. Po pierwsze ze wzgl\u0119du na legendarn\u0105 histori\u0119, kt\u00f3ra podobno mia\u0142a miejsce w Hamelin, ale stare miasto przyci\u0105ga r\u00f3wnie\u017c t\u0142umy. Osoby podr\u00f3\u017cuj\u0105ce kamperem znajd\u0105 stanowiska z widokiem na Wezer\u0119 zaledwie 15 minut spacerem od starego [&hellip;]<\/p>\n","protected":false},"author":6,"featured_media":22593,"parent":17928,"menu_order":0,"comment_status":"closed","ping_status":"closed","template":"","meta":{"_acf_changed":false,"footnotes":""},"categories":[],"tags":[],"ncap_cities_tax":[450,1423],"class_list":["post-22613","page","type-page","status-publish","has-post-thumbnail","hentry","ncap_cities_tax-hameln-pl","ncap_cities_tax-reisemobilstellplatze-hameln-pl"],"acf":[],"yoast_head":"<!-- This site is optimized with the Yoast SEO plugin v26.8 - https:\/\/yoast.com\/product\/yoast-seo-wordpress\/ -->\n<title>Z kamperem do Hameln - 9 St\u00e4dte in Niedersachsen<\/title>\n<meta name=\"robots\" content=\"index, follow, max-snippet:-1, max-image-preview:large, max-video-preview:-1\" \/>\n<link rel=\"canonical\" href=\"https:\/\/9staedte.de\/pl\/hamelin-legendarne-miasto-pied-piper\/mit-dem-wohnmobil-nach-hameln\/\" \/>\n<meta property=\"og:locale\" content=\"pl_PL\" \/>\n<meta property=\"og:type\" content=\"article\" \/>\n<meta property=\"og:title\" content=\"Z kamperem do Hameln - 9 St\u00e4dte in Niedersachsen\" \/>\n<meta property=\"og:description\" content=\"Boiska z widokiem na Wezer\u0119 Hameln le\u017cy po lewej i prawej stronie Wezery, po\u015br\u00f3d falistych wzg\u00f3rz Weserbergland. Miasto przyci\u0105ga wielu turyst\u00f3w. Po pierwsze ze wzgl\u0119du na legendarn\u0105 histori\u0119, kt\u00f3ra podobno mia\u0142a miejsce w Hamelin, ale stare miasto przyci\u0105ga r\u00f3wnie\u017c t\u0142umy. Osoby podr\u00f3\u017cuj\u0105ce kamperem znajd\u0105 stanowiska z widokiem na Wezer\u0119 zaledwie 15 minut spacerem od starego [&hellip;]\" \/>\n<meta property=\"og:url\" content=\"https:\/\/9staedte.de\/pl\/hamelin-legendarne-miasto-pied-piper\/mit-dem-wohnmobil-nach-hameln\/\" \/>\n<meta property=\"og:site_name\" content=\"9 St\u00e4dte in Niedersachsen\" \/>\n<meta property=\"article:modified_time\" content=\"2025-02-18T15:45:34+00:00\" \/>\n<meta property=\"og:image\" content=\"https:\/\/9staedte.de\/wp-content\/uploads\/2024\/06\/Altstadt-Hameln-c-Hameln-Marketing-und-Tourismus-GmbH.jpg\" \/>\n\t<meta property=\"og:image:width\" content=\"1018\" \/>\n\t<meta property=\"og:image:height\" content=\"564\" \/>\n\t<meta property=\"og:image:type\" content=\"image\/jpeg\" \/>\n<meta name=\"twitter:card\" content=\"summary_large_image\" \/>\n<meta name=\"twitter:label1\" content=\"Szacowany czas czytania\" \/>\n\t<meta name=\"twitter:data1\" content=\"2 minuty\" \/>\n<script type=\"application\/ld+json\" class=\"yoast-schema-graph\">{\"@context\":\"https:\/\/schema.org\",\"@graph\":[{\"@type\":\"WebPage\",\"@id\":\"https:\/\/9staedte.de\/pl\/hamelin-legendarne-miasto-pied-piper\/mit-dem-wohnmobil-nach-hameln\/\",\"url\":\"https:\/\/9staedte.de\/pl\/hamelin-legendarne-miasto-pied-piper\/mit-dem-wohnmobil-nach-hameln\/\",\"name\":\"Z kamperem do Hameln - 9 St\u00e4dte in Niedersachsen\",\"isPartOf\":{\"@id\":\"https:\/\/9staedte.de\/pl\/#website\"},\"primaryImageOfPage\":{\"@id\":\"https:\/\/9staedte.de\/pl\/hamelin-legendarne-miasto-pied-piper\/mit-dem-wohnmobil-nach-hameln\/#primaryimage\"},\"image\":{\"@id\":\"https:\/\/9staedte.de\/pl\/hamelin-legendarne-miasto-pied-piper\/mit-dem-wohnmobil-nach-hameln\/#primaryimage\"},\"thumbnailUrl\":\"https:\/\/9staedte.de\/wp-content\/uploads\/2024\/06\/Altstadt-Hameln-c-Hameln-Marketing-und-Tourismus-GmbH.jpg\",\"datePublished\":\"2024-06-14T10:12:29+00:00\",\"dateModified\":\"2025-02-18T15:45:34+00:00\",\"breadcrumb\":{\"@id\":\"https:\/\/9staedte.de\/pl\/hamelin-legendarne-miasto-pied-piper\/mit-dem-wohnmobil-nach-hameln\/#breadcrumb\"},\"inLanguage\":\"pl-PL\",\"potentialAction\":[{\"@type\":\"ReadAction\",\"target\":[\"https:\/\/9staedte.de\/pl\/hamelin-legendarne-miasto-pied-piper\/mit-dem-wohnmobil-nach-hameln\/\"]}]},{\"@type\":\"ImageObject\",\"inLanguage\":\"pl-PL\",\"@id\":\"https:\/\/9staedte.de\/pl\/hamelin-legendarne-miasto-pied-piper\/mit-dem-wohnmobil-nach-hameln\/#primaryimage\",\"url\":\"https:\/\/9staedte.de\/wp-content\/uploads\/2024\/06\/Altstadt-Hameln-c-Hameln-Marketing-und-Tourismus-GmbH.jpg\",\"contentUrl\":\"https:\/\/9staedte.de\/wp-content\/uploads\/2024\/06\/Altstadt-Hameln-c-Hameln-Marketing-und-Tourismus-GmbH.jpg\",\"width\":1018,\"height\":564,\"caption\":\"Altstadt Hameln c) Hameln Marketing und Tourismus GmbH\"},{\"@type\":\"BreadcrumbList\",\"@id\":\"https:\/\/9staedte.de\/pl\/hamelin-legendarne-miasto-pied-piper\/mit-dem-wohnmobil-nach-hameln\/#breadcrumb\",\"itemListElement\":[{\"@type\":\"ListItem\",\"position\":1,\"name\":\"Startseite\",\"item\":\"https:\/\/9staedte.de\/pl\/\"},{\"@type\":\"ListItem\",\"position\":2,\"name\":\"Hameln &#8211; legendarne miasto Pied Piper\",\"item\":\"https:\/\/9staedte.de\/pl\/hamelin-legendarne-miasto-pied-piper\/\"},{\"@type\":\"ListItem\",\"position\":3,\"name\":\"Z kamperem do Hameln\"}]},{\"@type\":\"WebSite\",\"@id\":\"https:\/\/9staedte.de\/pl\/#website\",\"url\":\"https:\/\/9staedte.de\/pl\/\",\"name\":\"9 St\u00e4dte in Niedersachsen\",\"description\":\"\",\"publisher\":{\"@id\":\"https:\/\/9staedte.de\/pl\/#organization\"},\"potentialAction\":[{\"@type\":\"SearchAction\",\"target\":{\"@type\":\"EntryPoint\",\"urlTemplate\":\"https:\/\/9staedte.de\/pl\/?s={search_term_string}\"},\"query-input\":{\"@type\":\"PropertyValueSpecification\",\"valueRequired\":true,\"valueName\":\"search_term_string\"}}],\"inLanguage\":\"pl-PL\"},{\"@type\":\"Organization\",\"@id\":\"https:\/\/9staedte.de\/pl\/#organization\",\"name\":\"9 St\u00e4dte in Niedersachsen\",\"url\":\"https:\/\/9staedte.de\/pl\/\",\"logo\":{\"@type\":\"ImageObject\",\"inLanguage\":\"pl-PL\",\"@id\":\"https:\/\/9staedte.de\/pl\/#\/schema\/logo\/image\/\",\"url\":\"https:\/\/9staedte.de\/wp-content\/uploads\/2025\/01\/9-neg-deutsch-2-1.png\",\"contentUrl\":\"https:\/\/9staedte.de\/wp-content\/uploads\/2025\/01\/9-neg-deutsch-2-1.png\",\"width\":190,\"height\":114,\"caption\":\"9 St\u00e4dte in Niedersachsen\"},\"image\":{\"@id\":\"https:\/\/9staedte.de\/pl\/#\/schema\/logo\/image\/\"}}]}<\/script>\n<!-- \/ Yoast SEO plugin. -->","yoast_head_json":{"title":"Z kamperem do Hameln - 9 St\u00e4dte in Niedersachsen","robots":{"index":"index","follow":"follow","max-snippet":"max-snippet:-1","max-image-preview":"max-image-preview:large","max-video-preview":"max-video-preview:-1"},"canonical":"https:\/\/9staedte.de\/pl\/hamelin-legendarne-miasto-pied-piper\/mit-dem-wohnmobil-nach-hameln\/","og_locale":"pl_PL","og_type":"article","og_title":"Z kamperem do Hameln - 9 St\u00e4dte in Niedersachsen","og_description":"Boiska z widokiem na Wezer\u0119 Hameln le\u017cy po lewej i prawej stronie Wezery, po\u015br\u00f3d falistych wzg\u00f3rz Weserbergland. Miasto przyci\u0105ga wielu turyst\u00f3w. Po pierwsze ze wzgl\u0119du na legendarn\u0105 histori\u0119, kt\u00f3ra podobno mia\u0142a miejsce w Hamelin, ale stare miasto przyci\u0105ga r\u00f3wnie\u017c t\u0142umy. Osoby podr\u00f3\u017cuj\u0105ce kamperem znajd\u0105 stanowiska z widokiem na Wezer\u0119 zaledwie 15 minut spacerem od starego [&hellip;]","og_url":"https:\/\/9staedte.de\/pl\/hamelin-legendarne-miasto-pied-piper\/mit-dem-wohnmobil-nach-hameln\/","og_site_name":"9 St\u00e4dte in Niedersachsen","article_modified_time":"2025-02-18T15:45:34+00:00","og_image":[{"width":1018,"height":564,"url":"https:\/\/9staedte.de\/wp-content\/uploads\/2024\/06\/Altstadt-Hameln-c-Hameln-Marketing-und-Tourismus-GmbH.jpg","type":"image\/jpeg"}],"twitter_card":"summary_large_image","twitter_misc":{"Szacowany czas czytania":"2 minuty"},"schema":{"@context":"https:\/\/schema.org","@graph":[{"@type":"WebPage","@id":"https:\/\/9staedte.de\/pl\/hamelin-legendarne-miasto-pied-piper\/mit-dem-wohnmobil-nach-hameln\/","url":"https:\/\/9staedte.de\/pl\/hamelin-legendarne-miasto-pied-piper\/mit-dem-wohnmobil-nach-hameln\/","name":"Z kamperem do Hameln - 9 St\u00e4dte in Niedersachsen","isPartOf":{"@id":"https:\/\/9staedte.de\/pl\/#website"},"primaryImageOfPage":{"@id":"https:\/\/9staedte.de\/pl\/hamelin-legendarne-miasto-pied-piper\/mit-dem-wohnmobil-nach-hameln\/#primaryimage"},"image":{"@id":"https:\/\/9staedte.de\/pl\/hamelin-legendarne-miasto-pied-piper\/mit-dem-wohnmobil-nach-hameln\/#primaryimage"},"thumbnailUrl":"https:\/\/9staedte.de\/wp-content\/uploads\/2024\/06\/Altstadt-Hameln-c-Hameln-Marketing-und-Tourismus-GmbH.jpg","datePublished":"2024-06-14T10:12:29+00:00","dateModified":"2025-02-18T15:45:34+00:00","breadcrumb":{"@id":"https:\/\/9staedte.de\/pl\/hamelin-legendarne-miasto-pied-piper\/mit-dem-wohnmobil-nach-hameln\/#breadcrumb"},"inLanguage":"pl-PL","potentialAction":[{"@type":"ReadAction","target":["https:\/\/9staedte.de\/pl\/hamelin-legendarne-miasto-pied-piper\/mit-dem-wohnmobil-nach-hameln\/"]}]},{"@type":"ImageObject","inLanguage":"pl-PL","@id":"https:\/\/9staedte.de\/pl\/hamelin-legendarne-miasto-pied-piper\/mit-dem-wohnmobil-nach-hameln\/#primaryimage","url":"https:\/\/9staedte.de\/wp-content\/uploads\/2024\/06\/Altstadt-Hameln-c-Hameln-Marketing-und-Tourismus-GmbH.jpg","contentUrl":"https:\/\/9staedte.de\/wp-content\/uploads\/2024\/06\/Altstadt-Hameln-c-Hameln-Marketing-und-Tourismus-GmbH.jpg","width":1018,"height":564,"caption":"Altstadt Hameln c) Hameln Marketing und Tourismus GmbH"},{"@type":"BreadcrumbList","@id":"https:\/\/9staedte.de\/pl\/hamelin-legendarne-miasto-pied-piper\/mit-dem-wohnmobil-nach-hameln\/#breadcrumb","itemListElement":[{"@type":"ListItem","position":1,"name":"Startseite","item":"https:\/\/9staedte.de\/pl\/"},{"@type":"ListItem","position":2,"name":"Hameln &#8211; legendarne miasto Pied Piper","item":"https:\/\/9staedte.de\/pl\/hamelin-legendarne-miasto-pied-piper\/"},{"@type":"ListItem","position":3,"name":"Z kamperem do Hameln"}]},{"@type":"WebSite","@id":"https:\/\/9staedte.de\/pl\/#website","url":"https:\/\/9staedte.de\/pl\/","name":"9 St\u00e4dte in Niedersachsen","description":"","publisher":{"@id":"https:\/\/9staedte.de\/pl\/#organization"},"potentialAction":[{"@type":"SearchAction","target":{"@type":"EntryPoint","urlTemplate":"https:\/\/9staedte.de\/pl\/?s={search_term_string}"},"query-input":{"@type":"PropertyValueSpecification","valueRequired":true,"valueName":"search_term_string"}}],"inLanguage":"pl-PL"},{"@type":"Organization","@id":"https:\/\/9staedte.de\/pl\/#organization","name":"9 St\u00e4dte in Niedersachsen","url":"https:\/\/9staedte.de\/pl\/","logo":{"@type":"ImageObject","inLanguage":"pl-PL","@id":"https:\/\/9staedte.de\/pl\/#\/schema\/logo\/image\/","url":"https:\/\/9staedte.de\/wp-content\/uploads\/2025\/01\/9-neg-deutsch-2-1.png","contentUrl":"https:\/\/9staedte.de\/wp-content\/uploads\/2025\/01\/9-neg-deutsch-2-1.png","width":190,"height":114,"caption":"9 St\u00e4dte in Niedersachsen"},"image":{"@id":"https:\/\/9staedte.de\/pl\/#\/schema\/logo\/image\/"}}]}},"_links":{"self":[{"href":"https:\/\/9staedte.de\/pl\/wp-json\/wp\/v2\/pages\/22613","targetHints":{"allow":["GET"]}}],"collection":[{"href":"https:\/\/9staedte.de\/pl\/wp-json\/wp\/v2\/pages"}],"about":[{"href":"https:\/\/9staedte.de\/pl\/wp-json\/wp\/v2\/types\/page"}],"author":[{"embeddable":true,"href":"https:\/\/9staedte.de\/pl\/wp-json\/wp\/v2\/users\/6"}],"replies":[{"embeddable":true,"href":"https:\/\/9staedte.de\/pl\/wp-json\/wp\/v2\/comments?post=22613"}],"version-history":[{"count":3,"href":"https:\/\/9staedte.de\/pl\/wp-json\/wp\/v2\/pages\/22613\/revisions"}],"predecessor-version":[{"id":24844,"href":"https:\/\/9staedte.de\/pl\/wp-json\/wp\/v2\/pages\/22613\/revisions\/24844"}],"up":[{"embeddable":true,"href":"https:\/\/9staedte.de\/pl\/wp-json\/wp\/v2\/pages\/17928"}],"wp:featuredmedia":[{"embeddable":true,"href":"https:\/\/9staedte.de\/pl\/wp-json\/wp\/v2\/media\/22593"}],"wp:attachment":[{"href":"https:\/\/9staedte.de\/pl\/wp-json\/wp\/v2\/media?parent=22613"}],"wp:term":[{"taxonomy":"category","embeddable":true,"href":"https:\/\/9staedte.de\/pl\/wp-json\/wp\/v2\/categories?post=22613"},{"taxonomy":"post_tag","embeddable":true,"href":"https:\/\/9staedte.de\/pl\/wp-json\/wp\/v2\/tags?post=22613"},{"taxonomy":"ncap_cities_tax","embeddable":true,"href":"https:\/\/9staedte.de\/pl\/wp-json\/wp\/v2\/ncap_cities_tax?post=22613"}],"curies":[{"name":"wp","href":"https:\/\/api.w.org\/{rel}","templated":true}]}}