{"id":22583,"date":"2024-06-14T11:18:47","date_gmt":"2024-06-14T09:18:47","guid":{"rendered":"https:\/\/9staedte.de\/z-kamperem-do-getyngi\/"},"modified":"2025-05-15T17:07:22","modified_gmt":"2025-05-15T15:07:22","slug":"z-kamperem-do-getyngi","status":"publish","type":"page","link":"https:\/\/9staedte.de\/pl\/getynga-miasto-ktore-tworzy-wiedze\/z-kamperem-do-getyngi\/","title":{"rendered":"Z kamperem do Getyngi"},"content":{"rendered":"\n<p><strong>Port dla kamper\u00f3w w Getyndze: &#8222;Najlepsze miejsce&#8221; w pobli\u017cu centrum miasta<\/strong><\/p>\n\n<p>Port dla kamper\u00f3w w Getyndze jest udanym przyk\u0142adem tego, jak mo\u017cna po\u0142\u0105czy\u0107 interesy w\u0142a\u015bcicieli kamper\u00f3w z warunkami panuj\u0105cymi w du\u017cym mie\u015bcie, kt\u00f3re jest atrakcyjne dla turyst\u00f3w.<\/p>\n\n<p>Ogrodzony i o\u015bwietlony ze wszystkich stron kemping Eiswiese znajduje si\u0119 w doskona\u0142ej lokalizacji: Po\u0142o\u017cony w pasie zieleni w pobli\u017cu jeziora Kiessee, bezpo\u015brednio przy rzece Leine, w bardzo spokojnej okolicy, a jednocze\u015bnie blisko historycznego centrum Getyngi. Zaledwie 10 minut spacerem dzieli obiekt od Starego Miasta, gdzie znajduje si\u0119 \u015bredniowieczny ratusz, ko\u015bcio\u0142y, domy z muru pruskiego, puby, uliczne kawiarnie i liczne sklepy. I wreszcie, co nie mniej wa\u017cne, wizyta u G\u00e4nseliesel, &#8222;najbardziej poca\u0142owanej dziewczyny na \u015bwiecie&#8221;, kt\u00f3ra wita ci\u0119 z fontanny na rynku, jest absolutn\u0105 konieczno\u015bci\u0105.<\/p>\n\n<p>\u0141\u0105cznie 28 poziomych i utwardzonych miejsc parkingowych o szeroko\u015bci 5,50 m i d\u0142ugo\u015bci od 10 do 12 m jest hojnie podzielonych, a przyjazne dla \u015brodowiska urz\u0105dzenia do dostarczania i usuwania odpad\u00f3w s\u0105 oczywi\u015bcie dost\u0119pne. K\u0105pielisko Eiswiese z ogromn\u0105 stref\u0105 saun i odkryty basen Brauweg znajduj\u0105 si\u0119 tu\u017c obok placu, a park sportowy G\u00f6ttingen i jezioro Kiessee z wypo\u017cyczalni\u0105 \u0142odzi, w\u0119dkarstwem i sportami wodnymi oferuj\u0105 liczne mo\u017cliwo\u015bci sp\u0119dzania wolnego czasu w okolicy. Sklepy, supermarkety, apteki, banki i kasy oszcz\u0119dno\u015bciowe znajduj\u0105 si\u0119 w odleg\u0142o\u015bci maksymalnie kr\u00f3tkiego spaceru. Promie\u0144 1 km.<\/p>\n\n<figure class=\"wp-block-image size-full\"><img loading=\"lazy\" decoding=\"async\" width=\"1020\" height=\"560\" src=\"https:\/\/9staedte.de\/wp-content\/smush-webp\/2024\/06\/Goettingen-Reisemobilhafen-c-Goettingen-Tourismus.jpg.webp\" alt=\"Goettingen-Motorhome-Harbour-c-Goettingen-Turystyka\" class=\"wp-image-22560\" srcset=\"https:\/\/9staedte.de\/wp-content\/smush-webp\/2024\/06\/Goettingen-Reisemobilhafen-c-Goettingen-Tourismus.jpg.webp 1020w, https:\/\/9staedte.de\/wp-content\/smush-webp\/2024\/06\/Goettingen-Reisemobilhafen-c-Goettingen-Tourismus-300x165.jpg.webp 300w, https:\/\/9staedte.de\/wp-content\/smush-webp\/2024\/06\/Goettingen-Reisemobilhafen-c-Goettingen-Tourismus-768x422.jpg.webp 768w\" sizes=\"auto, (max-width: 1020px) 100vw, 1020px\" \/><figcaption class=\"wp-element-caption\">Goettingen-Motorhome-Harbour-c-Goettingen-Turystyka<\/figcaption><\/figure>\n\n<p>Kontakt:<br\/>G\u00f6ttinger Sport- und Freizeit GmbH<br\/>Droga wiatru 60<br\/>37073 Getynga<br\/>Tel. +49 (0) 551 \/ 50709-0<br\/>Fax +49 (0) 5 51 \/ 50709-161<br\/>E-mail: <a href=\"mailto:info@goesf.de\">info@goesf.de<\/a><br\/>Internet: <a href=\"http:\/\/www.goesf.de\/\" target=\"_blank\" rel=\"noreferrer noopener\">www.goesf.de<\/a><\/p>\n\n <div class=\"brlbs-cmpnt-container brlbs-cmpnt-content-blocker brlbs-cmpnt-with-individual-styles\" data-borlabs-cookie-content-blocker-id=\"google-maps\" data-borlabs-cookie-content=\"PGlmcmFtZSBzcmM9Imh0dHBzOi8vd3d3Lmdvb2dsZS5jb20vbWFwcy9kL2VtYmVkP21pZD0xWnlKcEkxU1pzQXZCTUtzc29GdG1zeDNVM3BlQmtNNCZlaGJjPTJFMzEyRiIgd2lkdGg9IjY0MCIgaGVpZ2h0PSI0ODAiPjwvaWZyYW1lPg==\"><div class=\"brlbs-cmpnt-cb-preset-b brlbs-cmpnt-cb-google-maps\"> <div class=\"brlbs-cmpnt-cb-thumbnail\" style=\"background-image: url('https:\/\/9staedte.de\/wp-content\/uploads\/borlabs-cookie\/1\/brlbs-cb-google-maps-main.png')\"><\/div> <div class=\"brlbs-cmpnt-cb-main\"> <div class=\"brlbs-cmpnt-cb-content\"> <p class=\"brlbs-cmpnt-cb-description\">Aktualnie wy\u015bwietlana jest tre\u015b\u0107 zast\u0119pcza z <strong>Google Maps<\/strong>. Aby uzyska\u0107 dost\u0119p do rzeczywistej tre\u015bci, kliknij poni\u017cszy przycisk. Pami\u0119taj, \u017ce spowoduje to udost\u0119pnienie danych zewn\u0119trznym operatorom.<\/p> <a class=\"brlbs-cmpnt-cb-provider-toggle\" href=\"#\" data-borlabs-cookie-show-provider-information role=\"button\">Wi\u0119cej informacji<\/a> <\/div> <div class=\"brlbs-cmpnt-cb-buttons\"> <a class=\"brlbs-cmpnt-cb-btn\" href=\"#\" data-borlabs-cookie-unblock role=\"button\">Odblokuj tre\u015b\u0107<\/a> <a class=\"brlbs-cmpnt-cb-btn\" href=\"#\" data-borlabs-cookie-accept-service role=\"button\" style=\"display: inherit\">Zaakceptuj wymagan\u0105 us\u0142ug\u0119 i odblokuj tre\u015b\u0107<\/a> <\/div> <\/div> <\/div><\/div>\n\n<p><strong>9 wskaz\u00f3wek dotycz\u0105cych podr\u00f3\u017cy kamperem do Getyngi:<\/strong><\/p>\n\n<ol class=\"wp-block-list\" start=\"1\">\n<li>Ciesz si\u0119 relaksuj\u0105c\u0105 k\u0105piel\u0105 w raju k\u0105pielowym Eiswiese<\/li>\n\n\n\n<li>Spacer wok\u00f3\u0142 pobliskiego jeziora \u017cwirowego<\/li>\n\n\n\n<li>Obejrzyj film w kinie plenerowym w Brauweg w sierpniu<\/li>\n\n\n\n<li>Przeja\u017cd\u017cka rowerem wzd\u0142u\u017c \u015bcie\u017cki rowerowej Leine-Heide<\/li>\n\n\n\n<li>Przerwa w Cafe Kredo i podziwianie widoku na jezioro<\/li>\n\n\n\n<li>Wynajem roweru wodnego na jeziorze Kiessee<\/li>\n\n\n\n<li>Zwiedzanie pobliskiego Starego Miasta w Getyndze<\/li>\n\n\n\n<li>Odkryj stary ogr\u00f3d botaniczny na murze miejskim<\/li>\n\n\n\n<li>Ciesz si\u0119 t\u0119tni\u0105c\u0105 \u017cyciem scen\u0105 kulturaln\u0105  <\/li>\n<\/ol>\n","protected":false},"excerpt":{"rendered":"<p>Port dla kamper\u00f3w w Getyndze: &#8222;Najlepsze miejsce&#8221; w pobli\u017cu centrum miasta Port dla kamper\u00f3w w Getyndze jest udanym przyk\u0142adem tego, jak mo\u017cna po\u0142\u0105czy\u0107 interesy w\u0142a\u015bcicieli kamper\u00f3w z warunkami panuj\u0105cymi w du\u017cym mie\u015bcie, kt\u00f3re jest atrakcyjne dla turyst\u00f3w. Ogrodzony i o\u015bwietlony ze wszystkich stron kemping Eiswiese znajduje si\u0119 w doskona\u0142ej lokalizacji: Po\u0142o\u017cony w pasie zieleni w [&hellip;]<\/p>\n","protected":false},"author":6,"featured_media":17325,"parent":18011,"menu_order":0,"comment_status":"closed","ping_status":"closed","template":"","meta":{"_acf_changed":false,"footnotes":""},"categories":[],"tags":[],"ncap_cities_tax":[436,1410],"class_list":["post-22583","page","type-page","status-publish","has-post-thumbnail","hentry","ncap_cities_tax-goettingen-pl","ncap_cities_tax-reisemobilstellplatze-goettingen-pl"],"acf":[],"yoast_head":"<!-- This site is optimized with the Yoast SEO plugin v26.8 - https:\/\/yoast.com\/product\/yoast-seo-wordpress\/ -->\n<title>Z kamperem do Getyngi - 9 St\u00e4dte in Niedersachsen<\/title>\n<meta name=\"robots\" content=\"index, follow, max-snippet:-1, max-image-preview:large, max-video-preview:-1\" \/>\n<link rel=\"canonical\" href=\"https:\/\/9staedte.de\/pl\/getynga-miasto-ktore-tworzy-wiedze\/z-kamperem-do-getyngi\/\" \/>\n<meta property=\"og:locale\" content=\"pl_PL\" \/>\n<meta property=\"og:type\" content=\"article\" \/>\n<meta property=\"og:title\" content=\"Z kamperem do Getyngi - 9 St\u00e4dte in Niedersachsen\" \/>\n<meta property=\"og:description\" content=\"Port dla kamper\u00f3w w Getyndze: &#8222;Najlepsze miejsce&#8221; w pobli\u017cu centrum miasta Port dla kamper\u00f3w w Getyndze jest udanym przyk\u0142adem tego, jak mo\u017cna po\u0142\u0105czy\u0107 interesy w\u0142a\u015bcicieli kamper\u00f3w z warunkami panuj\u0105cymi w du\u017cym mie\u015bcie, kt\u00f3re jest atrakcyjne dla turyst\u00f3w. Ogrodzony i o\u015bwietlony ze wszystkich stron kemping Eiswiese znajduje si\u0119 w doskona\u0142ej lokalizacji: Po\u0142o\u017cony w pasie zieleni w [&hellip;]\" \/>\n<meta property=\"og:url\" content=\"https:\/\/9staedte.de\/pl\/getynga-miasto-ktore-tworzy-wiedze\/z-kamperem-do-getyngi\/\" \/>\n<meta property=\"og:site_name\" content=\"9 St\u00e4dte in Niedersachsen\" \/>\n<meta property=\"article:modified_time\" content=\"2025-05-15T15:07:22+00:00\" \/>\n<meta property=\"og:image\" content=\"https:\/\/9staedte.de\/wp-content\/uploads\/2023\/02\/Goettingen_Johanniskirche-c-Goettingen-Tourismus-Lars-Gerhardts.jpg\" \/>\n\t<meta property=\"og:image:width\" content=\"1020\" \/>\n\t<meta property=\"og:image:height\" content=\"559\" \/>\n\t<meta property=\"og:image:type\" content=\"image\/jpeg\" \/>\n<meta name=\"twitter:card\" content=\"summary_large_image\" \/>\n<meta name=\"twitter:label1\" content=\"Szacowany czas czytania\" \/>\n\t<meta name=\"twitter:data1\" content=\"3 minuty\" \/>\n<script type=\"application\/ld+json\" class=\"yoast-schema-graph\">{\"@context\":\"https:\/\/schema.org\",\"@graph\":[{\"@type\":\"WebPage\",\"@id\":\"https:\/\/9staedte.de\/pl\/getynga-miasto-ktore-tworzy-wiedze\/z-kamperem-do-getyngi\/\",\"url\":\"https:\/\/9staedte.de\/pl\/getynga-miasto-ktore-tworzy-wiedze\/z-kamperem-do-getyngi\/\",\"name\":\"Z kamperem do Getyngi - 9 St\u00e4dte in Niedersachsen\",\"isPartOf\":{\"@id\":\"https:\/\/9staedte.de\/pl\/#website\"},\"primaryImageOfPage\":{\"@id\":\"https:\/\/9staedte.de\/pl\/getynga-miasto-ktore-tworzy-wiedze\/z-kamperem-do-getyngi\/#primaryimage\"},\"image\":{\"@id\":\"https:\/\/9staedte.de\/pl\/getynga-miasto-ktore-tworzy-wiedze\/z-kamperem-do-getyngi\/#primaryimage\"},\"thumbnailUrl\":\"https:\/\/9staedte.de\/wp-content\/uploads\/2023\/02\/Goettingen_Johanniskirche-c-Goettingen-Tourismus-Lars-Gerhardts.jpg\",\"datePublished\":\"2024-06-14T09:18:47+00:00\",\"dateModified\":\"2025-05-15T15:07:22+00:00\",\"breadcrumb\":{\"@id\":\"https:\/\/9staedte.de\/pl\/getynga-miasto-ktore-tworzy-wiedze\/z-kamperem-do-getyngi\/#breadcrumb\"},\"inLanguage\":\"pl-PL\",\"potentialAction\":[{\"@type\":\"ReadAction\",\"target\":[\"https:\/\/9staedte.de\/pl\/getynga-miasto-ktore-tworzy-wiedze\/z-kamperem-do-getyngi\/\"]}]},{\"@type\":\"ImageObject\",\"inLanguage\":\"pl-PL\",\"@id\":\"https:\/\/9staedte.de\/pl\/getynga-miasto-ktore-tworzy-wiedze\/z-kamperem-do-getyngi\/#primaryimage\",\"url\":\"https:\/\/9staedte.de\/wp-content\/uploads\/2023\/02\/Goettingen_Johanniskirche-c-Goettingen-Tourismus-Lars-Gerhardts.jpg\",\"contentUrl\":\"https:\/\/9staedte.de\/wp-content\/uploads\/2023\/02\/Goettingen_Johanniskirche-c-Goettingen-Tourismus-Lars-Gerhardts.jpg\",\"width\":1020,\"height\":559,\"caption\":\"Goettingen Johanniskirche c) G\u00f6ttingen Marketing GmbH Lars Gerhardts\"},{\"@type\":\"BreadcrumbList\",\"@id\":\"https:\/\/9staedte.de\/pl\/getynga-miasto-ktore-tworzy-wiedze\/z-kamperem-do-getyngi\/#breadcrumb\",\"itemListElement\":[{\"@type\":\"ListItem\",\"position\":1,\"name\":\"Startseite\",\"item\":\"https:\/\/9staedte.de\/pl\/\"},{\"@type\":\"ListItem\",\"position\":2,\"name\":\"Getynga &#8211; miasto, kt\u00f3re tworzy wiedz\u0119\",\"item\":\"https:\/\/9staedte.de\/pl\/getynga-miasto-ktore-tworzy-wiedze\/\"},{\"@type\":\"ListItem\",\"position\":3,\"name\":\"Z kamperem do Getyngi\"}]},{\"@type\":\"WebSite\",\"@id\":\"https:\/\/9staedte.de\/pl\/#website\",\"url\":\"https:\/\/9staedte.de\/pl\/\",\"name\":\"9 St\u00e4dte in Niedersachsen\",\"description\":\"\",\"publisher\":{\"@id\":\"https:\/\/9staedte.de\/pl\/#organization\"},\"potentialAction\":[{\"@type\":\"SearchAction\",\"target\":{\"@type\":\"EntryPoint\",\"urlTemplate\":\"https:\/\/9staedte.de\/pl\/?s={search_term_string}\"},\"query-input\":{\"@type\":\"PropertyValueSpecification\",\"valueRequired\":true,\"valueName\":\"search_term_string\"}}],\"inLanguage\":\"pl-PL\"},{\"@type\":\"Organization\",\"@id\":\"https:\/\/9staedte.de\/pl\/#organization\",\"name\":\"9 St\u00e4dte in Niedersachsen\",\"url\":\"https:\/\/9staedte.de\/pl\/\",\"logo\":{\"@type\":\"ImageObject\",\"inLanguage\":\"pl-PL\",\"@id\":\"https:\/\/9staedte.de\/pl\/#\/schema\/logo\/image\/\",\"url\":\"https:\/\/9staedte.de\/wp-content\/uploads\/2025\/01\/9-neg-deutsch-2-1.png\",\"contentUrl\":\"https:\/\/9staedte.de\/wp-content\/uploads\/2025\/01\/9-neg-deutsch-2-1.png\",\"width\":190,\"height\":114,\"caption\":\"9 St\u00e4dte in Niedersachsen\"},\"image\":{\"@id\":\"https:\/\/9staedte.de\/pl\/#\/schema\/logo\/image\/\"}}]}<\/script>\n<!-- \/ Yoast SEO plugin. -->","yoast_head_json":{"title":"Z kamperem do Getyngi - 9 St\u00e4dte in Niedersachsen","robots":{"index":"index","follow":"follow","max-snippet":"max-snippet:-1","max-image-preview":"max-image-preview:large","max-video-preview":"max-video-preview:-1"},"canonical":"https:\/\/9staedte.de\/pl\/getynga-miasto-ktore-tworzy-wiedze\/z-kamperem-do-getyngi\/","og_locale":"pl_PL","og_type":"article","og_title":"Z kamperem do Getyngi - 9 St\u00e4dte in Niedersachsen","og_description":"Port dla kamper\u00f3w w Getyndze: &#8222;Najlepsze miejsce&#8221; w pobli\u017cu centrum miasta Port dla kamper\u00f3w w Getyndze jest udanym przyk\u0142adem tego, jak mo\u017cna po\u0142\u0105czy\u0107 interesy w\u0142a\u015bcicieli kamper\u00f3w z warunkami panuj\u0105cymi w du\u017cym mie\u015bcie, kt\u00f3re jest atrakcyjne dla turyst\u00f3w. Ogrodzony i o\u015bwietlony ze wszystkich stron kemping Eiswiese znajduje si\u0119 w doskona\u0142ej lokalizacji: Po\u0142o\u017cony w pasie zieleni w [&hellip;]","og_url":"https:\/\/9staedte.de\/pl\/getynga-miasto-ktore-tworzy-wiedze\/z-kamperem-do-getyngi\/","og_site_name":"9 St\u00e4dte in Niedersachsen","article_modified_time":"2025-05-15T15:07:22+00:00","og_image":[{"width":1020,"height":559,"url":"https:\/\/9staedte.de\/wp-content\/uploads\/2023\/02\/Goettingen_Johanniskirche-c-Goettingen-Tourismus-Lars-Gerhardts.jpg","type":"image\/jpeg"}],"twitter_card":"summary_large_image","twitter_misc":{"Szacowany czas czytania":"3 minuty"},"schema":{"@context":"https:\/\/schema.org","@graph":[{"@type":"WebPage","@id":"https:\/\/9staedte.de\/pl\/getynga-miasto-ktore-tworzy-wiedze\/z-kamperem-do-getyngi\/","url":"https:\/\/9staedte.de\/pl\/getynga-miasto-ktore-tworzy-wiedze\/z-kamperem-do-getyngi\/","name":"Z kamperem do Getyngi - 9 St\u00e4dte in Niedersachsen","isPartOf":{"@id":"https:\/\/9staedte.de\/pl\/#website"},"primaryImageOfPage":{"@id":"https:\/\/9staedte.de\/pl\/getynga-miasto-ktore-tworzy-wiedze\/z-kamperem-do-getyngi\/#primaryimage"},"image":{"@id":"https:\/\/9staedte.de\/pl\/getynga-miasto-ktore-tworzy-wiedze\/z-kamperem-do-getyngi\/#primaryimage"},"thumbnailUrl":"https:\/\/9staedte.de\/wp-content\/uploads\/2023\/02\/Goettingen_Johanniskirche-c-Goettingen-Tourismus-Lars-Gerhardts.jpg","datePublished":"2024-06-14T09:18:47+00:00","dateModified":"2025-05-15T15:07:22+00:00","breadcrumb":{"@id":"https:\/\/9staedte.de\/pl\/getynga-miasto-ktore-tworzy-wiedze\/z-kamperem-do-getyngi\/#breadcrumb"},"inLanguage":"pl-PL","potentialAction":[{"@type":"ReadAction","target":["https:\/\/9staedte.de\/pl\/getynga-miasto-ktore-tworzy-wiedze\/z-kamperem-do-getyngi\/"]}]},{"@type":"ImageObject","inLanguage":"pl-PL","@id":"https:\/\/9staedte.de\/pl\/getynga-miasto-ktore-tworzy-wiedze\/z-kamperem-do-getyngi\/#primaryimage","url":"https:\/\/9staedte.de\/wp-content\/uploads\/2023\/02\/Goettingen_Johanniskirche-c-Goettingen-Tourismus-Lars-Gerhardts.jpg","contentUrl":"https:\/\/9staedte.de\/wp-content\/uploads\/2023\/02\/Goettingen_Johanniskirche-c-Goettingen-Tourismus-Lars-Gerhardts.jpg","width":1020,"height":559,"caption":"Goettingen Johanniskirche c) G\u00f6ttingen Marketing GmbH Lars Gerhardts"},{"@type":"BreadcrumbList","@id":"https:\/\/9staedte.de\/pl\/getynga-miasto-ktore-tworzy-wiedze\/z-kamperem-do-getyngi\/#breadcrumb","itemListElement":[{"@type":"ListItem","position":1,"name":"Startseite","item":"https:\/\/9staedte.de\/pl\/"},{"@type":"ListItem","position":2,"name":"Getynga &#8211; miasto, kt\u00f3re tworzy wiedz\u0119","item":"https:\/\/9staedte.de\/pl\/getynga-miasto-ktore-tworzy-wiedze\/"},{"@type":"ListItem","position":3,"name":"Z kamperem do Getyngi"}]},{"@type":"WebSite","@id":"https:\/\/9staedte.de\/pl\/#website","url":"https:\/\/9staedte.de\/pl\/","name":"9 St\u00e4dte in Niedersachsen","description":"","publisher":{"@id":"https:\/\/9staedte.de\/pl\/#organization"},"potentialAction":[{"@type":"SearchAction","target":{"@type":"EntryPoint","urlTemplate":"https:\/\/9staedte.de\/pl\/?s={search_term_string}"},"query-input":{"@type":"PropertyValueSpecification","valueRequired":true,"valueName":"search_term_string"}}],"inLanguage":"pl-PL"},{"@type":"Organization","@id":"https:\/\/9staedte.de\/pl\/#organization","name":"9 St\u00e4dte in Niedersachsen","url":"https:\/\/9staedte.de\/pl\/","logo":{"@type":"ImageObject","inLanguage":"pl-PL","@id":"https:\/\/9staedte.de\/pl\/#\/schema\/logo\/image\/","url":"https:\/\/9staedte.de\/wp-content\/uploads\/2025\/01\/9-neg-deutsch-2-1.png","contentUrl":"https:\/\/9staedte.de\/wp-content\/uploads\/2025\/01\/9-neg-deutsch-2-1.png","width":190,"height":114,"caption":"9 St\u00e4dte in Niedersachsen"},"image":{"@id":"https:\/\/9staedte.de\/pl\/#\/schema\/logo\/image\/"}}]}},"_links":{"self":[{"href":"https:\/\/9staedte.de\/pl\/wp-json\/wp\/v2\/pages\/22583","targetHints":{"allow":["GET"]}}],"collection":[{"href":"https:\/\/9staedte.de\/pl\/wp-json\/wp\/v2\/pages"}],"about":[{"href":"https:\/\/9staedte.de\/pl\/wp-json\/wp\/v2\/types\/page"}],"author":[{"embeddable":true,"href":"https:\/\/9staedte.de\/pl\/wp-json\/wp\/v2\/users\/6"}],"replies":[{"embeddable":true,"href":"https:\/\/9staedte.de\/pl\/wp-json\/wp\/v2\/comments?post=22583"}],"version-history":[{"count":4,"href":"https:\/\/9staedte.de\/pl\/wp-json\/wp\/v2\/pages\/22583\/revisions"}],"predecessor-version":[{"id":25899,"href":"https:\/\/9staedte.de\/pl\/wp-json\/wp\/v2\/pages\/22583\/revisions\/25899"}],"up":[{"embeddable":true,"href":"https:\/\/9staedte.de\/pl\/wp-json\/wp\/v2\/pages\/18011"}],"wp:featuredmedia":[{"embeddable":true,"href":"https:\/\/9staedte.de\/pl\/wp-json\/wp\/v2\/media\/17325"}],"wp:attachment":[{"href":"https:\/\/9staedte.de\/pl\/wp-json\/wp\/v2\/media?parent=22583"}],"wp:term":[{"taxonomy":"category","embeddable":true,"href":"https:\/\/9staedte.de\/pl\/wp-json\/wp\/v2\/categories?post=22583"},{"taxonomy":"post_tag","embeddable":true,"href":"https:\/\/9staedte.de\/pl\/wp-json\/wp\/v2\/tags?post=22583"},{"taxonomy":"ncap_cities_tax","embeddable":true,"href":"https:\/\/9staedte.de\/pl\/wp-json\/wp\/v2\/ncap_cities_tax?post=22583"}],"curies":[{"name":"wp","href":"https:\/\/api.w.org\/{rel}","templated":true}]}}