{"id":22551,"date":"2024-06-13T17:02:26","date_gmt":"2024-06-13T15:02:26","guid":{"rendered":"https:\/\/9staedte.de\/z-kamperem-do-goslar\/"},"modified":"2024-07-04T14:17:02","modified_gmt":"2024-07-04T12:17:02","slug":"z-kamperem-do-goslar","status":"publish","type":"page","link":"https:\/\/9staedte.de\/pl\/z-kamperem-do-goslar\/","title":{"rendered":"Z kamperem do Goslar"},"content":{"rendered":"\n<h2 class=\"wp-block-heading\">Wakacje z kamperem w Goslar<\/h2>\n\n<p>Ciesz si\u0119 wolno\u015bci\u0105 i nadal miej sw\u00f3j w\u0142asny dom na wakacjach: Podr\u00f3\u017cuj\u0105cy kamperem maj\u0105 t\u0119 przewag\u0119 wsz\u0119dzie i w drodze. Goslar to idealne miejsce na wakacje z kamperem, poniewa\u017c niewielkie odleg\u0142o\u015bci, blisko\u015b\u0107 natury i szeroka oferta kulturalna sprawiaj\u0105, \u017ce wakacje s\u0105 czyst\u0105 przyjemno\u015bci\u0105. Wczasowicze kempingowi mog\u0105 by\u0107 oczarowani krajobrazem Harzu i cieszy\u0107 si\u0119 niezapomnianym pi\u0119knem historycznego starego miasta na sw\u00f3j w\u0142asny spos\u00f3b. Zapraszamy na wakacje kamperem w Goslar!<\/p>\n\n<figure class=\"wp-block-image size-full\"><img loading=\"lazy\" decoding=\"async\" width=\"1019\" height=\"560\" src=\"https:\/\/9staedte.de\/wp-content\/smush-webp\/2024\/06\/Fachwerkgasse_GOSLAR_arketing_gmbh_Fotograf_Stefan_Schiefer.jpg.webp\" alt=\"Fachwerkgasse_GOSLAR marketing gmbh_Photographer_Stefan_Schiefer\" class=\"wp-image-22531\" srcset=\"https:\/\/9staedte.de\/wp-content\/smush-webp\/2024\/06\/Fachwerkgasse_GOSLAR_arketing_gmbh_Fotograf_Stefan_Schiefer.jpg.webp 1019w, https:\/\/9staedte.de\/wp-content\/smush-webp\/2024\/06\/Fachwerkgasse_GOSLAR_arketing_gmbh_Fotograf_Stefan_Schiefer-300x165.jpg.webp 300w, https:\/\/9staedte.de\/wp-content\/smush-webp\/2024\/06\/Fachwerkgasse_GOSLAR_arketing_gmbh_Fotograf_Stefan_Schiefer-768x422.jpg.webp 768w\" sizes=\"auto, (max-width: 1019px) 100vw, 1019px\" \/><figcaption class=\"wp-element-caption\">Fachwerkgasse GOSLAR marketing gmbh_Photographer_Stefan_Schiefer<\/figcaption><\/figure>\n\n <div class=\"brlbs-cmpnt-container brlbs-cmpnt-content-blocker brlbs-cmpnt-with-individual-styles\" data-borlabs-cookie-content-blocker-id=\"google-maps\" data-borlabs-cookie-content=\"PGlmcmFtZSBzcmM9Imh0dHBzOi8vd3d3Lmdvb2dsZS5jb20vbWFwcy9kL2VtYmVkP21pZD0xb2Y3X2p0RkdzcDZ0V2hNckFxdVJEcFVzdkRKVGtvMCZlaGJjPTJFMzEyRiIgd2lkdGg9IjY0MCIgaGVpZ2h0PSI0ODAiPjwvaWZyYW1lPg==\"><div class=\"brlbs-cmpnt-cb-preset-b brlbs-cmpnt-cb-google-maps\"> <div class=\"brlbs-cmpnt-cb-thumbnail\" style=\"background-image: url('https:\/\/9staedte.de\/wp-content\/uploads\/borlabs-cookie\/1\/brlbs-cb-google-maps-main.png')\"><\/div> <div class=\"brlbs-cmpnt-cb-main\"> <div class=\"brlbs-cmpnt-cb-content\"> <p class=\"brlbs-cmpnt-cb-description\">Aktualnie wy\u015bwietlana jest tre\u015b\u0107 zast\u0119pcza z <strong>Google Maps<\/strong>. Aby uzyska\u0107 dost\u0119p do rzeczywistej tre\u015bci, kliknij poni\u017cszy przycisk. Pami\u0119taj, \u017ce spowoduje to udost\u0119pnienie danych zewn\u0119trznym operatorom.<\/p> <a class=\"brlbs-cmpnt-cb-provider-toggle\" href=\"#\" data-borlabs-cookie-show-provider-information role=\"button\">Wi\u0119cej informacji<\/a> <\/div> <div class=\"brlbs-cmpnt-cb-buttons\"> <a class=\"brlbs-cmpnt-cb-btn\" href=\"#\" data-borlabs-cookie-unblock role=\"button\">Odblokuj tre\u015b\u0107<\/a> <a class=\"brlbs-cmpnt-cb-btn\" href=\"#\" data-borlabs-cookie-accept-service role=\"button\" style=\"display: inherit\">Zaakceptuj wymagan\u0105 us\u0142ug\u0119 i odblokuj tre\u015b\u0107<\/a> <\/div> <\/div> <\/div><\/div>\n\n<p><strong>9 wskaz\u00f3wek dla podr\u00f3\u017cuj\u0105cych kamperem<\/strong><\/p>\n\n<ol class=\"wp-block-list\">\n<li>Odwied\u017a wpisane na list\u0119 \u015bwiatowego dziedzictwa UNESCO miasto Goslar i odkryj imponuj\u0105ce stare miasto z domami z muru pruskiego i zabytkami, takimi jak zamek o tej samej nazwie. przeja\u017cd\u017cka kolejk\u0105 linow\u0105 Bimmelbahn<\/li>\n\n\n\n<li>Podziwiaj zapieraj\u0105cy dech w piersiach widok z wie\u017cy ko\u015bcio\u0142a rynkowego<\/li>\n\n\n\n<li>Prze\u017cyj jedn\u0105 z codziennych wycieczek z przewodnikiem po starym mie\u015bcie Goslar<\/li>\n\n\n\n<li>Odwied\u017a kopalni\u0119 Rammelsberg i zanurz si\u0119 w historii g\u00f3rnictwa w regionie, np. na wycieczk\u0119 z przewodnikiem nad lub pod ziemi\u0105.<\/li>\n\n\n\n<li>W Muzeum Goslar i Muzeum Figurek Blaszanych mo\u017cna dowiedzie\u0107 si\u0119 ekscytuj\u0105cych i interesuj\u0105cych fakt\u00f3w na temat 1100-letniej historii miasta Goslar<\/li>\n\n\n\n<li>Odkryj Pa\u0142ac Cesarski, b\u0119d\u0105cy cz\u0119\u015bci\u0105 Starego Miasta i wpisany na List\u0119 \u015awiatowego Dziedzictwa UNESCO.<\/li>\n\n\n\n<li>Wybierz si\u0119 w podr\u00f3\u017c przez r\u00f3\u017cne style architektoniczne i epoki w historycznym ratuszu podczas codziennych wycieczek z przewodnikiem, podczas kt\u00f3rych mo\u017cesz r\u00f3wnie\u017c zobaczy\u0107 now\u0105 wystaw\u0119 multimedialn\u0105 w Sali Ho\u0142du<\/li>\n\n\n\n<li>W centrum starego miasta znajduje si\u0119 wiele kawiarni i restauracji, w kt\u00f3rych mo\u017cna znale\u017a\u0107 szeroki wyb\u00f3r, od kuchni wega\u0144skiej \/ wegetaria\u0144skiej po obfite, typowe dania Harzu, kt\u00f3re zaspokoj\u0105 wszystkie gusta<\/li>\n\n\n\n<li>Parkingi dla kamper\u00f3w znajduj\u0105 si\u0119 w centrum miasta i mo\u017cna je znale\u017a\u0107 w Osterfeld lub na parkingu &#8222;F\u00fcllekuhle&#8221; przy Bertha-von-Suttner-Stra\u00dfe, sk\u0105d mo\u017cna dotrze\u0107 pieszo do starego miasta<\/li>\n<\/ol>\n\n<ul class=\"wp-block-list\">\n<li><a href=\"https:\/\/www.camping-harz.com\/\">https:\/\/www.camping-harz.com\/<\/a>   <\/li>\n\n\n\n<li><a href=\"https:\/\/www.harz-camp-goslar.de\/\">https:\/\/www.harz-camp-goslar.de\/<\/a><\/li>\n\n\n\n<li><a href=\"https:\/\/www.meingoslar.de\/planen-und-buchen\/camping\">https:\/\/www.meingoslar.de\/planen-und-buchen\/camping<\/a><\/li>\n\n\n\n<li>Park kempingowy F\u00fcllekuhle w Goslar<\/li>\n<\/ul>\n\n<p><\/p>\n\n<p><\/p>\n","protected":false},"excerpt":{"rendered":"<p>Wakacje z kamperem w Goslar Ciesz si\u0119 wolno\u015bci\u0105 i nadal miej sw\u00f3j w\u0142asny dom na wakacjach: Podr\u00f3\u017cuj\u0105cy kamperem maj\u0105 t\u0119 przewag\u0119 wsz\u0119dzie i w drodze. Goslar to idealne miejsce na wakacje z kamperem, poniewa\u017c niewielkie odleg\u0142o\u015bci, blisko\u015b\u0107 natury i szeroka oferta kulturalna sprawiaj\u0105, \u017ce wakacje s\u0105 czyst\u0105 przyjemno\u015bci\u0105. Wczasowicze kempingowi mog\u0105 by\u0107 oczarowani krajobrazem Harzu [&hellip;]<\/p>\n","protected":false},"author":6,"featured_media":0,"parent":0,"menu_order":0,"comment_status":"closed","ping_status":"closed","template":"","meta":{"_acf_changed":false,"footnotes":""},"categories":[],"tags":[],"ncap_cities_tax":[445,1417],"class_list":["post-22551","page","type-page","status-publish","hentry","ncap_cities_tax-goslar-pl","ncap_cities_tax-reisemobilstellplatze-goslar-pl"],"acf":[],"yoast_head":"<!-- This site is optimized with the Yoast SEO plugin v26.8 - https:\/\/yoast.com\/product\/yoast-seo-wordpress\/ -->\n<title>Z kamperem do Goslar - 9 St\u00e4dte in Niedersachsen<\/title>\n<meta name=\"robots\" content=\"index, follow, max-snippet:-1, max-image-preview:large, max-video-preview:-1\" \/>\n<link rel=\"canonical\" href=\"https:\/\/9staedte.de\/pl\/z-kamperem-do-goslar\/\" \/>\n<meta property=\"og:locale\" content=\"pl_PL\" \/>\n<meta property=\"og:type\" content=\"article\" \/>\n<meta property=\"og:title\" content=\"Z kamperem do Goslar - 9 St\u00e4dte in Niedersachsen\" \/>\n<meta property=\"og:description\" content=\"Wakacje z kamperem w Goslar Ciesz si\u0119 wolno\u015bci\u0105 i nadal miej sw\u00f3j w\u0142asny dom na wakacjach: Podr\u00f3\u017cuj\u0105cy kamperem maj\u0105 t\u0119 przewag\u0119 wsz\u0119dzie i w drodze. Goslar to idealne miejsce na wakacje z kamperem, poniewa\u017c niewielkie odleg\u0142o\u015bci, blisko\u015b\u0107 natury i szeroka oferta kulturalna sprawiaj\u0105, \u017ce wakacje s\u0105 czyst\u0105 przyjemno\u015bci\u0105. Wczasowicze kempingowi mog\u0105 by\u0107 oczarowani krajobrazem Harzu [&hellip;]\" \/>\n<meta property=\"og:url\" content=\"https:\/\/9staedte.de\/pl\/z-kamperem-do-goslar\/\" \/>\n<meta property=\"og:site_name\" content=\"9 St\u00e4dte in Niedersachsen\" \/>\n<meta property=\"article:modified_time\" content=\"2024-07-04T12:17:02+00:00\" \/>\n<meta property=\"og:image\" content=\"https:\/\/9staedte.de\/wp-content\/uploads\/2024\/06\/Fachwerkgasse_GOSLAR_arketing_gmbh_Fotograf_Stefan_Schiefer.jpg\" \/>\n<meta name=\"twitter:card\" content=\"summary_large_image\" \/>\n<meta name=\"twitter:label1\" content=\"Szacowany czas czytania\" \/>\n\t<meta name=\"twitter:data1\" content=\"2 minuty\" \/>\n<script type=\"application\/ld+json\" class=\"yoast-schema-graph\">{\"@context\":\"https:\/\/schema.org\",\"@graph\":[{\"@type\":\"WebPage\",\"@id\":\"https:\/\/9staedte.de\/pl\/z-kamperem-do-goslar\/\",\"url\":\"https:\/\/9staedte.de\/pl\/z-kamperem-do-goslar\/\",\"name\":\"Z kamperem do Goslar - 9 St\u00e4dte in Niedersachsen\",\"isPartOf\":{\"@id\":\"https:\/\/9staedte.de\/pl\/#website\"},\"primaryImageOfPage\":{\"@id\":\"https:\/\/9staedte.de\/pl\/z-kamperem-do-goslar\/#primaryimage\"},\"image\":{\"@id\":\"https:\/\/9staedte.de\/pl\/z-kamperem-do-goslar\/#primaryimage\"},\"thumbnailUrl\":\"https:\/\/9staedte.de\/wp-content\/uploads\/2024\/06\/Fachwerkgasse_GOSLAR_arketing_gmbh_Fotograf_Stefan_Schiefer.jpg\",\"datePublished\":\"2024-06-13T15:02:26+00:00\",\"dateModified\":\"2024-07-04T12:17:02+00:00\",\"breadcrumb\":{\"@id\":\"https:\/\/9staedte.de\/pl\/z-kamperem-do-goslar\/#breadcrumb\"},\"inLanguage\":\"pl-PL\",\"potentialAction\":[{\"@type\":\"ReadAction\",\"target\":[\"https:\/\/9staedte.de\/pl\/z-kamperem-do-goslar\/\"]}]},{\"@type\":\"ImageObject\",\"inLanguage\":\"pl-PL\",\"@id\":\"https:\/\/9staedte.de\/pl\/z-kamperem-do-goslar\/#primaryimage\",\"url\":\"https:\/\/9staedte.de\/wp-content\/uploads\/2024\/06\/Fachwerkgasse_GOSLAR_arketing_gmbh_Fotograf_Stefan_Schiefer.jpg\",\"contentUrl\":\"https:\/\/9staedte.de\/wp-content\/uploads\/2024\/06\/Fachwerkgasse_GOSLAR_arketing_gmbh_Fotograf_Stefan_Schiefer.jpg\"},{\"@type\":\"BreadcrumbList\",\"@id\":\"https:\/\/9staedte.de\/pl\/z-kamperem-do-goslar\/#breadcrumb\",\"itemListElement\":[{\"@type\":\"ListItem\",\"position\":1,\"name\":\"Startseite\",\"item\":\"https:\/\/9staedte.de\/pl\/\"},{\"@type\":\"ListItem\",\"position\":2,\"name\":\"Z kamperem do Goslar\"}]},{\"@type\":\"WebSite\",\"@id\":\"https:\/\/9staedte.de\/pl\/#website\",\"url\":\"https:\/\/9staedte.de\/pl\/\",\"name\":\"9 St\u00e4dte in Niedersachsen\",\"description\":\"\",\"publisher\":{\"@id\":\"https:\/\/9staedte.de\/pl\/#organization\"},\"potentialAction\":[{\"@type\":\"SearchAction\",\"target\":{\"@type\":\"EntryPoint\",\"urlTemplate\":\"https:\/\/9staedte.de\/pl\/?s={search_term_string}\"},\"query-input\":{\"@type\":\"PropertyValueSpecification\",\"valueRequired\":true,\"valueName\":\"search_term_string\"}}],\"inLanguage\":\"pl-PL\"},{\"@type\":\"Organization\",\"@id\":\"https:\/\/9staedte.de\/pl\/#organization\",\"name\":\"9 St\u00e4dte in Niedersachsen\",\"url\":\"https:\/\/9staedte.de\/pl\/\",\"logo\":{\"@type\":\"ImageObject\",\"inLanguage\":\"pl-PL\",\"@id\":\"https:\/\/9staedte.de\/pl\/#\/schema\/logo\/image\/\",\"url\":\"https:\/\/9staedte.de\/wp-content\/uploads\/2025\/01\/9-neg-deutsch-2-1.png\",\"contentUrl\":\"https:\/\/9staedte.de\/wp-content\/uploads\/2025\/01\/9-neg-deutsch-2-1.png\",\"width\":190,\"height\":114,\"caption\":\"9 St\u00e4dte in Niedersachsen\"},\"image\":{\"@id\":\"https:\/\/9staedte.de\/pl\/#\/schema\/logo\/image\/\"}}]}<\/script>\n<!-- \/ Yoast SEO plugin. -->","yoast_head_json":{"title":"Z kamperem do Goslar - 9 St\u00e4dte in Niedersachsen","robots":{"index":"index","follow":"follow","max-snippet":"max-snippet:-1","max-image-preview":"max-image-preview:large","max-video-preview":"max-video-preview:-1"},"canonical":"https:\/\/9staedte.de\/pl\/z-kamperem-do-goslar\/","og_locale":"pl_PL","og_type":"article","og_title":"Z kamperem do Goslar - 9 St\u00e4dte in Niedersachsen","og_description":"Wakacje z kamperem w Goslar Ciesz si\u0119 wolno\u015bci\u0105 i nadal miej sw\u00f3j w\u0142asny dom na wakacjach: Podr\u00f3\u017cuj\u0105cy kamperem maj\u0105 t\u0119 przewag\u0119 wsz\u0119dzie i w drodze. Goslar to idealne miejsce na wakacje z kamperem, poniewa\u017c niewielkie odleg\u0142o\u015bci, blisko\u015b\u0107 natury i szeroka oferta kulturalna sprawiaj\u0105, \u017ce wakacje s\u0105 czyst\u0105 przyjemno\u015bci\u0105. Wczasowicze kempingowi mog\u0105 by\u0107 oczarowani krajobrazem Harzu [&hellip;]","og_url":"https:\/\/9staedte.de\/pl\/z-kamperem-do-goslar\/","og_site_name":"9 St\u00e4dte in Niedersachsen","article_modified_time":"2024-07-04T12:17:02+00:00","og_image":[{"url":"https:\/\/9staedte.de\/wp-content\/uploads\/2024\/06\/Fachwerkgasse_GOSLAR_arketing_gmbh_Fotograf_Stefan_Schiefer.jpg","type":"","width":"","height":""}],"twitter_card":"summary_large_image","twitter_misc":{"Szacowany czas czytania":"2 minuty"},"schema":{"@context":"https:\/\/schema.org","@graph":[{"@type":"WebPage","@id":"https:\/\/9staedte.de\/pl\/z-kamperem-do-goslar\/","url":"https:\/\/9staedte.de\/pl\/z-kamperem-do-goslar\/","name":"Z kamperem do Goslar - 9 St\u00e4dte in Niedersachsen","isPartOf":{"@id":"https:\/\/9staedte.de\/pl\/#website"},"primaryImageOfPage":{"@id":"https:\/\/9staedte.de\/pl\/z-kamperem-do-goslar\/#primaryimage"},"image":{"@id":"https:\/\/9staedte.de\/pl\/z-kamperem-do-goslar\/#primaryimage"},"thumbnailUrl":"https:\/\/9staedte.de\/wp-content\/uploads\/2024\/06\/Fachwerkgasse_GOSLAR_arketing_gmbh_Fotograf_Stefan_Schiefer.jpg","datePublished":"2024-06-13T15:02:26+00:00","dateModified":"2024-07-04T12:17:02+00:00","breadcrumb":{"@id":"https:\/\/9staedte.de\/pl\/z-kamperem-do-goslar\/#breadcrumb"},"inLanguage":"pl-PL","potentialAction":[{"@type":"ReadAction","target":["https:\/\/9staedte.de\/pl\/z-kamperem-do-goslar\/"]}]},{"@type":"ImageObject","inLanguage":"pl-PL","@id":"https:\/\/9staedte.de\/pl\/z-kamperem-do-goslar\/#primaryimage","url":"https:\/\/9staedte.de\/wp-content\/uploads\/2024\/06\/Fachwerkgasse_GOSLAR_arketing_gmbh_Fotograf_Stefan_Schiefer.jpg","contentUrl":"https:\/\/9staedte.de\/wp-content\/uploads\/2024\/06\/Fachwerkgasse_GOSLAR_arketing_gmbh_Fotograf_Stefan_Schiefer.jpg"},{"@type":"BreadcrumbList","@id":"https:\/\/9staedte.de\/pl\/z-kamperem-do-goslar\/#breadcrumb","itemListElement":[{"@type":"ListItem","position":1,"name":"Startseite","item":"https:\/\/9staedte.de\/pl\/"},{"@type":"ListItem","position":2,"name":"Z kamperem do Goslar"}]},{"@type":"WebSite","@id":"https:\/\/9staedte.de\/pl\/#website","url":"https:\/\/9staedte.de\/pl\/","name":"9 St\u00e4dte in Niedersachsen","description":"","publisher":{"@id":"https:\/\/9staedte.de\/pl\/#organization"},"potentialAction":[{"@type":"SearchAction","target":{"@type":"EntryPoint","urlTemplate":"https:\/\/9staedte.de\/pl\/?s={search_term_string}"},"query-input":{"@type":"PropertyValueSpecification","valueRequired":true,"valueName":"search_term_string"}}],"inLanguage":"pl-PL"},{"@type":"Organization","@id":"https:\/\/9staedte.de\/pl\/#organization","name":"9 St\u00e4dte in Niedersachsen","url":"https:\/\/9staedte.de\/pl\/","logo":{"@type":"ImageObject","inLanguage":"pl-PL","@id":"https:\/\/9staedte.de\/pl\/#\/schema\/logo\/image\/","url":"https:\/\/9staedte.de\/wp-content\/uploads\/2025\/01\/9-neg-deutsch-2-1.png","contentUrl":"https:\/\/9staedte.de\/wp-content\/uploads\/2025\/01\/9-neg-deutsch-2-1.png","width":190,"height":114,"caption":"9 St\u00e4dte in Niedersachsen"},"image":{"@id":"https:\/\/9staedte.de\/pl\/#\/schema\/logo\/image\/"}}]}},"_links":{"self":[{"href":"https:\/\/9staedte.de\/pl\/wp-json\/wp\/v2\/pages\/22551","targetHints":{"allow":["GET"]}}],"collection":[{"href":"https:\/\/9staedte.de\/pl\/wp-json\/wp\/v2\/pages"}],"about":[{"href":"https:\/\/9staedte.de\/pl\/wp-json\/wp\/v2\/types\/page"}],"author":[{"embeddable":true,"href":"https:\/\/9staedte.de\/pl\/wp-json\/wp\/v2\/users\/6"}],"replies":[{"embeddable":true,"href":"https:\/\/9staedte.de\/pl\/wp-json\/wp\/v2\/comments?post=22551"}],"version-history":[{"count":2,"href":"https:\/\/9staedte.de\/pl\/wp-json\/wp\/v2\/pages\/22551\/revisions"}],"predecessor-version":[{"id":23005,"href":"https:\/\/9staedte.de\/pl\/wp-json\/wp\/v2\/pages\/22551\/revisions\/23005"}],"wp:attachment":[{"href":"https:\/\/9staedte.de\/pl\/wp-json\/wp\/v2\/media?parent=22551"}],"wp:term":[{"taxonomy":"category","embeddable":true,"href":"https:\/\/9staedte.de\/pl\/wp-json\/wp\/v2\/categories?post=22551"},{"taxonomy":"post_tag","embeddable":true,"href":"https:\/\/9staedte.de\/pl\/wp-json\/wp\/v2\/tags?post=22551"},{"taxonomy":"ncap_cities_tax","embeddable":true,"href":"https:\/\/9staedte.de\/pl\/wp-json\/wp\/v2\/ncap_cities_tax?post=22551"}],"curies":[{"name":"wp","href":"https:\/\/api.w.org\/{rel}","templated":true}]}}