{"id":22491,"date":"2024-06-13T16:13:10","date_gmt":"2024-06-13T14:13:10","guid":{"rendered":"https:\/\/9staedte.de\/mit-dem-reisemobil-nach-einbeck\/"},"modified":"2024-06-13T16:26:24","modified_gmt":"2024-06-13T14:26:24","slug":"mit-dem-reisemobil-nach-einbeck","status":"publish","type":"page","link":"https:\/\/9staedte.de\/pl\/einbeck-klasyczne-samochody-domy-z-muru-pruskiego-piwo\/mit-dem-reisemobil-nach-einbeck\/","title":{"rendered":"Z kamperem do Einbeck"},"content":{"rendered":"\n<h2 class=\"wp-block-heading\">Einbeck, klejnot w centrum Niemiec<\/h2>\n\n\n\n<p>Einbeck, prawdziwy klejnot w centrum Niemiec, s\u0142ynie z imponuj\u0105cych dom\u00f3w z muru pruskiego, s\u0142ynnego piwa Einbeck i najwi\u0119kszej kolekcji zabytkowych samochod\u00f3w w Europie &#8211; PS.SPEICHER. Einbeck, o powierzchni ponad 231 kilometr\u00f3w kwadratowych, jest najwi\u0119kszym miastem w po\u0142udniowej Dolnej Saksonii, otoczonym malowniczymi pasmami g\u00f3rskimi Weserbergland, Harz i Solling.<\/p>\n\n\n\n<p>Miasto oferuje podr\u00f3\u017cuj\u0105cym samochodami kempingowymi 30 przestronnych stanowisk po\u0142o\u017conych centralnie obok krytego\/zewn\u0119trznego basenu, w pobli\u017cu starego miasta i lasu miejskiego, Hube, zapewniaj\u0105cych idealny wypoczynek i relaks. Einbeck jest zatem idealnym miejscem dla wczasowicz\u00f3w, kt\u00f3rzy w r\u00f3wnym stopniu ceni\u0105 sobie kultur\u0119 i przyrod\u0119.<\/p>\n\n\n\n<figure class=\"wp-block-image size-full\"><img loading=\"lazy\" decoding=\"async\" width=\"1020\" height=\"560\" src=\"https:\/\/9staedte.de\/wp-content\/smush-webp\/2024\/06\/Einbeck-Wohnmobilstellplatz-\u00a9-Stadtwerke-Einbeck-1.jpg.webp\" alt=\"\" class=\"wp-image-22478\" srcset=\"https:\/\/9staedte.de\/wp-content\/smush-webp\/2024\/06\/Einbeck-Wohnmobilstellplatz-\u00a9-Stadtwerke-Einbeck-1.jpg.webp 1020w, https:\/\/9staedte.de\/wp-content\/smush-webp\/2024\/06\/Einbeck-Wohnmobilstellplatz-\u00a9-Stadtwerke-Einbeck-1-300x165.jpg.webp 300w, https:\/\/9staedte.de\/wp-content\/smush-webp\/2024\/06\/Einbeck-Wohnmobilstellplatz-\u00a9-Stadtwerke-Einbeck-1-768x422.jpg.webp 768w\" sizes=\"auto, (max-width: 1020px) 100vw, 1020px\" \/><\/figure>\n\n\n\n <div class=\"brlbs-cmpnt-container brlbs-cmpnt-content-blocker brlbs-cmpnt-with-individual-styles\" data-borlabs-cookie-content-blocker-id=\"google-maps\" data-borlabs-cookie-content=\"PGlmcmFtZSBzcmM9Imh0dHBzOi8vd3d3Lmdvb2dsZS5jb20vbWFwcy9kL2VtYmVkP21pZD0xc0xIWmFfZnlITnE4ZWVmME5zOV9UWU1GZkxCNmpRSSZlaGJjPTJFMzEyRiIgd2lkdGg9IjY0MCIgaGVpZ2h0PSI0ODAiPjwvaWZyYW1lPg==\"><div class=\"brlbs-cmpnt-cb-preset-b brlbs-cmpnt-cb-google-maps\"> <div class=\"brlbs-cmpnt-cb-thumbnail\" style=\"background-image: url('https:\/\/9staedte.de\/wp-content\/uploads\/borlabs-cookie\/1\/brlbs-cb-google-maps-main.png')\"><\/div> <div class=\"brlbs-cmpnt-cb-main\"> <div class=\"brlbs-cmpnt-cb-content\"> <p class=\"brlbs-cmpnt-cb-description\">Aktualnie wy\u015bwietlana jest tre\u015b\u0107 zast\u0119pcza z <strong>Google Maps<\/strong>. Aby uzyska\u0107 dost\u0119p do rzeczywistej tre\u015bci, kliknij poni\u017cszy przycisk. Pami\u0119taj, \u017ce spowoduje to udost\u0119pnienie danych zewn\u0119trznym operatorom.<\/p> <a class=\"brlbs-cmpnt-cb-provider-toggle\" href=\"#\" data-borlabs-cookie-show-provider-information role=\"button\">Wi\u0119cej informacji<\/a> <\/div> <div class=\"brlbs-cmpnt-cb-buttons\"> <a class=\"brlbs-cmpnt-cb-btn\" href=\"#\" data-borlabs-cookie-unblock role=\"button\">Odblokuj tre\u015b\u0107<\/a> <a class=\"brlbs-cmpnt-cb-btn\" href=\"#\" data-borlabs-cookie-accept-service role=\"button\" style=\"display: inherit\">Zaakceptuj wymagan\u0105 us\u0142ug\u0119 i odblokuj tre\u015b\u0107<\/a> <\/div> <\/div> <\/div><\/div>\n\n\n\n<p><a href=\"https:\/\/www.einbeck-tourismus.de\/wohnmobilstellplatz\">Wi\u0119cej informacji o kempingu Einbeck:<\/a><\/p>\n\n\n\n<p><strong>9 wskaz\u00f3wek:<\/strong><br>1. samodzielne zwiedzanie Einbeck Beer Trail i degustacja piwa Einbeck lub zarezerwowanie wycieczki po browarze.<br>2. przerwa na kaw\u0119 na rynku.<br>3. zobaczy\u0107 najstarsz\u0105 beczk\u0119 piwa w Niemczech w StadtMuseum.<br>4. wzi\u0105\u0107 udzia\u0142 w publicznej wycieczce z przewodnikiem po mie\u015bcie.<br>5. odwiedzi\u0107 PS.SPEICHER i wcisn\u0105\u0107 gaz do dechy w Porsche-Sumulator.<br>6. degustacja musztardy Einbecker<br>7. Odkryj wyj\u0105tkowe miejsca sztuki ulicznej na domach, \u015bcianach lub autobusach i zr\u00f3b sobie pami\u0105tkowe zdj\u0119cie na ich tle.<br>8. kupi\u0107 co\u015b r\u0119cznie robionego z niebieskim nadrukiem.<br>9. wej\u015bcie na wie\u017c\u0119 ko\u015bcio\u0142a Marktkirche, wdychanie g\u00f3rskiego powietrza i podziwianie widok\u00f3w.<\/p>\n","protected":false},"excerpt":{"rendered":"<p>Einbeck, klejnot w centrum Niemiec Einbeck, prawdziwy klejnot w centrum Niemiec, s\u0142ynie z imponuj\u0105cych dom\u00f3w z muru pruskiego, s\u0142ynnego piwa Einbeck i najwi\u0119kszej kolekcji zabytkowych samochod\u00f3w w Europie &#8211; PS.SPEICHER. Einbeck, o powierzchni ponad 231 kilometr\u00f3w kwadratowych, jest najwi\u0119kszym miastem w po\u0142udniowej Dolnej Saksonii, otoczonym malowniczymi pasmami g\u00f3rskimi Weserbergland, Harz i Solling. Miasto oferuje podr\u00f3\u017cuj\u0105cym [&hellip;]<\/p>\n","protected":false},"author":6,"featured_media":22475,"parent":18058,"menu_order":0,"comment_status":"closed","ping_status":"closed","template":"","meta":{"_acf_changed":false,"footnotes":""},"categories":[],"tags":[],"ncap_cities_tax":[479,1451],"class_list":["post-22491","page","type-page","status-publish","has-post-thumbnail","hentry","ncap_cities_tax-einbeck-pl","ncap_cities_tax-reisemobilstellplatze-einbeck-pl"],"acf":[],"yoast_head":"<!-- This site is optimized with the Yoast SEO plugin v27.4 - https:\/\/yoast.com\/product\/yoast-seo-wordpress\/ -->\n<title>Z kamperem do Einbeck - 9 St\u00e4dte in Niedersachsen<\/title>\n<meta name=\"robots\" content=\"index, follow, max-snippet:-1, max-image-preview:large, max-video-preview:-1\" \/>\n<link rel=\"canonical\" href=\"https:\/\/9staedte.de\/pl\/einbeck-klasyczne-samochody-domy-z-muru-pruskiego-piwo\/mit-dem-reisemobil-nach-einbeck\/\" \/>\n<meta property=\"og:locale\" content=\"pl_PL\" \/>\n<meta property=\"og:type\" content=\"article\" \/>\n<meta property=\"og:title\" content=\"Z kamperem do Einbeck - 9 St\u00e4dte in Niedersachsen\" \/>\n<meta property=\"og:description\" content=\"Einbeck, klejnot w centrum Niemiec Einbeck, prawdziwy klejnot w centrum Niemiec, s\u0142ynie z imponuj\u0105cych dom\u00f3w z muru pruskiego, s\u0142ynnego piwa Einbeck i najwi\u0119kszej kolekcji zabytkowych samochod\u00f3w w Europie &#8211; PS.SPEICHER. Einbeck, o powierzchni ponad 231 kilometr\u00f3w kwadratowych, jest najwi\u0119kszym miastem w po\u0142udniowej Dolnej Saksonii, otoczonym malowniczymi pasmami g\u00f3rskimi Weserbergland, Harz i Solling. Miasto oferuje podr\u00f3\u017cuj\u0105cym [&hellip;]\" \/>\n<meta property=\"og:url\" content=\"https:\/\/9staedte.de\/pl\/einbeck-klasyczne-samochody-domy-z-muru-pruskiego-piwo\/mit-dem-reisemobil-nach-einbeck\/\" \/>\n<meta property=\"og:site_name\" content=\"9 St\u00e4dte in Niedersachsen\" \/>\n<meta property=\"article:modified_time\" content=\"2024-06-13T14:26:24+00:00\" \/>\n<meta property=\"og:image\" content=\"https:\/\/9staedte.de\/wp-content\/uploads\/2024\/06\/Einbeck-Parkanlage-\u00a9Max-Wiesenbach-1.jpg\" \/>\n\t<meta property=\"og:image:width\" content=\"1020\" \/>\n\t<meta property=\"og:image:height\" content=\"560\" \/>\n\t<meta property=\"og:image:type\" content=\"image\/jpeg\" \/>\n<meta name=\"twitter:card\" content=\"summary_large_image\" \/>\n<meta name=\"twitter:label1\" content=\"Szacowany czas czytania\" \/>\n\t<meta name=\"twitter:data1\" content=\"2 minuty\" \/>\n<script type=\"application\/ld+json\" class=\"yoast-schema-graph\">{\"@context\":\"https:\\\/\\\/schema.org\",\"@graph\":[{\"@type\":\"WebPage\",\"@id\":\"https:\\\/\\\/9staedte.de\\\/pl\\\/einbeck-klasyczne-samochody-domy-z-muru-pruskiego-piwo\\\/mit-dem-reisemobil-nach-einbeck\\\/\",\"url\":\"https:\\\/\\\/9staedte.de\\\/pl\\\/einbeck-klasyczne-samochody-domy-z-muru-pruskiego-piwo\\\/mit-dem-reisemobil-nach-einbeck\\\/\",\"name\":\"Z kamperem do Einbeck - 9 St\u00e4dte in Niedersachsen\",\"isPartOf\":{\"@id\":\"https:\\\/\\\/9staedte.de\\\/pl\\\/#website\"},\"primaryImageOfPage\":{\"@id\":\"https:\\\/\\\/9staedte.de\\\/pl\\\/einbeck-klasyczne-samochody-domy-z-muru-pruskiego-piwo\\\/mit-dem-reisemobil-nach-einbeck\\\/#primaryimage\"},\"image\":{\"@id\":\"https:\\\/\\\/9staedte.de\\\/pl\\\/einbeck-klasyczne-samochody-domy-z-muru-pruskiego-piwo\\\/mit-dem-reisemobil-nach-einbeck\\\/#primaryimage\"},\"thumbnailUrl\":\"https:\\\/\\\/9staedte.de\\\/wp-content\\\/uploads\\\/2024\\\/06\\\/Einbeck-Parkanlage-\u00a9Max-Wiesenbach-1.jpg\",\"datePublished\":\"2024-06-13T14:13:10+00:00\",\"dateModified\":\"2024-06-13T14:26:24+00:00\",\"breadcrumb\":{\"@id\":\"https:\\\/\\\/9staedte.de\\\/pl\\\/einbeck-klasyczne-samochody-domy-z-muru-pruskiego-piwo\\\/mit-dem-reisemobil-nach-einbeck\\\/#breadcrumb\"},\"inLanguage\":\"pl-PL\",\"potentialAction\":[{\"@type\":\"ReadAction\",\"target\":[\"https:\\\/\\\/9staedte.de\\\/pl\\\/einbeck-klasyczne-samochody-domy-z-muru-pruskiego-piwo\\\/mit-dem-reisemobil-nach-einbeck\\\/\"]}]},{\"@type\":\"ImageObject\",\"inLanguage\":\"pl-PL\",\"@id\":\"https:\\\/\\\/9staedte.de\\\/pl\\\/einbeck-klasyczne-samochody-domy-z-muru-pruskiego-piwo\\\/mit-dem-reisemobil-nach-einbeck\\\/#primaryimage\",\"url\":\"https:\\\/\\\/9staedte.de\\\/wp-content\\\/uploads\\\/2024\\\/06\\\/Einbeck-Parkanlage-\u00a9Max-Wiesenbach-1.jpg\",\"contentUrl\":\"https:\\\/\\\/9staedte.de\\\/wp-content\\\/uploads\\\/2024\\\/06\\\/Einbeck-Parkanlage-\u00a9Max-Wiesenbach-1.jpg\",\"width\":1020,\"height\":560,\"caption\":\"Einbeck Parkanlage \u00a9Max Wiesenbach\"},{\"@type\":\"BreadcrumbList\",\"@id\":\"https:\\\/\\\/9staedte.de\\\/pl\\\/einbeck-klasyczne-samochody-domy-z-muru-pruskiego-piwo\\\/mit-dem-reisemobil-nach-einbeck\\\/#breadcrumb\",\"itemListElement\":[{\"@type\":\"ListItem\",\"position\":1,\"name\":\"Startseite\",\"item\":\"https:\\\/\\\/9staedte.de\\\/pl\\\/\"},{\"@type\":\"ListItem\",\"position\":2,\"name\":\"Z kamperem do Einbeck\"}]},{\"@type\":\"WebSite\",\"@id\":\"https:\\\/\\\/9staedte.de\\\/pl\\\/#website\",\"url\":\"https:\\\/\\\/9staedte.de\\\/pl\\\/\",\"name\":\"9 St\u00e4dte in Niedersachsen\",\"description\":\"\",\"publisher\":{\"@id\":\"https:\\\/\\\/9staedte.de\\\/pl\\\/#organization\"},\"potentialAction\":[{\"@type\":\"SearchAction\",\"target\":{\"@type\":\"EntryPoint\",\"urlTemplate\":\"https:\\\/\\\/9staedte.de\\\/pl\\\/?s={search_term_string}\"},\"query-input\":{\"@type\":\"PropertyValueSpecification\",\"valueRequired\":true,\"valueName\":\"search_term_string\"}}],\"inLanguage\":\"pl-PL\"},{\"@type\":\"Organization\",\"@id\":\"https:\\\/\\\/9staedte.de\\\/pl\\\/#organization\",\"name\":\"9 St\u00e4dte in Niedersachsen\",\"url\":\"https:\\\/\\\/9staedte.de\\\/pl\\\/\",\"logo\":{\"@type\":\"ImageObject\",\"inLanguage\":\"pl-PL\",\"@id\":\"https:\\\/\\\/9staedte.de\\\/pl\\\/#\\\/schema\\\/logo\\\/image\\\/\",\"url\":\"https:\\\/\\\/9staedte.de\\\/wp-content\\\/uploads\\\/2025\\\/01\\\/9-neg-deutsch-2-1.png\",\"contentUrl\":\"https:\\\/\\\/9staedte.de\\\/wp-content\\\/uploads\\\/2025\\\/01\\\/9-neg-deutsch-2-1.png\",\"width\":190,\"height\":114,\"caption\":\"9 St\u00e4dte in Niedersachsen\"},\"image\":{\"@id\":\"https:\\\/\\\/9staedte.de\\\/pl\\\/#\\\/schema\\\/logo\\\/image\\\/\"}}]}<\/script>\n<!-- \/ Yoast SEO plugin. -->","yoast_head_json":{"title":"Z kamperem do Einbeck - 9 St\u00e4dte in Niedersachsen","robots":{"index":"index","follow":"follow","max-snippet":"max-snippet:-1","max-image-preview":"max-image-preview:large","max-video-preview":"max-video-preview:-1"},"canonical":"https:\/\/9staedte.de\/pl\/einbeck-klasyczne-samochody-domy-z-muru-pruskiego-piwo\/mit-dem-reisemobil-nach-einbeck\/","og_locale":"pl_PL","og_type":"article","og_title":"Z kamperem do Einbeck - 9 St\u00e4dte in Niedersachsen","og_description":"Einbeck, klejnot w centrum Niemiec Einbeck, prawdziwy klejnot w centrum Niemiec, s\u0142ynie z imponuj\u0105cych dom\u00f3w z muru pruskiego, s\u0142ynnego piwa Einbeck i najwi\u0119kszej kolekcji zabytkowych samochod\u00f3w w Europie &#8211; PS.SPEICHER. Einbeck, o powierzchni ponad 231 kilometr\u00f3w kwadratowych, jest najwi\u0119kszym miastem w po\u0142udniowej Dolnej Saksonii, otoczonym malowniczymi pasmami g\u00f3rskimi Weserbergland, Harz i Solling. Miasto oferuje podr\u00f3\u017cuj\u0105cym [&hellip;]","og_url":"https:\/\/9staedte.de\/pl\/einbeck-klasyczne-samochody-domy-z-muru-pruskiego-piwo\/mit-dem-reisemobil-nach-einbeck\/","og_site_name":"9 St\u00e4dte in Niedersachsen","article_modified_time":"2024-06-13T14:26:24+00:00","og_image":[{"width":1020,"height":560,"url":"https:\/\/9staedte.de\/wp-content\/uploads\/2024\/06\/Einbeck-Parkanlage-\u00a9Max-Wiesenbach-1.jpg","type":"image\/jpeg"}],"twitter_card":"summary_large_image","twitter_misc":{"Szacowany czas czytania":"2 minuty"},"schema":{"@context":"https:\/\/schema.org","@graph":[{"@type":"WebPage","@id":"https:\/\/9staedte.de\/pl\/einbeck-klasyczne-samochody-domy-z-muru-pruskiego-piwo\/mit-dem-reisemobil-nach-einbeck\/","url":"https:\/\/9staedte.de\/pl\/einbeck-klasyczne-samochody-domy-z-muru-pruskiego-piwo\/mit-dem-reisemobil-nach-einbeck\/","name":"Z kamperem do Einbeck - 9 St\u00e4dte in Niedersachsen","isPartOf":{"@id":"https:\/\/9staedte.de\/pl\/#website"},"primaryImageOfPage":{"@id":"https:\/\/9staedte.de\/pl\/einbeck-klasyczne-samochody-domy-z-muru-pruskiego-piwo\/mit-dem-reisemobil-nach-einbeck\/#primaryimage"},"image":{"@id":"https:\/\/9staedte.de\/pl\/einbeck-klasyczne-samochody-domy-z-muru-pruskiego-piwo\/mit-dem-reisemobil-nach-einbeck\/#primaryimage"},"thumbnailUrl":"https:\/\/9staedte.de\/wp-content\/uploads\/2024\/06\/Einbeck-Parkanlage-\u00a9Max-Wiesenbach-1.jpg","datePublished":"2024-06-13T14:13:10+00:00","dateModified":"2024-06-13T14:26:24+00:00","breadcrumb":{"@id":"https:\/\/9staedte.de\/pl\/einbeck-klasyczne-samochody-domy-z-muru-pruskiego-piwo\/mit-dem-reisemobil-nach-einbeck\/#breadcrumb"},"inLanguage":"pl-PL","potentialAction":[{"@type":"ReadAction","target":["https:\/\/9staedte.de\/pl\/einbeck-klasyczne-samochody-domy-z-muru-pruskiego-piwo\/mit-dem-reisemobil-nach-einbeck\/"]}]},{"@type":"ImageObject","inLanguage":"pl-PL","@id":"https:\/\/9staedte.de\/pl\/einbeck-klasyczne-samochody-domy-z-muru-pruskiego-piwo\/mit-dem-reisemobil-nach-einbeck\/#primaryimage","url":"https:\/\/9staedte.de\/wp-content\/uploads\/2024\/06\/Einbeck-Parkanlage-\u00a9Max-Wiesenbach-1.jpg","contentUrl":"https:\/\/9staedte.de\/wp-content\/uploads\/2024\/06\/Einbeck-Parkanlage-\u00a9Max-Wiesenbach-1.jpg","width":1020,"height":560,"caption":"Einbeck Parkanlage \u00a9Max Wiesenbach"},{"@type":"BreadcrumbList","@id":"https:\/\/9staedte.de\/pl\/einbeck-klasyczne-samochody-domy-z-muru-pruskiego-piwo\/mit-dem-reisemobil-nach-einbeck\/#breadcrumb","itemListElement":[{"@type":"ListItem","position":1,"name":"Startseite","item":"https:\/\/9staedte.de\/pl\/"},{"@type":"ListItem","position":2,"name":"Z kamperem do Einbeck"}]},{"@type":"WebSite","@id":"https:\/\/9staedte.de\/pl\/#website","url":"https:\/\/9staedte.de\/pl\/","name":"9 St\u00e4dte in Niedersachsen","description":"","publisher":{"@id":"https:\/\/9staedte.de\/pl\/#organization"},"potentialAction":[{"@type":"SearchAction","target":{"@type":"EntryPoint","urlTemplate":"https:\/\/9staedte.de\/pl\/?s={search_term_string}"},"query-input":{"@type":"PropertyValueSpecification","valueRequired":true,"valueName":"search_term_string"}}],"inLanguage":"pl-PL"},{"@type":"Organization","@id":"https:\/\/9staedte.de\/pl\/#organization","name":"9 St\u00e4dte in Niedersachsen","url":"https:\/\/9staedte.de\/pl\/","logo":{"@type":"ImageObject","inLanguage":"pl-PL","@id":"https:\/\/9staedte.de\/pl\/#\/schema\/logo\/image\/","url":"https:\/\/9staedte.de\/wp-content\/uploads\/2025\/01\/9-neg-deutsch-2-1.png","contentUrl":"https:\/\/9staedte.de\/wp-content\/uploads\/2025\/01\/9-neg-deutsch-2-1.png","width":190,"height":114,"caption":"9 St\u00e4dte in Niedersachsen"},"image":{"@id":"https:\/\/9staedte.de\/pl\/#\/schema\/logo\/image\/"}}]}},"_links":{"self":[{"href":"https:\/\/9staedte.de\/pl\/wp-json\/wp\/v2\/pages\/22491","targetHints":{"allow":["GET"]}}],"collection":[{"href":"https:\/\/9staedte.de\/pl\/wp-json\/wp\/v2\/pages"}],"about":[{"href":"https:\/\/9staedte.de\/pl\/wp-json\/wp\/v2\/types\/page"}],"author":[{"embeddable":true,"href":"https:\/\/9staedte.de\/pl\/wp-json\/wp\/v2\/users\/6"}],"replies":[{"embeddable":true,"href":"https:\/\/9staedte.de\/pl\/wp-json\/wp\/v2\/comments?post=22491"}],"version-history":[{"count":3,"href":"https:\/\/9staedte.de\/pl\/wp-json\/wp\/v2\/pages\/22491\/revisions"}],"predecessor-version":[{"id":22527,"href":"https:\/\/9staedte.de\/pl\/wp-json\/wp\/v2\/pages\/22491\/revisions\/22527"}],"up":[{"embeddable":true,"href":"https:\/\/9staedte.de\/pl\/wp-json\/wp\/v2\/pages\/18058"}],"wp:featuredmedia":[{"embeddable":true,"href":"https:\/\/9staedte.de\/pl\/wp-json\/wp\/v2\/media\/22475"}],"wp:attachment":[{"href":"https:\/\/9staedte.de\/pl\/wp-json\/wp\/v2\/media?parent=22491"}],"wp:term":[{"taxonomy":"category","embeddable":true,"href":"https:\/\/9staedte.de\/pl\/wp-json\/wp\/v2\/categories?post=22491"},{"taxonomy":"post_tag","embeddable":true,"href":"https:\/\/9staedte.de\/pl\/wp-json\/wp\/v2\/tags?post=22491"},{"taxonomy":"ncap_cities_tax","embeddable":true,"href":"https:\/\/9staedte.de\/pl\/wp-json\/wp\/v2\/ncap_cities_tax?post=22491"}],"curies":[{"name":"wp","href":"https:\/\/api.w.org\/{rel}","templated":true}]}}