{"id":18081,"date":"2023-11-02T09:53:11","date_gmt":"2023-11-02T08:53:11","guid":{"rendered":"https:\/\/9staedte.de\/celle-urocze-miasteczko-mieszkalne\/"},"modified":"2025-05-08T14:53:17","modified_gmt":"2025-05-08T12:53:17","slug":"celle-urocze-miasteczko-mieszkalne","status":"publish","type":"page","link":"https:\/\/9staedte.de\/pl\/celle-urocze-miasteczko-mieszkalne\/","title":{"rendered":"Celle &#8211; Urocze miasteczko mieszkalne"},"content":{"rendered":"\n<h2 class=\"wp-block-heading\">Urocze miasteczko mieszkalne z najwi\u0119kszym w Europie zespo\u0142em muru pruskiego<\/h2>\n\n\n\n<p>Od dom\u00f3w z muru pruskiego po Bauhaus, Pa\u0142ac Guelph, 24-godzinne muzeum sztuki i regionalne specja\u0142y po spokojne zakupy: Celle oznacza r\u00f3\u017cnorodno\u015b\u0107. Tutaj tradycja harmonijnie \u0142\u0105czy si\u0119 z nowoczesno\u015bci\u0105. Nawet dzi\u015b w Celle mo\u017cna pod\u0105\u017ca\u0107 \u015bladami ksi\u0105\u017c\u0105t. Opr\u00f3cz pa\u0142acu z muzeum mieszkalnym, barokowym teatrem i kaplic\u0105, ogrody i parki zach\u0119caj\u0105 do spacer\u00f3w. Przyjaciele New Building mog\u0105 znale\u017a\u0107 kamiennych \u015bwiadk\u00f3w architekta Otto Haeslera wsz\u0119dzie w krajobrazie miasta. Oczywi\u015bcie nie brakuje te\u017c przyjemno\u015bci. Celle &#8211; brama do Wrzosowisk L\u00fcneburskich &#8211; jest zawsze warta odwiedzenia.<\/p>\n\n\n\n<h4 class=\"wp-block-heading\"><strong>Zr\u00f3wnowa\u017cony rozw\u00f3j z przekonania<\/strong><\/h4>\n\n\n\n<p>Celle jest pierwszym zr\u00f3wnowa\u017conym miastem w p\u00f3\u0142nocnych Niemczech i posiada certyfikat od 2017 roku. Wiele hoteli, sklep\u00f3w, Congress Union czy Celle Badeland zobowi\u0105za\u0142o si\u0119 do ochrony \u015brodowiska i zasob\u00f3w. A jest ich coraz wi\u0119cej. Wiele firm zarz\u0105dzanych przez w\u0142a\u015bcicieli nie tylko zwraca uwag\u0119 na zr\u00f3wnowa\u017cony rozw\u00f3j, ale \u017cyje nim z przekonania.<\/p>\n\n\n\n<p>Zatrzymaj si\u0119 na noc w jednym z romantycznych hoteli lub skorzystaj z centralnego miejsca dla kamper\u00f3w!<\/p>\n\n\n\n<p><a href=\"http:\/\/www.celle.de\/tourismus\" target=\"_blank\" rel=\"noreferrer noopener\">www.celle.de\/tourismus<\/a><\/p>\n\n\n\n\n<div class=\"banner-wrapper\">\n  <div class=\"banner-inner \">\n      <div class=\"img-container\">\n      <div class=\"img-wrapper\">\n        <img decoding=\"async\" src=\"https:\/\/9staedte.de\/wp-content\/smush-webp\/2024\/02\/Celler-Schloss-mit-Gruppe-CC0.jpg.webp\" alt=\"Na zdj\u0119ciu wida\u0107 zamek w Celle. Zamek jest du\u017cy i bia\u0142y. Ma wiele okien i wie\u017c. Przed zamkiem stoi kilka os\u00f3b. Niebo jest niebieskie. To \u0142adny dzie\u0144.\" \/>\n                  <div class=\"thumbnail-label\">\n            <span>Celler Schloss mit Gruppe CC0<\/span>\n          <\/div>\n              <\/div>\n    <\/div>\n        <div class=\"text-container\">\n      <div class=\"content\">\n        <p><strong>Specjalne wskaz\u00f3wki<\/strong><\/p>\n<ul>\n<li>Odwied\u017a muzea w Celle<\/li>\n<li>Wej\u015bcie na wie\u017c\u0119 ko\u015bcio\u0142a miejskiego w Celle<\/li>\n<li>Historyczna wycieczka po mie\u015bcie z nocnym str\u00f3\u017cem Celle<\/li>\n<li>Wycieczka kostiumowa po zamku Celle<\/li>\n<li>Carillon w Celle na historycznej star\u00f3wce<\/li>\n<li>Zakupy w centrum starego miasta z wieloma sklepami prowadzonymi przez w\u0142a\u015bcicieli<\/li>\n<li>Udzia\u0142 w przedstawieniu w Teatrze Zamkowym w Celle<\/li>\n<li>Jarmark bo\u017conarodzeniowy na zabytkowej star\u00f3wce<\/li>\n<li>Architektura Bauhausu w Celle<\/li>\n<\/ul>\n      <\/div>\n    <\/div>\n    <\/div>\n<\/div>\n\n\n\n\n<div style=\"height:30px\" aria-hidden=\"true\" class=\"wp-block-spacer\"><\/div>\n\n\n\n<div class=\"wp-block-columns is-layout-flex wp-container-core-columns-is-layout-9d6595d7 wp-block-columns-is-layout-flex\">\n<div class=\"wp-block-column is-layout-flow wp-block-column-is-layout-flow\" style=\"flex-basis:66.66%\">\n <div class=\"brlbs-cmpnt-container brlbs-cmpnt-content-blocker brlbs-cmpnt-with-individual-styles\" data-borlabs-cookie-content-blocker-id=\"google-maps\" data-borlabs-cookie-content=\"PGlmcmFtZSBzcmM9Imh0dHBzOi8vd3d3Lmdvb2dsZS5jb20vbWFwcy9kL2VtYmVkP21pZD0xX29WLTVuYjBISGN6WVZOeHVxcTNFV243ZEF1a1YzdyZhbXA7ZWhiYz0yRTMxMkYiIHdpZHRoPSIxMDAlIiBoZWlnaHQ9IjQ1MCI+PC9pZnJhbWU+\"><div class=\"brlbs-cmpnt-cb-preset-b brlbs-cmpnt-cb-google-maps\"> <div class=\"brlbs-cmpnt-cb-thumbnail\" style=\"background-image: url('https:\/\/9staedte.de\/wp-content\/uploads\/borlabs-cookie\/1\/brlbs-cb-google-maps-main.png')\"><\/div> <div class=\"brlbs-cmpnt-cb-main\"> <div class=\"brlbs-cmpnt-cb-content\"> <p class=\"brlbs-cmpnt-cb-description\">Aktualnie wy\u015bwietlana jest tre\u015b\u0107 zast\u0119pcza z <strong>Google Maps<\/strong>. Aby uzyska\u0107 dost\u0119p do rzeczywistej tre\u015bci, kliknij poni\u017cszy przycisk. Pami\u0119taj, \u017ce spowoduje to udost\u0119pnienie danych zewn\u0119trznym operatorom.<\/p> <a class=\"brlbs-cmpnt-cb-provider-toggle\" href=\"#\" data-borlabs-cookie-show-provider-information role=\"button\">Wi\u0119cej informacji<\/a> <\/div> <div class=\"brlbs-cmpnt-cb-buttons\"> <a class=\"brlbs-cmpnt-cb-btn\" href=\"#\" data-borlabs-cookie-unblock role=\"button\">Odblokuj tre\u015b\u0107<\/a> <a class=\"brlbs-cmpnt-cb-btn\" href=\"#\" data-borlabs-cookie-accept-service role=\"button\" style=\"display: inherit\">Zaakceptuj wymagan\u0105 us\u0142ug\u0119 i odblokuj tre\u015b\u0107<\/a> <\/div> <\/div> <\/div><\/div>\n<\/div>\n\n\n\n<div class=\"wp-block-column map-legend is-layout-flow wp-block-column-is-layout-flow\">\n<p><strong>Interesuj\u0105ce miejsca<\/strong><\/p>\n\n\n\n<ul class=\"map-legend main-legend wp-block-list\">\n<li>Pa\u0142ac rezydencjonalny z kaplic\u0105 pa\u0142acow\u0105  <\/li>\n\n\n\n<li>Ko\u015bci\u00f3\u0142 miejski z krypt\u0105 ksi\u0105\u017c\u0119c\u0105<\/li>\n\n\n\n<li>Kalandgasse  <\/li>\n\n\n\n<li>Ratusz Staromiejski <\/li>\n\n\n\n<li>Hoppener House  <\/li>\n\n\n\n<li>Light Art Project M\u00f3wi\u0105ce latarnie  <\/li>\n\n\n\n<li>Du\u017cy plan z domem Stechinell  <\/li>\n\n\n\n<li>Ogr\u00f3d francuski  <\/li>\n\n\n\n<li>Osada &#8222;Ogr\u00f3d W\u0142oski&#8221; (zbudowana w 1924 r., architekt Otto Haesler)<\/li>\n<\/ul>\n<\/div>\n<\/div>\n\n\n\n<div style=\"height:60px\" aria-hidden=\"true\" class=\"wp-block-spacer\"><\/div>\n\n\n\n<div class=\"content-grid\">\n\n\n  \n  <div class=\"grid\">\n                        \n                    \n          <div class=\"featured-themen-single\">\n            <div class=\"featured-themen-single-inner\" style=\"background-image: url('https:\/\/9staedte.de\/wp-content\/smush-webp\/2023\/01\/Rundgang-durch-Celle-c-Stadt-Celle.jpg.webp')\">\n              \n              <a href=\"https:\/\/9staedte.de\/pl\/celle-urocze-miasteczko-mieszkalne\/wycieczki-po-miescie-w-celle\/\">\n                <span>Wycieczki po mie\u015bcie w Celle<\/span>\n              <\/a>\n            <\/div>\n          <\/div>\n    \n          \n                  \n                    \n          <div class=\"featured-themen-single\">\n            <div class=\"featured-themen-single-inner\" style=\"background-image: url('https:\/\/9staedte.de\/wp-content\/smush-webp\/2023\/02\/celle-franzoeischer-garten-fruehling-c-Stadt-Celle.jpg.webp')\">\n              \n              <a href=\"https:\/\/9staedte.de\/pl\/celle-urocze-miasteczko-mieszkalne\/doswiadczenia-przyrodnicze-i-zrownowazony-rozwoj-w-celle\/\">\n                <span>Do\u015bwiadczenia przyrodnicze i zr\u00f3wnowa\u017cony rozw\u00f3j w Celle<\/span>\n              <\/a>\n            <\/div>\n          <\/div>\n    \n          \n                  \n                    \n          <div class=\"featured-themen-single\">\n            <div class=\"featured-themen-single-inner\" style=\"background-image: url('https:\/\/9staedte.de\/wp-content\/smush-webp\/2023\/02\/Shopping-in-Celle-c-Celle-Tourimsus-4.jpg.webp')\">\n              \n              <a href=\"https:\/\/9staedte.de\/pl\/celle-urocze-miasteczko-mieszkalne\/zakupy-i-wypady-na-miasto-w-celle\/\">\n                <span>Zakupy i wypady na miasto w Celle<\/span>\n              <\/a>\n            <\/div>\n          <\/div>\n    \n          \n                  \n                    \n          <div class=\"featured-themen-single\">\n            <div class=\"featured-themen-single-inner\" style=\"background-image: url('https:\/\/9staedte.de\/wp-content\/smush-webp\/2022\/03\/RS57_celle_schloss_luftbild.jpg.webp')\">\n              \n              <a href=\"https:\/\/9staedte.de\/pl\/celle-urocze-miasteczko-mieszkalne\/wrazenia-z-celle\/\">\n                <span>Wra\u017cenia z Celle<\/span>\n              <\/a>\n            <\/div>\n          <\/div>\n    \n          \n                          \n        <\/div>\n<\/div>","protected":false},"excerpt":{"rendered":"<p>Urocze miasteczko mieszkalne z najwi\u0119kszym w Europie zespo\u0142em muru pruskiego Od dom\u00f3w z muru pruskiego po Bauhaus, Pa\u0142ac Guelph, 24-godzinne muzeum sztuki i regionalne specja\u0142y po spokojne zakupy: Celle oznacza r\u00f3\u017cnorodno\u015b\u0107. Tutaj tradycja harmonijnie \u0142\u0105czy si\u0119 z nowoczesno\u015bci\u0105. Nawet dzi\u015b w Celle mo\u017cna pod\u0105\u017ca\u0107 \u015bladami ksi\u0105\u017c\u0105t. Opr\u00f3cz pa\u0142acu z muzeum mieszkalnym, barokowym teatrem i kaplic\u0105, [&hellip;]<\/p>\n","protected":false},"author":1,"featured_media":20937,"parent":0,"menu_order":0,"comment_status":"closed","ping_status":"closed","template":"pagetemplates\/template-stadtseite.php","meta":{"_acf_changed":false,"footnotes":""},"categories":[],"tags":[],"ncap_cities_tax":[430],"class_list":["post-18081","page","type-page","status-publish","has-post-thumbnail","hentry","ncap_cities_tax-celle-pl"],"acf":[],"yoast_head":"<!-- This site is optimized with the Yoast SEO plugin v26.8 - https:\/\/yoast.com\/product\/yoast-seo-wordpress\/ -->\n<title>Celle - Urocze miasteczko mieszkalne - 9 St\u00e4dte in Niedersachsen<\/title>\n<meta name=\"description\" content=\"Cellle - urocze miasteczko mieszkalne: domy z muru pruskiego, Bauhaus i zamek Guelph oraz wyj\u0105tkowe 24-godzinne muzeum sztuki.\" \/>\n<meta name=\"robots\" content=\"index, follow, max-snippet:-1, max-image-preview:large, max-video-preview:-1\" \/>\n<link rel=\"canonical\" href=\"https:\/\/9staedte.de\/pl\/celle-urocze-miasteczko-mieszkalne\/\" \/>\n<meta property=\"og:locale\" content=\"pl_PL\" \/>\n<meta property=\"og:type\" content=\"article\" \/>\n<meta property=\"og:title\" content=\"Celle - Urocze miasteczko mieszkalne - 9 St\u00e4dte in Niedersachsen\" \/>\n<meta property=\"og:description\" content=\"Cellle - urocze miasteczko mieszkalne: domy z muru pruskiego, Bauhaus i zamek Guelph oraz wyj\u0105tkowe 24-godzinne muzeum sztuki.\" \/>\n<meta property=\"og:url\" content=\"https:\/\/9staedte.de\/pl\/celle-urocze-miasteczko-mieszkalne\/\" \/>\n<meta property=\"og:site_name\" content=\"9 St\u00e4dte in Niedersachsen\" \/>\n<meta property=\"article:modified_time\" content=\"2025-05-08T12:53:17+00:00\" \/>\n<meta property=\"og:image\" content=\"https:\/\/9staedte.de\/wp-content\/uploads\/2024\/02\/Hauptmotiv-celle-sonnenuntergang-ccbysa-vdb-220323-6.jpg\" \/>\n\t<meta property=\"og:image:width\" content=\"1020\" \/>\n\t<meta property=\"og:image:height\" content=\"574\" \/>\n\t<meta property=\"og:image:type\" content=\"image\/jpeg\" \/>\n<meta name=\"twitter:card\" content=\"summary_large_image\" \/>\n<meta name=\"twitter:label1\" content=\"Szacowany czas czytania\" \/>\n\t<meta name=\"twitter:data1\" content=\"2 minuty\" \/>\n<script type=\"application\/ld+json\" class=\"yoast-schema-graph\">{\"@context\":\"https:\/\/schema.org\",\"@graph\":[{\"@type\":\"WebPage\",\"@id\":\"https:\/\/9staedte.de\/pl\/celle-urocze-miasteczko-mieszkalne\/\",\"url\":\"https:\/\/9staedte.de\/pl\/celle-urocze-miasteczko-mieszkalne\/\",\"name\":\"Celle - Urocze miasteczko mieszkalne - 9 St\u00e4dte in Niedersachsen\",\"isPartOf\":{\"@id\":\"https:\/\/9staedte.de\/pl\/#website\"},\"primaryImageOfPage\":{\"@id\":\"https:\/\/9staedte.de\/pl\/celle-urocze-miasteczko-mieszkalne\/#primaryimage\"},\"image\":{\"@id\":\"https:\/\/9staedte.de\/pl\/celle-urocze-miasteczko-mieszkalne\/#primaryimage\"},\"thumbnailUrl\":\"https:\/\/9staedte.de\/wp-content\/uploads\/2024\/02\/Hauptmotiv-celle-sonnenuntergang-ccbysa-vdb-220323-6.jpg\",\"datePublished\":\"2023-11-02T08:53:11+00:00\",\"dateModified\":\"2025-05-08T12:53:17+00:00\",\"description\":\"Cellle - urocze miasteczko mieszkalne: domy z muru pruskiego, Bauhaus i zamek Guelph oraz wyj\u0105tkowe 24-godzinne muzeum sztuki.\",\"breadcrumb\":{\"@id\":\"https:\/\/9staedte.de\/pl\/celle-urocze-miasteczko-mieszkalne\/#breadcrumb\"},\"inLanguage\":\"pl-PL\",\"potentialAction\":[{\"@type\":\"ReadAction\",\"target\":[\"https:\/\/9staedte.de\/pl\/celle-urocze-miasteczko-mieszkalne\/\"]}]},{\"@type\":\"ImageObject\",\"inLanguage\":\"pl-PL\",\"@id\":\"https:\/\/9staedte.de\/pl\/celle-urocze-miasteczko-mieszkalne\/#primaryimage\",\"url\":\"https:\/\/9staedte.de\/wp-content\/uploads\/2024\/02\/Hauptmotiv-celle-sonnenuntergang-ccbysa-vdb-220323-6.jpg\",\"contentUrl\":\"https:\/\/9staedte.de\/wp-content\/uploads\/2024\/02\/Hauptmotiv-celle-sonnenuntergang-ccbysa-vdb-220323-6.jpg\",\"width\":1020,\"height\":574,\"caption\":\"Celle Fachwerk Sonnenuntergang ccbysa-vdb\"},{\"@type\":\"BreadcrumbList\",\"@id\":\"https:\/\/9staedte.de\/pl\/celle-urocze-miasteczko-mieszkalne\/#breadcrumb\",\"itemListElement\":[{\"@type\":\"ListItem\",\"position\":1,\"name\":\"Startseite\",\"item\":\"https:\/\/9staedte.de\/pl\/\"},{\"@type\":\"ListItem\",\"position\":2,\"name\":\"Celle &#8211; Urocze miasteczko mieszkalne\"}]},{\"@type\":\"WebSite\",\"@id\":\"https:\/\/9staedte.de\/pl\/#website\",\"url\":\"https:\/\/9staedte.de\/pl\/\",\"name\":\"9 St\u00e4dte in Niedersachsen\",\"description\":\"\",\"publisher\":{\"@id\":\"https:\/\/9staedte.de\/pl\/#organization\"},\"potentialAction\":[{\"@type\":\"SearchAction\",\"target\":{\"@type\":\"EntryPoint\",\"urlTemplate\":\"https:\/\/9staedte.de\/pl\/?s={search_term_string}\"},\"query-input\":{\"@type\":\"PropertyValueSpecification\",\"valueRequired\":true,\"valueName\":\"search_term_string\"}}],\"inLanguage\":\"pl-PL\"},{\"@type\":\"Organization\",\"@id\":\"https:\/\/9staedte.de\/pl\/#organization\",\"name\":\"9 St\u00e4dte in Niedersachsen\",\"url\":\"https:\/\/9staedte.de\/pl\/\",\"logo\":{\"@type\":\"ImageObject\",\"inLanguage\":\"pl-PL\",\"@id\":\"https:\/\/9staedte.de\/pl\/#\/schema\/logo\/image\/\",\"url\":\"https:\/\/9staedte.de\/wp-content\/uploads\/2025\/01\/9-neg-deutsch-2-1.png\",\"contentUrl\":\"https:\/\/9staedte.de\/wp-content\/uploads\/2025\/01\/9-neg-deutsch-2-1.png\",\"width\":190,\"height\":114,\"caption\":\"9 St\u00e4dte in Niedersachsen\"},\"image\":{\"@id\":\"https:\/\/9staedte.de\/pl\/#\/schema\/logo\/image\/\"}}]}<\/script>\n<!-- \/ Yoast SEO plugin. -->","yoast_head_json":{"title":"Celle - Urocze miasteczko mieszkalne - 9 St\u00e4dte in Niedersachsen","description":"Cellle - urocze miasteczko mieszkalne: domy z muru pruskiego, Bauhaus i zamek Guelph oraz wyj\u0105tkowe 24-godzinne muzeum sztuki.","robots":{"index":"index","follow":"follow","max-snippet":"max-snippet:-1","max-image-preview":"max-image-preview:large","max-video-preview":"max-video-preview:-1"},"canonical":"https:\/\/9staedte.de\/pl\/celle-urocze-miasteczko-mieszkalne\/","og_locale":"pl_PL","og_type":"article","og_title":"Celle - Urocze miasteczko mieszkalne - 9 St\u00e4dte in Niedersachsen","og_description":"Cellle - urocze miasteczko mieszkalne: domy z muru pruskiego, Bauhaus i zamek Guelph oraz wyj\u0105tkowe 24-godzinne muzeum sztuki.","og_url":"https:\/\/9staedte.de\/pl\/celle-urocze-miasteczko-mieszkalne\/","og_site_name":"9 St\u00e4dte in Niedersachsen","article_modified_time":"2025-05-08T12:53:17+00:00","og_image":[{"width":1020,"height":574,"url":"https:\/\/9staedte.de\/wp-content\/uploads\/2024\/02\/Hauptmotiv-celle-sonnenuntergang-ccbysa-vdb-220323-6.jpg","type":"image\/jpeg"}],"twitter_card":"summary_large_image","twitter_misc":{"Szacowany czas czytania":"2 minuty"},"schema":{"@context":"https:\/\/schema.org","@graph":[{"@type":"WebPage","@id":"https:\/\/9staedte.de\/pl\/celle-urocze-miasteczko-mieszkalne\/","url":"https:\/\/9staedte.de\/pl\/celle-urocze-miasteczko-mieszkalne\/","name":"Celle - Urocze miasteczko mieszkalne - 9 St\u00e4dte in Niedersachsen","isPartOf":{"@id":"https:\/\/9staedte.de\/pl\/#website"},"primaryImageOfPage":{"@id":"https:\/\/9staedte.de\/pl\/celle-urocze-miasteczko-mieszkalne\/#primaryimage"},"image":{"@id":"https:\/\/9staedte.de\/pl\/celle-urocze-miasteczko-mieszkalne\/#primaryimage"},"thumbnailUrl":"https:\/\/9staedte.de\/wp-content\/uploads\/2024\/02\/Hauptmotiv-celle-sonnenuntergang-ccbysa-vdb-220323-6.jpg","datePublished":"2023-11-02T08:53:11+00:00","dateModified":"2025-05-08T12:53:17+00:00","description":"Cellle - urocze miasteczko mieszkalne: domy z muru pruskiego, Bauhaus i zamek Guelph oraz wyj\u0105tkowe 24-godzinne muzeum sztuki.","breadcrumb":{"@id":"https:\/\/9staedte.de\/pl\/celle-urocze-miasteczko-mieszkalne\/#breadcrumb"},"inLanguage":"pl-PL","potentialAction":[{"@type":"ReadAction","target":["https:\/\/9staedte.de\/pl\/celle-urocze-miasteczko-mieszkalne\/"]}]},{"@type":"ImageObject","inLanguage":"pl-PL","@id":"https:\/\/9staedte.de\/pl\/celle-urocze-miasteczko-mieszkalne\/#primaryimage","url":"https:\/\/9staedte.de\/wp-content\/uploads\/2024\/02\/Hauptmotiv-celle-sonnenuntergang-ccbysa-vdb-220323-6.jpg","contentUrl":"https:\/\/9staedte.de\/wp-content\/uploads\/2024\/02\/Hauptmotiv-celle-sonnenuntergang-ccbysa-vdb-220323-6.jpg","width":1020,"height":574,"caption":"Celle Fachwerk Sonnenuntergang ccbysa-vdb"},{"@type":"BreadcrumbList","@id":"https:\/\/9staedte.de\/pl\/celle-urocze-miasteczko-mieszkalne\/#breadcrumb","itemListElement":[{"@type":"ListItem","position":1,"name":"Startseite","item":"https:\/\/9staedte.de\/pl\/"},{"@type":"ListItem","position":2,"name":"Celle &#8211; Urocze miasteczko mieszkalne"}]},{"@type":"WebSite","@id":"https:\/\/9staedte.de\/pl\/#website","url":"https:\/\/9staedte.de\/pl\/","name":"9 St\u00e4dte in Niedersachsen","description":"","publisher":{"@id":"https:\/\/9staedte.de\/pl\/#organization"},"potentialAction":[{"@type":"SearchAction","target":{"@type":"EntryPoint","urlTemplate":"https:\/\/9staedte.de\/pl\/?s={search_term_string}"},"query-input":{"@type":"PropertyValueSpecification","valueRequired":true,"valueName":"search_term_string"}}],"inLanguage":"pl-PL"},{"@type":"Organization","@id":"https:\/\/9staedte.de\/pl\/#organization","name":"9 St\u00e4dte in Niedersachsen","url":"https:\/\/9staedte.de\/pl\/","logo":{"@type":"ImageObject","inLanguage":"pl-PL","@id":"https:\/\/9staedte.de\/pl\/#\/schema\/logo\/image\/","url":"https:\/\/9staedte.de\/wp-content\/uploads\/2025\/01\/9-neg-deutsch-2-1.png","contentUrl":"https:\/\/9staedte.de\/wp-content\/uploads\/2025\/01\/9-neg-deutsch-2-1.png","width":190,"height":114,"caption":"9 St\u00e4dte in Niedersachsen"},"image":{"@id":"https:\/\/9staedte.de\/pl\/#\/schema\/logo\/image\/"}}]}},"_links":{"self":[{"href":"https:\/\/9staedte.de\/pl\/wp-json\/wp\/v2\/pages\/18081","targetHints":{"allow":["GET"]}}],"collection":[{"href":"https:\/\/9staedte.de\/pl\/wp-json\/wp\/v2\/pages"}],"about":[{"href":"https:\/\/9staedte.de\/pl\/wp-json\/wp\/v2\/types\/page"}],"author":[{"embeddable":true,"href":"https:\/\/9staedte.de\/pl\/wp-json\/wp\/v2\/users\/1"}],"replies":[{"embeddable":true,"href":"https:\/\/9staedte.de\/pl\/wp-json\/wp\/v2\/comments?post=18081"}],"version-history":[{"count":6,"href":"https:\/\/9staedte.de\/pl\/wp-json\/wp\/v2\/pages\/18081\/revisions"}],"predecessor-version":[{"id":25389,"href":"https:\/\/9staedte.de\/pl\/wp-json\/wp\/v2\/pages\/18081\/revisions\/25389"}],"wp:featuredmedia":[{"embeddable":true,"href":"https:\/\/9staedte.de\/pl\/wp-json\/wp\/v2\/media\/20937"}],"wp:attachment":[{"href":"https:\/\/9staedte.de\/pl\/wp-json\/wp\/v2\/media?parent=18081"}],"wp:term":[{"taxonomy":"category","embeddable":true,"href":"https:\/\/9staedte.de\/pl\/wp-json\/wp\/v2\/categories?post=18081"},{"taxonomy":"post_tag","embeddable":true,"href":"https:\/\/9staedte.de\/pl\/wp-json\/wp\/v2\/tags?post=18081"},{"taxonomy":"ncap_cities_tax","embeddable":true,"href":"https:\/\/9staedte.de\/pl\/wp-json\/wp\/v2\/ncap_cities_tax?post=18081"}],"curies":[{"name":"wp","href":"https:\/\/api.w.org\/{rel}","templated":true}]}}