{"id":18058,"date":"2023-11-02T09:52:55","date_gmt":"2023-11-02T08:52:55","guid":{"rendered":"https:\/\/9staedte.de\/einbeck-klasyczne-samochody-domy-z-muru-pruskiego-piwo\/"},"modified":"2025-05-21T14:13:56","modified_gmt":"2025-05-21T12:13:56","slug":"einbeck-klasyczne-samochody-domy-z-muru-pruskiego-piwo","status":"publish","type":"page","link":"https:\/\/9staedte.de\/pl\/einbeck-klasyczne-samochody-domy-z-muru-pruskiego-piwo\/","title":{"rendered":"Einbeck &#8211; klasyczne samochody, domy z muru pruskiego, piwo"},"content":{"rendered":"\n<h2 class=\"wp-block-heading\">Klejnot w \u015brodku Niemiec<\/h2>\n\n\n\n<p>Dok\u0142adnie po\u015brodku &#8211; tak mo\u017cna by podsumowa\u0107, rzucaj\u0105c okiem na map\u0119 Niemiec. Einbeck jest idyllicznie po\u0142o\u017cony na pofa\u0142dowanych wzg\u00f3rzach w samym sercu kraju, pomi\u0119dzy Weserbergland, Harz i Solling. Maj\u0105ce ponad 231 kilometr\u00f3w kwadratowych Einbeck jest najwi\u0119kszym miastem w po\u0142udniowej Dolnej Saksonii! Jest tu wiele rzeczy do odkrycia, podziwiania i do\u015bwiadczenia&nbsp;! Dawne miasto hanzeatyckie jest domem dla wielu wspaniale zdobionych, zabytkowych dom\u00f3w z muru pruskiego, pysznego piwa Einbecker i najwi\u0119kszej w Europie kolekcji klasycznych samochod\u00f3w w PS.SPEICHER i jego zajezdniach, w kt\u00f3rych znajduje si\u0119 ponad 2500 eksponat\u00f3w. Dzi\u0119ki projektowi Einbeck w \u015brodku starego miasta znajduje si\u0119 nawet niematerialne dziedzictwo kulturowe UNESCO.<\/p>\n\n\n\n<p>Wakacje w Einbeck?! Warto!<\/p>\n\n\n\n<p><a href=\"https:\/\/www.einbeck-tourismus.de\/\">Wi\u0119cej informacji:<\/a><\/p>\n\n\n\n\n<div class=\"banner-wrapper\">\n  <div class=\"banner-inner \">\n      <div class=\"img-container\">\n      <div class=\"img-wrapper\">\n        <img decoding=\"async\" src=\"https:\/\/9staedte.de\/wp-content\/smush-webp\/2023\/02\/Einbeck-Beer-in-a-barrel-\u00a9Daniel-Li-Photography.jpg.webp\" alt=\"Das Bild zeigt zwei Menschen im Brodhaus in Einbeck.\nSie sitzen in einer Nische, die wie ein gro\u00dfes Bierfass aussieht.\nSie sto\u00dfen mit Biergl\u00e4sern an.\nDie W\u00e4nde sind aus Holz und Stein.\nEs sieht gem\u00fctlich und urig aus.\nDie Stimmung ist freundlich und entspannt.\" \/>\n                  <div class=\"thumbnail-label\">\n            <span>Einbeck Beer in a barrel, \u00a9Daniel Li Photography<\/span>\n          <\/div>\n              <\/div>\n    <\/div>\n        <div class=\"text-container\">\n      <div class=\"content\">\n        <p><strong>Specjalne wskaz\u00f3wki:<\/strong><\/p>\n<p>&#8211; Najwi\u0119ksza plenerowa galeria sztuki ulicznej w po\u0142udniowej Dolnej Saksonii w historycznym centrum miasta<br \/>\n&#8211; Tradycyjne do\u015bwiadczenie drukarskie w Einbeck blueprinting<br \/>\n&#8211; \u015aladami tradycji piwowarskiej na Szlaku Piwnym w Einbeck<br \/>\n&#8211; Wizyta w Einbeckiej Manufakturze Smaku<br \/>\n&#8211; Wieczorna wycieczka &#8222;Jasne piwo, ciemne cienie&#8221; z wej\u015bciem na wie\u017c\u0119 ko\u015bcio\u0142a<br \/>\n&#8211; Wycieczka do zamku Heldenburg w Einbeck-Salzderhelden<\/p>\n      <\/div>\n    <\/div>\n    <\/div>\n<\/div>\n\n\n\n\n<div style=\"height:30px\" aria-hidden=\"true\" class=\"wp-block-spacer\"><\/div>\n\n\n\n<div class=\"wp-block-columns is-layout-flex wp-container-core-columns-is-layout-9d6595d7 wp-block-columns-is-layout-flex\">\n<div class=\"wp-block-column is-layout-flow wp-block-column-is-layout-flow\" style=\"flex-basis:66.66%\">\n <div class=\"brlbs-cmpnt-container brlbs-cmpnt-content-blocker brlbs-cmpnt-with-individual-styles\" data-borlabs-cookie-content-blocker-id=\"google-maps\" data-borlabs-cookie-content=\"PGlmcmFtZSBzcmM9Imh0dHBzOi8vd3d3Lmdvb2dsZS5jb20vbWFwcy9kL2VtYmVkP21pZD0xZ2k3Y1ZTdlRRbUQwNExLMktGcjB6QXAyMi1IQ3R5YyZhbXA7ZWhiYz0yRTMxMkYiIHdpZHRoPSIxMDAlIiBoZWlnaHQ9IjQ1MCI+PC9pZnJhbWU+\"><div class=\"brlbs-cmpnt-cb-preset-b brlbs-cmpnt-cb-google-maps\"> <div class=\"brlbs-cmpnt-cb-thumbnail\" style=\"background-image: url('https:\/\/9staedte.de\/wp-content\/uploads\/borlabs-cookie\/1\/brlbs-cb-google-maps-main.png')\"><\/div> <div class=\"brlbs-cmpnt-cb-main\"> <div class=\"brlbs-cmpnt-cb-content\"> <p class=\"brlbs-cmpnt-cb-description\">Aktualnie wy\u015bwietlana jest tre\u015b\u0107 zast\u0119pcza z <strong>Google Maps<\/strong>. Aby uzyska\u0107 dost\u0119p do rzeczywistej tre\u015bci, kliknij poni\u017cszy przycisk. Pami\u0119taj, \u017ce spowoduje to udost\u0119pnienie danych zewn\u0119trznym operatorom.<\/p> <a class=\"brlbs-cmpnt-cb-provider-toggle\" href=\"#\" data-borlabs-cookie-show-provider-information role=\"button\">Wi\u0119cej informacji<\/a> <\/div> <div class=\"brlbs-cmpnt-cb-buttons\"> <a class=\"brlbs-cmpnt-cb-btn\" href=\"#\" data-borlabs-cookie-unblock role=\"button\">Odblokuj tre\u015b\u0107<\/a> <a class=\"brlbs-cmpnt-cb-btn\" href=\"#\" data-borlabs-cookie-accept-service role=\"button\" style=\"display: inherit\">Zaakceptuj wymagan\u0105 us\u0142ug\u0119 i odblokuj tre\u015b\u0107<\/a> <\/div> <\/div> <\/div><\/div>\n<\/div>\n\n\n\n<div class=\"wp-block-column is-layout-flow wp-block-column-is-layout-flow\" style=\"flex-basis:33.33%\">\n<p><strong>Interesuj\u0105ce miejsca:<\/strong><\/p>\n\n\n\n<ul class=\"wp-block-list map-legend main-legend\">\n<li>Fontanna Till Eulenspiegel<\/li>\n\n\n\n<li>Ratusz Staromiejski <\/li>\n\n\n\n<li>Ko\u015bci\u00f3\u0142 rynkowy St. Jacobi<\/li>\n\n\n\n<li>Dom Eicke&#8217;a  <\/li>\n\n\n\n<li>Browar Einbecker<\/li>\n\n\n\n<li>PS.memory  <\/li>\n\n\n\n<li>Tiedexer Street<\/li>\n\n\n\n<li>Ko\u015bci\u00f3\u0142 przyklasztorny \u015bw.<\/li>\n\n\n\n<li>Blueprint<\/li>\n<\/ul>\n<\/div>\n<\/div>\n\n\n\n<div style=\"height:60px\" aria-hidden=\"true\" class=\"wp-block-spacer\"><\/div>\n\n\n\n<div class=\"content-grid\">\n\n\n  \n  <div class=\"grid\">\n                        \n                    \n          <div class=\"featured-themen-single\">\n            <div class=\"featured-themen-single-inner\" style=\"background-image: url('https:\/\/9staedte.de\/wp-content\/smush-webp\/2023\/05\/Bierchen-vor-dem-Brodhaus-Einbeck-\u00a9Daniel-Li-Photography.jpg.webp')\">\n              \n              <a href=\"https:\/\/9staedte.de\/pl\/einbeck-klasyczne-samochody-domy-z-muru-pruskiego-piwo\/pakiety-w-einbeck\/\">\n                <span>Pakiety w Einbeck<\/span>\n              <\/a>\n            <\/div>\n          <\/div>\n    \n          \n                  \n                    \n          <div class=\"featured-themen-single\">\n            <div class=\"featured-themen-single-inner\" style=\"background-image: url('https:\/\/9staedte.de\/wp-content\/smush-webp\/2023\/05\/Fuehrung-durch-die-Stadt-\u00a9Daniel-Li-Photography.jpg.webp')\">\n              \n              <a href=\"https:\/\/9staedte.de\/pl\/einbeck-klasyczne-samochody-domy-z-muru-pruskiego-piwo\/wycieczki-po-miescie-w-einbeck\/\">\n                <span>Wycieczki po mie\u015bcie w Einbeck<\/span>\n              <\/a>\n            <\/div>\n          <\/div>\n    \n          \n                  \n                    \n          <div class=\"featured-themen-single\">\n            <div class=\"featured-themen-single-inner\" style=\"background-image: url('https:\/\/9staedte.de\/wp-content\/smush-webp\/2023\/07\/Einbecker-Blaudruck-\u00a9mehle-hundertmark-Fotografie-scaled.jpg.webp')\">\n              \n              <a href=\"https:\/\/9staedte.de\/pl\/einbeck-klasyczne-samochody-domy-z-muru-pruskiego-piwo\/zakupy-i-wypady-na-miasto-w-einbeck\/\">\n                <span>Zakupy i wypady na miasto w Einbeck<\/span>\n              <\/a>\n            <\/div>\n          <\/div>\n    \n          \n                  \n                    \n          <div class=\"featured-themen-single\">\n            <div class=\"featured-themen-single-inner\" style=\"background-image: url('https:\/\/9staedte.de\/wp-content\/smush-webp\/2023\/07\/Einbeck-Eickesches-Haus-\u00a9Daniel-Li-Photography.jpg.webp')\">\n              \n              <a href=\"https:\/\/9staedte.de\/pl\/einbeck-klasyczne-samochody-domy-z-muru-pruskiego-piwo\/wrazenia-z-einbeck\/\">\n                <span>Wra\u017cenia z Einbeck<\/span>\n              <\/a>\n            <\/div>\n          <\/div>\n    \n          \n                  \n                    \n          <div class=\"featured-themen-single\">\n            <div class=\"featured-themen-single-inner\" style=\"background-image: url('https:\/\/9staedte.de\/wp-content\/smush-webp\/2023\/02\/Einbeck-PS.Speicher-Aussenansicht-cc0.jpg.webp')\">\n              \n              <a href=\"https:\/\/9staedte.de\/pl\/einbeck-klasyczne-samochody-domy-z-muru-pruskiego-piwo\/muzea-i-wystawy-w-einbeck\/\">\n                <span>Muzea i wystawy w Einbeck<\/span>\n              <\/a>\n            <\/div>\n          <\/div>\n    \n          \n                          \n        <\/div>\n<\/div>","protected":false},"excerpt":{"rendered":"<p>Klejnot w \u015brodku Niemiec Dok\u0142adnie po\u015brodku &#8211; tak mo\u017cna by podsumowa\u0107, rzucaj\u0105c okiem na map\u0119 Niemiec. Einbeck jest idyllicznie po\u0142o\u017cony na pofa\u0142dowanych wzg\u00f3rzach w samym sercu kraju, pomi\u0119dzy Weserbergland, Harz i Solling. Maj\u0105ce ponad 231 kilometr\u00f3w kwadratowych Einbeck jest najwi\u0119kszym miastem w po\u0142udniowej Dolnej Saksonii! Jest tu wiele rzeczy do odkrycia, podziwiania i do\u015bwiadczenia&nbsp;! Dawne [&hellip;]<\/p>\n","protected":false},"author":1,"featured_media":17811,"parent":0,"menu_order":0,"comment_status":"closed","ping_status":"closed","template":"pagetemplates\/template-stadtseite.php","meta":{"_acf_changed":false,"footnotes":""},"categories":[],"tags":[],"ncap_cities_tax":[479],"class_list":["post-18058","page","type-page","status-publish","has-post-thumbnail","hentry","ncap_cities_tax-einbeck-pl"],"acf":[],"yoast_head":"<!-- This site is optimized with the Yoast SEO plugin v26.8 - https:\/\/yoast.com\/product\/yoast-seo-wordpress\/ -->\n<title>Einbeck - klasyczne samochody, domy z muru pruskiego, piwo - 9 St\u00e4dte in Niedersachsen<\/title>\n<meta name=\"description\" content=\"Einbeck jest domem dla wielu wspaniale zdobionych dom\u00f3w z muru pruskiego, pysznego piwa Einbeck i najwi\u0119kszej w Europie kolekcji klasycznych samochod\u00f3w PS.SPEICHER.\" \/>\n<meta name=\"robots\" content=\"index, follow, max-snippet:-1, max-image-preview:large, max-video-preview:-1\" \/>\n<link rel=\"canonical\" href=\"https:\/\/9staedte.de\/pl\/einbeck-klasyczne-samochody-domy-z-muru-pruskiego-piwo\/\" \/>\n<meta property=\"og:locale\" content=\"pl_PL\" \/>\n<meta property=\"og:type\" content=\"article\" \/>\n<meta property=\"og:title\" content=\"Einbeck - klasyczne samochody, domy z muru pruskiego, piwo - 9 St\u00e4dte in Niedersachsen\" \/>\n<meta property=\"og:description\" content=\"Einbeck jest domem dla wielu wspaniale zdobionych dom\u00f3w z muru pruskiego, pysznego piwa Einbeck i najwi\u0119kszej w Europie kolekcji klasycznych samochod\u00f3w PS.SPEICHER.\" \/>\n<meta property=\"og:url\" content=\"https:\/\/9staedte.de\/pl\/einbeck-klasyczne-samochody-domy-z-muru-pruskiego-piwo\/\" \/>\n<meta property=\"og:site_name\" content=\"9 St\u00e4dte in Niedersachsen\" \/>\n<meta property=\"article:modified_time\" content=\"2025-05-21T12:13:56+00:00\" \/>\n<meta property=\"og:image\" content=\"https:\/\/9staedte.de\/wp-content\/uploads\/2023\/06\/Einbeck-Eickesches-Haus-2-c-Daniel-Li-Photography.jpg\" \/>\n\t<meta property=\"og:image:width\" content=\"1020\" \/>\n\t<meta property=\"og:image:height\" content=\"561\" \/>\n\t<meta property=\"og:image:type\" content=\"image\/jpeg\" \/>\n<meta name=\"twitter:card\" content=\"summary_large_image\" \/>\n<meta name=\"twitter:label1\" content=\"Szacowany czas czytania\" \/>\n\t<meta name=\"twitter:data1\" content=\"1 minuta\" \/>\n<script type=\"application\/ld+json\" class=\"yoast-schema-graph\">{\"@context\":\"https:\/\/schema.org\",\"@graph\":[{\"@type\":\"WebPage\",\"@id\":\"https:\/\/9staedte.de\/pl\/einbeck-klasyczne-samochody-domy-z-muru-pruskiego-piwo\/\",\"url\":\"https:\/\/9staedte.de\/pl\/einbeck-klasyczne-samochody-domy-z-muru-pruskiego-piwo\/\",\"name\":\"Einbeck - klasyczne samochody, domy z muru pruskiego, piwo - 9 St\u00e4dte in Niedersachsen\",\"isPartOf\":{\"@id\":\"https:\/\/9staedte.de\/pl\/#website\"},\"primaryImageOfPage\":{\"@id\":\"https:\/\/9staedte.de\/pl\/einbeck-klasyczne-samochody-domy-z-muru-pruskiego-piwo\/#primaryimage\"},\"image\":{\"@id\":\"https:\/\/9staedte.de\/pl\/einbeck-klasyczne-samochody-domy-z-muru-pruskiego-piwo\/#primaryimage\"},\"thumbnailUrl\":\"https:\/\/9staedte.de\/wp-content\/uploads\/2023\/02\/Einbeck-PS.Speicher-Aussenansicht-cc0.jpg\",\"datePublished\":\"2023-11-02T08:52:55+00:00\",\"dateModified\":\"2025-05-21T12:13:56+00:00\",\"description\":\"Einbeck jest domem dla wielu wspaniale zdobionych dom\u00f3w z muru pruskiego, pysznego piwa Einbeck i najwi\u0119kszej w Europie kolekcji klasycznych samochod\u00f3w PS.SPEICHER.\",\"breadcrumb\":{\"@id\":\"https:\/\/9staedte.de\/pl\/einbeck-klasyczne-samochody-domy-z-muru-pruskiego-piwo\/#breadcrumb\"},\"inLanguage\":\"pl-PL\",\"potentialAction\":[{\"@type\":\"ReadAction\",\"target\":[\"https:\/\/9staedte.de\/pl\/einbeck-klasyczne-samochody-domy-z-muru-pruskiego-piwo\/\"]}]},{\"@type\":\"ImageObject\",\"inLanguage\":\"pl-PL\",\"@id\":\"https:\/\/9staedte.de\/pl\/einbeck-klasyczne-samochody-domy-z-muru-pruskiego-piwo\/#primaryimage\",\"url\":\"https:\/\/9staedte.de\/wp-content\/uploads\/2023\/02\/Einbeck-PS.Speicher-Aussenansicht-cc0.jpg\",\"contentUrl\":\"https:\/\/9staedte.de\/wp-content\/uploads\/2023\/02\/Einbeck-PS.Speicher-Aussenansicht-cc0.jpg\",\"width\":1020,\"height\":560,\"caption\":\"Einbeck PS.Speicher Au\u00dfenansicht cc0\"},{\"@type\":\"BreadcrumbList\",\"@id\":\"https:\/\/9staedte.de\/pl\/einbeck-klasyczne-samochody-domy-z-muru-pruskiego-piwo\/#breadcrumb\",\"itemListElement\":[{\"@type\":\"ListItem\",\"position\":1,\"name\":\"Startseite\",\"item\":\"https:\/\/9staedte.de\/pl\/\"},{\"@type\":\"ListItem\",\"position\":2,\"name\":\"Einbeck &#8211; klasyczne samochody, domy z muru pruskiego, piwo\"}]},{\"@type\":\"WebSite\",\"@id\":\"https:\/\/9staedte.de\/pl\/#website\",\"url\":\"https:\/\/9staedte.de\/pl\/\",\"name\":\"9 St\u00e4dte in Niedersachsen\",\"description\":\"\",\"publisher\":{\"@id\":\"https:\/\/9staedte.de\/pl\/#organization\"},\"potentialAction\":[{\"@type\":\"SearchAction\",\"target\":{\"@type\":\"EntryPoint\",\"urlTemplate\":\"https:\/\/9staedte.de\/pl\/?s={search_term_string}\"},\"query-input\":{\"@type\":\"PropertyValueSpecification\",\"valueRequired\":true,\"valueName\":\"search_term_string\"}}],\"inLanguage\":\"pl-PL\"},{\"@type\":\"Organization\",\"@id\":\"https:\/\/9staedte.de\/pl\/#organization\",\"name\":\"9 St\u00e4dte in Niedersachsen\",\"url\":\"https:\/\/9staedte.de\/pl\/\",\"logo\":{\"@type\":\"ImageObject\",\"inLanguage\":\"pl-PL\",\"@id\":\"https:\/\/9staedte.de\/pl\/#\/schema\/logo\/image\/\",\"url\":\"https:\/\/9staedte.de\/wp-content\/uploads\/2025\/01\/9-neg-deutsch-2-1.png\",\"contentUrl\":\"https:\/\/9staedte.de\/wp-content\/uploads\/2025\/01\/9-neg-deutsch-2-1.png\",\"width\":190,\"height\":114,\"caption\":\"9 St\u00e4dte in Niedersachsen\"},\"image\":{\"@id\":\"https:\/\/9staedte.de\/pl\/#\/schema\/logo\/image\/\"}}]}<\/script>\n<!-- \/ Yoast SEO plugin. -->","yoast_head_json":{"title":"Einbeck - klasyczne samochody, domy z muru pruskiego, piwo - 9 St\u00e4dte in Niedersachsen","description":"Einbeck jest domem dla wielu wspaniale zdobionych dom\u00f3w z muru pruskiego, pysznego piwa Einbeck i najwi\u0119kszej w Europie kolekcji klasycznych samochod\u00f3w PS.SPEICHER.","robots":{"index":"index","follow":"follow","max-snippet":"max-snippet:-1","max-image-preview":"max-image-preview:large","max-video-preview":"max-video-preview:-1"},"canonical":"https:\/\/9staedte.de\/pl\/einbeck-klasyczne-samochody-domy-z-muru-pruskiego-piwo\/","og_locale":"pl_PL","og_type":"article","og_title":"Einbeck - klasyczne samochody, domy z muru pruskiego, piwo - 9 St\u00e4dte in Niedersachsen","og_description":"Einbeck jest domem dla wielu wspaniale zdobionych dom\u00f3w z muru pruskiego, pysznego piwa Einbeck i najwi\u0119kszej w Europie kolekcji klasycznych samochod\u00f3w PS.SPEICHER.","og_url":"https:\/\/9staedte.de\/pl\/einbeck-klasyczne-samochody-domy-z-muru-pruskiego-piwo\/","og_site_name":"9 St\u00e4dte in Niedersachsen","article_modified_time":"2025-05-21T12:13:56+00:00","og_image":[{"width":1020,"height":561,"url":"https:\/\/9staedte.de\/wp-content\/uploads\/2023\/06\/Einbeck-Eickesches-Haus-2-c-Daniel-Li-Photography.jpg","type":"image\/jpeg"}],"twitter_card":"summary_large_image","twitter_misc":{"Szacowany czas czytania":"1 minuta"},"schema":{"@context":"https:\/\/schema.org","@graph":[{"@type":"WebPage","@id":"https:\/\/9staedte.de\/pl\/einbeck-klasyczne-samochody-domy-z-muru-pruskiego-piwo\/","url":"https:\/\/9staedte.de\/pl\/einbeck-klasyczne-samochody-domy-z-muru-pruskiego-piwo\/","name":"Einbeck - klasyczne samochody, domy z muru pruskiego, piwo - 9 St\u00e4dte in Niedersachsen","isPartOf":{"@id":"https:\/\/9staedte.de\/pl\/#website"},"primaryImageOfPage":{"@id":"https:\/\/9staedte.de\/pl\/einbeck-klasyczne-samochody-domy-z-muru-pruskiego-piwo\/#primaryimage"},"image":{"@id":"https:\/\/9staedte.de\/pl\/einbeck-klasyczne-samochody-domy-z-muru-pruskiego-piwo\/#primaryimage"},"thumbnailUrl":"https:\/\/9staedte.de\/wp-content\/uploads\/2023\/02\/Einbeck-PS.Speicher-Aussenansicht-cc0.jpg","datePublished":"2023-11-02T08:52:55+00:00","dateModified":"2025-05-21T12:13:56+00:00","description":"Einbeck jest domem dla wielu wspaniale zdobionych dom\u00f3w z muru pruskiego, pysznego piwa Einbeck i najwi\u0119kszej w Europie kolekcji klasycznych samochod\u00f3w PS.SPEICHER.","breadcrumb":{"@id":"https:\/\/9staedte.de\/pl\/einbeck-klasyczne-samochody-domy-z-muru-pruskiego-piwo\/#breadcrumb"},"inLanguage":"pl-PL","potentialAction":[{"@type":"ReadAction","target":["https:\/\/9staedte.de\/pl\/einbeck-klasyczne-samochody-domy-z-muru-pruskiego-piwo\/"]}]},{"@type":"ImageObject","inLanguage":"pl-PL","@id":"https:\/\/9staedte.de\/pl\/einbeck-klasyczne-samochody-domy-z-muru-pruskiego-piwo\/#primaryimage","url":"https:\/\/9staedte.de\/wp-content\/uploads\/2023\/02\/Einbeck-PS.Speicher-Aussenansicht-cc0.jpg","contentUrl":"https:\/\/9staedte.de\/wp-content\/uploads\/2023\/02\/Einbeck-PS.Speicher-Aussenansicht-cc0.jpg","width":1020,"height":560,"caption":"Einbeck PS.Speicher Au\u00dfenansicht cc0"},{"@type":"BreadcrumbList","@id":"https:\/\/9staedte.de\/pl\/einbeck-klasyczne-samochody-domy-z-muru-pruskiego-piwo\/#breadcrumb","itemListElement":[{"@type":"ListItem","position":1,"name":"Startseite","item":"https:\/\/9staedte.de\/pl\/"},{"@type":"ListItem","position":2,"name":"Einbeck &#8211; klasyczne samochody, domy z muru pruskiego, piwo"}]},{"@type":"WebSite","@id":"https:\/\/9staedte.de\/pl\/#website","url":"https:\/\/9staedte.de\/pl\/","name":"9 St\u00e4dte in Niedersachsen","description":"","publisher":{"@id":"https:\/\/9staedte.de\/pl\/#organization"},"potentialAction":[{"@type":"SearchAction","target":{"@type":"EntryPoint","urlTemplate":"https:\/\/9staedte.de\/pl\/?s={search_term_string}"},"query-input":{"@type":"PropertyValueSpecification","valueRequired":true,"valueName":"search_term_string"}}],"inLanguage":"pl-PL"},{"@type":"Organization","@id":"https:\/\/9staedte.de\/pl\/#organization","name":"9 St\u00e4dte in Niedersachsen","url":"https:\/\/9staedte.de\/pl\/","logo":{"@type":"ImageObject","inLanguage":"pl-PL","@id":"https:\/\/9staedte.de\/pl\/#\/schema\/logo\/image\/","url":"https:\/\/9staedte.de\/wp-content\/uploads\/2025\/01\/9-neg-deutsch-2-1.png","contentUrl":"https:\/\/9staedte.de\/wp-content\/uploads\/2025\/01\/9-neg-deutsch-2-1.png","width":190,"height":114,"caption":"9 St\u00e4dte in Niedersachsen"},"image":{"@id":"https:\/\/9staedte.de\/pl\/#\/schema\/logo\/image\/"}}]}},"_links":{"self":[{"href":"https:\/\/9staedte.de\/pl\/wp-json\/wp\/v2\/pages\/18058","targetHints":{"allow":["GET"]}}],"collection":[{"href":"https:\/\/9staedte.de\/pl\/wp-json\/wp\/v2\/pages"}],"about":[{"href":"https:\/\/9staedte.de\/pl\/wp-json\/wp\/v2\/types\/page"}],"author":[{"embeddable":true,"href":"https:\/\/9staedte.de\/pl\/wp-json\/wp\/v2\/users\/1"}],"replies":[{"embeddable":true,"href":"https:\/\/9staedte.de\/pl\/wp-json\/wp\/v2\/comments?post=18058"}],"version-history":[{"count":4,"href":"https:\/\/9staedte.de\/pl\/wp-json\/wp\/v2\/pages\/18058\/revisions"}],"predecessor-version":[{"id":26267,"href":"https:\/\/9staedte.de\/pl\/wp-json\/wp\/v2\/pages\/18058\/revisions\/26267"}],"wp:featuredmedia":[{"embeddable":true,"href":"https:\/\/9staedte.de\/pl\/wp-json\/wp\/v2\/media\/17811"}],"wp:attachment":[{"href":"https:\/\/9staedte.de\/pl\/wp-json\/wp\/v2\/media?parent=18058"}],"wp:term":[{"taxonomy":"category","embeddable":true,"href":"https:\/\/9staedte.de\/pl\/wp-json\/wp\/v2\/categories?post=18058"},{"taxonomy":"post_tag","embeddable":true,"href":"https:\/\/9staedte.de\/pl\/wp-json\/wp\/v2\/tags?post=18058"},{"taxonomy":"ncap_cities_tax","embeddable":true,"href":"https:\/\/9staedte.de\/pl\/wp-json\/wp\/v2\/ncap_cities_tax?post=18058"}],"curies":[{"name":"wp","href":"https:\/\/api.w.org\/{rel}","templated":true}]}}