{"id":18029,"date":"2023-11-02T09:52:53","date_gmt":"2023-11-02T08:52:53","guid":{"rendered":"https:\/\/9staedte.de\/hanower-stolica-dolnej-saksonii\/"},"modified":"2024-04-15T12:27:41","modified_gmt":"2024-04-15T10:27:41","slug":"hanower-stolica-dolnej-saksonii","status":"publish","type":"page","link":"https:\/\/9staedte.de\/pl\/hanower-stolica-dolnej-saksonii\/","title":{"rendered":"Hanower &#8211; stolica Dolnej Saksonii"},"content":{"rendered":"\n<h2 class=\"wp-block-heading\">\u017bywy i kochany<\/h2>\n\n\n\n<p>Autentyczny, prawdziwy, zrelaksowany &#8211; Hanower oferuje idealne po\u0142\u0105czenie dla odwiedzaj\u0105cych! Centrum miasta zachwyca wielkomiejskim stylem, na starym mie\u015bcie mo\u017cna spacerowa\u0107 \u015bredniowiecznymi uliczkami lub zrelaksowa\u0107 si\u0119 nad brzegiem Leine. Do\u015bwiadcz sztuki ogrodowej w doskona\u0142o\u015bci w Ogrodach Herrenh\u00e4user. Wybierz si\u0119 w podr\u00f3\u017c dooko\u0142a \u015bwiata przez wyj\u0105tkowe \u015bwiaty tematyczne w Adventure Zoo. R\u00f3\u017cne dzielnice miasta s\u0105 pe\u0142ne \u017cycia i uroku. Najwa\u017cniejsze wydarzenia, takie jak Mi\u0119dzynarodowy Konkurs Fajerwerk\u00f3w, Festiwal Maschsee, najwi\u0119kszy na \u015bwiecie mecz strzelecki czy jarmarki bo\u017conarodzeniowe.<br>co roku przyci\u0105gaj\u0105 do Hanoweru niezliczone rzesze go\u015bci.<\/p>\n\n\n\n<p>Autostrad\u0105, kolejk\u0105 miejsk\u0105 lub samolotem &#8211; centralna lokalizacja Hanoweru jest jednym z jego wielu atut\u00f3w.<\/p>\n\n\n\n<p><a href=\"http:\/\/www.visit-hannover.com\/\" target=\"_blank\" rel=\"noreferrer noopener\">www.visit-hannover.com<\/a><\/p>\n\n\n\n\n<div class=\"banner-wrapper\">\n  <div class=\"banner-inner \">\n      <div class=\"img-container\">\n      <div class=\"img-wrapper\">\n        <img decoding=\"async\" src=\"https:\/\/9staedte.de\/wp-content\/smush-webp\/2023\/04\/Hannover-Herrenhaeuser-Gaerten-im-Herbst-c-Lars-Gerhardts.jpg.webp\" alt=\"Na zdj\u0119ciu wida\u0107 ogrody Herrenh\u00e4user w Hanowerze jesieni\u0105. Ogrody s\u0105 du\u017ce i starannie zaplanowane. Na \u015brodku znajduje si\u0119 fontanna. W tle stoi du\u017cy bia\u0142y budynek \u2013 to Pa\u0142ac Herrenhausen. Drzewa maj\u0105 jesienne kolory. Niebo jest kolorowe o wschodzie lub zachodzie s\u0142o\u0144ca.\" \/>\n                  <div class=\"thumbnail-label\">\n            <span>Hannover Herrenh\u00e4user G\u00e4rten im Herbst c) Lars Gerhardts<\/span>\n          <\/div>\n              <\/div>\n    <\/div>\n        <div class=\"text-container\">\n      <div class=\"content\">\n        <h3><strong>Conseils particuliers<\/strong><\/h3>\n<ul>\n<li>Jardins de Herrenhausen avec le mus\u00e9e du ch\u00e2teau de Herrenhausen et la grotte de Niki de Saint Phalle<\/li>\n<li>Vue depuis la coupole du nouvel h\u00f4tel de ville<\/li>\n<li>Tour de ville \u00e0 arr\u00eats multiples en bus panoramique \u00e0 deux \u00e9tages<\/li>\n<li>&#8222;Le fil rouge&#8221; vers les attractions touristiques<\/li>\n<li>Maschsee &#8211; ambiance maritime au c\u0153ur de la grande ville<\/li>\n<li>Leinewelle et gastronomie sur les rives de la Leineu dans la vieille ville<\/li>\n<li>Le paysage mus\u00e9al de Hanovre<\/li>\n<li>Spectacles de grande classe au GOP Variet\u00e9<\/li>\n<li>Sortir dans le quartier branch\u00e9 de Linden<\/li>\n<\/ul>\n      <\/div>\n    <\/div>\n    <\/div>\n<\/div>\n\n\n\n\n<div style=\"height:30px\" aria-hidden=\"true\" class=\"wp-block-spacer\"><\/div>\n\n\n\n<div class=\"wp-block-columns is-layout-flex wp-container-core-columns-is-layout-9d6595d7 wp-block-columns-is-layout-flex\">\n<div class=\"wp-block-column is-layout-flow wp-block-column-is-layout-flow\" style=\"flex-basis:66.66%\">\n <div class=\"brlbs-cmpnt-container brlbs-cmpnt-content-blocker brlbs-cmpnt-with-individual-styles\" data-borlabs-cookie-content-blocker-id=\"google-maps\" data-borlabs-cookie-content=\"PGlmcmFtZSBzcmM9Imh0dHBzOi8vd3d3Lmdvb2dsZS5jb20vbWFwcy9kL2VtYmVkP21pZD0xNDdQdzVueTFvQXRyTjZoZ1F0dmRRZmFKaXNNbjNndyZhbXA7ZWhiYz0yRTMxMkYiIHdpZHRoPSIxMDAlIiBoZWlnaHQ9IjQ1MCI+PC9pZnJhbWU+\"><div class=\"brlbs-cmpnt-cb-preset-b brlbs-cmpnt-cb-google-maps\"> <div class=\"brlbs-cmpnt-cb-thumbnail\" style=\"background-image: url('https:\/\/9staedte.de\/wp-content\/uploads\/borlabs-cookie\/1\/brlbs-cb-google-maps-main.png')\"><\/div> <div class=\"brlbs-cmpnt-cb-main\"> <div class=\"brlbs-cmpnt-cb-content\"> <p class=\"brlbs-cmpnt-cb-description\">Aktualnie wy\u015bwietlana jest tre\u015b\u0107 zast\u0119pcza z <strong>Google Maps<\/strong>. Aby uzyska\u0107 dost\u0119p do rzeczywistej tre\u015bci, kliknij poni\u017cszy przycisk. Pami\u0119taj, \u017ce spowoduje to udost\u0119pnienie danych zewn\u0119trznym operatorom.<\/p> <a class=\"brlbs-cmpnt-cb-provider-toggle\" href=\"#\" data-borlabs-cookie-show-provider-information role=\"button\">Wi\u0119cej informacji<\/a> <\/div> <div class=\"brlbs-cmpnt-cb-buttons\"> <a class=\"brlbs-cmpnt-cb-btn\" href=\"#\" data-borlabs-cookie-unblock role=\"button\">Odblokuj tre\u015b\u0107<\/a> <a class=\"brlbs-cmpnt-cb-btn\" href=\"#\" data-borlabs-cookie-accept-service role=\"button\" style=\"display: inherit\">Zaakceptuj wymagan\u0105 us\u0142ug\u0119 i odblokuj tre\u015b\u0107<\/a> <\/div> <\/div> <\/div><\/div>\n<\/div>\n\n\n\n<div class=\"wp-block-column map-legend is-layout-flow wp-block-column-is-layout-flow\">\n<p><strong>Interesuj\u0105ce miejsca:<\/strong><\/p>\n\n\n\n<ul class=\"map-legend main-legend wp-block-list\">\n<li>Nowy Ratusz  <\/li>\n\n\n\n<li>Leineschloss \/ Parlament Krajowy Dolnej Saksonii  <\/li>\n\n\n\n<li>Nanas autorstwa Niki de Saint Phalle  <\/li>\n\n\n\n<li>Historyczne Stare Miasto  <\/li>\n\n\n\n<li>Stary Ratusz i Ko\u015bci\u00f3\u0142 Rynkowy  <\/li>\n\n\n\n<li>Miejsce spotkania Kr\u00f6pcke  <\/li>\n\n\n\n<li>Opera  <\/li>\n\n\n\n<li>Aegidienkirche, pomnik upami\u0119tniaj\u0105cy ofiary wojen  <\/li>\n\n\n\n<li>Maschsee<\/li>\n<\/ul>\n<\/div>\n<\/div>\n\n\n\n<div style=\"height:60px\" aria-hidden=\"true\" class=\"wp-block-spacer map-legend\"><\/div>\n\n\n\n<div class=\"content-grid\">\n\n\n  \n  <div class=\"grid\">\n                        \n                    \n          <div class=\"featured-themen-single\">\n            <div class=\"featured-themen-single-inner\" style=\"background-image: url('https:\/\/9staedte.de\/wp-content\/smush-webp\/2023\/02\/Stadtrundfahrt-c-HMTG-Christian-Wyrwa.jpg.webp')\">\n              \n              <a href=\"https:\/\/9staedte.de\/pl\/hanower-stolica-dolnej-saksonii\/wycieczki-po-miescie-w-hanowerze\/\">\n                <span>Wycieczki po mie\u015bcie w Hanowerze<\/span>\n              <\/a>\n            <\/div>\n          <\/div>\n    \n          \n                  \n                    \n          <div class=\"featured-themen-single\">\n            <div class=\"featured-themen-single-inner\" style=\"background-image: url('https:\/\/9staedte.de\/wp-content\/smush-webp\/2023\/02\/Hannover-Hauptbahnhof-c-HMTG-Stefan-Knaak.jpg.webp')\">\n              \n              <a href=\"https:\/\/9staedte.de\/pl\/hanower-stolica-dolnej-saksonii\/zakwaterowanie-w-hanowerze\/\">\n                <span>Zakwaterowanie w Hanowerze<\/span>\n              <\/a>\n            <\/div>\n          <\/div>\n    \n          \n                  \n                    \n          <div class=\"featured-themen-single\">\n            <div class=\"featured-themen-single-inner\" style=\"background-image: url('https:\/\/9staedte.de\/wp-content\/smush-webp\/2023\/02\/Internationaler-Feuerwerkswettbewerb-c-Hannover-Marketing-und-Tourismus-GmbH-_-Lars-Gerhardts.jpg.webp')\">\n              \n              <a href=\"https:\/\/9staedte.de\/pl\/hanower-stolica-dolnej-saksonii\/wydarzenia-w-hanowerze\/\">\n                <span>Wydarzenia w Hanowerze<\/span>\n              <\/a>\n            <\/div>\n          <\/div>\n    \n          \n                  \n                    \n          <div class=\"featured-themen-single\">\n            <div class=\"featured-themen-single-inner\" style=\"background-image: url('https:\/\/9staedte.de\/wp-content\/smush-webp\/2023\/02\/Herrenhaeuser-Gaertem-c-HMTG-Lars-Gerhardts.jpg.webp')\">\n              \n              <a href=\"https:\/\/9staedte.de\/pl\/hanower-stolica-dolnej-saksonii\/palace-i-ogrody-w-hanowerze\/\">\n                <span>Pa\u0142ace i ogrody w Hanowerze<\/span>\n              <\/a>\n            <\/div>\n          <\/div>\n    \n          \n                  \n                    \n          <div class=\"featured-themen-single\">\n            <div class=\"featured-themen-single-inner\" style=\"background-image: url('https:\/\/9staedte.de\/wp-content\/smush-webp\/2023\/02\/Museum-August-Kestner-Museum-August-Kestner-8.jpg.webp')\">\n              \n              <a href=\"https:\/\/9staedte.de\/pl\/hanower-stolica-dolnej-saksonii\/muzea-i-wystawy-w-hanowerze\/\">\n                <span>Muzea i wystawy w Hanowerze<\/span>\n              <\/a>\n            <\/div>\n          <\/div>\n    \n          \n                  \n                    \n          <div class=\"featured-themen-single\">\n            <div class=\"featured-themen-single-inner\" style=\"background-image: url('https:\/\/9staedte.de\/wp-content\/smush-webp\/2022\/02\/Hannover-Herrenhaeuser-Gaerten-c-HMTG-Lars-Gerhardts.jpg.webp')\">\n              \n              <a href=\"https:\/\/9staedte.de\/pl\/hanower-stolica-dolnej-saksonii\/wrazenia-z-hanoweru\/\">\n                <span>Wra\u017cenia z Hanoweru<\/span>\n              <\/a>\n            <\/div>\n          <\/div>\n    \n          \n                          \n        <\/div>\n<\/div>","protected":false},"excerpt":{"rendered":"<p>\u017bywy i kochany Autentyczny, prawdziwy, zrelaksowany &#8211; Hanower oferuje idealne po\u0142\u0105czenie dla odwiedzaj\u0105cych! Centrum miasta zachwyca wielkomiejskim stylem, na starym mie\u015bcie mo\u017cna spacerowa\u0107 \u015bredniowiecznymi uliczkami lub zrelaksowa\u0107 si\u0119 nad brzegiem Leine. Do\u015bwiadcz sztuki ogrodowej w doskona\u0142o\u015bci w Ogrodach Herrenh\u00e4user. Wybierz si\u0119 w podr\u00f3\u017c dooko\u0142a \u015bwiata przez wyj\u0105tkowe \u015bwiaty tematyczne w Adventure Zoo. R\u00f3\u017cne dzielnice miasta [&hellip;]<\/p>\n","protected":false},"author":1,"featured_media":19473,"parent":0,"menu_order":0,"comment_status":"closed","ping_status":"closed","template":"pagetemplates\/template-stadtseite.php","meta":{"_acf_changed":false,"footnotes":""},"categories":[],"tags":[],"ncap_cities_tax":[458],"class_list":["post-18029","page","type-page","status-publish","has-post-thumbnail","hentry","ncap_cities_tax-hannover-pl"],"acf":[],"yoast_head":"<!-- This site is optimized with the Yoast SEO plugin v26.8 - https:\/\/yoast.com\/product\/yoast-seo-wordpress\/ -->\n<title>Hanower - stolica Dolnej Saksonii - 9 St\u00e4dte in Niedersachsen<\/title>\n<meta name=\"description\" content=\"Centrum Hanoweru zachwyca wielkomiejskim stylem, a stare miasto historycznymi alejkami. Ogrody Herrenh\u00e4user oferuj\u0105 perfekcyjn\u0105 sztuk\u0119 ogrodow\u0105.\" \/>\n<meta name=\"robots\" content=\"index, follow, max-snippet:-1, max-image-preview:large, max-video-preview:-1\" \/>\n<link rel=\"canonical\" href=\"https:\/\/9staedte.de\/pl\/hanower-stolica-dolnej-saksonii\/\" \/>\n<meta property=\"og:locale\" content=\"pl_PL\" \/>\n<meta property=\"og:type\" content=\"article\" \/>\n<meta property=\"og:title\" content=\"Hanower - stolica Dolnej Saksonii - 9 St\u00e4dte in Niedersachsen\" \/>\n<meta property=\"og:description\" content=\"Centrum Hanoweru zachwyca wielkomiejskim stylem, a stare miasto historycznymi alejkami. Ogrody Herrenh\u00e4user oferuj\u0105 perfekcyjn\u0105 sztuk\u0119 ogrodow\u0105.\" \/>\n<meta property=\"og:url\" content=\"https:\/\/9staedte.de\/pl\/hanower-stolica-dolnej-saksonii\/\" \/>\n<meta property=\"og:site_name\" content=\"9 St\u00e4dte in Niedersachsen\" \/>\n<meta property=\"article:modified_time\" content=\"2024-04-15T10:27:41+00:00\" \/>\n<meta property=\"og:image\" content=\"https:\/\/9staedte.de\/wp-content\/uploads\/2023\/07\/Hannover-Neues-Rathaus-Luftbild-c-HMTG-Lars-Gerhardts.jpg\" \/>\n\t<meta property=\"og:image:width\" content=\"2500\" \/>\n\t<meta property=\"og:image:height\" content=\"1498\" \/>\n\t<meta property=\"og:image:type\" content=\"image\/jpeg\" \/>\n<meta name=\"twitter:card\" content=\"summary_large_image\" \/>\n<meta name=\"twitter:label1\" content=\"Szacowany czas czytania\" \/>\n\t<meta name=\"twitter:data1\" content=\"1 minuta\" \/>\n<script type=\"application\/ld+json\" class=\"yoast-schema-graph\">{\"@context\":\"https:\/\/schema.org\",\"@graph\":[{\"@type\":\"WebPage\",\"@id\":\"https:\/\/9staedte.de\/pl\/hanower-stolica-dolnej-saksonii\/\",\"url\":\"https:\/\/9staedte.de\/pl\/hanower-stolica-dolnej-saksonii\/\",\"name\":\"Hanower - stolica Dolnej Saksonii - 9 St\u00e4dte in Niedersachsen\",\"isPartOf\":{\"@id\":\"https:\/\/9staedte.de\/pl\/#website\"},\"primaryImageOfPage\":{\"@id\":\"https:\/\/9staedte.de\/pl\/hanower-stolica-dolnej-saksonii\/#primaryimage\"},\"image\":{\"@id\":\"https:\/\/9staedte.de\/pl\/hanower-stolica-dolnej-saksonii\/#primaryimage\"},\"thumbnailUrl\":\"https:\/\/9staedte.de\/wp-content\/uploads\/2023\/07\/Hannover-Abendstimmung-vor-der-Oper-c-HMTG-Hans-Zaglitsch.jpg\",\"datePublished\":\"2023-11-02T08:52:53+00:00\",\"dateModified\":\"2024-04-15T10:27:41+00:00\",\"description\":\"Centrum Hanoweru zachwyca wielkomiejskim stylem, a stare miasto historycznymi alejkami. Ogrody Herrenh\u00e4user oferuj\u0105 perfekcyjn\u0105 sztuk\u0119 ogrodow\u0105.\",\"breadcrumb\":{\"@id\":\"https:\/\/9staedte.de\/pl\/hanower-stolica-dolnej-saksonii\/#breadcrumb\"},\"inLanguage\":\"pl-PL\",\"potentialAction\":[{\"@type\":\"ReadAction\",\"target\":[\"https:\/\/9staedte.de\/pl\/hanower-stolica-dolnej-saksonii\/\"]}]},{\"@type\":\"ImageObject\",\"inLanguage\":\"pl-PL\",\"@id\":\"https:\/\/9staedte.de\/pl\/hanower-stolica-dolnej-saksonii\/#primaryimage\",\"url\":\"https:\/\/9staedte.de\/wp-content\/uploads\/2023\/07\/Hannover-Abendstimmung-vor-der-Oper-c-HMTG-Hans-Zaglitsch.jpg\",\"contentUrl\":\"https:\/\/9staedte.de\/wp-content\/uploads\/2023\/07\/Hannover-Abendstimmung-vor-der-Oper-c-HMTG-Hans-Zaglitsch.jpg\",\"width\":2500,\"height\":1696,\"caption\":\"Hannover Abendstimmung vor der Oper c) HMTG Hans Zaglitsch\"},{\"@type\":\"BreadcrumbList\",\"@id\":\"https:\/\/9staedte.de\/pl\/hanower-stolica-dolnej-saksonii\/#breadcrumb\",\"itemListElement\":[{\"@type\":\"ListItem\",\"position\":1,\"name\":\"Startseite\",\"item\":\"https:\/\/9staedte.de\/pl\/\"},{\"@type\":\"ListItem\",\"position\":2,\"name\":\"Hanower &#8211; stolica Dolnej Saksonii\"}]},{\"@type\":\"WebSite\",\"@id\":\"https:\/\/9staedte.de\/pl\/#website\",\"url\":\"https:\/\/9staedte.de\/pl\/\",\"name\":\"9 St\u00e4dte in Niedersachsen\",\"description\":\"\",\"publisher\":{\"@id\":\"https:\/\/9staedte.de\/pl\/#organization\"},\"potentialAction\":[{\"@type\":\"SearchAction\",\"target\":{\"@type\":\"EntryPoint\",\"urlTemplate\":\"https:\/\/9staedte.de\/pl\/?s={search_term_string}\"},\"query-input\":{\"@type\":\"PropertyValueSpecification\",\"valueRequired\":true,\"valueName\":\"search_term_string\"}}],\"inLanguage\":\"pl-PL\"},{\"@type\":\"Organization\",\"@id\":\"https:\/\/9staedte.de\/pl\/#organization\",\"name\":\"9 St\u00e4dte in Niedersachsen\",\"url\":\"https:\/\/9staedte.de\/pl\/\",\"logo\":{\"@type\":\"ImageObject\",\"inLanguage\":\"pl-PL\",\"@id\":\"https:\/\/9staedte.de\/pl\/#\/schema\/logo\/image\/\",\"url\":\"https:\/\/9staedte.de\/wp-content\/uploads\/2025\/01\/9-neg-deutsch-2-1.png\",\"contentUrl\":\"https:\/\/9staedte.de\/wp-content\/uploads\/2025\/01\/9-neg-deutsch-2-1.png\",\"width\":190,\"height\":114,\"caption\":\"9 St\u00e4dte in Niedersachsen\"},\"image\":{\"@id\":\"https:\/\/9staedte.de\/pl\/#\/schema\/logo\/image\/\"}}]}<\/script>\n<!-- \/ Yoast SEO plugin. -->","yoast_head_json":{"title":"Hanower - stolica Dolnej Saksonii - 9 St\u00e4dte in Niedersachsen","description":"Centrum Hanoweru zachwyca wielkomiejskim stylem, a stare miasto historycznymi alejkami. Ogrody Herrenh\u00e4user oferuj\u0105 perfekcyjn\u0105 sztuk\u0119 ogrodow\u0105.","robots":{"index":"index","follow":"follow","max-snippet":"max-snippet:-1","max-image-preview":"max-image-preview:large","max-video-preview":"max-video-preview:-1"},"canonical":"https:\/\/9staedte.de\/pl\/hanower-stolica-dolnej-saksonii\/","og_locale":"pl_PL","og_type":"article","og_title":"Hanower - stolica Dolnej Saksonii - 9 St\u00e4dte in Niedersachsen","og_description":"Centrum Hanoweru zachwyca wielkomiejskim stylem, a stare miasto historycznymi alejkami. Ogrody Herrenh\u00e4user oferuj\u0105 perfekcyjn\u0105 sztuk\u0119 ogrodow\u0105.","og_url":"https:\/\/9staedte.de\/pl\/hanower-stolica-dolnej-saksonii\/","og_site_name":"9 St\u00e4dte in Niedersachsen","article_modified_time":"2024-04-15T10:27:41+00:00","og_image":[{"width":2500,"height":1498,"url":"https:\/\/9staedte.de\/wp-content\/uploads\/2023\/07\/Hannover-Neues-Rathaus-Luftbild-c-HMTG-Lars-Gerhardts.jpg","type":"image\/jpeg"}],"twitter_card":"summary_large_image","twitter_misc":{"Szacowany czas czytania":"1 minuta"},"schema":{"@context":"https:\/\/schema.org","@graph":[{"@type":"WebPage","@id":"https:\/\/9staedte.de\/pl\/hanower-stolica-dolnej-saksonii\/","url":"https:\/\/9staedte.de\/pl\/hanower-stolica-dolnej-saksonii\/","name":"Hanower - stolica Dolnej Saksonii - 9 St\u00e4dte in Niedersachsen","isPartOf":{"@id":"https:\/\/9staedte.de\/pl\/#website"},"primaryImageOfPage":{"@id":"https:\/\/9staedte.de\/pl\/hanower-stolica-dolnej-saksonii\/#primaryimage"},"image":{"@id":"https:\/\/9staedte.de\/pl\/hanower-stolica-dolnej-saksonii\/#primaryimage"},"thumbnailUrl":"https:\/\/9staedte.de\/wp-content\/uploads\/2023\/07\/Hannover-Abendstimmung-vor-der-Oper-c-HMTG-Hans-Zaglitsch.jpg","datePublished":"2023-11-02T08:52:53+00:00","dateModified":"2024-04-15T10:27:41+00:00","description":"Centrum Hanoweru zachwyca wielkomiejskim stylem, a stare miasto historycznymi alejkami. Ogrody Herrenh\u00e4user oferuj\u0105 perfekcyjn\u0105 sztuk\u0119 ogrodow\u0105.","breadcrumb":{"@id":"https:\/\/9staedte.de\/pl\/hanower-stolica-dolnej-saksonii\/#breadcrumb"},"inLanguage":"pl-PL","potentialAction":[{"@type":"ReadAction","target":["https:\/\/9staedte.de\/pl\/hanower-stolica-dolnej-saksonii\/"]}]},{"@type":"ImageObject","inLanguage":"pl-PL","@id":"https:\/\/9staedte.de\/pl\/hanower-stolica-dolnej-saksonii\/#primaryimage","url":"https:\/\/9staedte.de\/wp-content\/uploads\/2023\/07\/Hannover-Abendstimmung-vor-der-Oper-c-HMTG-Hans-Zaglitsch.jpg","contentUrl":"https:\/\/9staedte.de\/wp-content\/uploads\/2023\/07\/Hannover-Abendstimmung-vor-der-Oper-c-HMTG-Hans-Zaglitsch.jpg","width":2500,"height":1696,"caption":"Hannover Abendstimmung vor der Oper c) HMTG Hans Zaglitsch"},{"@type":"BreadcrumbList","@id":"https:\/\/9staedte.de\/pl\/hanower-stolica-dolnej-saksonii\/#breadcrumb","itemListElement":[{"@type":"ListItem","position":1,"name":"Startseite","item":"https:\/\/9staedte.de\/pl\/"},{"@type":"ListItem","position":2,"name":"Hanower &#8211; stolica Dolnej Saksonii"}]},{"@type":"WebSite","@id":"https:\/\/9staedte.de\/pl\/#website","url":"https:\/\/9staedte.de\/pl\/","name":"9 St\u00e4dte in Niedersachsen","description":"","publisher":{"@id":"https:\/\/9staedte.de\/pl\/#organization"},"potentialAction":[{"@type":"SearchAction","target":{"@type":"EntryPoint","urlTemplate":"https:\/\/9staedte.de\/pl\/?s={search_term_string}"},"query-input":{"@type":"PropertyValueSpecification","valueRequired":true,"valueName":"search_term_string"}}],"inLanguage":"pl-PL"},{"@type":"Organization","@id":"https:\/\/9staedte.de\/pl\/#organization","name":"9 St\u00e4dte in Niedersachsen","url":"https:\/\/9staedte.de\/pl\/","logo":{"@type":"ImageObject","inLanguage":"pl-PL","@id":"https:\/\/9staedte.de\/pl\/#\/schema\/logo\/image\/","url":"https:\/\/9staedte.de\/wp-content\/uploads\/2025\/01\/9-neg-deutsch-2-1.png","contentUrl":"https:\/\/9staedte.de\/wp-content\/uploads\/2025\/01\/9-neg-deutsch-2-1.png","width":190,"height":114,"caption":"9 St\u00e4dte in Niedersachsen"},"image":{"@id":"https:\/\/9staedte.de\/pl\/#\/schema\/logo\/image\/"}}]}},"_links":{"self":[{"href":"https:\/\/9staedte.de\/pl\/wp-json\/wp\/v2\/pages\/18029","targetHints":{"allow":["GET"]}}],"collection":[{"href":"https:\/\/9staedte.de\/pl\/wp-json\/wp\/v2\/pages"}],"about":[{"href":"https:\/\/9staedte.de\/pl\/wp-json\/wp\/v2\/types\/page"}],"author":[{"embeddable":true,"href":"https:\/\/9staedte.de\/pl\/wp-json\/wp\/v2\/users\/1"}],"replies":[{"embeddable":true,"href":"https:\/\/9staedte.de\/pl\/wp-json\/wp\/v2\/comments?post=18029"}],"version-history":[{"count":8,"href":"https:\/\/9staedte.de\/pl\/wp-json\/wp\/v2\/pages\/18029\/revisions"}],"predecessor-version":[{"id":22025,"href":"https:\/\/9staedte.de\/pl\/wp-json\/wp\/v2\/pages\/18029\/revisions\/22025"}],"wp:featuredmedia":[{"embeddable":true,"href":"https:\/\/9staedte.de\/pl\/wp-json\/wp\/v2\/media\/19473"}],"wp:attachment":[{"href":"https:\/\/9staedte.de\/pl\/wp-json\/wp\/v2\/media?parent=18029"}],"wp:term":[{"taxonomy":"category","embeddable":true,"href":"https:\/\/9staedte.de\/pl\/wp-json\/wp\/v2\/categories?post=18029"},{"taxonomy":"post_tag","embeddable":true,"href":"https:\/\/9staedte.de\/pl\/wp-json\/wp\/v2\/tags?post=18029"},{"taxonomy":"ncap_cities_tax","embeddable":true,"href":"https:\/\/9staedte.de\/pl\/wp-json\/wp\/v2\/ncap_cities_tax?post=18029"}],"curies":[{"name":"wp","href":"https:\/\/api.w.org\/{rel}","templated":true}]}}