{"id":18011,"date":"2023-11-02T09:52:52","date_gmt":"2023-11-02T08:52:52","guid":{"rendered":"https:\/\/9staedte.de\/getynga-miasto-ktore-tworzy-wiedze\/"},"modified":"2025-05-15T12:47:10","modified_gmt":"2025-05-15T10:47:10","slug":"getynga-miasto-ktore-tworzy-wiedze","status":"publish","type":"page","link":"https:\/\/9staedte.de\/pl\/getynga-miasto-ktore-tworzy-wiedze\/","title":{"rendered":"Getynga &#8211; miasto, kt\u00f3re tworzy wiedz\u0119"},"content":{"rendered":"\n<h2 class=\"wp-block-heading\">Miasto uniwersyteckie bogate w tradycj\u0119<\/h2>\n\n\n\n<p>Podr\u00f3\u017cni doceniaj\u0105 kosmopolityczn\u0105 atmosfer\u0119 t\u0119tni\u0105cego \u017cyciem miasta, w kt\u00f3rym studenci i mi\u0119dzynarodowi go\u015bcie dominuj\u0105 na ulicach. Po\u0142\u0105czenie tradycji i nowoczesno\u015bci mo\u017cna znale\u017a\u0107 nie tylko na s\u0142ynnym Uniwersytecie Georga Augusta, ale wsz\u0119dzie w Getyndze. Stare miasto w uroczy spos\u00f3b \u0142\u0105czy w sobie wspomnienia \u015bredniowiecznego miasta kupieckiego z atmosfer\u0105 nowoczesnej metropolii handlowej. T\u0119tni\u0105ce \u017cyciem boczne uliczki zapraszaj\u0105 do zakup\u00f3w, a przytulne restauracje i urocze puby studenckie zach\u0119caj\u0105 do odpoczynku. Oferta kulturalna jest wyj\u0105tkowa. Teatry, orkiestry, muzea i wystawy przyci\u0105gaj\u0105 wielu turyst\u00f3w.<\/p>\n\n\n\n<p><a href=\"http:\/\/www.goettingen-tourismus.de\/\">www.goettingen-tourismus.de<\/a><\/p>\n\n\n\n\n<div class=\"banner-wrapper\">\n  <div class=\"banner-inner \">\n      <div class=\"img-container\">\n      <div class=\"img-wrapper\">\n        <img decoding=\"async\" src=\"https:\/\/9staedte.de\/wp-content\/smush-webp\/2023\/02\/Goettingen-Gaenseliesel-c-Lars-Gerhardts.jpg.webp\" alt=\"G\u00f6ttingen G\u00e4nseliesel c) G\u00f6ttingen Marketing GmbH Lars Gerhardts\" \/>\n                  <div class=\"thumbnail-label\">\n            <span>G\u00f6ttingen G\u00e4nseliesel c) Lars Gerhardts<\/span>\n          <\/div>\n              <\/div>\n    <\/div>\n        <div class=\"text-container\">\n      <div class=\"content\">\n        <p><strong>Specjalne wskaz\u00f3wki<\/strong><\/p>\n<p>&#8211; We\u017a udzia\u0142 w wycieczce po mie\u015bcie<br \/>\n&#8211; Sza\u0142 zakup\u00f3w na historycznej star\u00f3wce<br \/>\n&#8211; Wycieczka z przewodnikiem po tradycyjnym uniwersytecie<br \/>\n&#8211; Spacer wzd\u0142u\u017c mur\u00f3w obronnych<br \/>\n&#8211; Zwiedzanie cmentarza miejskiego (groby laureat\u00f3w Nagrody Nobla)<br \/>\n&#8211; Wizyta w warzelni soli Luisenhall<br \/>\n&#8211; W\u0119dr\u00f3wka do wie\u017cy Bismarcka<br \/>\n&#8211; Relaks w raju k\u0105pielowym Eiswiese<br \/>\n&#8211; Mi\u0119dzynarodowy Festiwal Handlu<\/p>\n      <\/div>\n    <\/div>\n    <\/div>\n<\/div>\n\n\n\n\n<div style=\"height:30px\" aria-hidden=\"true\" class=\"wp-block-spacer\"><\/div>\n\n\n\n<div class=\"wp-block-columns is-layout-flex wp-container-core-columns-is-layout-9d6595d7 wp-block-columns-is-layout-flex\">\n<div class=\"wp-block-column is-layout-flow wp-block-column-is-layout-flow\" style=\"flex-basis:66.66%\">\n <div class=\"brlbs-cmpnt-container brlbs-cmpnt-content-blocker brlbs-cmpnt-with-individual-styles\" data-borlabs-cookie-content-blocker-id=\"google-maps\" data-borlabs-cookie-content=\"PGlmcmFtZSBzcmM9Imh0dHBzOi8vd3d3Lmdvb2dsZS5jb20vbWFwcy9kL2VtYmVkP21pZD0xcnFxUDl2dWdUcHVPdExseUUxWFlHc0VpaklYam91WSZhbXA7ZWhiYz0yRTMxMkYiIHdpZHRoPSIxMDAlIiBoZWlnaHQ9IjQ1MCI+PC9pZnJhbWU+\"><div class=\"brlbs-cmpnt-cb-preset-b brlbs-cmpnt-cb-google-maps\"> <div class=\"brlbs-cmpnt-cb-thumbnail\" style=\"background-image: url('https:\/\/9staedte.de\/wp-content\/uploads\/borlabs-cookie\/1\/brlbs-cb-google-maps-main.png')\"><\/div> <div class=\"brlbs-cmpnt-cb-main\"> <div class=\"brlbs-cmpnt-cb-content\"> <p class=\"brlbs-cmpnt-cb-description\">Aktualnie wy\u015bwietlana jest tre\u015b\u0107 zast\u0119pcza z <strong>Google Maps<\/strong>. Aby uzyska\u0107 dost\u0119p do rzeczywistej tre\u015bci, kliknij poni\u017cszy przycisk. Pami\u0119taj, \u017ce spowoduje to udost\u0119pnienie danych zewn\u0119trznym operatorom.<\/p> <a class=\"brlbs-cmpnt-cb-provider-toggle\" href=\"#\" data-borlabs-cookie-show-provider-information role=\"button\">Wi\u0119cej informacji<\/a> <\/div> <div class=\"brlbs-cmpnt-cb-buttons\"> <a class=\"brlbs-cmpnt-cb-btn\" href=\"#\" data-borlabs-cookie-unblock role=\"button\">Odblokuj tre\u015b\u0107<\/a> <a class=\"brlbs-cmpnt-cb-btn\" href=\"#\" data-borlabs-cookie-accept-service role=\"button\" style=\"display: inherit\">Zaakceptuj wymagan\u0105 us\u0142ug\u0119 i odblokuj tre\u015b\u0107<\/a> <\/div> <\/div> <\/div><\/div>\n<\/div>\n\n\n\n<div class=\"wp-block-column is-layout-flow wp-block-column-is-layout-flow\" style=\"flex-basis:33.33%\">\n<p><strong>Interesuj\u0105ce miejsca:<\/strong><\/p>\n\n\n\n<ul class=\"wp-block-list map-legend main-legend\">\n<li>Muzeum Wiedzy &#8222;Forum Wissen  <\/li>\n\n\n\n<li>St. John&#8217;s  <\/li>\n\n\n\n<li>Ratusz Staromiejski <\/li>\n\n\n\n<li>Fontanna G\u00e4nseliesel<\/li>\n\n\n\n<li>Junkernsch\u00e4nke  <\/li>\n\n\n\n<li>St. Jacob&#8217;s  <\/li>\n\n\n\n<li>Audytorium Uniwersytetu  <\/li>\n\n\n\n<li>Teatr niemiecki  <\/li>\n\n\n\n<li>Stary Ogr\u00f3d Botaniczny<\/li>\n<\/ul>\n<\/div>\n<\/div>\n\n\n\n<div style=\"height:60px\" aria-hidden=\"true\" class=\"wp-block-spacer\"><\/div>\n\n\n\n<div class=\"content-grid\">\n\n\n  \n  <div class=\"grid\">\n                        \n                    \n          <div class=\"featured-themen-single\">\n            <div class=\"featured-themen-single-inner\" style=\"background-image: url('https:\/\/9staedte.de\/wp-content\/smush-webp\/2023\/02\/Goettingen-Paulinerstrasse-c-Lars-Gerhardts.jpg.webp')\">\n              \n              <a href=\"https:\/\/9staedte.de\/pl\/getynga-miasto-ktore-tworzy-wiedze\/wycieczki-po-miescie-getynga\/\">\n                <span>Wycieczki po mie\u015bcie Getynga<\/span>\n              <\/a>\n            <\/div>\n          <\/div>\n    \n          \n                  \n                    \n          <div class=\"featured-themen-single\">\n            <div class=\"featured-themen-single-inner\" style=\"background-image: url('https:\/\/9staedte.de\/wp-content\/uploads\/2023\/02\/Goettingen_Alter_Bot._GartencChristoph_Mischke.jpg')\">\n              \n              <a href=\"https:\/\/9staedte.de\/pl\/getynga-miasto-ktore-tworzy-wiedze\/getynga-odkrywaj-w-sposob-zrownowazony\/\">\n                <span>Getynga &#8211; odkrywaj w spos\u00f3b zr\u00f3wnowa\u017cony<\/span>\n              <\/a>\n            <\/div>\n          <\/div>\n    \n          \n                  \n                    \n          <div class=\"featured-themen-single\">\n            <div class=\"featured-themen-single-inner\" style=\"background-image: url('https:\/\/9staedte.de\/wp-content\/smush-webp\/2023\/02\/Goettingen-Weihnachtsmarkt-c-Christoph-Mischke.jpg.webp')\">\n              \n              <a href=\"https:\/\/9staedte.de\/pl\/getynga-miasto-ktore-tworzy-wiedze\/jarmark-bozonarodzeniowy-w-getyndze\/\">\n                <span>Jarmark bo\u017conarodzeniowy w Getyndze<\/span>\n              <\/a>\n            <\/div>\n          <\/div>\n    \n          \n                  \n                    \n          <div class=\"featured-themen-single\">\n            <div class=\"featured-themen-single-inner\" style=\"background-image: url('https:\/\/9staedte.de\/wp-content\/smush-webp\/2023\/02\/Ausgehen-in-Goettingen-c-Goettingen-Tourismus-Lars-Gerhardts.jpg.webp')\">\n              \n              <a href=\"https:\/\/9staedte.de\/pl\/getynga-miasto-ktore-tworzy-wiedze\/zakupy-i-wypady-na-miasto-w-getyndze\/\">\n                <span>Zakupy i wypady na miasto w Getyndze<\/span>\n              <\/a>\n            <\/div>\n          <\/div>\n    \n          \n                  \n                    \n          <div class=\"featured-themen-single\">\n            <div class=\"featured-themen-single-inner\" style=\"background-image: url('https:\/\/9staedte.de\/wp-content\/smush-webp\/2022\/03\/Goettingen-Impressionen-Altes_Rathaus_Abendstimmung.jpg.webp')\">\n              \n              <a href=\"https:\/\/9staedte.de\/pl\/getynga-miasto-ktore-tworzy-wiedze\/wrazenia-z-getyngi\/\">\n                <span>Wra\u017cenia z Getyngi<\/span>\n              <\/a>\n            <\/div>\n          <\/div>\n    \n          \n                          \n        <\/div>\n<\/div>","protected":false},"excerpt":{"rendered":"<p>Miasto uniwersyteckie bogate w tradycj\u0119 Podr\u00f3\u017cni doceniaj\u0105 kosmopolityczn\u0105 atmosfer\u0119 t\u0119tni\u0105cego \u017cyciem miasta, w kt\u00f3rym studenci i mi\u0119dzynarodowi go\u015bcie dominuj\u0105 na ulicach. Po\u0142\u0105czenie tradycji i nowoczesno\u015bci mo\u017cna znale\u017a\u0107 nie tylko na s\u0142ynnym Uniwersytecie Georga Augusta, ale wsz\u0119dzie w Getyndze. Stare miasto w uroczy spos\u00f3b \u0142\u0105czy w sobie wspomnienia \u015bredniowiecznego miasta kupieckiego z atmosfer\u0105 nowoczesnej metropolii handlowej. [&hellip;]<\/p>\n","protected":false},"author":1,"featured_media":19401,"parent":0,"menu_order":0,"comment_status":"closed","ping_status":"closed","template":"pagetemplates\/template-stadtseite.php","meta":{"_acf_changed":false,"footnotes":""},"categories":[],"tags":[],"ncap_cities_tax":[436],"class_list":["post-18011","page","type-page","status-publish","has-post-thumbnail","hentry","ncap_cities_tax-goettingen-pl"],"acf":[],"yoast_head":"<!-- This site is optimized with the Yoast SEO plugin v26.8 - https:\/\/yoast.com\/product\/yoast-seo-wordpress\/ -->\n<title>Getynga - miasto, kt\u00f3re tworzy wiedz\u0119 - 9 St\u00e4dte in Niedersachsen<\/title>\n<meta name=\"description\" content=\"Po\u0142\u0105czenie tradycji i nowoczesno\u015bci mo\u017cna znale\u017a\u0107 nie tylko na s\u0142ynnym Uniwersytecie Georga Augusta, ale wsz\u0119dzie w Getyndze.\" \/>\n<meta name=\"robots\" content=\"index, follow, max-snippet:-1, max-image-preview:large, max-video-preview:-1\" \/>\n<link rel=\"canonical\" href=\"https:\/\/9staedte.de\/pl\/getynga-miasto-ktore-tworzy-wiedze\/\" \/>\n<meta property=\"og:locale\" content=\"pl_PL\" \/>\n<meta property=\"og:type\" content=\"article\" \/>\n<meta property=\"og:title\" content=\"Getynga - miasto, kt\u00f3re tworzy wiedz\u0119 - 9 St\u00e4dte in Niedersachsen\" \/>\n<meta property=\"og:description\" content=\"Po\u0142\u0105czenie tradycji i nowoczesno\u015bci mo\u017cna znale\u017a\u0107 nie tylko na s\u0142ynnym Uniwersytecie Georga Augusta, ale wsz\u0119dzie w Getyndze.\" \/>\n<meta property=\"og:url\" content=\"https:\/\/9staedte.de\/pl\/getynga-miasto-ktore-tworzy-wiedze\/\" \/>\n<meta property=\"og:site_name\" content=\"9 St\u00e4dte in Niedersachsen\" \/>\n<meta property=\"article:modified_time\" content=\"2025-05-15T10:47:10+00:00\" \/>\n<meta property=\"og:image\" content=\"https:\/\/9staedte.de\/wp-content\/uploads\/2023\/06\/Goettingen-Gaenseliesel-c-Lars-Gerhardts.jpg\" \/>\n\t<meta property=\"og:image:width\" content=\"1020\" \/>\n\t<meta property=\"og:image:height\" content=\"560\" \/>\n\t<meta property=\"og:image:type\" content=\"image\/jpeg\" \/>\n<meta name=\"twitter:card\" content=\"summary_large_image\" \/>\n<meta name=\"twitter:label1\" content=\"Szacowany czas czytania\" \/>\n\t<meta name=\"twitter:data1\" content=\"1 minuta\" \/>\n<script type=\"application\/ld+json\" class=\"yoast-schema-graph\">{\"@context\":\"https:\/\/schema.org\",\"@graph\":[{\"@type\":\"WebPage\",\"@id\":\"https:\/\/9staedte.de\/pl\/getynga-miasto-ktore-tworzy-wiedze\/\",\"url\":\"https:\/\/9staedte.de\/pl\/getynga-miasto-ktore-tworzy-wiedze\/\",\"name\":\"Getynga - miasto, kt\u00f3re tworzy wiedz\u0119 - 9 St\u00e4dte in Niedersachsen\",\"isPartOf\":{\"@id\":\"https:\/\/9staedte.de\/pl\/#website\"},\"primaryImageOfPage\":{\"@id\":\"https:\/\/9staedte.de\/pl\/getynga-miasto-ktore-tworzy-wiedze\/#primaryimage\"},\"image\":{\"@id\":\"https:\/\/9staedte.de\/pl\/getynga-miasto-ktore-tworzy-wiedze\/#primaryimage\"},\"thumbnailUrl\":\"https:\/\/9staedte.de\/wp-content\/uploads\/2023\/07\/Altes-Rathaus-Goettingen-Abendstimmung-c-Goettingen-Tourismus-und-Marketing-e.V.jpg\",\"datePublished\":\"2023-11-02T08:52:52+00:00\",\"dateModified\":\"2025-05-15T10:47:10+00:00\",\"description\":\"Po\u0142\u0105czenie tradycji i nowoczesno\u015bci mo\u017cna znale\u017a\u0107 nie tylko na s\u0142ynnym Uniwersytecie Georga Augusta, ale wsz\u0119dzie w Getyndze.\",\"breadcrumb\":{\"@id\":\"https:\/\/9staedte.de\/pl\/getynga-miasto-ktore-tworzy-wiedze\/#breadcrumb\"},\"inLanguage\":\"pl-PL\",\"potentialAction\":[{\"@type\":\"ReadAction\",\"target\":[\"https:\/\/9staedte.de\/pl\/getynga-miasto-ktore-tworzy-wiedze\/\"]}]},{\"@type\":\"ImageObject\",\"inLanguage\":\"pl-PL\",\"@id\":\"https:\/\/9staedte.de\/pl\/getynga-miasto-ktore-tworzy-wiedze\/#primaryimage\",\"url\":\"https:\/\/9staedte.de\/wp-content\/uploads\/2023\/07\/Altes-Rathaus-Goettingen-Abendstimmung-c-Goettingen-Tourismus-und-Marketing-e.V.jpg\",\"contentUrl\":\"https:\/\/9staedte.de\/wp-content\/uploads\/2023\/07\/Altes-Rathaus-Goettingen-Abendstimmung-c-Goettingen-Tourismus-und-Marketing-e.V.jpg\",\"width\":2500,\"height\":1623,\"caption\":\"Altes Rathaus G\u00f6ttingen - Abendstimmung c) G\u00f6ttingen Tourismus und Marketing e.V.\"},{\"@type\":\"BreadcrumbList\",\"@id\":\"https:\/\/9staedte.de\/pl\/getynga-miasto-ktore-tworzy-wiedze\/#breadcrumb\",\"itemListElement\":[{\"@type\":\"ListItem\",\"position\":1,\"name\":\"Startseite\",\"item\":\"https:\/\/9staedte.de\/pl\/\"},{\"@type\":\"ListItem\",\"position\":2,\"name\":\"Getynga &#8211; miasto, kt\u00f3re tworzy wiedz\u0119\"}]},{\"@type\":\"WebSite\",\"@id\":\"https:\/\/9staedte.de\/pl\/#website\",\"url\":\"https:\/\/9staedte.de\/pl\/\",\"name\":\"9 St\u00e4dte in Niedersachsen\",\"description\":\"\",\"publisher\":{\"@id\":\"https:\/\/9staedte.de\/pl\/#organization\"},\"potentialAction\":[{\"@type\":\"SearchAction\",\"target\":{\"@type\":\"EntryPoint\",\"urlTemplate\":\"https:\/\/9staedte.de\/pl\/?s={search_term_string}\"},\"query-input\":{\"@type\":\"PropertyValueSpecification\",\"valueRequired\":true,\"valueName\":\"search_term_string\"}}],\"inLanguage\":\"pl-PL\"},{\"@type\":\"Organization\",\"@id\":\"https:\/\/9staedte.de\/pl\/#organization\",\"name\":\"9 St\u00e4dte in Niedersachsen\",\"url\":\"https:\/\/9staedte.de\/pl\/\",\"logo\":{\"@type\":\"ImageObject\",\"inLanguage\":\"pl-PL\",\"@id\":\"https:\/\/9staedte.de\/pl\/#\/schema\/logo\/image\/\",\"url\":\"https:\/\/9staedte.de\/wp-content\/uploads\/2025\/01\/9-neg-deutsch-2-1.png\",\"contentUrl\":\"https:\/\/9staedte.de\/wp-content\/uploads\/2025\/01\/9-neg-deutsch-2-1.png\",\"width\":190,\"height\":114,\"caption\":\"9 St\u00e4dte in Niedersachsen\"},\"image\":{\"@id\":\"https:\/\/9staedte.de\/pl\/#\/schema\/logo\/image\/\"}}]}<\/script>\n<!-- \/ Yoast SEO plugin. -->","yoast_head_json":{"title":"Getynga - miasto, kt\u00f3re tworzy wiedz\u0119 - 9 St\u00e4dte in Niedersachsen","description":"Po\u0142\u0105czenie tradycji i nowoczesno\u015bci mo\u017cna znale\u017a\u0107 nie tylko na s\u0142ynnym Uniwersytecie Georga Augusta, ale wsz\u0119dzie w Getyndze.","robots":{"index":"index","follow":"follow","max-snippet":"max-snippet:-1","max-image-preview":"max-image-preview:large","max-video-preview":"max-video-preview:-1"},"canonical":"https:\/\/9staedte.de\/pl\/getynga-miasto-ktore-tworzy-wiedze\/","og_locale":"pl_PL","og_type":"article","og_title":"Getynga - miasto, kt\u00f3re tworzy wiedz\u0119 - 9 St\u00e4dte in Niedersachsen","og_description":"Po\u0142\u0105czenie tradycji i nowoczesno\u015bci mo\u017cna znale\u017a\u0107 nie tylko na s\u0142ynnym Uniwersytecie Georga Augusta, ale wsz\u0119dzie w Getyndze.","og_url":"https:\/\/9staedte.de\/pl\/getynga-miasto-ktore-tworzy-wiedze\/","og_site_name":"9 St\u00e4dte in Niedersachsen","article_modified_time":"2025-05-15T10:47:10+00:00","og_image":[{"width":1020,"height":560,"url":"https:\/\/9staedte.de\/wp-content\/uploads\/2023\/06\/Goettingen-Gaenseliesel-c-Lars-Gerhardts.jpg","type":"image\/jpeg"}],"twitter_card":"summary_large_image","twitter_misc":{"Szacowany czas czytania":"1 minuta"},"schema":{"@context":"https:\/\/schema.org","@graph":[{"@type":"WebPage","@id":"https:\/\/9staedte.de\/pl\/getynga-miasto-ktore-tworzy-wiedze\/","url":"https:\/\/9staedte.de\/pl\/getynga-miasto-ktore-tworzy-wiedze\/","name":"Getynga - miasto, kt\u00f3re tworzy wiedz\u0119 - 9 St\u00e4dte in Niedersachsen","isPartOf":{"@id":"https:\/\/9staedte.de\/pl\/#website"},"primaryImageOfPage":{"@id":"https:\/\/9staedte.de\/pl\/getynga-miasto-ktore-tworzy-wiedze\/#primaryimage"},"image":{"@id":"https:\/\/9staedte.de\/pl\/getynga-miasto-ktore-tworzy-wiedze\/#primaryimage"},"thumbnailUrl":"https:\/\/9staedte.de\/wp-content\/uploads\/2023\/07\/Altes-Rathaus-Goettingen-Abendstimmung-c-Goettingen-Tourismus-und-Marketing-e.V.jpg","datePublished":"2023-11-02T08:52:52+00:00","dateModified":"2025-05-15T10:47:10+00:00","description":"Po\u0142\u0105czenie tradycji i nowoczesno\u015bci mo\u017cna znale\u017a\u0107 nie tylko na s\u0142ynnym Uniwersytecie Georga Augusta, ale wsz\u0119dzie w Getyndze.","breadcrumb":{"@id":"https:\/\/9staedte.de\/pl\/getynga-miasto-ktore-tworzy-wiedze\/#breadcrumb"},"inLanguage":"pl-PL","potentialAction":[{"@type":"ReadAction","target":["https:\/\/9staedte.de\/pl\/getynga-miasto-ktore-tworzy-wiedze\/"]}]},{"@type":"ImageObject","inLanguage":"pl-PL","@id":"https:\/\/9staedte.de\/pl\/getynga-miasto-ktore-tworzy-wiedze\/#primaryimage","url":"https:\/\/9staedte.de\/wp-content\/uploads\/2023\/07\/Altes-Rathaus-Goettingen-Abendstimmung-c-Goettingen-Tourismus-und-Marketing-e.V.jpg","contentUrl":"https:\/\/9staedte.de\/wp-content\/uploads\/2023\/07\/Altes-Rathaus-Goettingen-Abendstimmung-c-Goettingen-Tourismus-und-Marketing-e.V.jpg","width":2500,"height":1623,"caption":"Altes Rathaus G\u00f6ttingen - Abendstimmung c) G\u00f6ttingen Tourismus und Marketing e.V."},{"@type":"BreadcrumbList","@id":"https:\/\/9staedte.de\/pl\/getynga-miasto-ktore-tworzy-wiedze\/#breadcrumb","itemListElement":[{"@type":"ListItem","position":1,"name":"Startseite","item":"https:\/\/9staedte.de\/pl\/"},{"@type":"ListItem","position":2,"name":"Getynga &#8211; miasto, kt\u00f3re tworzy wiedz\u0119"}]},{"@type":"WebSite","@id":"https:\/\/9staedte.de\/pl\/#website","url":"https:\/\/9staedte.de\/pl\/","name":"9 St\u00e4dte in Niedersachsen","description":"","publisher":{"@id":"https:\/\/9staedte.de\/pl\/#organization"},"potentialAction":[{"@type":"SearchAction","target":{"@type":"EntryPoint","urlTemplate":"https:\/\/9staedte.de\/pl\/?s={search_term_string}"},"query-input":{"@type":"PropertyValueSpecification","valueRequired":true,"valueName":"search_term_string"}}],"inLanguage":"pl-PL"},{"@type":"Organization","@id":"https:\/\/9staedte.de\/pl\/#organization","name":"9 St\u00e4dte in Niedersachsen","url":"https:\/\/9staedte.de\/pl\/","logo":{"@type":"ImageObject","inLanguage":"pl-PL","@id":"https:\/\/9staedte.de\/pl\/#\/schema\/logo\/image\/","url":"https:\/\/9staedte.de\/wp-content\/uploads\/2025\/01\/9-neg-deutsch-2-1.png","contentUrl":"https:\/\/9staedte.de\/wp-content\/uploads\/2025\/01\/9-neg-deutsch-2-1.png","width":190,"height":114,"caption":"9 St\u00e4dte in Niedersachsen"},"image":{"@id":"https:\/\/9staedte.de\/pl\/#\/schema\/logo\/image\/"}}]}},"_links":{"self":[{"href":"https:\/\/9staedte.de\/pl\/wp-json\/wp\/v2\/pages\/18011","targetHints":{"allow":["GET"]}}],"collection":[{"href":"https:\/\/9staedte.de\/pl\/wp-json\/wp\/v2\/pages"}],"about":[{"href":"https:\/\/9staedte.de\/pl\/wp-json\/wp\/v2\/types\/page"}],"author":[{"embeddable":true,"href":"https:\/\/9staedte.de\/pl\/wp-json\/wp\/v2\/users\/1"}],"replies":[{"embeddable":true,"href":"https:\/\/9staedte.de\/pl\/wp-json\/wp\/v2\/comments?post=18011"}],"version-history":[{"count":7,"href":"https:\/\/9staedte.de\/pl\/wp-json\/wp\/v2\/pages\/18011\/revisions"}],"predecessor-version":[{"id":25790,"href":"https:\/\/9staedte.de\/pl\/wp-json\/wp\/v2\/pages\/18011\/revisions\/25790"}],"wp:featuredmedia":[{"embeddable":true,"href":"https:\/\/9staedte.de\/pl\/wp-json\/wp\/v2\/media\/19401"}],"wp:attachment":[{"href":"https:\/\/9staedte.de\/pl\/wp-json\/wp\/v2\/media?parent=18011"}],"wp:term":[{"taxonomy":"category","embeddable":true,"href":"https:\/\/9staedte.de\/pl\/wp-json\/wp\/v2\/categories?post=18011"},{"taxonomy":"post_tag","embeddable":true,"href":"https:\/\/9staedte.de\/pl\/wp-json\/wp\/v2\/tags?post=18011"},{"taxonomy":"ncap_cities_tax","embeddable":true,"href":"https:\/\/9staedte.de\/pl\/wp-json\/wp\/v2\/ncap_cities_tax?post=18011"}],"curies":[{"name":"wp","href":"https:\/\/api.w.org\/{rel}","templated":true}]}}