{"id":17991,"date":"2023-11-02T09:52:51","date_gmt":"2023-11-02T08:52:51","guid":{"rendered":"https:\/\/9staedte.de\/wolfenbuttel-miasto-lessingow\/"},"modified":"2024-03-25T16:24:26","modified_gmt":"2024-03-25T15:24:26","slug":"wolfenbuttel-miasto-lessingow","status":"publish","type":"page","link":"https:\/\/9staedte.de\/pl\/wolfenbuttel-miasto-lessingow\/","title":{"rendered":"Wolfenb\u00fcttel &#8211; miasto Lessing\u00f3w"},"content":{"rendered":"\n<h2 class=\"wp-block-heading\">1000 dom\u00f3w z muru pruskiego i J\u00e4germeister<\/h2>\n\n\n\n<p>Wolfenb\u00fcttel, znany jako dom J\u00c4GERMEISTER. Ale czy wiesz, \u017ce drugi co do wielko\u015bci zachowany zamek w Dolnej Saksonii znajduje si\u0119 w Wolfenb\u00fcttel? Albo \u017ce Gotthold Ephraim Lessing napisa\u0142 ostatni\u0105<br>sp\u0119dzi\u0142 lata swojego \u017cycia w Wolfenb\u00fcttel? Nie? Wolfenb\u00fcttel by\u0142o rezydencj\u0105 ksi\u0105\u017c\u0105t Guelph przez ponad trzy stulecia. W du\u017cej mierze oszcz\u0119dzony przez wojny historii, pojawia si\u0119<br>stare miasto z zamkiem i znan\u0105 na ca\u0142ym \u015bwiecie Bibliotek\u0105 Herzoga Augusta, Dom Lessinga, pierwszy protestancki ko\u015bci\u00f3\u0142, kt\u00f3ry w du\u017cej mierze wygl\u0105da\u0142 jak za czas\u00f3w dworu. Odkryj<br>Lessingstadt Wolfenb\u00fcttel, a potem znowu i znowu.<\/p>\n\n\n\n<p><a href=\"http:\/\/www.lessingstadt-wolfenbuettel.de\/\">www.lessingstadt-wolfenb\u00fcttel.de<\/a><\/p>\n\n\n\n\n<div class=\"banner-wrapper\">\n  <div class=\"banner-inner \">\n      <div class=\"img-container\">\n      <div class=\"img-wrapper\">\n        <img decoding=\"async\" src=\"https:\/\/9staedte.de\/wp-content\/smush-webp\/2022\/03\/WolfenbuettelSchloss-Fotograf-Christian-Bierwagen-Rechte-Stadt-Wolfenbuettel.jpg.webp\" alt=\"\" \/>\n                  <div class=\"thumbnail-label\">\n            <span>Wolfenb\u00fcttelSchloss, Fotograf Christian Bierwagen, Rechte Stadt Wolfenb\u00fcttel<\/span>\n          <\/div>\n              <\/div>\n    <\/div>\n        <div class=\"text-container\">\n      <div class=\"content\">\n        <p><strong>Specjalne wskaz\u00f3wki<\/strong><\/p>\n<ul>\n<li>Codzienne wycieczki po mie\u015bcie od Wielkanocy do 3 pa\u017adziernika<\/li>\n<li>Sklep kibica J\u00e4germeister w centrum informacji turystycznej<\/li>\n<li>Muzeum Pa\u0142acowe Wolfenb\u00fcttel z pokojami pa\u0144stwowymi ksi\u0105\u017c\u0105t Guelph<\/li>\n<li>Stare miasto z oko\u0142o 1000 dom\u00f3w z muru pruskiego<\/li>\n<li>SUP i wycieczki kajakowe po rzece Oker<\/li>\n<li>Disc golf w Seeliger Park i Linden Estate Park<\/li>\n<li>Bajkowy jarmark bo\u017conarodzeniowy w centrum starego miasta<\/li>\n<li>Aplikacja Wolfenb\u00fcttel dla rekreacji i turystyki<\/li>\n<li>Wycieczka z puzzlami po starym mie\u015bcie<\/li>\n<\/ul>\n      <\/div>\n    <\/div>\n    <\/div>\n<\/div>\n\n\n\n\n<div style=\"height:30px\" aria-hidden=\"true\" class=\"wp-block-spacer\"><\/div>\n\n\n\n<div class=\"wp-block-columns is-layout-flex wp-container-core-columns-is-layout-9d6595d7 wp-block-columns-is-layout-flex\">\n<div class=\"wp-block-column is-layout-flow wp-block-column-is-layout-flow\">\n <div class=\"brlbs-cmpnt-container brlbs-cmpnt-content-blocker brlbs-cmpnt-with-individual-styles\" data-borlabs-cookie-content-blocker-id=\"google-maps\" data-borlabs-cookie-content=\"PGlmcmFtZSBzcmM9Imh0dHBzOi8vd3d3Lmdvb2dsZS5jb20vbWFwcy9kL2VtYmVkP21pZD0xdVpDMjJYaFVJUjB5dTNCYS1mQUgtbFczUWlGMERxZyZhbXA7ZWhiYz0yRTMxMkYiIHdpZHRoPSIxMDAlIiBoZWlnaHQ9IjQ1MCI+PC9pZnJhbWU+\"><div class=\"brlbs-cmpnt-cb-preset-b brlbs-cmpnt-cb-google-maps\"> <div class=\"brlbs-cmpnt-cb-thumbnail\" style=\"background-image: url('https:\/\/9staedte.de\/wp-content\/uploads\/borlabs-cookie\/1\/brlbs-cb-google-maps-main.png')\"><\/div> <div class=\"brlbs-cmpnt-cb-main\"> <div class=\"brlbs-cmpnt-cb-content\"> <p class=\"brlbs-cmpnt-cb-description\">Aktualnie wy\u015bwietlana jest tre\u015b\u0107 zast\u0119pcza z <strong>Google Maps<\/strong>. Aby uzyska\u0107 dost\u0119p do rzeczywistej tre\u015bci, kliknij poni\u017cszy przycisk. Pami\u0119taj, \u017ce spowoduje to udost\u0119pnienie danych zewn\u0119trznym operatorom.<\/p> <a class=\"brlbs-cmpnt-cb-provider-toggle\" href=\"#\" data-borlabs-cookie-show-provider-information role=\"button\">Wi\u0119cej informacji<\/a> <\/div> <div class=\"brlbs-cmpnt-cb-buttons\"> <a class=\"brlbs-cmpnt-cb-btn\" href=\"#\" data-borlabs-cookie-unblock role=\"button\">Odblokuj tre\u015b\u0107<\/a> <a class=\"brlbs-cmpnt-cb-btn\" href=\"#\" data-borlabs-cookie-accept-service role=\"button\" style=\"display: inherit\">Zaakceptuj wymagan\u0105 us\u0142ug\u0119 i odblokuj tre\u015b\u0107<\/a> <\/div> <\/div> <\/div><\/div>\n<\/div>\n\n\n\n<div class=\"wp-block-column is-layout-flow wp-block-column-is-layout-flow\" style=\"flex-basis:33.33%\">\n<p><strong>Interesuj\u0105ce miejsca:<\/strong><\/p>\n\n\n\n<ul class=\"map-legend main-legend wp-block-list\">\n<li>Pa\u0142ac Ksi\u0105\u017c\u0119cy<\/li>\n\n\n\n<li>Lessinghaus <\/li>\n\n\n\n<li>Biblioteka i zbrojownia ksi\u0119cia Augusta  <\/li>\n\n\n\n<li>Muzeum Obywatelskie  <\/li>\n\n\n\n<li>Ma\u0142a Wenecja  <\/li>\n\n\n\n<li>Ratusz i rynek miejski<\/li>\n\n\n\n<li>Ko\u015bci\u00f3\u0142 g\u0142\u00f3wny Beatae Mariae Virginis  <\/li>\n\n\n\n<li>Ko\u015bci\u00f3\u0142 \u015bw. Tr\u00f3jcy  <\/li>\n\n\n\n<li>Krzywe drogi<\/li>\n<\/ul>\n<\/div>\n<\/div>\n\n\n\n<div style=\"height:60px\" aria-hidden=\"true\" class=\"wp-block-spacer\"><\/div>\n\n\n\n<div class=\"content-grid\">\n\n\n  \n  <div class=\"grid\">\n                        \n                    \n          <div class=\"featured-themen-single\">\n            <div class=\"featured-themen-single-inner\" style=\"background-image: url('https:\/\/9staedte.de\/wp-content\/smush-webp\/2023\/07\/Wolfenbuettel-Kulturnacht-Foto-Uwe-Doehner-Missling-Rechte-Stadt-WF.jpg.webp')\">\n              \n              <a href=\"https:\/\/9staedte.de\/pl\/wolfenbuttel-miasto-lessingow\/wydarzenia-w-wolfenbuettel\/\">\n                <span>Wydarzenia w Wolfenb\u00fcttel<\/span>\n              <\/a>\n            <\/div>\n          <\/div>\n    \n          \n                  \n                    \n          <div class=\"featured-themen-single\">\n            <div class=\"featured-themen-single-inner\" style=\"background-image: url('https:\/\/9staedte.de\/wp-content\/smush-webp\/2023\/02\/161008-wf-marketing-087.jpg.webp')\">\n              \n              <a href=\"https:\/\/9staedte.de\/pl\/wolfenbuttel-miasto-lessingow\/wycieczki-po-miescie-w-wolfenbuettel\/\">\n                <span>Wycieczki po mie\u015bcie w Wolfenb\u00fcttel<\/span>\n              <\/a>\n            <\/div>\n          <\/div>\n    \n          \n                  \n                    \n          <div class=\"featured-themen-single\">\n            <div class=\"featured-themen-single-inner\" style=\"background-image: url('https:\/\/9staedte.de\/wp-content\/smush-webp\/2023\/02\/Lessinghaus-und-Schloss-Fotograf-Christian-Bierwagen-Rechte-Stadt-Wolfenbuettel.jpg.webp')\">\n              \n              <a href=\"https:\/\/9staedte.de\/pl\/wolfenbuttel-miasto-lessingow\/zamki-i-ogrody-w-wolfenbuettel\/\">\n                <span>Zamki i ogrody w Wolfenb\u00fcttel<\/span>\n              <\/a>\n            <\/div>\n          <\/div>\n    \n          \n                  \n                    \n          <div class=\"featured-themen-single\">\n            <div class=\"featured-themen-single-inner\" style=\"background-image: url('https:\/\/9staedte.de\/wp-content\/smush-webp\/2023\/02\/Herzog-August-Bibliothek-c-Stadt-Wolfenbuettel-Christian-Bierwagen.jpg.webp')\">\n              \n              <a href=\"https:\/\/9staedte.de\/pl\/wolfenbuttel-miasto-lessingow\/muzea-i-wystawy-w-wolfenbuettel\/\">\n                <span>Muzea i wystawy w Wolfenb\u00fcttel<\/span>\n              <\/a>\n            <\/div>\n          <\/div>\n    \n          \n                  \n                    \n          <div class=\"featured-themen-single\">\n            <div class=\"featured-themen-single-inner\" style=\"background-image: url('https:\/\/9staedte.de\/wp-content\/smush-webp\/2022\/03\/Schloss-Wolfenbuettel-Fotograf-Christian-Bierwagen-Rechte-Stadt-Wolfenbuettel.jpg.webp')\">\n              \n              <a href=\"https:\/\/9staedte.de\/pl\/wolfenbuttel-miasto-lessingow\/wrazenia-z-wolfenbuettel\/\">\n                <span>Wra\u017cenia z Wolfenb\u00fcttel<\/span>\n              <\/a>\n            <\/div>\n          <\/div>\n    \n          \n                          \n        <\/div>\n<\/div>","protected":false},"excerpt":{"rendered":"<p>1000 dom\u00f3w z muru pruskiego i J\u00e4germeister Wolfenb\u00fcttel, znany jako dom J\u00c4GERMEISTER. Ale czy wiesz, \u017ce drugi co do wielko\u015bci zachowany zamek w Dolnej Saksonii znajduje si\u0119 w Wolfenb\u00fcttel? Albo \u017ce Gotthold Ephraim Lessing napisa\u0142 ostatni\u0105sp\u0119dzi\u0142 lata swojego \u017cycia w Wolfenb\u00fcttel? Nie? Wolfenb\u00fcttel by\u0142o rezydencj\u0105 ksi\u0105\u017c\u0105t Guelph przez ponad trzy stulecia. W du\u017cej mierze oszcz\u0119dzony [&hellip;]<\/p>\n","protected":false},"author":1,"featured_media":19539,"parent":0,"menu_order":0,"comment_status":"closed","ping_status":"closed","template":"pagetemplates\/template-stadtseite.php","meta":{"_acf_changed":false,"footnotes":""},"categories":[],"tags":[],"ncap_cities_tax":[473],"class_list":["post-17991","page","type-page","status-publish","has-post-thumbnail","hentry","ncap_cities_tax-wolfenbuettel-pl"],"acf":[],"yoast_head":"<!-- This site is optimized with the Yoast SEO plugin v27.4 - https:\/\/yoast.com\/product\/yoast-seo-wordpress\/ -->\n<title>Wolfenb\u00fcttel - miasto Lessing\u00f3w - 9 St\u00e4dte in Niedersachsen<\/title>\n<meta name=\"description\" content=\"Wolfenb\u00fcttel, miasto Lessing\u00f3w. Na starym mie\u015bcie znajduje si\u0119 ponad 1000 dom\u00f3w z muru pruskiego. Wolfenb\u00fcttel jest znane na ca\u0142ym \u015bwiecie jako ojczyzna &quot;J\u00e4germeister&quot;.\" \/>\n<meta name=\"robots\" content=\"index, follow, max-snippet:-1, max-image-preview:large, max-video-preview:-1\" \/>\n<link rel=\"canonical\" href=\"https:\/\/9staedte.de\/pl\/wolfenbuttel-miasto-lessingow\/\" \/>\n<meta property=\"og:locale\" content=\"pl_PL\" \/>\n<meta property=\"og:type\" content=\"article\" \/>\n<meta property=\"og:title\" content=\"Wolfenb\u00fcttel - miasto Lessing\u00f3w - 9 St\u00e4dte in Niedersachsen\" \/>\n<meta property=\"og:description\" content=\"Wolfenb\u00fcttel, miasto Lessing\u00f3w. Na starym mie\u015bcie znajduje si\u0119 ponad 1000 dom\u00f3w z muru pruskiego. Wolfenb\u00fcttel jest znane na ca\u0142ym \u015bwiecie jako ojczyzna &quot;J\u00e4germeister&quot;.\" \/>\n<meta property=\"og:url\" content=\"https:\/\/9staedte.de\/pl\/wolfenbuttel-miasto-lessingow\/\" \/>\n<meta property=\"og:site_name\" content=\"9 St\u00e4dte in Niedersachsen\" \/>\n<meta property=\"article:modified_time\" content=\"2024-03-25T15:24:26+00:00\" \/>\n<meta property=\"og:image\" content=\"https:\/\/9staedte.de\/wp-content\/uploads\/2024\/03\/Wolfenbuettel-Krambuden-Wasser-cStadt-Woflenbuette-Christian-Bierwagen.jpg\" \/>\n\t<meta property=\"og:image:width\" content=\"1019\" \/>\n\t<meta property=\"og:image:height\" content=\"561\" \/>\n\t<meta property=\"og:image:type\" content=\"image\/jpeg\" \/>\n<meta name=\"twitter:card\" content=\"summary_large_image\" \/>\n<meta name=\"twitter:label1\" content=\"Szacowany czas czytania\" \/>\n\t<meta name=\"twitter:data1\" content=\"1 minuta\" \/>\n<script type=\"application\/ld+json\" class=\"yoast-schema-graph\">{\"@context\":\"https:\\\/\\\/schema.org\",\"@graph\":[{\"@type\":\"WebPage\",\"@id\":\"https:\\\/\\\/9staedte.de\\\/pl\\\/wolfenbuttel-miasto-lessingow\\\/\",\"url\":\"https:\\\/\\\/9staedte.de\\\/pl\\\/wolfenbuttel-miasto-lessingow\\\/\",\"name\":\"Wolfenb\u00fcttel - miasto Lessing\u00f3w - 9 St\u00e4dte in Niedersachsen\",\"isPartOf\":{\"@id\":\"https:\\\/\\\/9staedte.de\\\/pl\\\/#website\"},\"primaryImageOfPage\":{\"@id\":\"https:\\\/\\\/9staedte.de\\\/pl\\\/wolfenbuttel-miasto-lessingow\\\/#primaryimage\"},\"image\":{\"@id\":\"https:\\\/\\\/9staedte.de\\\/pl\\\/wolfenbuttel-miasto-lessingow\\\/#primaryimage\"},\"thumbnailUrl\":\"https:\\\/\\\/9staedte.de\\\/wp-content\\\/uploads\\\/2023\\\/07\\\/Wolfenbuettel-Residenzschloss-c-Stadt-Wolfenbuettel-Christian-Bierwagen-scaled.jpg\",\"datePublished\":\"2023-11-02T08:52:51+00:00\",\"dateModified\":\"2024-03-25T15:24:26+00:00\",\"description\":\"Wolfenb\u00fcttel, miasto Lessing\u00f3w. Na starym mie\u015bcie znajduje si\u0119 ponad 1000 dom\u00f3w z muru pruskiego. Wolfenb\u00fcttel jest znane na ca\u0142ym \u015bwiecie jako ojczyzna \\\"J\u00e4germeister\\\".\",\"breadcrumb\":{\"@id\":\"https:\\\/\\\/9staedte.de\\\/pl\\\/wolfenbuttel-miasto-lessingow\\\/#breadcrumb\"},\"inLanguage\":\"pl-PL\",\"potentialAction\":[{\"@type\":\"ReadAction\",\"target\":[\"https:\\\/\\\/9staedte.de\\\/pl\\\/wolfenbuttel-miasto-lessingow\\\/\"]}]},{\"@type\":\"ImageObject\",\"inLanguage\":\"pl-PL\",\"@id\":\"https:\\\/\\\/9staedte.de\\\/pl\\\/wolfenbuttel-miasto-lessingow\\\/#primaryimage\",\"url\":\"https:\\\/\\\/9staedte.de\\\/wp-content\\\/uploads\\\/2023\\\/07\\\/Wolfenbuettel-Residenzschloss-c-Stadt-Wolfenbuettel-Christian-Bierwagen-scaled.jpg\",\"contentUrl\":\"https:\\\/\\\/9staedte.de\\\/wp-content\\\/uploads\\\/2023\\\/07\\\/Wolfenbuettel-Residenzschloss-c-Stadt-Wolfenbuettel-Christian-Bierwagen-scaled.jpg\",\"width\":2560,\"height\":1707,\"caption\":\"Wolfenb\u00fcttel Residenzschloss c) Stadt Wolfenb\u00fcttel Christian Bierwagen\"},{\"@type\":\"BreadcrumbList\",\"@id\":\"https:\\\/\\\/9staedte.de\\\/pl\\\/wolfenbuttel-miasto-lessingow\\\/#breadcrumb\",\"itemListElement\":[{\"@type\":\"ListItem\",\"position\":1,\"name\":\"Startseite\",\"item\":\"https:\\\/\\\/9staedte.de\\\/pl\\\/\"},{\"@type\":\"ListItem\",\"position\":2,\"name\":\"Wolfenb\u00fcttel &#8211; miasto Lessing\u00f3w\"}]},{\"@type\":\"WebSite\",\"@id\":\"https:\\\/\\\/9staedte.de\\\/pl\\\/#website\",\"url\":\"https:\\\/\\\/9staedte.de\\\/pl\\\/\",\"name\":\"9 St\u00e4dte in Niedersachsen\",\"description\":\"\",\"publisher\":{\"@id\":\"https:\\\/\\\/9staedte.de\\\/pl\\\/#organization\"},\"potentialAction\":[{\"@type\":\"SearchAction\",\"target\":{\"@type\":\"EntryPoint\",\"urlTemplate\":\"https:\\\/\\\/9staedte.de\\\/pl\\\/?s={search_term_string}\"},\"query-input\":{\"@type\":\"PropertyValueSpecification\",\"valueRequired\":true,\"valueName\":\"search_term_string\"}}],\"inLanguage\":\"pl-PL\"},{\"@type\":\"Organization\",\"@id\":\"https:\\\/\\\/9staedte.de\\\/pl\\\/#organization\",\"name\":\"9 St\u00e4dte in Niedersachsen\",\"url\":\"https:\\\/\\\/9staedte.de\\\/pl\\\/\",\"logo\":{\"@type\":\"ImageObject\",\"inLanguage\":\"pl-PL\",\"@id\":\"https:\\\/\\\/9staedte.de\\\/pl\\\/#\\\/schema\\\/logo\\\/image\\\/\",\"url\":\"https:\\\/\\\/9staedte.de\\\/wp-content\\\/uploads\\\/2025\\\/01\\\/9-neg-deutsch-2-1.png\",\"contentUrl\":\"https:\\\/\\\/9staedte.de\\\/wp-content\\\/uploads\\\/2025\\\/01\\\/9-neg-deutsch-2-1.png\",\"width\":190,\"height\":114,\"caption\":\"9 St\u00e4dte in Niedersachsen\"},\"image\":{\"@id\":\"https:\\\/\\\/9staedte.de\\\/pl\\\/#\\\/schema\\\/logo\\\/image\\\/\"}}]}<\/script>\n<!-- \/ Yoast SEO plugin. -->","yoast_head_json":{"title":"Wolfenb\u00fcttel - miasto Lessing\u00f3w - 9 St\u00e4dte in Niedersachsen","description":"Wolfenb\u00fcttel, miasto Lessing\u00f3w. Na starym mie\u015bcie znajduje si\u0119 ponad 1000 dom\u00f3w z muru pruskiego. Wolfenb\u00fcttel jest znane na ca\u0142ym \u015bwiecie jako ojczyzna \"J\u00e4germeister\".","robots":{"index":"index","follow":"follow","max-snippet":"max-snippet:-1","max-image-preview":"max-image-preview:large","max-video-preview":"max-video-preview:-1"},"canonical":"https:\/\/9staedte.de\/pl\/wolfenbuttel-miasto-lessingow\/","og_locale":"pl_PL","og_type":"article","og_title":"Wolfenb\u00fcttel - miasto Lessing\u00f3w - 9 St\u00e4dte in Niedersachsen","og_description":"Wolfenb\u00fcttel, miasto Lessing\u00f3w. Na starym mie\u015bcie znajduje si\u0119 ponad 1000 dom\u00f3w z muru pruskiego. Wolfenb\u00fcttel jest znane na ca\u0142ym \u015bwiecie jako ojczyzna \"J\u00e4germeister\".","og_url":"https:\/\/9staedte.de\/pl\/wolfenbuttel-miasto-lessingow\/","og_site_name":"9 St\u00e4dte in Niedersachsen","article_modified_time":"2024-03-25T15:24:26+00:00","og_image":[{"width":1019,"height":561,"url":"https:\/\/9staedte.de\/wp-content\/uploads\/2024\/03\/Wolfenbuettel-Krambuden-Wasser-cStadt-Woflenbuette-Christian-Bierwagen.jpg","type":"image\/jpeg"}],"twitter_card":"summary_large_image","twitter_misc":{"Szacowany czas czytania":"1 minuta"},"schema":{"@context":"https:\/\/schema.org","@graph":[{"@type":"WebPage","@id":"https:\/\/9staedte.de\/pl\/wolfenbuttel-miasto-lessingow\/","url":"https:\/\/9staedte.de\/pl\/wolfenbuttel-miasto-lessingow\/","name":"Wolfenb\u00fcttel - miasto Lessing\u00f3w - 9 St\u00e4dte in Niedersachsen","isPartOf":{"@id":"https:\/\/9staedte.de\/pl\/#website"},"primaryImageOfPage":{"@id":"https:\/\/9staedte.de\/pl\/wolfenbuttel-miasto-lessingow\/#primaryimage"},"image":{"@id":"https:\/\/9staedte.de\/pl\/wolfenbuttel-miasto-lessingow\/#primaryimage"},"thumbnailUrl":"https:\/\/9staedte.de\/wp-content\/uploads\/2023\/07\/Wolfenbuettel-Residenzschloss-c-Stadt-Wolfenbuettel-Christian-Bierwagen-scaled.jpg","datePublished":"2023-11-02T08:52:51+00:00","dateModified":"2024-03-25T15:24:26+00:00","description":"Wolfenb\u00fcttel, miasto Lessing\u00f3w. Na starym mie\u015bcie znajduje si\u0119 ponad 1000 dom\u00f3w z muru pruskiego. Wolfenb\u00fcttel jest znane na ca\u0142ym \u015bwiecie jako ojczyzna \"J\u00e4germeister\".","breadcrumb":{"@id":"https:\/\/9staedte.de\/pl\/wolfenbuttel-miasto-lessingow\/#breadcrumb"},"inLanguage":"pl-PL","potentialAction":[{"@type":"ReadAction","target":["https:\/\/9staedte.de\/pl\/wolfenbuttel-miasto-lessingow\/"]}]},{"@type":"ImageObject","inLanguage":"pl-PL","@id":"https:\/\/9staedte.de\/pl\/wolfenbuttel-miasto-lessingow\/#primaryimage","url":"https:\/\/9staedte.de\/wp-content\/uploads\/2023\/07\/Wolfenbuettel-Residenzschloss-c-Stadt-Wolfenbuettel-Christian-Bierwagen-scaled.jpg","contentUrl":"https:\/\/9staedte.de\/wp-content\/uploads\/2023\/07\/Wolfenbuettel-Residenzschloss-c-Stadt-Wolfenbuettel-Christian-Bierwagen-scaled.jpg","width":2560,"height":1707,"caption":"Wolfenb\u00fcttel Residenzschloss c) Stadt Wolfenb\u00fcttel Christian Bierwagen"},{"@type":"BreadcrumbList","@id":"https:\/\/9staedte.de\/pl\/wolfenbuttel-miasto-lessingow\/#breadcrumb","itemListElement":[{"@type":"ListItem","position":1,"name":"Startseite","item":"https:\/\/9staedte.de\/pl\/"},{"@type":"ListItem","position":2,"name":"Wolfenb\u00fcttel &#8211; miasto Lessing\u00f3w"}]},{"@type":"WebSite","@id":"https:\/\/9staedte.de\/pl\/#website","url":"https:\/\/9staedte.de\/pl\/","name":"9 St\u00e4dte in Niedersachsen","description":"","publisher":{"@id":"https:\/\/9staedte.de\/pl\/#organization"},"potentialAction":[{"@type":"SearchAction","target":{"@type":"EntryPoint","urlTemplate":"https:\/\/9staedte.de\/pl\/?s={search_term_string}"},"query-input":{"@type":"PropertyValueSpecification","valueRequired":true,"valueName":"search_term_string"}}],"inLanguage":"pl-PL"},{"@type":"Organization","@id":"https:\/\/9staedte.de\/pl\/#organization","name":"9 St\u00e4dte in Niedersachsen","url":"https:\/\/9staedte.de\/pl\/","logo":{"@type":"ImageObject","inLanguage":"pl-PL","@id":"https:\/\/9staedte.de\/pl\/#\/schema\/logo\/image\/","url":"https:\/\/9staedte.de\/wp-content\/uploads\/2025\/01\/9-neg-deutsch-2-1.png","contentUrl":"https:\/\/9staedte.de\/wp-content\/uploads\/2025\/01\/9-neg-deutsch-2-1.png","width":190,"height":114,"caption":"9 St\u00e4dte in Niedersachsen"},"image":{"@id":"https:\/\/9staedte.de\/pl\/#\/schema\/logo\/image\/"}}]}},"_links":{"self":[{"href":"https:\/\/9staedte.de\/pl\/wp-json\/wp\/v2\/pages\/17991","targetHints":{"allow":["GET"]}}],"collection":[{"href":"https:\/\/9staedte.de\/pl\/wp-json\/wp\/v2\/pages"}],"about":[{"href":"https:\/\/9staedte.de\/pl\/wp-json\/wp\/v2\/types\/page"}],"author":[{"embeddable":true,"href":"https:\/\/9staedte.de\/pl\/wp-json\/wp\/v2\/users\/1"}],"replies":[{"embeddable":true,"href":"https:\/\/9staedte.de\/pl\/wp-json\/wp\/v2\/comments?post=17991"}],"version-history":[{"count":2,"href":"https:\/\/9staedte.de\/pl\/wp-json\/wp\/v2\/pages\/17991\/revisions"}],"predecessor-version":[{"id":21677,"href":"https:\/\/9staedte.de\/pl\/wp-json\/wp\/v2\/pages\/17991\/revisions\/21677"}],"wp:featuredmedia":[{"embeddable":true,"href":"https:\/\/9staedte.de\/pl\/wp-json\/wp\/v2\/media\/19539"}],"wp:attachment":[{"href":"https:\/\/9staedte.de\/pl\/wp-json\/wp\/v2\/media?parent=17991"}],"wp:term":[{"taxonomy":"category","embeddable":true,"href":"https:\/\/9staedte.de\/pl\/wp-json\/wp\/v2\/categories?post=17991"},{"taxonomy":"post_tag","embeddable":true,"href":"https:\/\/9staedte.de\/pl\/wp-json\/wp\/v2\/tags?post=17991"},{"taxonomy":"ncap_cities_tax","embeddable":true,"href":"https:\/\/9staedte.de\/pl\/wp-json\/wp\/v2\/ncap_cities_tax?post=17991"}],"curies":[{"name":"wp","href":"https:\/\/api.w.org\/{rel}","templated":true}]}}