{"id":17964,"date":"2023-11-02T09:52:49","date_gmt":"2023-11-02T08:52:49","guid":{"rendered":"https:\/\/9staedte.de\/kontakt-i-planowanie-podrozy\/"},"modified":"2023-11-02T09:52:49","modified_gmt":"2023-11-02T08:52:49","slug":"kontakt-i-planowanie-podrozy","status":"publish","type":"page","link":"https:\/\/9staedte.de\/pl\/kontakt-i-planowanie-podrozy\/","title":{"rendered":"Kontakt i planowanie podr\u00f3\u017cy"},"content":{"rendered":"\n<h3 class=\"wp-block-heading\">Mo\u017cna nas znale\u017a\u0107 tutaj:  <\/h3>\n\n\n\n<p>Braunschweig, Celle, Einbeck, G\u00f6ttingen, Goslar, Hameln, Hanower, Hildesheim, Wolfenb\u00fcttel  <br>+ Autostadt w Wolfsburgu, lotnisko w Hanowerze<\/p>\n\n\n\n<h4 class=\"wp-block-heading\">9 miast + 2 &#8211; jeden kontakt!<\/h4>\n\n\n\n<p>Informacje o wszystkich 9 miastach i Autostadt w Wolfsburgu s\u0105 dost\u0119pne pod wsp\u00f3lnym adresem.<\/p>\n\n\n\n<p>9 miast + 2 w Dolnej Saksonii<br>Hanover Marketing &amp; Tourism GmbH<br>Vahrenwalder Strasse 7<br>D-30165 Hanower<\/p>\n\n\n\n<p>Tel.: +49 (0) 511\/168-49746<br>Faks: +49 (0) 511\/168-49779<br>E-mail: 9cities@hannover-tourismus.de<\/p>\n\n\n\n<p><strong>Podej\u015bcie<\/strong><\/p>\n\n\n\n <div class=\"brlbs-cmpnt-container brlbs-cmpnt-content-blocker brlbs-cmpnt-with-individual-styles\" data-borlabs-cookie-content-blocker-id=\"google-maps\" data-borlabs-cookie-content=\"PGlmcmFtZSBzcmM9Imh0dHBzOi8vd3d3Lmdvb2dsZS5jb20vbWFwcy9kL2VtYmVkP21pZD0xNjV0ZktCb2gySVFSR1JXLWVQQ01RX19uUWVsX09sZyZhbXA7ZWhiYz0yRTMxMkYiIHdpZHRoPSI2NDAiIGhlaWdodD0iNDgwIj48L2lmcmFtZT4=\"><div class=\"brlbs-cmpnt-cb-preset-b brlbs-cmpnt-cb-google-maps\"> <div class=\"brlbs-cmpnt-cb-thumbnail\" style=\"background-image: url('https:\/\/9staedte.de\/wp-content\/uploads\/borlabs-cookie\/1\/brlbs-cb-google-maps-main.png')\"><\/div> <div class=\"brlbs-cmpnt-cb-main\"> <div class=\"brlbs-cmpnt-cb-content\"> <p class=\"brlbs-cmpnt-cb-description\">Aktualnie wy\u015bwietlana jest tre\u015b\u0107 zast\u0119pcza z <strong>Google Maps<\/strong>. Aby uzyska\u0107 dost\u0119p do rzeczywistej tre\u015bci, kliknij poni\u017cszy przycisk. Pami\u0119taj, \u017ce spowoduje to udost\u0119pnienie danych zewn\u0119trznym operatorom.<\/p> <a class=\"brlbs-cmpnt-cb-provider-toggle\" href=\"#\" data-borlabs-cookie-show-provider-information role=\"button\">Wi\u0119cej informacji<\/a> <\/div> <div class=\"brlbs-cmpnt-cb-buttons\"> <a class=\"brlbs-cmpnt-cb-btn\" href=\"#\" data-borlabs-cookie-unblock role=\"button\">Odblokuj tre\u015b\u0107<\/a> <a class=\"brlbs-cmpnt-cb-btn\" href=\"#\" data-borlabs-cookie-accept-service role=\"button\" style=\"display: inherit\">Zaakceptuj wymagan\u0105 us\u0142ug\u0119 i odblokuj tre\u015b\u0107<\/a> <\/div> <\/div> <\/div><\/div>\n","protected":false},"excerpt":{"rendered":"<p>Mo\u017cna nas znale\u017a\u0107 tutaj: Braunschweig, Celle, Einbeck, G\u00f6ttingen, Goslar, Hameln, Hanower, Hildesheim, Wolfenb\u00fcttel + Autostadt w Wolfsburgu, lotnisko w Hanowerze 9 miast + 2 &#8211; jeden kontakt! Informacje o wszystkich 9 miastach i Autostadt w Wolfsburgu s\u0105 dost\u0119pne pod wsp\u00f3lnym adresem. 9 miast + 2 w Dolnej SaksoniiHanover Marketing &amp; Tourism GmbHVahrenwalder Strasse 7D-30165 Hanower [&hellip;]<\/p>\n","protected":false},"author":1,"featured_media":17061,"parent":0,"menu_order":0,"comment_status":"closed","ping_status":"closed","template":"","meta":{"_acf_changed":false,"footnotes":""},"categories":[],"tags":[],"ncap_cities_tax":[],"class_list":["post-17964","page","type-page","status-publish","has-post-thumbnail","hentry"],"acf":[],"yoast_head":"<!-- This site is optimized with the Yoast SEO plugin v26.8 - https:\/\/yoast.com\/product\/yoast-seo-wordpress\/ -->\n<title>Kontakt i planowanie podr\u00f3\u017cy - 9 St\u00e4dte in Niedersachsen<\/title>\n<meta name=\"robots\" content=\"index, follow, max-snippet:-1, max-image-preview:large, max-video-preview:-1\" \/>\n<link rel=\"canonical\" href=\"https:\/\/9staedte.de\/pl\/kontakt-i-planowanie-podrozy\/\" \/>\n<meta property=\"og:locale\" content=\"pl_PL\" \/>\n<meta property=\"og:type\" content=\"article\" \/>\n<meta property=\"og:title\" content=\"Kontakt i planowanie podr\u00f3\u017cy - 9 St\u00e4dte in Niedersachsen\" \/>\n<meta property=\"og:description\" content=\"Mo\u017cna nas znale\u017a\u0107 tutaj: Braunschweig, Celle, Einbeck, G\u00f6ttingen, Goslar, Hameln, Hanower, Hildesheim, Wolfenb\u00fcttel + Autostadt w Wolfsburgu, lotnisko w Hanowerze 9 miast + 2 &#8211; jeden kontakt! Informacje o wszystkich 9 miastach i Autostadt w Wolfsburgu s\u0105 dost\u0119pne pod wsp\u00f3lnym adresem. 9 miast + 2 w Dolnej SaksoniiHanover Marketing &amp; Tourism GmbHVahrenwalder Strasse 7D-30165 Hanower [&hellip;]\" \/>\n<meta property=\"og:url\" content=\"https:\/\/9staedte.de\/pl\/kontakt-i-planowanie-podrozy\/\" \/>\n<meta property=\"og:site_name\" content=\"9 St\u00e4dte in Niedersachsen\" \/>\n<meta property=\"og:image\" content=\"https:\/\/9staedte.de\/wp-content\/uploads\/2023\/06\/\u00a9-Hildesheim-Marketing-GmbH-Foto-Dagmar-Schwelle-3.jpg\" \/>\n\t<meta property=\"og:image:width\" content=\"1020\" \/>\n\t<meta property=\"og:image:height\" content=\"560\" \/>\n\t<meta property=\"og:image:type\" content=\"image\/jpeg\" \/>\n<meta name=\"twitter:card\" content=\"summary_large_image\" \/>\n<script type=\"application\/ld+json\" class=\"yoast-schema-graph\">{\"@context\":\"https:\/\/schema.org\",\"@graph\":[{\"@type\":\"WebPage\",\"@id\":\"https:\/\/9staedte.de\/pl\/kontakt-i-planowanie-podrozy\/\",\"url\":\"https:\/\/9staedte.de\/pl\/kontakt-i-planowanie-podrozy\/\",\"name\":\"Kontakt i planowanie podr\u00f3\u017cy - 9 St\u00e4dte in Niedersachsen\",\"isPartOf\":{\"@id\":\"https:\/\/9staedte.de\/pl\/#website\"},\"primaryImageOfPage\":{\"@id\":\"https:\/\/9staedte.de\/pl\/kontakt-i-planowanie-podrozy\/#primaryimage\"},\"image\":{\"@id\":\"https:\/\/9staedte.de\/pl\/kontakt-i-planowanie-podrozy\/#primaryimage\"},\"thumbnailUrl\":\"https:\/\/9staedte.de\/wp-content\/uploads\/2023\/06\/\u00a9-Hildesheim-Marketing-GmbH-Foto-Dagmar-Schwelle-3.jpg\",\"datePublished\":\"2023-11-02T08:52:49+00:00\",\"breadcrumb\":{\"@id\":\"https:\/\/9staedte.de\/pl\/kontakt-i-planowanie-podrozy\/#breadcrumb\"},\"inLanguage\":\"pl-PL\",\"potentialAction\":[{\"@type\":\"ReadAction\",\"target\":[\"https:\/\/9staedte.de\/pl\/kontakt-i-planowanie-podrozy\/\"]}]},{\"@type\":\"ImageObject\",\"inLanguage\":\"pl-PL\",\"@id\":\"https:\/\/9staedte.de\/pl\/kontakt-i-planowanie-podrozy\/#primaryimage\",\"url\":\"https:\/\/9staedte.de\/wp-content\/uploads\/2023\/06\/\u00a9-Hildesheim-Marketing-GmbH-Foto-Dagmar-Schwelle-3.jpg\",\"contentUrl\":\"https:\/\/9staedte.de\/wp-content\/uploads\/2023\/06\/\u00a9-Hildesheim-Marketing-GmbH-Foto-Dagmar-Schwelle-3.jpg\",\"width\":1020,\"height\":560,\"caption\":\"Hildesheim Marktplatz c) Hildesheim Marketing Dagmar Schwelle\"},{\"@type\":\"BreadcrumbList\",\"@id\":\"https:\/\/9staedte.de\/pl\/kontakt-i-planowanie-podrozy\/#breadcrumb\",\"itemListElement\":[{\"@type\":\"ListItem\",\"position\":1,\"name\":\"Startseite\",\"item\":\"https:\/\/9staedte.de\/pl\/\"},{\"@type\":\"ListItem\",\"position\":2,\"name\":\"Kontakt i planowanie podr\u00f3\u017cy\"}]},{\"@type\":\"WebSite\",\"@id\":\"https:\/\/9staedte.de\/pl\/#website\",\"url\":\"https:\/\/9staedte.de\/pl\/\",\"name\":\"9 St\u00e4dte in Niedersachsen\",\"description\":\"\",\"publisher\":{\"@id\":\"https:\/\/9staedte.de\/pl\/#organization\"},\"potentialAction\":[{\"@type\":\"SearchAction\",\"target\":{\"@type\":\"EntryPoint\",\"urlTemplate\":\"https:\/\/9staedte.de\/pl\/?s={search_term_string}\"},\"query-input\":{\"@type\":\"PropertyValueSpecification\",\"valueRequired\":true,\"valueName\":\"search_term_string\"}}],\"inLanguage\":\"pl-PL\"},{\"@type\":\"Organization\",\"@id\":\"https:\/\/9staedte.de\/pl\/#organization\",\"name\":\"9 St\u00e4dte in Niedersachsen\",\"url\":\"https:\/\/9staedte.de\/pl\/\",\"logo\":{\"@type\":\"ImageObject\",\"inLanguage\":\"pl-PL\",\"@id\":\"https:\/\/9staedte.de\/pl\/#\/schema\/logo\/image\/\",\"url\":\"https:\/\/9staedte.de\/wp-content\/uploads\/2025\/01\/9-neg-deutsch-2-1.png\",\"contentUrl\":\"https:\/\/9staedte.de\/wp-content\/uploads\/2025\/01\/9-neg-deutsch-2-1.png\",\"width\":190,\"height\":114,\"caption\":\"9 St\u00e4dte in Niedersachsen\"},\"image\":{\"@id\":\"https:\/\/9staedte.de\/pl\/#\/schema\/logo\/image\/\"}}]}<\/script>\n<!-- \/ Yoast SEO plugin. -->","yoast_head_json":{"title":"Kontakt i planowanie podr\u00f3\u017cy - 9 St\u00e4dte in Niedersachsen","robots":{"index":"index","follow":"follow","max-snippet":"max-snippet:-1","max-image-preview":"max-image-preview:large","max-video-preview":"max-video-preview:-1"},"canonical":"https:\/\/9staedte.de\/pl\/kontakt-i-planowanie-podrozy\/","og_locale":"pl_PL","og_type":"article","og_title":"Kontakt i planowanie podr\u00f3\u017cy - 9 St\u00e4dte in Niedersachsen","og_description":"Mo\u017cna nas znale\u017a\u0107 tutaj: Braunschweig, Celle, Einbeck, G\u00f6ttingen, Goslar, Hameln, Hanower, Hildesheim, Wolfenb\u00fcttel + Autostadt w Wolfsburgu, lotnisko w Hanowerze 9 miast + 2 &#8211; jeden kontakt! Informacje o wszystkich 9 miastach i Autostadt w Wolfsburgu s\u0105 dost\u0119pne pod wsp\u00f3lnym adresem. 9 miast + 2 w Dolnej SaksoniiHanover Marketing &amp; Tourism GmbHVahrenwalder Strasse 7D-30165 Hanower [&hellip;]","og_url":"https:\/\/9staedte.de\/pl\/kontakt-i-planowanie-podrozy\/","og_site_name":"9 St\u00e4dte in Niedersachsen","og_image":[{"width":1020,"height":560,"url":"https:\/\/9staedte.de\/wp-content\/uploads\/2023\/06\/\u00a9-Hildesheim-Marketing-GmbH-Foto-Dagmar-Schwelle-3.jpg","type":"image\/jpeg"}],"twitter_card":"summary_large_image","schema":{"@context":"https:\/\/schema.org","@graph":[{"@type":"WebPage","@id":"https:\/\/9staedte.de\/pl\/kontakt-i-planowanie-podrozy\/","url":"https:\/\/9staedte.de\/pl\/kontakt-i-planowanie-podrozy\/","name":"Kontakt i planowanie podr\u00f3\u017cy - 9 St\u00e4dte in Niedersachsen","isPartOf":{"@id":"https:\/\/9staedte.de\/pl\/#website"},"primaryImageOfPage":{"@id":"https:\/\/9staedte.de\/pl\/kontakt-i-planowanie-podrozy\/#primaryimage"},"image":{"@id":"https:\/\/9staedte.de\/pl\/kontakt-i-planowanie-podrozy\/#primaryimage"},"thumbnailUrl":"https:\/\/9staedte.de\/wp-content\/uploads\/2023\/06\/\u00a9-Hildesheim-Marketing-GmbH-Foto-Dagmar-Schwelle-3.jpg","datePublished":"2023-11-02T08:52:49+00:00","breadcrumb":{"@id":"https:\/\/9staedte.de\/pl\/kontakt-i-planowanie-podrozy\/#breadcrumb"},"inLanguage":"pl-PL","potentialAction":[{"@type":"ReadAction","target":["https:\/\/9staedte.de\/pl\/kontakt-i-planowanie-podrozy\/"]}]},{"@type":"ImageObject","inLanguage":"pl-PL","@id":"https:\/\/9staedte.de\/pl\/kontakt-i-planowanie-podrozy\/#primaryimage","url":"https:\/\/9staedte.de\/wp-content\/uploads\/2023\/06\/\u00a9-Hildesheim-Marketing-GmbH-Foto-Dagmar-Schwelle-3.jpg","contentUrl":"https:\/\/9staedte.de\/wp-content\/uploads\/2023\/06\/\u00a9-Hildesheim-Marketing-GmbH-Foto-Dagmar-Schwelle-3.jpg","width":1020,"height":560,"caption":"Hildesheim Marktplatz c) Hildesheim Marketing Dagmar Schwelle"},{"@type":"BreadcrumbList","@id":"https:\/\/9staedte.de\/pl\/kontakt-i-planowanie-podrozy\/#breadcrumb","itemListElement":[{"@type":"ListItem","position":1,"name":"Startseite","item":"https:\/\/9staedte.de\/pl\/"},{"@type":"ListItem","position":2,"name":"Kontakt i planowanie podr\u00f3\u017cy"}]},{"@type":"WebSite","@id":"https:\/\/9staedte.de\/pl\/#website","url":"https:\/\/9staedte.de\/pl\/","name":"9 St\u00e4dte in Niedersachsen","description":"","publisher":{"@id":"https:\/\/9staedte.de\/pl\/#organization"},"potentialAction":[{"@type":"SearchAction","target":{"@type":"EntryPoint","urlTemplate":"https:\/\/9staedte.de\/pl\/?s={search_term_string}"},"query-input":{"@type":"PropertyValueSpecification","valueRequired":true,"valueName":"search_term_string"}}],"inLanguage":"pl-PL"},{"@type":"Organization","@id":"https:\/\/9staedte.de\/pl\/#organization","name":"9 St\u00e4dte in Niedersachsen","url":"https:\/\/9staedte.de\/pl\/","logo":{"@type":"ImageObject","inLanguage":"pl-PL","@id":"https:\/\/9staedte.de\/pl\/#\/schema\/logo\/image\/","url":"https:\/\/9staedte.de\/wp-content\/uploads\/2025\/01\/9-neg-deutsch-2-1.png","contentUrl":"https:\/\/9staedte.de\/wp-content\/uploads\/2025\/01\/9-neg-deutsch-2-1.png","width":190,"height":114,"caption":"9 St\u00e4dte in Niedersachsen"},"image":{"@id":"https:\/\/9staedte.de\/pl\/#\/schema\/logo\/image\/"}}]}},"_links":{"self":[{"href":"https:\/\/9staedte.de\/pl\/wp-json\/wp\/v2\/pages\/17964","targetHints":{"allow":["GET"]}}],"collection":[{"href":"https:\/\/9staedte.de\/pl\/wp-json\/wp\/v2\/pages"}],"about":[{"href":"https:\/\/9staedte.de\/pl\/wp-json\/wp\/v2\/types\/page"}],"author":[{"embeddable":true,"href":"https:\/\/9staedte.de\/pl\/wp-json\/wp\/v2\/users\/1"}],"replies":[{"embeddable":true,"href":"https:\/\/9staedte.de\/pl\/wp-json\/wp\/v2\/comments?post=17964"}],"version-history":[{"count":0,"href":"https:\/\/9staedte.de\/pl\/wp-json\/wp\/v2\/pages\/17964\/revisions"}],"wp:featuredmedia":[{"embeddable":true,"href":"https:\/\/9staedte.de\/pl\/wp-json\/wp\/v2\/media\/17061"}],"wp:attachment":[{"href":"https:\/\/9staedte.de\/pl\/wp-json\/wp\/v2\/media?parent=17964"}],"wp:term":[{"taxonomy":"category","embeddable":true,"href":"https:\/\/9staedte.de\/pl\/wp-json\/wp\/v2\/categories?post=17964"},{"taxonomy":"post_tag","embeddable":true,"href":"https:\/\/9staedte.de\/pl\/wp-json\/wp\/v2\/tags?post=17964"},{"taxonomy":"ncap_cities_tax","embeddable":true,"href":"https:\/\/9staedte.de\/pl\/wp-json\/wp\/v2\/ncap_cities_tax?post=17964"}],"curies":[{"name":"wp","href":"https:\/\/api.w.org\/{rel}","templated":true}]}}